{"id":3476,"date":"2021-05-07T07:37:58","date_gmt":"2021-05-07T07:37:58","guid":{"rendered":"http:\/\/www.kdriu.hu\/?page_id=3476"},"modified":"2021-10-27T12:18:04","modified_gmt":"2021-10-27T12:18:04","slug":"cre-hub","status":"publish","type":"page","link":"http:\/\/www.kdriu.hu\/en\/cre-hub\/","title":{"rendered":"CRE:HUB"},"content":{"rendered":"<div data-elementor-type=\"wp-page\" data-elementor-id=\"3476\" class=\"elementor elementor-3476\" data-elementor-post-type=\"page\">\n\t\t\t\t\t\t<section class=\"elementor-section elementor-top-section elementor-element elementor-element-e0d7ca0 elementor-section-stretched elementor-section-height-min-height elementor-section-boxed elementor-section-height-default elementor-section-items-middle elementor-invisible\" data-id=\"e0d7ca0\" data-element_type=\"section\" data-e-type=\"section\" data-settings=\"{&quot;background_background&quot;:&quot;classic&quot;,&quot;stretch_section&quot;:&quot;section-stretched&quot;,&quot;animation&quot;:&quot;fadeIn&quot;}\">\n\t\t\t\t\t\t\t<div class=\"elementor-background-overlay\"><\/div>\n\t\t\t\t\t\t\t<div class=\"elementor-container elementor-column-gap-no\">\n\t\t\t\t\t<div class=\"elementor-column elementor-col-100 elementor-top-column elementor-element elementor-element-f46048b\" data-id=\"f46048b\" data-element_type=\"column\" data-e-type=\"column\">\n\t\t\t<div class=\"elementor-widget-wrap elementor-element-populated\">\n\t\t\t\t\t\t<div class=\"elementor-element elementor-element-f99f5fd elementor-widget elementor-widget-spacer\" data-id=\"f99f5fd\" data-element_type=\"widget\" data-e-type=\"widget\" data-widget_type=\"spacer.default\">\n\t\t\t\t<div class=\"elementor-widget-container\">\n\t\t\t\t\t\t\t<div class=\"elementor-spacer\">\n\t\t\t<div class=\"elementor-spacer-inner\"><\/div>\n\t\t<\/div>\n\t\t\t\t\t\t<\/div>\n\t\t\t\t<\/div>\n\t\t\t\t<div class=\"elementor-element elementor-element-5ca434a elementor-widget elementor-widget-heading\" data-id=\"5ca434a\" data-element_type=\"widget\" data-e-type=\"widget\" data-widget_type=\"heading.default\">\n\t\t\t\t<div class=\"elementor-widget-container\">\n\t\t\t\t\t<h1 class=\"elementor-heading-title elementor-size-default\">CRE:HUB<\/h1>\t\t\t\t<\/div>\n\t\t\t\t<\/div>\n\t\t\t\t\t<\/div>\n\t\t<\/div>\n\t\t\t\t\t<\/div>\n\t\t<\/section>\n\t\t\t\t<section class=\"elementor-section elementor-top-section elementor-element elementor-element-656bd38 elementor-section-stretched elementor-section-boxed elementor-section-height-default elementor-section-height-default\" data-id=\"656bd38\" data-element_type=\"section\" data-e-type=\"section\" data-settings=\"{&quot;stretch_section&quot;:&quot;section-stretched&quot;,&quot;background_background&quot;:&quot;classic&quot;}\">\n\t\t\t\t\t\t<div class=\"elementor-container elementor-column-gap-no\">\n\t\t\t\t\t<div class=\"elementor-column elementor-col-100 elementor-top-column elementor-element elementor-element-a95ff62\" data-id=\"a95ff62\" data-element_type=\"column\" data-e-type=\"column\">\n\t\t\t<div class=\"elementor-widget-wrap elementor-element-populated\">\n\t\t\t\t\t\t<section class=\"elementor-section elementor-inner-section elementor-element elementor-element-77d2cd7 elementor-section-boxed elementor-section-height-default elementor-section-height-default\" data-id=\"77d2cd7\" data-element_type=\"section\" data-e-type=\"section\">\n\t\t\t\t\t\t<div class=\"elementor-container elementor-column-gap-default\">\n\t\t\t\t\t<div class=\"elementor-column elementor-col-100 elementor-inner-column elementor-element elementor-element-aac302e\" data-id=\"aac302e\" data-element_type=\"column\" data-e-type=\"column\" data-settings=\"{&quot;background_background&quot;:&quot;classic&quot;}\">\n\t\t\t<div class=\"elementor-widget-wrap elementor-element-populated\">\n\t\t\t\t\t\t<div class=\"elementor-element elementor-element-2ef3409 elementor-widget elementor-widget-text-editor\" data-id=\"2ef3409\" data-element_type=\"widget\" data-e-type=\"widget\" data-widget_type=\"text-editor.default\">\n\t\t\t\t<div class=\"elementor-widget-container\">\n\t\t\t\t\t\t\t\t\t<p>A kreat\u00edv \u00e9s kultur\u00e1lis ipar \u2013 gondoljunk a k\u00f6nyvpiacra, a zen\u00e9re, az el\u0151ad\u00f3m\u0171v\u00e9szetre, a telev\u00edzi\u00f3ra, a filmre, a r\u00e1di\u00f3ra, a rekl\u00e1mra, a vizu\u00e1lis m\u0171v\u00e9szetekre vagy ak\u00e1r az \u00e9p\u00edt\u00e9szetre \u2013 Eur\u00f3pa egyik legmeghat\u00e1roz\u00f3bb \u00e9s legfelt\u00f6rekv\u0151bb \u00e1gazata. A szektor szerepl\u0151i jelent\u0151s fejl\u0151d\u00e9st mutatnak, ugyanakkor nagyok a region\u00e1lis k\u00fcl\u00f6nbs\u00e9gek e tekintetben Eur\u00f3pa egyes ter\u00fcletein. Az olasz, rom\u00e1n, magyar, lett, spanyol, szlov\u00e9n \u00e9s portug\u00e1l r\u00e9sztvev\u0151k \u00e1ltal koordin\u00e1lt projekt c\u00e9lja, hogy tapasztalatcser\u00e9re \u00e9p\u00edtve t\u00e1mogat\u00f3 eszk\u00f6z\u00f6ket dolgozzon ki a kultur\u00e1lis \u00e9s kreat\u00edv ipar fejleszt\u00e9s\u00e9re.<\/p><p>Mindezekb\u0151l kiindulva indult el a CRE:HUB (policies for cultural CREative industries: the HUB for innovative regional development; PGI01511) elnevez\u00e9s\u0171 Interreg Europe projekt 8 partner r\u00e9szv\u00e9tel\u00e9vel. Tov\u00e1bbi c\u00e9l az \u00e1gazat fejleszt\u00e9spolitikai hangs\u00faly\u00e1nak n\u00f6vel\u00e9se.<\/p>\t\t\t\t\t\t\t\t<\/div>\n\t\t\t\t<\/div>\n\t\t\t\t<div class=\"elementor-element elementor-element-09e485d elementor-widget elementor-widget-heading\" data-id=\"09e485d\" data-element_type=\"widget\" data-e-type=\"widget\" data-widget_type=\"heading.default\">\n\t\t\t\t<div class=\"elementor-widget-container\">\n\t\t\t\t\t<h4 class=\"elementor-heading-title elementor-size-default\">Vezet\u0151 partner:<\/h4>\t\t\t\t<\/div>\n\t\t\t\t<\/div>\n\t\t\t\t<div class=\"elementor-element elementor-element-6a75b09 elementor-widget elementor-widget-text-editor\" data-id=\"6a75b09\" data-element_type=\"widget\" data-e-type=\"widget\" data-widget_type=\"text-editor.default\">\n\t\t\t\t<div class=\"elementor-widget-container\">\n\t\t\t\t\t\t\t\t\t<ul><li>Basilicata Region (Olaszorsz\u00e1g)<\/li><\/ul>\t\t\t\t\t\t\t\t<\/div>\n\t\t\t\t<\/div>\n\t\t\t\t<div class=\"elementor-element elementor-element-da7f517 elementor-widget elementor-widget-heading\" data-id=\"da7f517\" data-element_type=\"widget\" data-e-type=\"widget\" data-widget_type=\"heading.default\">\n\t\t\t\t<div class=\"elementor-widget-container\">\n\t\t\t\t\t<h4 class=\"elementor-heading-title elementor-size-default\">R\u00e9sztvev\u0151 partnerek:<\/h4>\t\t\t\t<\/div>\n\t\t\t\t<\/div>\n\t\t\t\t<div class=\"elementor-element elementor-element-ce79d6f elementor-widget elementor-widget-text-editor\" data-id=\"ce79d6f\" data-element_type=\"widget\" data-e-type=\"widget\" data-widget_type=\"text-editor.default\">\n\t\t\t\t<div class=\"elementor-widget-container\">\n\t\t\t\t\t\t\t\t\t<ul><li>Autonomous Region Friuli Venezia Giulia (Olaszorsz\u00e1g)<\/li><li>Regional Development Agency Centru (Rom\u00e1nia)<\/li><li>K\u00f6z\u00e9p-dun\u00e1nt\u00fali Region\u00e1lis innov\u00e1ci\u00f3s \u00dcgyn\u00f6ks\u00e9g Nonprofit Kft. (Magyarorsz\u00e1g)<\/li><li>University of Latvia (Lettorsz\u00e1g)<\/li><li>Culture Tourism and Institutional relation department of the Government of Navarra (Spanyolorsz\u00e1g)<\/li><li>Regional Development Agency of the Ljubljana Urban Region (Szlov\u00e9nia)<\/li><li>Association for the Development of IST T\u00e9cnico Lisbon (Portug\u00e1lia)<\/li><\/ul>\t\t\t\t\t\t\t\t<\/div>\n\t\t\t\t<\/div>\n\t\t\t\t<div class=\"elementor-element elementor-element-f5bd986 elementor-widget elementor-widget-text-editor\" data-id=\"f5bd986\" data-element_type=\"widget\" data-e-type=\"widget\" data-widget_type=\"text-editor.default\">\n\t\t\t\t<div class=\"elementor-widget-container\">\n\t\t\t\t\t\t\t\t\t<p><strong>Magyarorsz\u00e1got a K\u00f6z\u00e9p-dun\u00e1nt\u00fali Region\u00e1lis Innov\u00e1ci\u00f3s \u00dcgyn\u00f6ks\u00e9g k\u00e9pviseli a projektben. A projekt f\u0151bb eddigi eredm\u00e9nyei az al\u00e1bbiak szerint foglalhat\u00f3k \u00f6ssze:<\/strong><\/p><ul><li>region\u00e1lis szak\u00e9rt\u0151k r\u00e9szv\u00e9tel\u00e9vel zajl\u00f3 k\u00fclf\u00f6ldi tapasztalatcser\u00e9k<\/li><li>a sz\u00e9kesfeh\u00e9rv\u00e1ri \u00e9s Sz\u00e9kesfeh\u00e9rv\u00e1r t\u00e9rs\u00e9gi kultur\u00e1lis \u00e9s kreat\u00edv ipari szerepl\u0151k megsz\u00f3l\u00edt\u00e1sa<\/li><li>folyamatos kommunik\u00e1ci\u00f3, rendezv\u00e9nyek<\/li><li>konkr\u00e9t c\u00e9l- \u00e9s eszk\u00f6zrendszert tartalmaz\u00f3 region\u00e1lis akci\u00f3terv, melynek megval\u00f3s\u00edt\u00e1sa a k\u00f6vetkez\u0151 id\u0151szak feladata<\/li><\/ul>\t\t\t\t\t\t\t\t<\/div>\n\t\t\t\t<\/div>\n\t\t\t\t<div class=\"elementor-element elementor-element-3305bf5 elementor-widget elementor-widget-text-editor\" data-id=\"3305bf5\" data-element_type=\"widget\" data-e-type=\"widget\" data-widget_type=\"text-editor.default\">\n\t\t\t\t<div class=\"elementor-widget-container\">\n\t\t\t\t\t\t\t\t\t<p><strong>A k\u00fclf\u00f6ldi tapasztalatcser\u00e9k \u00e9s a r\u00e9gi\u00f3ban zajl\u00f3 munka r\u00e1vil\u00e1g\u00edtott benn\u00fcnket az egy\u00fcttm\u0171k\u00f6d\u00e9sek fontoss\u00e1g\u00e1ra, ez\u00e9rt region\u00e1lis partnerekkel k\u00f6z\u00f6sen megalak\u00edtottuk a 6C Kultur\u00e1lis \u00e9s Kreat\u00edv Ipari Klasztert.<\/strong><\/p>\t\t\t\t\t\t\t\t<\/div>\n\t\t\t\t<\/div>\n\t\t\t\t<div class=\"elementor-element elementor-element-ebf63d2 elementor-widget elementor-widget-text-editor\" data-id=\"ebf63d2\" data-element_type=\"widget\" data-e-type=\"widget\" data-widget_type=\"text-editor.default\">\n\t\t\t\t<div class=\"elementor-widget-container\">\n\t\t\t\t\t\t\t\t\t<p>A projekt honlapja: <a href=\"http:\/\/www.interregeurope.eu\/crehub\/\" target=\"_blank\" rel=\"noopener\">http:\/\/www.interregeurope.eu\/crehub\/<\/a><\/p><p>Facebook oldala: <a href=\"https:\/\/www.facebook.com\/crehubproject\/\" target=\"_blank\" rel=\"noopener\">https:\/\/www.facebook.com\/crehubproject\/<\/a><\/p>\t\t\t\t\t\t\t\t<\/div>\n\t\t\t\t<\/div>\n\t\t\t\t<div class=\"elementor-element elementor-element-bef8b89 elementor-widget elementor-widget-text-editor\" data-id=\"bef8b89\" data-element_type=\"widget\" data-e-type=\"widget\" data-widget_type=\"text-editor.default\">\n\t\t\t\t<div class=\"elementor-widget-container\">\n\t\t\t\t\t\t\t\t\t<p>A magyar partner r\u00e9szv\u00e9tele a projektben a Magyar \u00c1llam t\u00e1rsfinansz\u00edroz\u00e1s\u00e1val val\u00f3sul meg.<\/p><p>The project is co-funded by the European Union.<\/p>\t\t\t\t\t\t\t\t<\/div>\n\t\t\t\t<\/div>\n\t\t\t\t<div class=\"elementor-element elementor-element-5c7d235 elementor-widget elementor-widget-toggle\" data-id=\"5c7d235\" data-element_type=\"widget\" data-e-type=\"widget\" data-widget_type=\"toggle.default\">\n\t\t\t\t<div class=\"elementor-widget-container\">\n\t\t\t\t\t\t\t<div class=\"elementor-toggle\">\n\t\t\t\t\t\t\t<div class=\"elementor-toggle-item\">\n\t\t\t\t\t<div id=\"elementor-tab-title-9691\" class=\"elementor-tab-title\" data-tab=\"1\" role=\"button\" aria-controls=\"elementor-tab-content-9691\" aria-expanded=\"false\">\n\t\t\t\t\t\t\t\t\t\t\t\t<span class=\"elementor-toggle-icon elementor-toggle-icon-left\" aria-hidden=\"true\">\n\t\t\t\t\t\t\t\t\t\t\t\t\t\t\t<span class=\"elementor-toggle-icon-closed\"><i class=\"fas fa-caret-right\"><\/i><\/span>\n\t\t\t\t\t\t\t\t<span class=\"elementor-toggle-icon-opened\"><i class=\"elementor-toggle-icon-opened fas fa-caret-up\"><\/i><\/span>\n\t\t\t\t\t\t\t\t\t\t\t\t\t<\/span>\n\t\t\t\t\t\t\t\t\t\t\t\t<a class=\"elementor-toggle-title\" tabindex=\"0\">A projekttel kapcsolatos tov\u00e1bbi h\u00edrek, posztok:<\/a>\n\t\t\t\t\t<\/div>\n\n\t\t\t\t\t<div id=\"elementor-tab-content-9691\" class=\"elementor-tab-content elementor-clearfix\" data-tab=\"1\" role=\"region\" aria-labelledby=\"elementor-tab-title-9691\"><ul>\n<li><a href=\"https:\/\/www.facebook.com\/KDRIU.CTRIA\/posts\/2631002810293289\" target=\"_blank\" rel=\"noopener\">Sz\u00e9kesfeh\u00e9rv\u00e1r \u00e9s a M\u0171v\u00e9szetek V\u00f6lgye adott otthont a Cre:Hub k\u00f6vetkez\u0151 \u00e1llom\u00e1s\u00e1nak &#8211; 2019.07.25.<\/a><\/li>\n<li><a href=\"https:\/\/www.facebook.com\/watch\/?v=2298123413819872\" target=\"_blank\" rel=\"noopener\">Kisorsoltuk a v\u00e1llalkoz\u00e1sfejleszt\u00e9si tan\u00e1csad\u00e1s nyertes\u00e9t! &#8211; 2020.02.24.<\/a><\/li>\n<li><a href=\"https:\/\/www.facebook.com\/KDRIU.CTRIA\/posts\/3154391071287791\" target=\"_blank\" rel=\"noopener\">Kreat\u00edv V\u00e1llalkoz\u00f3 vagyok! 1. &#8211; 2020.02.28.<\/a><\/li>\n<li><a href=\"https:\/\/www.facebook.com\/KDRIU.CTRIA\/posts\/3176797419047156\" target=\"_blank\" rel=\"noopener\">Kreat\u00edv V\u00e1llalkoz\u00f3 vagyok! 2. &#8211; 2020.03.06.<\/a><\/li>\n<li><a href=\"https:\/\/www.facebook.com\/KDRIU.CTRIA\/posts\/3192879054105659\" target=\"_blank\" rel=\"noopener\">Kreat\u00edv V\u00e1llalkoz\u00f3 vagyok! 3. &#8211; K\u00d6RTEKERT T\u00c1J- \u00c9S KERT\u00c9P\u00cdT\u00c9SZ ST\u00daDI\u00d3 &#8211; 2020.03.13.<\/a><\/li>\n<li><a href=\"https:\/\/www.facebook.com\/KDRIU.CTRIA\/posts\/3231789710214593\" target=\"_blank\" rel=\"noopener\">Kreat\u00edv V\u00e1llalkoz\u00f3 vagyok! 4. &#8211; Globus Trend Bt. &#8211; 2020.03.27.<\/a><\/li>\n<li><a href=\"https:\/\/www.facebook.com\/KDRIU.CTRIA\/posts\/3248614881865409\" target=\"_blank\" rel=\"noopener\">Kreat\u00edv V\u00e1llalkoz\u00f3 vagyok! 5. &#8211; Mum Goes Green &#8211; 2020.04.03.<\/a><\/li>\n<li><a href=\"https:\/\/www.facebook.com\/KDRIU.CTRIA\/posts\/3267670659959831\" target=\"_blank\" rel=\"noopener\">Kreat\u00edv V\u00e1llalkoz\u00f3 vagyok! 6. &#8211; Eliza +Recyk\u00fcl \u00dajradivat &#8211; 2020.04.10.<\/a><\/li>\n<li><a href=\"https:\/\/www.facebook.com\/KDRIU.CTRIA\/posts\/3286591128067784\" target=\"_blank\" rel=\"noopener\">Kreat\u00edv V\u00e1llalkoz\u00f3 vagyok! 7. &#8211; KAPTAFA &#8211; 2020.04.17.<\/a><\/li>\n<li><a href=\"https:\/\/www.facebook.com\/KDRIU.CTRIA\/posts\/3305266206200276\" target=\"_blank\" rel=\"noopener\">Kreat\u00edv V\u00e1llalkoz\u00f3 vagyok! 8. &#8211; \ud835\udde1\ud835\udde8\ud835\uddd5\ud835\udde2\ud835\udde2 \ud835\udde0\ud835\uddd4\ud835\udde5\ud835\uddde\ud835\uddd8\ud835\udde7\ud835\udddc\ud835\udde1\ud835\uddda &#8211; 2020.04.24.<\/a><\/li>\n<li><a href=\"https:\/\/www.facebook.com\/KDRIU.CTRIA\/posts\/3323588784368018\" target=\"_blank\" rel=\"noopener\">Kreat\u00edv V\u00e1llalkoz\u00f3 vagyok! 9. &#8211; Czifra Ildik\u00f3 Photography &#8211; 2020.05.01.<\/a><\/li>\n<li><a href=\"https:\/\/www.facebook.com\/KDRIU.CTRIA\/posts\/3341979115862318\" target=\"_blank\" rel=\"noopener\">Kreat\u00edv V\u00e1llalkoz\u00f3 vagyok! 10. &#8211; MJ Glass &#8211; 2020.05.08.<\/a><\/li>\n<li><a href=\"https:\/\/www.facebook.com\/KDRIU.CTRIA\/posts\/3359237424136487\" target=\"_blank\" rel=\"noopener\">Kreat\u00edv V\u00e1llalkoz\u00f3 vagyok! 11. &#8211; Norbertho Grafikai St\u00fadi\u00f3 &#8211; 2020.05.15.<\/a><\/li>\n<li><a href=\"https:\/\/www.facebook.com\/KDRIU.CTRIA\/posts\/3381755195218043\" target=\"_blank\" rel=\"noopener\">Kreat\u00edv V\u00e1llalkoz\u00f3 vagyok! 12. &#8211; JJinterior &#8211; 2020.05.22.<\/a><\/li>\n<li><a href=\"https:\/\/www.facebook.com\/KDRIU.CTRIA\/posts\/3399486536778242\" target=\"_blank\" rel=\"noopener\">Kreat\u00edv V\u00e1llalkoz\u00f3 vagyok! 13. &#8211; TomThom Leather &#8211; 2020.05.29.<\/a><\/li>\n<li><a href=\"https:\/\/www.facebook.com\/KDRIU.CTRIA\/posts\/3419960874730808\" target=\"_blank\" rel=\"noopener\">Kreat\u00edv V\u00e1llalkoz\u00f3 vagyok! 14.- 2020.06.05.<\/a><\/li>\n<li><a href=\"https:\/\/www.facebook.com\/KDRIU.CTRIA\/posts\/3438293529564209\" target=\"_blank\" rel=\"noopener\">Kreat\u00edv V\u00e1llalkoz\u00f3 vagyok! 15. &#8211; Kiss Attila esk\u00fcv\u0151i DJ &#8211; 2020.06.12.<\/a><\/li>\n<li><a href=\"https:\/\/www.facebook.com\/KDRIU.CTRIA\/posts\/3460237450703150\" target=\"_blank\" rel=\"noopener\">Kreat\u00edv V\u00e1llalkoz\u00f3 vagyok! 16. &#8211; Pap\u00edrforma &#8211; 2020.06.19.<\/a><\/li>\n<li><a href=\"https:\/\/www.facebook.com\/KDRIU.CTRIA\/posts\/3480926988634196\" target=\"_blank\" rel=\"noopener\">Kreat\u00edv V\u00e1llalkoz\u00f3 vagyok! 17.-2020.06.26.<\/a><\/li>\n<li><a href=\"https:\/\/www.facebook.com\/KDRIU.CTRIA\/posts\/3501893019870926\" target=\"_blank\" rel=\"noopener\">Kreat\u00edv V\u00e1llalkoz\u00f3 vagyok! 18. &#8211; Art&#8217;Em St\u00fadi\u00f3 &#8211; 2020.07.03.<\/a><\/li>\n<li><a href=\"https:\/\/www.facebook.com\/KDRIU.CTRIA\/posts\/3522268471166714\" target=\"_blank\" rel=\"noopener\">Kreat\u00edv V\u00e1llalkoz\u00f3 vagyok! 19. &#8211; 2020.07.10.<\/a><\/li>\n<li><a href=\"https:\/\/www.interregeurope.eu\/crehub\/news\/news-article\/9233\/ctria-news-from-the-last-year\/?fbclid=IwAR3nLCjWRDAf1tdT_kLjvT0hOth7MghXB-XuZjcnsmCa6vAPFrMMxxDG24g\" target=\"_blank\" rel=\"noopener\">CTRIA news from the last year &#8211; 2020.07.13.<\/a><\/li>\n<li><a href=\"https:\/\/www.facebook.com\/KDRIU.CTRIA\/posts\/3543769155683312\" target=\"_blank\" rel=\"noopener\">Kreat\u00edv V\u00e1llalkoz\u00f3 vagyok! 20. &#8211; UP!Coaching &#8211; 2020.07.17.<\/a><\/li>\n<li><a href=\"https:\/\/www.facebook.com\/KDRIU.CTRIA\/posts\/3565140820212812\" target=\"_blank\" rel=\"noopener\">Kreat\u00edv V\u00e1llalkoz\u00f3 vagyok! 21. &#8211; T\u00fcnd\u00e9r M\u0171hely &#8211; 2020.07.24.<\/a><\/li>\n<li><a href=\"https:\/\/www.facebook.com\/KDRIU.CTRIA\/posts\/3583738365019724\" target=\"_blank\" rel=\"noopener\">Kreat\u00edv V\u00e1llalkoz\u00f3 vagyok! 22. &#8211; Mesi M\u0171hely &#8211; 2020.07.31.<\/a><\/li>\n<li><a href=\"https:\/\/www.facebook.com\/KDRIU.CTRIA\/posts\/3608141702579390\" target=\"_blank\" rel=\"noopener\">Regisztr\u00e1lj Te is Kreat\u00edv Platformunkra! &#8211; 2020.08.07.<\/a><\/li>\n<li><a href=\"https:\/\/www.facebook.com\/KDRIU.CTRIA\/posts\/3630413997018827\" target=\"_blank\" rel=\"noopener\">Kreat\u00edv V\u00e1lllalkoz\u00f3 vagyok! 23. &#8211; Faputtony Kreat\u00edv &#8211; 2020.08.14.<\/a><\/li>\n<li><a href=\"https:\/\/www.facebook.com\/KDRIU.CTRIA\/posts\/4151569844903237\" target=\"_blank\" rel=\"noopener\">Kreat\u00edv V\u00e1llalkoz\u00f3 vagyok! 24. &#8211; Seed Bonbon &#8211; 2021.02.05.<\/a><\/li>\n<li><a href=\"https:\/\/www.facebook.com\/KDRIU.CTRIA\/posts\/4161905393869682\" target=\"_blank\" rel=\"noopener\">V\u00e9g\u00e9hez k\u00f6zel\u00edt a Cre:hub projekt\u00fcnk &#8211; 2021.02.09.<\/a><\/li>\n<li><a href=\"https:\/\/www.facebook.com\/KDRIU.CTRIA\/posts\/4162408907152664\" target=\"_blank\" rel=\"noopener\">Kreat\u00edv V\u00e1llalkoz\u00f3 vagy? Regisztr\u00e1lj TE is a Kreat\u00edv Platformra! &#8211; 2021.02.09.<\/a><\/li>\n<li><a href=\"https:\/\/www.facebook.com\/KDRIU.CTRIA\/posts\/4198765473517007\" target=\"_blank\" rel=\"noopener\">Don&#8217;t miss it! &#8211; 2021.02.22.<\/a><\/li>\n<li><a href=\"https:\/\/www.facebook.com\/KDRIU.CTRIA\/posts\/4270574846336069\" target=\"_blank\" rel=\"noopener\">Veszpr\u00e9m megyei kultur\u00e1lis \u00e9s kreat\u00edv ipari v\u00e1llalkoz\u00f3k! &#8211; 2021.03.16.<\/a><\/li>\n<li><a href=\"https:\/\/www.facebook.com\/KDRIU.CTRIA\/posts\/4424294870964065\" target=\"_blank\" rel=\"noopener\">Tov\u00e1bbra is v\u00e1rjuk a kultur\u00e1lis \u00e9s kreat\u00edv ipari v\u00e1llalkoz\u00f3k jelentkez\u00e9s\u00e9t a k\u00f6z\u00e9p-dun\u00e1nt\u00fali r\u00e9gi\u00f3b\u00f3l! &#8211; 2021.05.04.<\/a><\/li>\n<li><a href=\"https:\/\/www.facebook.com\/KDRIU.CTRIA\/posts\/4608154122578138\" target=\"_blank\" rel=\"noopener\">Tov\u00e1bbra is v\u00e1rjuk a Veszpr\u00e9m megyei kultur\u00e1lis \u00e9s kreat\u00edv ipari v\u00e1llalkoz\u00f3k jelentkez\u00e9s\u00e9t! &#8211; 2021.07.02.<\/a><\/li>\n<li><a href=\"https:\/\/www.facebook.com\/KDRIU.CTRIA\/posts\/4776162022444013\" target=\"_blank\" rel=\"noopener\">MEG\u00daJULT A KREAT\u00cdV PLATFORM! &#8211; 2021.08.26.<\/a><br><\/li>\n<\/ul><\/div>\n\t\t\t\t<\/div>\n\t\t\t\t\t\t\t\t<\/div>\n\t\t\t\t\t\t<\/div>\n\t\t\t\t<\/div>\n\t\t\t\t\t<\/div>\n\t\t<\/div>\n\t\t\t\t\t<\/div>\n\t\t<\/section>\n\t\t\t\t\t<\/div>\n\t\t<\/div>\n\t\t\t\t\t<\/div>\n\t\t<\/section>\n\t\t\t\t<\/div>","protected":false},"excerpt":{"rendered":"<p>CRE:HUB A kreat\u00edv \u00e9s kultur\u00e1lis ipar \u2013 gondoljunk a k\u00f6nyvpiacra, a zen\u00e9re, az el\u0151ad\u00f3m\u0171v\u00e9szetre, a telev\u00edzi\u00f3ra, a filmre, a r\u00e1di\u00f3ra, a rekl\u00e1mra, a vizu\u00e1lis m\u0171v\u00e9szetekre vagy ak\u00e1r az \u00e9p\u00edt\u00e9szetre \u2013 Eur\u00f3pa egyik legmeghat\u00e1roz\u00f3bb \u00e9s legfelt\u00f6rekv\u0151bb \u00e1gazata. A szektor szerepl\u0151i jelent\u0151s fejl\u0151d\u00e9st mutatnak, ugyanakkor nagyok a region\u00e1lis k\u00fcl\u00f6nbs\u00e9gek e tekintetben Eur\u00f3pa egyes ter\u00fcletein. Az olasz, rom\u00e1n, [&hellip;]<\/p>\n","protected":false},"author":1,"featured_media":0,"parent":0,"menu_order":0,"comment_status":"closed","ping_status":"closed","template":"","meta":{"site-sidebar-layout":"no-sidebar","site-content-layout":"page-builder","ast-site-content-layout":"default","site-content-style":"default","site-sidebar-style":"default","ast-global-header-display":"","ast-banner-title-visibility":"","ast-main-header-display":"","ast-hfb-above-header-display":"","ast-hfb-below-header-display":"","ast-hfb-mobile-header-display":"","site-post-title":"disabled","ast-breadcrumbs-content":"","ast-featured-img":"disabled","footer-sml-layout":"","ast-disable-related-posts":"","theme-transparent-header-meta":"default","adv-header-id-meta":"","stick-header-meta":"","header-above-stick-meta":"","header-main-stick-meta":"","header-below-stick-meta":"","astra-migrate-meta-layouts":"default","ast-page-background-enabled":"default","ast-page-background-meta":{"desktop":{"background-color":"","background-image":"","background-repeat":"repeat","background-position":"center center","background-size":"auto","background-attachment":"scroll","background-type":"","background-media":"","overlay-type":"","overlay-color":"","overlay-opacity":"","overlay-gradient":""},"tablet":{"background-color":"","background-image":"","background-repeat":"repeat","background-position":"center center","background-size":"auto","background-attachment":"scroll","background-type":"","background-media":"","overlay-type":"","overlay-color":"","overlay-opacity":"","overlay-gradient":""},"mobile":{"background-color":"","background-image":"","background-repeat":"repeat","background-position":"center center","background-size":"auto","background-attachment":"scroll","background-type":"","background-media":"","overlay-type":"","overlay-color":"","overlay-opacity":"","overlay-gradient":""}},"ast-content-background-meta":{"desktop":{"background-color":"var(--ast-global-color-5)","background-image":"","background-repeat":"repeat","background-position":"center center","background-size":"auto","background-attachment":"scroll","background-type":"","background-media":"","overlay-type":"","overlay-color":"","overlay-opacity":"","overlay-gradient":""},"tablet":{"background-color":"var(--ast-global-color-5)","background-image":"","background-repeat":"repeat","background-position":"center center","background-size":"auto","background-attachment":"scroll","background-type":"","background-media":"","overlay-type":"","overlay-color":"","overlay-opacity":"","overlay-gradient":""},"mobile":{"background-color":"var(--ast-global-color-5)","background-image":"","background-repeat":"repeat","background-position":"center center","background-size":"auto","background-attachment":"scroll","background-type":"","background-media":"","overlay-type":"","overlay-color":"","overlay-opacity":"","overlay-gradient":""}},"footnotes":""},"class_list":["post-3476","page","type-page","status-publish","hentry"],"_links":{"self":[{"href":"http:\/\/www.kdriu.hu\/en\/wp-json\/wp\/v2\/pages\/3476","targetHints":{"allow":["GET"]}}],"collection":[{"href":"http:\/\/www.kdriu.hu\/en\/wp-json\/wp\/v2\/pages"}],"about":[{"href":"http:\/\/www.kdriu.hu\/en\/wp-json\/wp\/v2\/types\/page"}],"author":[{"embeddable":true,"href":"http:\/\/www.kdriu.hu\/en\/wp-json\/wp\/v2\/users\/1"}],"replies":[{"embeddable":true,"href":"http:\/\/www.kdriu.hu\/en\/wp-json\/wp\/v2\/comments?post=3476"}],"version-history":[{"count":22,"href":"http:\/\/www.kdriu.hu\/en\/wp-json\/wp\/v2\/pages\/3476\/revisions"}],"predecessor-version":[{"id":5923,"href":"http:\/\/www.kdriu.hu\/en\/wp-json\/wp\/v2\/pages\/3476\/revisions\/5923"}],"wp:attachment":[{"href":"http:\/\/www.kdriu.hu\/en\/wp-json\/wp\/v2\/media?parent=3476"}],"curies":[{"name":"wp","href":"https:\/\/api.w.org\/{rel}","templated":true}]}}