{"id":3493,"date":"2021-05-07T07:48:00","date_gmt":"2021-05-07T07:48:00","guid":{"rendered":"http:\/\/www.kdriu.hu\/?page_id=3493"},"modified":"2021-08-10T08:23:20","modified_gmt":"2021-08-10T08:23:20","slug":"rural-smes","status":"publish","type":"page","link":"http:\/\/www.kdriu.hu\/en\/rural-smes\/","title":{"rendered":"Rur@l SME&#8217;s"},"content":{"rendered":"<div data-elementor-type=\"wp-page\" data-elementor-id=\"3493\" class=\"elementor elementor-3493\" data-elementor-post-type=\"page\">\n\t\t\t\t\t\t<section class=\"elementor-section elementor-top-section elementor-element elementor-element-487a9e7 elementor-section-stretched elementor-section-height-min-height elementor-section-boxed elementor-section-height-default elementor-section-items-middle elementor-invisible\" data-id=\"487a9e7\" data-element_type=\"section\" data-e-type=\"section\" data-settings=\"{&quot;background_background&quot;:&quot;classic&quot;,&quot;stretch_section&quot;:&quot;section-stretched&quot;,&quot;animation&quot;:&quot;fadeIn&quot;}\">\n\t\t\t\t\t\t\t<div class=\"elementor-background-overlay\"><\/div>\n\t\t\t\t\t\t\t<div class=\"elementor-container elementor-column-gap-no\">\n\t\t\t\t\t<div class=\"elementor-column elementor-col-100 elementor-top-column elementor-element elementor-element-1e533df\" data-id=\"1e533df\" data-element_type=\"column\" data-e-type=\"column\">\n\t\t\t<div class=\"elementor-widget-wrap elementor-element-populated\">\n\t\t\t\t\t\t<div class=\"elementor-element elementor-element-568ff40 elementor-widget elementor-widget-spacer\" data-id=\"568ff40\" data-element_type=\"widget\" data-e-type=\"widget\" data-widget_type=\"spacer.default\">\n\t\t\t\t<div class=\"elementor-widget-container\">\n\t\t\t\t\t\t\t<div class=\"elementor-spacer\">\n\t\t\t<div class=\"elementor-spacer-inner\"><\/div>\n\t\t<\/div>\n\t\t\t\t\t\t<\/div>\n\t\t\t\t<\/div>\n\t\t\t\t<div class=\"elementor-element elementor-element-1df01ca elementor-widget elementor-widget-heading\" data-id=\"1df01ca\" data-element_type=\"widget\" data-e-type=\"widget\" data-widget_type=\"heading.default\">\n\t\t\t\t<div class=\"elementor-widget-container\">\n\t\t\t\t\t<h1 class=\"elementor-heading-title elementor-size-default\">Rur@l SME's<\/h1>\t\t\t\t<\/div>\n\t\t\t\t<\/div>\n\t\t\t\t\t<\/div>\n\t\t<\/div>\n\t\t\t\t\t<\/div>\n\t\t<\/section>\n\t\t\t\t<section class=\"elementor-section elementor-top-section elementor-element elementor-element-c629f79 elementor-section-stretched elementor-section-boxed elementor-section-height-default elementor-section-height-default\" data-id=\"c629f79\" data-element_type=\"section\" data-e-type=\"section\" data-settings=\"{&quot;stretch_section&quot;:&quot;section-stretched&quot;,&quot;background_background&quot;:&quot;classic&quot;}\">\n\t\t\t\t\t\t<div class=\"elementor-container elementor-column-gap-no\">\n\t\t\t\t\t<div class=\"elementor-column elementor-col-100 elementor-top-column elementor-element elementor-element-0675e2e\" data-id=\"0675e2e\" data-element_type=\"column\" data-e-type=\"column\">\n\t\t\t<div class=\"elementor-widget-wrap elementor-element-populated\">\n\t\t\t\t\t\t<section class=\"elementor-section elementor-inner-section elementor-element elementor-element-3dcf55f elementor-section-boxed elementor-section-height-default elementor-section-height-default\" data-id=\"3dcf55f\" data-element_type=\"section\" data-e-type=\"section\">\n\t\t\t\t\t\t<div class=\"elementor-container elementor-column-gap-default\">\n\t\t\t\t\t<div class=\"elementor-column elementor-col-100 elementor-inner-column elementor-element elementor-element-87b1c57\" data-id=\"87b1c57\" data-element_type=\"column\" data-e-type=\"column\" data-settings=\"{&quot;background_background&quot;:&quot;classic&quot;}\">\n\t\t\t<div class=\"elementor-widget-wrap elementor-element-populated\">\n\t\t\t\t\t\t<div class=\"elementor-element elementor-element-bb1ce84 elementor-widget elementor-widget-text-editor\" data-id=\"bb1ce84\" data-element_type=\"widget\" data-e-type=\"widget\" data-widget_type=\"text-editor.default\">\n\t\t\t\t<div class=\"elementor-widget-container\">\n\t\t\t\t\t\t\t\t\t<p>Rur@al SME's is looking for solutions to issues raised in rural businesses. The aim of the project is to support innovative businesses in rural areas through policies that encourage the operation and growth of businesses.<\/p><p>Based on the exchange of experience and good practices between partner countries, and the mapping of local experiences, a regional action plan will be prepared which will provide a concrete set of objectives and tools for rural businesses in our region and for the development policy supporting them.<\/p><p>We are all aware of the problems of businesses, which may be even more pronounced in rural areas: lack of information, lack of resources, communication difficulties, and occasional co-operation. Our goal with the project is to reach the relevant actors in our region, to explore the problems and to develop an effective development policy toolbox. Our target group is double, on the one hand young rural entrepreneurs and innovative rural businesses, on the other hand innovative rural enterprises.<\/p><p>Project implementation date: January 2017 \u2013 July 2021<\/p>\t\t\t\t\t\t\t\t<\/div>\n\t\t\t\t<\/div>\n\t\t\t\t<div class=\"elementor-element elementor-element-ba6cee3 elementor-widget elementor-widget-heading\" data-id=\"ba6cee3\" data-element_type=\"widget\" data-e-type=\"widget\" data-widget_type=\"heading.default\">\n\t\t\t\t<div class=\"elementor-widget-container\">\n\t\t\t\t\t<h4 class=\"elementor-heading-title elementor-size-default\">Project partners:<\/h4>\t\t\t\t<\/div>\n\t\t\t\t<\/div>\n\t\t\t\t<div class=\"elementor-element elementor-element-ae42d55 elementor-widget elementor-widget-text-editor\" data-id=\"ae42d55\" data-element_type=\"widget\" data-e-type=\"widget\" data-widget_type=\"text-editor.default\">\n\t\t\t\t<div class=\"elementor-widget-container\">\n\t\t\t\t\t\t\t\t\t<ul><li>Society for the Development of the Province of Burgos (SODEBUR) (Spain) Vezet\u0151 partner<\/li><li>Tipperary County Council (Ireland)<\/li><li>BSC, Business support centre Ltd, Kranj (Slovenia)<\/li><li>Region of Western Greece (Greece)<\/li><li>Central Transdanubian Regional Innovation Agency Nonprofil Ltd. (Hungary)<\/li><li>Chamber of Commerce and Industry Bistrita Nasaud, Romania (Romania)<\/li><li>Ave Intermunicipal Community C\u00cdM Ave (Portugal)<\/li><\/ul>\t\t\t\t\t\t\t\t<\/div>\n\t\t\t\t<\/div>\n\t\t\t\t<div class=\"elementor-element elementor-element-7e2126d elementor-widget elementor-widget-heading\" data-id=\"7e2126d\" data-element_type=\"widget\" data-e-type=\"widget\" data-widget_type=\"heading.default\">\n\t\t\t\t<div class=\"elementor-widget-container\">\n\t\t\t\t\t<h4 class=\"elementor-heading-title elementor-size-default\">The official project website:<\/h4>\t\t\t\t<\/div>\n\t\t\t\t<\/div>\n\t\t\t\t<div class=\"elementor-element elementor-element-f7c8124 elementor-widget elementor-widget-text-editor\" data-id=\"f7c8124\" data-element_type=\"widget\" data-e-type=\"widget\" data-widget_type=\"text-editor.default\">\n\t\t\t\t<div class=\"elementor-widget-container\">\n\t\t\t\t\t\t\t\t\t<p align=\"justify\"><a href=\"http:\/\/www.interregeurope.eu\/ruralsmes\/\" target=\"_blank\" rel=\"noopener\">http:\/\/www.interregeurope.eu\/ruralsmes\/<\/a><a href=\"http:\/\/www.interregeurope.eu\/ruralsmes\/\" target=\"_blank\" rel=\"noopener\">http:\/\/www.interregeurope.eu\/ruralsmes\/<\/a><\/p>\t\t\t\t\t\t\t\t<\/div>\n\t\t\t\t<\/div>\n\t\t\t\t<div class=\"elementor-element elementor-element-c585208 elementor-widget elementor-widget-text-editor\" data-id=\"c585208\" data-element_type=\"widget\" data-e-type=\"widget\" data-widget_type=\"text-editor.default\">\n\t\t\t\t<div class=\"elementor-widget-container\">\n\t\t\t\t\t\t\t\t\t<p>The participation of the Hungarian partner in the project is co-financed by the Hungarian State.<\/p><p>The project is co-funded by the European Union.<\/p>\t\t\t\t\t\t\t\t<\/div>\n\t\t\t\t<\/div>\n\t\t\t\t<div class=\"elementor-element elementor-element-f471f9b elementor-widget elementor-widget-toggle\" data-id=\"f471f9b\" data-element_type=\"widget\" data-e-type=\"widget\" data-widget_type=\"toggle.default\">\n\t\t\t\t<div class=\"elementor-widget-container\">\n\t\t\t\t\t\t\t<div class=\"elementor-toggle\">\n\t\t\t\t\t\t\t<div class=\"elementor-toggle-item\">\n\t\t\t\t\t<div id=\"elementor-tab-title-2561\" class=\"elementor-tab-title\" data-tab=\"1\" role=\"button\" aria-controls=\"elementor-tab-content-2561\" aria-expanded=\"false\">\n\t\t\t\t\t\t\t\t\t\t\t\t<span class=\"elementor-toggle-icon elementor-toggle-icon-left\" aria-hidden=\"true\">\n\t\t\t\t\t\t\t\t\t\t\t\t\t\t\t<span class=\"elementor-toggle-icon-closed\"><i class=\"fas fa-caret-right\"><\/i><\/span>\n\t\t\t\t\t\t\t\t<span class=\"elementor-toggle-icon-opened\"><i class=\"elementor-toggle-icon-opened fas fa-caret-up\"><\/i><\/span>\n\t\t\t\t\t\t\t\t\t\t\t\t\t<\/span>\n\t\t\t\t\t\t\t\t\t\t\t\t<a class=\"elementor-toggle-title\" tabindex=\"0\">More news and posts about the project:<\/a>\n\t\t\t\t\t<\/div>\n\n\t\t\t\t\t<div id=\"elementor-tab-content-2561\" class=\"elementor-tab-content elementor-clearfix\" data-tab=\"1\" role=\"region\" aria-labelledby=\"elementor-tab-title-2561\"><ul><li><a href=\"https:\/\/www.facebook.com\/KDRIU.CTRIA\/posts\/2534502516609986\" target=\"_blank\" rel=\"noopener\">Inf\u00f3nap Sz\u00e9kesfeh\u00e9rv\u00e1ron &#8211; 2019.06.08.<\/a><\/li><li><a href=\"https:\/\/www.facebook.com\/KDRIU.CTRIA\/posts\/2563509673709270\" target=\"_blank\" rel=\"noopener\">S\u00e1rkereszt\u00fari Hangy\u00e1k Szoci\u00e1lis Sz\u00f6vetkezete &#8211; 2019.06.22.<\/a><\/li><li><a href=\"http:\/\/archiv.kdriu.hu\/elkeszult-a-ruralsmes-projektunk-akcioterve\/?fbclid=IwAR3vz4Onb38dtUnxWVz4Q5o3Ash5iR9rX5IJ0s8IJwk8S8Cbg4j4f5L7tmA\" target=\"_blank\" rel=\"noopener\">Elk\u00e9sz\u00fclt az akci\u00f3terv! &#8211; 2019.11.19.<\/a><\/li><li><a href=\"https:\/\/www.facebook.com\/KDRIU.CTRIA\/posts\/2914268351966732\" target=\"_blank\" rel=\"noopener\">A piac konyh\u00e1ja v\u00e1s\u00e1ron r\u00e9szt vesz\u00fcnk! &#8211; 2019.11.25.<\/a><\/li><li><a href=\"https:\/\/www.facebook.com\/KDRIU.CTRIA\/posts\/3353733521353544\" target=\"_blank\" rel=\"noopener\">Vid\u00e9ki v\u00e1llalkoz\u00e1s k\u00f6z\u00f6ss\u00e9gi \u00f6sszefog\u00e1ssal &#8211; 2020.05.12.<\/a><\/li><li><a href=\"https:\/\/www.facebook.com\/KDRIU.CTRIA\/posts\/3373986422661587\" target=\"_blank\" rel=\"noopener\">Ism\u00e9t on-line t\u00e9rben! &#8211; 2020.05.19.<\/a><\/li><li><a href=\"https:\/\/regionalispolitika.kormany.hu\/download\/6\/c4\/82000\/FVR2018%20-%20Online.pdf?fbclid=IwAR1JDL3Xd9kYHBZCBcqCNKmwGQa3vifumXZKUmtLsZDrWFqMbnijkUyAOHs\" target=\"_blank\" rel=\"noopener\">Falu, v\u00e1ros, r\u00e9gi\u00f3<\/a><\/li><li><a href=\"https:\/\/www.facebook.com\/KDRIU.CTRIA\/posts\/4190959684297586\" target=\"_blank\" rel=\"noopener\">Final conference &#8211; 2021.02.19.<\/a><\/li><li><a href=\"https:\/\/www.facebook.com\/KDRIU.CTRIA\/posts\/4211280275598860\" target=\"_blank\" rel=\"noopener\">\u00d6sszefog\u00e1ssal a min\u0151s\u00e9gi, vid\u00e9ki helyi term\u00e9kek\u00e9rt &#8211; 2021.02.25.<\/a><\/li><li><a href=\"https:\/\/www.facebook.com\/KDRIU.CTRIA\/posts\/4229304467129774\" target=\"_blank\" rel=\"noopener\">Z\u00e1r\u00f3konferencia: A v\u00e1llalkoz\u00f3i szellem \u00e9s az innovat\u00edv KKV-k fejleszt\u00e9s\u00e9re ir\u00e1nyul\u00f3 szakpolitik\u00e1k a vid\u00e9ki t\u00e9rs\u00e9gekben &#8211; 2021.03.02.<\/a><\/li><li><a href=\"https:\/\/www.facebook.com\/KDRIU.CTRIA\/posts\/4246803858713168\" target=\"_blank\" rel=\"noopener\">Final conference about entrepreneurship in rural areas &#8211; 2021.03.08.<\/a><\/li><li><a href=\"https:\/\/www.facebook.com\/watch\/?v=136305035078738\" target=\"_blank\" rel=\"noopener\">R\u00e9szt vett\u00fcnk ma a Rural SMEs projekt\u00fcnk z\u00e1r\u00f3 konferenci\u00e1j\u00e1n (vide\u00f3) &#8211; 2021.03.19.<\/a><\/li><li><a href=\"https:\/\/www.facebook.com\/KDRIU.CTRIA\/posts\/4297581636968723\" target=\"_blank\" rel=\"noopener\">Rom\u00e1n-magyar helyi termel\u0151k online tal\u00e1lkoz\u00f3ja &#8211; 2021.03.25.<\/a><\/li><li><a href=\"https:\/\/www.facebook.com\/watch\/?v=439581443800502\" target=\"_blank\" rel=\"noopener\">Romanian &#8211; Hungarian meeting &#8211; 2021.03.26.<\/a><\/li><li><a href=\"https:\/\/www.facebook.com\/KDRIU.CTRIA\/posts\/4691577967569086\" target=\"_blank\" rel=\"noopener\">B\u00facs\u00fa a Rural SMEs projektt\u0151l &#8211; 2021.07.30.<\/a><\/li><\/ul><\/div>\n\t\t\t\t<\/div>\n\t\t\t\t\t\t\t\t<\/div>\n\t\t\t\t\t\t<\/div>\n\t\t\t\t<\/div>\n\t\t\t\t\t<\/div>\n\t\t<\/div>\n\t\t\t\t\t<\/div>\n\t\t<\/section>\n\t\t\t\t\t<\/div>\n\t\t<\/div>\n\t\t\t\t\t<\/div>\n\t\t<\/section>\n\t\t\t\t<\/div>","protected":false},"excerpt":{"rendered":"<p>Rur@l SME&#8217;s A vid\u00e9ki t\u00e9rs\u00e9gek v\u00e1llalkoz\u00e1sai k\u00f6r\u00e9ben felmer\u00fclt k\u00e9rd\u00e9sekre keres megold\u00e1st a Rural SME\u2019s projekt. A projekt c\u00e9lja a vid\u00e9ki t\u00e9rs\u00e9gekben m\u0171k\u00f6d\u0151 innovat\u00edv v\u00e1llalkoz\u00e1sok t\u00e1mogat\u00e1sa a v\u00e1llalkoz\u00e1sok m\u0171k\u00f6d\u00e9s\u00e9t \u00e9s n\u00f6veked\u00e9s\u00e9t \u00f6szt\u00f6nz\u0151 szakpolitik\u00e1k seg\u00edts\u00e9g\u00e9vel. A partnerorsz\u00e1gok k\u00f6z\u00f6tti tapasztalatcsere \u00e9s a j\u00f3 gyakorlatok, tov\u00e1bb\u00e1 a helyi tapasztalatok felt\u00e9rk\u00e9pez\u00e9se alapj\u00e1n region\u00e1lis akci\u00f3terv k\u00e9sz\u00fcl, mely konkr\u00e9t c\u00e9l- \u00e9s eszk\u00f6zrendszert [&hellip;]<\/p>\n","protected":false},"author":1,"featured_media":0,"parent":0,"menu_order":0,"comment_status":"closed","ping_status":"closed","template":"","meta":{"site-sidebar-layout":"no-sidebar","site-content-layout":"page-builder","ast-site-content-layout":"default","site-content-style":"default","site-sidebar-style":"default","ast-global-header-display":"","ast-banner-title-visibility":"","ast-main-header-display":"","ast-hfb-above-header-display":"","ast-hfb-below-header-display":"","ast-hfb-mobile-header-display":"","site-post-title":"disabled","ast-breadcrumbs-content":"","ast-featured-img":"disabled","footer-sml-layout":"","ast-disable-related-posts":"","theme-transparent-header-meta":"default","adv-header-id-meta":"","stick-header-meta":"","header-above-stick-meta":"","header-main-stick-meta":"","header-below-stick-meta":"","astra-migrate-meta-layouts":"default","ast-page-background-enabled":"default","ast-page-background-meta":{"desktop":{"background-color":"","background-image":"","background-repeat":"repeat","background-position":"center center","background-size":"auto","background-attachment":"scroll","background-type":"","background-media":"","overlay-type":"","overlay-color":"","overlay-opacity":"","overlay-gradient":""},"tablet":{"background-color":"","background-image":"","background-repeat":"repeat","background-position":"center center","background-size":"auto","background-attachment":"scroll","background-type":"","background-media":"","overlay-type":"","overlay-color":"","overlay-opacity":"","overlay-gradient":""},"mobile":{"background-color":"","background-image":"","background-repeat":"repeat","background-position":"center center","background-size":"auto","background-attachment":"scroll","background-type":"","background-media":"","overlay-type":"","overlay-color":"","overlay-opacity":"","overlay-gradient":""}},"ast-content-background-meta":{"desktop":{"background-color":"var(--ast-global-color-5)","background-image":"","background-repeat":"repeat","background-position":"center center","background-size":"auto","background-attachment":"scroll","background-type":"","background-media":"","overlay-type":"","overlay-color":"","overlay-opacity":"","overlay-gradient":""},"tablet":{"background-color":"var(--ast-global-color-5)","background-image":"","background-repeat":"repeat","background-position":"center center","background-size":"auto","background-attachment":"scroll","background-type":"","background-media":"","overlay-type":"","overlay-color":"","overlay-opacity":"","overlay-gradient":""},"mobile":{"background-color":"var(--ast-global-color-5)","background-image":"","background-repeat":"repeat","background-position":"center center","background-size":"auto","background-attachment":"scroll","background-type":"","background-media":"","overlay-type":"","overlay-color":"","overlay-opacity":"","overlay-gradient":""}},"footnotes":""},"class_list":["post-3493","page","type-page","status-publish","hentry"],"_links":{"self":[{"href":"http:\/\/www.kdriu.hu\/en\/wp-json\/wp\/v2\/pages\/3493","targetHints":{"allow":["GET"]}}],"collection":[{"href":"http:\/\/www.kdriu.hu\/en\/wp-json\/wp\/v2\/pages"}],"about":[{"href":"http:\/\/www.kdriu.hu\/en\/wp-json\/wp\/v2\/types\/page"}],"author":[{"embeddable":true,"href":"http:\/\/www.kdriu.hu\/en\/wp-json\/wp\/v2\/users\/1"}],"replies":[{"embeddable":true,"href":"http:\/\/www.kdriu.hu\/en\/wp-json\/wp\/v2\/comments?post=3493"}],"version-history":[{"count":25,"href":"http:\/\/www.kdriu.hu\/en\/wp-json\/wp\/v2\/pages\/3493\/revisions"}],"predecessor-version":[{"id":4859,"href":"http:\/\/www.kdriu.hu\/en\/wp-json\/wp\/v2\/pages\/3493\/revisions\/4859"}],"wp:attachment":[{"href":"http:\/\/www.kdriu.hu\/en\/wp-json\/wp\/v2\/media?parent=3493"}],"curies":[{"name":"wp","href":"https:\/\/api.w.org\/{rel}","templated":true}]}}