{"id":3577,"date":"2021-05-07T09:06:19","date_gmt":"2021-05-07T09:06:19","guid":{"rendered":"http:\/\/www.kdriu.hu\/?page_id=3577"},"modified":"2021-05-07T09:12:26","modified_gmt":"2021-05-07T09:12:26","slug":"agrigo4cities","status":"publish","type":"page","link":"http:\/\/www.kdriu.hu\/en\/agrigo4cities\/","title":{"rendered":"AgriGo4Cities"},"content":{"rendered":"<div data-elementor-type=\"wp-page\" data-elementor-id=\"3577\" class=\"elementor elementor-3577\" data-elementor-post-type=\"page\">\n\t\t\t\t\t\t<section class=\"elementor-section elementor-top-section elementor-element elementor-element-212a90b elementor-section-stretched elementor-section-height-min-height elementor-section-boxed elementor-section-height-default elementor-section-items-middle elementor-invisible\" data-id=\"212a90b\" data-element_type=\"section\" data-e-type=\"section\" data-settings=\"{&quot;background_background&quot;:&quot;classic&quot;,&quot;stretch_section&quot;:&quot;section-stretched&quot;,&quot;animation&quot;:&quot;fadeIn&quot;}\">\n\t\t\t\t\t\t\t<div class=\"elementor-background-overlay\"><\/div>\n\t\t\t\t\t\t\t<div class=\"elementor-container elementor-column-gap-no\">\n\t\t\t\t\t<div class=\"elementor-column elementor-col-100 elementor-top-column elementor-element elementor-element-af55683\" data-id=\"af55683\" data-element_type=\"column\" data-e-type=\"column\">\n\t\t\t<div class=\"elementor-widget-wrap elementor-element-populated\">\n\t\t\t\t\t\t<div class=\"elementor-element elementor-element-178d233 elementor-widget elementor-widget-spacer\" data-id=\"178d233\" data-element_type=\"widget\" data-e-type=\"widget\" data-widget_type=\"spacer.default\">\n\t\t\t\t<div class=\"elementor-widget-container\">\n\t\t\t\t\t\t\t<div class=\"elementor-spacer\">\n\t\t\t<div class=\"elementor-spacer-inner\"><\/div>\n\t\t<\/div>\n\t\t\t\t\t\t<\/div>\n\t\t\t\t<\/div>\n\t\t\t\t<div class=\"elementor-element elementor-element-62d95bb elementor-widget elementor-widget-heading\" data-id=\"62d95bb\" data-element_type=\"widget\" data-e-type=\"widget\" data-widget_type=\"heading.default\">\n\t\t\t\t<div class=\"elementor-widget-container\">\n\t\t\t\t\t<h1 class=\"elementor-heading-title elementor-size-default\">AgriGo4Cities<\/h1>\t\t\t\t<\/div>\n\t\t\t\t<\/div>\n\t\t\t\t\t<\/div>\n\t\t<\/div>\n\t\t\t\t\t<\/div>\n\t\t<\/section>\n\t\t\t\t<section class=\"elementor-section elementor-top-section elementor-element elementor-element-0745375 elementor-section-stretched elementor-section-boxed elementor-section-height-default elementor-section-height-default\" data-id=\"0745375\" data-element_type=\"section\" data-e-type=\"section\" data-settings=\"{&quot;stretch_section&quot;:&quot;section-stretched&quot;,&quot;background_background&quot;:&quot;classic&quot;}\">\n\t\t\t\t\t\t<div class=\"elementor-container elementor-column-gap-no\">\n\t\t\t\t\t<div class=\"elementor-column elementor-col-100 elementor-top-column elementor-element elementor-element-8bd8c91\" data-id=\"8bd8c91\" data-element_type=\"column\" data-e-type=\"column\">\n\t\t\t<div class=\"elementor-widget-wrap elementor-element-populated\">\n\t\t\t\t\t\t<section class=\"elementor-section elementor-inner-section elementor-element elementor-element-0908c10 elementor-section-boxed elementor-section-height-default elementor-section-height-default\" data-id=\"0908c10\" data-element_type=\"section\" data-e-type=\"section\">\n\t\t\t\t\t\t<div class=\"elementor-container elementor-column-gap-default\">\n\t\t\t\t\t<div class=\"elementor-column elementor-col-100 elementor-inner-column elementor-element elementor-element-0abdf91\" data-id=\"0abdf91\" data-element_type=\"column\" data-e-type=\"column\" data-settings=\"{&quot;background_background&quot;:&quot;classic&quot;}\">\n\t\t\t<div class=\"elementor-widget-wrap elementor-element-populated\">\n\t\t\t\t\t\t<div class=\"elementor-element elementor-element-531443e elementor-widget elementor-widget-text-editor\" data-id=\"531443e\" data-element_type=\"widget\" data-e-type=\"widget\" data-widget_type=\"text-editor.default\">\n\t\t\t\t<div class=\"elementor-widget-container\">\n\t\t\t\t\t\t\t\t\t<p>In the framework of the AgriGo4Cities project we explore the potentials of urban agriculture for the application of community planning methods, social inclusion and the creation of a sustainable urban environment.<\/p><p>AgriGo4Cities (Urban Agriculture for Urban Change: Governance Models for Better Institutional Capacity and Social Inclusion) is implemented under the Interreg Danube Program in cooperation with organizations from 8 countries. between 01 01 2017 and 06 30 2019.<\/p><p>The project has three main objectives: integrating the participatory approach into decision-making processes, increasing the socio-economic inclusion of vulnerable \/ marginalized groups and developing a sustainable urban environment. In the course of collaboration, 11 partners (complemented by 5 collaborating partners) explore and apply the (gardening) potential of urban and urban agriculture to improve public institutional capacity and prevent the exclusion of vulnerable \/ marginalized groups. The innovative participative planning method contributes to the efficiency of decision-making, enhances cooperation opportunities and social inclusion. Using the international multilevel approach, the AgriGo4Cities project aims to become a flagship for a better governed Danube region.<\/p><p>Some of the partners, using the knowledge gathered and created in the project, are implementing a pilot for urban agriculture, testing the model developed by the partners. In doing so, it provides direct assistance to members of vulnerable \/ marginalized groups involved in the pilot, and develops actors in the public and civil sphere. The method developed and tested by the pilot will later be used for projects in other urban environments where the goal is to bring development for the community by strengthening social inclusion.<\/p>\t\t\t\t\t\t\t\t<\/div>\n\t\t\t\t<\/div>\n\t\t\t\t<div class=\"elementor-element elementor-element-89b370e elementor-widget elementor-widget-heading\" data-id=\"89b370e\" data-element_type=\"widget\" data-e-type=\"widget\" data-widget_type=\"heading.default\">\n\t\t\t\t<div class=\"elementor-widget-container\">\n\t\t\t\t\t<h4 class=\"elementor-heading-title elementor-size-default\">Partners involved in the project:<\/h4>\t\t\t\t<\/div>\n\t\t\t\t<\/div>\n\t\t\t\t<div class=\"elementor-element elementor-element-9e0ec88 elementor-widget elementor-widget-text-editor\" data-id=\"9e0ec88\" data-element_type=\"widget\" data-e-type=\"widget\" data-widget_type=\"text-editor.default\">\n\t\t\t\t<div class=\"elementor-widget-container\">\n\t\t\t\t\t\t\t\t\t<p>Lead partner: the Research Centre of the Slovenian Academy of Sciences and Arts<\/p><p>ERDF partners: the Municipality of Prague IX (Czech Republic), the European Development Agency (Czech Republic), the Municipality of Velenje (Slovenia), the Central Transdanubian Regional Innovation Agency (Hungary), the Municipality of Vaslu (Romania), ENVICORP Slovakia (Slovakia), the Association for Culture and Education (Slovenia), the Association of Municipalities of South-Western Cities (Bulgaria), the Ifuplan Institute for Environmental Planning and Spatial Development (Germany)<\/p><p>IPA partner: municipality of Ulcinj (Montenegro)<\/p><p>Collaborating Partners: Regional Development Agency, Ljubljana City Region (Slovenia), Prague City Hall (Czech Republic), Slovenian Employment Service, Koper Regional Office (Slovenia), EBB Europaberatung (Germany), Euni Partners Association (Bulgaria)<\/p>\t\t\t\t\t\t\t\t<\/div>\n\t\t\t\t<\/div>\n\t\t\t\t<div class=\"elementor-element elementor-element-4d056e3 elementor-widget elementor-widget-heading\" data-id=\"4d056e3\" data-element_type=\"widget\" data-e-type=\"widget\" data-widget_type=\"heading.default\">\n\t\t\t\t<div class=\"elementor-widget-container\">\n\t\t\t\t\t<h4 class=\"elementor-heading-title elementor-size-default\">More information about the project can be found here:<\/h4>\t\t\t\t<\/div>\n\t\t\t\t<\/div>\n\t\t\t\t<div class=\"elementor-element elementor-element-253425b elementor-widget elementor-widget-text-editor\" data-id=\"253425b\" data-element_type=\"widget\" data-e-type=\"widget\" data-widget_type=\"text-editor.default\">\n\t\t\t\t<div class=\"elementor-widget-container\">\n\t\t\t\t\t\t\t\t\t<p><a href=\"http:\/\/www.interreg-danube.eu\/approved-projects\/agrigo4cities\" target=\"_blank\" rel=\"noopener\">http:\/\/www.interreg-danube.eu\/approved-projects\/agrigo4cities<\/a><\/p>\t\t\t\t\t\t\t\t<\/div>\n\t\t\t\t<\/div>\n\t\t\t\t<div class=\"elementor-element elementor-element-9e282d3 elementor-widget elementor-widget-text-editor\" data-id=\"9e282d3\" data-element_type=\"widget\" data-e-type=\"widget\" data-widget_type=\"text-editor.default\">\n\t\t\t\t<div class=\"elementor-widget-container\">\n\t\t\t\t\t\t\t\t\t<p>The project is implemented through the Danube Transnational Programme, with the support of the European Regional Development Fund, co-financed by the European Union and the Hungarian State.<\/p><p>Project co-funded by European Union funds (ERDF, IPA, ENI).<\/p>\t\t\t\t\t\t\t\t<\/div>\n\t\t\t\t<\/div>\n\t\t\t\t\t<\/div>\n\t\t<\/div>\n\t\t\t\t\t<\/div>\n\t\t<\/section>\n\t\t\t\t\t<\/div>\n\t\t<\/div>\n\t\t\t\t\t<\/div>\n\t\t<\/section>\n\t\t\t\t<\/div>","protected":false},"excerpt":{"rendered":"<p>AgriGo4Cities Az AgriGo4Cities projekt keret\u00e9ben a v\u00e1rosi mez\u0151gazdas\u00e1gban rejl\u0151 lehet\u0151s\u00e9geket vizsg\u00e1ljuk a k\u00f6z\u00f6ss\u00e9gi tervez\u00e9si m\u00f3dszerek alkalmaz\u00e1sa, a t\u00e1rsadalmi befogad\u00e1s \u00e9s a fenntarthat\u00f3 v\u00e1rosi k\u00f6rnyezet l\u00e9trehoz\u00e1sa szempontj\u00e1b\u00f3l. Az AgriGo4Cities (V\u00e1rosi Mez\u0151gazdas\u00e1g a V\u00e1rosok Megv\u00e1ltoztat\u00e1s\u00e1\u00e9rt: Korm\u00e1nyz\u00e1si Modellek a Jobb Int\u00e9zm\u00e9nyi Kapacit\u00e1s\u00e9rt \u00e9s T\u00e1rsadalmi Befogad\u00e1s\u00e9rt) projekt az Interreg Danube program keret\u00e9ben val\u00f3sul meg 8 orsz\u00e1g szervezeteinek egy\u00fcttm\u0171k\u00f6d\u00e9s\u00e9ben 2017.01.01. [&hellip;]<\/p>\n","protected":false},"author":1,"featured_media":0,"parent":0,"menu_order":0,"comment_status":"closed","ping_status":"closed","template":"","meta":{"site-sidebar-layout":"no-sidebar","site-content-layout":"page-builder","ast-site-content-layout":"default","site-content-style":"default","site-sidebar-style":"default","ast-global-header-display":"","ast-banner-title-visibility":"","ast-main-header-display":"","ast-hfb-above-header-display":"","ast-hfb-below-header-display":"","ast-hfb-mobile-header-display":"","site-post-title":"disabled","ast-breadcrumbs-content":"","ast-featured-img":"disabled","footer-sml-layout":"","ast-disable-related-posts":"","theme-transparent-header-meta":"default","adv-header-id-meta":"","stick-header-meta":"","header-above-stick-meta":"","header-main-stick-meta":"","header-below-stick-meta":"","astra-migrate-meta-layouts":"default","ast-page-background-enabled":"default","ast-page-background-meta":{"desktop":{"background-color":"","background-image":"","background-repeat":"repeat","background-position":"center center","background-size":"auto","background-attachment":"scroll","background-type":"","background-media":"","overlay-type":"","overlay-color":"","overlay-opacity":"","overlay-gradient":""},"tablet":{"background-color":"","background-image":"","background-repeat":"repeat","background-position":"center center","background-size":"auto","background-attachment":"scroll","background-type":"","background-media":"","overlay-type":"","overlay-color":"","overlay-opacity":"","overlay-gradient":""},"mobile":{"background-color":"","background-image":"","background-repeat":"repeat","background-position":"center center","background-size":"auto","background-attachment":"scroll","background-type":"","background-media":"","overlay-type":"","overlay-color":"","overlay-opacity":"","overlay-gradient":""}},"ast-content-background-meta":{"desktop":{"background-color":"var(--ast-global-color-5)","background-image":"","background-repeat":"repeat","background-position":"center center","background-size":"auto","background-attachment":"scroll","background-type":"","background-media":"","overlay-type":"","overlay-color":"","overlay-opacity":"","overlay-gradient":""},"tablet":{"background-color":"var(--ast-global-color-5)","background-image":"","background-repeat":"repeat","background-position":"center center","background-size":"auto","background-attachment":"scroll","background-type":"","background-media":"","overlay-type":"","overlay-color":"","overlay-opacity":"","overlay-gradient":""},"mobile":{"background-color":"var(--ast-global-color-5)","background-image":"","background-repeat":"repeat","background-position":"center center","background-size":"auto","background-attachment":"scroll","background-type":"","background-media":"","overlay-type":"","overlay-color":"","overlay-opacity":"","overlay-gradient":""}},"footnotes":""},"class_list":["post-3577","page","type-page","status-publish","hentry"],"_links":{"self":[{"href":"http:\/\/www.kdriu.hu\/en\/wp-json\/wp\/v2\/pages\/3577","targetHints":{"allow":["GET"]}}],"collection":[{"href":"http:\/\/www.kdriu.hu\/en\/wp-json\/wp\/v2\/pages"}],"about":[{"href":"http:\/\/www.kdriu.hu\/en\/wp-json\/wp\/v2\/types\/page"}],"author":[{"embeddable":true,"href":"http:\/\/www.kdriu.hu\/en\/wp-json\/wp\/v2\/users\/1"}],"replies":[{"embeddable":true,"href":"http:\/\/www.kdriu.hu\/en\/wp-json\/wp\/v2\/comments?post=3577"}],"version-history":[{"count":10,"href":"http:\/\/www.kdriu.hu\/en\/wp-json\/wp\/v2\/pages\/3577\/revisions"}],"predecessor-version":[{"id":3589,"href":"http:\/\/www.kdriu.hu\/en\/wp-json\/wp\/v2\/pages\/3577\/revisions\/3589"}],"wp:attachment":[{"href":"http:\/\/www.kdriu.hu\/en\/wp-json\/wp\/v2\/media?parent=3577"}],"curies":[{"name":"wp","href":"https:\/\/api.w.org\/{rel}","templated":true}]}}