{"id":3593,"date":"2021-05-07T09:16:15","date_gmt":"2021-05-07T09:16:15","guid":{"rendered":"http:\/\/www.kdriu.hu\/?page_id=3593"},"modified":"2021-05-07T09:28:32","modified_gmt":"2021-05-07T09:28:32","slug":"ri2integrate","status":"publish","type":"page","link":"http:\/\/www.kdriu.hu\/en\/ri2integrate\/","title":{"rendered":"RI2integrate"},"content":{"rendered":"<div data-elementor-type=\"wp-page\" data-elementor-id=\"3593\" class=\"elementor elementor-3593\" data-elementor-post-type=\"page\">\n\t\t\t\t\t\t<section class=\"elementor-section elementor-top-section elementor-element elementor-element-54e580b elementor-section-stretched elementor-section-height-min-height elementor-section-boxed elementor-section-height-default elementor-section-items-middle elementor-invisible\" data-id=\"54e580b\" data-element_type=\"section\" data-e-type=\"section\" data-settings=\"{&quot;background_background&quot;:&quot;classic&quot;,&quot;stretch_section&quot;:&quot;section-stretched&quot;,&quot;animation&quot;:&quot;fadeIn&quot;}\">\n\t\t\t\t\t\t\t<div class=\"elementor-background-overlay\"><\/div>\n\t\t\t\t\t\t\t<div class=\"elementor-container elementor-column-gap-no\">\n\t\t\t\t\t<div class=\"elementor-column elementor-col-100 elementor-top-column elementor-element elementor-element-e99d82b\" data-id=\"e99d82b\" data-element_type=\"column\" data-e-type=\"column\">\n\t\t\t<div class=\"elementor-widget-wrap elementor-element-populated\">\n\t\t\t\t\t\t<div class=\"elementor-element elementor-element-a51b543 elementor-widget elementor-widget-spacer\" data-id=\"a51b543\" data-element_type=\"widget\" data-e-type=\"widget\" data-widget_type=\"spacer.default\">\n\t\t\t\t<div class=\"elementor-widget-container\">\n\t\t\t\t\t\t\t<div class=\"elementor-spacer\">\n\t\t\t<div class=\"elementor-spacer-inner\"><\/div>\n\t\t<\/div>\n\t\t\t\t\t\t<\/div>\n\t\t\t\t<\/div>\n\t\t\t\t<div class=\"elementor-element elementor-element-8397f79 elementor-widget elementor-widget-heading\" data-id=\"8397f79\" data-element_type=\"widget\" data-e-type=\"widget\" data-widget_type=\"heading.default\">\n\t\t\t\t<div class=\"elementor-widget-container\">\n\t\t\t\t\t<h1 class=\"elementor-heading-title elementor-size-default\">RI2integrate<\/h1>\t\t\t\t<\/div>\n\t\t\t\t<\/div>\n\t\t\t\t\t<\/div>\n\t\t<\/div>\n\t\t\t\t\t<\/div>\n\t\t<\/section>\n\t\t\t\t<section class=\"elementor-section elementor-top-section elementor-element elementor-element-cbe6da5 elementor-section-stretched elementor-section-boxed elementor-section-height-default elementor-section-height-default\" data-id=\"cbe6da5\" data-element_type=\"section\" data-e-type=\"section\" data-settings=\"{&quot;stretch_section&quot;:&quot;section-stretched&quot;,&quot;background_background&quot;:&quot;classic&quot;}\">\n\t\t\t\t\t\t<div class=\"elementor-container elementor-column-gap-no\">\n\t\t\t\t\t<div class=\"elementor-column elementor-col-100 elementor-top-column elementor-element elementor-element-9c1229a\" data-id=\"9c1229a\" data-element_type=\"column\" data-e-type=\"column\">\n\t\t\t<div class=\"elementor-widget-wrap elementor-element-populated\">\n\t\t\t\t\t\t<section class=\"elementor-section elementor-inner-section elementor-element elementor-element-5f085c1 elementor-section-boxed elementor-section-height-default elementor-section-height-default\" data-id=\"5f085c1\" data-element_type=\"section\" data-e-type=\"section\">\n\t\t\t\t\t\t<div class=\"elementor-container elementor-column-gap-default\">\n\t\t\t\t\t<div class=\"elementor-column elementor-col-100 elementor-inner-column elementor-element elementor-element-68678d5\" data-id=\"68678d5\" data-element_type=\"column\" data-e-type=\"column\" data-settings=\"{&quot;background_background&quot;:&quot;classic&quot;}\">\n\t\t\t<div class=\"elementor-widget-wrap elementor-element-populated\">\n\t\t\t\t\t\t<div class=\"elementor-element elementor-element-1849d63 elementor-widget elementor-widget-text-editor\" data-id=\"1849d63\" data-element_type=\"widget\" data-e-type=\"widget\" data-widget_type=\"text-editor.default\">\n\t\t\t\t<div class=\"elementor-widget-container\">\n\t\t\t\t\t\t\t\t\t<p>The main objective of the RI2integrate project is to facilitate the utilisation of the economic and development potentials of excellent research infrastructures. This partnership seeks to achieve three main activities: innovative public procurement for the public sector, science parks for small and medium-sized enterprises, and awareness-raising activities primarily aimed at more effective student participation.<\/p><p>The RI2integrate project was launched on January 1 2017 and runs until 30 June 2019, with organizations from eight countries participating. The overall goal is fostering a more effective application of scientific results in the economy by strengthening links between research infrastructures, small and medium-sized enterprises, the public sector and the community. The methodology of the project combines the smart specialization approach with the quadruple helix model methodology and creates synergies between different EU and regional financial instruments.<\/p><p>To achieve these goals, the partners develop and test three innovative tools. The effective participation of the public sector is supported by a methodology facilitating innovative public procurement, the linking of SMEs to research infrastructures is supported by guidelines related to stimulating economic ecosystems while community participation is supported by the establishment of a roadmap for awareness-raising. The project also focuses on policy impact and for this purpose national and joint action plans are elaborated and the RI2integate Commission covering all countries in the Danube Region has been established.<\/p>\t\t\t\t\t\t\t\t<\/div>\n\t\t\t\t<\/div>\n\t\t\t\t<div class=\"elementor-element elementor-element-9eac41d elementor-widget elementor-widget-heading\" data-id=\"9eac41d\" data-element_type=\"widget\" data-e-type=\"widget\" data-widget_type=\"heading.default\">\n\t\t\t\t<div class=\"elementor-widget-container\">\n\t\t\t\t\t<h4 class=\"elementor-heading-title elementor-size-default\">Project partners:<\/h4>\t\t\t\t<\/div>\n\t\t\t\t<\/div>\n\t\t\t\t<div class=\"elementor-element elementor-element-9e17063 elementor-widget elementor-widget-text-editor\" data-id=\"9e17063\" data-element_type=\"widget\" data-e-type=\"widget\" data-widget_type=\"text-editor.default\">\n\t\t\t\t<div class=\"elementor-widget-container\">\n\t\t\t\t\t\t\t\t\t<ul><li>Lead Partner: ELI-HU Nonprofit Ltd. (Hungary)<\/li><li>ERDF PP1: Central Transdanubian Regional Innovation Agency Nonprofit Ltd. (Hungary)<\/li><li>ERDF PP2: Horia Hulubei National Institute of R&amp;D for Physics and Nuclear Engineering (Romania)<\/li><li>ERDF PP3: Institute of Physics, Academy of Sciences of the Czech Republic (Czech Republic)<\/li><li>ERDF PP4: FH JOANNEUM GESELLSCHAFT M.B.H. (Austria)<\/li><li>ERDF PP5: Institution for development of competence, innovation and specialization of Zadar County (Croatia)<\/li><li>ERDF PP6: University of Maribor (Slovenia)<\/li><li>ERDF PP7: Magurele High Tech Cluster (Romania)<\/li><li>ERDF PP8: Central Bohemia Innovation Centre (Czech Republic)<\/li><li>IPA PP1: Development Agency of Serbia (Serbia)<\/li><li>ASP1: Ministry for National Economy (Hungary)<\/li><li>ASP2: Ilfov County Council (Romania)<\/li><li>ASP3: Central Bohemia Region (Czech Republic)<\/li><li>ASP4: Steirische Wirtschaftsf\u00f6rderungsgesellschaft GmbH (Austria)<\/li><li>ASP5: Zadar County (Croatia)<\/li><li>ASP6: Technical University of Kosice (Slovakia)<\/li><li>ASP7: Municipality of Ruse (Slovenia)<\/li><\/ul>\t\t\t\t\t\t\t\t<\/div>\n\t\t\t\t<\/div>\n\t\t\t\t<div class=\"elementor-element elementor-element-95f0232 elementor-widget elementor-widget-heading\" data-id=\"95f0232\" data-element_type=\"widget\" data-e-type=\"widget\" data-widget_type=\"heading.default\">\n\t\t\t\t<div class=\"elementor-widget-container\">\n\t\t\t\t\t<h4 class=\"elementor-heading-title elementor-size-default\">The official project website:<\/h4>\t\t\t\t<\/div>\n\t\t\t\t<\/div>\n\t\t\t\t<div class=\"elementor-element elementor-element-f52f61f elementor-widget elementor-widget-text-editor\" data-id=\"f52f61f\" data-element_type=\"widget\" data-e-type=\"widget\" data-widget_type=\"text-editor.default\">\n\t\t\t\t<div class=\"elementor-widget-container\">\n\t\t\t\t\t\t\t\t\t<p><a href=\"http:\/\/www.interreg-danube.eu\/approved-projects\/ri2integrate\" target=\"_blank\" rel=\"noopener\">http:\/\/www.interreg-danube.eu\/approved-projects\/ri2integrate<\/a><\/p>\t\t\t\t\t\t\t\t<\/div>\n\t\t\t\t<\/div>\n\t\t\t\t<div class=\"elementor-element elementor-element-c6a62a4 elementor-widget elementor-widget-text-editor\" data-id=\"c6a62a4\" data-element_type=\"widget\" data-e-type=\"widget\" data-widget_type=\"text-editor.default\">\n\t\t\t\t<div class=\"elementor-widget-container\">\n\t\t\t\t\t\t\t\t\t<p>The project is implemented through the Danube Transnational Programme, with the support of the European Regional Development Fund, co-financed by the European Union and the Hungarian State.<\/p><p>Project co-funded by European Union funds (ERDF, IPA, ENI)<\/p>\t\t\t\t\t\t\t\t<\/div>\n\t\t\t\t<\/div>\n\t\t\t\t\t<\/div>\n\t\t<\/div>\n\t\t\t\t\t<\/div>\n\t\t<\/section>\n\t\t\t\t\t<\/div>\n\t\t<\/div>\n\t\t\t\t\t<\/div>\n\t\t<\/section>\n\t\t\t\t<\/div>","protected":false},"excerpt":{"rendered":"<p>RI2integrate Az RI2integrate projekt f\u0151 c\u00e9lja el\u0151seg\u00edteni a kiv\u00e1l\u00f3 kutat\u00e1si infrastrukt\u00far\u00e1kban rejl\u0151 gazdas\u00e1gi-fejl\u0151d\u00e9si potenci\u00e1l kiakn\u00e1z\u00e1s\u00e1t. Ezt a partners\u00e9g h\u00e1rom f\u0151 tev\u00e9kenys\u00e9ggel pr\u00f3b\u00e1lja el\u00e9rni: az innovat\u00edv k\u00f6zbeszerz\u00e9sek a k\u00f6zszf\u00e9ra, a tudom\u00e1nyos parkok a kis- \u00e9s k\u00f6z\u00e9pv\u00e1llalkoz\u00e1sok, m\u00edg a szeml\u00e9letform\u00e1l\u00f3 tev\u00e9kenys\u00e9g els\u0151sorban a di\u00e1kok hat\u00e9konyabb r\u00e9szv\u00e9tel\u00e9t c\u00e9lozza. Az RI2integrate projekt 2017.01.01-j\u00e9n indult \u00e9s 2019.06.30-ig tart, megval\u00f3s\u00edt\u00e1s\u00e1ban nyolc [&hellip;]<\/p>\n","protected":false},"author":1,"featured_media":0,"parent":0,"menu_order":0,"comment_status":"closed","ping_status":"closed","template":"","meta":{"site-sidebar-layout":"no-sidebar","site-content-layout":"page-builder","ast-site-content-layout":"default","site-content-style":"default","site-sidebar-style":"default","ast-global-header-display":"","ast-banner-title-visibility":"","ast-main-header-display":"","ast-hfb-above-header-display":"","ast-hfb-below-header-display":"","ast-hfb-mobile-header-display":"","site-post-title":"disabled","ast-breadcrumbs-content":"","ast-featured-img":"disabled","footer-sml-layout":"","ast-disable-related-posts":"","theme-transparent-header-meta":"default","adv-header-id-meta":"","stick-header-meta":"","header-above-stick-meta":"","header-main-stick-meta":"","header-below-stick-meta":"","astra-migrate-meta-layouts":"default","ast-page-background-enabled":"default","ast-page-background-meta":{"desktop":{"background-color":"","background-image":"","background-repeat":"repeat","background-position":"center center","background-size":"auto","background-attachment":"scroll","background-type":"","background-media":"","overlay-type":"","overlay-color":"","overlay-opacity":"","overlay-gradient":""},"tablet":{"background-color":"","background-image":"","background-repeat":"repeat","background-position":"center center","background-size":"auto","background-attachment":"scroll","background-type":"","background-media":"","overlay-type":"","overlay-color":"","overlay-opacity":"","overlay-gradient":""},"mobile":{"background-color":"","background-image":"","background-repeat":"repeat","background-position":"center center","background-size":"auto","background-attachment":"scroll","background-type":"","background-media":"","overlay-type":"","overlay-color":"","overlay-opacity":"","overlay-gradient":""}},"ast-content-background-meta":{"desktop":{"background-color":"var(--ast-global-color-5)","background-image":"","background-repeat":"repeat","background-position":"center center","background-size":"auto","background-attachment":"scroll","background-type":"","background-media":"","overlay-type":"","overlay-color":"","overlay-opacity":"","overlay-gradient":""},"tablet":{"background-color":"var(--ast-global-color-5)","background-image":"","background-repeat":"repeat","background-position":"center center","background-size":"auto","background-attachment":"scroll","background-type":"","background-media":"","overlay-type":"","overlay-color":"","overlay-opacity":"","overlay-gradient":""},"mobile":{"background-color":"var(--ast-global-color-5)","background-image":"","background-repeat":"repeat","background-position":"center center","background-size":"auto","background-attachment":"scroll","background-type":"","background-media":"","overlay-type":"","overlay-color":"","overlay-opacity":"","overlay-gradient":""}},"footnotes":""},"class_list":["post-3593","page","type-page","status-publish","hentry"],"_links":{"self":[{"href":"http:\/\/www.kdriu.hu\/en\/wp-json\/wp\/v2\/pages\/3593","targetHints":{"allow":["GET"]}}],"collection":[{"href":"http:\/\/www.kdriu.hu\/en\/wp-json\/wp\/v2\/pages"}],"about":[{"href":"http:\/\/www.kdriu.hu\/en\/wp-json\/wp\/v2\/types\/page"}],"author":[{"embeddable":true,"href":"http:\/\/www.kdriu.hu\/en\/wp-json\/wp\/v2\/users\/1"}],"replies":[{"embeddable":true,"href":"http:\/\/www.kdriu.hu\/en\/wp-json\/wp\/v2\/comments?post=3593"}],"version-history":[{"count":7,"href":"http:\/\/www.kdriu.hu\/en\/wp-json\/wp\/v2\/pages\/3593\/revisions"}],"predecessor-version":[{"id":3601,"href":"http:\/\/www.kdriu.hu\/en\/wp-json\/wp\/v2\/pages\/3593\/revisions\/3601"}],"wp:attachment":[{"href":"http:\/\/www.kdriu.hu\/en\/wp-json\/wp\/v2\/media?parent=3593"}],"curies":[{"name":"wp","href":"https:\/\/api.w.org\/{rel}","templated":true}]}}