{"id":3651,"date":"2021-05-07T09:44:50","date_gmt":"2021-05-07T09:44:50","guid":{"rendered":"http:\/\/www.kdriu.hu\/?page_id=3651"},"modified":"2021-05-07T09:50:29","modified_gmt":"2021-05-07T09:50:29","slug":"drim","status":"publish","type":"page","link":"http:\/\/www.kdriu.hu\/en\/drim\/","title":{"rendered":"DRIM"},"content":{"rendered":"<div data-elementor-type=\"wp-page\" data-elementor-id=\"3651\" class=\"elementor elementor-3651\" data-elementor-post-type=\"page\">\n\t\t\t\t\t\t<section class=\"elementor-section elementor-top-section elementor-element elementor-element-1bfac5d elementor-section-stretched elementor-section-height-min-height elementor-section-boxed elementor-section-height-default elementor-section-items-middle elementor-invisible\" data-id=\"1bfac5d\" data-element_type=\"section\" data-e-type=\"section\" data-settings=\"{&quot;background_background&quot;:&quot;classic&quot;,&quot;stretch_section&quot;:&quot;section-stretched&quot;,&quot;animation&quot;:&quot;fadeIn&quot;}\">\n\t\t\t\t\t\t\t<div class=\"elementor-background-overlay\"><\/div>\n\t\t\t\t\t\t\t<div class=\"elementor-container elementor-column-gap-no\">\n\t\t\t\t\t<div class=\"elementor-column elementor-col-100 elementor-top-column elementor-element elementor-element-bf58c16\" data-id=\"bf58c16\" data-element_type=\"column\" data-e-type=\"column\">\n\t\t\t<div class=\"elementor-widget-wrap elementor-element-populated\">\n\t\t\t\t\t\t<div class=\"elementor-element elementor-element-64504b8 elementor-widget elementor-widget-spacer\" data-id=\"64504b8\" data-element_type=\"widget\" data-e-type=\"widget\" data-widget_type=\"spacer.default\">\n\t\t\t\t<div class=\"elementor-widget-container\">\n\t\t\t\t\t\t\t<div class=\"elementor-spacer\">\n\t\t\t<div class=\"elementor-spacer-inner\"><\/div>\n\t\t<\/div>\n\t\t\t\t\t\t<\/div>\n\t\t\t\t<\/div>\n\t\t\t\t<div class=\"elementor-element elementor-element-89f268a elementor-widget elementor-widget-heading\" data-id=\"89f268a\" data-element_type=\"widget\" data-e-type=\"widget\" data-widget_type=\"heading.default\">\n\t\t\t\t<div class=\"elementor-widget-container\">\n\t\t\t\t\t<h1 class=\"elementor-heading-title elementor-size-default\">DRIM<\/h1>\t\t\t\t<\/div>\n\t\t\t\t<\/div>\n\t\t\t\t\t<\/div>\n\t\t<\/div>\n\t\t\t\t\t<\/div>\n\t\t<\/section>\n\t\t\t\t<section class=\"elementor-section elementor-top-section elementor-element elementor-element-94c1905 elementor-section-stretched elementor-section-boxed elementor-section-height-default elementor-section-height-default\" data-id=\"94c1905\" data-element_type=\"section\" data-e-type=\"section\" data-settings=\"{&quot;stretch_section&quot;:&quot;section-stretched&quot;,&quot;background_background&quot;:&quot;classic&quot;}\">\n\t\t\t\t\t\t<div class=\"elementor-container elementor-column-gap-no\">\n\t\t\t\t\t<div class=\"elementor-column elementor-col-100 elementor-top-column elementor-element elementor-element-de963e1\" data-id=\"de963e1\" data-element_type=\"column\" data-e-type=\"column\">\n\t\t\t<div class=\"elementor-widget-wrap elementor-element-populated\">\n\t\t\t\t\t\t<section class=\"elementor-section elementor-inner-section elementor-element elementor-element-20334ed elementor-section-boxed elementor-section-height-default elementor-section-height-default\" data-id=\"20334ed\" data-element_type=\"section\" data-e-type=\"section\">\n\t\t\t\t\t\t<div class=\"elementor-container elementor-column-gap-default\">\n\t\t\t\t\t<div class=\"elementor-column elementor-col-100 elementor-inner-column elementor-element elementor-element-e279303\" data-id=\"e279303\" data-element_type=\"column\" data-e-type=\"column\" data-settings=\"{&quot;background_background&quot;:&quot;classic&quot;}\">\n\t\t\t<div class=\"elementor-widget-wrap elementor-element-populated\">\n\t\t\t\t\t\t<div class=\"elementor-element elementor-element-f34b104 elementor-widget elementor-widget-text-editor\" data-id=\"f34b104\" data-element_type=\"widget\" data-e-type=\"widget\" data-widget_type=\"text-editor.default\">\n\t\t\t\t<div class=\"elementor-widget-container\">\n\t\t\t\t\t\t\t\t\t<p>The international project \"DRIM\" was launched on 1 January 2017 under the Interreg Danube Transnational Program to solve the problems of the integration of foreign workers coming legally into Hungary.<\/p><p>The slovenian lead partnership includes partners from the Czech Republic, Croatia, Hungary, Germany, Austria and Serbia, and the consortium is complemented by Bosnian, Czech, Croatian, Austrian, Slovak and Slovenian partners. Hungary is represented in the project by the Central Transdanubian Regional Innovation Agency.<\/p><p>The members of this diverse partnership have different experiences in supporting international mobility: some are mainly host countries (Germany, Austria); others are countries with a high emigration rate (Bosnia and Herzegovina, Croatia, Serbia) and others have a high emigration and immigration rate (Czech Republic, Hungary, Slovakia, Slovenia). Different nations have different experiences and systems for managing foreign workers, which can be shared to help advance the integration of workers.<\/p><p>The main objective of the project is the development of an innovative information tool, the Danube Region Compass, which promotes the integration and employment of those legally entering the country for settling down and working. The development of the Compass, which includes the testing and dissemination of results, is carried out jointly by the partnership, using an international approach. The expected primary results are more efficient functioning of public institutions and authorities dealing with the economic integration of workers, as well as an easier access of immigrants to work and their higher confidence in public services. Nowadays, the project aims to reduce labour shortages in the Hungarian labour market, making easier for companies seeking for manpower to manage and integrate their potential employees.<\/p><p>On 13-14 September 2018, a course on the use of the Danube Compass platform was held in Sz\u00e9kesfeh\u00e9rv\u00e1r for representatives of public institutions brought by the project partners, which will be presented by the Hungarian cooperating municipality in October 2018 in a forum for Hungarian public institutions and authorities.<\/p><p><strong>Project implementation period: January 2017 - June 2019<\/strong><\/p>\t\t\t\t\t\t\t\t<\/div>\n\t\t\t\t<\/div>\n\t\t\t\t<div class=\"elementor-element elementor-element-addf90d elementor-widget elementor-widget-heading\" data-id=\"addf90d\" data-element_type=\"widget\" data-e-type=\"widget\" data-widget_type=\"heading.default\">\n\t\t\t\t<div class=\"elementor-widget-container\">\n\t\t\t\t\t<h4 class=\"elementor-heading-title elementor-size-default\">Project partners:<\/h4>\t\t\t\t<\/div>\n\t\t\t\t<\/div>\n\t\t\t\t<div class=\"elementor-element elementor-element-445fca3 elementor-widget elementor-widget-text-editor\" data-id=\"445fca3\" data-element_type=\"widget\" data-e-type=\"widget\" data-widget_type=\"text-editor.default\">\n\t\t\t\t<div class=\"elementor-widget-container\">\n\t\t\t\t\t\t\t\t\t<ul><li>LP \u2013 Research Centre of the Slovenian Academy of Sciences and Arts (Slovenia)<\/li><li>ERDF PP1 \u2013 Caritas Academy of Diocese Graz-Seckau (Austria)<\/li><li>ERDF PP2 \u2013 Institute of Ethnology, Slovak Academy of Sciences (Slovakia)<\/li><li>ERDF PP3 \u2013 SPF Group, Ltd. (Czech Republic)<\/li><li>ERDF PP4 \u2013 GS gain&amp;sustain OG (Austria)<\/li><li>ERDF PP5 \u2013 Employment Service of Slovenia (Slovenia)<\/li><li>ERDF PP6 \u2013 Center for Peace Studies (Croatia)<\/li><li>ERDF PP7 \u2013 City of Munich, Department of Labor and Economic Development, Local Employment and Qualification Policy (Germany)<\/li><li>ERDF PP8 \u2013 Central Transdanubian Regional Innovation Agency (Hungary)<\/li><li>IPA PP1 \u2013 Lawyers Committee for Human Rights (Serbia)<\/li><li>ASP1 \u2013 Office for Human Rights and Rights of National Minorities, Government of the Republic of Croatia (Croatia)<\/li><li>ASP2 \u2013 Department of Integration of the City of Graz (Austria)<\/li><li>ASP3 \u2013 Commissioner for the Protection of Equality of the Republic of Serbia (Serbia)<\/li><li>ASP4 \u2013 The Municipal Authority of Prague-Libu\u0161 (Czech Republic)<\/li><li>ASP5 \u2013 META, o.p.s. \u2013 Association for Opportunities of Young Migrants (Czech Republic)<\/li><li>ASP6 \u2013 Ministry of Labour, Family, Social Affairs and Equal Opportunities (Slovenia)<\/li><li>ASP7 \u2013 Institute for Labour and Family Research (Slovakia)<\/li><li>ASP8 \u2013 Agency for Labour and Employment of Bosnia and Herzegovina (Bosnia and Herczegovina)<\/li><\/ul>\t\t\t\t\t\t\t\t<\/div>\n\t\t\t\t<\/div>\n\t\t\t\t<div class=\"elementor-element elementor-element-f55e623 elementor-widget elementor-widget-heading\" data-id=\"f55e623\" data-element_type=\"widget\" data-e-type=\"widget\" data-widget_type=\"heading.default\">\n\t\t\t\t<div class=\"elementor-widget-container\">\n\t\t\t\t\t<h4 class=\"elementor-heading-title elementor-size-default\">For more information, visit the project website:<\/h4>\t\t\t\t<\/div>\n\t\t\t\t<\/div>\n\t\t\t\t<div class=\"elementor-element elementor-element-1c3b795 elementor-widget elementor-widget-text-editor\" data-id=\"1c3b795\" data-element_type=\"widget\" data-e-type=\"widget\" data-widget_type=\"text-editor.default\">\n\t\t\t\t<div class=\"elementor-widget-container\">\n\t\t\t\t\t\t\t\t\t<p><a href=\"http:\/\/www.interreg-danube.eu\/approved-projects\/drim\" target=\"_blank\" rel=\"noopener\">http:\/\/www.interreg-danube.eu\/approved-projects\/drim<\/a><\/p>\t\t\t\t\t\t\t\t<\/div>\n\t\t\t\t<\/div>\n\t\t\t\t<div class=\"elementor-element elementor-element-57ffe42 elementor-widget elementor-widget-text-editor\" data-id=\"57ffe42\" data-element_type=\"widget\" data-e-type=\"widget\" data-widget_type=\"text-editor.default\">\n\t\t\t\t<div class=\"elementor-widget-container\">\n\t\t\t\t\t\t\t\t\t<p>The project is implemented through the Danube Transnational Programme, with the support of the European Regional Development Fund, co-financed by the European Union and the Hungarian State.<\/p><p>Project co-funded by European Union funds (ERDF, IPA, ENI).<\/p>\t\t\t\t\t\t\t\t<\/div>\n\t\t\t\t<\/div>\n\t\t\t\t\t<\/div>\n\t\t<\/div>\n\t\t\t\t\t<\/div>\n\t\t<\/section>\n\t\t\t\t\t<\/div>\n\t\t<\/div>\n\t\t\t\t\t<\/div>\n\t\t<\/section>\n\t\t\t\t<\/div>","protected":false},"excerpt":{"rendered":"<p>DRIM A Magyarorsz\u00e1gra \u00e9rkez\u0151 leg\u00e1lis k\u00fclf\u00f6ldi munkav\u00e1llal\u00f3k gazdas\u00e1gi integr\u00e1ci\u00f3ja kapcs\u00e1n felmer\u00fclt probl\u00e9m\u00e1kra keres megold\u00e1st a 2017 janu\u00e1r elsej\u00e9n indult, DRIM elnevez\u00e9s\u0171, Interreg Duna Transznacion\u00e1lis Program keret\u00e9ben megval\u00f3sul\u00f3 nemzetk\u00f6zi projekt. A szlov\u00e9n vezet\u00e9s\u0171 partners\u00e9gben cseh, horv\u00e1t, magyar, n\u00e9met, osztr\u00e1k \u00e9s szerb partnerek k\u00e9pviseltetik magukat, valamint a konzorcium kieg\u00e9sz\u00fcl bosny\u00e1k, cseh, horv\u00e1t, osztr\u00e1k, szlov\u00e1k \u00e9s szlov\u00e9n egy\u00fcttm\u0171k\u00f6d\u0151 [&hellip;]<\/p>\n","protected":false},"author":1,"featured_media":0,"parent":0,"menu_order":0,"comment_status":"closed","ping_status":"closed","template":"","meta":{"site-sidebar-layout":"no-sidebar","site-content-layout":"page-builder","ast-site-content-layout":"default","site-content-style":"default","site-sidebar-style":"default","ast-global-header-display":"","ast-banner-title-visibility":"","ast-main-header-display":"","ast-hfb-above-header-display":"","ast-hfb-below-header-display":"","ast-hfb-mobile-header-display":"","site-post-title":"disabled","ast-breadcrumbs-content":"","ast-featured-img":"disabled","footer-sml-layout":"","ast-disable-related-posts":"","theme-transparent-header-meta":"default","adv-header-id-meta":"","stick-header-meta":"","header-above-stick-meta":"","header-main-stick-meta":"","header-below-stick-meta":"","astra-migrate-meta-layouts":"default","ast-page-background-enabled":"default","ast-page-background-meta":{"desktop":{"background-color":"","background-image":"","background-repeat":"repeat","background-position":"center center","background-size":"auto","background-attachment":"scroll","background-type":"","background-media":"","overlay-type":"","overlay-color":"","overlay-opacity":"","overlay-gradient":""},"tablet":{"background-color":"","background-image":"","background-repeat":"repeat","background-position":"center center","background-size":"auto","background-attachment":"scroll","background-type":"","background-media":"","overlay-type":"","overlay-color":"","overlay-opacity":"","overlay-gradient":""},"mobile":{"background-color":"","background-image":"","background-repeat":"repeat","background-position":"center center","background-size":"auto","background-attachment":"scroll","background-type":"","background-media":"","overlay-type":"","overlay-color":"","overlay-opacity":"","overlay-gradient":""}},"ast-content-background-meta":{"desktop":{"background-color":"var(--ast-global-color-5)","background-image":"","background-repeat":"repeat","background-position":"center center","background-size":"auto","background-attachment":"scroll","background-type":"","background-media":"","overlay-type":"","overlay-color":"","overlay-opacity":"","overlay-gradient":""},"tablet":{"background-color":"var(--ast-global-color-5)","background-image":"","background-repeat":"repeat","background-position":"center center","background-size":"auto","background-attachment":"scroll","background-type":"","background-media":"","overlay-type":"","overlay-color":"","overlay-opacity":"","overlay-gradient":""},"mobile":{"background-color":"var(--ast-global-color-5)","background-image":"","background-repeat":"repeat","background-position":"center center","background-size":"auto","background-attachment":"scroll","background-type":"","background-media":"","overlay-type":"","overlay-color":"","overlay-opacity":"","overlay-gradient":""}},"footnotes":""},"class_list":["post-3651","page","type-page","status-publish","hentry"],"_links":{"self":[{"href":"http:\/\/www.kdriu.hu\/en\/wp-json\/wp\/v2\/pages\/3651","targetHints":{"allow":["GET"]}}],"collection":[{"href":"http:\/\/www.kdriu.hu\/en\/wp-json\/wp\/v2\/pages"}],"about":[{"href":"http:\/\/www.kdriu.hu\/en\/wp-json\/wp\/v2\/types\/page"}],"author":[{"embeddable":true,"href":"http:\/\/www.kdriu.hu\/en\/wp-json\/wp\/v2\/users\/1"}],"replies":[{"embeddable":true,"href":"http:\/\/www.kdriu.hu\/en\/wp-json\/wp\/v2\/comments?post=3651"}],"version-history":[{"count":13,"href":"http:\/\/www.kdriu.hu\/en\/wp-json\/wp\/v2\/pages\/3651\/revisions"}],"predecessor-version":[{"id":3664,"href":"http:\/\/www.kdriu.hu\/en\/wp-json\/wp\/v2\/pages\/3651\/revisions\/3664"}],"wp:attachment":[{"href":"http:\/\/www.kdriu.hu\/en\/wp-json\/wp\/v2\/media?parent=3651"}],"curies":[{"name":"wp","href":"https:\/\/api.w.org\/{rel}","templated":true}]}}