{"id":5134,"date":"2021-08-23T11:09:35","date_gmt":"2021-08-23T11:09:35","guid":{"rendered":"http:\/\/www.kdriu.hu\/?page_id=5134"},"modified":"2021-08-25T12:13:32","modified_gmt":"2021-08-25T12:13:32","slug":"kkip-film-video-televiziomusor","status":"publish","type":"page","link":"http:\/\/www.kdriu.hu\/en\/kkip-film-video-televiziomusor\/","title":{"rendered":"Kultur\u00e1lis \u00e9s Kreat\u00edv Ipari Platform &#8211; Film, video, telev\u00edzi\u00f3m\u0171sor gy\u00e1rt\u00e1sa, hangfelv\u00e9tel-kiad\u00e1s"},"content":{"rendered":"<div data-elementor-type=\"wp-page\" data-elementor-id=\"5134\" class=\"elementor elementor-5134\" data-elementor-post-type=\"page\">\n\t\t\t\t\t\t<section class=\"elementor-section elementor-top-section elementor-element elementor-element-fea38d6 elementor-section-stretched elementor-section-height-min-height elementor-section-boxed elementor-section-height-default elementor-section-items-middle elementor-invisible\" data-id=\"fea38d6\" data-element_type=\"section\" data-e-type=\"section\" data-settings=\"{&quot;background_background&quot;:&quot;classic&quot;,&quot;stretch_section&quot;:&quot;section-stretched&quot;,&quot;animation&quot;:&quot;fadeIn&quot;}\">\n\t\t\t\t\t\t\t<div class=\"elementor-background-overlay\"><\/div>\n\t\t\t\t\t\t\t<div class=\"elementor-container elementor-column-gap-no\">\n\t\t\t\t\t<div class=\"elementor-column elementor-col-100 elementor-top-column elementor-element elementor-element-67a4832\" data-id=\"67a4832\" data-element_type=\"column\" data-e-type=\"column\">\n\t\t\t<div class=\"elementor-widget-wrap elementor-element-populated\">\n\t\t\t\t\t\t<div class=\"elementor-element elementor-element-9910400 elementor-widget elementor-widget-spacer\" data-id=\"9910400\" data-element_type=\"widget\" data-e-type=\"widget\" data-widget_type=\"spacer.default\">\n\t\t\t\t<div class=\"elementor-widget-container\">\n\t\t\t\t\t\t\t<div class=\"elementor-spacer\">\n\t\t\t<div class=\"elementor-spacer-inner\"><\/div>\n\t\t<\/div>\n\t\t\t\t\t\t<\/div>\n\t\t\t\t<\/div>\n\t\t\t\t<div class=\"elementor-element elementor-element-a6201ab elementor-widget elementor-widget-heading\" data-id=\"a6201ab\" data-element_type=\"widget\" data-e-type=\"widget\" data-widget_type=\"heading.default\">\n\t\t\t\t<div class=\"elementor-widget-container\">\n\t\t\t\t\t<h1 class=\"elementor-heading-title elementor-size-default\">Kultur\u00e1lis \u00e9s Kreat\u00edv Ipari Platform<\/h1>\t\t\t\t<\/div>\n\t\t\t\t<\/div>\n\t\t\t\t<div class=\"elementor-element elementor-element-1b0d624 elementor-widget elementor-widget-text-editor\" data-id=\"1b0d624\" data-element_type=\"widget\" data-e-type=\"widget\" data-widget_type=\"text-editor.default\">\n\t\t\t\t<div class=\"elementor-widget-container\">\n\t\t\t\t\t\t\t\t\t<h4><span style=\"color: #ffffff;\">Film, video, telev\u00edzi\u00f3m\u0171sor gy\u00e1rt\u00e1sa, hangfelv\u00e9tel-kiad\u00e1s<\/span><\/h4>\t\t\t\t\t\t\t\t<\/div>\n\t\t\t\t<\/div>\n\t\t\t\t\t<\/div>\n\t\t<\/div>\n\t\t\t\t\t<\/div>\n\t\t<\/section>\n\t\t\t\t<section class=\"elementor-section elementor-top-section elementor-element elementor-element-cc586ca elementor-section-stretched elementor-section-boxed elementor-section-height-default elementor-section-height-default\" data-id=\"cc586ca\" data-element_type=\"section\" data-e-type=\"section\" data-settings=\"{&quot;stretch_section&quot;:&quot;section-stretched&quot;,&quot;background_background&quot;:&quot;classic&quot;}\">\n\t\t\t\t\t\t<div class=\"elementor-container elementor-column-gap-no\">\n\t\t\t\t\t<div class=\"elementor-column elementor-col-100 elementor-top-column elementor-element elementor-element-d96a018\" data-id=\"d96a018\" data-element_type=\"column\" data-e-type=\"column\">\n\t\t\t<div class=\"elementor-widget-wrap elementor-element-populated\">\n\t\t\t\t\t\t<section class=\"elementor-section elementor-inner-section elementor-element elementor-element-7d2056d elementor-section-boxed elementor-section-height-default elementor-section-height-default\" data-id=\"7d2056d\" data-element_type=\"section\" data-e-type=\"section\">\n\t\t\t\t\t\t<div class=\"elementor-container elementor-column-gap-default\">\n\t\t\t\t\t<div class=\"elementor-column elementor-col-50 elementor-inner-column elementor-element elementor-element-7d739fb\" data-id=\"7d739fb\" data-element_type=\"column\" data-e-type=\"column\" data-settings=\"{&quot;background_background&quot;:&quot;classic&quot;}\">\n\t\t\t<div class=\"elementor-widget-wrap elementor-element-populated\">\n\t\t\t\t\t\t<div class=\"elementor-element elementor-element-0c54841 elementor-widget elementor-widget-image\" data-id=\"0c54841\" data-element_type=\"widget\" data-e-type=\"widget\" data-widget_type=\"image.default\">\n\t\t\t\t<div class=\"elementor-widget-container\">\n\t\t\t\t\t\t\t\t\t\t\t\t\t\t\t<img fetchpriority=\"high\" decoding=\"async\" width=\"768\" height=\"576\" src=\"https:\/\/www.kdriu.hu\/wp-content\/uploads\/2021\/08\/mumgoesgreen_web-768x576.jpg\" class=\"attachment-medium_large size-medium_large wp-image-5238\" alt=\"\" srcset=\"https:\/\/www.kdriu.hu\/wp-content\/uploads\/2021\/08\/mumgoesgreen_web-768x576.jpg 768w, https:\/\/www.kdriu.hu\/wp-content\/uploads\/2021\/08\/mumgoesgreen_web-300x225.jpg 300w, https:\/\/www.kdriu.hu\/wp-content\/uploads\/2021\/08\/mumgoesgreen_web-16x12.jpg 16w, https:\/\/www.kdriu.hu\/wp-content\/uploads\/2021\/08\/mumgoesgreen_web.jpg 816w\" sizes=\"(max-width: 768px) 100vw, 768px\" \/>\t\t\t\t\t\t\t\t\t\t\t\t\t\t\t<\/div>\n\t\t\t\t<\/div>\n\t\t\t\t\t<\/div>\n\t\t<\/div>\n\t\t\t\t<div class=\"elementor-column elementor-col-50 elementor-inner-column elementor-element elementor-element-398baa9\" data-id=\"398baa9\" data-element_type=\"column\" data-e-type=\"column\" data-settings=\"{&quot;background_background&quot;:&quot;classic&quot;}\">\n\t\t\t<div class=\"elementor-widget-wrap elementor-element-populated\">\n\t\t\t\t\t\t<div class=\"elementor-element elementor-element-ced71ff elementor-widget elementor-widget-heading\" data-id=\"ced71ff\" data-element_type=\"widget\" data-e-type=\"widget\" data-widget_type=\"heading.default\">\n\t\t\t\t<div class=\"elementor-widget-container\">\n\t\t\t\t\t<h3 class=\"elementor-heading-title elementor-size-default\">Mum Goes Green<\/h3>\t\t\t\t<\/div>\n\t\t\t\t<\/div>\n\t\t\t\t<div class=\"elementor-element elementor-element-3c80719 elementor-widget elementor-widget-text-editor\" data-id=\"3c80719\" data-element_type=\"widget\" data-e-type=\"widget\" data-widget_type=\"text-editor.default\">\n\t\t\t\t<div class=\"elementor-widget-container\">\n\t\t\t\t\t\t\t\t\t<p><strong>A szervezet c\u00edme:<\/strong> \u00a02483 G\u00e1rdony, Babits Mih\u00e1ly utca 29.<\/p><p><strong>Weboldal: &#8211;<\/strong><\/p><p><strong>K\u00f6z\u00f6ss\u00e9gi oldalak: <\/strong><a href=\"https:\/\/www.facebook.com\/MumGoesGreen\" target=\"_blank\" rel=\"noopener\">https:\/\/www.facebook.com\/MumGoesGreen<\/a><strong><br \/>Kapcsolattart\u00f3 neve: <\/strong>Vir\u00e1g Krisztina<strong><br \/>E-mail: <\/strong>mumgoesgreen@gmail.com<strong><br \/>Phone: <\/strong>+36 70 661 0235<\/p><p><strong>A szervezet konkr\u00e9t tev\u00e9kenys\u00e9ge:<\/strong> Szeml\u00e9letform\u00e1l\u00e1si oktat\u00e1s, sz\u00f6veg\u00edr\u00e1s, vide\u00f3gy\u00e1rt\u00e1s.<\/p><p><strong>R\u00f6vid bemutatkoz\u00e1s:<\/strong> Tev\u00e9kenys\u00e9gemmel a Velencei-tavi fenttarthat\u00f3s\u00e1g\u00e9rt dolgozom. Szeml\u00e9letform\u00e1l\u00f3 vide\u00f3k gy\u00e1rt\u00e1sa, sz\u00f6veg\u00edr\u00e1s, esem\u00e9nyek szervez\u00e9se, z\u00f6ld projektek kialak\u00edt\u00e1sa, \u00e9s a k\u00f6rny\u00e9ken dolgoz\u00f3, z\u00f6ld ter\u00fcleten m\u0171k\u00f6d\u0151 c\u00e9gek virtu\u00e1lis asszisztenci\u00e1j\u00e1t l\u00e1tom el.<\/p>\t\t\t\t\t\t\t\t<\/div>\n\t\t\t\t<\/div>\n\t\t\t\t\t<\/div>\n\t\t<\/div>\n\t\t\t\t\t<\/div>\n\t\t<\/section>\n\t\t\t\t\t<\/div>\n\t\t<\/div>\n\t\t\t\t\t<\/div>\n\t\t<\/section>\n\t\t\t\t<\/div>","protected":false},"excerpt":{"rendered":"<p>Kultur\u00e1lis \u00e9s Kreat\u00edv Ipari Platform Film, video, telev\u00edzi\u00f3m\u0171sor gy\u00e1rt\u00e1sa, hangfelv\u00e9tel-kiad\u00e1s Mum Goes Green A szervezet c\u00edme: &nbsp;2483 G\u00e1rdony, Babits Mih\u00e1ly utca 29. Weboldal: &#8211; K\u00f6z\u00f6ss\u00e9gi oldalak: https:\/\/www.facebook.com\/MumGoesGreen Kapcsolattart\u00f3 neve: Vir\u00e1g Krisztina E-mail: mumgoesgreen@gmail.com Telefon: +36 70 661 0235 A szervezet konkr\u00e9t tev\u00e9kenys\u00e9ge: Szeml\u00e9letform\u00e1l\u00e1si oktat\u00e1s, sz\u00f6veg\u00edr\u00e1s, vide\u00f3gy\u00e1rt\u00e1s. R\u00f6vid bemutatkoz\u00e1s: Tev\u00e9kenys\u00e9gemmel a Velencei-tavi fenttarthat\u00f3s\u00e1g\u00e9rt dolgozom. Szeml\u00e9letform\u00e1l\u00f3 vide\u00f3k [&hellip;]<\/p>\n","protected":false},"author":1,"featured_media":0,"parent":0,"menu_order":0,"comment_status":"closed","ping_status":"closed","template":"","meta":{"site-sidebar-layout":"no-sidebar","site-content-layout":"page-builder","ast-site-content-layout":"default","site-content-style":"default","site-sidebar-style":"default","ast-global-header-display":"","ast-banner-title-visibility":"","ast-main-header-display":"","ast-hfb-above-header-display":"","ast-hfb-below-header-display":"","ast-hfb-mobile-header-display":"","site-post-title":"disabled","ast-breadcrumbs-content":"","ast-featured-img":"disabled","footer-sml-layout":"","ast-disable-related-posts":"","theme-transparent-header-meta":"default","adv-header-id-meta":"","stick-header-meta":"","header-above-stick-meta":"","header-main-stick-meta":"","header-below-stick-meta":"","astra-migrate-meta-layouts":"default","ast-page-background-enabled":"default","ast-page-background-meta":{"desktop":{"background-color":"","background-image":"","background-repeat":"repeat","background-position":"center center","background-size":"auto","background-attachment":"scroll","background-type":"","background-media":"","overlay-type":"","overlay-color":"","overlay-opacity":"","overlay-gradient":""},"tablet":{"background-color":"","background-image":"","background-repeat":"repeat","background-position":"center center","background-size":"auto","background-attachment":"scroll","background-type":"","background-media":"","overlay-type":"","overlay-color":"","overlay-opacity":"","overlay-gradient":""},"mobile":{"background-color":"","background-image":"","background-repeat":"repeat","background-position":"center center","background-size":"auto","background-attachment":"scroll","background-type":"","background-media":"","overlay-type":"","overlay-color":"","overlay-opacity":"","overlay-gradient":""}},"ast-content-background-meta":{"desktop":{"background-color":"var(--ast-global-color-5)","background-image":"","background-repeat":"repeat","background-position":"center center","background-size":"auto","background-attachment":"scroll","background-type":"","background-media":"","overlay-type":"","overlay-color":"","overlay-opacity":"","overlay-gradient":""},"tablet":{"background-color":"var(--ast-global-color-5)","background-image":"","background-repeat":"repeat","background-position":"center center","background-size":"auto","background-attachment":"scroll","background-type":"","background-media":"","overlay-type":"","overlay-color":"","overlay-opacity":"","overlay-gradient":""},"mobile":{"background-color":"var(--ast-global-color-5)","background-image":"","background-repeat":"repeat","background-position":"center center","background-size":"auto","background-attachment":"scroll","background-type":"","background-media":"","overlay-type":"","overlay-color":"","overlay-opacity":"","overlay-gradient":""}},"footnotes":""},"class_list":["post-5134","page","type-page","status-publish","hentry"],"_links":{"self":[{"href":"http:\/\/www.kdriu.hu\/en\/wp-json\/wp\/v2\/pages\/5134","targetHints":{"allow":["GET"]}}],"collection":[{"href":"http:\/\/www.kdriu.hu\/en\/wp-json\/wp\/v2\/pages"}],"about":[{"href":"http:\/\/www.kdriu.hu\/en\/wp-json\/wp\/v2\/types\/page"}],"author":[{"embeddable":true,"href":"http:\/\/www.kdriu.hu\/en\/wp-json\/wp\/v2\/users\/1"}],"replies":[{"embeddable":true,"href":"http:\/\/www.kdriu.hu\/en\/wp-json\/wp\/v2\/comments?post=5134"}],"version-history":[{"count":17,"href":"http:\/\/www.kdriu.hu\/en\/wp-json\/wp\/v2\/pages\/5134\/revisions"}],"predecessor-version":[{"id":5397,"href":"http:\/\/www.kdriu.hu\/en\/wp-json\/wp\/v2\/pages\/5134\/revisions\/5397"}],"wp:attachment":[{"href":"http:\/\/www.kdriu.hu\/en\/wp-json\/wp\/v2\/media?parent=5134"}],"curies":[{"name":"wp","href":"https:\/\/api.w.org\/{rel}","templated":true}]}}