{"id":5150,"date":"2021-08-23T11:16:01","date_gmt":"2021-08-23T11:16:01","guid":{"rendered":"http:\/\/www.kdriu.hu\/?page_id=5150"},"modified":"2021-08-25T12:00:38","modified_gmt":"2021-08-25T12:00:38","slug":"kkip-epiteszmernoki-tevekenyseg","status":"publish","type":"page","link":"http:\/\/www.kdriu.hu\/en\/kkip-epiteszmernoki-tevekenyseg\/","title":{"rendered":"Kultur\u00e1lis \u00e9s Kreat\u00edv Ipari Platform &#8211; \u00c9p\u00edt\u00e9szm\u00e9rn\u00f6ki tev\u00e9kenys\u00e9g, m\u0171szaki vizsg\u00e1lat, elemz\u00e9s"},"content":{"rendered":"<div data-elementor-type=\"wp-page\" data-elementor-id=\"5150\" class=\"elementor elementor-5150\" data-elementor-post-type=\"page\">\n\t\t\t\t\t\t<section class=\"elementor-section elementor-top-section elementor-element elementor-element-83f3588 elementor-section-stretched elementor-section-height-min-height elementor-section-boxed elementor-section-height-default elementor-section-items-middle elementor-invisible\" data-id=\"83f3588\" data-element_type=\"section\" data-e-type=\"section\" data-settings=\"{&quot;background_background&quot;:&quot;classic&quot;,&quot;stretch_section&quot;:&quot;section-stretched&quot;,&quot;animation&quot;:&quot;fadeIn&quot;}\">\n\t\t\t\t\t\t\t<div class=\"elementor-background-overlay\"><\/div>\n\t\t\t\t\t\t\t<div class=\"elementor-container elementor-column-gap-no\">\n\t\t\t\t\t<div class=\"elementor-column elementor-col-100 elementor-top-column elementor-element elementor-element-0168173\" data-id=\"0168173\" data-element_type=\"column\" data-e-type=\"column\">\n\t\t\t<div class=\"elementor-widget-wrap elementor-element-populated\">\n\t\t\t\t\t\t<div class=\"elementor-element elementor-element-f68dd2e elementor-widget elementor-widget-spacer\" data-id=\"f68dd2e\" data-element_type=\"widget\" data-e-type=\"widget\" data-widget_type=\"spacer.default\">\n\t\t\t\t<div class=\"elementor-widget-container\">\n\t\t\t\t\t\t\t<div class=\"elementor-spacer\">\n\t\t\t<div class=\"elementor-spacer-inner\"><\/div>\n\t\t<\/div>\n\t\t\t\t\t\t<\/div>\n\t\t\t\t<\/div>\n\t\t\t\t<div class=\"elementor-element elementor-element-b6db9a8 elementor-widget elementor-widget-heading\" data-id=\"b6db9a8\" data-element_type=\"widget\" data-e-type=\"widget\" data-widget_type=\"heading.default\">\n\t\t\t\t<div class=\"elementor-widget-container\">\n\t\t\t\t\t<h1 class=\"elementor-heading-title elementor-size-default\">Kultur\u00e1lis \u00e9s Kreat\u00edv Ipari Platform<\/h1>\t\t\t\t<\/div>\n\t\t\t\t<\/div>\n\t\t\t\t<div class=\"elementor-element elementor-element-02d4388 elementor-widget elementor-widget-text-editor\" data-id=\"02d4388\" data-element_type=\"widget\" data-e-type=\"widget\" data-widget_type=\"text-editor.default\">\n\t\t\t\t<div class=\"elementor-widget-container\">\n\t\t\t\t\t\t\t\t\t<h4><span style=\"color: #ffffff;\">\u00c9p\u00edt\u00e9szm\u00e9rn\u00f6ki tev\u00e9kenys\u00e9g, m\u0171szaki vizsg\u00e1lat, elemz\u00e9s<\/span><\/h4>\t\t\t\t\t\t\t\t<\/div>\n\t\t\t\t<\/div>\n\t\t\t\t\t<\/div>\n\t\t<\/div>\n\t\t\t\t\t<\/div>\n\t\t<\/section>\n\t\t\t\t<section class=\"elementor-section elementor-top-section elementor-element elementor-element-4dff16d elementor-section-stretched elementor-section-boxed elementor-section-height-default elementor-section-height-default\" data-id=\"4dff16d\" data-element_type=\"section\" data-e-type=\"section\" data-settings=\"{&quot;stretch_section&quot;:&quot;section-stretched&quot;,&quot;background_background&quot;:&quot;classic&quot;}\">\n\t\t\t\t\t\t<div class=\"elementor-container elementor-column-gap-no\">\n\t\t\t\t\t<div class=\"elementor-column elementor-col-100 elementor-top-column elementor-element elementor-element-686663b\" data-id=\"686663b\" data-element_type=\"column\" data-e-type=\"column\">\n\t\t\t<div class=\"elementor-widget-wrap elementor-element-populated\">\n\t\t\t\t\t\t<section class=\"elementor-section elementor-inner-section elementor-element elementor-element-07a2344 elementor-section-boxed elementor-section-height-default elementor-section-height-default\" data-id=\"07a2344\" data-element_type=\"section\" data-e-type=\"section\">\n\t\t\t\t\t\t<div class=\"elementor-container elementor-column-gap-default\">\n\t\t\t\t\t<div class=\"elementor-column elementor-col-50 elementor-inner-column elementor-element elementor-element-496c044\" data-id=\"496c044\" data-element_type=\"column\" data-e-type=\"column\" data-settings=\"{&quot;background_background&quot;:&quot;classic&quot;}\">\n\t\t\t<div class=\"elementor-widget-wrap elementor-element-populated\">\n\t\t\t\t\t\t<div class=\"elementor-element elementor-element-ecb4ff4 elementor-widget elementor-widget-image\" data-id=\"ecb4ff4\" data-element_type=\"widget\" data-e-type=\"widget\" data-widget_type=\"image.default\">\n\t\t\t\t<div class=\"elementor-widget-container\">\n\t\t\t\t\t\t\t\t\t\t\t\t\t\t\t<img fetchpriority=\"high\" decoding=\"async\" width=\"768\" height=\"600\" src=\"https:\/\/www.kdriu.hu\/wp-content\/uploads\/2021\/08\/kortekert_web-768x600.jpg\" class=\"attachment-medium_large size-medium_large wp-image-5228\" alt=\"\" srcset=\"https:\/\/www.kdriu.hu\/wp-content\/uploads\/2021\/08\/kortekert_web-768x600.jpg 768w, https:\/\/www.kdriu.hu\/wp-content\/uploads\/2021\/08\/kortekert_web-300x234.jpg 300w, https:\/\/www.kdriu.hu\/wp-content\/uploads\/2021\/08\/kortekert_web-15x12.jpg 15w, https:\/\/www.kdriu.hu\/wp-content\/uploads\/2021\/08\/kortekert_web.jpg 816w\" sizes=\"(max-width: 768px) 100vw, 768px\" \/>\t\t\t\t\t\t\t\t\t\t\t\t\t\t\t<\/div>\n\t\t\t\t<\/div>\n\t\t\t\t\t<\/div>\n\t\t<\/div>\n\t\t\t\t<div class=\"elementor-column elementor-col-50 elementor-inner-column elementor-element elementor-element-569d0de\" data-id=\"569d0de\" data-element_type=\"column\" data-e-type=\"column\" data-settings=\"{&quot;background_background&quot;:&quot;classic&quot;}\">\n\t\t\t<div class=\"elementor-widget-wrap elementor-element-populated\">\n\t\t\t\t\t\t<div class=\"elementor-element elementor-element-d46d2ad elementor-widget elementor-widget-heading\" data-id=\"d46d2ad\" data-element_type=\"widget\" data-e-type=\"widget\" data-widget_type=\"heading.default\">\n\t\t\t\t<div class=\"elementor-widget-container\">\n\t\t\t\t\t<h3 class=\"elementor-heading-title elementor-size-default\">K\u00f6rTeKert T\u00e1j-\u00e9s Kert\u00e9p\u00edt\u00e9sz St\u00fadi\u00f3<\/h3>\t\t\t\t<\/div>\n\t\t\t\t<\/div>\n\t\t\t\t<div class=\"elementor-element elementor-element-5203ffa elementor-widget elementor-widget-text-editor\" data-id=\"5203ffa\" data-element_type=\"widget\" data-e-type=\"widget\" data-widget_type=\"text-editor.default\">\n\t\t\t\t<div class=\"elementor-widget-container\">\n\t\t\t\t\t\t\t\t\t<p><strong>A szervezet c\u00edme:<\/strong>\u00a08000 Sz\u00e9kesfeh\u00e9rv\u00e1r, Budai \u00fat 107.<\/p><p><strong>Weboldal: <\/strong><a href=\"http:\/\/www.argus-kft.hu\/kerttervezes\" target=\"_blank\" rel=\"noopener\">http:\/\/www.argus-kft.hu\/kerttervezes<\/a><\/p><p><strong>K\u00f6z\u00f6ss\u00e9gi oldalak: <\/strong><a href=\"http:\/\/-\">&#8211;<\/a><strong><br \/>Kapcsolattart\u00f3 neve: <\/strong>Vojtek T\u00edmea<strong><br \/>E-mail: <\/strong>timvojtek@gmail.com<strong><br \/>Phone: <\/strong>+36 20 382 2193<\/p><p><strong>A szervezet konkr\u00e9t tev\u00e9kenys\u00e9ge:<\/strong> T\u00e1j-\u00e9s kert\u00e9p\u00edt\u00e9szeti tervez\u00e9s<\/p><p><strong>R\u00f6vid bemutatkoz\u00e1s:<\/strong> Mag\u00e1nkertek \u00e9s k\u00f6zterek, k\u00f6zparkok tervez\u00e9s\u00e9vel foglalkozunk, els\u0151sorban Sz\u00e9kesfeh\u00e9rv\u00e1r vonz\u00e1sk\u00f6rzet\u00e9ben.<\/p>\t\t\t\t\t\t\t\t<\/div>\n\t\t\t\t<\/div>\n\t\t\t\t\t<\/div>\n\t\t<\/div>\n\t\t\t\t\t<\/div>\n\t\t<\/section>\n\t\t\t\t\t<\/div>\n\t\t<\/div>\n\t\t\t\t\t<\/div>\n\t\t<\/section>\n\t\t\t\t<\/div>","protected":false},"excerpt":{"rendered":"<p>Kultur\u00e1lis \u00e9s Kreat\u00edv Ipari Platform \u00c9p\u00edt\u00e9szm\u00e9rn\u00f6ki tev\u00e9kenys\u00e9g, m\u0171szaki vizsg\u00e1lat, elemz\u00e9s K\u00f6rTeKert T\u00e1j-\u00e9s Kert\u00e9p\u00edt\u00e9sz St\u00fadi\u00f3 A szervezet c\u00edme:&nbsp;8000 Sz\u00e9kesfeh\u00e9rv\u00e1r, Budai \u00fat 107. Weboldal: http:\/\/www.argus-kft.hu\/kerttervezes K\u00f6z\u00f6ss\u00e9gi oldalak: &#8211; Kapcsolattart\u00f3 neve: Vojtek T\u00edmea E-mail: timvojtek@gmail.com Telefon: +36 20 382 2193 A szervezet konkr\u00e9t tev\u00e9kenys\u00e9ge: T\u00e1j-\u00e9s kert\u00e9p\u00edt\u00e9szeti tervez\u00e9s R\u00f6vid bemutatkoz\u00e1s: Mag\u00e1nkertek \u00e9s k\u00f6zterek, k\u00f6zparkok tervez\u00e9s\u00e9vel foglalkozunk, els\u0151sorban Sz\u00e9kesfeh\u00e9rv\u00e1r vonz\u00e1sk\u00f6rzet\u00e9ben.<\/p>","protected":false},"author":1,"featured_media":0,"parent":0,"menu_order":0,"comment_status":"closed","ping_status":"closed","template":"","meta":{"site-sidebar-layout":"no-sidebar","site-content-layout":"page-builder","ast-site-content-layout":"default","site-content-style":"default","site-sidebar-style":"default","ast-global-header-display":"","ast-banner-title-visibility":"","ast-main-header-display":"","ast-hfb-above-header-display":"","ast-hfb-below-header-display":"","ast-hfb-mobile-header-display":"","site-post-title":"disabled","ast-breadcrumbs-content":"","ast-featured-img":"disabled","footer-sml-layout":"","ast-disable-related-posts":"","theme-transparent-header-meta":"default","adv-header-id-meta":"","stick-header-meta":"","header-above-stick-meta":"","header-main-stick-meta":"","header-below-stick-meta":"","astra-migrate-meta-layouts":"default","ast-page-background-enabled":"default","ast-page-background-meta":{"desktop":{"background-color":"","background-image":"","background-repeat":"repeat","background-position":"center center","background-size":"auto","background-attachment":"scroll","background-type":"","background-media":"","overlay-type":"","overlay-color":"","overlay-opacity":"","overlay-gradient":""},"tablet":{"background-color":"","background-image":"","background-repeat":"repeat","background-position":"center center","background-size":"auto","background-attachment":"scroll","background-type":"","background-media":"","overlay-type":"","overlay-color":"","overlay-opacity":"","overlay-gradient":""},"mobile":{"background-color":"","background-image":"","background-repeat":"repeat","background-position":"center center","background-size":"auto","background-attachment":"scroll","background-type":"","background-media":"","overlay-type":"","overlay-color":"","overlay-opacity":"","overlay-gradient":""}},"ast-content-background-meta":{"desktop":{"background-color":"var(--ast-global-color-5)","background-image":"","background-repeat":"repeat","background-position":"center center","background-size":"auto","background-attachment":"scroll","background-type":"","background-media":"","overlay-type":"","overlay-color":"","overlay-opacity":"","overlay-gradient":""},"tablet":{"background-color":"var(--ast-global-color-5)","background-image":"","background-repeat":"repeat","background-position":"center center","background-size":"auto","background-attachment":"scroll","background-type":"","background-media":"","overlay-type":"","overlay-color":"","overlay-opacity":"","overlay-gradient":""},"mobile":{"background-color":"var(--ast-global-color-5)","background-image":"","background-repeat":"repeat","background-position":"center center","background-size":"auto","background-attachment":"scroll","background-type":"","background-media":"","overlay-type":"","overlay-color":"","overlay-opacity":"","overlay-gradient":""}},"footnotes":""},"class_list":["post-5150","page","type-page","status-publish","hentry"],"_links":{"self":[{"href":"http:\/\/www.kdriu.hu\/en\/wp-json\/wp\/v2\/pages\/5150","targetHints":{"allow":["GET"]}}],"collection":[{"href":"http:\/\/www.kdriu.hu\/en\/wp-json\/wp\/v2\/pages"}],"about":[{"href":"http:\/\/www.kdriu.hu\/en\/wp-json\/wp\/v2\/types\/page"}],"author":[{"embeddable":true,"href":"http:\/\/www.kdriu.hu\/en\/wp-json\/wp\/v2\/users\/1"}],"replies":[{"embeddable":true,"href":"http:\/\/www.kdriu.hu\/en\/wp-json\/wp\/v2\/comments?post=5150"}],"version-history":[{"count":17,"href":"http:\/\/www.kdriu.hu\/en\/wp-json\/wp\/v2\/pages\/5150\/revisions"}],"predecessor-version":[{"id":5392,"href":"http:\/\/www.kdriu.hu\/en\/wp-json\/wp\/v2\/pages\/5150\/revisions\/5392"}],"wp:attachment":[{"href":"http:\/\/www.kdriu.hu\/en\/wp-json\/wp\/v2\/media?parent=5150"}],"curies":[{"name":"wp","href":"https:\/\/api.w.org\/{rel}","templated":true}]}}