{"id":6017,"date":"2022-01-17T12:26:05","date_gmt":"2022-01-17T12:26:05","guid":{"rendered":"http:\/\/www.kdriu.hu\/?page_id=6017"},"modified":"2023-02-08T09:47:04","modified_gmt":"2023-02-08T09:47:04","slug":"young-greentrepreneurs","status":"publish","type":"page","link":"http:\/\/www.kdriu.hu\/en\/young-greentrepreneurs\/","title":{"rendered":"Young GREENtrepreneurs | Eramus+"},"content":{"rendered":"<div data-elementor-type=\"wp-page\" data-elementor-id=\"6017\" class=\"elementor elementor-6017\" data-elementor-post-type=\"page\">\n\t\t\t\t\t\t<section class=\"elementor-section elementor-top-section elementor-element elementor-element-2884b454 elementor-section-stretched elementor-section-height-min-height elementor-section-boxed elementor-section-height-default elementor-section-items-middle elementor-invisible\" data-id=\"2884b454\" data-element_type=\"section\" data-e-type=\"section\" data-settings=\"{&quot;background_background&quot;:&quot;classic&quot;,&quot;stretch_section&quot;:&quot;section-stretched&quot;,&quot;animation&quot;:&quot;fadeIn&quot;}\">\n\t\t\t\t\t\t\t<div class=\"elementor-background-overlay\"><\/div>\n\t\t\t\t\t\t\t<div class=\"elementor-container elementor-column-gap-no\">\n\t\t\t\t\t<div class=\"elementor-column elementor-col-100 elementor-top-column elementor-element elementor-element-7ad59b62\" data-id=\"7ad59b62\" data-element_type=\"column\" data-e-type=\"column\">\n\t\t\t<div class=\"elementor-widget-wrap elementor-element-populated\">\n\t\t\t\t\t\t<div class=\"elementor-element elementor-element-602c9c15 elementor-widget elementor-widget-spacer\" data-id=\"602c9c15\" data-element_type=\"widget\" data-e-type=\"widget\" data-widget_type=\"spacer.default\">\n\t\t\t\t<div class=\"elementor-widget-container\">\n\t\t\t\t\t\t\t<div class=\"elementor-spacer\">\n\t\t\t<div class=\"elementor-spacer-inner\"><\/div>\n\t\t<\/div>\n\t\t\t\t\t\t<\/div>\n\t\t\t\t<\/div>\n\t\t\t\t<div class=\"elementor-element elementor-element-7d3ff6ae elementor-widget elementor-widget-heading\" data-id=\"7d3ff6ae\" data-element_type=\"widget\" data-e-type=\"widget\" data-widget_type=\"heading.default\">\n\t\t\t\t<div class=\"elementor-widget-container\">\n\t\t\t\t\t<h2 class=\"elementor-heading-title elementor-size-default\">Young GREENtrepreneurs | Erasmus+<\/h2>\t\t\t\t<\/div>\n\t\t\t\t<\/div>\n\t\t\t\t\t<\/div>\n\t\t<\/div>\n\t\t\t\t\t<\/div>\n\t\t<\/section>\n\t\t\t\t<section class=\"elementor-section elementor-top-section elementor-element elementor-element-33c54f59 elementor-section-stretched elementor-section-boxed elementor-section-height-default elementor-section-height-default\" data-id=\"33c54f59\" data-element_type=\"section\" data-e-type=\"section\" data-settings=\"{&quot;stretch_section&quot;:&quot;section-stretched&quot;,&quot;background_background&quot;:&quot;classic&quot;}\">\n\t\t\t\t\t\t<div class=\"elementor-container elementor-column-gap-no\">\n\t\t\t\t\t<div class=\"elementor-column elementor-col-100 elementor-top-column elementor-element elementor-element-770e26f3\" data-id=\"770e26f3\" data-element_type=\"column\" data-e-type=\"column\">\n\t\t\t<div class=\"elementor-widget-wrap elementor-element-populated\">\n\t\t\t\t\t\t<section class=\"elementor-section elementor-inner-section elementor-element elementor-element-14d7a105 elementor-section-boxed elementor-section-height-default elementor-section-height-default\" data-id=\"14d7a105\" data-element_type=\"section\" data-e-type=\"section\">\n\t\t\t\t\t\t<div class=\"elementor-container elementor-column-gap-default\">\n\t\t\t\t\t<div class=\"elementor-column elementor-col-100 elementor-inner-column elementor-element elementor-element-52dac729\" data-id=\"52dac729\" data-element_type=\"column\" data-e-type=\"column\" data-settings=\"{&quot;background_background&quot;:&quot;classic&quot;}\">\n\t\t\t<div class=\"elementor-widget-wrap elementor-element-populated\">\n\t\t\t\t\t\t<div class=\"elementor-element elementor-element-56f60976 elementor-widget elementor-widget-image\" data-id=\"56f60976\" data-element_type=\"widget\" data-e-type=\"widget\" data-widget_type=\"image.default\">\n\t\t\t\t<div class=\"elementor-widget-container\">\n\t\t\t\t\t\t\t\t\t\t\t\t\t\t\t<img fetchpriority=\"high\" decoding=\"async\" width=\"1024\" height=\"210\" src=\"https:\/\/www.kdriu.hu\/wp-content\/uploads\/2022\/01\/logosbeneficaireserasmusright_withthesupportof-1024x210.png\" class=\"attachment-large size-large wp-image-6028\" alt=\"\" srcset=\"https:\/\/www.kdriu.hu\/wp-content\/uploads\/2022\/01\/logosbeneficaireserasmusright_withthesupportof-1024x210.png 1024w, https:\/\/www.kdriu.hu\/wp-content\/uploads\/2022\/01\/logosbeneficaireserasmusright_withthesupportof-300x62.png 300w, https:\/\/www.kdriu.hu\/wp-content\/uploads\/2022\/01\/logosbeneficaireserasmusright_withthesupportof-768x158.png 768w, https:\/\/www.kdriu.hu\/wp-content\/uploads\/2022\/01\/logosbeneficaireserasmusright_withthesupportof-18x4.png 18w, https:\/\/www.kdriu.hu\/wp-content\/uploads\/2022\/01\/logosbeneficaireserasmusright_withthesupportof.png 1134w\" sizes=\"(max-width: 1024px) 100vw, 1024px\" \/>\t\t\t\t\t\t\t\t\t\t\t\t\t\t\t<\/div>\n\t\t\t\t<\/div>\n\t\t\t\t<div class=\"elementor-element elementor-element-a822eb4 elementor-widget elementor-widget-image\" data-id=\"a822eb4\" data-element_type=\"widget\" data-e-type=\"widget\" data-widget_type=\"image.default\">\n\t\t\t\t<div class=\"elementor-widget-container\">\n\t\t\t\t\t\t\t\t\t\t\t\t\t\t\t<img decoding=\"async\" width=\"300\" height=\"300\" src=\"https:\/\/www.kdriu.hu\/wp-content\/uploads\/2022\/02\/Young-GREENtrepreneurs_PNG_transparent-background-300x300.png\" class=\"attachment-medium size-medium wp-image-6083\" alt=\"\" srcset=\"https:\/\/www.kdriu.hu\/wp-content\/uploads\/2022\/02\/Young-GREENtrepreneurs_PNG_transparent-background-300x300.png 300w, https:\/\/www.kdriu.hu\/wp-content\/uploads\/2022\/02\/Young-GREENtrepreneurs_PNG_transparent-background-1024x1024.png 1024w, https:\/\/www.kdriu.hu\/wp-content\/uploads\/2022\/02\/Young-GREENtrepreneurs_PNG_transparent-background-150x150.png 150w, https:\/\/www.kdriu.hu\/wp-content\/uploads\/2022\/02\/Young-GREENtrepreneurs_PNG_transparent-background-768x768.png 768w, https:\/\/www.kdriu.hu\/wp-content\/uploads\/2022\/02\/Young-GREENtrepreneurs_PNG_transparent-background-12x12.png 12w, https:\/\/www.kdriu.hu\/wp-content\/uploads\/2022\/02\/elementor\/thumbs\/Young-GREENtrepreneurs_PNG_transparent-background-pkk0gseqeo254eiyhe3ndqtjeihrn62vdh9wt18w5s.png 200w, https:\/\/www.kdriu.hu\/wp-content\/uploads\/2022\/02\/Young-GREENtrepreneurs_PNG_transparent-background.png 1500w\" sizes=\"(max-width: 300px) 100vw, 300px\" \/>\t\t\t\t\t\t\t\t\t\t\t\t\t\t\t<\/div>\n\t\t\t\t<\/div>\n\t\t\t\t<div class=\"elementor-element elementor-element-1b3c4c1c elementor-widget elementor-widget-text-editor\" data-id=\"1b3c4c1c\" data-element_type=\"widget\" data-e-type=\"widget\" data-widget_type=\"text-editor.default\">\n\t\t\t\t<div class=\"elementor-widget-container\">\n\t\t\t\t\t\t\t\t\t<p>The Young GREENtrepreneurs project aims to promote green entrepreneurship among young people through innovative solutions in regions where the green economy is developing significantly but youth employment is below the expected level.<\/p><p>The project brings together representatives of organisations from 6 countries (Slovenia, Bulgaria, Northern Macedonia, Ireland, Spain, Hungary).<\/p><p>The young innovators and their supporting organisations will be supported by a transnational online cooperation platform and two training modules (green product and business development).<\/p><p>We will keep you informed about the results and progress of the project.<\/p><p><strong>Projektazonos\u00edt\u00f3: 2021-1-HU01-KA220-YOU-000029114<\/strong><br \/><strong>A projekt futamideje: 2021. november 1. \u2013 2024. \u00e1prilis 30.<\/strong><\/p>\t\t\t\t\t\t\t\t<\/div>\n\t\t\t\t<\/div>\n\t\t\t\t<div class=\"elementor-element elementor-element-d396ead elementor-widget elementor-widget-text-editor\" data-id=\"d396ead\" data-element_type=\"widget\" data-e-type=\"widget\" data-widget_type=\"text-editor.default\">\n\t\t\t\t<div class=\"elementor-widget-container\">\n\t\t\t\t\t\t\t\t\t<p><a href=\"http:\/\/www.youngreenhub.eu\/\" target=\"_blank\" rel=\"noopener\">Young GreenHub &#8211; online egy\u00fcttm\u0171k\u00f6d\u00e9si platform<\/a><\/p>\t\t\t\t\t\t\t\t<\/div>\n\t\t\t\t<\/div>\n\t\t\t\t<div class=\"elementor-element elementor-element-5cf29ab2 elementor-widget elementor-widget-heading\" data-id=\"5cf29ab2\" data-element_type=\"widget\" data-e-type=\"widget\" data-widget_type=\"heading.default\">\n\t\t\t\t<div class=\"elementor-widget-container\">\n\t\t\t\t\t<h4 class=\"elementor-heading-title elementor-size-default\">Project partners:<\/h4>\t\t\t\t<\/div>\n\t\t\t\t<\/div>\n\t\t\t\t<div class=\"elementor-element elementor-element-7c7195ae elementor-widget elementor-widget-text-editor\" data-id=\"7c7195ae\" data-element_type=\"widget\" data-e-type=\"widget\" data-widget_type=\"text-editor.default\">\n\t\t\t\t<div class=\"elementor-widget-container\">\n\t\t\t\t\t\t\t\t\t<p>CTRIA - Central-transdanubian Regional Innovation Agency Nonprofit Ltd. (Hungary)<\/p><p>Razvojni Center SRCA Slovenije Doo (Development Centre of the Heart of Slovenia) (Slovenia)<\/p><p>Vyara Foundation (Bulgaria)<\/p><p>Zadruga KIK\u0161tarter Center (Slovenia)<\/p><p>SOU Kuzman Josifovski-Pitu Prilep (Nprth-Macedonia)<\/p><p>Letterkenny Institute of Technology (Ireland)<\/p><p>Formacion Para El Desarrollo e Insercion, Sociedad Limitada (Defoin) (Spain)<\/p>\t\t\t\t\t\t\t\t<\/div>\n\t\t\t\t<\/div>\n\t\t\t\t<div class=\"elementor-element elementor-element-2854e607 elementor-widget elementor-widget-toggle\" data-id=\"2854e607\" data-element_type=\"widget\" data-e-type=\"widget\" data-widget_type=\"toggle.default\">\n\t\t\t\t<div class=\"elementor-widget-container\">\n\t\t\t\t\t\t\t<div class=\"elementor-toggle\">\n\t\t\t\t\t\t\t<div class=\"elementor-toggle-item\">\n\t\t\t\t\t<div id=\"elementor-tab-title-6761\" class=\"elementor-tab-title\" data-tab=\"1\" role=\"button\" aria-controls=\"elementor-tab-content-6761\" aria-expanded=\"false\">\n\t\t\t\t\t\t\t\t\t\t\t\t<span class=\"elementor-toggle-icon elementor-toggle-icon-left\" aria-hidden=\"true\">\n\t\t\t\t\t\t\t\t\t\t\t\t\t\t\t<span class=\"elementor-toggle-icon-closed\"><i class=\"fas fa-caret-right\"><\/i><\/span>\n\t\t\t\t\t\t\t\t<span class=\"elementor-toggle-icon-opened\"><i class=\"elementor-toggle-icon-opened fas fa-caret-up\"><\/i><\/span>\n\t\t\t\t\t\t\t\t\t\t\t\t\t<\/span>\n\t\t\t\t\t\t\t\t\t\t\t\t<a class=\"elementor-toggle-title\" tabindex=\"0\">More news and posts about the project:<\/a>\n\t\t\t\t\t<\/div>\n\n\t\t\t\t\t<div id=\"elementor-tab-content-6761\" class=\"elementor-tab-content elementor-clearfix\" data-tab=\"1\" role=\"region\" aria-labelledby=\"elementor-tab-title-6761\"><ul><li><a href=\"https:\/\/www.facebook.com\/KDRIU.CTRIA\/posts\/5256472987746245\" target=\"_blank\" rel=\"noopener\">Kick-off meeting &#8211; 2022.01.12.<\/a><\/li><\/ul><\/div>\n\t\t\t\t<\/div>\n\t\t\t\t\t\t\t\t<\/div>\n\t\t\t\t\t\t<\/div>\n\t\t\t\t<\/div>\n\t\t\t\t\t<\/div>\n\t\t<\/div>\n\t\t\t\t\t<\/div>\n\t\t<\/section>\n\t\t\t\t\t<\/div>\n\t\t<\/div>\n\t\t\t\t\t<\/div>\n\t\t<\/section>\n\t\t\t\t<\/div>","protected":false},"excerpt":{"rendered":"<p>Young GREENtrepreneurs | Erasmus+ A Young GREENtrepreneurs projekt c\u00e9lja, hogy innovat\u00edv megold\u00e1sokkal seg\u00edtse a \u201ez\u00f6ld\u201d v\u00e1llalkoz\u00f3i szellem kialakul\u00e1s\u00e1t a fiatalok k\u00f6r\u00e9ben, olyan r\u00e9gi\u00f3kban, ahol jelent\u0151s a \u201ez\u00f6ld gazdas\u00e1g\u201d fejl\u0151d\u00e9se, de a fiatalok foglalkoztat\u00e1sa elmarad a v\u00e1rt szintt\u0151l. A projektben 6 orsz\u00e1g (Szlov\u00e9nia, Bulg\u00e1ria, \u00c9szak-Maced\u00f3nia, \u00cdrorsz\u00e1g, Spanyolorsz\u00e1g, Magyarorsz\u00e1g) szervezeteinek k\u00e9pvisel\u0151i vesznek r\u00e9szt. A fiatal \u00f6tletgazd\u00e1kat \u00e9s [&hellip;]<\/p>\n","protected":false},"author":1,"featured_media":0,"parent":0,"menu_order":0,"comment_status":"closed","ping_status":"closed","template":"","meta":{"site-sidebar-layout":"no-sidebar","site-content-layout":"page-builder","ast-site-content-layout":"default","site-content-style":"default","site-sidebar-style":"default","ast-global-header-display":"","ast-banner-title-visibility":"","ast-main-header-display":"","ast-hfb-above-header-display":"","ast-hfb-below-header-display":"","ast-hfb-mobile-header-display":"","site-post-title":"disabled","ast-breadcrumbs-content":"","ast-featured-img":"disabled","footer-sml-layout":"","ast-disable-related-posts":"","theme-transparent-header-meta":"","adv-header-id-meta":"","stick-header-meta":"","header-above-stick-meta":"","header-main-stick-meta":"","header-below-stick-meta":"","astra-migrate-meta-layouts":"default","ast-page-background-enabled":"default","ast-page-background-meta":{"desktop":{"background-color":"","background-image":"","background-repeat":"repeat","background-position":"center center","background-size":"auto","background-attachment":"scroll","background-type":"","background-media":"","overlay-type":"","overlay-color":"","overlay-opacity":"","overlay-gradient":""},"tablet":{"background-color":"","background-image":"","background-repeat":"repeat","background-position":"center center","background-size":"auto","background-attachment":"scroll","background-type":"","background-media":"","overlay-type":"","overlay-color":"","overlay-opacity":"","overlay-gradient":""},"mobile":{"background-color":"","background-image":"","background-repeat":"repeat","background-position":"center center","background-size":"auto","background-attachment":"scroll","background-type":"","background-media":"","overlay-type":"","overlay-color":"","overlay-opacity":"","overlay-gradient":""}},"ast-content-background-meta":{"desktop":{"background-color":"var(--ast-global-color-5)","background-image":"","background-repeat":"repeat","background-position":"center center","background-size":"auto","background-attachment":"scroll","background-type":"","background-media":"","overlay-type":"","overlay-color":"","overlay-opacity":"","overlay-gradient":""},"tablet":{"background-color":"var(--ast-global-color-5)","background-image":"","background-repeat":"repeat","background-position":"center center","background-size":"auto","background-attachment":"scroll","background-type":"","background-media":"","overlay-type":"","overlay-color":"","overlay-opacity":"","overlay-gradient":""},"mobile":{"background-color":"var(--ast-global-color-5)","background-image":"","background-repeat":"repeat","background-position":"center center","background-size":"auto","background-attachment":"scroll","background-type":"","background-media":"","overlay-type":"","overlay-color":"","overlay-opacity":"","overlay-gradient":""}},"footnotes":""},"class_list":["post-6017","page","type-page","status-publish","hentry"],"_links":{"self":[{"href":"http:\/\/www.kdriu.hu\/en\/wp-json\/wp\/v2\/pages\/6017","targetHints":{"allow":["GET"]}}],"collection":[{"href":"http:\/\/www.kdriu.hu\/en\/wp-json\/wp\/v2\/pages"}],"about":[{"href":"http:\/\/www.kdriu.hu\/en\/wp-json\/wp\/v2\/types\/page"}],"author":[{"embeddable":true,"href":"http:\/\/www.kdriu.hu\/en\/wp-json\/wp\/v2\/users\/1"}],"replies":[{"embeddable":true,"href":"http:\/\/www.kdriu.hu\/en\/wp-json\/wp\/v2\/comments?post=6017"}],"version-history":[{"count":23,"href":"http:\/\/www.kdriu.hu\/en\/wp-json\/wp\/v2\/pages\/6017\/revisions"}],"predecessor-version":[{"id":7458,"href":"http:\/\/www.kdriu.hu\/en\/wp-json\/wp\/v2\/pages\/6017\/revisions\/7458"}],"wp:attachment":[{"href":"http:\/\/www.kdriu.hu\/en\/wp-json\/wp\/v2\/media?parent=6017"}],"curies":[{"name":"wp","href":"https:\/\/api.w.org\/{rel}","templated":true}]}}