{"id":6944,"date":"2022-08-24T14:09:55","date_gmt":"2022-08-24T14:09:55","guid":{"rendered":"http:\/\/www.kdriu.hu\/?page_id=6944"},"modified":"2022-11-30T09:45:53","modified_gmt":"2022-11-30T09:45:53","slug":"educate","status":"publish","type":"page","link":"http:\/\/www.kdriu.hu\/en\/educate\/","title":{"rendered":"EDUCATE"},"content":{"rendered":"<div data-elementor-type=\"wp-page\" data-elementor-id=\"6944\" class=\"elementor elementor-6944\" data-elementor-post-type=\"page\">\n\t\t\t\t\t\t<section class=\"elementor-section elementor-top-section elementor-element elementor-element-1c7a2254 elementor-section-stretched elementor-section-height-min-height elementor-section-boxed elementor-section-height-default elementor-section-items-middle elementor-invisible\" data-id=\"1c7a2254\" data-element_type=\"section\" data-e-type=\"section\" data-settings=\"{&quot;background_background&quot;:&quot;classic&quot;,&quot;stretch_section&quot;:&quot;section-stretched&quot;,&quot;animation&quot;:&quot;fadeIn&quot;}\">\n\t\t\t\t\t\t\t<div class=\"elementor-background-overlay\"><\/div>\n\t\t\t\t\t\t\t<div class=\"elementor-container elementor-column-gap-no\">\n\t\t\t\t\t<div class=\"elementor-column elementor-col-100 elementor-top-column elementor-element elementor-element-3f64af27\" data-id=\"3f64af27\" data-element_type=\"column\" data-e-type=\"column\">\n\t\t\t<div class=\"elementor-widget-wrap elementor-element-populated\">\n\t\t\t\t\t\t<div class=\"elementor-element elementor-element-ace7f81 elementor-widget elementor-widget-spacer\" data-id=\"ace7f81\" data-element_type=\"widget\" data-e-type=\"widget\" data-widget_type=\"spacer.default\">\n\t\t\t\t<div class=\"elementor-widget-container\">\n\t\t\t\t\t\t\t<div class=\"elementor-spacer\">\n\t\t\t<div class=\"elementor-spacer-inner\"><\/div>\n\t\t<\/div>\n\t\t\t\t\t\t<\/div>\n\t\t\t\t<\/div>\n\t\t\t\t<div class=\"elementor-element elementor-element-5d0b29a5 elementor-widget elementor-widget-heading\" data-id=\"5d0b29a5\" data-element_type=\"widget\" data-e-type=\"widget\" data-widget_type=\"heading.default\">\n\t\t\t\t<div class=\"elementor-widget-container\">\n\t\t\t\t\t<h2 class=\"elementor-heading-title elementor-size-default\">EDUCATE<\/h2>\t\t\t\t<\/div>\n\t\t\t\t<\/div>\n\t\t\t\t\t<\/div>\n\t\t<\/div>\n\t\t\t\t\t<\/div>\n\t\t<\/section>\n\t\t\t\t<section class=\"elementor-section elementor-top-section elementor-element elementor-element-6d1cfdd5 elementor-section-stretched elementor-section-boxed elementor-section-height-default elementor-section-height-default\" data-id=\"6d1cfdd5\" data-element_type=\"section\" data-e-type=\"section\" data-settings=\"{&quot;stretch_section&quot;:&quot;section-stretched&quot;,&quot;background_background&quot;:&quot;classic&quot;}\">\n\t\t\t\t\t\t<div class=\"elementor-container elementor-column-gap-no\">\n\t\t\t\t\t<div class=\"elementor-column elementor-col-100 elementor-top-column elementor-element elementor-element-36cb5d98\" data-id=\"36cb5d98\" data-element_type=\"column\" data-e-type=\"column\">\n\t\t\t<div class=\"elementor-widget-wrap elementor-element-populated\">\n\t\t\t\t\t\t<section class=\"elementor-section elementor-inner-section elementor-element elementor-element-161e3f95 elementor-section-boxed elementor-section-height-default elementor-section-height-default\" data-id=\"161e3f95\" data-element_type=\"section\" data-e-type=\"section\">\n\t\t\t\t\t\t<div class=\"elementor-container elementor-column-gap-default\">\n\t\t\t\t\t<div class=\"elementor-column elementor-col-100 elementor-inner-column elementor-element elementor-element-b44625b\" data-id=\"b44625b\" data-element_type=\"column\" data-e-type=\"column\" data-settings=\"{&quot;background_background&quot;:&quot;classic&quot;}\">\n\t\t\t<div class=\"elementor-widget-wrap elementor-element-populated\">\n\t\t\t\t\t\t<div class=\"elementor-element elementor-element-663d7ef9 elementor-widget elementor-widget-image\" data-id=\"663d7ef9\" data-element_type=\"widget\" data-e-type=\"widget\" data-widget_type=\"image.default\">\n\t\t\t\t<div class=\"elementor-widget-container\">\n\t\t\t\t\t\t\t\t\t\t\t\t\t\t\t<img fetchpriority=\"high\" decoding=\"async\" width=\"1024\" height=\"215\" src=\"https:\/\/www.kdriu.hu\/wp-content\/uploads\/2022\/08\/EN-Co-Funded-by-the-EU_POS-1024x215.png\" class=\"attachment-large size-large wp-image-6950\" alt=\"\" srcset=\"https:\/\/www.kdriu.hu\/wp-content\/uploads\/2022\/08\/EN-Co-Funded-by-the-EU_POS-1024x215.png 1024w, https:\/\/www.kdriu.hu\/wp-content\/uploads\/2022\/08\/EN-Co-Funded-by-the-EU_POS-300x63.png 300w, https:\/\/www.kdriu.hu\/wp-content\/uploads\/2022\/08\/EN-Co-Funded-by-the-EU_POS-768x161.png 768w, https:\/\/www.kdriu.hu\/wp-content\/uploads\/2022\/08\/EN-Co-Funded-by-the-EU_POS-1536x322.png 1536w, https:\/\/www.kdriu.hu\/wp-content\/uploads\/2022\/08\/EN-Co-Funded-by-the-EU_POS-2048x430.png 2048w, https:\/\/www.kdriu.hu\/wp-content\/uploads\/2022\/08\/EN-Co-Funded-by-the-EU_POS-18x4.png 18w\" sizes=\"(max-width: 1024px) 100vw, 1024px\" \/>\t\t\t\t\t\t\t\t\t\t\t\t\t\t\t<\/div>\n\t\t\t\t<\/div>\n\t\t\t\t<div class=\"elementor-element elementor-element-4d2769c elementor-widget elementor-widget-image\" data-id=\"4d2769c\" data-element_type=\"widget\" data-e-type=\"widget\" data-widget_type=\"image.default\">\n\t\t\t\t<div class=\"elementor-widget-container\">\n\t\t\t\t\t\t\t\t\t\t\t\t\t\t\t<img decoding=\"async\" width=\"1024\" height=\"341\" src=\"https:\/\/www.kdriu.hu\/wp-content\/uploads\/2022\/08\/EDUCATE_logo_main_PNG-1024x341.png\" class=\"attachment-large size-large wp-image-6951\" alt=\"\" srcset=\"https:\/\/www.kdriu.hu\/wp-content\/uploads\/2022\/08\/EDUCATE_logo_main_PNG-1024x341.png 1024w, https:\/\/www.kdriu.hu\/wp-content\/uploads\/2022\/08\/EDUCATE_logo_main_PNG-300x100.png 300w, https:\/\/www.kdriu.hu\/wp-content\/uploads\/2022\/08\/EDUCATE_logo_main_PNG-768x256.png 768w, https:\/\/www.kdriu.hu\/wp-content\/uploads\/2022\/08\/EDUCATE_logo_main_PNG-18x6.png 18w, https:\/\/www.kdriu.hu\/wp-content\/uploads\/2022\/08\/EDUCATE_logo_main_PNG.png 1500w\" sizes=\"(max-width: 1024px) 100vw, 1024px\" \/>\t\t\t\t\t\t\t\t\t\t\t\t\t\t\t<\/div>\n\t\t\t\t<\/div>\n\t\t\t\t<div class=\"elementor-element elementor-element-5a58dd94 elementor-widget elementor-widget-text-editor\" data-id=\"5a58dd94\" data-element_type=\"widget\" data-e-type=\"widget\" data-widget_type=\"text-editor.default\">\n\t\t\t\t<div class=\"elementor-widget-container\">\n\t\t\t\t\t\t\t\t\t<p>Adult education is a key tool for boosting economic as well as personal growth, and it is an indispensable means for improving the lives of disadvantaged people and reducing inequalities across the board. For the last decades, organizations in Europe are struggling with supporting adult educators in different manners. Especially improving digital literacy means proactively using or addressing digital media and technology in education, which ensures inclusiveness for adult learners.<\/p>\t\t\t\t\t\t\t\t<\/div>\n\t\t\t\t<\/div>\n\t\t\t\t<div class=\"elementor-element elementor-element-152cc206 elementor-widget elementor-widget-text-editor\" data-id=\"152cc206\" data-element_type=\"widget\" data-e-type=\"widget\" data-widget_type=\"text-editor.default\">\n\t\t\t\t<div class=\"elementor-widget-container\">\n\t\t\t\t\t\t\t\t\t<p align=\"justify\">The field, now more than ever, has the chance and needs its actors to be connected and united in the push for its own transformation, evolution, and blossoming. The best approach to the transformation of traditional adult education methods is through digitalization: digital technology has implications for adult literacy; therefore, it is essential to adapt how and what adults learn.<\/p>\t\t\t\t\t\t\t\t<\/div>\n\t\t\t\t<\/div>\n\t\t\t\t<div class=\"elementor-element elementor-element-56c8f7ec elementor-widget elementor-widget-text-editor\" data-id=\"56c8f7ec\" data-element_type=\"widget\" data-e-type=\"widget\" data-widget_type=\"text-editor.default\">\n\t\t\t\t<div class=\"elementor-widget-container\">\n\t\t\t\t\t\t\t\t\t<p align=\"justify\">The project brings together representatives of organisations from 6 countries (Greece, Hungary, Lithuania, Latvia, Italy, Turkey).<\/p>\t\t\t\t\t\t\t\t<\/div>\n\t\t\t\t<\/div>\n\t\t\t\t<div class=\"elementor-element elementor-element-7a9a38fa elementor-widget elementor-widget-text-editor\" data-id=\"7a9a38fa\" data-element_type=\"widget\" data-e-type=\"widget\" data-widget_type=\"text-editor.default\">\n\t\t\t\t<div class=\"elementor-widget-container\">\n\t\t\t\t\t\t\t\t\t<p>The main outputs of the project are:<\/p>\n<ul>\n<li>IO1 - EDUCATE Interactive Digital Platform (HUB): addresses the need for an online collaboration platform for organisations providing digital competences education for adult learners to share their experiences, challenges and best practices within a common network.<\/li><li>IO 2 \u2013 EDUCATE Certification of quality will consist of developing criteria which need to be answered by an organisation to receive certification; developing a certification methodology, which will be used by partners to evaluate the submitted for certification best practices; and finally developing and designing the certificate which can be received by the organizations.<\/li><li>IO3 - EDUCATE Sustainability and Monitoring Toolkit. The toolkit aims to provide adult educators with useful materials and resources, in an easy-to-use format, based on scenarios that arise in their field of work and on globally recognised solutions to a wide range of issues related to educational pathways.<\/li>\n<\/ul>\t\t\t\t\t\t\t\t<\/div>\n\t\t\t\t<\/div>\n\t\t\t\t<div class=\"elementor-element elementor-element-e86493e elementor-widget elementor-widget-text-editor\" data-id=\"e86493e\" data-element_type=\"widget\" data-e-type=\"widget\" data-widget_type=\"text-editor.default\">\n\t\t\t\t<div class=\"elementor-widget-container\">\n\t\t\t\t\t\t\t\t\t<p><strong>Project ID: 2021-1-EL01-KA220-ADU-000033687<\/strong><br \/><strong>Duration of the project: 28th February 2022 - 27th October 2023<\/strong><\/p>\t\t\t\t\t\t\t\t<\/div>\n\t\t\t\t<\/div>\n\t\t\t\t<div class=\"elementor-element elementor-element-5279e0b0 elementor-widget elementor-widget-heading\" data-id=\"5279e0b0\" data-element_type=\"widget\" data-e-type=\"widget\" data-widget_type=\"heading.default\">\n\t\t\t\t<div class=\"elementor-widget-container\">\n\t\t\t\t\t<h5 class=\"elementor-heading-title elementor-size-default\">Project partners:<\/h5>\t\t\t\t<\/div>\n\t\t\t\t<\/div>\n\t\t\t\t<div class=\"elementor-element elementor-element-32a36cba elementor-widget elementor-widget-text-editor\" data-id=\"32a36cba\" data-element_type=\"widget\" data-e-type=\"widget\" data-widget_type=\"text-editor.default\">\n\t\t\t\t<div class=\"elementor-widget-container\">\n\t\t\t\t\t\t\t\t\t<p>HIGGS \u2013 Higher Incubator Giving Growth and Sustainability (Greece)<\/p><p>LAEA \u2013 Latvian Adult Education Association (Latvia)<\/p><p>MB &#8222;Efekto grupe&#8221; (Litv\u00e1nia)<\/p><p>DLEARN \u2013 European Digital Learning Network (Italy)<\/p><p>Yasar \u00dcniversitesi (Turkey)<\/p><p>CTRIA - Central Transdanubian Regional Innovation Agency Nonprofit Ltd. (Hungary)<\/p>\t\t\t\t\t\t\t\t<\/div>\n\t\t\t\t<\/div>\n\t\t\t\t<div class=\"elementor-element elementor-element-1781b6f5 elementor-widget elementor-widget-heading\" data-id=\"1781b6f5\" data-element_type=\"widget\" data-e-type=\"widget\" data-widget_type=\"heading.default\">\n\t\t\t\t<div class=\"elementor-widget-container\">\n\t\t\t\t\t<h4 class=\"elementor-heading-title elementor-size-default\">Official website of the programme:<\/h4>\t\t\t\t<\/div>\n\t\t\t\t<\/div>\n\t\t\t\t<div class=\"elementor-element elementor-element-409d3871 elementor-widget elementor-widget-text-editor\" data-id=\"409d3871\" data-element_type=\"widget\" data-e-type=\"widget\" data-widget_type=\"text-editor.default\">\n\t\t\t\t<div class=\"elementor-widget-container\">\n\t\t\t\t\t\t\t\t\t<p><a href=\"http:\/\/educatehub.eu\/\" target=\"_blank\" rel=\"noopener\">http:\/\/educatehub.eu\/<\/a><\/p>\t\t\t\t\t\t\t\t<\/div>\n\t\t\t\t<\/div>\n\t\t\t\t<div class=\"elementor-element elementor-element-345e98ac elementor-widget elementor-widget-toggle\" data-id=\"345e98ac\" data-element_type=\"widget\" data-e-type=\"widget\" data-widget_type=\"toggle.default\">\n\t\t\t\t<div class=\"elementor-widget-container\">\n\t\t\t\t\t\t\t<div class=\"elementor-toggle\">\n\t\t\t\t\t\t\t<div class=\"elementor-toggle-item\">\n\t\t\t\t\t<div id=\"elementor-tab-title-8781\" class=\"elementor-tab-title\" data-tab=\"1\" role=\"button\" aria-controls=\"elementor-tab-content-8781\" aria-expanded=\"false\">\n\t\t\t\t\t\t\t\t\t\t\t\t<span class=\"elementor-toggle-icon elementor-toggle-icon-left\" aria-hidden=\"true\">\n\t\t\t\t\t\t\t\t\t\t\t\t\t\t\t<span class=\"elementor-toggle-icon-closed\"><i class=\"fas fa-caret-right\"><\/i><\/span>\n\t\t\t\t\t\t\t\t<span class=\"elementor-toggle-icon-opened\"><i class=\"elementor-toggle-icon-opened fas fa-caret-up\"><\/i><\/span>\n\t\t\t\t\t\t\t\t\t\t\t\t\t<\/span>\n\t\t\t\t\t\t\t\t\t\t\t\t<a class=\"elementor-toggle-title\" tabindex=\"0\">More news and posts about the project:<\/a>\n\t\t\t\t\t<\/div>\n\n\t\t\t\t\t<div id=\"elementor-tab-content-8781\" class=\"elementor-tab-content elementor-clearfix\" data-tab=\"1\" role=\"region\" aria-labelledby=\"elementor-tab-title-8781\"><\/div>\n\t\t\t\t<\/div>\n\t\t\t\t\t\t\t\t<\/div>\n\t\t\t\t\t\t<\/div>\n\t\t\t\t<\/div>\n\t\t\t\t\t<\/div>\n\t\t<\/div>\n\t\t\t\t\t<\/div>\n\t\t<\/section>\n\t\t\t\t\t<\/div>\n\t\t<\/div>\n\t\t\t\t\t<\/div>\n\t\t<\/section>\n\t\t\t\t<\/div>","protected":false},"excerpt":{"rendered":"<p>EDUCATE A feln\u0151ttoktat\u00e1s a gazdas\u00e1gi \u00e9s a szem\u00e9lyes fejl\u0151d\u00e9s fellend\u00edt\u00e9s\u00e9nek kulcsfontoss\u00e1g\u00fa eszk\u00f6ze, \u00e9s n\u00e9lk\u00fcl\u00f6zhetetlen eszk\u00f6z a h\u00e1tr\u00e1nyos helyzet\u0171ek \u00e9let\u00e9nek jav\u00edt\u00e1s\u00e1hoz \u00e9s az egyenl\u0151tlens\u00e9gek \u00e1ltal\u00e1nos cs\u00f6kkent\u00e9s\u00e9hez. Az elm\u00falt \u00e9vtizedekben az eur\u00f3pai szervezetek k\u00fcl\u00f6nb\u00f6z\u0151 m\u00f3dokon k\u00fczdenek a feln\u0151ttoktat\u00f3k t\u00e1mogat\u00e1s\u00e1val. K\u00fcl\u00f6n\u00f6sen a digit\u00e1lis \u00edr\u00e1stud\u00e1s jav\u00edt\u00e1sa jelenti a digit\u00e1lis m\u00e9dia \u00e9s technol\u00f3gia proakt\u00edv haszn\u00e1lat\u00e1t vagy kezel\u00e9s\u00e9t az oktat\u00e1sban, ami [&hellip;]<\/p>\n","protected":false},"author":1,"featured_media":0,"parent":0,"menu_order":0,"comment_status":"closed","ping_status":"closed","template":"","meta":{"site-sidebar-layout":"no-sidebar","site-content-layout":"page-builder","ast-site-content-layout":"default","site-content-style":"default","site-sidebar-style":"default","ast-global-header-display":"","ast-banner-title-visibility":"","ast-main-header-display":"","ast-hfb-above-header-display":"","ast-hfb-below-header-display":"","ast-hfb-mobile-header-display":"","site-post-title":"disabled","ast-breadcrumbs-content":"","ast-featured-img":"disabled","footer-sml-layout":"","ast-disable-related-posts":"","theme-transparent-header-meta":"","adv-header-id-meta":"","stick-header-meta":"","header-above-stick-meta":"","header-main-stick-meta":"","header-below-stick-meta":"","astra-migrate-meta-layouts":"default","ast-page-background-enabled":"default","ast-page-background-meta":{"desktop":{"background-color":"","background-image":"","background-repeat":"repeat","background-position":"center center","background-size":"auto","background-attachment":"scroll","background-type":"","background-media":"","overlay-type":"","overlay-color":"","overlay-opacity":"","overlay-gradient":""},"tablet":{"background-color":"","background-image":"","background-repeat":"repeat","background-position":"center center","background-size":"auto","background-attachment":"scroll","background-type":"","background-media":"","overlay-type":"","overlay-color":"","overlay-opacity":"","overlay-gradient":""},"mobile":{"background-color":"","background-image":"","background-repeat":"repeat","background-position":"center center","background-size":"auto","background-attachment":"scroll","background-type":"","background-media":"","overlay-type":"","overlay-color":"","overlay-opacity":"","overlay-gradient":""}},"ast-content-background-meta":{"desktop":{"background-color":"var(--ast-global-color-5)","background-image":"","background-repeat":"repeat","background-position":"center center","background-size":"auto","background-attachment":"scroll","background-type":"","background-media":"","overlay-type":"","overlay-color":"","overlay-opacity":"","overlay-gradient":""},"tablet":{"background-color":"var(--ast-global-color-5)","background-image":"","background-repeat":"repeat","background-position":"center center","background-size":"auto","background-attachment":"scroll","background-type":"","background-media":"","overlay-type":"","overlay-color":"","overlay-opacity":"","overlay-gradient":""},"mobile":{"background-color":"var(--ast-global-color-5)","background-image":"","background-repeat":"repeat","background-position":"center center","background-size":"auto","background-attachment":"scroll","background-type":"","background-media":"","overlay-type":"","overlay-color":"","overlay-opacity":"","overlay-gradient":""}},"footnotes":""},"class_list":["post-6944","page","type-page","status-publish","hentry"],"_links":{"self":[{"href":"http:\/\/www.kdriu.hu\/en\/wp-json\/wp\/v2\/pages\/6944","targetHints":{"allow":["GET"]}}],"collection":[{"href":"http:\/\/www.kdriu.hu\/en\/wp-json\/wp\/v2\/pages"}],"about":[{"href":"http:\/\/www.kdriu.hu\/en\/wp-json\/wp\/v2\/types\/page"}],"author":[{"embeddable":true,"href":"http:\/\/www.kdriu.hu\/en\/wp-json\/wp\/v2\/users\/1"}],"replies":[{"embeddable":true,"href":"http:\/\/www.kdriu.hu\/en\/wp-json\/wp\/v2\/comments?post=6944"}],"version-history":[{"count":25,"href":"http:\/\/www.kdriu.hu\/en\/wp-json\/wp\/v2\/pages\/6944\/revisions"}],"predecessor-version":[{"id":7303,"href":"http:\/\/www.kdriu.hu\/en\/wp-json\/wp\/v2\/pages\/6944\/revisions\/7303"}],"wp:attachment":[{"href":"http:\/\/www.kdriu.hu\/en\/wp-json\/wp\/v2\/media?parent=6944"}],"curies":[{"name":"wp","href":"https:\/\/api.w.org\/{rel}","templated":true}]}}