{"id":9453,"date":"2025-02-01T11:37:32","date_gmt":"2025-02-01T11:37:32","guid":{"rendered":"https:\/\/www.kdriu.hu\/?page_id=9453"},"modified":"2025-02-01T11:58:25","modified_gmt":"2025-02-01T11:58:25","slug":"i3-4-biofertilizers","status":"publish","type":"page","link":"http:\/\/www.kdriu.hu\/en\/i3-4-biofertilizers\/","title":{"rendered":"I3-4-BIOFERTILIZERS"},"content":{"rendered":"<div data-elementor-type=\"wp-page\" data-elementor-id=\"9453\" class=\"elementor elementor-9453\" data-elementor-post-type=\"page\">\n\t\t\t\t\t\t<section class=\"elementor-section elementor-top-section elementor-element elementor-element-2ca75283 elementor-section-stretched elementor-section-height-min-height elementor-section-boxed elementor-section-height-default elementor-section-items-middle elementor-invisible\" data-id=\"2ca75283\" data-element_type=\"section\" data-e-type=\"section\" data-settings=\"{&quot;background_background&quot;:&quot;classic&quot;,&quot;stretch_section&quot;:&quot;section-stretched&quot;,&quot;animation&quot;:&quot;fadeIn&quot;}\">\n\t\t\t\t\t\t\t<div class=\"elementor-background-overlay\"><\/div>\n\t\t\t\t\t\t\t<div class=\"elementor-container elementor-column-gap-no\">\n\t\t\t\t\t<div class=\"elementor-column elementor-col-100 elementor-top-column elementor-element elementor-element-7c0e3d71\" data-id=\"7c0e3d71\" data-element_type=\"column\" data-e-type=\"column\">\n\t\t\t<div class=\"elementor-widget-wrap elementor-element-populated\">\n\t\t\t\t\t\t<div class=\"elementor-element elementor-element-4c624ae7 elementor-widget elementor-widget-spacer\" data-id=\"4c624ae7\" data-element_type=\"widget\" data-e-type=\"widget\" data-widget_type=\"spacer.default\">\n\t\t\t\t<div class=\"elementor-widget-container\">\n\t\t\t\t\t\t\t<div class=\"elementor-spacer\">\n\t\t\t<div class=\"elementor-spacer-inner\"><\/div>\n\t\t<\/div>\n\t\t\t\t\t\t<\/div>\n\t\t\t\t<\/div>\n\t\t\t\t<div class=\"elementor-element elementor-element-7a66d251 elementor-widget elementor-widget-heading\" data-id=\"7a66d251\" data-element_type=\"widget\" data-e-type=\"widget\" data-widget_type=\"heading.default\">\n\t\t\t\t<div class=\"elementor-widget-container\">\n\t\t\t\t\t<h2 class=\"elementor-heading-title elementor-size-default\">I3-4-BIOFERTILIZERS<\/h2>\t\t\t\t<\/div>\n\t\t\t\t<\/div>\n\t\t\t\t\t<\/div>\n\t\t<\/div>\n\t\t\t\t\t<\/div>\n\t\t<\/section>\n\t\t\t\t<section class=\"elementor-section elementor-top-section elementor-element elementor-element-5ece7241 elementor-section-stretched elementor-section-boxed elementor-section-height-default elementor-section-height-default\" data-id=\"5ece7241\" data-element_type=\"section\" data-e-type=\"section\" data-settings=\"{&quot;stretch_section&quot;:&quot;section-stretched&quot;,&quot;background_background&quot;:&quot;classic&quot;}\">\n\t\t\t\t\t\t<div class=\"elementor-container elementor-column-gap-no\">\n\t\t\t\t\t<div class=\"elementor-column elementor-col-100 elementor-top-column elementor-element elementor-element-777bee93\" data-id=\"777bee93\" data-element_type=\"column\" data-e-type=\"column\">\n\t\t\t<div class=\"elementor-widget-wrap elementor-element-populated\">\n\t\t\t\t\t\t<section class=\"elementor-section elementor-inner-section elementor-element elementor-element-6032826d elementor-section-boxed elementor-section-height-default elementor-section-height-default\" data-id=\"6032826d\" data-element_type=\"section\" data-e-type=\"section\">\n\t\t\t\t\t\t<div class=\"elementor-container elementor-column-gap-default\">\n\t\t\t\t\t<div class=\"elementor-column elementor-col-100 elementor-inner-column elementor-element elementor-element-65f9a2be\" data-id=\"65f9a2be\" data-element_type=\"column\" data-e-type=\"column\" data-settings=\"{&quot;background_background&quot;:&quot;classic&quot;}\">\n\t\t\t<div class=\"elementor-widget-wrap elementor-element-populated\">\n\t\t\t\t\t\t<div class=\"elementor-element elementor-element-62ff2b29 elementor-widget elementor-widget-image\" data-id=\"62ff2b29\" data-element_type=\"widget\" data-e-type=\"widget\" data-widget_type=\"image.default\">\n\t\t\t\t<div class=\"elementor-widget-container\">\n\t\t\t\t\t\t\t\t\t\t\t\t\t\t\t<img fetchpriority=\"high\" decoding=\"async\" width=\"1024\" height=\"576\" src=\"https:\/\/www.kdriu.hu\/wp-content\/uploads\/2025\/02\/biofertilizers_logo-1024x576.png\" class=\"attachment-large size-large wp-image-9458\" alt=\"\" srcset=\"https:\/\/www.kdriu.hu\/wp-content\/uploads\/2025\/02\/biofertilizers_logo-1024x576.png 1024w, https:\/\/www.kdriu.hu\/wp-content\/uploads\/2025\/02\/biofertilizers_logo-300x169.png 300w, https:\/\/www.kdriu.hu\/wp-content\/uploads\/2025\/02\/biofertilizers_logo-768x432.png 768w, https:\/\/www.kdriu.hu\/wp-content\/uploads\/2025\/02\/biofertilizers_logo-18x10.png 18w, https:\/\/www.kdriu.hu\/wp-content\/uploads\/2025\/02\/biofertilizers_logo.png 1366w\" sizes=\"(max-width: 1024px) 100vw, 1024px\" \/>\t\t\t\t\t\t\t\t\t\t\t\t\t\t\t<\/div>\n\t\t\t\t<\/div>\n\t\t\t\t<div class=\"elementor-element elementor-element-cd5ddad elementor-widget elementor-widget-image\" data-id=\"cd5ddad\" data-element_type=\"widget\" data-e-type=\"widget\" data-widget_type=\"image.default\">\n\t\t\t\t<div class=\"elementor-widget-container\">\n\t\t\t\t\t\t\t\t\t\t\t\t\t\t\t<img decoding=\"async\" width=\"946\" height=\"264\" src=\"https:\/\/www.kdriu.hu\/wp-content\/uploads\/2025\/02\/Screenshot-2024-10-24-134235.png\" class=\"attachment-large size-large wp-image-9459\" alt=\"\" srcset=\"https:\/\/www.kdriu.hu\/wp-content\/uploads\/2025\/02\/Screenshot-2024-10-24-134235.png 946w, https:\/\/www.kdriu.hu\/wp-content\/uploads\/2025\/02\/Screenshot-2024-10-24-134235-300x84.png 300w, https:\/\/www.kdriu.hu\/wp-content\/uploads\/2025\/02\/Screenshot-2024-10-24-134235-768x214.png 768w, https:\/\/www.kdriu.hu\/wp-content\/uploads\/2025\/02\/Screenshot-2024-10-24-134235-18x5.png 18w\" sizes=\"(max-width: 946px) 100vw, 946px\" \/>\t\t\t\t\t\t\t\t\t\t\t\t\t\t\t<\/div>\n\t\t\t\t<\/div>\n\t\t\t\t<div class=\"elementor-element elementor-element-81e8d46 elementor-widget elementor-widget-text-editor\" data-id=\"81e8d46\" data-element_type=\"widget\" data-e-type=\"widget\" data-widget_type=\"text-editor.default\">\n\t\t\t\t<div class=\"elementor-widget-container\">\n\t\t\t\t\t\t\t\t\t<p>The overall goal of the project is to promote more sustainable agriculture while focusing on the development and market uptake of innovative bio-fertilizers and bioeconomy solutions.<\/p><p>One of the project's key components is the design and demonstration of eight investment and business models, each aiming to develop new types of bio-fertilizers (including biostimulants) and sustainable agricultural solutions. At the same time, the initiative provides funding support for 30 small and medium-sized enterprises (SMEs) and startups to help them overcome existing market and technological barriers. In addition to financial resources, beneficiaries will receive technical, business, and innovation advisory support, assisting them in the effective implementation of their projects.<\/p><p>Furthermore, I3-4-BIOFERTILIZERS offers capacity-building, investment readiness, and market access support to regional ecosystem stakeholders, with a particular focus on SMEs. The project places a strong emphasis on strengthening interregional cooperation, knowledge exchange, and best practices sharing.<\/p><p>To ensure the long-term impact of the initiative, an Excellence Competence Centre will be established, providing continuous innovation and financial advisory services for SMEs and regions. This collaborative hub will contribute to enhancing interregional competitiveness, reducing disparities between developed and less developed regions, and supporting the emergence of new Regional Innovation Valleys focused on circular and sustainable agriculture.<\/p>\t\t\t\t\t\t\t\t<\/div>\n\t\t\t\t<\/div>\n\t\t\t\t<div class=\"elementor-element elementor-element-38880ad7 elementor-widget elementor-widget-text-editor\" data-id=\"38880ad7\" data-element_type=\"widget\" data-e-type=\"widget\" data-widget_type=\"text-editor.default\">\n\t\t\t\t<div class=\"elementor-widget-container\">\n\t\t\t\t\t\t\t\t\t<p><strong>Duration of the project:<\/strong> 01\/09\/2024 - 31\/08\/2027<\/p>\t\t\t\t\t\t\t\t<\/div>\n\t\t\t\t<\/div>\n\t\t\t\t<div class=\"elementor-element elementor-element-4fe746fc elementor-widget elementor-widget-heading\" data-id=\"4fe746fc\" data-element_type=\"widget\" data-e-type=\"widget\" data-widget_type=\"heading.default\">\n\t\t\t\t<div class=\"elementor-widget-container\">\n\t\t\t\t\t<h5 class=\"elementor-heading-title elementor-size-default\">Partners:<\/h5>\t\t\t\t<\/div>\n\t\t\t\t<\/div>\n\t\t\t\t<div class=\"elementor-element elementor-element-73e8d7a9 elementor-widget elementor-widget-text-editor\" data-id=\"73e8d7a9\" data-element_type=\"widget\" data-e-type=\"widget\" data-widget_type=\"text-editor.default\">\n\t\t\t\t<div class=\"elementor-widget-container\">\n\t\t\t\t\t\t\t\t\t<ul>\n<li>FUNDACIO UNIVERSITARIA BALMES (Spain) \u2013 Lead Partner<\/li><li>VEGEPOLYS VALLEY (France)<\/li><li>ELLINIKOS GEORGIKOS ORGANISMOS \u2013 DIMITRA (Greece)<\/li><li>Agrienergia SpA (Italy)<\/li><li>DESARROLLOS AGROQUIMICOS, S.A. (Spain)<\/li><li>UNIVERSIDADE DE COIMBRA (Portugal)<\/li><li>CLUST-ER AGROALIMENTARE (Italy)<\/li><li>CLUSTER DE LA MAQUINARIA I DELS MEDIS DE PRODUCCI (Spain)<\/li><li>HS HUSHALLNINGSSALLSKAPENS SERVICE AKTIEBOLAG (Sweden)<\/li><li>INSTITUTO POLIT\u00c9CNICO DE PORTALEGRE (Portugal)<\/li><li>CTRIA CENTRAL TRANSDANUBIAN REGIONAL INNOVATION AGENCY (Hungary)<\/li><li>N-FIX NV (Belgium)<\/li><li>Uniovo \u2013 Ovos e Derivados, S.A. (Portugal)<\/li><li>carbonloop SAS (France)<\/li><li>AGRICULTURAL &amp; ENVIRONMENTAL SOLUTIONS (Greece)<\/li><li>VERAGROW (France)<\/li><li>BGT CONSULTING GROUP (Belgium)<\/li><li>TRADIRED, S.L. (Spain)<\/li><li>VICE-PRESIDENCIA DO GOVERNO REGIONAL DOS ACORES (Portugal)<\/li><\/ul>\t\t\t\t\t\t\t\t<\/div>\n\t\t\t\t<\/div>\n\t\t\t\t<div class=\"elementor-element elementor-element-4a0190dd elementor-widget elementor-widget-heading\" data-id=\"4a0190dd\" data-element_type=\"widget\" data-e-type=\"widget\" data-widget_type=\"heading.default\">\n\t\t\t\t<div class=\"elementor-widget-container\">\n\t\t\t\t\t<h4 class=\"elementor-heading-title elementor-size-default\">Official website of the programme:<\/h4>\t\t\t\t<\/div>\n\t\t\t\t<\/div>\n\t\t\t\t<div class=\"elementor-element elementor-element-a18aea9 elementor-widget elementor-widget-text-editor\" data-id=\"a18aea9\" data-element_type=\"widget\" data-e-type=\"widget\" data-widget_type=\"text-editor.default\">\n\t\t\t\t<div class=\"elementor-widget-container\">\n\t\t\t\t\t\t\t\t\t<p><a href=\"https:\/\/i3-4-biofertilizers.eu\/\" target=\"_blank\" rel=\"noopener\">https:\/\/i3-4-biofertilizers.eu<\/a><\/p>\t\t\t\t\t\t\t\t<\/div>\n\t\t\t\t<\/div>\n\t\t\t\t<div class=\"elementor-element elementor-element-514bb64 elementor-widget elementor-widget-toggle\" data-id=\"514bb64\" data-element_type=\"widget\" data-e-type=\"widget\" data-widget_type=\"toggle.default\">\n\t\t\t\t<div class=\"elementor-widget-container\">\n\t\t\t\t\t\t\t<div class=\"elementor-toggle\">\n\t\t\t\t\t\t\t<div class=\"elementor-toggle-item\">\n\t\t\t\t\t<div id=\"elementor-tab-title-8521\" class=\"elementor-tab-title\" data-tab=\"1\" role=\"button\" aria-controls=\"elementor-tab-content-8521\" aria-expanded=\"false\">\n\t\t\t\t\t\t\t\t\t\t\t\t<span class=\"elementor-toggle-icon elementor-toggle-icon-left\" aria-hidden=\"true\">\n\t\t\t\t\t\t\t\t\t\t\t\t\t\t\t<span class=\"elementor-toggle-icon-closed\"><i class=\"fas fa-caret-right\"><\/i><\/span>\n\t\t\t\t\t\t\t\t<span class=\"elementor-toggle-icon-opened\"><i class=\"elementor-toggle-icon-opened fas fa-caret-up\"><\/i><\/span>\n\t\t\t\t\t\t\t\t\t\t\t\t\t<\/span>\n\t\t\t\t\t\t\t\t\t\t\t\t<a class=\"elementor-toggle-title\" tabindex=\"0\">More news and posts about the project:<\/a>\n\t\t\t\t\t<\/div>\n\n\t\t\t\t\t<div id=\"elementor-tab-content-8521\" class=\"elementor-tab-content elementor-clearfix\" data-tab=\"1\" role=\"region\" aria-labelledby=\"elementor-tab-title-8521\"><\/div>\n\t\t\t\t<\/div>\n\t\t\t\t\t\t\t\t<\/div>\n\t\t\t\t\t\t<\/div>\n\t\t\t\t<\/div>\n\t\t\t\t\t<\/div>\n\t\t<\/div>\n\t\t\t\t\t<\/div>\n\t\t<\/section>\n\t\t\t\t\t<\/div>\n\t\t<\/div>\n\t\t\t\t\t<\/div>\n\t\t<\/section>\n\t\t\t\t<\/div>","protected":false},"excerpt":{"rendered":"<p>I3-4-BIOFERTILIZERS A projekt \u00e1tfog\u00f3 c\u00e9lja a fenntarthat\u00f3bb mez\u0151gazdas\u00e1g el\u0151seg\u00edt\u00e9se, mik\u00f6zben innovat\u00edv bio-tr\u00e1gy\u00e1k \u00e9s bio\u00f6kon\u00f3miai megold\u00e1sok kifejleszt\u00e9s\u00e9re \u00e9s piacra vitel\u00e9re \u00f6sszpontos\u00edt. A projekt egyik k\u00f6zponti eleme nyolc beruh\u00e1z\u00e1si \u00e9s \u00fczleti modell kialak\u00edt\u00e1sa \u00e9s demonstr\u00e1l\u00e1sa, amelyek mindegyike \u00faj t\u00edpus\u00fa bio-tr\u00e1gy\u00e1k (bele\u00e9rtve biostimul\u00e1nsokat is) \u00e9s fenntarthat\u00f3 agr\u00e1rmegold\u00e1sok l\u00e9trehoz\u00e1s\u00e1t c\u00e9lozza. Ezzel p\u00e1rhuzamosan a kezdem\u00e9nyez\u00e9s p\u00e1ly\u00e1zati t\u00e1mogat\u00e1st biztos\u00edt 30 kis- [&hellip;]<\/p>\n","protected":false},"author":1,"featured_media":0,"parent":0,"menu_order":0,"comment_status":"closed","ping_status":"closed","template":"","meta":{"site-sidebar-layout":"no-sidebar","site-content-layout":"page-builder","ast-site-content-layout":"full-width-container","site-content-style":"default","site-sidebar-style":"default","ast-global-header-display":"","ast-banner-title-visibility":"","ast-main-header-display":"","ast-hfb-above-header-display":"","ast-hfb-below-header-display":"","ast-hfb-mobile-header-display":"","site-post-title":"disabled","ast-breadcrumbs-content":"","ast-featured-img":"disabled","footer-sml-layout":"","ast-disable-related-posts":"","theme-transparent-header-meta":"","adv-header-id-meta":"","stick-header-meta":"","header-above-stick-meta":"","header-main-stick-meta":"","header-below-stick-meta":"","astra-migrate-meta-layouts":"set","ast-page-background-enabled":"default","ast-page-background-meta":{"desktop":{"background-color":"","background-image":"","background-repeat":"repeat","background-position":"center center","background-size":"auto","background-attachment":"scroll","background-type":"","background-media":"","overlay-type":"","overlay-color":"","overlay-opacity":"","overlay-gradient":""},"tablet":{"background-color":"","background-image":"","background-repeat":"repeat","background-position":"center center","background-size":"auto","background-attachment":"scroll","background-type":"","background-media":"","overlay-type":"","overlay-color":"","overlay-opacity":"","overlay-gradient":""},"mobile":{"background-color":"","background-image":"","background-repeat":"repeat","background-position":"center center","background-size":"auto","background-attachment":"scroll","background-type":"","background-media":"","overlay-type":"","overlay-color":"","overlay-opacity":"","overlay-gradient":""}},"ast-content-background-meta":{"desktop":{"background-color":"var(--ast-global-color-5)","background-image":"","background-repeat":"repeat","background-position":"center center","background-size":"auto","background-attachment":"scroll","background-type":"","background-media":"","overlay-type":"","overlay-color":"","overlay-opacity":"","overlay-gradient":""},"tablet":{"background-color":"var(--ast-global-color-5)","background-image":"","background-repeat":"repeat","background-position":"center center","background-size":"auto","background-attachment":"scroll","background-type":"","background-media":"","overlay-type":"","overlay-color":"","overlay-opacity":"","overlay-gradient":""},"mobile":{"background-color":"var(--ast-global-color-5)","background-image":"","background-repeat":"repeat","background-position":"center center","background-size":"auto","background-attachment":"scroll","background-type":"","background-media":"","overlay-type":"","overlay-color":"","overlay-opacity":"","overlay-gradient":""}},"footnotes":""},"class_list":["post-9453","page","type-page","status-publish","hentry"],"_links":{"self":[{"href":"http:\/\/www.kdriu.hu\/en\/wp-json\/wp\/v2\/pages\/9453","targetHints":{"allow":["GET"]}}],"collection":[{"href":"http:\/\/www.kdriu.hu\/en\/wp-json\/wp\/v2\/pages"}],"about":[{"href":"http:\/\/www.kdriu.hu\/en\/wp-json\/wp\/v2\/types\/page"}],"author":[{"embeddable":true,"href":"http:\/\/www.kdriu.hu\/en\/wp-json\/wp\/v2\/users\/1"}],"replies":[{"embeddable":true,"href":"http:\/\/www.kdriu.hu\/en\/wp-json\/wp\/v2\/comments?post=9453"}],"version-history":[{"count":7,"href":"http:\/\/www.kdriu.hu\/en\/wp-json\/wp\/v2\/pages\/9453\/revisions"}],"predecessor-version":[{"id":9465,"href":"http:\/\/www.kdriu.hu\/en\/wp-json\/wp\/v2\/pages\/9453\/revisions\/9465"}],"wp:attachment":[{"href":"http:\/\/www.kdriu.hu\/en\/wp-json\/wp\/v2\/media?parent=9453"}],"curies":[{"name":"wp","href":"https:\/\/api.w.org\/{rel}","templated":true}]}}