{"id":9537,"date":"2025-03-16T10:39:57","date_gmt":"2025-03-16T10:39:57","guid":{"rendered":"https:\/\/www.kdriu.hu\/?page_id=9537"},"modified":"2025-03-17T13:20:48","modified_gmt":"2025-03-17T13:20:48","slug":"creasse","status":"publish","type":"page","link":"http:\/\/www.kdriu.hu\/en\/creasse\/","title":{"rendered":"CREASSE"},"content":{"rendered":"<div data-elementor-type=\"wp-page\" data-elementor-id=\"9537\" class=\"elementor elementor-9537\" data-elementor-post-type=\"page\">\n\t\t\t\t\t\t<section class=\"elementor-section elementor-top-section elementor-element elementor-element-72427b9f elementor-section-stretched elementor-section-height-min-height elementor-section-boxed elementor-section-height-default elementor-section-items-middle elementor-invisible\" data-id=\"72427b9f\" data-element_type=\"section\" data-e-type=\"section\" data-settings=\"{&quot;background_background&quot;:&quot;classic&quot;,&quot;stretch_section&quot;:&quot;section-stretched&quot;,&quot;animation&quot;:&quot;fadeIn&quot;}\">\n\t\t\t\t\t\t\t<div class=\"elementor-background-overlay\"><\/div>\n\t\t\t\t\t\t\t<div class=\"elementor-container elementor-column-gap-no\">\n\t\t\t\t\t<div class=\"elementor-column elementor-col-100 elementor-top-column elementor-element elementor-element-319f2b35\" data-id=\"319f2b35\" data-element_type=\"column\" data-e-type=\"column\">\n\t\t\t<div class=\"elementor-widget-wrap elementor-element-populated\">\n\t\t\t\t\t\t<div class=\"elementor-element elementor-element-5e709e33 elementor-widget elementor-widget-spacer\" data-id=\"5e709e33\" data-element_type=\"widget\" data-e-type=\"widget\" data-widget_type=\"spacer.default\">\n\t\t\t\t<div class=\"elementor-widget-container\">\n\t\t\t\t\t\t\t<div class=\"elementor-spacer\">\n\t\t\t<div class=\"elementor-spacer-inner\"><\/div>\n\t\t<\/div>\n\t\t\t\t\t\t<\/div>\n\t\t\t\t<\/div>\n\t\t\t\t<div class=\"elementor-element elementor-element-56feacc0 elementor-widget elementor-widget-heading\" data-id=\"56feacc0\" data-element_type=\"widget\" data-e-type=\"widget\" data-widget_type=\"heading.default\">\n\t\t\t\t<div class=\"elementor-widget-container\">\n\t\t\t\t\t<h2 class=\"elementor-heading-title elementor-size-default\">CREASSE - Erasmus+<\/h2>\t\t\t\t<\/div>\n\t\t\t\t<\/div>\n\t\t\t\t\t<\/div>\n\t\t<\/div>\n\t\t\t\t\t<\/div>\n\t\t<\/section>\n\t\t\t\t<section class=\"elementor-section elementor-top-section elementor-element elementor-element-aa09f14 elementor-section-stretched elementor-section-boxed elementor-section-height-default elementor-section-height-default\" data-id=\"aa09f14\" data-element_type=\"section\" data-e-type=\"section\" data-settings=\"{&quot;stretch_section&quot;:&quot;section-stretched&quot;,&quot;background_background&quot;:&quot;classic&quot;}\">\n\t\t\t\t\t\t<div class=\"elementor-container elementor-column-gap-no\">\n\t\t\t\t\t<div class=\"elementor-column elementor-col-100 elementor-top-column elementor-element elementor-element-7e427996\" data-id=\"7e427996\" data-element_type=\"column\" data-e-type=\"column\">\n\t\t\t<div class=\"elementor-widget-wrap elementor-element-populated\">\n\t\t\t\t\t\t<section class=\"elementor-section elementor-inner-section elementor-element elementor-element-659cc6e0 elementor-section-boxed elementor-section-height-default elementor-section-height-default\" data-id=\"659cc6e0\" data-element_type=\"section\" data-e-type=\"section\">\n\t\t\t\t\t\t<div class=\"elementor-container elementor-column-gap-default\">\n\t\t\t\t\t<div class=\"elementor-column elementor-col-100 elementor-inner-column elementor-element elementor-element-755056c7\" data-id=\"755056c7\" data-element_type=\"column\" data-e-type=\"column\" data-settings=\"{&quot;background_background&quot;:&quot;classic&quot;}\">\n\t\t\t<div class=\"elementor-widget-wrap elementor-element-populated\">\n\t\t\t\t\t\t<div class=\"elementor-element elementor-element-5855bb7d elementor-widget elementor-widget-image\" data-id=\"5855bb7d\" data-element_type=\"widget\" data-e-type=\"widget\" data-widget_type=\"image.default\">\n\t\t\t\t<div class=\"elementor-widget-container\">\n\t\t\t\t\t\t\t\t\t\t\t\t\t\t\t<img fetchpriority=\"high\" decoding=\"async\" width=\"768\" height=\"890\" src=\"https:\/\/www.kdriu.hu\/wp-content\/uploads\/2025\/03\/CREASSE_Logo_Disclaimer-768x890.png\" class=\"attachment-medium_large size-medium_large wp-image-9542\" alt=\"\" srcset=\"https:\/\/www.kdriu.hu\/wp-content\/uploads\/2025\/03\/CREASSE_Logo_Disclaimer-768x890.png 768w, https:\/\/www.kdriu.hu\/wp-content\/uploads\/2025\/03\/CREASSE_Logo_Disclaimer-259x300.png 259w, https:\/\/www.kdriu.hu\/wp-content\/uploads\/2025\/03\/CREASSE_Logo_Disclaimer-883x1024.png 883w, https:\/\/www.kdriu.hu\/wp-content\/uploads\/2025\/03\/CREASSE_Logo_Disclaimer-1325x1536.png 1325w, https:\/\/www.kdriu.hu\/wp-content\/uploads\/2025\/03\/CREASSE_Logo_Disclaimer-10x12.png 10w, https:\/\/www.kdriu.hu\/wp-content\/uploads\/2025\/03\/CREASSE_Logo_Disclaimer.png 1763w\" sizes=\"(max-width: 768px) 100vw, 768px\" \/>\t\t\t\t\t\t\t\t\t\t\t\t\t\t\t<\/div>\n\t\t\t\t<\/div>\n\t\t\t\t<div class=\"elementor-element elementor-element-496103f7 elementor-widget elementor-widget-image\" data-id=\"496103f7\" data-element_type=\"widget\" data-e-type=\"widget\" data-widget_type=\"image.default\">\n\t\t\t\t<div class=\"elementor-widget-container\">\n\t\t\t\t\t\t\t\t\t\t\t\t\t\t\t<img decoding=\"async\" width=\"300\" height=\"63\" src=\"https:\/\/www.kdriu.hu\/wp-content\/uploads\/2022\/08\/EN-Co-Funded-by-the-EU_POS-300x63.png\" class=\"attachment-medium size-medium wp-image-6950\" alt=\"\" srcset=\"https:\/\/www.kdriu.hu\/wp-content\/uploads\/2022\/08\/EN-Co-Funded-by-the-EU_POS-300x63.png 300w, https:\/\/www.kdriu.hu\/wp-content\/uploads\/2022\/08\/EN-Co-Funded-by-the-EU_POS-1024x215.png 1024w, https:\/\/www.kdriu.hu\/wp-content\/uploads\/2022\/08\/EN-Co-Funded-by-the-EU_POS-768x161.png 768w, https:\/\/www.kdriu.hu\/wp-content\/uploads\/2022\/08\/EN-Co-Funded-by-the-EU_POS-1536x322.png 1536w, https:\/\/www.kdriu.hu\/wp-content\/uploads\/2022\/08\/EN-Co-Funded-by-the-EU_POS-2048x430.png 2048w, https:\/\/www.kdriu.hu\/wp-content\/uploads\/2022\/08\/EN-Co-Funded-by-the-EU_POS-18x4.png 18w\" sizes=\"(max-width: 300px) 100vw, 300px\" \/>\t\t\t\t\t\t\t\t\t\t\t\t\t\t\t<\/div>\n\t\t\t\t<\/div>\n\t\t\t\t<div class=\"elementor-element elementor-element-4c9a1652 elementor-widget elementor-widget-text-editor\" data-id=\"4c9a1652\" data-element_type=\"widget\" data-e-type=\"widget\" data-widget_type=\"text-editor.default\">\n\t\t\t\t<div class=\"elementor-widget-container\">\n\t\t\t\t\t\t\t\t\t<p>CREASSE aims to increase the socio-occupational participation of adults at risk of exclusion due to socio-economic difficulties by stimulating their creativity and participation through inclusive training and education, in order to develop social and solidarity economy (SSE) activities as a transformative force that can bring systemic and positive change in rural areas.<\/p><p>CREASSE supports forward-looking ideas based on key EU priorities that can integrate communities and contribute to their well-being, in which the different actors of the social and solidarity economy play a key role, as they are the reference for future aspiring collective entrepreneurs.<\/p><p><b>Main goals:<\/b><\/p><ul><li>Encouraging the development of social and solidarity economy measures as a way of promoting the socio-economic integration of people at risk of social exclusion and rural communities.<\/li><li>Raising awareness of the benefits and usefulness of the social and solidarity economy.<\/li><li>Engaging the social and solidarity economy ecosystem to promote the development of rural communities.<\/li><li>Equipping adult learning professionals with the tools and competences to provide effective guidance.<\/li><li>Empowering people at risk of social exclusion to develop collective initiatives.<\/li><\/ul><p><b>Lead partner:<\/b> Acci\u00f3n Contra el Hambre (Spain)<\/p><p><b style=\"font-style: inherit; color: var(--ast-global-color-3);\">Partners:<\/b><span style=\"font-style: inherit; font-weight: inherit; color: var(--ast-global-color-3);\">\u00a0Materahub (Italy), Partners Albania (Albania), Synthesis (Cyprus), Central Transdanubian Regional Innovation Agency (Hungary)<\/span><\/p><p><a href=\"https:\/\/www.creasse.eu\/\" target=\"_blank\" rel=\"noopener\">The official project website:<\/a><\/p><p><b>Duration of the project:<\/b> 01\/09\/2024 - 31\/10\/2026<\/p>\t\t\t\t\t\t\t\t<\/div>\n\t\t\t\t<\/div>\n\t\t\t\t<div class=\"elementor-element elementor-element-1443bc5 elementor-widget elementor-widget-toggle\" data-id=\"1443bc5\" data-element_type=\"widget\" data-e-type=\"widget\" data-widget_type=\"toggle.default\">\n\t\t\t\t<div class=\"elementor-widget-container\">\n\t\t\t\t\t\t\t<div class=\"elementor-toggle\">\n\t\t\t\t\t\t\t<div class=\"elementor-toggle-item\">\n\t\t\t\t\t<div id=\"elementor-tab-title-2121\" class=\"elementor-tab-title\" data-tab=\"1\" role=\"button\" aria-controls=\"elementor-tab-content-2121\" aria-expanded=\"false\">\n\t\t\t\t\t\t\t\t\t\t\t\t<span class=\"elementor-toggle-icon elementor-toggle-icon-left\" aria-hidden=\"true\">\n\t\t\t\t\t\t\t\t\t\t\t\t\t\t\t<span class=\"elementor-toggle-icon-closed\"><i class=\"fas fa-caret-right\"><\/i><\/span>\n\t\t\t\t\t\t\t\t<span class=\"elementor-toggle-icon-opened\"><i class=\"elementor-toggle-icon-opened fas fa-caret-up\"><\/i><\/span>\n\t\t\t\t\t\t\t\t\t\t\t\t\t<\/span>\n\t\t\t\t\t\t\t\t\t\t\t\t<a class=\"elementor-toggle-title\" tabindex=\"0\">More news and posts about the project:<\/a>\n\t\t\t\t\t<\/div>\n\n\t\t\t\t\t<div id=\"elementor-tab-content-2121\" class=\"elementor-tab-content elementor-clearfix\" data-tab=\"1\" role=\"region\" aria-labelledby=\"elementor-tab-title-2121\"><\/div>\n\t\t\t\t<\/div>\n\t\t\t\t\t\t\t\t<\/div>\n\t\t\t\t\t\t<\/div>\n\t\t\t\t<\/div>\n\t\t\t\t\t<\/div>\n\t\t<\/div>\n\t\t\t\t\t<\/div>\n\t\t<\/section>\n\t\t\t\t\t<\/div>\n\t\t<\/div>\n\t\t\t\t\t<\/div>\n\t\t<\/section>\n\t\t\t\t<\/div>","protected":false},"excerpt":{"rendered":"<p>CREASSE &#8211; Erasmus+ A CREASSE c\u00e9lja a t\u00e1rsadalmi-gazdas\u00e1gi neh\u00e9zs\u00e9gek miatt kirekeszt\u00e9snek kitett feln\u0151ttek t\u00e1rsadalmi-munka\u00fcgyi r\u00e9szv\u00e9tel\u00e9nek n\u00f6vel\u00e9se az\u00e1ltal, hogy kreativit\u00e1sukat \u00e9s r\u00e9szv\u00e9tel\u00fcket inkluz\u00edv k\u00e9pz\u00e9s \u00e9s oktat\u00e1s r\u00e9v\u00e9n \u00f6szt\u00f6nzi, hogy a szoci\u00e1lis \u00e9s szolid\u00e1ris gazdas\u00e1g (SSE) tev\u00e9kenys\u00e9geit olyan \u00e1talak\u00edt\u00f3 er\u0151k\u00e9nt fejlessze, amely rendszerszint\u0171 \u00e9s pozit\u00edv v\u00e1ltoz\u00e1st hozhat a vid\u00e9ki t\u00e9rs\u00e9gekben. A CREASSE olyan kulcsfontoss\u00e1g\u00fa uni\u00f3s priorit\u00e1sokon alapul\u00f3, [&hellip;]<\/p>\n","protected":false},"author":1,"featured_media":0,"parent":0,"menu_order":0,"comment_status":"closed","ping_status":"closed","template":"","meta":{"site-sidebar-layout":"no-sidebar","site-content-layout":"page-builder","ast-site-content-layout":"full-width-container","site-content-style":"default","site-sidebar-style":"default","ast-global-header-display":"","ast-banner-title-visibility":"","ast-main-header-display":"","ast-hfb-above-header-display":"","ast-hfb-below-header-display":"","ast-hfb-mobile-header-display":"","site-post-title":"disabled","ast-breadcrumbs-content":"","ast-featured-img":"disabled","footer-sml-layout":"","ast-disable-related-posts":"","theme-transparent-header-meta":"","adv-header-id-meta":"","stick-header-meta":"","header-above-stick-meta":"","header-main-stick-meta":"","header-below-stick-meta":"","astra-migrate-meta-layouts":"set","ast-page-background-enabled":"default","ast-page-background-meta":{"desktop":{"background-color":"","background-image":"","background-repeat":"repeat","background-position":"center center","background-size":"auto","background-attachment":"scroll","background-type":"","background-media":"","overlay-type":"","overlay-color":"","overlay-opacity":"","overlay-gradient":""},"tablet":{"background-color":"","background-image":"","background-repeat":"repeat","background-position":"center center","background-size":"auto","background-attachment":"scroll","background-type":"","background-media":"","overlay-type":"","overlay-color":"","overlay-opacity":"","overlay-gradient":""},"mobile":{"background-color":"","background-image":"","background-repeat":"repeat","background-position":"center center","background-size":"auto","background-attachment":"scroll","background-type":"","background-media":"","overlay-type":"","overlay-color":"","overlay-opacity":"","overlay-gradient":""}},"ast-content-background-meta":{"desktop":{"background-color":"var(--ast-global-color-5)","background-image":"","background-repeat":"repeat","background-position":"center center","background-size":"auto","background-attachment":"scroll","background-type":"","background-media":"","overlay-type":"","overlay-color":"","overlay-opacity":"","overlay-gradient":""},"tablet":{"background-color":"var(--ast-global-color-5)","background-image":"","background-repeat":"repeat","background-position":"center center","background-size":"auto","background-attachment":"scroll","background-type":"","background-media":"","overlay-type":"","overlay-color":"","overlay-opacity":"","overlay-gradient":""},"mobile":{"background-color":"var(--ast-global-color-5)","background-image":"","background-repeat":"repeat","background-position":"center center","background-size":"auto","background-attachment":"scroll","background-type":"","background-media":"","overlay-type":"","overlay-color":"","overlay-opacity":"","overlay-gradient":""}},"footnotes":""},"class_list":["post-9537","page","type-page","status-publish","hentry"],"_links":{"self":[{"href":"http:\/\/www.kdriu.hu\/en\/wp-json\/wp\/v2\/pages\/9537","targetHints":{"allow":["GET"]}}],"collection":[{"href":"http:\/\/www.kdriu.hu\/en\/wp-json\/wp\/v2\/pages"}],"about":[{"href":"http:\/\/www.kdriu.hu\/en\/wp-json\/wp\/v2\/types\/page"}],"author":[{"embeddable":true,"href":"http:\/\/www.kdriu.hu\/en\/wp-json\/wp\/v2\/users\/1"}],"replies":[{"embeddable":true,"href":"http:\/\/www.kdriu.hu\/en\/wp-json\/wp\/v2\/comments?post=9537"}],"version-history":[{"count":10,"href":"http:\/\/www.kdriu.hu\/en\/wp-json\/wp\/v2\/pages\/9537\/revisions"}],"predecessor-version":[{"id":9607,"href":"http:\/\/www.kdriu.hu\/en\/wp-json\/wp\/v2\/pages\/9537\/revisions\/9607"}],"wp:attachment":[{"href":"http:\/\/www.kdriu.hu\/en\/wp-json\/wp\/v2\/media?parent=9537"}],"curies":[{"name":"wp","href":"https:\/\/api.w.org\/{rel}","templated":true}]}}