{"id":9850,"date":"2025-11-13T09:55:52","date_gmt":"2025-11-13T09:55:52","guid":{"rendered":"https:\/\/www.kdriu.hu\/?page_id=9850"},"modified":"2025-11-14T13:44:26","modified_gmt":"2025-11-14T13:44:26","slug":"sijma","status":"publish","type":"page","link":"http:\/\/www.kdriu.hu\/en\/sijma\/","title":{"rendered":"SIJMA"},"content":{"rendered":"<div data-elementor-type=\"wp-page\" data-elementor-id=\"9850\" class=\"elementor elementor-9850\" data-elementor-post-type=\"page\">\n\t\t\t\t\t\t<section class=\"elementor-section elementor-top-section elementor-element elementor-element-5ec8027b elementor-section-stretched elementor-section-height-min-height elementor-section-boxed elementor-section-height-default elementor-section-items-middle elementor-invisible\" data-id=\"5ec8027b\" data-element_type=\"section\" data-e-type=\"section\" data-settings=\"{&quot;background_background&quot;:&quot;classic&quot;,&quot;stretch_section&quot;:&quot;section-stretched&quot;,&quot;animation&quot;:&quot;fadeIn&quot;}\">\n\t\t\t\t\t\t\t<div class=\"elementor-background-overlay\"><\/div>\n\t\t\t\t\t\t\t<div class=\"elementor-container elementor-column-gap-no\">\n\t\t\t\t\t<div class=\"elementor-column elementor-col-100 elementor-top-column elementor-element elementor-element-2a79625d\" data-id=\"2a79625d\" data-element_type=\"column\" data-e-type=\"column\">\n\t\t\t<div class=\"elementor-widget-wrap elementor-element-populated\">\n\t\t\t\t\t\t<div class=\"elementor-element elementor-element-5cef872c elementor-widget elementor-widget-spacer\" data-id=\"5cef872c\" data-element_type=\"widget\" data-e-type=\"widget\" data-widget_type=\"spacer.default\">\n\t\t\t\t<div class=\"elementor-widget-container\">\n\t\t\t\t\t\t\t<div class=\"elementor-spacer\">\n\t\t\t<div class=\"elementor-spacer-inner\"><\/div>\n\t\t<\/div>\n\t\t\t\t\t\t<\/div>\n\t\t\t\t<\/div>\n\t\t\t\t<div class=\"elementor-element elementor-element-3d712735 elementor-widget elementor-widget-heading\" data-id=\"3d712735\" data-element_type=\"widget\" data-e-type=\"widget\" data-widget_type=\"heading.default\">\n\t\t\t\t<div class=\"elementor-widget-container\">\n\t\t\t\t\t<h2 class=\"elementor-heading-title elementor-size-default\">SIJMA | Interreg Europe<\/h2>\t\t\t\t<\/div>\n\t\t\t\t<\/div>\n\t\t\t\t\t<\/div>\n\t\t<\/div>\n\t\t\t\t\t<\/div>\n\t\t<\/section>\n\t\t\t\t<section class=\"elementor-section elementor-top-section elementor-element elementor-element-77616248 elementor-section-stretched elementor-section-boxed elementor-section-height-default elementor-section-height-default\" data-id=\"77616248\" data-element_type=\"section\" data-e-type=\"section\" data-settings=\"{&quot;stretch_section&quot;:&quot;section-stretched&quot;,&quot;background_background&quot;:&quot;classic&quot;}\">\n\t\t\t\t\t\t<div class=\"elementor-container elementor-column-gap-no\">\n\t\t\t\t\t<div class=\"elementor-column elementor-col-100 elementor-top-column elementor-element elementor-element-77c70546\" data-id=\"77c70546\" data-element_type=\"column\" data-e-type=\"column\">\n\t\t\t<div class=\"elementor-widget-wrap elementor-element-populated\">\n\t\t\t\t\t\t<section class=\"elementor-section elementor-inner-section elementor-element elementor-element-28f6ed19 elementor-section-boxed elementor-section-height-default elementor-section-height-default\" data-id=\"28f6ed19\" data-element_type=\"section\" data-e-type=\"section\">\n\t\t\t\t\t\t<div class=\"elementor-container elementor-column-gap-default\">\n\t\t\t\t\t<div class=\"elementor-column elementor-col-100 elementor-inner-column elementor-element elementor-element-5ad39828\" data-id=\"5ad39828\" data-element_type=\"column\" data-e-type=\"column\" data-settings=\"{&quot;background_background&quot;:&quot;classic&quot;}\">\n\t\t\t<div class=\"elementor-widget-wrap elementor-element-populated\">\n\t\t\t\t\t\t<div class=\"elementor-element elementor-element-5f35f34b elementor-widget elementor-widget-image\" data-id=\"5f35f34b\" data-element_type=\"widget\" data-e-type=\"widget\" data-widget_type=\"image.default\">\n\t\t\t\t<div class=\"elementor-widget-container\">\n\t\t\t\t\t\t\t\t\t\t\t\t\t\t\t<img fetchpriority=\"high\" decoding=\"async\" width=\"1024\" height=\"368\" src=\"https:\/\/www.kdriu.hu\/wp-content\/uploads\/2025\/11\/SIJMA_Logo-1024x368.jpg\" class=\"attachment-large size-large wp-image-9853\" alt=\"\" srcset=\"https:\/\/www.kdriu.hu\/wp-content\/uploads\/2025\/11\/SIJMA_Logo-1024x368.jpg 1024w, https:\/\/www.kdriu.hu\/wp-content\/uploads\/2025\/11\/SIJMA_Logo-300x108.jpg 300w, https:\/\/www.kdriu.hu\/wp-content\/uploads\/2025\/11\/SIJMA_Logo-768x276.jpg 768w, https:\/\/www.kdriu.hu\/wp-content\/uploads\/2025\/11\/SIJMA_Logo-1536x551.jpg 1536w, https:\/\/www.kdriu.hu\/wp-content\/uploads\/2025\/11\/SIJMA_Logo-2048x735.jpg 2048w, https:\/\/www.kdriu.hu\/wp-content\/uploads\/2025\/11\/SIJMA_Logo-18x6.jpg 18w\" sizes=\"(max-width: 1024px) 100vw, 1024px\" \/>\t\t\t\t\t\t\t\t\t\t\t\t\t\t\t<\/div>\n\t\t\t\t<\/div>\n\t\t\t\t<div class=\"elementor-element elementor-element-53d1635f elementor-widget elementor-widget-text-editor\" data-id=\"53d1635f\" data-element_type=\"widget\" data-e-type=\"widget\" data-widget_type=\"text-editor.default\">\n\t\t\t\t<div class=\"elementor-widget-container\">\n\t\t\t\t\t\t\t\t\t<p>Mining regions in Europe have their own geographic, social, economic, cultural and even identity characteristics that have marked their past and that mark their present development after the reconversion policies. SIJMA (Social Innovation for Job and development opportunities in Mining Areas in transition around Europe) supports regional and interregional learning between 9 public and private organizations with a mining tradition and experience in social innovation in Spain, Greece, North Macedonia, Hungary and Germany to improve policy instruments that foster social innovation and creativity among young people to bring mining areas in transition to life and create development and employment opportunities.<\/p><p><b>Why social innovation?<\/b><\/p><p>Social innovation can make a big difference in addressing the problems of these areas as a source of innovative and dynamic approaches to solving social, demographic, labour, cultural and environmental challenges, mobilising civil society actors and promoting economic, social and environmentally sustainable development from the bottom up.<\/p><p><b>Lead partner:<\/b> General Directorate of Employment and Labor Affairs of the Government of Principality of Asturias (Spain)<\/p><p><span style=\"font-weight: bold;\">Partners:<\/span>\u00a0<\/p><ul><li>Cives Mundi (Spain)<\/li><li>Just Transition Institute Greece (Greece)<\/li><li>Aufbauwerk Region Leipzig GmbH (Germany)<\/li><li>Centre for development of the South-East planning region (North Macedonia)<\/li><li>Center for Social Innovations Blink 42-21(North Macedonia)<\/li><li>CTRIA - Central Transdanubian Regional Innovation Agency Nonprofit Ltd. (Hungary)<\/li><\/ul><p><b>Duration of the project:<\/b> May 1, 2025 \u2013 July 31, 2029<\/p><p><b>The official project website: <a href=\"https:\/\/www.interregeurope.eu\/sijma\" target=\"_blank\" rel=\"noopener\">https:\/\/www.interregeurope.eu\/sijma<\/a><\/b><\/p>\t\t\t\t\t\t\t\t<\/div>\n\t\t\t\t<\/div>\n\t\t\t\t<div class=\"elementor-element elementor-element-13b2240f elementor-widget elementor-widget-toggle\" data-id=\"13b2240f\" data-element_type=\"widget\" data-e-type=\"widget\" data-widget_type=\"toggle.default\">\n\t\t\t\t<div class=\"elementor-widget-container\">\n\t\t\t\t\t\t\t<div class=\"elementor-toggle\">\n\t\t\t\t\t\t\t<div class=\"elementor-toggle-item\">\n\t\t\t\t\t<div id=\"elementor-tab-title-3301\" class=\"elementor-tab-title\" data-tab=\"1\" role=\"button\" aria-controls=\"elementor-tab-content-3301\" aria-expanded=\"false\">\n\t\t\t\t\t\t\t\t\t\t\t\t<span class=\"elementor-toggle-icon elementor-toggle-icon-left\" aria-hidden=\"true\">\n\t\t\t\t\t\t\t\t\t\t\t\t\t\t\t<span class=\"elementor-toggle-icon-closed\"><i class=\"fas fa-caret-right\"><\/i><\/span>\n\t\t\t\t\t\t\t\t<span class=\"elementor-toggle-icon-opened\"><i class=\"elementor-toggle-icon-opened fas fa-caret-up\"><\/i><\/span>\n\t\t\t\t\t\t\t\t\t\t\t\t\t<\/span>\n\t\t\t\t\t\t\t\t\t\t\t\t<a class=\"elementor-toggle-title\" tabindex=\"0\">More news and posts about the project:<\/a>\n\t\t\t\t\t<\/div>\n\n\t\t\t\t\t<div id=\"elementor-tab-content-3301\" class=\"elementor-tab-content elementor-clearfix\" data-tab=\"1\" role=\"region\" aria-labelledby=\"elementor-tab-title-3301\"><\/div>\n\t\t\t\t<\/div>\n\t\t\t\t\t\t\t\t<\/div>\n\t\t\t\t\t\t<\/div>\n\t\t\t\t<\/div>\n\t\t\t\t\t<\/div>\n\t\t<\/div>\n\t\t\t\t\t<\/div>\n\t\t<\/section>\n\t\t\t\t\t<\/div>\n\t\t<\/div>\n\t\t\t\t\t<\/div>\n\t\t<\/section>\n\t\t\t\t<\/div>","protected":false},"excerpt":{"rendered":"<p>SIJMA | Interreg Europe Az eur\u00f3pai b\u00e1nyavid\u00e9keknek megvannak a saj\u00e1t f\u00f6ldrajzi, t\u00e1rsadalmi, gazdas\u00e1gi, kultur\u00e1lis \u00e9s identit\u00e1sbeli jellemz\u0151ik, amelyek meghat\u00e1rozt\u00e1k m\u00faltjukat \u00e9s a szerkezet\u00e1talak\u00edt\u00e1si politik\u00e1k ut\u00e1ni jelenlegi fejl\u0151d\u00e9s\u00fcket. A SIJMA (T\u00e1rsadalmi innov\u00e1ci\u00f3 a munkahelyteremt\u00e9s \u00e9s a fejl\u0151d\u00e9s \u00e9rdek\u00e9ben Eur\u00f3pa \u00e1talakul\u00f3 b\u00e1nyavid\u00e9kein) projekt 9 b\u00e1ny\u00e1szati hagyom\u00e1nyokkal rendelkez\u0151 \u00e9s t\u00e1rsadalmi innov\u00e1ci\u00f3 ter\u00e9n tapasztalattal rendelkez\u0151 spanyol, g\u00f6r\u00f6g, \u00e9szak-maced\u00f3n, magyar [&hellip;]<\/p>\n","protected":false},"author":1,"featured_media":0,"parent":0,"menu_order":0,"comment_status":"closed","ping_status":"closed","template":"","meta":{"site-sidebar-layout":"no-sidebar","site-content-layout":"page-builder","ast-site-content-layout":"full-width-container","site-content-style":"default","site-sidebar-style":"default","ast-global-header-display":"","ast-banner-title-visibility":"","ast-main-header-display":"","ast-hfb-above-header-display":"","ast-hfb-below-header-display":"","ast-hfb-mobile-header-display":"","site-post-title":"disabled","ast-breadcrumbs-content":"","ast-featured-img":"disabled","footer-sml-layout":"","ast-disable-related-posts":"","theme-transparent-header-meta":"","adv-header-id-meta":"","stick-header-meta":"","header-above-stick-meta":"","header-main-stick-meta":"","header-below-stick-meta":"","astra-migrate-meta-layouts":"set","ast-page-background-enabled":"default","ast-page-background-meta":{"desktop":{"background-color":"","background-image":"","background-repeat":"repeat","background-position":"center center","background-size":"auto","background-attachment":"scroll","background-type":"","background-media":"","overlay-type":"","overlay-color":"","overlay-opacity":"","overlay-gradient":""},"tablet":{"background-color":"","background-image":"","background-repeat":"repeat","background-position":"center center","background-size":"auto","background-attachment":"scroll","background-type":"","background-media":"","overlay-type":"","overlay-color":"","overlay-opacity":"","overlay-gradient":""},"mobile":{"background-color":"","background-image":"","background-repeat":"repeat","background-position":"center center","background-size":"auto","background-attachment":"scroll","background-type":"","background-media":"","overlay-type":"","overlay-color":"","overlay-opacity":"","overlay-gradient":""}},"ast-content-background-meta":{"desktop":{"background-color":"var(--ast-global-color-5)","background-image":"","background-repeat":"repeat","background-position":"center center","background-size":"auto","background-attachment":"scroll","background-type":"","background-media":"","overlay-type":"","overlay-color":"","overlay-opacity":"","overlay-gradient":""},"tablet":{"background-color":"var(--ast-global-color-5)","background-image":"","background-repeat":"repeat","background-position":"center center","background-size":"auto","background-attachment":"scroll","background-type":"","background-media":"","overlay-type":"","overlay-color":"","overlay-opacity":"","overlay-gradient":""},"mobile":{"background-color":"var(--ast-global-color-5)","background-image":"","background-repeat":"repeat","background-position":"center center","background-size":"auto","background-attachment":"scroll","background-type":"","background-media":"","overlay-type":"","overlay-color":"","overlay-opacity":"","overlay-gradient":""}},"footnotes":""},"class_list":["post-9850","page","type-page","status-publish","hentry"],"_links":{"self":[{"href":"http:\/\/www.kdriu.hu\/en\/wp-json\/wp\/v2\/pages\/9850","targetHints":{"allow":["GET"]}}],"collection":[{"href":"http:\/\/www.kdriu.hu\/en\/wp-json\/wp\/v2\/pages"}],"about":[{"href":"http:\/\/www.kdriu.hu\/en\/wp-json\/wp\/v2\/types\/page"}],"author":[{"embeddable":true,"href":"http:\/\/www.kdriu.hu\/en\/wp-json\/wp\/v2\/users\/1"}],"replies":[{"embeddable":true,"href":"http:\/\/www.kdriu.hu\/en\/wp-json\/wp\/v2\/comments?post=9850"}],"version-history":[{"count":7,"href":"http:\/\/www.kdriu.hu\/en\/wp-json\/wp\/v2\/pages\/9850\/revisions"}],"predecessor-version":[{"id":9860,"href":"http:\/\/www.kdriu.hu\/en\/wp-json\/wp\/v2\/pages\/9850\/revisions\/9860"}],"wp:attachment":[{"href":"http:\/\/www.kdriu.hu\/en\/wp-json\/wp\/v2\/media?parent=9850"}],"curies":[{"name":"wp","href":"https:\/\/api.w.org\/{rel}","templated":true}]}}