{"id":9874,"date":"2025-11-24T09:00:54","date_gmt":"2025-11-24T09:00:54","guid":{"rendered":"https:\/\/www.kdriu.hu\/?page_id=9874"},"modified":"2025-11-24T09:26:08","modified_gmt":"2025-11-24T09:26:08","slug":"campus","status":"publish","type":"page","link":"http:\/\/www.kdriu.hu\/en\/campus\/","title":{"rendered":"CAMPUS"},"content":{"rendered":"<div data-elementor-type=\"wp-page\" data-elementor-id=\"9874\" class=\"elementor elementor-9874\" data-elementor-post-type=\"page\">\n\t\t\t\t\t\t<section class=\"elementor-section elementor-top-section elementor-element elementor-element-64b54264 elementor-section-stretched elementor-section-height-min-height elementor-section-boxed elementor-section-height-default elementor-section-items-middle elementor-invisible\" data-id=\"64b54264\" data-element_type=\"section\" data-e-type=\"section\" data-settings=\"{&quot;background_background&quot;:&quot;classic&quot;,&quot;stretch_section&quot;:&quot;section-stretched&quot;,&quot;animation&quot;:&quot;fadeIn&quot;}\">\n\t\t\t\t\t\t\t<div class=\"elementor-background-overlay\"><\/div>\n\t\t\t\t\t\t\t<div class=\"elementor-container elementor-column-gap-no\">\n\t\t\t\t\t<div class=\"elementor-column elementor-col-100 elementor-top-column elementor-element elementor-element-5ae9429c\" data-id=\"5ae9429c\" data-element_type=\"column\" data-e-type=\"column\">\n\t\t\t<div class=\"elementor-widget-wrap elementor-element-populated\">\n\t\t\t\t\t\t<div class=\"elementor-element elementor-element-253cc2b2 elementor-widget elementor-widget-spacer\" data-id=\"253cc2b2\" data-element_type=\"widget\" data-e-type=\"widget\" data-widget_type=\"spacer.default\">\n\t\t\t\t<div class=\"elementor-widget-container\">\n\t\t\t\t\t\t\t<div class=\"elementor-spacer\">\n\t\t\t<div class=\"elementor-spacer-inner\"><\/div>\n\t\t<\/div>\n\t\t\t\t\t\t<\/div>\n\t\t\t\t<\/div>\n\t\t\t\t<div class=\"elementor-element elementor-element-2cbe2148 elementor-widget elementor-widget-heading\" data-id=\"2cbe2148\" data-element_type=\"widget\" data-e-type=\"widget\" data-widget_type=\"heading.default\">\n\t\t\t\t<div class=\"elementor-widget-container\">\n\t\t\t\t\t<h2 class=\"elementor-heading-title elementor-size-default\">CAMPUS | Interreg Europe<\/h2>\t\t\t\t<\/div>\n\t\t\t\t<\/div>\n\t\t\t\t\t<\/div>\n\t\t<\/div>\n\t\t\t\t\t<\/div>\n\t\t<\/section>\n\t\t\t\t<section class=\"elementor-section elementor-top-section elementor-element elementor-element-6c41fef8 elementor-section-stretched elementor-section-boxed elementor-section-height-default elementor-section-height-default\" data-id=\"6c41fef8\" data-element_type=\"section\" data-e-type=\"section\" data-settings=\"{&quot;stretch_section&quot;:&quot;section-stretched&quot;,&quot;background_background&quot;:&quot;classic&quot;}\">\n\t\t\t\t\t\t<div class=\"elementor-container elementor-column-gap-no\">\n\t\t\t\t\t<div class=\"elementor-column elementor-col-100 elementor-top-column elementor-element elementor-element-32cbd6c5\" data-id=\"32cbd6c5\" data-element_type=\"column\" data-e-type=\"column\">\n\t\t\t<div class=\"elementor-widget-wrap elementor-element-populated\">\n\t\t\t\t\t\t<section class=\"elementor-section elementor-inner-section elementor-element elementor-element-f80eaf8 elementor-section-boxed elementor-section-height-default elementor-section-height-default\" data-id=\"f80eaf8\" data-element_type=\"section\" data-e-type=\"section\">\n\t\t\t\t\t\t<div class=\"elementor-container elementor-column-gap-default\">\n\t\t\t\t\t<div class=\"elementor-column elementor-col-100 elementor-inner-column elementor-element elementor-element-7c3a9fd2\" data-id=\"7c3a9fd2\" data-element_type=\"column\" data-e-type=\"column\" data-settings=\"{&quot;background_background&quot;:&quot;classic&quot;}\">\n\t\t\t<div class=\"elementor-widget-wrap elementor-element-populated\">\n\t\t\t\t\t\t<div class=\"elementor-element elementor-element-39004357 elementor-widget elementor-widget-image\" data-id=\"39004357\" data-element_type=\"widget\" data-e-type=\"widget\" data-widget_type=\"image.default\">\n\t\t\t\t<div class=\"elementor-widget-container\">\n\t\t\t\t\t\t\t\t\t\t\t\t\t\t\t<img fetchpriority=\"high\" decoding=\"async\" width=\"1024\" height=\"368\" src=\"https:\/\/www.kdriu.hu\/wp-content\/uploads\/2025\/11\/CAMPUS_Logo-1024x368.jpg\" class=\"attachment-large size-large wp-image-9878\" alt=\"\" srcset=\"https:\/\/www.kdriu.hu\/wp-content\/uploads\/2025\/11\/CAMPUS_Logo-1024x368.jpg 1024w, https:\/\/www.kdriu.hu\/wp-content\/uploads\/2025\/11\/CAMPUS_Logo-300x108.jpg 300w, https:\/\/www.kdriu.hu\/wp-content\/uploads\/2025\/11\/CAMPUS_Logo-768x276.jpg 768w, https:\/\/www.kdriu.hu\/wp-content\/uploads\/2025\/11\/CAMPUS_Logo-1536x551.jpg 1536w, https:\/\/www.kdriu.hu\/wp-content\/uploads\/2025\/11\/CAMPUS_Logo-2048x735.jpg 2048w, https:\/\/www.kdriu.hu\/wp-content\/uploads\/2025\/11\/CAMPUS_Logo-18x6.jpg 18w\" sizes=\"(max-width: 1024px) 100vw, 1024px\" \/>\t\t\t\t\t\t\t\t\t\t\t\t\t\t\t<\/div>\n\t\t\t\t<\/div>\n\t\t\t\t<div class=\"elementor-element elementor-element-9eb6dd7 elementor-widget elementor-widget-text-editor\" data-id=\"9eb6dd7\" data-element_type=\"widget\" data-e-type=\"widget\" data-widget_type=\"text-editor.default\">\n\t\t\t\t<div class=\"elementor-widget-container\">\n\t\t\t\t\t\t\t\t\t<p>Our agency participates as a partner in the CAMPUS \u2013 Digital Resilience Campuses for Regions project funded by Interreg Europe.\nCAMPUS aims to support European regions in becoming more digitally resilient by strengthening their ability to prevent, withstand and recover from digital disruptions, cyber-attacks or crises. Inspired by the Bretagne Cyber Campus, the project explores how regional policies can foster \u201cresilience campuses\u201d and integrate cybersecurity into long-term territorial development.<\/p><p>CAMPUS focuses on four dimensions of digital resilience: personal space, business, public space and cybersecurity. The main activities include:<\/p><ul><li>Analysing regional contexts and needs through a tailored SCORE analysis with emphasis on digital resilience.<\/li><li>Identifying and exchanging good practices, starting from the Bretagne Cyber Campus model.<\/li><li>Supporting regions in designing, launching and operating campus-type initiatives to address their specific challenges.<\/li><li>Preparing and implementing policy improvements that strengthen digital resilience and crisis-mitigation capacities.<\/li><li>Building the skills and capacities of local and regional stakeholders in cybersecurity and resilience.<\/li><\/ul><p><b>Duration of the project:<\/b> 1 May 2025 \u2013 31 July 2029<\/p>\t\t\t\t\t\t\t\t<\/div>\n\t\t\t\t<\/div>\n\t\t\t\t<div class=\"elementor-element elementor-element-b6489e1 elementor-widget elementor-widget-heading\" data-id=\"b6489e1\" data-element_type=\"widget\" data-e-type=\"widget\" data-widget_type=\"heading.default\">\n\t\t\t\t<div class=\"elementor-widget-container\">\n\t\t\t\t\t<h4 class=\"elementor-heading-title elementor-size-default\">Project partners:<\/h4>\t\t\t\t<\/div>\n\t\t\t\t<\/div>\n\t\t\t\t<div class=\"elementor-element elementor-element-b680cbb elementor-widget elementor-widget-text-editor\" data-id=\"b680cbb\" data-element_type=\"widget\" data-e-type=\"widget\" data-widget_type=\"text-editor.default\">\n\t\t\t\t<div class=\"elementor-widget-container\">\n\t\t\t\t\t\t\t\t\t<p>CAMPUS brings together 10 partners from 7 countries:<\/p>\t\t\t\t\t\t\t\t<\/div>\n\t\t\t\t<\/div>\n\t\t\t\t<div class=\"elementor-element elementor-element-01b109b elementor-widget elementor-widget-text-editor\" data-id=\"01b109b\" data-element_type=\"widget\" data-e-type=\"widget\" data-widget_type=\"text-editor.default\">\n\t\t\t\t<div class=\"elementor-widget-container\">\n\t\t\t\t\t\t\t\t\t<ul><li><p>Bretagne Development Innovation \u2013 lead partner \u2013 France<\/p><\/li><li><p>Brittany Regional Council \u2013 France<\/p><\/li><li><p>North-East Regional Development Agency \u2013 Romania<\/p><\/li><li><p>Digital Innovation Zone \u2013 Romania<\/p><\/li><li><p>Regional Agency for Development and EuropeanIntegration Belgrade \u2013 Serbia<\/p><\/li><li><p>Regional Government of Tuscany \u2013 Italy<\/p><\/li><li><p>Tampere University of Applied Sciences Ltd \u2013 Finland<\/p><\/li><li><p>Central Transdanubian Regional Innovation Agency Nonprofit Ltd. (CTRIA) \u2013 Hungary<\/p><\/li><li><p>City of Rijeka \u2013 Croatia<\/p><\/li><li><p>Council of Tampere Region \u2013 Finland<\/p><\/li><\/ul>\t\t\t\t\t\t\t\t<\/div>\n\t\t\t\t<\/div>\n\t\t\t\t<div class=\"elementor-element elementor-element-bb3ed1e elementor-widget elementor-widget-heading\" data-id=\"bb3ed1e\" data-element_type=\"widget\" data-e-type=\"widget\" data-widget_type=\"heading.default\">\n\t\t\t\t<div class=\"elementor-widget-container\">\n\t\t\t\t\t<h4 class=\"elementor-heading-title elementor-size-default\">The official project website:<\/h4>\t\t\t\t<\/div>\n\t\t\t\t<\/div>\n\t\t\t\t<div class=\"elementor-element elementor-element-a37d7fd elementor-widget elementor-widget-text-editor\" data-id=\"a37d7fd\" data-element_type=\"widget\" data-e-type=\"widget\" data-widget_type=\"text-editor.default\">\n\t\t\t\t<div class=\"elementor-widget-container\">\n\t\t\t\t\t\t\t\t\t<p><a href=\"https:\/\/www.interregeurope.eu\/campus\" target=\"_blank\" rel=\"noopener\">https:\/\/www.interregeurope.eu\/campus<\/a><\/p>\t\t\t\t\t\t\t\t<\/div>\n\t\t\t\t<\/div>\n\t\t\t\t<div class=\"elementor-element elementor-element-44e2f1fb elementor-widget elementor-widget-toggle\" data-id=\"44e2f1fb\" data-element_type=\"widget\" data-e-type=\"widget\" data-widget_type=\"toggle.default\">\n\t\t\t\t<div class=\"elementor-widget-container\">\n\t\t\t\t\t\t\t<div class=\"elementor-toggle\">\n\t\t\t\t\t\t\t<div class=\"elementor-toggle-item\">\n\t\t\t\t\t<div id=\"elementor-tab-title-1151\" class=\"elementor-tab-title\" data-tab=\"1\" role=\"button\" aria-controls=\"elementor-tab-content-1151\" aria-expanded=\"false\">\n\t\t\t\t\t\t\t\t\t\t\t\t<span class=\"elementor-toggle-icon elementor-toggle-icon-left\" aria-hidden=\"true\">\n\t\t\t\t\t\t\t\t\t\t\t\t\t\t\t<span class=\"elementor-toggle-icon-closed\"><i class=\"fas fa-caret-right\"><\/i><\/span>\n\t\t\t\t\t\t\t\t<span class=\"elementor-toggle-icon-opened\"><i class=\"elementor-toggle-icon-opened fas fa-caret-up\"><\/i><\/span>\n\t\t\t\t\t\t\t\t\t\t\t\t\t<\/span>\n\t\t\t\t\t\t\t\t\t\t\t\t<a class=\"elementor-toggle-title\" tabindex=\"0\">More news and posts about the project:<\/a>\n\t\t\t\t\t<\/div>\n\n\t\t\t\t\t<div id=\"elementor-tab-content-1151\" class=\"elementor-tab-content elementor-clearfix\" data-tab=\"1\" role=\"region\" aria-labelledby=\"elementor-tab-title-1151\"><\/div>\n\t\t\t\t<\/div>\n\t\t\t\t\t\t\t\t<\/div>\n\t\t\t\t\t\t<\/div>\n\t\t\t\t<\/div>\n\t\t\t\t\t<\/div>\n\t\t<\/div>\n\t\t\t\t\t<\/div>\n\t\t<\/section>\n\t\t\t\t\t<\/div>\n\t\t<\/div>\n\t\t\t\t\t<\/div>\n\t\t<\/section>\n\t\t\t\t<\/div>","protected":false},"excerpt":{"rendered":"<p>CAMPUS | Interreg Europe A CAMPUS c\u00e9lja, hogy t\u00e1mogassa az eur\u00f3pai r\u00e9gi\u00f3kat abban, hogy ellen\u00e1ll\u00f3bb\u00e1 v\u00e1ljanak a digit\u00e1lis fenyeget\u00e9sekkel \u00e9s kibert\u00e1mad\u00e1sokkal szemben, \u00e9s a digit\u00e1lis rezilienci\u00e1t a region\u00e1lis fejleszt\u00e9spolitika szerves r\u00e9sz\u00e9v\u00e9 tegy\u00e9k. A projekt a Bretagne Cyber Campus mint\u00e1j\u00e1ra vizsg\u00e1lja, hogyan lehet a digit\u00e1lis reziliencia fejleszt\u00e9s\u00e9t t\u00e1mogat\u00f3 kezdem\u00e9nyez\u00e9seket l\u00e9trehozni \u00e9s m\u0171k\u00f6dtetni, valamint hogyan tudj\u00e1k a [&hellip;]<\/p>\n","protected":false},"author":1,"featured_media":0,"parent":0,"menu_order":0,"comment_status":"closed","ping_status":"closed","template":"","meta":{"site-sidebar-layout":"no-sidebar","site-content-layout":"page-builder","ast-site-content-layout":"full-width-container","site-content-style":"default","site-sidebar-style":"default","ast-global-header-display":"","ast-banner-title-visibility":"","ast-main-header-display":"","ast-hfb-above-header-display":"","ast-hfb-below-header-display":"","ast-hfb-mobile-header-display":"","site-post-title":"disabled","ast-breadcrumbs-content":"","ast-featured-img":"disabled","footer-sml-layout":"","ast-disable-related-posts":"","theme-transparent-header-meta":"","adv-header-id-meta":"","stick-header-meta":"","header-above-stick-meta":"","header-main-stick-meta":"","header-below-stick-meta":"","astra-migrate-meta-layouts":"set","ast-page-background-enabled":"default","ast-page-background-meta":{"desktop":{"background-color":"","background-image":"","background-repeat":"repeat","background-position":"center center","background-size":"auto","background-attachment":"scroll","background-type":"","background-media":"","overlay-type":"","overlay-color":"","overlay-opacity":"","overlay-gradient":""},"tablet":{"background-color":"","background-image":"","background-repeat":"repeat","background-position":"center center","background-size":"auto","background-attachment":"scroll","background-type":"","background-media":"","overlay-type":"","overlay-color":"","overlay-opacity":"","overlay-gradient":""},"mobile":{"background-color":"","background-image":"","background-repeat":"repeat","background-position":"center center","background-size":"auto","background-attachment":"scroll","background-type":"","background-media":"","overlay-type":"","overlay-color":"","overlay-opacity":"","overlay-gradient":""}},"ast-content-background-meta":{"desktop":{"background-color":"var(--ast-global-color-5)","background-image":"","background-repeat":"repeat","background-position":"center center","background-size":"auto","background-attachment":"scroll","background-type":"","background-media":"","overlay-type":"","overlay-color":"","overlay-opacity":"","overlay-gradient":""},"tablet":{"background-color":"var(--ast-global-color-5)","background-image":"","background-repeat":"repeat","background-position":"center center","background-size":"auto","background-attachment":"scroll","background-type":"","background-media":"","overlay-type":"","overlay-color":"","overlay-opacity":"","overlay-gradient":""},"mobile":{"background-color":"var(--ast-global-color-5)","background-image":"","background-repeat":"repeat","background-position":"center center","background-size":"auto","background-attachment":"scroll","background-type":"","background-media":"","overlay-type":"","overlay-color":"","overlay-opacity":"","overlay-gradient":""}},"footnotes":""},"class_list":["post-9874","page","type-page","status-publish","hentry"],"_links":{"self":[{"href":"http:\/\/www.kdriu.hu\/en\/wp-json\/wp\/v2\/pages\/9874","targetHints":{"allow":["GET"]}}],"collection":[{"href":"http:\/\/www.kdriu.hu\/en\/wp-json\/wp\/v2\/pages"}],"about":[{"href":"http:\/\/www.kdriu.hu\/en\/wp-json\/wp\/v2\/types\/page"}],"author":[{"embeddable":true,"href":"http:\/\/www.kdriu.hu\/en\/wp-json\/wp\/v2\/users\/1"}],"replies":[{"embeddable":true,"href":"http:\/\/www.kdriu.hu\/en\/wp-json\/wp\/v2\/comments?post=9874"}],"version-history":[{"count":10,"href":"http:\/\/www.kdriu.hu\/en\/wp-json\/wp\/v2\/pages\/9874\/revisions"}],"predecessor-version":[{"id":9887,"href":"http:\/\/www.kdriu.hu\/en\/wp-json\/wp\/v2\/pages\/9874\/revisions\/9887"}],"wp:attachment":[{"href":"http:\/\/www.kdriu.hu\/en\/wp-json\/wp\/v2\/media?parent=9874"}],"curies":[{"name":"wp","href":"https:\/\/api.w.org\/{rel}","templated":true}]}}