{"id":9906,"date":"2025-11-26T08:11:21","date_gmt":"2025-11-26T08:11:21","guid":{"rendered":"https:\/\/www.kdriu.hu\/?page_id=9906"},"modified":"2025-11-26T08:21:06","modified_gmt":"2025-11-26T08:21:06","slug":"biopro-regions","status":"publish","type":"page","link":"http:\/\/www.kdriu.hu\/en\/biopro-regions\/","title":{"rendered":"BIOPRO Regions"},"content":{"rendered":"<div data-elementor-type=\"wp-page\" data-elementor-id=\"9906\" class=\"elementor elementor-9906\" data-elementor-post-type=\"page\">\n\t\t\t\t\t\t<section class=\"elementor-section elementor-top-section elementor-element elementor-element-7b335540 elementor-section-stretched elementor-section-height-min-height elementor-section-boxed elementor-section-height-default elementor-section-items-middle elementor-invisible\" data-id=\"7b335540\" data-element_type=\"section\" data-e-type=\"section\" data-settings=\"{&quot;background_background&quot;:&quot;classic&quot;,&quot;stretch_section&quot;:&quot;section-stretched&quot;,&quot;animation&quot;:&quot;fadeIn&quot;}\">\n\t\t\t\t\t\t\t<div class=\"elementor-background-overlay\"><\/div>\n\t\t\t\t\t\t\t<div class=\"elementor-container elementor-column-gap-no\">\n\t\t\t\t\t<div class=\"elementor-column elementor-col-100 elementor-top-column elementor-element elementor-element-1dedb54\" data-id=\"1dedb54\" data-element_type=\"column\" data-e-type=\"column\">\n\t\t\t<div class=\"elementor-widget-wrap elementor-element-populated\">\n\t\t\t\t\t\t<div class=\"elementor-element elementor-element-40eb7788 elementor-widget elementor-widget-spacer\" data-id=\"40eb7788\" data-element_type=\"widget\" data-e-type=\"widget\" data-widget_type=\"spacer.default\">\n\t\t\t\t<div class=\"elementor-widget-container\">\n\t\t\t\t\t\t\t<div class=\"elementor-spacer\">\n\t\t\t<div class=\"elementor-spacer-inner\"><\/div>\n\t\t<\/div>\n\t\t\t\t\t\t<\/div>\n\t\t\t\t<\/div>\n\t\t\t\t<div class=\"elementor-element elementor-element-71de169d elementor-widget elementor-widget-heading\" data-id=\"71de169d\" data-element_type=\"widget\" data-e-type=\"widget\" data-widget_type=\"heading.default\">\n\t\t\t\t<div class=\"elementor-widget-container\">\n\t\t\t\t\t<h2 class=\"elementor-heading-title elementor-size-default\">BIOPRO Regions | Interreg Europe<\/h2>\t\t\t\t<\/div>\n\t\t\t\t<\/div>\n\t\t\t\t\t<\/div>\n\t\t<\/div>\n\t\t\t\t\t<\/div>\n\t\t<\/section>\n\t\t\t\t<section class=\"elementor-section elementor-top-section elementor-element elementor-element-244b63b0 elementor-section-stretched elementor-section-boxed elementor-section-height-default elementor-section-height-default\" data-id=\"244b63b0\" data-element_type=\"section\" data-e-type=\"section\" data-settings=\"{&quot;stretch_section&quot;:&quot;section-stretched&quot;,&quot;background_background&quot;:&quot;classic&quot;}\">\n\t\t\t\t\t\t<div class=\"elementor-container elementor-column-gap-no\">\n\t\t\t\t\t<div class=\"elementor-column elementor-col-100 elementor-top-column elementor-element elementor-element-901ed27\" data-id=\"901ed27\" data-element_type=\"column\" data-e-type=\"column\">\n\t\t\t<div class=\"elementor-widget-wrap elementor-element-populated\">\n\t\t\t\t\t\t<section class=\"elementor-section elementor-inner-section elementor-element elementor-element-16bc7023 elementor-section-boxed elementor-section-height-default elementor-section-height-default\" data-id=\"16bc7023\" data-element_type=\"section\" data-e-type=\"section\">\n\t\t\t\t\t\t<div class=\"elementor-container elementor-column-gap-default\">\n\t\t\t\t\t<div class=\"elementor-column elementor-col-100 elementor-inner-column elementor-element elementor-element-7d6f6564\" data-id=\"7d6f6564\" data-element_type=\"column\" data-e-type=\"column\" data-settings=\"{&quot;background_background&quot;:&quot;classic&quot;}\">\n\t\t\t<div class=\"elementor-widget-wrap elementor-element-populated\">\n\t\t\t\t\t\t<div class=\"elementor-element elementor-element-1cbc798f elementor-widget elementor-widget-image\" data-id=\"1cbc798f\" data-element_type=\"widget\" data-e-type=\"widget\" data-widget_type=\"image.default\">\n\t\t\t\t<div class=\"elementor-widget-container\">\n\t\t\t\t\t\t\t\t\t\t\t\t\t\t\t<img decoding=\"async\" width=\"300\" height=\"108\" src=\"https:\/\/www.kdriu.hu\/wp-content\/uploads\/2025\/11\/BIOPRO_Regions_Logo-300x108.jpg\" class=\"attachment-medium size-medium wp-image-9909\" alt=\"\" srcset=\"https:\/\/www.kdriu.hu\/wp-content\/uploads\/2025\/11\/BIOPRO_Regions_Logo-300x108.jpg 300w, https:\/\/www.kdriu.hu\/wp-content\/uploads\/2025\/11\/BIOPRO_Regions_Logo-1024x368.jpg 1024w, https:\/\/www.kdriu.hu\/wp-content\/uploads\/2025\/11\/BIOPRO_Regions_Logo-768x276.jpg 768w, https:\/\/www.kdriu.hu\/wp-content\/uploads\/2025\/11\/BIOPRO_Regions_Logo-1536x551.jpg 1536w, https:\/\/www.kdriu.hu\/wp-content\/uploads\/2025\/11\/BIOPRO_Regions_Logo-2048x735.jpg 2048w, https:\/\/www.kdriu.hu\/wp-content\/uploads\/2025\/11\/BIOPRO_Regions_Logo-18x6.jpg 18w\" sizes=\"(max-width: 300px) 100vw, 300px\" \/>\t\t\t\t\t\t\t\t\t\t\t\t\t\t\t<\/div>\n\t\t\t\t<\/div>\n\t\t\t\t<div class=\"elementor-element elementor-element-42f32747 elementor-widget elementor-widget-text-editor\" data-id=\"42f32747\" data-element_type=\"widget\" data-e-type=\"widget\" data-widget_type=\"text-editor.default\">\n\t\t\t\t<div class=\"elementor-widget-container\">\n\t\t\t\t\t\t\t\t\t<p>The overall objective of the project is to promote sustainable, local agri-food chains and regional bioeconomy development. BIOPRO Regions (Bio &amp; Proximity Products Regions) is closely aligned with the European Green Deal and its Farm to Fork Strategy, which aims to reduce the climate footprint of Europe's food system. The project focuses on sustainable food production, processing, distribution, and consumption, with particular emphasis on short supply chains, local products, and environmentally friendly practices.<\/p><p>Local and regional administrations are key entities in promoting more sustainable policies due to their driving effect (closeness to entities and citizens), regulatory capacity, financing capacity, and specialized services. The project brings together public organizations with complementary experiences and competences in the field of bio-production and proximity products.<\/p><p><strong>Key priorities and activities:<\/strong><\/p><ul><li>Exchange of good practices to promote more sustainable production and consumption policies and strategies<\/li><li>Collaborative work to improve resources and competences towards the promotion of more sustainable production and consumption policies<\/li><li>Development of regional policy instruments to support organic farming, circular economy, and local value chains<\/li><li>Organization of study visits, workshops, and seminars for the transfer of good practices and knowledge sharing among partner regions<\/li><li>Introduction of eco-labelling for local products (\"produced in a protected area\")<\/li><li>Support for traditional extensive farming on biologically valuable areas<\/li><\/ul><p><b>Project partners: <\/b><\/p><p>The project is implemented by 8 partners from 7 different European countries:<\/p><ul><li>Intermunicipal Community of Ave (CIM do Ave) \u2013 lead partner \u2013 Portugal<\/li><li>Dalarna County \u2013 Sweden<\/li><li>Municipality of Tetovo \u2013 North Macedonia<\/li><li>ANEL (Regional Development Agency) \u2013 Cyprus<\/li><li>Central Transdanubian Regional Innovation Agency Nonprofit Ltd. (CTRIA) - Hungary<\/li><li>Regional Development Agency of Backa \u2013 Serbia<\/li><li>Agriculture Chamber of Dordogne \u2013 France<\/li><li>ALMPA (Protected Area Management) \u2013 Litthuania<\/li><\/ul><p><b>Duration of the project:<\/b> May 1, 2025 \u2013 May 31, 2028<\/p><p><b>The official project website:<\/b> <a href=\"https:\/\/www.interregeurope.eu\/biopro-regions\" target=\"_blank\" rel=\"noopener\">https:\/\/www.interregeurope.eu\/biopro-regions<\/a><\/p>\t\t\t\t\t\t\t\t<\/div>\n\t\t\t\t<\/div>\n\t\t\t\t<div class=\"elementor-element elementor-element-6d6c20b3 elementor-widget elementor-widget-toggle\" data-id=\"6d6c20b3\" data-element_type=\"widget\" data-e-type=\"widget\" data-widget_type=\"toggle.default\">\n\t\t\t\t<div class=\"elementor-widget-container\">\n\t\t\t\t\t\t\t<div class=\"elementor-toggle\">\n\t\t\t\t\t\t\t<div class=\"elementor-toggle-item\">\n\t\t\t\t\t<div id=\"elementor-tab-title-1831\" class=\"elementor-tab-title\" data-tab=\"1\" role=\"button\" aria-controls=\"elementor-tab-content-1831\" aria-expanded=\"false\">\n\t\t\t\t\t\t\t\t\t\t\t\t<span class=\"elementor-toggle-icon elementor-toggle-icon-left\" aria-hidden=\"true\">\n\t\t\t\t\t\t\t\t\t\t\t\t\t\t\t<span class=\"elementor-toggle-icon-closed\"><i class=\"fas fa-caret-right\"><\/i><\/span>\n\t\t\t\t\t\t\t\t<span class=\"elementor-toggle-icon-opened\"><i class=\"elementor-toggle-icon-opened fas fa-caret-up\"><\/i><\/span>\n\t\t\t\t\t\t\t\t\t\t\t\t\t<\/span>\n\t\t\t\t\t\t\t\t\t\t\t\t<a class=\"elementor-toggle-title\" tabindex=\"0\">More news and posts about the project:<\/a>\n\t\t\t\t\t<\/div>\n\n\t\t\t\t\t<div id=\"elementor-tab-content-1831\" class=\"elementor-tab-content elementor-clearfix\" data-tab=\"1\" role=\"region\" aria-labelledby=\"elementor-tab-title-1831\"><\/div>\n\t\t\t\t<\/div>\n\t\t\t\t\t\t\t\t<\/div>\n\t\t\t\t\t\t<\/div>\n\t\t\t\t<\/div>\n\t\t\t\t\t<\/div>\n\t\t<\/div>\n\t\t\t\t\t<\/div>\n\t\t<\/section>\n\t\t\t\t\t<\/div>\n\t\t<\/div>\n\t\t\t\t\t<\/div>\n\t\t<\/section>\n\t\t\t\t<\/div>","protected":false},"excerpt":{"rendered":"<p>BIOPRO Regions | Interreg Europe A projekt \u00e1tfog\u00f3 c\u00e9lja a fenntarthat\u00f3, helyi agr\u00e1r-\u00e9lelmiszeripari l\u00e1ncok \u00e9s a biogazdas\u00e1g region\u00e1lis fejleszt\u00e9se. A BIOPRO Regions (Bio &amp; Proximity Products Regions) szorosan kapcsol\u00f3dik az Eur\u00f3pai Z\u00f6ld Meg\u00e1llapod\u00e1shoz \u00e9s annak Farm to Fork (Farm az asztalig) strat\u00e9gi\u00e1j\u00e1hoz, amely Eur\u00f3pa \u00e9lelmiszerrendszer\u00e9nek kl\u00edmal\u00e1bnyom\u00e1nak cs\u00f6kkent\u00e9s\u00e9t c\u00e9lozza meg. A projekt a fenntarthat\u00f3 \u00e9lelmiszer-termel\u00e9sre, -feldolgoz\u00e1sra, [&hellip;]<\/p>\n","protected":false},"author":1,"featured_media":0,"parent":0,"menu_order":0,"comment_status":"closed","ping_status":"closed","template":"","meta":{"site-sidebar-layout":"no-sidebar","site-content-layout":"page-builder","ast-site-content-layout":"full-width-container","site-content-style":"default","site-sidebar-style":"default","ast-global-header-display":"","ast-banner-title-visibility":"","ast-main-header-display":"","ast-hfb-above-header-display":"","ast-hfb-below-header-display":"","ast-hfb-mobile-header-display":"","site-post-title":"disabled","ast-breadcrumbs-content":"","ast-featured-img":"disabled","footer-sml-layout":"","ast-disable-related-posts":"","theme-transparent-header-meta":"","adv-header-id-meta":"","stick-header-meta":"","header-above-stick-meta":"","header-main-stick-meta":"","header-below-stick-meta":"","astra-migrate-meta-layouts":"set","ast-page-background-enabled":"default","ast-page-background-meta":{"desktop":{"background-color":"","background-image":"","background-repeat":"repeat","background-position":"center center","background-size":"auto","background-attachment":"scroll","background-type":"","background-media":"","overlay-type":"","overlay-color":"","overlay-opacity":"","overlay-gradient":""},"tablet":{"background-color":"","background-image":"","background-repeat":"repeat","background-position":"center center","background-size":"auto","background-attachment":"scroll","background-type":"","background-media":"","overlay-type":"","overlay-color":"","overlay-opacity":"","overlay-gradient":""},"mobile":{"background-color":"","background-image":"","background-repeat":"repeat","background-position":"center center","background-size":"auto","background-attachment":"scroll","background-type":"","background-media":"","overlay-type":"","overlay-color":"","overlay-opacity":"","overlay-gradient":""}},"ast-content-background-meta":{"desktop":{"background-color":"var(--ast-global-color-5)","background-image":"","background-repeat":"repeat","background-position":"center center","background-size":"auto","background-attachment":"scroll","background-type":"","background-media":"","overlay-type":"","overlay-color":"","overlay-opacity":"","overlay-gradient":""},"tablet":{"background-color":"var(--ast-global-color-5)","background-image":"","background-repeat":"repeat","background-position":"center center","background-size":"auto","background-attachment":"scroll","background-type":"","background-media":"","overlay-type":"","overlay-color":"","overlay-opacity":"","overlay-gradient":""},"mobile":{"background-color":"var(--ast-global-color-5)","background-image":"","background-repeat":"repeat","background-position":"center center","background-size":"auto","background-attachment":"scroll","background-type":"","background-media":"","overlay-type":"","overlay-color":"","overlay-opacity":"","overlay-gradient":""}},"footnotes":""},"class_list":["post-9906","page","type-page","status-publish","hentry"],"_links":{"self":[{"href":"http:\/\/www.kdriu.hu\/en\/wp-json\/wp\/v2\/pages\/9906","targetHints":{"allow":["GET"]}}],"collection":[{"href":"http:\/\/www.kdriu.hu\/en\/wp-json\/wp\/v2\/pages"}],"about":[{"href":"http:\/\/www.kdriu.hu\/en\/wp-json\/wp\/v2\/types\/page"}],"author":[{"embeddable":true,"href":"http:\/\/www.kdriu.hu\/en\/wp-json\/wp\/v2\/users\/1"}],"replies":[{"embeddable":true,"href":"http:\/\/www.kdriu.hu\/en\/wp-json\/wp\/v2\/comments?post=9906"}],"version-history":[{"count":4,"href":"http:\/\/www.kdriu.hu\/en\/wp-json\/wp\/v2\/pages\/9906\/revisions"}],"predecessor-version":[{"id":9912,"href":"http:\/\/www.kdriu.hu\/en\/wp-json\/wp\/v2\/pages\/9906\/revisions\/9912"}],"wp:attachment":[{"href":"http:\/\/www.kdriu.hu\/en\/wp-json\/wp\/v2\/media?parent=9906"}],"curies":[{"name":"wp","href":"https:\/\/api.w.org\/{rel}","templated":true}]}}