{"id":10060,"date":"2026-02-20T16:50:55","date_gmt":"2026-02-20T16:50:55","guid":{"rendered":"https:\/\/www.kdriu.hu\/?page_id=10060"},"modified":"2026-03-18T09:13:40","modified_gmt":"2026-03-18T09:13:40","slug":"bbmjk","status":"publish","type":"page","link":"https:\/\/www.kdriu.hu\/en\/bbmjk\/","title":{"rendered":"Bakony-Balaton Mechatronikai \u00e9s J\u00e1rm\u0171ipari Klaszter"},"content":{"rendered":"<div data-elementor-type=\"wp-page\" data-elementor-id=\"10060\" class=\"elementor elementor-10060\" data-elementor-post-type=\"page\">\n\t\t\t\t\t\t<section class=\"elementor-section elementor-top-section elementor-element elementor-element-16ce0a41 elementor-section-stretched elementor-section-height-min-height elementor-section-boxed elementor-section-height-default elementor-section-items-middle elementor-invisible\" data-id=\"16ce0a41\" data-element_type=\"section\" data-e-type=\"section\" data-settings=\"{&quot;background_background&quot;:&quot;classic&quot;,&quot;stretch_section&quot;:&quot;section-stretched&quot;,&quot;animation&quot;:&quot;fadeIn&quot;}\">\n\t\t\t\t\t\t\t<div class=\"elementor-background-overlay\"><\/div>\n\t\t\t\t\t\t\t<div class=\"elementor-container elementor-column-gap-no\">\n\t\t\t\t\t<div class=\"elementor-column elementor-col-100 elementor-top-column elementor-element elementor-element-68a34092\" data-id=\"68a34092\" data-element_type=\"column\" data-e-type=\"column\">\n\t\t\t<div class=\"elementor-widget-wrap elementor-element-populated\">\n\t\t\t\t\t\t<div class=\"elementor-element elementor-element-262dbed2 elementor-widget elementor-widget-spacer\" data-id=\"262dbed2\" data-element_type=\"widget\" data-e-type=\"widget\" data-widget_type=\"spacer.default\">\n\t\t\t\t<div class=\"elementor-widget-container\">\n\t\t\t\t\t\t\t<div class=\"elementor-spacer\">\n\t\t\t<div class=\"elementor-spacer-inner\"><\/div>\n\t\t<\/div>\n\t\t\t\t\t\t<\/div>\n\t\t\t\t<\/div>\n\t\t\t\t<div class=\"elementor-element elementor-element-2d84c100 elementor-widget elementor-widget-heading\" data-id=\"2d84c100\" data-element_type=\"widget\" data-e-type=\"widget\" data-widget_type=\"heading.default\">\n\t\t\t\t<div class=\"elementor-widget-container\">\n\t\t\t\t\t<h2 class=\"elementor-heading-title elementor-size-default\">Bakony-Balaton Mechatronikai \u00e9s J\u00e1rm\u0171ipari Klaszter<\/h2>\t\t\t\t<\/div>\n\t\t\t\t<\/div>\n\t\t\t\t\t<\/div>\n\t\t<\/div>\n\t\t\t\t\t<\/div>\n\t\t<\/section>\n\t\t\t\t<section class=\"elementor-section elementor-top-section elementor-element elementor-element-1fc27c73 elementor-section-stretched elementor-section-boxed elementor-section-height-default elementor-section-height-default\" data-id=\"1fc27c73\" data-element_type=\"section\" data-e-type=\"section\" data-settings=\"{&quot;stretch_section&quot;:&quot;section-stretched&quot;,&quot;background_background&quot;:&quot;classic&quot;}\">\n\t\t\t\t\t\t<div class=\"elementor-container elementor-column-gap-no\">\n\t\t\t\t\t<div class=\"elementor-column elementor-col-100 elementor-top-column elementor-element elementor-element-6cda93ed\" data-id=\"6cda93ed\" data-element_type=\"column\" data-e-type=\"column\">\n\t\t\t<div class=\"elementor-widget-wrap elementor-element-populated\">\n\t\t\t\t\t\t<section class=\"elementor-section elementor-inner-section elementor-element elementor-element-1b078f48 elementor-section-boxed elementor-section-height-default elementor-section-height-default\" data-id=\"1b078f48\" data-element_type=\"section\" data-e-type=\"section\">\n\t\t\t\t\t\t<div class=\"elementor-container elementor-column-gap-default\">\n\t\t\t\t\t<div class=\"elementor-column elementor-col-100 elementor-inner-column elementor-element elementor-element-e06bd01\" data-id=\"e06bd01\" data-element_type=\"column\" data-e-type=\"column\" data-settings=\"{&quot;background_background&quot;:&quot;classic&quot;}\">\n\t\t\t<div class=\"elementor-widget-wrap elementor-element-populated\">\n\t\t\t\t\t\t<div class=\"elementor-element elementor-element-3be01340 elementor-widget elementor-widget-image\" data-id=\"3be01340\" data-element_type=\"widget\" data-e-type=\"widget\" data-widget_type=\"image.default\">\n\t\t\t\t<div class=\"elementor-widget-container\">\n\t\t\t\t\t\t\t\t\t\t\t\t\t\t\t<img fetchpriority=\"high\" decoding=\"async\" width=\"768\" height=\"510\" src=\"https:\/\/www.kdriu.hu\/wp-content\/uploads\/2026\/02\/BBMJK_logo-768x510.jpg\" class=\"attachment-medium_large size-medium_large wp-image-10053\" alt=\"\" srcset=\"https:\/\/www.kdriu.hu\/wp-content\/uploads\/2026\/02\/BBMJK_logo-768x510.jpg 768w, https:\/\/www.kdriu.hu\/wp-content\/uploads\/2026\/02\/BBMJK_logo-300x199.jpg 300w, https:\/\/www.kdriu.hu\/wp-content\/uploads\/2026\/02\/BBMJK_logo-18x12.jpg 18w, https:\/\/www.kdriu.hu\/wp-content\/uploads\/2026\/02\/BBMJK_logo.jpg 1024w\" sizes=\"(max-width: 768px) 100vw, 768px\" \/>\t\t\t\t\t\t\t\t\t\t\t\t\t\t\t<\/div>\n\t\t\t\t<\/div>\n\t\t\t\t<div class=\"elementor-element elementor-element-1742b68 elementor-align-center elementor-tablet-align-center elementor-mobile-align-center elementor-widget elementor-widget-button\" data-id=\"1742b68\" data-element_type=\"widget\" data-e-type=\"widget\" data-widget_type=\"button.default\">\n\t\t\t\t<div class=\"elementor-widget-container\">\n\t\t\t\t\t\t\t\t\t<div class=\"elementor-button-wrapper\">\n\t\t\t\t\t<a class=\"elementor-button elementor-button-link elementor-size-sm elementor-animation-float\" href=\"https:\/\/bbmjk.hu\/\" target=\"_blank\" rel=\"noopener\">\n\t\t\t\t\t\t<span class=\"elementor-button-content-wrapper\">\n\t\t\t\t\t\t\t\t\t<span class=\"elementor-button-text\">A klaszter weboldala<\/span>\n\t\t\t\t\t<\/span>\n\t\t\t\t\t<\/a>\n\t\t\t\t<\/div>\n\t\t\t\t\t\t\t\t<\/div>\n\t\t\t\t<\/div>\n\t\t\t\t<div class=\"elementor-element elementor-element-acd8d03 elementor-widget elementor-widget-text-editor\" data-id=\"acd8d03\" data-element_type=\"widget\" data-e-type=\"widget\" data-widget_type=\"text-editor.default\">\n\t\t\t\t<div class=\"elementor-widget-container\">\n\t\t\t\t\t\t\t\t\t<p><em>2012. \u00e1prilis 4-\u00e9n a Veszpr\u00e9m V\u00e1rmegyei Kereskedelmi \u00e9s Iparkamara \u00e1ltal menedzselt K\u00f6z\u00e9p-dun\u00e1nt\u00fali Region\u00e1lis Innov\u00e1ci\u00f3s Klaszter, valamint a K\u00f6z\u00e9p-Pannon Region\u00e1lis Fejleszt\u00e9si Zrt. \u00e1ltal m\u0171k\u00f6dtetett Ajkai Mechatronikai \u00e9s J\u00e1rm\u0171ipari Klaszter egyes\u00fcl\u00e9s\u00e9vel megalakult a Bakony-Balaton Mechatronikai \u00e9s J\u00e1rm\u0171ipari Klaszter. A klaszter m\u0171k\u00f6d\u00e9se az el\u0151dszervezetek r\u00e9v\u00e9n 2007-ben indult el.<\/em><\/p>\t\t\t\t\t\t\t\t<\/div>\n\t\t\t\t<\/div>\n\t\t\t\t<div class=\"elementor-element elementor-element-c69f3f2 elementor-widget elementor-widget-text-editor\" data-id=\"c69f3f2\" data-element_type=\"widget\" data-e-type=\"widget\" data-widget_type=\"text-editor.default\">\n\t\t\t\t<div class=\"elementor-widget-container\">\n\t\t\t\t\t\t\t\t\t<h4><strong>A klaszter strat\u00e9giai c\u00e9ljai:<\/strong><\/h4><ul><li>a g\u00e9pipariban, f\u00e9miparban, m\u0171anyagiparban, elektronikai iparban, v\u00e9delmi iparban, j\u00e1rm\u0171iparban \u00e9s kutat\u00e1s-fejleszt\u00e9sben\u00a0\u00e9rdekelt szerepl\u0151k ter\u00fcleti alap\u00fa egy\u00fcttm\u0171k\u00f6d\u00e9s\u00e9nek er\u0151s\u00edt\u00e9se, piaci poz\u00edci\u00f3juk jav\u00edt\u00e1sa, belf\u00f6ldi- \u00e9s nemzetk\u00f6zi kapcsolataik er\u0151s\u00edt\u00e9se, k\u00f6z\u00f6s \u00e9rdekeken alapul\u00f3 fejleszt\u00e9sek, beruh\u00e1z\u00e1sok kezdem\u00e9nyez\u00e9se \u00e9s megval\u00f3s\u00edt\u00e1sa;<\/li><li>a t\u00e9rs\u00e9g gazdas\u00e1gi versenyk\u00e9pess\u00e9g\u00e9nek n\u00f6vel\u00e9se, a foglalkoztatotts\u00e1g sz\u00ednvonal\u00e1nak emel\u00e9se, a m\u0171k\u00f6d\u0151-t\u0151ke megtart\u00e1sa, a t\u0151kevonz\u00f3 k\u00e9pess\u00e9g emel\u00e9se \u00e9s az enegriak\u00f6z\u00f6ss\u00e9gi egy\u00fcttm\u0171k\u00f6d\u00e9sek gener\u00e1l\u00e1sa.<\/li><\/ul><h4><strong>A klaszter operat\u00edv c\u00e9ljai:<\/strong><\/h4><ul><li>a klasztertagok egym\u00e1s k\u00f6z\u00f6tti \u00faj, a versenyk\u00e9pess\u00e9g \u00e9s foglalkoztat\u00e1s sz\u00ednvonal\u00e1t c\u00e9lz\u00f3 egy\u00fcttm\u0171k\u00f6d\u00e9si form\u00e1inak kialak\u00edt\u00e1sa \u00e9s fejleszt\u00e9se;<\/li><li>a klasztertagok besz\u00e1ll\u00edt\u00f3i k\u00e9szs\u00e9g\u00e9nek, k\u00e9pess\u00e9g\u00e9nek \u00e9s lehet\u0151s\u00e9g\u00e9nek fejleszt\u00e9se;<\/li><li>olyan k\u00f6z\u00f6sen menedzselt szolg\u00e1ltat\u00e1sok \u00e9s f\u00f3rumok m\u0171k\u00f6dtet\u00e9se a tagok sz\u00e1m\u00e1ra, melyek eredm\u00e9nyek\u00e9nt a klasztertagok tov\u00e1bb er\u0151s\u00edthetik szerep\u00fcket a region\u00e1lis gazdas\u00e1gi teljes\u00edtm\u00e9ny n\u00f6vel\u00e9se ter\u00fclet\u00e9n;<\/li><li>a klaszter el\u0151seg\u00edti a t\u00e9rs\u00e9gben m\u0171k\u00f6d\u0151 kis- \u00e9s k\u00f6z\u00e9pv\u00e1llalkoz\u00e1sok h\u00e1l\u00f3zati egy\u00fcttm\u0171k\u00f6d\u00e9s\u00e9nek fejleszt\u00e9s\u00e9t, \u00faj besz\u00e1ll\u00edt\u00f3i kapcsolatok kialakul\u00e1s\u00e1t;<\/li><li>a klaszter a t\u00e9rs\u00e9g K+F+I int\u00e9zm\u00e9nyeivel \u2013 k\u00fcl\u00f6n\u00f6sen a Pannon Egyetemmel \u2013 biztos\u00edtja a tagok r\u00e9sz\u00e9re K+F+I tev\u00e9kenys\u00e9g\u00fck hat\u00e9konys\u00e1g\u00e1nak n\u00f6vel\u00e9s\u00e9t, illetve a t\u00e9rs\u00e9gi \u00e9s region\u00e1lis innov\u00e1ci\u00f3 eredm\u00e9nyeinek felhaszn\u00e1l\u00e1s\u00e1t;<\/li><li>a klasztertagok\u00a0k\u00f6z\u00f6tti, energiak\u00f6z\u00f6ss\u00e9geket \u00e9rint\u0151 egy\u00fcttm\u0171k\u00f6d\u00e9s kialak\u00edt\u00e1sa \u00e9s fejleszt\u00e9s\u00e9nek koordin\u00e1l\u00e1sa<\/li><\/ul><h4><strong>Klasztertagok:<\/strong><\/h4><ol><li>Adient Mez\u0151lak Kft. (Mez\u0151lak)<\/li><li>AE-Plasztik Zrt. (Ajka)<\/li><li>Ajkai Elektronikai Zrt. (Ajka)<\/li><li>Alap Eur\u00f3pa Kft. (Veszpr\u00e9m)<\/li><li>Astotec Automotive Hungary Bt. (P\u00e1pa)<\/li><li>AUMOVIO Hungary Kft. (Veszpr\u00e9m)<\/li><li>Bakony Elektronika Kft. (Zirc)<\/li><li>Bourns Alkatr\u00e9szgy\u00e1rt\u00f3 Kft. (Ajka)<\/li><li>Controlsoft-Automatika Kft. (Veszpr\u00e9m)<\/li><li>Csaba Tool Kft. (Ajka)<\/li><li>Csav\u00e1ria Kft. (Zalahal\u00e1p)<\/li><li>Csejtei F\u00e9m-Vill Kft. (Zalaegerszeg)<\/li><li>Flexmont Szerel\u00e9stechnikai \u00e9s Automatiz\u00e1l\u00e1si Kft. (Veszpr\u00e9m)<\/li><li>GosTech Kft. (V\u00e1rpalota)<\/li><li>IndaSys Kft. (Veszpr\u00e9m)<\/li><li>KNAPP Hungary Kft. (Nemesv\u00e1mos)<\/li><li>Kontex Kft. (Ajka)<\/li><li>K\u00f3kai T\u00f6m\u00edt\u00e9stechnikai Kft. (Ajka)<\/li><li>K\u00f6z\u00e9p-Dun\u00e1nt\u00fali Region\u00e1lis Innov\u00e1ci\u00f3s \u00dcgyn\u00f6ks\u00e9g Nonprofit Kft. (Sz\u00e9kesfeh\u00e9rv\u00e1r)<\/li><li>K\u00f6z\u00e9p-Pannon Nonprofit Kft (Balatonvil\u00e1gos)<\/li><li>Le B\u00e9lier Magyarorsz\u00e1g Forma\u00f6nt\u00f6de Zrt. (Ajka)<\/li><li>Macher G\u00e9p\u00e9szeti \u00e9s Elektronikai Zrt. (Sz\u00e9kesfeh\u00e9rv\u00e1r)<\/li><li>Pannon Egyetem (Veszpr\u00e9m)<\/li><li>Payer Industries Hungary Kft. (Ajka)<\/li><li>Plasticor M\u0171anyagfeldolgoz\u00f3 Kft. (Veszpr\u00e9m)<\/li><li>Poppe + Potthoff Hung\u00e1ria Kft. (Ajka)<\/li><li>Simon Plastics Kft. (K\u0151sz\u00e1rhegy)<\/li><li>Szatuna Kft. (Balatonf\u0171zf\u0151)<\/li><li>Targonca Trade 2000 Kft. (Ajka)<\/li><li>Termel\u00e9s-Logistic-Centrum Kft. (Balatonf\u00fcred)<\/li><li>Vesz-Mont 2000 Kft. (Nemesv\u00e1mos)<\/li><li>Veszpr\u00e9m V\u00e1rmegyei Kereskedelmi \u00e9s Iparkamara (Veszpr\u00e9m)<\/li><li>VVI Veszpr\u00e9m V\u00e1rosfejleszt\u00e9si \u00e9s Innov\u00e1ci\u00f3s Kft. (Veszpr\u00e9m)<\/li><li>Zsoldos Kft. (Ajka)<\/li><li>Balluff-Elektronika Kft. (Veszpr\u00e9m, Cset\u00e9ny)<\/li><li>Magyar DigiLean Egyes\u00fclet (Veszpr\u00e9m)<\/li><\/ol><h4>\u00a0<strong>Klaszter eln\u00f6k:<\/strong><\/h4><ul><li>Gell\u00e9n L\u00e1szl\u00f3 (Poppe+Potthoff Hung\u00e1ria Kft.)<\/li><\/ul><h4><strong>Klaszterbizotts\u00e1gi tagok:<\/strong><\/h4><ul><li>Gell\u00e9n L\u00e1szl\u00f3 (Poppe+Potthoff Hung\u00e1ria Kft.) &#8211;<em>\u00a0Klaszterbizotts\u00e1g eln\u00f6ke<\/em><\/li><li>H\u00e9dl S\u00e1ndor (Bakony Elektronika Kft.)<\/li><li>Mogyor\u00f3si Tam\u00e1s (Alap Eur\u00f3pa Kft.)<\/li><li>Veisz J\u00f3zsef (KNAPP Hungary Kft.)<\/li><li>Dr. Simon Attila (Veszpr\u00e9m V\u00e1rmegyei Kereskedelmi \u00e9s Iparkamara)<\/li><li>Dr. Sz\u00e9pv\u00f6lgyi \u00c1kos (K\u00f6z\u00e9p-Dun\u00e1nt\u00fali Region\u00e1lis Innov\u00e1ci\u00f3s \u00dcgyn\u00f6ks\u00e9g Nonprofit Kft.)<\/li><li>Dr. Temesv\u00e1ri Bal\u00e1zs (VVI Veszpr\u00e9m V\u00e1rosfejleszt\u00e9si \u00e9s Innov\u00e1ci\u00f3s Kft.)<\/li><\/ul><h4><strong>Klasztermenedzsment szervezet:<\/strong><\/h4><p>A Klaszter m\u0171k\u00f6d\u00e9s\u00e9hez sz\u00fcks\u00e9ges \u00fczleti infrastrukt\u00far\u00e1t a menedzsmentszervezet\u00a0szerep\u00e9t bet\u00f6lt\u0151\u00a0<em>K\u00f6z\u00e9p-Dun\u00e1nt\u00fali Region\u00e1lis Innov\u00e1ci\u00f3s \u00dcgyn\u00f6ks\u00e9g Nonprofit Kft.\u00a0<\/em>biztos\u00edtja a\u00a0Veszpr\u00e9m V\u00e1rmegyei Kereskedelmi \u00e9s Iparkamara k\u00f6zrem\u0171k\u00f6d\u00e9s\u00e9vel. Tov\u00e1bbi menedzsmentszervezet:\u00a0VVI Veszpr\u00e9m V\u00e1rosfejleszt\u00e9si \u00e9s Innov\u00e1ci\u00f3s\u00a0Kft. (energiak\u00f6z\u00f6ss\u00e9gi szolg\u00e1ltat\u00e1sok).<\/p>\t\t\t\t\t\t\t\t<\/div>\n\t\t\t\t<\/div>\n\t\t\t\t<div class=\"elementor-element elementor-element-1a4938a elementor-widget elementor-widget-html\" data-id=\"1a4938a\" data-element_type=\"widget\" data-e-type=\"widget\" data-widget_type=\"html.default\">\n\t\t\t\t<div class=\"elementor-widget-container\">\n\t\t\t\t\t<iframe src=\"https:\/\/www.google.com\/maps\/d\/embed?mid=1g7gCVMMYyNTOswEJeaiclwPZ9gY&ehbc=2E312F\" width=\"640\" height=\"480\"><\/iframe>\t\t\t\t<\/div>\n\t\t\t\t<\/div>\n\t\t\t\t\t<\/div>\n\t\t<\/div>\n\t\t\t\t\t<\/div>\n\t\t<\/section>\n\t\t\t\t\t<\/div>\n\t\t<\/div>\n\t\t\t\t\t<\/div>\n\t\t<\/section>\n\t\t\t\t<\/div>","protected":false},"excerpt":{"rendered":"<p>A klaszter weboldala 2012. \u00e1prilis 4-\u00e9n a Veszpr\u00e9m V\u00e1rmegyei Kereskedelmi \u00e9s Iparkamara \u00e1ltal menedzselt K\u00f6z\u00e9p-dun\u00e1nt\u00fali Region\u00e1lis Innov\u00e1ci\u00f3s Klaszter, valamint a K\u00f6z\u00e9p-Pannon Region\u00e1lis Fejleszt\u00e9si Zrt. \u00e1ltal m\u0171k\u00f6dtetett Ajkai Mechatronikai \u00e9s J\u00e1rm\u0171ipari Klaszter egyes\u00fcl\u00e9s\u00e9vel megalakult a Bakony-Balaton Mechatronikai \u00e9s J\u00e1rm\u0171ipari Klaszter. A klaszter m\u0171k\u00f6d\u00e9se az el\u0151dszervezetek r\u00e9v\u00e9n 2007-ben indult el. A klaszter strat\u00e9giai c\u00e9ljai: a g\u00e9pipariban, f\u00e9miparban, [&hellip;]<\/p>\n","protected":false},"author":1,"featured_media":0,"parent":0,"menu_order":0,"comment_status":"closed","ping_status":"closed","template":"","meta":{"site-sidebar-layout":"no-sidebar","site-content-layout":"page-builder","ast-site-content-layout":"full-width-container","site-content-style":"default","site-sidebar-style":"default","ast-global-header-display":"","ast-banner-title-visibility":"","ast-main-header-display":"","ast-hfb-above-header-display":"","ast-hfb-below-header-display":"","ast-hfb-mobile-header-display":"","site-post-title":"disabled","ast-breadcrumbs-content":"","ast-featured-img":"disabled","footer-sml-layout":"","ast-disable-related-posts":"","theme-transparent-header-meta":"","adv-header-id-meta":"","stick-header-meta":"","header-above-stick-meta":"","header-main-stick-meta":"","header-below-stick-meta":"","astra-migrate-meta-layouts":"set","ast-page-background-enabled":"default","ast-page-background-meta":{"desktop":{"background-color":"","background-image":"","background-repeat":"repeat","background-position":"center center","background-size":"auto","background-attachment":"scroll","background-type":"","background-media":"","overlay-type":"","overlay-color":"","overlay-opacity":"","overlay-gradient":""},"tablet":{"background-color":"","background-image":"","background-repeat":"repeat","background-position":"center center","background-size":"auto","background-attachment":"scroll","background-type":"","background-media":"","overlay-type":"","overlay-color":"","overlay-opacity":"","overlay-gradient":""},"mobile":{"background-color":"","background-image":"","background-repeat":"repeat","background-position":"center center","background-size":"auto","background-attachment":"scroll","background-type":"","background-media":"","overlay-type":"","overlay-color":"","overlay-opacity":"","overlay-gradient":""}},"ast-content-background-meta":{"desktop":{"background-color":"var(--ast-global-color-5)","background-image":"","background-repeat":"repeat","background-position":"center center","background-size":"auto","background-attachment":"scroll","background-type":"","background-media":"","overlay-type":"","overlay-color":"","overlay-opacity":"","overlay-gradient":""},"tablet":{"background-color":"var(--ast-global-color-5)","background-image":"","background-repeat":"repeat","background-position":"center center","background-size":"auto","background-attachment":"scroll","background-type":"","background-media":"","overlay-type":"","overlay-color":"","overlay-opacity":"","overlay-gradient":""},"mobile":{"background-color":"var(--ast-global-color-5)","background-image":"","background-repeat":"repeat","background-position":"center center","background-size":"auto","background-attachment":"scroll","background-type":"","background-media":"","overlay-type":"","overlay-color":"","overlay-opacity":"","overlay-gradient":""}},"footnotes":""},"class_list":["post-10060","page","type-page","status-publish","hentry"],"_links":{"self":[{"href":"https:\/\/www.kdriu.hu\/en\/wp-json\/wp\/v2\/pages\/10060","targetHints":{"allow":["GET"]}}],"collection":[{"href":"https:\/\/www.kdriu.hu\/en\/wp-json\/wp\/v2\/pages"}],"about":[{"href":"https:\/\/www.kdriu.hu\/en\/wp-json\/wp\/v2\/types\/page"}],"author":[{"embeddable":true,"href":"https:\/\/www.kdriu.hu\/en\/wp-json\/wp\/v2\/users\/1"}],"replies":[{"embeddable":true,"href":"https:\/\/www.kdriu.hu\/en\/wp-json\/wp\/v2\/comments?post=10060"}],"version-history":[{"count":22,"href":"https:\/\/www.kdriu.hu\/en\/wp-json\/wp\/v2\/pages\/10060\/revisions"}],"predecessor-version":[{"id":10252,"href":"https:\/\/www.kdriu.hu\/en\/wp-json\/wp\/v2\/pages\/10060\/revisions\/10252"}],"wp:attachment":[{"href":"https:\/\/www.kdriu.hu\/en\/wp-json\/wp\/v2\/media?parent=10060"}],"curies":[{"name":"wp","href":"https:\/\/api.w.org\/{rel}","templated":true}]}}