{"id":2766,"date":"2021-05-04T12:22:03","date_gmt":"2021-05-04T12:22:03","guid":{"rendered":"http:\/\/test.cman.hu\/?page_id=2766"},"modified":"2021-05-07T21:33:13","modified_gmt":"2021-05-07T21:33:13","slug":"tokebevonas-forrasszerzes","status":"publish","type":"page","link":"https:\/\/www.kdriu.hu\/en\/tokebevonas-forrasszerzes\/","title":{"rendered":"Risk capital raising and fundraising"},"content":{"rendered":"<div data-elementor-type=\"wp-page\" data-elementor-id=\"2766\" class=\"elementor elementor-2766\" data-elementor-post-type=\"page\">\n\t\t\t\t\t\t<section class=\"elementor-section elementor-top-section elementor-element elementor-element-7dc0b97 elementor-section-stretched elementor-section-height-min-height elementor-section-boxed elementor-section-height-default elementor-section-items-middle elementor-invisible\" data-id=\"7dc0b97\" data-element_type=\"section\" data-e-type=\"section\" data-settings=\"{&quot;background_background&quot;:&quot;classic&quot;,&quot;stretch_section&quot;:&quot;section-stretched&quot;,&quot;animation&quot;:&quot;fadeIn&quot;}\">\n\t\t\t\t\t\t\t<div class=\"elementor-background-overlay\"><\/div>\n\t\t\t\t\t\t\t<div class=\"elementor-container elementor-column-gap-no\">\n\t\t\t\t\t<div class=\"elementor-column elementor-col-100 elementor-top-column elementor-element elementor-element-3bf9555\" data-id=\"3bf9555\" data-element_type=\"column\" data-e-type=\"column\">\n\t\t\t<div class=\"elementor-widget-wrap elementor-element-populated\">\n\t\t\t\t\t\t<div class=\"elementor-element elementor-element-2a6f78d elementor-widget elementor-widget-spacer\" data-id=\"2a6f78d\" data-element_type=\"widget\" data-e-type=\"widget\" data-widget_type=\"spacer.default\">\n\t\t\t\t<div class=\"elementor-widget-container\">\n\t\t\t\t\t\t\t<div class=\"elementor-spacer\">\n\t\t\t<div class=\"elementor-spacer-inner\"><\/div>\n\t\t<\/div>\n\t\t\t\t\t\t<\/div>\n\t\t\t\t<\/div>\n\t\t\t\t<div class=\"elementor-element elementor-element-b540ab4 elementor-widget elementor-widget-heading\" data-id=\"b540ab4\" data-element_type=\"widget\" data-e-type=\"widget\" data-widget_type=\"heading.default\">\n\t\t\t\t<div class=\"elementor-widget-container\">\n\t\t\t\t\t<h2 class=\"elementor-heading-title elementor-size-default\">Risk capital raising and fundraising<\/h2>\t\t\t\t<\/div>\n\t\t\t\t<\/div>\n\t\t\t\t\t<\/div>\n\t\t<\/div>\n\t\t\t\t\t<\/div>\n\t\t<\/section>\n\t\t\t\t<section class=\"elementor-section elementor-top-section elementor-element elementor-element-cb7794f elementor-section-stretched elementor-section-boxed elementor-section-height-default elementor-section-height-default\" data-id=\"cb7794f\" data-element_type=\"section\" data-e-type=\"section\" data-settings=\"{&quot;stretch_section&quot;:&quot;section-stretched&quot;,&quot;background_background&quot;:&quot;classic&quot;}\">\n\t\t\t\t\t\t<div class=\"elementor-container elementor-column-gap-no\">\n\t\t\t\t\t<div class=\"elementor-column elementor-col-100 elementor-top-column elementor-element elementor-element-3f44597\" data-id=\"3f44597\" data-element_type=\"column\" data-e-type=\"column\">\n\t\t\t<div class=\"elementor-widget-wrap elementor-element-populated\">\n\t\t\t\t\t\t<section class=\"elementor-section elementor-inner-section elementor-element elementor-element-078f4be elementor-section-boxed elementor-section-height-default elementor-section-height-default\" data-id=\"078f4be\" data-element_type=\"section\" data-e-type=\"section\">\n\t\t\t\t\t\t<div class=\"elementor-container elementor-column-gap-default\">\n\t\t\t\t\t<div class=\"elementor-column elementor-col-100 elementor-inner-column elementor-element elementor-element-04e5867\" data-id=\"04e5867\" data-element_type=\"column\" data-e-type=\"column\" data-settings=\"{&quot;background_background&quot;:&quot;classic&quot;}\">\n\t\t\t<div class=\"elementor-widget-wrap elementor-element-populated\">\n\t\t\t\t\t\t<div class=\"elementor-element elementor-element-485f0a5 elementor-widget elementor-widget-text-editor\" data-id=\"485f0a5\" data-element_type=\"widget\" data-e-type=\"widget\" data-widget_type=\"text-editor.default\">\n\t\t\t\t<div class=\"elementor-widget-container\">\n\t\t\t\t\t\t\t\t\t<strong>The formula is simple:<\/strong> capital, i.e. money is needed for growth, innovation and development. As a part of our services, we undertake the task of finding investors who see value in their business and imagined innovations. Risk and private equity investors can be found at every stage of a successful business life cycle, from start-up to buyout, if there is a potential for growth.\t\t\t\t\t\t\t\t<\/div>\n\t\t\t\t<\/div>\n\t\t\t\t<div class=\"elementor-element elementor-element-4b8d68c elementor-widget elementor-widget-heading\" data-id=\"4b8d68c\" data-element_type=\"widget\" data-e-type=\"widget\" data-widget_type=\"heading.default\">\n\t\t\t\t<div class=\"elementor-widget-container\">\n\t\t\t\t\t<h3 class=\"elementor-heading-title elementor-size-default\">Management is important<\/h3>\t\t\t\t<\/div>\n\t\t\t\t<\/div>\n\t\t\t\t<div class=\"elementor-element elementor-element-ef651fd elementor-widget elementor-widget-text-editor\" data-id=\"ef651fd\" data-element_type=\"widget\" data-e-type=\"widget\" data-widget_type=\"text-editor.default\">\n\t\t\t\t<div class=\"elementor-widget-container\">\n\t\t\t\t\t\t\t\t\t<p>Venture and private equity investors are looking for businesses that have research or innovation, or other business plans based on real-world above average growth potential. In addition, it is important that they have experienced management that can implement the business plan, ideally with people who have already managed successful businesses. In many cases, they are actually investing in \u201cmanagement\u201d. We provide professional management to get the best investment opportunities for your business.<\/p>\t\t\t\t\t\t\t\t<\/div>\n\t\t\t\t<\/div>\n\t\t\t\t<div class=\"elementor-element elementor-element-bd391a3 elementor-widget elementor-widget-heading\" data-id=\"bd391a3\" data-element_type=\"widget\" data-e-type=\"widget\" data-widget_type=\"heading.default\">\n\t\t\t\t<div class=\"elementor-widget-container\">\n\t\t\t\t\t<h3 class=\"elementor-heading-title elementor-size-default\">What do investors do?<\/h3>\t\t\t\t<\/div>\n\t\t\t\t<\/div>\n\t\t\t\t<div class=\"elementor-element elementor-element-fefe571 elementor-widget elementor-widget-text-editor\" data-id=\"fefe571\" data-element_type=\"widget\" data-e-type=\"widget\" data-widget_type=\"text-editor.default\">\n\t\t\t\t<div class=\"elementor-widget-container\">\n\t\t\t\t\t\t\t\t\t<p><strong>In short, they give money for development to receive a certain share of the profits later.<\/strong><\/p><p>But we can explain it to you very professionally as well: Hungarian venture and private equity investors, following international market practice, are foreign or domestic based venture capital funds operating in an institutional form. The investments of these funds are managed by domestic or foreign venture capital fund managers, who are involved in expanding the resources that can be used for the development of micro-regions and for improving the quality of available financial services. On profit interested basis, they - by sharing their capital resources - are engaged mainly in the establishment of micro-small and medium-sized enterprises, in the implementation of the development investments of micro- and medium-sized enterprises and in the reorganization of companies.<\/p><p>In connection with fundraising our Agency is looking forward to meeting SMEs, start-ups with innovative ideas being yet in the start-up phase, but would like to convert their ideas into a presentable concept for first round investors and business angels within a foreseeable future period.<\/p><p>In addition, that owing to our extensive international and domestic network of contacts, we can offer our help in mapping and finding the most appropriate channels for a successful follow-up, fundraising, we also strive to provide personalized support for creating a solid business concept. Thus, by the end of the acceleration process a business concept will be developed with the help of experienced mentors and professionals, as well as a detailed action plan for the 6 months following our collaboration.<\/p>\t\t\t\t\t\t\t\t<\/div>\n\t\t\t\t<\/div>\n\t\t\t\t\t<\/div>\n\t\t<\/div>\n\t\t\t\t\t<\/div>\n\t\t<\/section>\n\t\t\t\t\t<\/div>\n\t\t<\/div>\n\t\t\t\t\t<\/div>\n\t\t<\/section>\n\t\t\t\t<\/div>","protected":false},"excerpt":{"rendered":"<p>Kock\u00e1zati t\u0151kebevon\u00e1s \u00e9s forr\u00e1sszerz\u00e9s A k\u00e9plet egyszer\u0171: a n\u00f6veked\u00e9shez, innov\u00e1ci\u00f3hoz, fejleszt\u00e9shez t\u0151k\u00e9re, azaz p\u00e9nzre van sz\u00fcks\u00e9g. Szolg\u00e1ltat\u00e1saink k\u00f6z\u00f6tt v\u00e1llaljuk, hogy felkutatjuk a v\u00e1llalkoz\u00e1s\u00e1ban, elk\u00e9pzelt innov\u00e1ci\u00f3iban \u00e9rt\u00e9ket l\u00e1t\u00f3 befektet\u0151ket. A sikeres v\u00e1llalkoz\u00e1sok \u00e9letciklus\u00e1nak ugyanis minden szakasz\u00e1ban, a megalakul\u00e1st\u00f3l a kiv\u00e1s\u00e1rl\u00e1sig tal\u00e1lhat\u00f3k kock\u00e1zati \u00e9s mag\u00e1nt\u0151ke befektet\u0151k, amennyiben a n\u00f6veked\u00e9s lehet\u0151s\u00e9ge adott. A menedzsment fontos A kock\u00e1zati \u00e9s [&hellip;]<\/p>\n","protected":false},"author":1,"featured_media":0,"parent":0,"menu_order":0,"comment_status":"closed","ping_status":"closed","template":"","meta":{"site-sidebar-layout":"no-sidebar","site-content-layout":"page-builder","ast-site-content-layout":"default","site-content-style":"default","site-sidebar-style":"default","ast-global-header-display":"","ast-banner-title-visibility":"","ast-main-header-display":"","ast-hfb-above-header-display":"","ast-hfb-below-header-display":"","ast-hfb-mobile-header-display":"","site-post-title":"disabled","ast-breadcrumbs-content":"","ast-featured-img":"disabled","footer-sml-layout":"","ast-disable-related-posts":"","theme-transparent-header-meta":"default","adv-header-id-meta":"","stick-header-meta":"","header-above-stick-meta":"","header-main-stick-meta":"","header-below-stick-meta":"","astra-migrate-meta-layouts":"default","ast-page-background-enabled":"default","ast-page-background-meta":{"desktop":{"background-color":"","background-image":"","background-repeat":"repeat","background-position":"center center","background-size":"auto","background-attachment":"scroll","background-type":"","background-media":"","overlay-type":"","overlay-color":"","overlay-opacity":"","overlay-gradient":""},"tablet":{"background-color":"","background-image":"","background-repeat":"repeat","background-position":"center center","background-size":"auto","background-attachment":"scroll","background-type":"","background-media":"","overlay-type":"","overlay-color":"","overlay-opacity":"","overlay-gradient":""},"mobile":{"background-color":"","background-image":"","background-repeat":"repeat","background-position":"center center","background-size":"auto","background-attachment":"scroll","background-type":"","background-media":"","overlay-type":"","overlay-color":"","overlay-opacity":"","overlay-gradient":""}},"ast-content-background-meta":{"desktop":{"background-color":"var(--ast-global-color-5)","background-image":"","background-repeat":"repeat","background-position":"center center","background-size":"auto","background-attachment":"scroll","background-type":"","background-media":"","overlay-type":"","overlay-color":"","overlay-opacity":"","overlay-gradient":""},"tablet":{"background-color":"var(--ast-global-color-5)","background-image":"","background-repeat":"repeat","background-position":"center center","background-size":"auto","background-attachment":"scroll","background-type":"","background-media":"","overlay-type":"","overlay-color":"","overlay-opacity":"","overlay-gradient":""},"mobile":{"background-color":"var(--ast-global-color-5)","background-image":"","background-repeat":"repeat","background-position":"center center","background-size":"auto","background-attachment":"scroll","background-type":"","background-media":"","overlay-type":"","overlay-color":"","overlay-opacity":"","overlay-gradient":""}},"footnotes":""},"class_list":["post-2766","page","type-page","status-publish","hentry"],"_links":{"self":[{"href":"https:\/\/www.kdriu.hu\/en\/wp-json\/wp\/v2\/pages\/2766","targetHints":{"allow":["GET"]}}],"collection":[{"href":"https:\/\/www.kdriu.hu\/en\/wp-json\/wp\/v2\/pages"}],"about":[{"href":"https:\/\/www.kdriu.hu\/en\/wp-json\/wp\/v2\/types\/page"}],"author":[{"embeddable":true,"href":"https:\/\/www.kdriu.hu\/en\/wp-json\/wp\/v2\/users\/1"}],"replies":[{"embeddable":true,"href":"https:\/\/www.kdriu.hu\/en\/wp-json\/wp\/v2\/comments?post=2766"}],"version-history":[{"count":9,"href":"https:\/\/www.kdriu.hu\/en\/wp-json\/wp\/v2\/pages\/2766\/revisions"}],"predecessor-version":[{"id":4137,"href":"https:\/\/www.kdriu.hu\/en\/wp-json\/wp\/v2\/pages\/2766\/revisions\/4137"}],"wp:attachment":[{"href":"https:\/\/www.kdriu.hu\/en\/wp-json\/wp\/v2\/media?parent=2766"}],"curies":[{"name":"wp","href":"https:\/\/api.w.org\/{rel}","templated":true}]}}