{"id":3147,"date":"2021-05-05T12:44:21","date_gmt":"2021-05-05T12:44:21","guid":{"rendered":"http:\/\/test.cman.hu\/?page_id=3147"},"modified":"2021-07-15T08:09:23","modified_gmt":"2021-07-15T08:09:23","slug":"clld","status":"publish","type":"page","link":"https:\/\/www.kdriu.hu\/en\/clld\/","title":{"rendered":"Let's rethink our community spaces!"},"content":{"rendered":"<div data-elementor-type=\"wp-page\" data-elementor-id=\"3147\" class=\"elementor elementor-3147\" data-elementor-post-type=\"page\">\n\t\t\t\t\t\t<section class=\"elementor-section elementor-top-section elementor-element elementor-element-5676e4b elementor-section-stretched elementor-section-height-min-height elementor-section-boxed elementor-section-height-default elementor-section-items-middle elementor-invisible\" data-id=\"5676e4b\" data-element_type=\"section\" data-e-type=\"section\" data-settings=\"{&quot;background_background&quot;:&quot;classic&quot;,&quot;stretch_section&quot;:&quot;section-stretched&quot;,&quot;animation&quot;:&quot;fadeIn&quot;}\">\n\t\t\t\t\t\t\t<div class=\"elementor-background-overlay\"><\/div>\n\t\t\t\t\t\t\t<div class=\"elementor-container elementor-column-gap-no\">\n\t\t\t\t\t<div class=\"elementor-column elementor-col-100 elementor-top-column elementor-element elementor-element-263b953\" data-id=\"263b953\" data-element_type=\"column\" data-e-type=\"column\">\n\t\t\t<div class=\"elementor-widget-wrap elementor-element-populated\">\n\t\t\t\t\t\t<div class=\"elementor-element elementor-element-962fb3c elementor-widget elementor-widget-spacer\" data-id=\"962fb3c\" data-element_type=\"widget\" data-e-type=\"widget\" data-widget_type=\"spacer.default\">\n\t\t\t\t<div class=\"elementor-widget-container\">\n\t\t\t\t\t\t\t<div class=\"elementor-spacer\">\n\t\t\t<div class=\"elementor-spacer-inner\"><\/div>\n\t\t<\/div>\n\t\t\t\t\t\t<\/div>\n\t\t\t\t<\/div>\n\t\t\t\t<div class=\"elementor-element elementor-element-43641de elementor-widget elementor-widget-heading\" data-id=\"43641de\" data-element_type=\"widget\" data-e-type=\"widget\" data-widget_type=\"heading.default\">\n\t\t\t\t<div class=\"elementor-widget-container\">\n\t\t\t\t\t<h1 class=\"elementor-heading-title elementor-size-default\">Gondoljuk \u00fajra k\u00f6z\u00f6ss\u00e9gi tereinket!<\/h1>\t\t\t\t<\/div>\n\t\t\t\t<\/div>\n\t\t\t\t\t<\/div>\n\t\t<\/div>\n\t\t\t\t\t<\/div>\n\t\t<\/section>\n\t\t\t\t<section class=\"elementor-section elementor-top-section elementor-element elementor-element-7b81537 elementor-section-stretched elementor-section-boxed elementor-section-height-default elementor-section-height-default\" data-id=\"7b81537\" data-element_type=\"section\" data-e-type=\"section\" data-settings=\"{&quot;stretch_section&quot;:&quot;section-stretched&quot;,&quot;background_background&quot;:&quot;classic&quot;}\">\n\t\t\t\t\t\t<div class=\"elementor-container elementor-column-gap-no\">\n\t\t\t\t\t<div class=\"elementor-column elementor-col-100 elementor-top-column elementor-element elementor-element-7c50a9a\" data-id=\"7c50a9a\" data-element_type=\"column\" data-e-type=\"column\">\n\t\t\t<div class=\"elementor-widget-wrap elementor-element-populated\">\n\t\t\t\t\t\t<section class=\"elementor-section elementor-inner-section elementor-element elementor-element-7f66dcf elementor-section-boxed elementor-section-height-default elementor-section-height-default\" data-id=\"7f66dcf\" data-element_type=\"section\" data-e-type=\"section\">\n\t\t\t\t\t\t<div class=\"elementor-container elementor-column-gap-default\">\n\t\t\t\t\t<div class=\"elementor-column elementor-col-100 elementor-inner-column elementor-element elementor-element-f61a8fe\" data-id=\"f61a8fe\" data-element_type=\"column\" data-e-type=\"column\" data-settings=\"{&quot;background_background&quot;:&quot;classic&quot;}\">\n\t\t\t<div class=\"elementor-widget-wrap elementor-element-populated\">\n\t\t\t\t\t\t<div class=\"elementor-element elementor-element-3ac9b16 elementor-hidden-tablet elementor-hidden-phone elementor-widget elementor-widget-image\" data-id=\"3ac9b16\" data-element_type=\"widget\" data-e-type=\"widget\" data-widget_type=\"image.default\">\n\t\t\t\t<div class=\"elementor-widget-container\">\n\t\t\t\t\t\t\t\t\t\t\t\t\t\t\t<img fetchpriority=\"high\" decoding=\"async\" width=\"768\" height=\"531\" src=\"https:\/\/www.kdriu.hu\/wp-content\/uploads\/2021\/05\/infoblokk_kedv_final_felso_cmyk_ESZA-768x531.png\" class=\"attachment-medium_large size-medium_large wp-image-3317\" alt=\"\" srcset=\"https:\/\/www.kdriu.hu\/wp-content\/uploads\/2021\/05\/infoblokk_kedv_final_felso_cmyk_ESZA-768x531.png 768w, https:\/\/www.kdriu.hu\/wp-content\/uploads\/2021\/05\/infoblokk_kedv_final_felso_cmyk_ESZA-300x207.png 300w, https:\/\/www.kdriu.hu\/wp-content\/uploads\/2021\/05\/infoblokk_kedv_final_felso_cmyk_ESZA-1024x708.png 1024w, https:\/\/www.kdriu.hu\/wp-content\/uploads\/2021\/05\/infoblokk_kedv_final_felso_cmyk_ESZA.png 1453w\" sizes=\"(max-width: 768px) 100vw, 768px\" \/>\t\t\t\t\t\t\t\t\t\t\t\t\t\t\t<\/div>\n\t\t\t\t<\/div>\n\t\t\t\t<div class=\"elementor-element elementor-element-dffc7ea elementor-widget elementor-widget-heading\" data-id=\"dffc7ea\" data-element_type=\"widget\" data-e-type=\"widget\" data-widget_type=\"heading.default\">\n\t\t\t\t<div class=\"elementor-widget-container\">\n\t\t\t\t\t<h3 class=\"elementor-heading-title elementor-size-default\">A projekt adatai:<\/h3>\t\t\t\t<\/div>\n\t\t\t\t<\/div>\n\t\t\t\t<div class=\"elementor-element elementor-element-7930d8a elementor-widget elementor-widget-text-editor\" data-id=\"7930d8a\" data-element_type=\"widget\" data-e-type=\"widget\" data-widget_type=\"text-editor.default\">\n\t\t\t\t<div class=\"elementor-widget-container\">\n\t\t\t\t\t\t\t\t\t<p><strong>A kedvezm\u00e9nyezett neve:<\/strong> KDRI\u00dc Nonprofit Kft.<\/p><p><strong>A projekt c\u00edme:<\/strong> Gondoljuk \u00fajra k\u00f6z\u00f6ss\u00e9gi tereinket!<\/p><p><strong>A szerz\u0151d\u00f6tt t\u00e1mogat\u00e1s \u00f6sszege:<\/strong> 5.480.000,-Ft<\/p><p><strong>A t\u00e1mogat\u00e1s m\u00e9rt\u00e9ke (%)-ban:<\/strong> 100%<\/p><p><strong>A projekt tartalm\u00e1nak bemutat\u00e1sa:<\/strong> A \u201eGondoljuk \u00fajra k\u00f6z\u00f6ss\u00e9gi tereinket\u201d c\u00edm\u0171 projekt c\u00e9lja, hogy Sz\u00e9kesfeh\u00e9rv\u00e1r Megyei Jog\u00fa V\u00e1ros k\u00f6z\u00e9piskol\u00e1sainak bevon\u00e1s\u00e1val felt\u00e9rk\u00e9pezze \u00e9s \u00fajra gondolja a v\u00e1ros k\u00f6z\u00f6ss\u00e9gi tereinek potenci\u00e1lj\u00e1t. A tervezett munka a megalapoz\u00f3 szakaszt k\u00f6vet\u0151en rendezv\u00e9nyekre \u00e9p\u00fcl, tov\u00e1bbi kimenete egy applik\u00e1ci\u00f3 fejleszt\u00e9se.<\/p><p><strong>A projekt\u00a0 befejez\u00e9si d\u00e1tuma:<\/strong> 2021. \u00e1prilis 30.<\/p><p><strong>A projekt azonos\u00edt\u00f3 sz\u00e1ma:<\/strong> TOP-7.1.1-16-H-ESZA-2019-00434<\/p>\t\t\t\t\t\t\t\t<\/div>\n\t\t\t\t<\/div>\n\t\t\t\t<div class=\"elementor-element elementor-element-0e3ee75 elementor-widget elementor-widget-heading\" data-id=\"0e3ee75\" data-element_type=\"widget\" data-e-type=\"widget\" data-widget_type=\"heading.default\">\n\t\t\t\t<div class=\"elementor-widget-container\">\n\t\t\t\t\t<h3 class=\"elementor-heading-title elementor-size-default\">A projektr\u0151l b\u0151vebben:<\/h3>\t\t\t\t<\/div>\n\t\t\t\t<\/div>\n\t\t\t\t<div class=\"elementor-element elementor-element-234a6aa elementor-widget elementor-widget-text-editor\" data-id=\"234a6aa\" data-element_type=\"widget\" data-e-type=\"widget\" data-widget_type=\"text-editor.default\">\n\t\t\t\t<div class=\"elementor-widget-container\">\n\t\t\t\t\t\t\t\t\t<p>Sz\u00e9kesfeh\u00e9rv\u00e1r k\u00f6z\u00f6ss\u00e9gi szolg\u00e1ltat\u00e1sainak ig\u00e9nybe vev\u0151i k\u00f6re az elm\u00falt \u00e9vtizedben folyamatos n\u0151tt. A v\u00e1rosi infrastrukt\u00fara \u00e9s szolg\u00e1ltat\u00e1sok folyamatos fejleszt\u00e9si ig\u00e9nye mellett, a lak\u00f3helyi j\u00f3ll\u00e9t \u00e9s a v\u00e1ros n\u00e9pess\u00e9gmegtart\u00f3 k\u00e9pess\u00e9g\u00e9nek n\u00f6vel\u00e9se is sz\u00e1mos kih\u00edv\u00e1st jelent a helyi k\u00f6z\u00f6ss\u00e9g sz\u00e1m\u00e1ra. A k\u00f6zleked\u00e9s, a ter\u00fclethaszn\u00e1lat vagy az el\u0151v\u00e1rosi fejl\u0151d\u00e9s mellett a helyi k\u00f6z\u00f6ss\u00e9g \u00e9p\u00edt\u00e9s\u00e9ben fontos k\u00f6z\u00f6ss\u00e9gi terek funkcion\u00e1lis fejleszt\u00e9se, illetve a kor\u00e1bbi \u2013 haszn\u00e1laton k\u00edv\u00fcli \u2013 ipari \u00e9s kereskedelmi ter\u00fcletek k\u00f6z\u00f6ss\u00e9gi t\u00e9r funkci\u00f3j\u00fa \u00e1talak\u00edt\u00e1sa meghat\u00e1roz\u00f3 jelent\u0151s\u00e9g\u0171. A jelenlegi telep\u00fcl\u00e9sfejleszt\u00e9si ir\u00e1nyok viszont els\u0151sorban a lak\u00f3- \u00e9s munkahely funkci\u00f3k ir\u00e1ny\u00e1ban, profit orient\u00e1lt megk\u00f6zel\u00edt\u00e9sben k\u00edn\u00e1lnak hasznos\u00edt\u00e1si alternat\u00edv\u00e1t.<\/p><p>A helyi identit\u00e1st, a v\u00e1ros \u00e9lhet\u0151s\u00e9g\u00e9t jelent\u0151sen meghat\u00e1roz\u00f3, a funkci\u00f3jukban is helyi ig\u00e9nyekhez alak\u00edtott k\u00f6z\u00f6ss\u00e9gi terek kialak\u00edt\u00e1s\u00e1ban kiemelt szerepe van a kultur\u00e1lis- \u00e9s kreat\u00edv ipar helyi szerepl\u0151inek, valamint a v\u00e1rosi fiatalok meghat\u00e1roz\u00f3 k\u00f6z\u00f6ss\u00e9geinek. Ez\u00e9rt a projekt erre \u00e9p\u00edtve k\u00edv\u00e1nja tev\u00e9kenys\u00e9geit megval\u00f3s\u00edtani.<\/p><p>A KDRI\u00dc K\u00f6z\u00e9p-dun\u00e1nt\u00fali Region\u00e1lis Innov\u00e1ci\u00f3s \u00dcgyn\u00f6ks\u00e9g Nonprofit Kft, mint Kedvezm\u00e9nyezett c\u00e9lja, Sz\u00e9kesfeh\u00e9rv\u00e1r nyilv\u00e1nos k\u00f6z\u00f6ss\u00e9gi tereinek funkcion\u00e1lis fejleszt\u00e9si \u00e9s meg\u00faj\u00edt\u00e1si lehet\u0151s\u00e9geinek felt\u00e1r\u00e1sa a helyi lakoss\u00e1g ig\u00e9nyeinek figyelembe v\u00e9tel\u00e9vel. A projekt f\u0151 c\u00e9lcsoportj\u00e1t a 14-18 \u00e9ves koroszt\u00e1ly adja, ez\u00e9rt r\u00e9szv\u00e9tel\u00fck a projekt minden f\u00e1zis\u00e1ban meghat\u00e1roz\u00f3.<\/p>\t\t\t\t\t\t\t\t<\/div>\n\t\t\t\t<\/div>\n\t\t\t\t<div class=\"elementor-element elementor-element-854168a elementor-widget elementor-widget-toggle\" data-id=\"854168a\" data-element_type=\"widget\" data-e-type=\"widget\" data-widget_type=\"toggle.default\">\n\t\t\t\t<div class=\"elementor-widget-container\">\n\t\t\t\t\t\t\t<div class=\"elementor-toggle\">\n\t\t\t\t\t\t\t<div class=\"elementor-toggle-item\">\n\t\t\t\t\t<div id=\"elementor-tab-title-1391\" class=\"elementor-tab-title\" data-tab=\"1\" role=\"button\" aria-controls=\"elementor-tab-content-1391\" aria-expanded=\"false\">\n\t\t\t\t\t\t\t\t\t\t\t\t<span class=\"elementor-toggle-icon elementor-toggle-icon-left\" aria-hidden=\"true\">\n\t\t\t\t\t\t\t\t\t\t\t\t\t\t\t<span class=\"elementor-toggle-icon-closed\"><i class=\"fas fa-caret-right\"><\/i><\/span>\n\t\t\t\t\t\t\t\t<span class=\"elementor-toggle-icon-opened\"><i class=\"elementor-toggle-icon-opened fas fa-caret-up\"><\/i><\/span>\n\t\t\t\t\t\t\t\t\t\t\t\t\t<\/span>\n\t\t\t\t\t\t\t\t\t\t\t\t<a class=\"elementor-toggle-title\" tabindex=\"0\">A projekttel kapcsolatos tov\u00e1bbi h\u00edrek, posztok:<\/a>\n\t\t\t\t\t<\/div>\n\n\t\t\t\t\t<div id=\"elementor-tab-content-1391\" class=\"elementor-tab-content elementor-clearfix\" data-tab=\"1\" role=\"region\" aria-labelledby=\"elementor-tab-title-1391\"><ul><li><a href=\"https:\/\/www.szekesfehervar.hu\/terfelujitas-mellett-kozossegi-programot-is-tamogat-a-komplex-palyazat?fbclid=IwAR2mUBA54fdqBXafA_RW0Rx3HsODsw6o3SzeikVx5aWgfgz_yj0d8jg-Jls\" target=\"_blank\" rel=\"noopener\">T\u00e9rfel\u00faj\u00edt\u00e1s mellett k\u00f6z\u00f6ss\u00e9gi programot is t\u00e1mogat a komplex p\u00e1ly\u00e1zat &#8211; www.szekesfehervar.hu cikk &#8211; 2019.09.23.<\/a><\/li><li><a href=\"https:\/\/www.facebook.com\/KDRIU.CTRIA\/posts\/3078975088829390\" target=\"_blank\" rel=\"noopener\">Hamarosan j\u00f6v\u00fcnk! &#8211; 2020.01.27.<\/a><\/li><li><a href=\"https:\/\/www.facebook.com\/KDRIU.CTRIA\/posts\/3100971363296429\" target=\"_blank\" rel=\"noopener\">\u00dajragondolt k\u00f6z\u00f6ss\u00e9gi terek Sz\u00e9kesfeh\u00e9rv\u00e1ron! &#8211; 2020.02.05.<\/a><\/li><li><a href=\"https:\/\/www.facebook.com\/KDRIU.CTRIA\/posts\/3133387303388168\" target=\"_blank\" rel=\"noopener\">K\u00f6sz\u00f6nj\u00fck! &#8211; 2020.02.18.<\/a><\/li><li><a href=\"https:\/\/www.facebook.com\/KDRIU.CTRIA\/posts\/3169765809750317\" target=\"_blank\" rel=\"noopener\">A fi\u00fak a csendes, a l\u00e1nyok a sz\u00ednes, \u00e9lettel teli helyeket kedvelik? &#8211; 2020.03.03.<\/a>\u00a0<\/li><li><a href=\"https:\/\/www.facebook.com\/KDRIU.CTRIA\/photos\/3784941331566092\" target=\"_blank\" rel=\"noopener\">Egy\u00fctt \u00f6tletel\u00e9s a \u201e\ud83c\uddff\u201d gener\u00e1ci\u00f3val! &#8211; 2020.09.30.<\/a><\/li><li><a href=\"https:\/\/www.facebook.com\/KDRIU.CTRIA\/photos\/3787441677982724\" target=\"_blank\" rel=\"noopener\">2\ufe0f. napja \u00f6tletelt\u00fcnk! &#8211; 2020.10.01.<\/a><\/li><li><a href=\"https:\/\/www.facebook.com\/148589271868001\/videos\/1329926920678407\" target=\"_blank\" rel=\"noopener\">Unalmas, sz\u00edntelen a park, ahol naponta megfordulsz? (vide\u00f3) &#8211; 2020.10.20.<\/a><\/li><li><a href=\"https:\/\/www.facebook.com\/148589271868001\/videos\/643391372902230\" target=\"_blank\" rel=\"noopener\">Vigy\u00e9l sz\u00ednt a kedvenc sz\u00e9kesfeh\u00e9rv\u00e1ri parkodba! &#8211; 2020.10.21.<\/a><\/li><li><a href=\"https:\/\/www.facebook.com\/148589271868001\/videos\/421016952629685\" target=\"_blank\" rel=\"noopener\">Nincs hova le\u00fclni? Hi\u00e1nyzik egy szemetes? &#8211; 2020.10.29.<\/a><\/li><li><a href=\"https:\/\/www.facebook.com\/KDRIU.CTRIA\/photos\/3989149931145230\" target=\"_blank\" rel=\"noopener\">Appolj Vel\u00fcnk! &#8211; 2020.12.08.<\/a><\/li><li><a href=\"https:\/\/www.facebook.com\/KDRIU.CTRIA\/photos\/4062499483810274\" target=\"_blank\" rel=\"noopener\">Gondoljuk \u00fajra k\u00f6z\u00f6ss\u00e9gi tereinket! &#8211; 2021.01.05.<\/a><\/li><li><a href=\"https:\/\/www.facebook.com\/KDRIU.CTRIA\/posts\/4062513067142249\" target=\"_blank\" rel=\"noopener\">Kiadv\u00e1ny \u00e9rkezett &#8211; 2021.01.05.<\/a><\/li><li><a href=\"https:\/\/www.facebook.com\/KDRIU.CTRIA\/posts\/4078973385496217\" target=\"_blank\" rel=\"noopener\">A COVID ut\u00e1ni id\u0151szakot tervezik a feh\u00e9rv\u00e1ri di\u00e1kok &#8211; 2021.01.11.<\/a><\/li><li><a href=\"https:\/\/www.facebook.com\/KDRIU.CTRIA\/posts\/4122806881112867\" target=\"_blank\" rel=\"noopener\">Sz\u00edvesen \u00fajratervezn\u00e9d valamelyik sz\u00e9kesfeh\u00e9rv\u00e1ri k\u00f6z\u00f6ss\u00e9gi teret vagy parkot? &#8211; 2021.01.26.<\/a><\/li><li><a href=\"https:\/\/www.facebook.com\/KDRIU.CTRIA\/posts\/4184777064915848\" target=\"_blank\" rel=\"noopener\">Menj ki a szabadba, tervezz \u00e9s nyerj! &#8211; 2021.02.17.<\/a><\/li><li><a href=\"https:\/\/www.facebook.com\/KDRIU.CTRIA\/posts\/4246967932030094\" target=\"_blank\" rel=\"noopener\"> Gondold \u00fajra valamelyik sz\u00e9kesfeh\u00e9rv\u00e1ri k\u00f6z\u00f6ss\u00e9gi teret k\u00f6z\u00e9piskol\u00e1s bar\u00e1taiddal \u00e9s NYERJ! &#8211; 2021.03.08.<\/a><\/li><li><a href=\"https:\/\/www.facebook.com\/watch\/?v=745061226209447\" target=\"_blank\" rel=\"noopener\">\u00d6TLETVERSENY k\u00f6z\u00e9piskol\u00e1soknak! (vide\u00f3) &#8211; 2021.03.12.<\/a><\/li><li><a href=\"https:\/\/www.facebook.com\/KDRIU.CTRIA\/posts\/4274141255979428\" target=\"_blank\" rel=\"noopener\">A Kuube &#8211; Magyar Pr\u00e9mium Okospad \u00f6tletgazd\u00e1ja, Gallai M\u00e1t\u00e9 is csatlakozott \u00f6tletverseny\u00fcnk zs\u0171rij\u00e9hez! &#8211; 2021.03.17.<\/a><\/li><li><a href=\"https:\/\/www.facebook.com\/KDRIU.CTRIA\/posts\/4313578535369033\" target=\"_blank\" rel=\"noopener\">M\u00e9g nem k\u00e9s\u0151 versenybe sz\u00e1llni az \u00e9rt\u00e9kes nyerem\u00e9nyek\u00e9rt! &#8211; 2021.03.30.<\/a><\/li><li><a href=\"https:\/\/www.facebook.com\/KDRIU.CTRIA\/posts\/4343908799002673\" target=\"_blank\" rel=\"noopener\">Village Underground &#8211; 2021.04.08.<\/a><\/li><li><a href=\"https:\/\/www.facebook.com\/KDRIU.CTRIA\/posts\/4356801501046736\" target=\"_blank\" rel=\"noopener\">Ismerd meg a sz\u00e9kesfeh\u00e9rv\u00e1ri di\u00e1kok \u00f6tleteit! &#8211; 2021.04.12.<\/a><\/li><li><a href=\"https:\/\/www.facebook.com\/KDRIU.CTRIA\/posts\/4363090513751168\" target=\"_blank\" rel=\"noopener\">MEGH\u00cdV\u00d3 &#8211; Gondoljuk \u00fajra k\u00f6z\u00f6ss\u00e9gi tereinket! Sz\u00e9kesfeh\u00e9rv\u00e1ri k\u00f6z\u00e9piskol\u00e1sok versenye &#8211; 2021.04.14.<\/a><\/li><li><a href=\"https:\/\/www.facebook.com\/KDRIU.CTRIA\/posts\/4369016073158612\" target=\"_blank\" rel=\"noopener\">Bemutatjuk a zs\u0171rit! &#8211; 2021.04.16.<\/a><\/li><li><a href=\"https:\/\/www.facebook.com\/watch\/?v=361032648677964\" target=\"_blank\" rel=\"noopener\">CLLD &#8211; Participat\u00edv tervez\u00e9s (vide\u00f3) &#8211; 2021.04.21.<\/a><\/li><li><a href=\"https:\/\/www.facebook.com\/KDRIU.CTRIA\/posts\/4385347431525476\" target=\"_blank\" rel=\"noopener\"> Szuper volt \u00d6TLETVERSENY\u00dcNK &#8211; 2021.04.21<\/a><\/li><li><a href=\"https:\/\/www.facebook.com\/KDRIU.CTRIA\/posts\/4403794576347428\" target=\"_blank\" rel=\"noopener\">Lemaradt\u00e1l a m\u00falt heti \u00f6tletverseny\u00fcnkr\u0151l? &#8211; 2021.04.27.<\/a><\/li><\/ul><\/div>\n\t\t\t\t<\/div>\n\t\t\t\t\t\t\t\t<\/div>\n\t\t\t\t\t\t<\/div>\n\t\t\t\t<\/div>\n\t\t\t\t\t<\/div>\n\t\t<\/div>\n\t\t\t\t\t<\/div>\n\t\t<\/section>\n\t\t\t\t\t<\/div>\n\t\t<\/div>\n\t\t\t\t\t<\/div>\n\t\t<\/section>\n\t\t\t\t<section class=\"elementor-section elementor-top-section elementor-element elementor-element-385be22 elementor-section-boxed elementor-section-height-default elementor-section-height-default\" data-id=\"385be22\" data-element_type=\"section\" data-e-type=\"section\">\n\t\t\t\t\t\t<div class=\"elementor-container elementor-column-gap-default\">\n\t\t\t\t\t<div class=\"elementor-column elementor-col-50 elementor-top-column elementor-element elementor-element-b917311\" data-id=\"b917311\" data-element_type=\"column\" data-e-type=\"column\">\n\t\t\t<div class=\"elementor-widget-wrap elementor-element-populated\">\n\t\t\t\t\t\t<div class=\"elementor-element elementor-element-4eb535b elementor-widget elementor-widget-image\" data-id=\"4eb535b\" data-element_type=\"widget\" data-e-type=\"widget\" data-widget_type=\"image.default\">\n\t\t\t\t<div class=\"elementor-widget-container\">\n\t\t\t\t\t\t\t\t\t\t\t\t\t\t\t<img decoding=\"async\" width=\"704\" height=\"455\" src=\"https:\/\/www.kdriu.hu\/wp-content\/uploads\/2021\/05\/app_logo-e1620336526736.png\" class=\"attachment-large size-large wp-image-3332\" alt=\"\" srcset=\"https:\/\/www.kdriu.hu\/wp-content\/uploads\/2021\/05\/app_logo-e1620336526736.png 704w, https:\/\/www.kdriu.hu\/wp-content\/uploads\/2021\/05\/app_logo-e1620336526736-300x194.png 300w\" sizes=\"(max-width: 704px) 100vw, 704px\" \/>\t\t\t\t\t\t\t\t\t\t\t\t\t\t\t<\/div>\n\t\t\t\t<\/div>\n\t\t\t\t\t<\/div>\n\t\t<\/div>\n\t\t\t\t<div class=\"elementor-column elementor-col-50 elementor-top-column elementor-element elementor-element-ae66d05\" data-id=\"ae66d05\" data-element_type=\"column\" data-e-type=\"column\">\n\t\t\t<div class=\"elementor-widget-wrap elementor-element-populated\">\n\t\t\t\t\t\t<div class=\"elementor-element elementor-element-b8765b4 elementor-widget elementor-widget-heading\" data-id=\"b8765b4\" data-element_type=\"widget\" data-e-type=\"widget\" data-widget_type=\"heading.default\">\n\t\t\t\t<div class=\"elementor-widget-container\">\n\t\t\t\t\t<h3 class=\"elementor-heading-title elementor-size-default\">Alba Public Places<br><br>Fedezd fel Sz\u00e9kesfeh\u00e9rv\u00e1r k\u00f6z\u00f6ss\u00e9gi tereit mobilapplik\u00e1ci\u00f3nkkal!<\/h3>\t\t\t\t<\/div>\n\t\t\t\t<\/div>\n\t\t\t\t<div class=\"elementor-element elementor-element-029302d elementor-widget elementor-widget-text-editor\" data-id=\"029302d\" data-element_type=\"widget\" data-e-type=\"widget\" data-widget_type=\"text-editor.default\">\n\t\t\t\t<div class=\"elementor-widget-container\">\n\t\t\t\t\t\t\t\t\t<p>T\u00f6ltsd le az applik\u00e1ci\u00f3t <a href=\"https:\/\/albapublicplaces.glideapp.io\/\" target=\"_blank\" rel=\"noopener\">INNEN<\/a>!<\/p>\t\t\t\t\t\t\t\t<\/div>\n\t\t\t\t<\/div>\n\t\t\t\t\t<\/div>\n\t\t<\/div>\n\t\t\t\t\t<\/div>\n\t\t<\/section>\n\t\t\t\t<\/div>","protected":false},"excerpt":{"rendered":"<p>Gondoljuk \u00fajra k\u00f6z\u00f6ss\u00e9gi tereinket! A projekt adatai: A kedvezm\u00e9nyezett neve: KDRI\u00dc Nonprofit Kft. A projekt c\u00edme: Gondoljuk \u00fajra k\u00f6z\u00f6ss\u00e9gi tereinket! A szerz\u0151d\u00f6tt t\u00e1mogat\u00e1s \u00f6sszege: 5.480.000,-Ft A t\u00e1mogat\u00e1s m\u00e9rt\u00e9ke (%)-ban: 100% A projekt tartalm\u00e1nak bemutat\u00e1sa: A \u201eGondoljuk \u00fajra k\u00f6z\u00f6ss\u00e9gi tereinket\u201d c\u00edm\u0171 projekt c\u00e9lja, hogy Sz\u00e9kesfeh\u00e9rv\u00e1r Megyei Jog\u00fa V\u00e1ros k\u00f6z\u00e9piskol\u00e1sainak bevon\u00e1s\u00e1val felt\u00e9rk\u00e9pezze \u00e9s \u00fajra gondolja a v\u00e1ros [&hellip;]<\/p>\n","protected":false},"author":1,"featured_media":0,"parent":0,"menu_order":0,"comment_status":"closed","ping_status":"closed","template":"","meta":{"site-sidebar-layout":"no-sidebar","site-content-layout":"page-builder","ast-site-content-layout":"default","site-content-style":"default","site-sidebar-style":"default","ast-global-header-display":"","ast-banner-title-visibility":"","ast-main-header-display":"","ast-hfb-above-header-display":"","ast-hfb-below-header-display":"","ast-hfb-mobile-header-display":"","site-post-title":"disabled","ast-breadcrumbs-content":"","ast-featured-img":"disabled","footer-sml-layout":"","ast-disable-related-posts":"","theme-transparent-header-meta":"default","adv-header-id-meta":"","stick-header-meta":"","header-above-stick-meta":"","header-main-stick-meta":"","header-below-stick-meta":"","astra-migrate-meta-layouts":"default","ast-page-background-enabled":"default","ast-page-background-meta":{"desktop":{"background-color":"","background-image":"","background-repeat":"repeat","background-position":"center center","background-size":"auto","background-attachment":"scroll","background-type":"","background-media":"","overlay-type":"","overlay-color":"","overlay-opacity":"","overlay-gradient":""},"tablet":{"background-color":"","background-image":"","background-repeat":"repeat","background-position":"center center","background-size":"auto","background-attachment":"scroll","background-type":"","background-media":"","overlay-type":"","overlay-color":"","overlay-opacity":"","overlay-gradient":""},"mobile":{"background-color":"","background-image":"","background-repeat":"repeat","background-position":"center center","background-size":"auto","background-attachment":"scroll","background-type":"","background-media":"","overlay-type":"","overlay-color":"","overlay-opacity":"","overlay-gradient":""}},"ast-content-background-meta":{"desktop":{"background-color":"var(--ast-global-color-5)","background-image":"","background-repeat":"repeat","background-position":"center center","background-size":"auto","background-attachment":"scroll","background-type":"","background-media":"","overlay-type":"","overlay-color":"","overlay-opacity":"","overlay-gradient":""},"tablet":{"background-color":"var(--ast-global-color-5)","background-image":"","background-repeat":"repeat","background-position":"center center","background-size":"auto","background-attachment":"scroll","background-type":"","background-media":"","overlay-type":"","overlay-color":"","overlay-opacity":"","overlay-gradient":""},"mobile":{"background-color":"var(--ast-global-color-5)","background-image":"","background-repeat":"repeat","background-position":"center center","background-size":"auto","background-attachment":"scroll","background-type":"","background-media":"","overlay-type":"","overlay-color":"","overlay-opacity":"","overlay-gradient":""}},"footnotes":""},"class_list":["post-3147","page","type-page","status-publish","hentry"],"_links":{"self":[{"href":"https:\/\/www.kdriu.hu\/en\/wp-json\/wp\/v2\/pages\/3147","targetHints":{"allow":["GET"]}}],"collection":[{"href":"https:\/\/www.kdriu.hu\/en\/wp-json\/wp\/v2\/pages"}],"about":[{"href":"https:\/\/www.kdriu.hu\/en\/wp-json\/wp\/v2\/types\/page"}],"author":[{"embeddable":true,"href":"https:\/\/www.kdriu.hu\/en\/wp-json\/wp\/v2\/users\/1"}],"replies":[{"embeddable":true,"href":"https:\/\/www.kdriu.hu\/en\/wp-json\/wp\/v2\/comments?post=3147"}],"version-history":[{"count":68,"href":"https:\/\/www.kdriu.hu\/en\/wp-json\/wp\/v2\/pages\/3147\/revisions"}],"predecessor-version":[{"id":4760,"href":"https:\/\/www.kdriu.hu\/en\/wp-json\/wp\/v2\/pages\/3147\/revisions\/4760"}],"wp:attachment":[{"href":"https:\/\/www.kdriu.hu\/en\/wp-json\/wp\/v2\/media?parent=3147"}],"curies":[{"name":"wp","href":"https:\/\/api.w.org\/{rel}","templated":true}]}}