{"id":3367,"date":"2021-05-06T22:08:40","date_gmt":"2021-05-06T22:08:40","guid":{"rendered":"http:\/\/www.kdriu.hu\/?page_id=3367"},"modified":"2021-05-07T22:28:25","modified_gmt":"2021-05-07T22:28:25","slug":"expander-az-ex-ante-es-egyuttmukodo-partnerei-a-rugalmas-foglakoztatas-elterjeszteseert","status":"publish","type":"page","link":"https:\/\/www.kdriu.hu\/en\/expander-az-ex-ante-es-egyuttmukodo-partnerei-a-rugalmas-foglakoztatas-elterjeszteseert\/","title":{"rendered":"EXPANDER \u2013 EX ANTE and its partners promote flexible employment"},"content":{"rendered":"<div data-elementor-type=\"wp-page\" data-elementor-id=\"3367\" class=\"elementor elementor-3367\" data-elementor-post-type=\"page\">\n\t\t\t\t\t\t<section class=\"elementor-section elementor-top-section elementor-element elementor-element-d4072ab elementor-section-stretched elementor-section-height-min-height elementor-section-boxed elementor-section-height-default elementor-section-items-middle elementor-invisible\" data-id=\"d4072ab\" data-element_type=\"section\" data-e-type=\"section\" data-settings=\"{&quot;background_background&quot;:&quot;classic&quot;,&quot;stretch_section&quot;:&quot;section-stretched&quot;,&quot;animation&quot;:&quot;fadeIn&quot;}\">\n\t\t\t\t\t\t\t<div class=\"elementor-background-overlay\"><\/div>\n\t\t\t\t\t\t\t<div class=\"elementor-container elementor-column-gap-no\">\n\t\t\t\t\t<div class=\"elementor-column elementor-col-100 elementor-top-column elementor-element elementor-element-b755d90\" data-id=\"b755d90\" data-element_type=\"column\" data-e-type=\"column\">\n\t\t\t<div class=\"elementor-widget-wrap elementor-element-populated\">\n\t\t\t\t\t\t<div class=\"elementor-element elementor-element-3b822cb elementor-widget elementor-widget-spacer\" data-id=\"3b822cb\" data-element_type=\"widget\" data-e-type=\"widget\" data-widget_type=\"spacer.default\">\n\t\t\t\t<div class=\"elementor-widget-container\">\n\t\t\t\t\t\t\t<div class=\"elementor-spacer\">\n\t\t\t<div class=\"elementor-spacer-inner\"><\/div>\n\t\t<\/div>\n\t\t\t\t\t\t<\/div>\n\t\t\t\t<\/div>\n\t\t\t\t<div class=\"elementor-element elementor-element-760349f elementor-widget elementor-widget-heading\" data-id=\"760349f\" data-element_type=\"widget\" data-e-type=\"widget\" data-widget_type=\"heading.default\">\n\t\t\t\t<div class=\"elementor-widget-container\">\n\t\t\t\t\t<h3 class=\"elementor-heading-title elementor-size-default\">EXPANDER \u2013 EX ANTE and its partners promote flexible employment<\/h3>\t\t\t\t<\/div>\n\t\t\t\t<\/div>\n\t\t\t\t\t<\/div>\n\t\t<\/div>\n\t\t\t\t\t<\/div>\n\t\t<\/section>\n\t\t\t\t<section class=\"elementor-section elementor-top-section elementor-element elementor-element-e8e8a4a elementor-section-stretched elementor-section-boxed elementor-section-height-default elementor-section-height-default\" data-id=\"e8e8a4a\" data-element_type=\"section\" data-e-type=\"section\" data-settings=\"{&quot;stretch_section&quot;:&quot;section-stretched&quot;,&quot;background_background&quot;:&quot;classic&quot;}\">\n\t\t\t\t\t\t<div class=\"elementor-container elementor-column-gap-no\">\n\t\t\t\t\t<div class=\"elementor-column elementor-col-100 elementor-top-column elementor-element elementor-element-a3b8b74\" data-id=\"a3b8b74\" data-element_type=\"column\" data-e-type=\"column\">\n\t\t\t<div class=\"elementor-widget-wrap elementor-element-populated\">\n\t\t\t\t\t\t<section class=\"elementor-section elementor-inner-section elementor-element elementor-element-8ea14b8 elementor-section-boxed elementor-section-height-default elementor-section-height-default\" data-id=\"8ea14b8\" data-element_type=\"section\" data-e-type=\"section\">\n\t\t\t\t\t\t<div class=\"elementor-container elementor-column-gap-default\">\n\t\t\t\t\t<div class=\"elementor-column elementor-col-100 elementor-inner-column elementor-element elementor-element-415ff2d\" data-id=\"415ff2d\" data-element_type=\"column\" data-e-type=\"column\" data-settings=\"{&quot;background_background&quot;:&quot;classic&quot;}\">\n\t\t\t<div class=\"elementor-widget-wrap elementor-element-populated\">\n\t\t\t\t\t\t<div class=\"elementor-element elementor-element-4c97f12 elementor-widget elementor-widget-text-editor\" data-id=\"4c97f12\" data-element_type=\"widget\" data-e-type=\"widget\" data-widget_type=\"text-editor.default\">\n\t\t\t\t<div class=\"elementor-widget-container\">\n\t\t\t\t\t\t\t\t\tA Sz\u00e9chenyi 2020 Program keret\u00e9ben ki\u00edr\u00e1sra ker\u00fclt a \u201eA rugalmas foglalkoztat\u00e1s elterjeszt\u00e9se a konvergencia r\u00e9gi\u00f3kban\u201d c\u00edm\u0171 p\u00e1ly\u00e1zat. Ennek c\u00e9lja az volt, hogy 100 sz\u00e1zal\u00e9k t\u00e1mogat\u00e1si intenzit\u00e1ssal finansz\u00edrozza azon munk\u00e1ltat\u00f3k szervezeti \u00e1tvil\u00e1g\u00edt\u00e1s\u00e1t, akik a saj\u00e1t gazdas\u00e1gi eredm\u00e9nyeik fejleszt\u00e9se \u00e9rdek\u00e9ben rugalmas foglalkoztat\u00e1st szeretn\u00e9nek bevezetni, \u00e9s kisgyermekes sz\u00fcl\u0151t is alkalmaznak.\t\t\t\t\t\t\t\t<\/div>\n\t\t\t\t<\/div>\n\t\t\t\t<div class=\"elementor-element elementor-element-853a62a elementor-widget elementor-widget-heading\" data-id=\"853a62a\" data-element_type=\"widget\" data-e-type=\"widget\" data-widget_type=\"heading.default\">\n\t\t\t\t<div class=\"elementor-widget-container\">\n\t\t\t\t\t<h4 class=\"elementor-heading-title elementor-size-default\">A p\u00e1ly\u00e1zat fel\u00e9p\u00edt\u00e9se az al\u00e1bbi volt:<\/h4>\t\t\t\t<\/div>\n\t\t\t\t<\/div>\n\t\t\t\t<div class=\"elementor-element elementor-element-e5c3b25 elementor-widget elementor-widget-text-editor\" data-id=\"e5c3b25\" data-element_type=\"widget\" data-e-type=\"widget\" data-widget_type=\"text-editor.default\">\n\t\t\t\t<div class=\"elementor-widget-container\">\n\t\t\t\t\t\t\t\t\t<ul><li>Az els\u0151 k\u00f6rben (A komponens) azok a szakmai szolg\u00e1ltat\u00f3k ker\u00fcltek kiv\u00e1laszt\u00e1sra, amelyek a csatlakoz\u00f3 KKV-k szervezeti \u00e1tvil\u00e1g\u00edt\u00e1s\u00e1t ingyenesen elv\u00e9gzik (k\u00f6zt\u00fck a mi konzorciumunk is).<\/li><li>A m\u00e1sodik k\u00f6rben (B komponens) pedig az \u00e1tvil\u00e1g\u00edtott munk\u00e1ltat\u00f3k h\u00edvhattak le forr\u00e1st a javasolt szervezetfejleszt\u00e9s k\u00f6lts\u00e9geinek fedez\u00e9s\u00e9re. A \u2019B\u2019 komponensre teh\u00e1t csak azok a c\u00e9gek p\u00e1ly\u00e1zhattak, akik az \u201eA\u201d komponens keret\u00e9ben r\u00e9szt vettek szervezet\u00fck \u00e1tvil\u00e1g\u00edt\u00e1s\u00e1ban.<\/li><\/ul>\t\t\t\t\t\t\t\t<\/div>\n\t\t\t\t<\/div>\n\t\t\t\t<div class=\"elementor-element elementor-element-f6b0ef2 elementor-widget elementor-widget-heading\" data-id=\"f6b0ef2\" data-element_type=\"widget\" data-e-type=\"widget\" data-widget_type=\"heading.default\">\n\t\t\t\t<div class=\"elementor-widget-container\">\n\t\t\t\t\t<h4 class=\"elementor-heading-title elementor-size-default\">Mi\u00e9rt volt ez j\u00f3 a v\u00e1llalkoz\u00e1soknak?<\/h4>\t\t\t\t<\/div>\n\t\t\t\t<\/div>\n\t\t\t\t<div class=\"elementor-element elementor-element-c942bfb elementor-widget elementor-widget-text-editor\" data-id=\"c942bfb\" data-element_type=\"widget\" data-e-type=\"widget\" data-widget_type=\"text-editor.default\">\n\t\t\t\t<div class=\"elementor-widget-container\">\n\t\t\t\t\t\t\t\t\t<ul><li>Mert ingyenesen juthattak hozz\u00e1 egy olyan \u00e1tfog\u00f3, szakemberek \u00e1ltal kidolgozott szervezeti \u00e9s munkaszervez\u00e9si diagn\u00f3zishoz, amely seg\u00edt jobban meg\u00e9rteni c\u00e9g\u00fck m\u0171k\u00f6d\u00e9s\u00e9t.<\/li><li>Mert az \u00e1tvil\u00e1g\u00edt\u00e1s szervezetfejleszt\u00e9si szak\u00e9rt\u0151kkel egy\u00fctt kidolgozott egys\u00e9ges orsz\u00e1gos m\u00f3dszertanon alapult, eredm\u00e9nye \u00f6sszevethet\u0151 a legjobb gyakorlatokkal, valamint az orsz\u00e1gos \u00e1tlaggal is.<\/li><li>Mert szervezet\u00fck kialak\u00edthatta \u00e9s fejleszthette a felel\u0151s, emberk\u00f6zpont\u00fa, rugalmas foglalkoztat\u00e1s alapjait, amely p\u00e9nzbefektet\u00e9s n\u00e9lk\u00fcl (!) n\u00f6velte a munkav\u00e1llal\u00f3k szakmai teljes\u00edtm\u00e9ny\u00e9t \u00e9s lojalit\u00e1s\u00e1t, \u00e9s cs\u00f6kkentette a hi\u00e1nyz\u00e1sok, illetve a fluktu\u00e1ci\u00f3 m\u00e9rt\u00e9k\u00e9t.<\/li><\/ul>\t\t\t\t\t\t\t\t<\/div>\n\t\t\t\t<\/div>\n\t\t\t\t<div class=\"elementor-element elementor-element-07d2289 elementor-widget elementor-widget-text-editor\" data-id=\"07d2289\" data-element_type=\"widget\" data-e-type=\"widget\" data-widget_type=\"text-editor.default\">\n\t\t\t\t<div class=\"elementor-widget-container\">\n\t\t\t\t\t\t\t\t\t<p>A projekt sikeresen lez\u00e1rult, \u00fcgyfeleink ennek keret\u00e9ben rugalmas foglalkoztat\u00e1si form\u00e1kat vezettek be \u00e9s alkalmaznak az\u00f3ta is. Partnereink sz\u00e1m\u00e1ra a projekt lez\u00e1r\u00e1sa ut\u00e1n is seg\u00edt\u00fcnk a rugalmas foglalkoztat\u00e1si form\u00e1k bevezet\u00e9s\u00e9ben \u00e9s alkalmaz\u00e1s\u00e1ban.<\/p>\t\t\t\t\t\t\t\t<\/div>\n\t\t\t\t<\/div>\n\t\t\t\t\t<\/div>\n\t\t<\/div>\n\t\t\t\t\t<\/div>\n\t\t<\/section>\n\t\t\t\t\t<\/div>\n\t\t<\/div>\n\t\t\t\t\t<\/div>\n\t\t<\/section>\n\t\t\t\t<\/div>","protected":false},"excerpt":{"rendered":"<p>EXPANDER \u2013 Az EX ANTE \u00e9s egy\u00fcttm\u0171k\u00f6d\u0151 partnerei a rugalmas foglakoztat\u00e1s elterjeszt\u00e9s\u00e9\u00e9rt A Sz\u00e9chenyi 2020 Program keret\u00e9ben ki\u00edr\u00e1sra ker\u00fclt a \u201eA rugalmas foglalkoztat\u00e1s elterjeszt\u00e9se a konvergencia r\u00e9gi\u00f3kban\u201d c\u00edm\u0171 p\u00e1ly\u00e1zat. Ennek c\u00e9lja az volt, hogy 100 sz\u00e1zal\u00e9k t\u00e1mogat\u00e1si intenzit\u00e1ssal finansz\u00edrozza azon munk\u00e1ltat\u00f3k szervezeti \u00e1tvil\u00e1g\u00edt\u00e1s\u00e1t, akik a saj\u00e1t gazdas\u00e1gi eredm\u00e9nyeik fejleszt\u00e9se \u00e9rdek\u00e9ben rugalmas foglalkoztat\u00e1st szeretn\u00e9nek bevezetni, \u00e9s [&hellip;]<\/p>\n","protected":false},"author":1,"featured_media":0,"parent":0,"menu_order":0,"comment_status":"closed","ping_status":"closed","template":"","meta":{"site-sidebar-layout":"no-sidebar","site-content-layout":"page-builder","ast-site-content-layout":"default","site-content-style":"default","site-sidebar-style":"default","ast-global-header-display":"","ast-banner-title-visibility":"","ast-main-header-display":"","ast-hfb-above-header-display":"","ast-hfb-below-header-display":"","ast-hfb-mobile-header-display":"","site-post-title":"disabled","ast-breadcrumbs-content":"","ast-featured-img":"disabled","footer-sml-layout":"","ast-disable-related-posts":"","theme-transparent-header-meta":"default","adv-header-id-meta":"","stick-header-meta":"","header-above-stick-meta":"","header-main-stick-meta":"","header-below-stick-meta":"","astra-migrate-meta-layouts":"default","ast-page-background-enabled":"default","ast-page-background-meta":{"desktop":{"background-color":"","background-image":"","background-repeat":"repeat","background-position":"center center","background-size":"auto","background-attachment":"scroll","background-type":"","background-media":"","overlay-type":"","overlay-color":"","overlay-opacity":"","overlay-gradient":""},"tablet":{"background-color":"","background-image":"","background-repeat":"repeat","background-position":"center center","background-size":"auto","background-attachment":"scroll","background-type":"","background-media":"","overlay-type":"","overlay-color":"","overlay-opacity":"","overlay-gradient":""},"mobile":{"background-color":"","background-image":"","background-repeat":"repeat","background-position":"center center","background-size":"auto","background-attachment":"scroll","background-type":"","background-media":"","overlay-type":"","overlay-color":"","overlay-opacity":"","overlay-gradient":""}},"ast-content-background-meta":{"desktop":{"background-color":"var(--ast-global-color-5)","background-image":"","background-repeat":"repeat","background-position":"center center","background-size":"auto","background-attachment":"scroll","background-type":"","background-media":"","overlay-type":"","overlay-color":"","overlay-opacity":"","overlay-gradient":""},"tablet":{"background-color":"var(--ast-global-color-5)","background-image":"","background-repeat":"repeat","background-position":"center center","background-size":"auto","background-attachment":"scroll","background-type":"","background-media":"","overlay-type":"","overlay-color":"","overlay-opacity":"","overlay-gradient":""},"mobile":{"background-color":"var(--ast-global-color-5)","background-image":"","background-repeat":"repeat","background-position":"center center","background-size":"auto","background-attachment":"scroll","background-type":"","background-media":"","overlay-type":"","overlay-color":"","overlay-opacity":"","overlay-gradient":""}},"footnotes":""},"class_list":["post-3367","page","type-page","status-publish","hentry"],"_links":{"self":[{"href":"https:\/\/www.kdriu.hu\/en\/wp-json\/wp\/v2\/pages\/3367","targetHints":{"allow":["GET"]}}],"collection":[{"href":"https:\/\/www.kdriu.hu\/en\/wp-json\/wp\/v2\/pages"}],"about":[{"href":"https:\/\/www.kdriu.hu\/en\/wp-json\/wp\/v2\/types\/page"}],"author":[{"embeddable":true,"href":"https:\/\/www.kdriu.hu\/en\/wp-json\/wp\/v2\/users\/1"}],"replies":[{"embeddable":true,"href":"https:\/\/www.kdriu.hu\/en\/wp-json\/wp\/v2\/comments?post=3367"}],"version-history":[{"count":16,"href":"https:\/\/www.kdriu.hu\/en\/wp-json\/wp\/v2\/pages\/3367\/revisions"}],"predecessor-version":[{"id":4269,"href":"https:\/\/www.kdriu.hu\/en\/wp-json\/wp\/v2\/pages\/3367\/revisions\/4269"}],"wp:attachment":[{"href":"https:\/\/www.kdriu.hu\/en\/wp-json\/wp\/v2\/media?parent=3367"}],"curies":[{"name":"wp","href":"https:\/\/api.w.org\/{rel}","templated":true}]}}