{"id":3381,"date":"2021-05-06T22:14:41","date_gmt":"2021-05-06T22:14:41","guid":{"rendered":"http:\/\/www.kdriu.hu\/?page_id=3381"},"modified":"2021-05-07T22:31:23","modified_gmt":"2021-05-07T22:31:23","slug":"kozep-dunantuli-regionalis-innovacios-dij","status":"publish","type":"page","link":"https:\/\/www.kdriu.hu\/en\/kozep-dunantuli-regionalis-innovacios-dij\/","title":{"rendered":"Central Transdanubia Regional Innovation Award"},"content":{"rendered":"<div data-elementor-type=\"wp-page\" data-elementor-id=\"3381\" class=\"elementor elementor-3381\" data-elementor-post-type=\"page\">\n\t\t\t\t\t\t<section class=\"elementor-section elementor-top-section elementor-element elementor-element-71aee87 elementor-section-stretched elementor-section-height-min-height elementor-section-boxed elementor-section-height-default elementor-section-items-middle elementor-invisible\" data-id=\"71aee87\" data-element_type=\"section\" data-e-type=\"section\" data-settings=\"{&quot;background_background&quot;:&quot;classic&quot;,&quot;stretch_section&quot;:&quot;section-stretched&quot;,&quot;animation&quot;:&quot;fadeIn&quot;}\">\n\t\t\t\t\t\t\t<div class=\"elementor-background-overlay\"><\/div>\n\t\t\t\t\t\t\t<div class=\"elementor-container elementor-column-gap-no\">\n\t\t\t\t\t<div class=\"elementor-column elementor-col-100 elementor-top-column elementor-element elementor-element-caea02e\" data-id=\"caea02e\" data-element_type=\"column\" data-e-type=\"column\">\n\t\t\t<div class=\"elementor-widget-wrap elementor-element-populated\">\n\t\t\t\t\t\t<div class=\"elementor-element elementor-element-845bb47 elementor-widget elementor-widget-spacer\" data-id=\"845bb47\" data-element_type=\"widget\" data-e-type=\"widget\" data-widget_type=\"spacer.default\">\n\t\t\t\t<div class=\"elementor-widget-container\">\n\t\t\t\t\t\t\t<div class=\"elementor-spacer\">\n\t\t\t<div class=\"elementor-spacer-inner\"><\/div>\n\t\t<\/div>\n\t\t\t\t\t\t<\/div>\n\t\t\t\t<\/div>\n\t\t\t\t<div class=\"elementor-element elementor-element-2996aec elementor-widget elementor-widget-heading\" data-id=\"2996aec\" data-element_type=\"widget\" data-e-type=\"widget\" data-widget_type=\"heading.default\">\n\t\t\t\t<div class=\"elementor-widget-container\">\n\t\t\t\t\t<h2 class=\"elementor-heading-title elementor-size-default\">Central Transdanubia Regional Innovation Award<\/h2>\t\t\t\t<\/div>\n\t\t\t\t<\/div>\n\t\t\t\t\t<\/div>\n\t\t<\/div>\n\t\t\t\t\t<\/div>\n\t\t<\/section>\n\t\t\t\t<section class=\"elementor-section elementor-top-section elementor-element elementor-element-d49d228 elementor-section-stretched elementor-section-boxed elementor-section-height-default elementor-section-height-default\" data-id=\"d49d228\" data-element_type=\"section\" data-e-type=\"section\" data-settings=\"{&quot;stretch_section&quot;:&quot;section-stretched&quot;,&quot;background_background&quot;:&quot;classic&quot;}\">\n\t\t\t\t\t\t<div class=\"elementor-container elementor-column-gap-no\">\n\t\t\t\t\t<div class=\"elementor-column elementor-col-100 elementor-top-column elementor-element elementor-element-011b4e7\" data-id=\"011b4e7\" data-element_type=\"column\" data-e-type=\"column\">\n\t\t\t<div class=\"elementor-widget-wrap elementor-element-populated\">\n\t\t\t\t\t\t<section class=\"elementor-section elementor-inner-section elementor-element elementor-element-6fc4297 elementor-section-boxed elementor-section-height-default elementor-section-height-default\" data-id=\"6fc4297\" data-element_type=\"section\" data-e-type=\"section\">\n\t\t\t\t\t\t<div class=\"elementor-container elementor-column-gap-default\">\n\t\t\t\t\t<div class=\"elementor-column elementor-col-100 elementor-inner-column elementor-element elementor-element-6b4aea0\" data-id=\"6b4aea0\" data-element_type=\"column\" data-e-type=\"column\" data-settings=\"{&quot;background_background&quot;:&quot;classic&quot;}\">\n\t\t\t<div class=\"elementor-widget-wrap elementor-element-populated\">\n\t\t\t\t\t\t<div class=\"elementor-element elementor-element-dcfed6b elementor-widget elementor-widget-text-editor\" data-id=\"dcfed6b\" data-element_type=\"widget\" data-e-type=\"widget\" data-widget_type=\"text-editor.default\">\n\t\t\t\t<div class=\"elementor-widget-container\">\n\t\t\t\t\t\t\t\t\t<p>A K\u00f6z\u00e9p-Dun\u00e1nt\u00fali Region\u00e1lis Innov\u00e1ci\u00f3s \u00dcgyn\u00f6ks\u00e9g alap\u00edtotta \u00e9s gondozza a K\u00f6z\u00e9p-Dun\u00e1nt\u00fali Region\u00e1lis Innov\u00e1ci\u00f3s D\u00edjat. A d\u00edj elnyer\u00e9s\u00e9re legut\u00f3bb 2019-ben \u00edrtuk ki a p\u00e1ly\u00e1zatunkat.<\/p><p>P\u00e1ly\u00e1zni egyr\u00e9szt v\u00e1llalkoz\u00e1soknak, olyan megval\u00f3sult innov\u00e1ci\u00f3s projekttel lehet (\u00faj term\u00e9k, \u00faj szolg\u00e1ltat\u00e1s, \u00faj elj\u00e1r\u00e1s l\u00e9trehoz\u00e1sa, piaci bevezet\u00e9se), amely a jelentkez\u00e9st\u0151l sz\u00e1m\u00edtott elm\u00falt k\u00e9t \u00e9vben realiz\u00e1l\u00f3dott, \u00e9s sz\u00e1mokkal al\u00e1t\u00e1masztott eredm\u00e9ny-kimutat\u00e1ssal rendelkezik. M\u00e1sr\u00e9szt di\u00e1koknak, illetve di\u00e1kcsoportoknak, akik az elm\u00falt k\u00e9t \u00e9vben megval\u00f3s\u00edtott vagy megval\u00f3s\u00edt\u00e1s alatt l\u00e9v\u0151 innov\u00e1ci\u00f3s projekt\u00f6tlettel rendelkeznek.<\/p><p>Az innov\u00e1ci\u00f3 alapja lehet kutat\u00e1s-fejleszt\u00e9si eredm\u00e9ny, term\u00e9kfejleszt\u00e9s, szabadalom, know-how, technol\u00f3giatranszfer, informatikai rendszerfejleszt\u00e9s, szolg\u00e1ltat\u00e1s-fejleszt\u00e9s.<\/p><p><strong>A K\u00f6z\u00e9p-Dun\u00e1nt\u00fali Region\u00e1lis Innov\u00e1ci\u00f3s D\u00edj kateg\u00f3ri\u00e1i<\/strong><\/p><p>1. kateg\u00f3ria: K\u00f6z\u00e9p-Dun\u00e1nt\u00fali Region\u00e1lis V\u00e1llalkoz\u00f3i Innov\u00e1ci\u00f3s D\u00edj<br \/>2. kateg\u00f3ria: K\u00f6z\u00e9p-Dun\u00e1nt\u00fali Di\u00e1k Innov\u00e1tor D\u00edj<\/p>\t\t\t\t\t\t\t\t<\/div>\n\t\t\t\t<\/div>\n\t\t\t\t\t<\/div>\n\t\t<\/div>\n\t\t\t\t\t<\/div>\n\t\t<\/section>\n\t\t\t\t\t<\/div>\n\t\t<\/div>\n\t\t\t\t\t<\/div>\n\t\t<\/section>\n\t\t\t\t<\/div>","protected":false},"excerpt":{"rendered":"<p>K\u00f6z\u00e9p-dun\u00e1nt\u00fali Region\u00e1lis Innov\u00e1ci\u00f3s D\u00edj A K\u00f6z\u00e9p-Dun\u00e1nt\u00fali Region\u00e1lis Innov\u00e1ci\u00f3s \u00dcgyn\u00f6ks\u00e9g alap\u00edtotta \u00e9s gondozza a K\u00f6z\u00e9p-Dun\u00e1nt\u00fali Region\u00e1lis Innov\u00e1ci\u00f3s D\u00edjat. A d\u00edj elnyer\u00e9s\u00e9re legut\u00f3bb 2019-ben \u00edrtuk ki a p\u00e1ly\u00e1zatunkat. P\u00e1ly\u00e1zni egyr\u00e9szt v\u00e1llalkoz\u00e1soknak, olyan megval\u00f3sult innov\u00e1ci\u00f3s projekttel lehet (\u00faj term\u00e9k, \u00faj szolg\u00e1ltat\u00e1s, \u00faj elj\u00e1r\u00e1s l\u00e9trehoz\u00e1sa, piaci bevezet\u00e9se), amely a jelentkez\u00e9st\u0151l sz\u00e1m\u00edtott elm\u00falt k\u00e9t \u00e9vben realiz\u00e1l\u00f3dott, \u00e9s sz\u00e1mokkal al\u00e1t\u00e1masztott eredm\u00e9ny-kimutat\u00e1ssal [&hellip;]<\/p>\n","protected":false},"author":1,"featured_media":0,"parent":0,"menu_order":0,"comment_status":"closed","ping_status":"closed","template":"","meta":{"site-sidebar-layout":"no-sidebar","site-content-layout":"page-builder","ast-site-content-layout":"default","site-content-style":"default","site-sidebar-style":"default","ast-global-header-display":"","ast-banner-title-visibility":"","ast-main-header-display":"","ast-hfb-above-header-display":"","ast-hfb-below-header-display":"","ast-hfb-mobile-header-display":"","site-post-title":"disabled","ast-breadcrumbs-content":"","ast-featured-img":"disabled","footer-sml-layout":"","ast-disable-related-posts":"","theme-transparent-header-meta":"default","adv-header-id-meta":"","stick-header-meta":"","header-above-stick-meta":"","header-main-stick-meta":"","header-below-stick-meta":"","astra-migrate-meta-layouts":"default","ast-page-background-enabled":"default","ast-page-background-meta":{"desktop":{"background-color":"","background-image":"","background-repeat":"repeat","background-position":"center center","background-size":"auto","background-attachment":"scroll","background-type":"","background-media":"","overlay-type":"","overlay-color":"","overlay-opacity":"","overlay-gradient":""},"tablet":{"background-color":"","background-image":"","background-repeat":"repeat","background-position":"center center","background-size":"auto","background-attachment":"scroll","background-type":"","background-media":"","overlay-type":"","overlay-color":"","overlay-opacity":"","overlay-gradient":""},"mobile":{"background-color":"","background-image":"","background-repeat":"repeat","background-position":"center center","background-size":"auto","background-attachment":"scroll","background-type":"","background-media":"","overlay-type":"","overlay-color":"","overlay-opacity":"","overlay-gradient":""}},"ast-content-background-meta":{"desktop":{"background-color":"var(--ast-global-color-5)","background-image":"","background-repeat":"repeat","background-position":"center center","background-size":"auto","background-attachment":"scroll","background-type":"","background-media":"","overlay-type":"","overlay-color":"","overlay-opacity":"","overlay-gradient":""},"tablet":{"background-color":"var(--ast-global-color-5)","background-image":"","background-repeat":"repeat","background-position":"center center","background-size":"auto","background-attachment":"scroll","background-type":"","background-media":"","overlay-type":"","overlay-color":"","overlay-opacity":"","overlay-gradient":""},"mobile":{"background-color":"var(--ast-global-color-5)","background-image":"","background-repeat":"repeat","background-position":"center center","background-size":"auto","background-attachment":"scroll","background-type":"","background-media":"","overlay-type":"","overlay-color":"","overlay-opacity":"","overlay-gradient":""}},"footnotes":""},"class_list":["post-3381","page","type-page","status-publish","hentry"],"_links":{"self":[{"href":"https:\/\/www.kdriu.hu\/en\/wp-json\/wp\/v2\/pages\/3381","targetHints":{"allow":["GET"]}}],"collection":[{"href":"https:\/\/www.kdriu.hu\/en\/wp-json\/wp\/v2\/pages"}],"about":[{"href":"https:\/\/www.kdriu.hu\/en\/wp-json\/wp\/v2\/types\/page"}],"author":[{"embeddable":true,"href":"https:\/\/www.kdriu.hu\/en\/wp-json\/wp\/v2\/users\/1"}],"replies":[{"embeddable":true,"href":"https:\/\/www.kdriu.hu\/en\/wp-json\/wp\/v2\/comments?post=3381"}],"version-history":[{"count":10,"href":"https:\/\/www.kdriu.hu\/en\/wp-json\/wp\/v2\/pages\/3381\/revisions"}],"predecessor-version":[{"id":4275,"href":"https:\/\/www.kdriu.hu\/en\/wp-json\/wp\/v2\/pages\/3381\/revisions\/4275"}],"wp:attachment":[{"href":"https:\/\/www.kdriu.hu\/en\/wp-json\/wp\/v2\/media?parent=3381"}],"curies":[{"name":"wp","href":"https:\/\/api.w.org\/{rel}","templated":true}]}}