{"id":3389,"date":"2021-05-06T22:18:52","date_gmt":"2021-05-06T22:18:52","guid":{"rendered":"http:\/\/www.kdriu.hu\/?page_id=3389"},"modified":"2021-05-07T22:32:51","modified_gmt":"2021-05-07T22:32:51","slug":"vertes-duna-jarmuipari-klaszter","status":"publish","type":"page","link":"https:\/\/www.kdriu.hu\/en\/vertes-duna-jarmuipari-klaszter\/","title":{"rendered":"V\u00e9rtes-Duna Automotive Cluster"},"content":{"rendered":"<div data-elementor-type=\"wp-page\" data-elementor-id=\"3389\" class=\"elementor elementor-3389\" data-elementor-post-type=\"page\">\n\t\t\t\t\t\t<section class=\"elementor-section elementor-top-section elementor-element elementor-element-6aaebe3 elementor-section-stretched elementor-section-height-min-height elementor-section-boxed elementor-section-height-default elementor-section-items-middle elementor-invisible\" data-id=\"6aaebe3\" data-element_type=\"section\" data-e-type=\"section\" data-settings=\"{&quot;background_background&quot;:&quot;classic&quot;,&quot;stretch_section&quot;:&quot;section-stretched&quot;,&quot;animation&quot;:&quot;fadeIn&quot;}\">\n\t\t\t\t\t\t\t<div class=\"elementor-background-overlay\"><\/div>\n\t\t\t\t\t\t\t<div class=\"elementor-container elementor-column-gap-no\">\n\t\t\t\t\t<div class=\"elementor-column elementor-col-100 elementor-top-column elementor-element elementor-element-1ad50ca\" data-id=\"1ad50ca\" data-element_type=\"column\" data-e-type=\"column\">\n\t\t\t<div class=\"elementor-widget-wrap elementor-element-populated\">\n\t\t\t\t\t\t<div class=\"elementor-element elementor-element-58478c5 elementor-widget elementor-widget-spacer\" data-id=\"58478c5\" data-element_type=\"widget\" data-e-type=\"widget\" data-widget_type=\"spacer.default\">\n\t\t\t\t<div class=\"elementor-widget-container\">\n\t\t\t\t\t\t\t<div class=\"elementor-spacer\">\n\t\t\t<div class=\"elementor-spacer-inner\"><\/div>\n\t\t<\/div>\n\t\t\t\t\t\t<\/div>\n\t\t\t\t<\/div>\n\t\t\t\t<div class=\"elementor-element elementor-element-d812993 elementor-widget elementor-widget-heading\" data-id=\"d812993\" data-element_type=\"widget\" data-e-type=\"widget\" data-widget_type=\"heading.default\">\n\t\t\t\t<div class=\"elementor-widget-container\">\n\t\t\t\t\t<h1 class=\"elementor-heading-title elementor-size-default\">V\u00e9rtes-Duna Automotive Cluster<\/h1>\t\t\t\t<\/div>\n\t\t\t\t<\/div>\n\t\t\t\t\t<\/div>\n\t\t<\/div>\n\t\t\t\t\t<\/div>\n\t\t<\/section>\n\t\t\t\t<section class=\"elementor-section elementor-top-section elementor-element elementor-element-5bd7ca4 elementor-section-stretched elementor-section-boxed elementor-section-height-default elementor-section-height-default\" data-id=\"5bd7ca4\" data-element_type=\"section\" data-e-type=\"section\" data-settings=\"{&quot;stretch_section&quot;:&quot;section-stretched&quot;,&quot;background_background&quot;:&quot;classic&quot;}\">\n\t\t\t\t\t\t<div class=\"elementor-container elementor-column-gap-no\">\n\t\t\t\t\t<div class=\"elementor-column elementor-col-100 elementor-top-column elementor-element elementor-element-96a2d6e\" data-id=\"96a2d6e\" data-element_type=\"column\" data-e-type=\"column\">\n\t\t\t<div class=\"elementor-widget-wrap elementor-element-populated\">\n\t\t\t\t\t\t<section class=\"elementor-section elementor-inner-section elementor-element elementor-element-d2f4b23 elementor-section-boxed elementor-section-height-default elementor-section-height-default\" data-id=\"d2f4b23\" data-element_type=\"section\" data-e-type=\"section\">\n\t\t\t\t\t\t<div class=\"elementor-container elementor-column-gap-default\">\n\t\t\t\t\t<div class=\"elementor-column elementor-col-100 elementor-inner-column elementor-element elementor-element-2b7be4d\" data-id=\"2b7be4d\" data-element_type=\"column\" data-e-type=\"column\" data-settings=\"{&quot;background_background&quot;:&quot;classic&quot;}\">\n\t\t\t<div class=\"elementor-widget-wrap elementor-element-populated\">\n\t\t\t\t\t\t<div class=\"elementor-element elementor-element-2c476a5 elementor-widget elementor-widget-text-editor\" data-id=\"2c476a5\" data-element_type=\"widget\" data-e-type=\"widget\" data-widget_type=\"text-editor.default\">\n\t\t\t\t<div class=\"elementor-widget-container\">\n\t\t\t\t\t\t\t\t\t<p>A V\u00e9rtes-Duna J\u00e1rm\u0171ipari Klasztert 2011. m\u00e1jus 12-\u00e9n azzal a c\u00e9llal h\u00edvta \u00e9letre 16, a j\u00e1rm\u0171iparban \u00e9rdekelt szervezet, hogy er\u0151s\u00edtse a j\u00e1rm\u0171iparban \u00e9rdekelt szerepl\u0151k ter\u00fcleti alap\u00fa egy\u00fcttm\u0171k\u00f6d\u00e9s\u00e9t, jav\u00edtsa piaci poz\u00edci\u00f3jukat, er\u0151s\u00edtse belf\u00f6ldi- \u00e9s nemzetk\u00f6zi kapcsolataikat, k\u00f6z\u00f6s \u00e9rdekeken alapul\u00f3 fejleszt\u00e9seket, beruh\u00e1z\u00e1sokat val\u00f3s\u00edtsanak meg.<\/p><p>Fontos, hogy n\u00f6velj\u00e9k a t\u00e9rs\u00e9g gazdas\u00e1gi versenyk\u00e9pess\u00e9g\u00e9t, emelj\u00e9k a foglalkoztatotts\u00e1g sz\u00ednvonal\u00e1t, jav\u00edts\u00e1k az \u00e1ltal\u00e1nos \u00e9letmin\u0151s\u00e9get, megtarts\u00e1k a m\u0171k\u00f6d\u0151-t\u0151k\u00e9t \u00e9s emelj\u00e9k a t\u0151kevonz\u00f3 k\u00e9pess\u00e9get a K\u00f6z\u00e9p-Dun\u00e1nt\u00fali R\u00e9gi\u00f3 V\u00c9RTES-DUNA t\u00e9rs\u00e9g\u00e9ben, Bicske, Kisb\u00e9r, Kom\u00e1rom, M\u00f3r, Oroszl\u00e1ny, Pusztav\u00e1m, Tata \u00e9s Tatab\u00e1nya telep\u00fcl\u00e9sek \u00f6nkorm\u00e1nyzatainak egy\u00fcttm\u0171k\u00f6d\u00e9si meg\u00e1llapod\u00e1sban r\u00f6gz\u00edtett t\u00e1mogat\u00e1sa mellett. A megalap\u00edtott V\u00e9rtes-Duna J\u00e1rm\u0171ipari Klaszter minden olyan egy\u00fcttm\u0171k\u00f6d\u0151 szervezet fel\u00e9 nyitott, mely hozz\u00e1j\u00e1rul kit\u0171z\u00f6tt c\u00e9ljai el\u00e9r\u00e9s\u00e9hez \u00e9s a t\u00e9rs\u00e9g versenyk\u00e9pes fejl\u0151d\u00e9s\u00e9hez.<\/p>\t\t\t\t\t\t\t\t<\/div>\n\t\t\t\t<\/div>\n\t\t\t\t<div class=\"elementor-element elementor-element-dd83d1b elementor-widget elementor-widget-heading\" data-id=\"dd83d1b\" data-element_type=\"widget\" data-e-type=\"widget\" data-widget_type=\"heading.default\">\n\t\t\t\t<div class=\"elementor-widget-container\">\n\t\t\t\t\t<h4 class=\"elementor-heading-title elementor-size-default\">A Klaszter tagjainak list\u00e1ja:<\/h4>\t\t\t\t<\/div>\n\t\t\t\t<\/div>\n\t\t\t\t<div class=\"elementor-element elementor-element-107cc1c elementor-widget elementor-widget-text-editor\" data-id=\"107cc1c\" data-element_type=\"widget\" data-e-type=\"widget\" data-widget_type=\"text-editor.default\">\n\t\t\t\t<div class=\"elementor-widget-container\">\n\t\t\t\t\t\t\t\t\t<p><strong>Alu-span Kft<\/strong><br \/>8066 Pusztav\u00e1m Pet\u0151fi u 146.<br \/>www.alu-span.com<\/p><p><strong>Benteler Aut\u00f3technika Kft.<\/strong><br \/>8060 M\u00f3r, Akai \u00fat 5.<br \/>www.benteler.de<\/p><p><strong>Bitter-Sz\u0171cs Gar\u00e1zs Bt.<\/strong><br \/>8060 M\u00f3r, De\u00e1k Ferenc \u00fat 73.<br \/>www.bitter-szucs.hu<\/p><p><strong>Edutus F\u0151iskola<\/strong><br \/>2800 Tatab\u00e1nya, St\u00fadium t\u00e9r 1.<br \/>www.edutus.hu<\/p><p><strong>FHL BJ\u00d6RN HUNGARY KFT.<\/strong><br \/>8060 M\u00f3r, Velegi u. hrsz. 4096\/41.<br \/>www.fhl.hu<\/p><p><strong>Frimo Hungary Kft.<\/strong><br \/>8060 M\u00f3r, K\u00f3rh\u00e1z u. 20.<br \/>www.frimo.hu<\/p><p><strong>Tatab\u00e1nya Megyei Jog\u00fa V\u00e1ros \u00d6nkorm\u00e1nyzat\u00e1nak Gazdas\u00e1gfejleszt\u0151 Szervezete Nonprofit Kft.<\/strong><br \/>2800 Tatab\u00e1nya, F\u0151 t\u00e9r 6.<br \/>www.gfsz.hu\/<\/p><p><strong>GMD Hungary Ipari Kft.<\/strong><br \/>2840 Oroszl\u00e1ny, Mester u. 1.<br \/>www.gmd.hu<\/p><p><strong>Hammerstein Aut\u00f3r\u00e9szegys\u00e9ggy\u00e1rt\u00f3 \u00e9s -fejleszt\u0151 Bt.<\/strong><br \/>8060 M\u00f3r, Hammerstein u. 2.<br \/>www.johnsoncontrols.com<\/p><p><strong>Intermotor K\u00f6rnyezetbar\u00e1t Eszk\u00f6z\u00f6ket Fejleszt\u0151 \u00e9s Gy\u00e1rt\u00f3 Kft.<\/strong><br \/>2881 \u00c1sz\u00e1r, K\u00f6zt\u00e1rsas\u00e1g u.3<br \/>www.intermotor-kft.hu<\/p><p><strong>K\u00f6z\u00e9p-Dun\u00e1nt\u00fali Region\u00e1lis Innov\u00e1ci\u00f3s \u00dcgyn\u00f6ks\u00e9g Nonprofit Kft<\/strong><br \/>Sz\u00e9kesfeh\u00e9rv\u00e1r<br \/>www.kdriu.hu\/main.php<\/p><p><strong>Lear Corporation Hungary Kft.<\/strong><br \/>8060 M\u00f3r, Mester u. 2.<br \/>www.lear.com<\/p><p><strong>Lehel Coachbuilder Kft.<\/strong><br \/>2870 KISB\u00c9R, KOSSUTH L. U. 19.<\/p><p><strong>P-Met\u00e1l Kft.<\/strong><br \/>2800 Tatab\u00e1nya, B\u00e1rdos lkp. 4\/A fsz. 3.<br \/>www.p-metal.hu<\/p><p><strong>Pressmetal Kft.<\/strong><br \/>2800 Tatab\u00e1nya, Cementgy\u00e1ri \u00fat 1.<br \/>pressmetal.uw.hu<\/p><p><strong>R\u00e1ba J\u00e1rm\u0171ipari Alkatr\u00e9szgy\u00e1rt\u00f3 Kft.<\/strong><br \/>8060 M\u00f3r, Ipartelep (Pf.47)<br \/>www.raba.hu\/jarmualkatresz<\/p><p><strong>Strasszer Autosystem Kft.<\/strong><br \/>8000 Sz\u00e9kesfeh\u00e9rv\u00e1r, Tasn\u00e1di \u00fat 42-44.<br \/>www.strasszer.hu<\/p><p><strong>Rejlek Metal &amp; Stamping Kft.<\/strong><br \/>8060, M\u00f3r, Gy\u00e1r u. 6.<br \/>www.rejlek.hu<\/p><p>M<strong>egakr\u00e1n Kft.<\/strong><br \/>8060 M\u00f3r, Nemes utca 22.<br \/>www.langmahr.hu<\/p><p><strong>GIGA 2003 Gy\u00e1rt\u00f3 \u00e9s Kereskedelmi Kft<\/strong>.<br \/>H-8000 Sz\u00e9kesfeh\u00e9rv\u00e1r, Bab\u00e9r utca 18.<br \/>www.giga2003.hu<\/p><p><strong>OPEN INNO Kft<\/strong>.<br \/>8000 Sz\u00e9kesfeh\u00e9rv\u00e1r, Oskola u. 6.<\/p><p><strong>Brevi Manu Bet\u00e9ti T\u00e1rsas\u00e1g<\/strong><br \/>2858 Cs\u00e1sz\u00e1r, Kossuth u. 122.<\/p>\t\t\t\t\t\t\t\t<\/div>\n\t\t\t\t<\/div>\n\t\t\t\t\t<\/div>\n\t\t<\/div>\n\t\t\t\t\t<\/div>\n\t\t<\/section>\n\t\t\t\t\t<\/div>\n\t\t<\/div>\n\t\t\t\t\t<\/div>\n\t\t<\/section>\n\t\t\t\t<\/div>","protected":false},"excerpt":{"rendered":"<p>V\u00e9rtes-Duna J\u00e1rm\u0171ipari Klaszter A V\u00e9rtes-Duna J\u00e1rm\u0171ipari Klasztert 2011. m\u00e1jus 12-\u00e9n azzal a c\u00e9llal h\u00edvta \u00e9letre 16, a j\u00e1rm\u0171iparban \u00e9rdekelt szervezet, hogy er\u0151s\u00edtse a j\u00e1rm\u0171iparban \u00e9rdekelt szerepl\u0151k ter\u00fcleti alap\u00fa egy\u00fcttm\u0171k\u00f6d\u00e9s\u00e9t, jav\u00edtsa piaci poz\u00edci\u00f3jukat, er\u0151s\u00edtse belf\u00f6ldi- \u00e9s nemzetk\u00f6zi kapcsolataikat, k\u00f6z\u00f6s \u00e9rdekeken alapul\u00f3 fejleszt\u00e9seket, beruh\u00e1z\u00e1sokat val\u00f3s\u00edtsanak meg. Fontos, hogy n\u00f6velj\u00e9k a t\u00e9rs\u00e9g gazdas\u00e1gi versenyk\u00e9pess\u00e9g\u00e9t, emelj\u00e9k a foglalkoztatotts\u00e1g sz\u00ednvonal\u00e1t, [&hellip;]<\/p>\n","protected":false},"author":1,"featured_media":0,"parent":0,"menu_order":0,"comment_status":"closed","ping_status":"closed","template":"","meta":{"site-sidebar-layout":"no-sidebar","site-content-layout":"page-builder","ast-site-content-layout":"default","site-content-style":"default","site-sidebar-style":"default","ast-global-header-display":"","ast-banner-title-visibility":"","ast-main-header-display":"","ast-hfb-above-header-display":"","ast-hfb-below-header-display":"","ast-hfb-mobile-header-display":"","site-post-title":"disabled","ast-breadcrumbs-content":"","ast-featured-img":"disabled","footer-sml-layout":"","ast-disable-related-posts":"","theme-transparent-header-meta":"default","adv-header-id-meta":"","stick-header-meta":"","header-above-stick-meta":"","header-main-stick-meta":"","header-below-stick-meta":"","astra-migrate-meta-layouts":"default","ast-page-background-enabled":"default","ast-page-background-meta":{"desktop":{"background-color":"","background-image":"","background-repeat":"repeat","background-position":"center center","background-size":"auto","background-attachment":"scroll","background-type":"","background-media":"","overlay-type":"","overlay-color":"","overlay-opacity":"","overlay-gradient":""},"tablet":{"background-color":"","background-image":"","background-repeat":"repeat","background-position":"center center","background-size":"auto","background-attachment":"scroll","background-type":"","background-media":"","overlay-type":"","overlay-color":"","overlay-opacity":"","overlay-gradient":""},"mobile":{"background-color":"","background-image":"","background-repeat":"repeat","background-position":"center center","background-size":"auto","background-attachment":"scroll","background-type":"","background-media":"","overlay-type":"","overlay-color":"","overlay-opacity":"","overlay-gradient":""}},"ast-content-background-meta":{"desktop":{"background-color":"var(--ast-global-color-5)","background-image":"","background-repeat":"repeat","background-position":"center center","background-size":"auto","background-attachment":"scroll","background-type":"","background-media":"","overlay-type":"","overlay-color":"","overlay-opacity":"","overlay-gradient":""},"tablet":{"background-color":"var(--ast-global-color-5)","background-image":"","background-repeat":"repeat","background-position":"center center","background-size":"auto","background-attachment":"scroll","background-type":"","background-media":"","overlay-type":"","overlay-color":"","overlay-opacity":"","overlay-gradient":""},"mobile":{"background-color":"var(--ast-global-color-5)","background-image":"","background-repeat":"repeat","background-position":"center center","background-size":"auto","background-attachment":"scroll","background-type":"","background-media":"","overlay-type":"","overlay-color":"","overlay-opacity":"","overlay-gradient":""}},"footnotes":""},"class_list":["post-3389","page","type-page","status-publish","hentry"],"_links":{"self":[{"href":"https:\/\/www.kdriu.hu\/en\/wp-json\/wp\/v2\/pages\/3389","targetHints":{"allow":["GET"]}}],"collection":[{"href":"https:\/\/www.kdriu.hu\/en\/wp-json\/wp\/v2\/pages"}],"about":[{"href":"https:\/\/www.kdriu.hu\/en\/wp-json\/wp\/v2\/types\/page"}],"author":[{"embeddable":true,"href":"https:\/\/www.kdriu.hu\/en\/wp-json\/wp\/v2\/users\/1"}],"replies":[{"embeddable":true,"href":"https:\/\/www.kdriu.hu\/en\/wp-json\/wp\/v2\/comments?post=3389"}],"version-history":[{"count":13,"href":"https:\/\/www.kdriu.hu\/en\/wp-json\/wp\/v2\/pages\/3389\/revisions"}],"predecessor-version":[{"id":4281,"href":"https:\/\/www.kdriu.hu\/en\/wp-json\/wp\/v2\/pages\/3389\/revisions\/4281"}],"wp:attachment":[{"href":"https:\/\/www.kdriu.hu\/en\/wp-json\/wp\/v2\/media?parent=3389"}],"curies":[{"name":"wp","href":"https:\/\/api.w.org\/{rel}","templated":true}]}}