{"id":3439,"date":"2021-05-07T07:12:34","date_gmt":"2021-05-07T07:12:34","guid":{"rendered":"http:\/\/www.kdriu.hu\/?page_id=3439"},"modified":"2021-10-27T11:54:33","modified_gmt":"2021-10-27T11:54:33","slug":"e-digistars","status":"publish","type":"page","link":"https:\/\/www.kdriu.hu\/en\/e-digistars\/","title":{"rendered":"eDigiStars"},"content":{"rendered":"<div data-elementor-type=\"wp-page\" data-elementor-id=\"3439\" class=\"elementor elementor-3439\" data-elementor-post-type=\"page\">\n\t\t\t\t\t\t<section class=\"elementor-section elementor-top-section elementor-element elementor-element-800ebdc elementor-section-stretched elementor-section-height-min-height elementor-section-boxed elementor-section-height-default elementor-section-items-middle elementor-invisible\" data-id=\"800ebdc\" data-element_type=\"section\" data-e-type=\"section\" data-settings=\"{&quot;background_background&quot;:&quot;classic&quot;,&quot;stretch_section&quot;:&quot;section-stretched&quot;,&quot;animation&quot;:&quot;fadeIn&quot;}\">\n\t\t\t\t\t\t\t<div class=\"elementor-background-overlay\"><\/div>\n\t\t\t\t\t\t\t<div class=\"elementor-container elementor-column-gap-no\">\n\t\t\t\t\t<div class=\"elementor-column elementor-col-100 elementor-top-column elementor-element elementor-element-553bb97\" data-id=\"553bb97\" data-element_type=\"column\" data-e-type=\"column\">\n\t\t\t<div class=\"elementor-widget-wrap elementor-element-populated\">\n\t\t\t\t\t\t<div class=\"elementor-element elementor-element-fffb8c5 elementor-widget elementor-widget-spacer\" data-id=\"fffb8c5\" data-element_type=\"widget\" data-e-type=\"widget\" data-widget_type=\"spacer.default\">\n\t\t\t\t<div class=\"elementor-widget-container\">\n\t\t\t\t\t\t\t<div class=\"elementor-spacer\">\n\t\t\t<div class=\"elementor-spacer-inner\"><\/div>\n\t\t<\/div>\n\t\t\t\t\t\t<\/div>\n\t\t\t\t<\/div>\n\t\t\t\t<div class=\"elementor-element elementor-element-13c7df7 elementor-widget elementor-widget-heading\" data-id=\"13c7df7\" data-element_type=\"widget\" data-e-type=\"widget\" data-widget_type=\"heading.default\">\n\t\t\t\t<div class=\"elementor-widget-container\">\n\t\t\t\t\t<h1 class=\"elementor-heading-title elementor-size-default\">eDigiStars<\/h1>\t\t\t\t<\/div>\n\t\t\t\t<\/div>\n\t\t\t\t\t<\/div>\n\t\t<\/div>\n\t\t\t\t\t<\/div>\n\t\t<\/section>\n\t\t\t\t<section class=\"elementor-section elementor-top-section elementor-element elementor-element-6d567f2 elementor-section-stretched elementor-section-boxed elementor-section-height-default elementor-section-height-default\" data-id=\"6d567f2\" data-element_type=\"section\" data-e-type=\"section\" data-settings=\"{&quot;stretch_section&quot;:&quot;section-stretched&quot;,&quot;background_background&quot;:&quot;classic&quot;}\">\n\t\t\t\t\t\t<div class=\"elementor-container elementor-column-gap-no\">\n\t\t\t\t\t<div class=\"elementor-column elementor-col-100 elementor-top-column elementor-element elementor-element-2bdaa12\" data-id=\"2bdaa12\" data-element_type=\"column\" data-e-type=\"column\">\n\t\t\t<div class=\"elementor-widget-wrap elementor-element-populated\">\n\t\t\t\t\t\t<section class=\"elementor-section elementor-inner-section elementor-element elementor-element-1197aca elementor-section-boxed elementor-section-height-default elementor-section-height-default\" data-id=\"1197aca\" data-element_type=\"section\" data-e-type=\"section\">\n\t\t\t\t\t\t<div class=\"elementor-container elementor-column-gap-default\">\n\t\t\t\t\t<div class=\"elementor-column elementor-col-100 elementor-inner-column elementor-element elementor-element-1286be5\" data-id=\"1286be5\" data-element_type=\"column\" data-e-type=\"column\" data-settings=\"{&quot;background_background&quot;:&quot;classic&quot;}\">\n\t\t\t<div class=\"elementor-widget-wrap elementor-element-populated\">\n\t\t\t\t\t\t<div class=\"elementor-element elementor-element-67fbe1a elementor-widget elementor-widget-text-editor\" data-id=\"67fbe1a\" data-element_type=\"widget\" data-e-type=\"widget\" data-widget_type=\"text-editor.default\">\n\t\t\t\t<div class=\"elementor-widget-container\">\n\t\t\t\t\t\t\t\t\t<p>eDigiStars was launched on 1 July 2020 under <a href=\"http:\/\/www.interreg-danube.eu\/\" target=\"_blank\" rel=\"noopener\">the Danube Transnational Cooperation Programme<\/a> , led by the Innoskart Cluster in Hungary. The project aims to develop the digital skills of the over-50 age group in order to help them reintegrate into the labour market and to respond to the market demand for digital\/IT skills in the countries of the Danube region.<\/p><p>The eDigiStars project is based on the fact that in most countries along the Danube there is a significant demand for digital skills from employers, and that even simple jobs such as IT system operator, 3D printer specialist, digital campaign manager or digital graphic designer are difficult to fill. And vacancies are making the region less competitive compared to other European regions. In addition, finding a job is a problem for the working age population over 50. Our project aims to demonstrate that these two challenges can be linked and addressed simultaneously.<\/p><p>The eDigiStars project partnership believes that we can retrain people in the working age group over 50 to become digital workers or entrepreneurs. The partnership will therefore first of all convince people in this age group that the digital world offers them opportunities for advancement or development. We will then make recommendations on how to adapt adult learning to the needs of this age group. And those over 51 who are involved in our pilot and successfully complete it will be awarded a certificate which, in addition to the skills they acquire, can help them to find a job.<\/p><p>The project partners are innovation and development, employment and labour market agencies from Hungary, the Czech Republic, Slovenia, Austria, Ukraine, Romania, Bosnia and Herzegovina, Serbia and Bulgaria, from different territorial levels.<\/p>\t\t\t\t\t\t\t\t<\/div>\n\t\t\t\t<\/div>\n\t\t\t\t<div class=\"elementor-element elementor-element-da68b63 elementor-widget elementor-widget-heading\" data-id=\"da68b63\" data-element_type=\"widget\" data-e-type=\"widget\" data-widget_type=\"heading.default\">\n\t\t\t\t<div class=\"elementor-widget-container\">\n\t\t\t\t\t<h4 class=\"elementor-heading-title elementor-size-default\">The following partners are involved in the implementation of the project:<\/h4>\t\t\t\t<\/div>\n\t\t\t\t<\/div>\n\t\t\t\t<div class=\"elementor-element elementor-element-c227b6f elementor-widget elementor-widget-text-editor\" data-id=\"c227b6f\" data-element_type=\"widget\" data-e-type=\"widget\" data-widget_type=\"text-editor.default\">\n\t\t\t\t<div class=\"elementor-widget-container\">\n\t\t\t\t\t\t\t\t\t<ul><li>Hungary - Innoskart Cluster (Lead Partner), INNOSKART<\/li><li>Hungary - Central-transdanubian Regional Innovation Agency Nonprofit Ltd., CTRIA<\/li><li>Slovenia - Municipality of Maribor, MOM<\/li><li>Slovenia - Foundation for Improving Employment Opportunities in the Workforce, PRIZMA<\/li><li>Bulgaria - Business Agents Association, BAA<\/li><li>Bulgaria - Bulgarian Industrial Agency - Confederation of Bulgarian Industries, BIA<\/li><li>Austria - Entrepreneurship in Upper Austria - Plastics Cluster, BIZUP<\/li><li>Czech Republic - Prague 9th District Municipality, MP9<\/li><li>Bosnia and Herzegovina - Republika Srpska Development Agency, RARS<\/li><li>Czech Republic - DEX Innovation Centre<\/li><li>Ukraine - Ivano-Frankivsk National Technical University of Oil and Gas, IFNTUOG<\/li><li>Romania - European Centre for Social and Professional Integration, ACTA<\/li><li>Romania \u2013 Romarketing, RM<\/li><li>Bulgaria - National Employment Agency, NEA<\/li><\/ul>\t\t\t\t\t\t\t\t<\/div>\n\t\t\t\t<\/div>\n\t\t\t\t<div class=\"elementor-element elementor-element-c19fe24 elementor-widget elementor-widget-text-editor\" data-id=\"c19fe24\" data-element_type=\"widget\" data-e-type=\"widget\" data-widget_type=\"text-editor.default\">\n\t\t\t\t<div class=\"elementor-widget-container\">\n\t\t\t\t\t\t\t\t\t<p align=\"justify\">The project will run from 1 July 2020 to 31 December 2022.<\/p>\t\t\t\t\t\t\t\t<\/div>\n\t\t\t\t<\/div>\n\t\t\t\t<div class=\"elementor-element elementor-element-d18fe46 elementor-widget elementor-widget-text-editor\" data-id=\"d18fe46\" data-element_type=\"widget\" data-e-type=\"widget\" data-widget_type=\"text-editor.default\">\n\t\t\t\t<div class=\"elementor-widget-container\">\n\t\t\t\t\t\t\t\t\t<p>The project is implemented through the Danube Transnational Programme, with the support of the European Regional Development Fund, co-financed by the European Union and the Hungarian State.<\/p><p>Project co-funded by European Union funds (ERDF, IPA, ENI)<\/p>\t\t\t\t\t\t\t\t<\/div>\n\t\t\t\t<\/div>\n\t\t\t\t<div class=\"elementor-element elementor-element-435897d elementor-widget elementor-widget-toggle\" data-id=\"435897d\" data-element_type=\"widget\" data-e-type=\"widget\" data-widget_type=\"toggle.default\">\n\t\t\t\t<div class=\"elementor-widget-container\">\n\t\t\t\t\t\t\t<div class=\"elementor-toggle\">\n\t\t\t\t\t\t\t<div class=\"elementor-toggle-item\">\n\t\t\t\t\t<div id=\"elementor-tab-title-7061\" class=\"elementor-tab-title\" data-tab=\"1\" role=\"button\" aria-controls=\"elementor-tab-content-7061\" aria-expanded=\"false\">\n\t\t\t\t\t\t\t\t\t\t\t\t<span class=\"elementor-toggle-icon elementor-toggle-icon-left\" aria-hidden=\"true\">\n\t\t\t\t\t\t\t\t\t\t\t\t\t\t\t<span class=\"elementor-toggle-icon-closed\"><i class=\"fas fa-caret-right\"><\/i><\/span>\n\t\t\t\t\t\t\t\t<span class=\"elementor-toggle-icon-opened\"><i class=\"elementor-toggle-icon-opened fas fa-caret-up\"><\/i><\/span>\n\t\t\t\t\t\t\t\t\t\t\t\t\t<\/span>\n\t\t\t\t\t\t\t\t\t\t\t\t<a class=\"elementor-toggle-title\" tabindex=\"0\">More news and posts about the project:<\/a>\n\t\t\t\t\t<\/div>\n\n\t\t\t\t\t<div id=\"elementor-tab-content-7061\" class=\"elementor-tab-content elementor-clearfix\" data-tab=\"1\" role=\"region\" aria-labelledby=\"elementor-tab-title-7061\"><ul>\n<li><a href=\"https:\/\/www.facebook.com\/KDRIU.CTRIA\/posts\/3578124095581151\" target=\"_blank\" rel=\"noopener\">Elindult az e-DigiStars projekt! &#8211; 2020.07.28.<\/a>&nbsp;<\/li>\n<li><a href=\"https:\/\/www.facebook.com\/watch\/?v=959958924467857\" target=\"_blank\" rel=\"noopener\">Digit\u00e1lis tud\u00e1s 50 felett is! &#8211; 2020.08.10.<\/a><\/li>\n<li><a href=\"https:\/\/www.facebook.com\/KDRIU.CTRIA\/photos\/3780751798651712\" target=\"_blank\" rel=\"noopener\">Communication Kick-off Event on behalf on the #eDigiStars project &#8211; 2020.09.29.<\/a><\/li>\n<li><a href=\"https:\/\/www.facebook.com\/KDRIU.CTRIA\/photos\/3931755626884661\" target=\"_blank\" rel=\"noopener\">Strat\u00e9giaalkot\u00e1s az #eDigiStars projektben! &#8211; 2020.11.18.<\/a><\/li>\n<li><a href=\"https:\/\/www.facebook.com\/KDRIU.CTRIA\/photos\/3972410992819124\" target=\"_blank\" rel=\"noopener\">Robog tov\u00e1bb az #eDigiStars projekt\u00fcnk is &#8211; 2020.12.02.<\/a><\/li>\n<li><a href=\"https:\/\/www.facebook.com\/KDRIU.CTRIA\/photos\/4029146290478927\" target=\"_blank\" rel=\"noopener\">Visszatekint\u00e9s 2020-ra &#8211; 2020.12.23.<\/a><\/li>\n<li><a href=\"https:\/\/www.facebook.com\/KDRIU.CTRIA\/posts\/4108393139220908\" target=\"_blank\" rel=\"noopener\">Tanulni sosem k\u00e9s\u0151! &#8211; 2021.01.22.<\/a><\/li>\n<li><a href=\"https:\/\/www.facebook.com\/KDRIU.CTRIA\/posts\/4126328397427382\" target=\"_blank\" rel=\"noopener\">Szak\u00e9rt\u0151i egy\u00fcttm\u0171k\u00f6d\u00e9s &#8211; 2021.01.27.<\/a><\/li>\n<li><a href=\"https:\/\/www.facebook.com\/KDRIU.CTRIA\/posts\/4143080985752123\" target=\"_blank\" rel=\"noopener\">Digit\u00e1lis kih\u00edv\u00e1sok &#8211; 2021.02.02.<\/a><\/li>\n<li><a href=\"https:\/\/www.facebook.com\/KDRIU.CTRIA\/posts\/4148450328548522\" target=\"_blank\" rel=\"noopener\">Ingyenes, online magyar nyelv\u0171 programoz\u00f3kurzus &#8211; 2021.02.04.<\/a><\/li>\n<li><a href=\"https:\/\/www.facebook.com\/KDRIU.CTRIA\/posts\/4159814124078809\" target=\"_blank\" rel=\"noopener\">Haladni a korral &#8211; 2021.02.08.<\/a><\/li>\n<li><a href=\"https:\/\/www.facebook.com\/KDRIU.CTRIA\/posts\/4249631758430378\" target=\"_blank\" rel=\"noopener\">Online konferencia &#8211; 2021.03.09.<\/a><\/li>\n<li><a href=\"https:\/\/www.facebook.com\/KDRIU.CTRIA\/posts\/4291057117621175\" target=\"_blank\" rel=\"noopener\">Csatlakozz hozz\u00e1nk \u00c1PRILIS 13-\u00e1n \u00e9s tudj meg t\u00f6bbet az eDigiStars Interreg Danube Transnational Programme projektr\u0151l! &#8211; 2021.03.23.<\/a><\/li>\n<li><a href=\"https:\/\/www.facebook.com\/KDRIU.CTRIA\/posts\/4297970783596475\" target=\"_blank\" rel=\"noopener\">Regisztr\u00e1lj az #INFODAY-re \u00e9s csatlakozz hozz\u00e1nk \u00c1PRILIS 13-\u00e1n! &#8211; 2021.03.25.<\/a><\/li>\n<li><a href=\"https:\/\/www.facebook.com\/KDRIU.CTRIA\/posts\/4314374608622759\" target=\"_blank\" rel=\"noopener\">Regisztr\u00e1lj az \u00c1PRILIS 13-ai #INFODAY-re &#8211; 2021.03.30.<\/a><\/li>\n<li><a href=\"https:\/\/www.facebook.com\/KDRIU.CTRIA\/posts\/4321286894598197\" target=\"_blank\" rel=\"noopener\">Bemutatkoznak az #eDigiStars #INFODAY el\u0151ad\u00f3i &#8211; #1 &#8211; 2021.04.01.<\/a><\/li>\n<li><a href=\"https:\/\/www.facebook.com\/KDRIU.CTRIA\/posts\/4324872317572988\" target=\"_blank\" rel=\"noopener\">Bemutatkoznak az #eDigiStars #INFODAY el\u0151ad\u00f3i &#8211; #2 &#8211; 2021.04.02.<\/a><\/li>\n<li><a href=\"https:\/\/www.facebook.com\/KDRIU.CTRIA\/posts\/4334137069979846\" target=\"_blank\" rel=\"noopener\">Nemzetk\u00f6zi online konferencia \u00c1PRILIS 13-\u00e1n az 50 \u00e9v felettiek digit\u00e1lis v\u00e1llalkoz\u00f3i k\u00e9szs\u00e9geinek fejleszt\u00e9si lehet\u0151s\u00e9geir\u0151l &#8211; 2021.04.05.<\/a><\/li>\n<li><a href=\"https:\/\/www.facebook.com\/KDRIU.CTRIA\/posts\/4337739706286249\" target=\"_blank\" rel=\"noopener\">Bemutatkoznak az #eDigiStars #INFODAY el\u0151ad\u00f3i &#8211; #3 &#8211; 2021.04.06.<\/a><\/li>\n<li><a href=\"https:\/\/www.facebook.com\/KDRIU.CTRIA\/posts\/4340471069346446\" target=\"_blank\" rel=\"noopener\">Bemutatkoznak az #eDigiStars #INFODAY el\u0151ad\u00f3i &#8211; #4 &#8211; 2021.04.07.<\/a><\/li>\n<li><a href=\"https:\/\/www.facebook.com\/KDRIU.CTRIA\/posts\/4343666075693612\" target=\"_blank\" rel=\"noopener\">Bemutatkoznak az #eDigiStars #INFODAY el\u0151ad\u00f3i &#8211; #5 &#8211; 2021.04.08.<\/a><\/li>\n<li><a href=\"https:\/\/www.facebook.com\/KDRIU.CTRIA\/posts\/4346968665363353\" target=\"_blank\" rel=\"noopener\">Bemutatkoznak az #eDigiStars #INFODAY el\u0151ad\u00f3i &#8211; #6 &#8211; 2021.04.09.<\/a><\/li>\n<li><a href=\"https:\/\/www.facebook.com\/KDRIU.CTRIA\/posts\/4360331464027073\" target=\"_blank\" rel=\"noopener\">K\u00f6zel 80 r\u00e9sztvev\u0151 tisztelt meg ma minket figyelm\u00e9vel &#8211; 2021.04.13.<\/a><\/li>\n<li><a href=\"https:\/\/www.facebook.com\/KDRIU.CTRIA\/posts\/4387482014645351\" target=\"_blank\" rel=\"noopener\">Tanulni sohasem k\u00e9s\u0151! &#8211; 2021.04.22.<\/a><\/li>\n<li><a href=\"https:\/\/www.facebook.com\/watch\/?v=346116910263913\" target=\"_blank\" rel=\"noopener\"> Egy j\u00f3 gyakorlat Ausztri\u00e1b\u00f3l &#8211; 2021.05.13.<\/a><\/li>\n<li><a href=\"https:\/\/www.facebook.com\/watch\/?v=203780034918197\" target=\"_blank\" rel=\"noopener\">Digitaliz\u00e1ci\u00f3 (vide\u00f3) &#8211; 2021.05.19.<\/a><\/li>\n<li><a href=\"https:\/\/www.facebook.com\/KDRIU.CTRIA\/posts\/4481220268604858\" target=\"_blank\" rel=\"noopener\">M\u00e1sodik tan\u00e1csad\u00f3i csoport\u00fcl\u00e9s &#8211; 2021.05.21.<\/a><\/li>\n<li><a href=\"https:\/\/www.facebook.com\/KDRIU.CTRIA\/posts\/4501836863209865\" target=\"_blank\" rel=\"noopener\">K\u00f6vetkez\u0151 l\u00e9p\u00e9sek az eDigiStars projektben! &#8211; 2021.05.27.<\/a><\/li>\n<li><a href=\"https:\/\/www.facebook.com\/KDRIU.CTRIA\/posts\/4712545412139008\" target=\"_blank\" rel=\"noopener\">Digit\u00e1lis szeml\u00e9letform\u00e1l\u00e1s (vide\u00f3) &#8211; 2021.08.06.<\/a><\/li>\n<li><a href=\"https:\/\/www.facebook.com\/KDRIU.CTRIA\/posts\/4734919073234975\" target=\"_blank\" rel=\"noopener\">\u00dajabb m\u00e9rf\u00f6ldk\u0151 el\u0151tt&#8230; &#8211; 2021.08.13.<\/a><\/li>\n<li><a href=\"https:\/\/www.facebook.com\/KDRIU.CTRIA\/posts\/4744069625653253\" target=\"_blank\" rel=\"noopener\">Digitaliz\u00e1ci\u00f3 50 \u00e9v felett &#8211; 2021.08.16.<\/a><\/li>\n<li><a href=\"https:\/\/www.facebook.com\/KDRIU.CTRIA\/posts\/4747182582008624\" target=\"_blank\" rel=\"noopener\">Mi a 3. l\u00e9p\u00e9s? &#8211; 2021.08.17.<\/a><br><\/li>\n<li><a href=\"https:\/\/www.facebook.com\/KDRIU.CTRIA\/posts\/4750448591682023\" target=\"_blank\" rel=\"noopener\">\u0150sszel indul az \u00e9les tesztel\u00e9s &#8211; 2021.08.18.<\/a><br><\/li>\n<li>\n<div style=\"overflow-wrap: break-word; margin: 0px; white-space: pre-wrap; font-family: &quot;Segoe UI Historic&quot;, &quot;Segoe UI&quot;, Helvetica, Arial, sans-serif; color: rgb(5, 5, 5); font-size: 15px;\"><div dir=\"auto\" style=\"font-family: inherit;\"><a href=\"https:\/\/www.facebook.com\/KDRIU.CTRIA\/posts\/4811055318954683\" target=\"_blank\" rel=\"noopener\">A &#8222;baby boomerek&#8221; lesznek az els\u0151 nyugd\u00edjasok a digit\u00e1lis korszakban &#8211; 2021.09.06<\/a>.<\/div><\/div>\n<\/li>\n<li>\n<div dir=\"auto\" style=\"font-family: inherit;\"><a href=\"https:\/\/www.facebook.com\/KDRIU.CTRIA\/posts\/4837099403016941\" target=\"_blank\" rel=\"noopener\">A demogr\u00e1fiai el\u00f6reged\u00e9s &#8211; 2021.09.14.<\/a><br><\/div>\n<\/li>\n<li>\n<div dir=\"auto\" style=\"font-family: inherit;\"><a href=\"https:\/\/www.facebook.com\/KDRIU.CTRIA\/posts\/4895710240489190\" target=\"_blank\" rel=\"noopener\">INGYENES workshop 50 \u00e9v felettiek digit\u00e1lis tud\u00e1sszerz\u00e9s\u00e9r\u0151l &#8211; 2021.10.01.<\/a><br><\/div>\n<\/li>\n<li>\n<div dir=\"auto\" style=\"font-family: inherit;\"><a href=\"https:\/\/www.facebook.com\/KDRIU.CTRIA\/posts\/4905527539507460\" target=\"_blank\" rel=\"noopener\">Elk\u00e9sz\u00fcltek a k\u00e9zik\u00f6nyvek! &#8211; 2021.10.04.<\/a><br><\/div>\n<\/li>\n<li>\n<div dir=\"auto\" style=\"font-family: inherit;\"><a href=\"https:\/\/www.facebook.com\/KDRIU.CTRIA\/posts\/4930614553665425\" target=\"_blank\" rel=\"noopener\">INGYENES munkaER\u0150 4.0 WORKSHOP &#8211; 2021.10.12.<\/a><\/div>\n<\/li>\n<\/ul><\/div>\n\t\t\t\t<\/div>\n\t\t\t\t\t\t\t\t<\/div>\n\t\t\t\t\t\t<\/div>\n\t\t\t\t<\/div>\n\t\t\t\t\t<\/div>\n\t\t<\/div>\n\t\t\t\t\t<\/div>\n\t\t<\/section>\n\t\t\t\t\t<\/div>\n\t\t<\/div>\n\t\t\t\t\t<\/div>\n\t\t<\/section>\n\t\t\t\t<\/div>","protected":false},"excerpt":{"rendered":"<p>eDigiStars Az eDigiStars a magyarorsz\u00e1gi Innoskart V\u00e1llalkoz\u00e1sfejleszt\u00e9si K\u00f6zpont vezet\u00e9s\u00e9vel 2020. j\u00falius 1-j\u00e9n a Duna Transznacion\u00e1lis Egy\u00fcttm\u0171k\u00f6d\u00e9si Program keretein bel\u00fcl indult el. A projekt c\u00e9lja az 50 \u00e9v feletti korcsoport digit\u00e1lis k\u00e9pess\u00e9geinek fejleszt\u00e9se annak \u00e9rdek\u00e9ben, hogy seg\u00edtse a koroszt\u00e1ly munkaer\u0151piaci reintegr\u00e1l\u00e1s\u00e1t \u00e9s v\u00e1laszt adjon a piacon jelen l\u00e9v\u0151 ig\u00e9nyre a digit\u00e1lis\/informatikai szaktud\u00e1sra a Duna r\u00e9gi\u00f3 orsz\u00e1gaiban. [&hellip;]<\/p>\n","protected":false},"author":1,"featured_media":0,"parent":0,"menu_order":0,"comment_status":"closed","ping_status":"closed","template":"","meta":{"site-sidebar-layout":"no-sidebar","site-content-layout":"page-builder","ast-site-content-layout":"default","site-content-style":"default","site-sidebar-style":"default","ast-global-header-display":"","ast-banner-title-visibility":"","ast-main-header-display":"","ast-hfb-above-header-display":"","ast-hfb-below-header-display":"","ast-hfb-mobile-header-display":"","site-post-title":"disabled","ast-breadcrumbs-content":"","ast-featured-img":"disabled","footer-sml-layout":"","ast-disable-related-posts":"","theme-transparent-header-meta":"default","adv-header-id-meta":"","stick-header-meta":"","header-above-stick-meta":"","header-main-stick-meta":"","header-below-stick-meta":"","astra-migrate-meta-layouts":"default","ast-page-background-enabled":"default","ast-page-background-meta":{"desktop":{"background-color":"","background-image":"","background-repeat":"repeat","background-position":"center center","background-size":"auto","background-attachment":"scroll","background-type":"","background-media":"","overlay-type":"","overlay-color":"","overlay-opacity":"","overlay-gradient":""},"tablet":{"background-color":"","background-image":"","background-repeat":"repeat","background-position":"center center","background-size":"auto","background-attachment":"scroll","background-type":"","background-media":"","overlay-type":"","overlay-color":"","overlay-opacity":"","overlay-gradient":""},"mobile":{"background-color":"","background-image":"","background-repeat":"repeat","background-position":"center center","background-size":"auto","background-attachment":"scroll","background-type":"","background-media":"","overlay-type":"","overlay-color":"","overlay-opacity":"","overlay-gradient":""}},"ast-content-background-meta":{"desktop":{"background-color":"var(--ast-global-color-5)","background-image":"","background-repeat":"repeat","background-position":"center center","background-size":"auto","background-attachment":"scroll","background-type":"","background-media":"","overlay-type":"","overlay-color":"","overlay-opacity":"","overlay-gradient":""},"tablet":{"background-color":"var(--ast-global-color-5)","background-image":"","background-repeat":"repeat","background-position":"center center","background-size":"auto","background-attachment":"scroll","background-type":"","background-media":"","overlay-type":"","overlay-color":"","overlay-opacity":"","overlay-gradient":""},"mobile":{"background-color":"var(--ast-global-color-5)","background-image":"","background-repeat":"repeat","background-position":"center center","background-size":"auto","background-attachment":"scroll","background-type":"","background-media":"","overlay-type":"","overlay-color":"","overlay-opacity":"","overlay-gradient":""}},"footnotes":""},"class_list":["post-3439","page","type-page","status-publish","hentry"],"_links":{"self":[{"href":"https:\/\/www.kdriu.hu\/en\/wp-json\/wp\/v2\/pages\/3439","targetHints":{"allow":["GET"]}}],"collection":[{"href":"https:\/\/www.kdriu.hu\/en\/wp-json\/wp\/v2\/pages"}],"about":[{"href":"https:\/\/www.kdriu.hu\/en\/wp-json\/wp\/v2\/types\/page"}],"author":[{"embeddable":true,"href":"https:\/\/www.kdriu.hu\/en\/wp-json\/wp\/v2\/users\/1"}],"replies":[{"embeddable":true,"href":"https:\/\/www.kdriu.hu\/en\/wp-json\/wp\/v2\/comments?post=3439"}],"version-history":[{"count":43,"href":"https:\/\/www.kdriu.hu\/en\/wp-json\/wp\/v2\/pages\/3439\/revisions"}],"predecessor-version":[{"id":5908,"href":"https:\/\/www.kdriu.hu\/en\/wp-json\/wp\/v2\/pages\/3439\/revisions\/5908"}],"wp:attachment":[{"href":"https:\/\/www.kdriu.hu\/en\/wp-json\/wp\/v2\/media?parent=3439"}],"curies":[{"name":"wp","href":"https:\/\/api.w.org\/{rel}","templated":true}]}}