{"id":3551,"date":"2021-05-07T08:32:01","date_gmt":"2021-05-07T08:32:01","guid":{"rendered":"http:\/\/www.kdriu.hu\/?page_id=3551"},"modified":"2022-01-17T12:23:10","modified_gmt":"2022-01-17T12:23:10","slug":"erasmusplus","status":"publish","type":"page","link":"https:\/\/www.kdriu.hu\/en\/erasmusplus\/","title":{"rendered":"Erasmus+"},"content":{"rendered":"<div data-elementor-type=\"wp-page\" data-elementor-id=\"3551\" class=\"elementor elementor-3551\" data-elementor-post-type=\"page\">\n\t\t\t\t\t\t<section class=\"elementor-section elementor-top-section elementor-element elementor-element-328c5fc elementor-section-stretched elementor-section-height-min-height elementor-section-boxed elementor-section-height-default elementor-section-items-middle elementor-invisible\" data-id=\"328c5fc\" data-element_type=\"section\" data-e-type=\"section\" data-settings=\"{&quot;background_background&quot;:&quot;classic&quot;,&quot;stretch_section&quot;:&quot;section-stretched&quot;,&quot;animation&quot;:&quot;fadeIn&quot;}\">\n\t\t\t\t\t\t\t<div class=\"elementor-background-overlay\"><\/div>\n\t\t\t\t\t\t\t<div class=\"elementor-container elementor-column-gap-no\">\n\t\t\t\t\t<div class=\"elementor-column elementor-col-100 elementor-top-column elementor-element elementor-element-85b87bf\" data-id=\"85b87bf\" data-element_type=\"column\" data-e-type=\"column\">\n\t\t\t<div class=\"elementor-widget-wrap elementor-element-populated\">\n\t\t\t\t\t\t<div class=\"elementor-element elementor-element-966e7c4 elementor-widget elementor-widget-spacer\" data-id=\"966e7c4\" data-element_type=\"widget\" data-e-type=\"widget\" data-widget_type=\"spacer.default\">\n\t\t\t\t<div class=\"elementor-widget-container\">\n\t\t\t\t\t\t\t<div class=\"elementor-spacer\">\n\t\t\t<div class=\"elementor-spacer-inner\"><\/div>\n\t\t<\/div>\n\t\t\t\t\t\t<\/div>\n\t\t\t\t<\/div>\n\t\t\t\t<div class=\"elementor-element elementor-element-29dea07 elementor-widget elementor-widget-heading\" data-id=\"29dea07\" data-element_type=\"widget\" data-e-type=\"widget\" data-widget_type=\"heading.default\">\n\t\t\t\t<div class=\"elementor-widget-container\">\n\t\t\t\t\t<h1 class=\"elementor-heading-title elementor-size-default\">Empowered Women for Rural Development | Erasmus+<\/h1>\t\t\t\t<\/div>\n\t\t\t\t<\/div>\n\t\t\t\t\t<\/div>\n\t\t<\/div>\n\t\t\t\t\t<\/div>\n\t\t<\/section>\n\t\t\t\t<section class=\"elementor-section elementor-top-section elementor-element elementor-element-a7e23ab elementor-section-stretched elementor-section-boxed elementor-section-height-default elementor-section-height-default\" data-id=\"a7e23ab\" data-element_type=\"section\" data-e-type=\"section\" data-settings=\"{&quot;stretch_section&quot;:&quot;section-stretched&quot;,&quot;background_background&quot;:&quot;classic&quot;}\">\n\t\t\t\t\t\t<div class=\"elementor-container elementor-column-gap-no\">\n\t\t\t\t\t<div class=\"elementor-column elementor-col-100 elementor-top-column elementor-element elementor-element-8188242\" data-id=\"8188242\" data-element_type=\"column\" data-e-type=\"column\">\n\t\t\t<div class=\"elementor-widget-wrap elementor-element-populated\">\n\t\t\t\t\t\t<section class=\"elementor-section elementor-inner-section elementor-element elementor-element-815c0d4 elementor-section-boxed elementor-section-height-default elementor-section-height-default\" data-id=\"815c0d4\" data-element_type=\"section\" data-e-type=\"section\">\n\t\t\t\t\t\t<div class=\"elementor-container elementor-column-gap-default\">\n\t\t\t\t\t<div class=\"elementor-column elementor-col-100 elementor-inner-column elementor-element elementor-element-a2a7dd4\" data-id=\"a2a7dd4\" data-element_type=\"column\" data-e-type=\"column\" data-settings=\"{&quot;background_background&quot;:&quot;classic&quot;}\">\n\t\t\t<div class=\"elementor-widget-wrap elementor-element-populated\">\n\t\t\t\t\t\t<div class=\"elementor-element elementor-element-4720d6a elementor-widget elementor-widget-text-editor\" data-id=\"4720d6a\" data-element_type=\"widget\" data-e-type=\"widget\" data-widget_type=\"text-editor.default\">\n\t\t\t\t<div class=\"elementor-widget-container\">\n\t\t\t\t\t\t\t\t\t<p>Central-Transdanubian Regional Innovation Agency have been participating in the project titled Empowered Women for Rural Development <a href=\"https:\/\/ec.europa.eu\/programmes\/erasmus-plus\/\" target=\"_blank\" rel=\"noopener\">Erasmus+<\/a> since 1th of September 2020 as coordinator. This project aims to educate educators and equip leaders in isolated and rural areas with skills and knowledge to address low economic and development activitiy in those areas and to provide them with good practices in partnering countries in order to learn how to develop economic activities and sustain it with regards to ecology, finances and other resources. We will organize two international trainings and study visits for educators and equip leaders. Based on the Italian and Lithuanian experiences and lessons learned in the final phase of the project we strive to make participants aware of, apply and adapt what they have learned abroad.<\/p><p>Duration of the project: 1th September 2020 \u2013 28th February 2022<\/p>\t\t\t\t\t\t\t\t<\/div>\n\t\t\t\t<\/div>\n\t\t\t\t<div class=\"elementor-element elementor-element-2b9489b elementor-widget elementor-widget-heading\" data-id=\"2b9489b\" data-element_type=\"widget\" data-e-type=\"widget\" data-widget_type=\"heading.default\">\n\t\t\t\t<div class=\"elementor-widget-container\">\n\t\t\t\t\t<h4 class=\"elementor-heading-title elementor-size-default\">Project partners:<\/h4>\t\t\t\t<\/div>\n\t\t\t\t<\/div>\n\t\t\t\t<div class=\"elementor-element elementor-element-0546ced elementor-widget elementor-widget-text-editor\" data-id=\"0546ced\" data-element_type=\"widget\" data-e-type=\"widget\" data-widget_type=\"text-editor.default\">\n\t\t\t\t<div class=\"elementor-widget-container\">\n\t\t\t\t\t\t\t\t\t<ul><li>Promimpresa SRL (Italy)<\/li><li>Balkan Agency for Sustainable Development (Bulgaria)<\/li><li>Efektas Group (Lithunia)<\/li><li>Necmettin Erbakan University (Turkey)<\/li><li>Innovation, Entrepreneurship and Technologies of Information and Communication Association (Spain)<\/li><li>Central Transdanubian Regional Innovation Agency (Hungary)<\/li><\/ul>\t\t\t\t\t\t\t\t<\/div>\n\t\t\t\t<\/div>\n\t\t\t\t<div class=\"elementor-element elementor-element-8eaeb34 elementor-widget elementor-widget-heading\" data-id=\"8eaeb34\" data-element_type=\"widget\" data-e-type=\"widget\" data-widget_type=\"heading.default\">\n\t\t\t\t<div class=\"elementor-widget-container\">\n\t\t\t\t\t<h4 class=\"elementor-heading-title elementor-size-default\">More information on the project website:<\/h4>\t\t\t\t<\/div>\n\t\t\t\t<\/div>\n\t\t\t\t<div class=\"elementor-element elementor-element-6546bbd elementor-widget elementor-widget-text-editor\" data-id=\"6546bbd\" data-element_type=\"widget\" data-e-type=\"widget\" data-widget_type=\"text-editor.default\">\n\t\t\t\t<div class=\"elementor-widget-container\">\n\t\t\t\t\t\t\t\t\t<p><a href=\"https:\/\/ew4rd-erasmusplus.eu\" target=\"_blank\" rel=\"noopener\">https:\/\/ew4rd-erasmusplus.eu<\/a><\/p>\t\t\t\t\t\t\t\t<\/div>\n\t\t\t\t<\/div>\n\t\t\t\t<div class=\"elementor-element elementor-element-933d903 elementor-widget elementor-widget-toggle\" data-id=\"933d903\" data-element_type=\"widget\" data-e-type=\"widget\" data-widget_type=\"toggle.default\">\n\t\t\t\t<div class=\"elementor-widget-container\">\n\t\t\t\t\t\t\t<div class=\"elementor-toggle\">\n\t\t\t\t\t\t\t<div class=\"elementor-toggle-item\">\n\t\t\t\t\t<div id=\"elementor-tab-title-1541\" class=\"elementor-tab-title\" data-tab=\"1\" role=\"button\" aria-controls=\"elementor-tab-content-1541\" aria-expanded=\"false\">\n\t\t\t\t\t\t\t\t\t\t\t\t<span class=\"elementor-toggle-icon elementor-toggle-icon-left\" aria-hidden=\"true\">\n\t\t\t\t\t\t\t\t\t\t\t\t\t\t\t<span class=\"elementor-toggle-icon-closed\"><i class=\"fas fa-caret-right\"><\/i><\/span>\n\t\t\t\t\t\t\t\t<span class=\"elementor-toggle-icon-opened\"><i class=\"elementor-toggle-icon-opened fas fa-caret-up\"><\/i><\/span>\n\t\t\t\t\t\t\t\t\t\t\t\t\t<\/span>\n\t\t\t\t\t\t\t\t\t\t\t\t<a class=\"elementor-toggle-title\" tabindex=\"0\">More news and posts about the project:<\/a>\n\t\t\t\t\t<\/div>\n\n\t\t\t\t\t<div id=\"elementor-tab-content-1541\" class=\"elementor-tab-content elementor-clearfix\" data-tab=\"1\" role=\"region\" aria-labelledby=\"elementor-tab-title-1541\"><ul>\n<li><a href=\"https:\/\/www.facebook.com\/KDRIU.CTRIA\/posts\/4226999280693626\" target=\"_blank\" rel=\"noopener\">Elk\u00e9sz\u00fclt az Empowered Woman For Rural Development (Eramus+) projekt\u00fcnk honlapja &#8211; 2021.03.01.<\/a><\/li>\n<li><a href=\"https:\/\/www.facebook.com\/KDRIU.CTRIA\/posts\/4390355117691374\" target=\"_blank\" rel=\"noopener\">N\u0151k szerep\u00e9nek meger\u0151s\u00edt\u00e9se &#8211; 2021.04.23.<\/a><\/li>\n<li><a href=\"https:\/\/www.facebook.com\/KDRIU.CTRIA\/posts\/4471727959554089\" target=\"_blank\" rel=\"noopener\">Ki\u00e1ltv\u00e1ny a 21. sz\u00e1zadi feln\u0151tt oktat\u00e1sr\u00f3l &#8211; 2021.05.18.<\/a><\/li>\n<li><a href=\"https:\/\/www.facebook.com\/KDRIU.CTRIA\/posts\/4597639813629569\" target=\"_blank\" rel=\"noopener\">A tiszaburai varroda (vide\u00f3) &#8211; 2021.06.28.<\/a><\/li>\n<li><a href=\"https:\/\/www.facebook.com\/KDRIU.CTRIA\/posts\/4658245207569029\" target=\"_blank\" rel=\"noopener\">A S\u00e1rkereszt\u00fari Hangy\u00e1k &#8211; A Mez\u0151f\u00f6ld java &#8211; 2021.07.19.<\/a><\/li>\n<li><a href=\"https:\/\/www.facebook.com\/KDRIU.CTRIA\/posts\/4721988214528061\" target=\"_blank\" rel=\"noopener\">Az inform\u00e1ci\u00f3 \u00e9rt\u00e9k &#8211; 2021.08.09.<\/a><\/li>\n<li><a href=\"https:\/\/www.facebook.com\/KDRIU.CTRIA\/posts\/4882286595164888\" target=\"_blank\" rel=\"noopener\">Vid\u00e9ki n\u0151k szerepe a mez\u0151gazdas\u00e1gban &#8211; 2021.09.27.<\/a><br><\/li>\n<li><a href=\"https:\/\/www.facebook.com\/KDRIU.CTRIA\/posts\/4885900814803466\" target=\"_blank\" rel=\"noopener\">N\u0151i v\u00e1llalkoz\u00f3k vid\u00e9ken \u2013 P\u00e1ly\u00e1zz INGYENES olaszorsz\u00e1gi k\u00e9pz\u00e9s\u00fcnkre &#8211; 2021.09.28.<\/a><\/li>\n<li><a href=\"https:\/\/www.facebook.com\/KDRIU.CTRIA\/posts\/4905646639495550\" target=\"_blank\" rel=\"noopener\">N\u0151i v\u00e1llalkoz\u00f3k vid\u00e9ken \u2013 P\u00e1ly\u00e1zz INGYENES olaszorsz\u00e1gi k\u00e9pz\u00e9s\u00fcnkre &#8211; 2021.10.04.<\/a><\/li>\n<\/ul><\/div>\n\t\t\t\t<\/div>\n\t\t\t\t\t\t\t\t<\/div>\n\t\t\t\t\t\t<\/div>\n\t\t\t\t<\/div>\n\t\t\t\t\t<\/div>\n\t\t<\/div>\n\t\t\t\t\t<\/div>\n\t\t<\/section>\n\t\t\t\t\t<\/div>\n\t\t<\/div>\n\t\t\t\t\t<\/div>\n\t\t<\/section>\n\t\t\t\t<\/div>","protected":false},"excerpt":{"rendered":"<p>Empowered Women for Rural Development | Erasmus+ A K\u00f6z\u00e9p-dun\u00e1nt\u00fali Region\u00e1lis Innov\u00e1ci\u00f3s \u00dcgyn\u00f6ks\u00e9g koordin\u00e1tork\u00e9nt vesz r\u00e9sz r\u00e9szt a 2020. szeptember 1-\u00e9n indult Empowered Women for Rural Development c\u00edm\u0171 Erasmus+ projektben. Az olasz, spanyol, litv\u00e1n, t\u00f6r\u00f6k \u00e9s bolg\u00e1r partnerekkel megval\u00f3sul\u00f3 projekt c\u00e9lja a vid\u00e9ki t\u00e9rs\u00e9gekben \u00e9l\u0151 n\u0151k \u00e9s v\u00e1llalkoz\u00e1saik tev\u00e9kenys\u00e9g\u00e9nek \u00f6szt\u00f6nz\u00e9se. A projektben azok a szervezetek jutnak [&hellip;]<\/p>\n","protected":false},"author":1,"featured_media":0,"parent":0,"menu_order":0,"comment_status":"closed","ping_status":"closed","template":"","meta":{"site-sidebar-layout":"no-sidebar","site-content-layout":"page-builder","ast-site-content-layout":"default","site-content-style":"default","site-sidebar-style":"default","ast-global-header-display":"","ast-banner-title-visibility":"","ast-main-header-display":"","ast-hfb-above-header-display":"","ast-hfb-below-header-display":"","ast-hfb-mobile-header-display":"","site-post-title":"disabled","ast-breadcrumbs-content":"","ast-featured-img":"disabled","footer-sml-layout":"","ast-disable-related-posts":"","theme-transparent-header-meta":"default","adv-header-id-meta":"","stick-header-meta":"","header-above-stick-meta":"","header-main-stick-meta":"","header-below-stick-meta":"","astra-migrate-meta-layouts":"default","ast-page-background-enabled":"default","ast-page-background-meta":{"desktop":{"background-color":"","background-image":"","background-repeat":"repeat","background-position":"center center","background-size":"auto","background-attachment":"scroll","background-type":"","background-media":"","overlay-type":"","overlay-color":"","overlay-opacity":"","overlay-gradient":""},"tablet":{"background-color":"","background-image":"","background-repeat":"repeat","background-position":"center center","background-size":"auto","background-attachment":"scroll","background-type":"","background-media":"","overlay-type":"","overlay-color":"","overlay-opacity":"","overlay-gradient":""},"mobile":{"background-color":"","background-image":"","background-repeat":"repeat","background-position":"center center","background-size":"auto","background-attachment":"scroll","background-type":"","background-media":"","overlay-type":"","overlay-color":"","overlay-opacity":"","overlay-gradient":""}},"ast-content-background-meta":{"desktop":{"background-color":"var(--ast-global-color-5)","background-image":"","background-repeat":"repeat","background-position":"center center","background-size":"auto","background-attachment":"scroll","background-type":"","background-media":"","overlay-type":"","overlay-color":"","overlay-opacity":"","overlay-gradient":""},"tablet":{"background-color":"var(--ast-global-color-5)","background-image":"","background-repeat":"repeat","background-position":"center center","background-size":"auto","background-attachment":"scroll","background-type":"","background-media":"","overlay-type":"","overlay-color":"","overlay-opacity":"","overlay-gradient":""},"mobile":{"background-color":"var(--ast-global-color-5)","background-image":"","background-repeat":"repeat","background-position":"center center","background-size":"auto","background-attachment":"scroll","background-type":"","background-media":"","overlay-type":"","overlay-color":"","overlay-opacity":"","overlay-gradient":""}},"footnotes":""},"class_list":["post-3551","page","type-page","status-publish","hentry"],"_links":{"self":[{"href":"https:\/\/www.kdriu.hu\/en\/wp-json\/wp\/v2\/pages\/3551","targetHints":{"allow":["GET"]}}],"collection":[{"href":"https:\/\/www.kdriu.hu\/en\/wp-json\/wp\/v2\/pages"}],"about":[{"href":"https:\/\/www.kdriu.hu\/en\/wp-json\/wp\/v2\/types\/page"}],"author":[{"embeddable":true,"href":"https:\/\/www.kdriu.hu\/en\/wp-json\/wp\/v2\/users\/1"}],"replies":[{"embeddable":true,"href":"https:\/\/www.kdriu.hu\/en\/wp-json\/wp\/v2\/comments?post=3551"}],"version-history":[{"count":40,"href":"https:\/\/www.kdriu.hu\/en\/wp-json\/wp\/v2\/pages\/3551\/revisions"}],"predecessor-version":[{"id":6016,"href":"https:\/\/www.kdriu.hu\/en\/wp-json\/wp\/v2\/pages\/3551\/revisions\/6016"}],"wp:attachment":[{"href":"https:\/\/www.kdriu.hu\/en\/wp-json\/wp\/v2\/media?parent=3551"}],"curies":[{"name":"wp","href":"https:\/\/api.w.org\/{rel}","templated":true}]}}