{"id":3605,"date":"2021-05-07T09:29:44","date_gmt":"2021-05-07T09:29:44","guid":{"rendered":"http:\/\/www.kdriu.hu\/?page_id=3605"},"modified":"2021-05-07T09:38:51","modified_gmt":"2021-05-07T09:38:51","slug":"ppi2innovate","status":"publish","type":"page","link":"https:\/\/www.kdriu.hu\/en\/ppi2innovate\/","title":{"rendered":"PPI2Innovate"},"content":{"rendered":"<div data-elementor-type=\"wp-page\" data-elementor-id=\"3605\" class=\"elementor elementor-3605\" data-elementor-post-type=\"page\">\n\t\t\t\t\t\t<section class=\"elementor-section elementor-top-section elementor-element elementor-element-de8e902 elementor-section-stretched elementor-section-height-min-height elementor-section-boxed elementor-section-height-default elementor-section-items-middle elementor-invisible\" data-id=\"de8e902\" data-element_type=\"section\" data-e-type=\"section\" data-settings=\"{&quot;background_background&quot;:&quot;classic&quot;,&quot;stretch_section&quot;:&quot;section-stretched&quot;,&quot;animation&quot;:&quot;fadeIn&quot;}\">\n\t\t\t\t\t\t\t<div class=\"elementor-background-overlay\"><\/div>\n\t\t\t\t\t\t\t<div class=\"elementor-container elementor-column-gap-no\">\n\t\t\t\t\t<div class=\"elementor-column elementor-col-100 elementor-top-column elementor-element elementor-element-9b4295d\" data-id=\"9b4295d\" data-element_type=\"column\" data-e-type=\"column\">\n\t\t\t<div class=\"elementor-widget-wrap elementor-element-populated\">\n\t\t\t\t\t\t<div class=\"elementor-element elementor-element-3347ace elementor-widget elementor-widget-spacer\" data-id=\"3347ace\" data-element_type=\"widget\" data-e-type=\"widget\" data-widget_type=\"spacer.default\">\n\t\t\t\t<div class=\"elementor-widget-container\">\n\t\t\t\t\t\t\t<div class=\"elementor-spacer\">\n\t\t\t<div class=\"elementor-spacer-inner\"><\/div>\n\t\t<\/div>\n\t\t\t\t\t\t<\/div>\n\t\t\t\t<\/div>\n\t\t\t\t<div class=\"elementor-element elementor-element-45a5add elementor-widget elementor-widget-heading\" data-id=\"45a5add\" data-element_type=\"widget\" data-e-type=\"widget\" data-widget_type=\"heading.default\">\n\t\t\t\t<div class=\"elementor-widget-container\">\n\t\t\t\t\t<h1 class=\"elementor-heading-title elementor-size-default\">PPI2Innovate<\/h1>\t\t\t\t<\/div>\n\t\t\t\t<\/div>\n\t\t\t\t\t<\/div>\n\t\t<\/div>\n\t\t\t\t\t<\/div>\n\t\t<\/section>\n\t\t\t\t<section class=\"elementor-section elementor-top-section elementor-element elementor-element-fc52aed elementor-section-stretched elementor-section-boxed elementor-section-height-default elementor-section-height-default\" data-id=\"fc52aed\" data-element_type=\"section\" data-e-type=\"section\" data-settings=\"{&quot;stretch_section&quot;:&quot;section-stretched&quot;,&quot;background_background&quot;:&quot;classic&quot;}\">\n\t\t\t\t\t\t<div class=\"elementor-container elementor-column-gap-no\">\n\t\t\t\t\t<div class=\"elementor-column elementor-col-100 elementor-top-column elementor-element elementor-element-2d03640\" data-id=\"2d03640\" data-element_type=\"column\" data-e-type=\"column\">\n\t\t\t<div class=\"elementor-widget-wrap elementor-element-populated\">\n\t\t\t\t\t\t<section class=\"elementor-section elementor-inner-section elementor-element elementor-element-53cb490 elementor-section-boxed elementor-section-height-default elementor-section-height-default\" data-id=\"53cb490\" data-element_type=\"section\" data-e-type=\"section\">\n\t\t\t\t\t\t<div class=\"elementor-container elementor-column-gap-default\">\n\t\t\t\t\t<div class=\"elementor-column elementor-col-100 elementor-inner-column elementor-element elementor-element-36b9629\" data-id=\"36b9629\" data-element_type=\"column\" data-e-type=\"column\" data-settings=\"{&quot;background_background&quot;:&quot;classic&quot;}\">\n\t\t\t<div class=\"elementor-widget-wrap elementor-element-populated\">\n\t\t\t\t\t\t<div class=\"elementor-element elementor-element-16d1523 elementor-widget elementor-widget-text-editor\" data-id=\"16d1523\" data-element_type=\"widget\" data-e-type=\"widget\" data-widget_type=\"text-editor.default\">\n\t\t\t\t<div class=\"elementor-widget-container\">\n\t\t\t\t\t\t\t\t\t<p>On 1 June 2016, the Central Transdanubian Regional Innovation Agency launched its PPI2Innovate project under the INTERREG CE Program. The aim of the project is to widen the scope of Public Procurement of Innovation (PPI) in Central Europe.<\/p><p>We intend to achieve the goals of the project by supporting the integration of innovations (products or services) in the procurement system before or at the beginning of their entering the market. The project, implemented with the Hungarian Lead Partner (Central Transdanubian Regional Innovation Agency), promotes the dissemination of the PPI approach, the establishment of implementation framework, and the building of national competence centres. Our agency supports the cooperation of innovative entrepreneurs and domestic public procurers. Through innovative public procurement, the cooperating parties can reach the market for innovative products and large-scale production, as well as higher and better quality public services provided by the public procurer.<\/p><p>The project partners are innovation, development agencies, innovation intermediary organizations, as well as municipalities and ministries at different territorial levels in Hungary, Italy, the Czech Republic, Slovenia, Poland and Croatia.<\/p>\t\t\t\t\t\t\t\t<\/div>\n\t\t\t\t<\/div>\n\t\t\t\t<div class=\"elementor-element elementor-element-35ab123 elementor-widget elementor-widget-heading\" data-id=\"35ab123\" data-element_type=\"widget\" data-e-type=\"widget\" data-widget_type=\"heading.default\">\n\t\t\t\t<div class=\"elementor-widget-container\">\n\t\t\t\t\t<h4 class=\"elementor-heading-title elementor-size-default\">The following partners are involved in the implementation of the project:<\/h4>\t\t\t\t<\/div>\n\t\t\t\t<\/div>\n\t\t\t\t<div class=\"elementor-element elementor-element-5f40fef elementor-widget elementor-widget-text-editor\" data-id=\"5f40fef\" data-element_type=\"widget\" data-e-type=\"widget\" data-widget_type=\"text-editor.default\">\n\t\t\t\t<div class=\"elementor-widget-container\">\n\t\t\t\t\t\t\t\t\t<ul><li>Czech Republic - DEX Innovation Centre<\/li><li>Slovenia \u2013 Ministry of Public Administration<\/li><li>Slovenia \u2013 ICT Technology Network Institute<\/li><li>Poland - Municipality of Lublin<\/li><li>Poland \u2013 Rzeszow Regional Development Agency<\/li><li>Hungary - Central-transdanubian Regional Innovation Agency<\/li><li>Hungary - Somogy County Municipality<\/li><li>Croatia - Croation Agency for SMEs, Innovations and Investments<\/li><li>Italy \u2013 University of Turin<\/li><li>Italy - Piemonte Region<\/li><\/ul>\t\t\t\t\t\t\t\t<\/div>\n\t\t\t\t<\/div>\n\t\t\t\t<div class=\"elementor-element elementor-element-8b7373c elementor-widget elementor-widget-heading\" data-id=\"8b7373c\" data-element_type=\"widget\" data-e-type=\"widget\" data-widget_type=\"heading.default\">\n\t\t\t\t<div class=\"elementor-widget-container\">\n\t\t\t\t\t<h4 class=\"elementor-heading-title elementor-size-default\">More information about the project can be found on the official website:<\/h4>\t\t\t\t<\/div>\n\t\t\t\t<\/div>\n\t\t\t\t<div class=\"elementor-element elementor-element-f1f40c4 elementor-widget elementor-widget-text-editor\" data-id=\"f1f40c4\" data-element_type=\"widget\" data-e-type=\"widget\" data-widget_type=\"text-editor.default\">\n\t\t\t\t<div class=\"elementor-widget-container\">\n\t\t\t\t\t\t\t\t\t<p><a href=\"http:\/\/www.interreg-central.eu\/Content.Node\/PPI2Innovate.html\" target=\"_blank\" rel=\"noopener\">http:\/\/www.interreg-central.eu\/Content.Node\/PPI2Innovate.html<\/a><\/p>\t\t\t\t\t\t\t\t<\/div>\n\t\t\t\t<\/div>\n\t\t\t\t<div class=\"elementor-element elementor-element-2e20448 elementor-widget elementor-widget-text-editor\" data-id=\"2e20448\" data-element_type=\"widget\" data-e-type=\"widget\" data-widget_type=\"text-editor.default\">\n\t\t\t\t<div class=\"elementor-widget-container\">\n\t\t\t\t\t\t\t\t\t<p>Project implementation date: 1 June 2016 \u2013 31 May 2019<\/p>\t\t\t\t\t\t\t\t<\/div>\n\t\t\t\t<\/div>\n\t\t\t\t<div class=\"elementor-element elementor-element-8230c69 elementor-widget elementor-widget-heading\" data-id=\"8230c69\" data-element_type=\"widget\" data-e-type=\"widget\" data-widget_type=\"heading.default\">\n\t\t\t\t<div class=\"elementor-widget-container\">\n\t\t\t\t\t<h4 class=\"elementor-heading-title elementor-size-default\">A 2019.05.14-ei z\u00e1r\u00f3konferenci\u00e1n elhangzott el\u0151ad\u00e1sok itt megtekinthet\u0151ek:<\/h4>\t\t\t\t<\/div>\n\t\t\t\t<\/div>\n\t\t\t\t<div class=\"elementor-element elementor-element-05bbe19 elementor-widget elementor-widget-text-editor\" data-id=\"05bbe19\" data-element_type=\"widget\" data-e-type=\"widget\" data-widget_type=\"text-editor.default\">\n\t\t\t\t<div class=\"elementor-widget-container\">\n\t\t\t\t\t\t\t\t\t<p><a href=\"http:\/\/archiv.kdriu.hu\/files\/PPI2InnovateDays_csizmadia_i.pptx\" target=\"_blank\" rel=\"noopener\">Istv\u00e1n Csizmadia's presentation<\/a><\/p><p><a href=\"http:\/\/archiv.kdriu.hu\/files\/PPI2InnovateDays_denis_premec.pptx\" target=\"_blank\" rel=\"noopener\">Denis Premec's presentation<\/a><\/p><p><a href=\"http:\/\/archiv.kdriu.hu\/files\/PPI2InnovateDays_Gaynor_Whyles%20DRAFT%20May%202019.pptx\" target=\"_blank\" rel=\"noopener\">Gaynor Whyles's presentation<\/a><\/p><p><a href=\"http:\/\/archiv.kdriu.hu\/files\/PPI2InnovateDays_Marlene_Grauer.pptx\" target=\"_blank\" rel=\"noopener\">Marlene Grauer's presentation<\/a><\/p><p><a href=\"http:\/\/archiv.kdriu.hu\/files\/PPI2InnovateDays_Szepvolgyi_Akos.pptx\" target=\"_blank\" rel=\"noopener\">\u00c1kos Sz\u00e9pv\u00f6lgyi's presentation<\/a><\/p><p><a href=\"http:\/\/archiv.kdriu.hu\/files\/PPI2Innovate_Francesca_la_Greca_TORINO_.pptx\" target=\"_blank\" rel=\"noopener\">Francesca La Greca's presentation<\/a><\/p><p><a href=\"http:\/\/archiv.kdriu.hu\/files\/PPI2Innovate_Hubai%20%C3%81gnes.pptx\" target=\"_blank\" rel=\"noopener\">\u00c1gnes Hubai's presentation<\/a><\/p>\t\t\t\t\t\t\t\t<\/div>\n\t\t\t\t<\/div>\n\t\t\t\t<div class=\"elementor-element elementor-element-c0b97a5 elementor-widget elementor-widget-toggle\" data-id=\"c0b97a5\" data-element_type=\"widget\" data-e-type=\"widget\" data-widget_type=\"toggle.default\">\n\t\t\t\t<div class=\"elementor-widget-container\">\n\t\t\t\t\t\t\t<div class=\"elementor-toggle\">\n\t\t\t\t\t\t\t<div class=\"elementor-toggle-item\">\n\t\t\t\t\t<div id=\"elementor-tab-title-2021\" class=\"elementor-tab-title\" data-tab=\"1\" role=\"button\" aria-controls=\"elementor-tab-content-2021\" aria-expanded=\"false\">\n\t\t\t\t\t\t\t\t\t\t\t\t<span class=\"elementor-toggle-icon elementor-toggle-icon-left\" aria-hidden=\"true\">\n\t\t\t\t\t\t\t\t\t\t\t\t\t\t\t<span class=\"elementor-toggle-icon-closed\"><i class=\"fas fa-caret-right\"><\/i><\/span>\n\t\t\t\t\t\t\t\t<span class=\"elementor-toggle-icon-opened\"><i class=\"elementor-toggle-icon-opened fas fa-caret-up\"><\/i><\/span>\n\t\t\t\t\t\t\t\t\t\t\t\t\t<\/span>\n\t\t\t\t\t\t\t\t\t\t\t\t<a class=\"elementor-toggle-title\" tabindex=\"0\">More news and posts about the project:<\/a>\n\t\t\t\t\t<\/div>\n\n\t\t\t\t\t<div id=\"elementor-tab-content-2021\" class=\"elementor-tab-content elementor-clearfix\" data-tab=\"1\" role=\"region\" aria-labelledby=\"elementor-tab-title-2021\"><ul><li><a href=\"https:\/\/www.facebook.com\/KDRIU.CTRIA\/posts\/3240110796049151\" target=\"_blank\" rel=\"noopener\">Eg\u00e9szs\u00e9g\u00fcgy-fejleszt\u00e9s innovat\u00edv k\u00f6zbeszerz\u00e9ssel &#8211; 2020.03.30.<\/a><\/li><\/ul><\/div>\n\t\t\t\t<\/div>\n\t\t\t\t\t\t\t\t<\/div>\n\t\t\t\t\t\t<\/div>\n\t\t\t\t<\/div>\n\t\t\t\t<div class=\"elementor-element elementor-element-8775ec9 elementor-widget elementor-widget-text-editor\" data-id=\"8775ec9\" data-element_type=\"widget\" data-e-type=\"widget\" data-widget_type=\"text-editor.default\">\n\t\t\t\t<div class=\"elementor-widget-container\">\n\t\t\t\t\t\t\t\t\t<p>The project is funded by the Interreg Central Europe Programme, with the support of the European Regional Development Fund, co-financed by the European Union and the Hungarian State.<\/p><p>The project is co-funded by the European Union under the Interreg Central Europe Programme.<\/p>\t\t\t\t\t\t\t\t<\/div>\n\t\t\t\t<\/div>\n\t\t\t\t\t<\/div>\n\t\t<\/div>\n\t\t\t\t\t<\/div>\n\t\t<\/section>\n\t\t\t\t\t<\/div>\n\t\t<\/div>\n\t\t\t\t\t<\/div>\n\t\t<\/section>\n\t\t\t\t<\/div>","protected":false},"excerpt":{"rendered":"<p>PPI2Innovate A K\u00f6z\u00e9p-dun\u00e1nt\u00fali Region\u00e1lis Innov\u00e1ci\u00f3s \u00dcgyn\u00f6ks\u00e9g 2016. j\u00fanius 1-vel az INTERREG Central Europe Program keret\u00e9ben ind\u00edtotta el PPI2Innovate c\u00edm\u0171 projektj\u00e9t. A projekt c\u00e9lja az innov\u00e1ci\u00f3khoz kapcsol\u00f3d\u00f3 k\u00f6zbeszerz\u00e9sek (Public Procurement of Innovation \u2013 PPI) lehet\u0151s\u00e9geinek kisz\u00e9les\u00edt\u00e9se K\u00f6z\u00e9p-Eur\u00f3p\u00e1ban. A piaci bevezet\u00e9s el\u0151tt, vagy annak elej\u00e9n \u00e1ll\u00f3 innov\u00e1ci\u00f3k (term\u00e9kek vagy szolg\u00e1ltat\u00e1sok) k\u00f6zbeszerz\u00e9si rendszerbe illeszt\u00e9s\u00e9nek t\u00e1mogat\u00e1s\u00e1val k\u00edv\u00e1njuk megval\u00f3s\u00edtani a [&hellip;]<\/p>\n","protected":false},"author":1,"featured_media":0,"parent":0,"menu_order":0,"comment_status":"closed","ping_status":"closed","template":"","meta":{"site-sidebar-layout":"no-sidebar","site-content-layout":"page-builder","ast-site-content-layout":"default","site-content-style":"default","site-sidebar-style":"default","ast-global-header-display":"","ast-banner-title-visibility":"","ast-main-header-display":"","ast-hfb-above-header-display":"","ast-hfb-below-header-display":"","ast-hfb-mobile-header-display":"","site-post-title":"disabled","ast-breadcrumbs-content":"","ast-featured-img":"disabled","footer-sml-layout":"","ast-disable-related-posts":"","theme-transparent-header-meta":"default","adv-header-id-meta":"","stick-header-meta":"","header-above-stick-meta":"","header-main-stick-meta":"","header-below-stick-meta":"","astra-migrate-meta-layouts":"default","ast-page-background-enabled":"default","ast-page-background-meta":{"desktop":{"background-color":"","background-image":"","background-repeat":"repeat","background-position":"center center","background-size":"auto","background-attachment":"scroll","background-type":"","background-media":"","overlay-type":"","overlay-color":"","overlay-opacity":"","overlay-gradient":""},"tablet":{"background-color":"","background-image":"","background-repeat":"repeat","background-position":"center center","background-size":"auto","background-attachment":"scroll","background-type":"","background-media":"","overlay-type":"","overlay-color":"","overlay-opacity":"","overlay-gradient":""},"mobile":{"background-color":"","background-image":"","background-repeat":"repeat","background-position":"center center","background-size":"auto","background-attachment":"scroll","background-type":"","background-media":"","overlay-type":"","overlay-color":"","overlay-opacity":"","overlay-gradient":""}},"ast-content-background-meta":{"desktop":{"background-color":"var(--ast-global-color-5)","background-image":"","background-repeat":"repeat","background-position":"center center","background-size":"auto","background-attachment":"scroll","background-type":"","background-media":"","overlay-type":"","overlay-color":"","overlay-opacity":"","overlay-gradient":""},"tablet":{"background-color":"var(--ast-global-color-5)","background-image":"","background-repeat":"repeat","background-position":"center center","background-size":"auto","background-attachment":"scroll","background-type":"","background-media":"","overlay-type":"","overlay-color":"","overlay-opacity":"","overlay-gradient":""},"mobile":{"background-color":"var(--ast-global-color-5)","background-image":"","background-repeat":"repeat","background-position":"center center","background-size":"auto","background-attachment":"scroll","background-type":"","background-media":"","overlay-type":"","overlay-color":"","overlay-opacity":"","overlay-gradient":""}},"footnotes":""},"class_list":["post-3605","page","type-page","status-publish","hentry"],"_links":{"self":[{"href":"https:\/\/www.kdriu.hu\/en\/wp-json\/wp\/v2\/pages\/3605","targetHints":{"allow":["GET"]}}],"collection":[{"href":"https:\/\/www.kdriu.hu\/en\/wp-json\/wp\/v2\/pages"}],"about":[{"href":"https:\/\/www.kdriu.hu\/en\/wp-json\/wp\/v2\/types\/page"}],"author":[{"embeddable":true,"href":"https:\/\/www.kdriu.hu\/en\/wp-json\/wp\/v2\/users\/1"}],"replies":[{"embeddable":true,"href":"https:\/\/www.kdriu.hu\/en\/wp-json\/wp\/v2\/comments?post=3605"}],"version-history":[{"count":25,"href":"https:\/\/www.kdriu.hu\/en\/wp-json\/wp\/v2\/pages\/3605\/revisions"}],"predecessor-version":[{"id":3630,"href":"https:\/\/www.kdriu.hu\/en\/wp-json\/wp\/v2\/pages\/3605\/revisions\/3630"}],"wp:attachment":[{"href":"https:\/\/www.kdriu.hu\/en\/wp-json\/wp\/v2\/media?parent=3605"}],"curies":[{"name":"wp","href":"https:\/\/api.w.org\/{rel}","templated":true}]}}