{"id":3634,"date":"2021-05-07T09:39:53","date_gmt":"2021-05-07T09:39:53","guid":{"rendered":"http:\/\/www.kdriu.hu\/?page_id=3634"},"modified":"2021-05-07T09:44:06","modified_gmt":"2021-05-07T09:44:06","slug":"accelerator","status":"publish","type":"page","link":"https:\/\/www.kdriu.hu\/en\/accelerator\/","title":{"rendered":"ACCELERATOR"},"content":{"rendered":"<div data-elementor-type=\"wp-page\" data-elementor-id=\"3634\" class=\"elementor elementor-3634\" data-elementor-post-type=\"page\">\n\t\t\t\t\t\t<section class=\"elementor-section elementor-top-section elementor-element elementor-element-3eb85b5 elementor-section-stretched elementor-section-height-min-height elementor-section-boxed elementor-section-height-default elementor-section-items-middle elementor-invisible\" data-id=\"3eb85b5\" data-element_type=\"section\" data-e-type=\"section\" data-settings=\"{&quot;background_background&quot;:&quot;classic&quot;,&quot;stretch_section&quot;:&quot;section-stretched&quot;,&quot;animation&quot;:&quot;fadeIn&quot;}\">\n\t\t\t\t\t\t\t<div class=\"elementor-background-overlay\"><\/div>\n\t\t\t\t\t\t\t<div class=\"elementor-container elementor-column-gap-no\">\n\t\t\t\t\t<div class=\"elementor-column elementor-col-100 elementor-top-column elementor-element elementor-element-e513835\" data-id=\"e513835\" data-element_type=\"column\" data-e-type=\"column\">\n\t\t\t<div class=\"elementor-widget-wrap elementor-element-populated\">\n\t\t\t\t\t\t<div class=\"elementor-element elementor-element-455e8d3 elementor-widget elementor-widget-spacer\" data-id=\"455e8d3\" data-element_type=\"widget\" data-e-type=\"widget\" data-widget_type=\"spacer.default\">\n\t\t\t\t<div class=\"elementor-widget-container\">\n\t\t\t\t\t\t\t<div class=\"elementor-spacer\">\n\t\t\t<div class=\"elementor-spacer-inner\"><\/div>\n\t\t<\/div>\n\t\t\t\t\t\t<\/div>\n\t\t\t\t<\/div>\n\t\t\t\t<div class=\"elementor-element elementor-element-6d925b9 elementor-widget elementor-widget-heading\" data-id=\"6d925b9\" data-element_type=\"widget\" data-e-type=\"widget\" data-widget_type=\"heading.default\">\n\t\t\t\t<div class=\"elementor-widget-container\">\n\t\t\t\t\t<h1 class=\"elementor-heading-title elementor-size-default\">ACCELERATOR<\/h1>\t\t\t\t<\/div>\n\t\t\t\t<\/div>\n\t\t\t\t\t<\/div>\n\t\t<\/div>\n\t\t\t\t\t<\/div>\n\t\t<\/section>\n\t\t\t\t<section class=\"elementor-section elementor-top-section elementor-element elementor-element-6048209 elementor-section-stretched elementor-section-boxed elementor-section-height-default elementor-section-height-default\" data-id=\"6048209\" data-element_type=\"section\" data-e-type=\"section\" data-settings=\"{&quot;stretch_section&quot;:&quot;section-stretched&quot;,&quot;background_background&quot;:&quot;classic&quot;}\">\n\t\t\t\t\t\t<div class=\"elementor-container elementor-column-gap-no\">\n\t\t\t\t\t<div class=\"elementor-column elementor-col-100 elementor-top-column elementor-element elementor-element-3591acc\" data-id=\"3591acc\" data-element_type=\"column\" data-e-type=\"column\">\n\t\t\t<div class=\"elementor-widget-wrap elementor-element-populated\">\n\t\t\t\t\t\t<section class=\"elementor-section elementor-inner-section elementor-element elementor-element-cefa653 elementor-section-boxed elementor-section-height-default elementor-section-height-default\" data-id=\"cefa653\" data-element_type=\"section\" data-e-type=\"section\">\n\t\t\t\t\t\t<div class=\"elementor-container elementor-column-gap-default\">\n\t\t\t\t\t<div class=\"elementor-column elementor-col-100 elementor-inner-column elementor-element elementor-element-ac47aea\" data-id=\"ac47aea\" data-element_type=\"column\" data-e-type=\"column\" data-settings=\"{&quot;background_background&quot;:&quot;classic&quot;}\">\n\t\t\t<div class=\"elementor-widget-wrap elementor-element-populated\">\n\t\t\t\t\t\t<div class=\"elementor-element elementor-element-eee33b5 elementor-widget elementor-widget-text-editor\" data-id=\"eee33b5\" data-element_type=\"widget\" data-e-type=\"widget\" data-widget_type=\"text-editor.default\">\n\t\t\t\t<div class=\"elementor-widget-container\">\n\t\t\t\t\t\t\t\t\t<p>The ACCELERATOR project aims to help innovative SMEs, especially those in the early stages of development, where it is more difficult to gain access to the market due to the lack the necessary capital. The main objective of the project is to enhance access to financing for innovation and thereby improve institutional framework conditions and related policy tools through the development of practical solutions and accelerator services and to influence the strategy concerned at the level of partner regions and of the program within the project.<\/p><p>The aim of the participants is to concentrate on business support organizations that embed new and improved acceleration services and are linked to the international network of the Danube Region through these organizations. Secondly, the focus is on institutions with equity, within the regional innovation ecosystem.<\/p><p>The project arrived at the most exciting and spectacular stage of its implementation in September 2018. During the autumn, the Alba Accelerator training and mentoring program will be launched for the second time, providing tailor-made assistance to start-ups and SMEs in developing a solid business concept that participants can present to potential investors at the end of the program investors within the frame of an Investment Day. At the end of the acceleration process, they will have a business concept developed with the assistance of experienced mentors and professionals, as well as a detailed action plan for the 6 months following the program.<\/p><p>Project implementation date: January 2017 \u2013 June 2019 (30 months)<\/p>\t\t\t\t\t\t\t\t<\/div>\n\t\t\t\t<\/div>\n\t\t\t\t<div class=\"elementor-element elementor-element-8122670 elementor-widget elementor-widget-heading\" data-id=\"8122670\" data-element_type=\"widget\" data-e-type=\"widget\" data-widget_type=\"heading.default\">\n\t\t\t\t<div class=\"elementor-widget-container\">\n\t\t\t\t\t<h3 class=\"elementor-heading-title elementor-size-default\">Project partners:<\/h3>\t\t\t\t<\/div>\n\t\t\t\t<\/div>\n\t\t\t\t<div class=\"elementor-element elementor-element-ef39a90 elementor-widget elementor-widget-text-editor\" data-id=\"ef39a90\" data-element_type=\"widget\" data-e-type=\"widget\" data-widget_type=\"text-editor.default\">\n\t\t\t\t<div class=\"elementor-widget-container\">\n\t\t\t\t\t\t\t\t\t<ul><li>Sz\u00e9chenyi Capital Fund Management Ltd. (Hungary)<\/li><li>Central Transdanubian Regional Innovation Agency Nonprofit Ltd. (Hungary)<\/li><li>Association of Small- and Medium Size Enterprises of Covasna County ASIMCOV (Romania)<\/li><li>Technology Park Ljubljana Ltd. (Slovenia)<\/li><li>Institute for Entrepreneurship Research (Slovenia)<\/li><li>Technology Center Sofia Ltd. (Bulgaria)<\/li><li>DEX Innovation Centre (Czech Republic)<\/li><li>FH JOANNEUM GESELLSCHAFT M.B.H (Austria)<\/li><li>Development Agency of Serbia (Serbia)<\/li><li>Republic Agency for the Development of Small and Medium Enterprises (Bosnia and Hercegovina)<\/li><li>Ministry for National Economy Deputy State Secretariat Responsible for Implementing Economic Development Programs (Hungary)<\/li><li>Steirische Wirtschaftsf\u00f6rderungsgesellschaft mbH (Austria)<\/li><li>Slovene Enterprise Fund (Slovenia)<\/li><li>Croatian Private Equity and Venture Capital Association (Croatia)<\/li><li>Executive Agency for Higher Education, Research, Development and Innovation Funding (Romania)<\/li><\/ul>\t\t\t\t\t\t\t\t<\/div>\n\t\t\t\t<\/div>\n\t\t\t\t<div class=\"elementor-element elementor-element-2534329 elementor-widget elementor-widget-heading\" data-id=\"2534329\" data-element_type=\"widget\" data-e-type=\"widget\" data-widget_type=\"heading.default\">\n\t\t\t\t<div class=\"elementor-widget-container\">\n\t\t\t\t\t<h4 class=\"elementor-heading-title elementor-size-default\">The official project website:<\/h4>\t\t\t\t<\/div>\n\t\t\t\t<\/div>\n\t\t\t\t<div class=\"elementor-element elementor-element-34d7d7f elementor-widget elementor-widget-text-editor\" data-id=\"34d7d7f\" data-element_type=\"widget\" data-e-type=\"widget\" data-widget_type=\"text-editor.default\">\n\t\t\t\t<div class=\"elementor-widget-container\">\n\t\t\t\t\t\t\t\t\t<p><a href=\"http:\/\/www.interreg-danube.eu\/approved-projects\/ACCELERATOR\" target=\"_blank\" rel=\"noopener\">http:\/\/www.interreg-danube.eu\/approved-projects\/ACCELERATOR<\/a><\/p>\t\t\t\t\t\t\t\t<\/div>\n\t\t\t\t<\/div>\n\t\t\t\t<div class=\"elementor-element elementor-element-576f0c0 elementor-widget elementor-widget-text-editor\" data-id=\"576f0c0\" data-element_type=\"widget\" data-e-type=\"widget\" data-widget_type=\"text-editor.default\">\n\t\t\t\t<div class=\"elementor-widget-container\">\n\t\t\t\t\t\t\t\t\t<p>The project is implemented through the Danube Transnational Programme, with the support of the European Regional Development Fund, co-financed by the European Union and the Hungarian State.<\/p><p>Project co-funded by European Union funds (ERDF, IPA, ENI)<\/p>\t\t\t\t\t\t\t\t<\/div>\n\t\t\t\t<\/div>\n\t\t\t\t\t<\/div>\n\t\t<\/div>\n\t\t\t\t\t<\/div>\n\t\t<\/section>\n\t\t\t\t\t<\/div>\n\t\t<\/div>\n\t\t\t\t\t<\/div>\n\t\t<\/section>\n\t\t\t\t<\/div>","protected":false},"excerpt":{"rendered":"<p>ACCELERATOR Az ACCELERATOR projekt olyan innovat\u00edv, f\u0151leg a korai fejl\u0151d\u00e9s szakasz\u00e1ban j\u00e1r\u00f3 KKV-k poz\u00edci\u00f3j\u00e1n k\u00edv\u00e1n seg\u00edteni, amelyek eset\u00e9ben, a sz\u00fcks\u00e9ges t\u0151ke hi\u00e1nya v\u00e9gett nehezebb a piacra jut\u00e1s. A projekt f\u0151 c\u00e9lja, hogy fokozza az innov\u00e1ci\u00f3s finansz\u00edroz\u00e1si hozz\u00e1f\u00e9r\u00e9st \u00e9s ennek r\u00e9v\u00e9n jav\u00edtsa az int\u00e9zm\u00e9nyi keretfelt\u00e9teleket, valamint a kapcsol\u00f3d\u00f3 ir\u00e1nyelvi eszk\u00f6z\u00f6ket a gyakorlati megold\u00e1sok \u00e9s akceler\u00e1ci\u00f3s szolg\u00e1ltat\u00e1sok [&hellip;]<\/p>\n","protected":false},"author":1,"featured_media":0,"parent":0,"menu_order":0,"comment_status":"closed","ping_status":"closed","template":"","meta":{"site-sidebar-layout":"no-sidebar","site-content-layout":"page-builder","ast-site-content-layout":"default","site-content-style":"default","site-sidebar-style":"default","ast-global-header-display":"","ast-banner-title-visibility":"","ast-main-header-display":"","ast-hfb-above-header-display":"","ast-hfb-below-header-display":"","ast-hfb-mobile-header-display":"","site-post-title":"disabled","ast-breadcrumbs-content":"","ast-featured-img":"disabled","footer-sml-layout":"","ast-disable-related-posts":"","theme-transparent-header-meta":"default","adv-header-id-meta":"","stick-header-meta":"","header-above-stick-meta":"","header-main-stick-meta":"","header-below-stick-meta":"","astra-migrate-meta-layouts":"default","ast-page-background-enabled":"default","ast-page-background-meta":{"desktop":{"background-color":"","background-image":"","background-repeat":"repeat","background-position":"center center","background-size":"auto","background-attachment":"scroll","background-type":"","background-media":"","overlay-type":"","overlay-color":"","overlay-opacity":"","overlay-gradient":""},"tablet":{"background-color":"","background-image":"","background-repeat":"repeat","background-position":"center center","background-size":"auto","background-attachment":"scroll","background-type":"","background-media":"","overlay-type":"","overlay-color":"","overlay-opacity":"","overlay-gradient":""},"mobile":{"background-color":"","background-image":"","background-repeat":"repeat","background-position":"center center","background-size":"auto","background-attachment":"scroll","background-type":"","background-media":"","overlay-type":"","overlay-color":"","overlay-opacity":"","overlay-gradient":""}},"ast-content-background-meta":{"desktop":{"background-color":"var(--ast-global-color-5)","background-image":"","background-repeat":"repeat","background-position":"center center","background-size":"auto","background-attachment":"scroll","background-type":"","background-media":"","overlay-type":"","overlay-color":"","overlay-opacity":"","overlay-gradient":""},"tablet":{"background-color":"var(--ast-global-color-5)","background-image":"","background-repeat":"repeat","background-position":"center center","background-size":"auto","background-attachment":"scroll","background-type":"","background-media":"","overlay-type":"","overlay-color":"","overlay-opacity":"","overlay-gradient":""},"mobile":{"background-color":"var(--ast-global-color-5)","background-image":"","background-repeat":"repeat","background-position":"center center","background-size":"auto","background-attachment":"scroll","background-type":"","background-media":"","overlay-type":"","overlay-color":"","overlay-opacity":"","overlay-gradient":""}},"footnotes":""},"class_list":["post-3634","page","type-page","status-publish","hentry"],"_links":{"self":[{"href":"https:\/\/www.kdriu.hu\/en\/wp-json\/wp\/v2\/pages\/3634","targetHints":{"allow":["GET"]}}],"collection":[{"href":"https:\/\/www.kdriu.hu\/en\/wp-json\/wp\/v2\/pages"}],"about":[{"href":"https:\/\/www.kdriu.hu\/en\/wp-json\/wp\/v2\/types\/page"}],"author":[{"embeddable":true,"href":"https:\/\/www.kdriu.hu\/en\/wp-json\/wp\/v2\/users\/1"}],"replies":[{"embeddable":true,"href":"https:\/\/www.kdriu.hu\/en\/wp-json\/wp\/v2\/comments?post=3634"}],"version-history":[{"count":13,"href":"https:\/\/www.kdriu.hu\/en\/wp-json\/wp\/v2\/pages\/3634\/revisions"}],"predecessor-version":[{"id":3647,"href":"https:\/\/www.kdriu.hu\/en\/wp-json\/wp\/v2\/pages\/3634\/revisions\/3647"}],"wp:attachment":[{"href":"https:\/\/www.kdriu.hu\/en\/wp-json\/wp\/v2\/media?parent=3634"}],"curies":[{"name":"wp","href":"https:\/\/api.w.org\/{rel}","templated":true}]}}