{"id":3671,"date":"2021-05-07T09:52:55","date_gmt":"2021-05-07T09:52:55","guid":{"rendered":"http:\/\/www.kdriu.hu\/?page_id=3671"},"modified":"2021-05-07T09:57:32","modified_gmt":"2021-05-07T09:57:32","slug":"beszerzes-e-digistars","status":"publish","type":"page","link":"https:\/\/www.kdriu.hu\/en\/beszerzes-e-digistars\/","title":{"rendered":"Beszerz\u00e9s &#8211; EdigiStars"},"content":{"rendered":"<div data-elementor-type=\"wp-page\" data-elementor-id=\"3671\" class=\"elementor elementor-3671\" data-elementor-post-type=\"page\">\n\t\t\t\t\t\t<section class=\"elementor-section elementor-top-section elementor-element elementor-element-9c4aabf elementor-section-stretched elementor-section-height-min-height elementor-section-boxed elementor-section-height-default elementor-section-items-middle elementor-invisible\" data-id=\"9c4aabf\" data-element_type=\"section\" data-e-type=\"section\" data-settings=\"{&quot;background_background&quot;:&quot;classic&quot;,&quot;stretch_section&quot;:&quot;section-stretched&quot;,&quot;animation&quot;:&quot;fadeIn&quot;}\">\n\t\t\t\t\t\t\t<div class=\"elementor-background-overlay\"><\/div>\n\t\t\t\t\t\t\t<div class=\"elementor-container elementor-column-gap-no\">\n\t\t\t\t\t<div class=\"elementor-column elementor-col-100 elementor-top-column elementor-element elementor-element-3de5a62\" data-id=\"3de5a62\" data-element_type=\"column\" data-e-type=\"column\">\n\t\t\t<div class=\"elementor-widget-wrap elementor-element-populated\">\n\t\t\t\t\t\t<div class=\"elementor-element elementor-element-9c6f307 elementor-widget elementor-widget-spacer\" data-id=\"9c6f307\" data-element_type=\"widget\" data-e-type=\"widget\" data-widget_type=\"spacer.default\">\n\t\t\t\t<div class=\"elementor-widget-container\">\n\t\t\t\t\t\t\t<div class=\"elementor-spacer\">\n\t\t\t<div class=\"elementor-spacer-inner\"><\/div>\n\t\t<\/div>\n\t\t\t\t\t\t<\/div>\n\t\t\t\t<\/div>\n\t\t\t\t<div class=\"elementor-element elementor-element-51603de elementor-widget elementor-widget-heading\" data-id=\"51603de\" data-element_type=\"widget\" data-e-type=\"widget\" data-widget_type=\"heading.default\">\n\t\t\t\t<div class=\"elementor-widget-container\">\n\t\t\t\t\t<h1 class=\"elementor-heading-title elementor-size-default\">Beszerz\u00e9sek - eDigiStars<\/h1>\t\t\t\t<\/div>\n\t\t\t\t<\/div>\n\t\t\t\t\t<\/div>\n\t\t<\/div>\n\t\t\t\t\t<\/div>\n\t\t<\/section>\n\t\t\t\t<section class=\"elementor-section elementor-top-section elementor-element elementor-element-a5bafb0 elementor-section-stretched elementor-section-boxed elementor-section-height-default elementor-section-height-default\" data-id=\"a5bafb0\" data-element_type=\"section\" data-e-type=\"section\" data-settings=\"{&quot;stretch_section&quot;:&quot;section-stretched&quot;,&quot;background_background&quot;:&quot;classic&quot;}\">\n\t\t\t\t\t\t<div class=\"elementor-container elementor-column-gap-no\">\n\t\t\t\t\t<div class=\"elementor-column elementor-col-100 elementor-top-column elementor-element elementor-element-0891647\" data-id=\"0891647\" data-element_type=\"column\" data-e-type=\"column\">\n\t\t\t<div class=\"elementor-widget-wrap elementor-element-populated\">\n\t\t\t\t\t\t<section class=\"elementor-section elementor-inner-section elementor-element elementor-element-909be27 elementor-section-boxed elementor-section-height-default elementor-section-height-default\" data-id=\"909be27\" data-element_type=\"section\" data-e-type=\"section\">\n\t\t\t\t\t\t<div class=\"elementor-container elementor-column-gap-default\">\n\t\t\t\t\t<div class=\"elementor-column elementor-col-100 elementor-inner-column elementor-element elementor-element-dd67708\" data-id=\"dd67708\" data-element_type=\"column\" data-e-type=\"column\" data-settings=\"{&quot;background_background&quot;:&quot;classic&quot;}\">\n\t\t\t<div class=\"elementor-widget-wrap elementor-element-populated\">\n\t\t\t\t\t\t<div class=\"elementor-element elementor-element-d3ffc53 elementor-widget elementor-widget-heading\" data-id=\"d3ffc53\" data-element_type=\"widget\" data-e-type=\"widget\" data-widget_type=\"heading.default\">\n\t\t\t\t<div class=\"elementor-widget-container\">\n\t\t\t\t\t<h4 class=\"elementor-heading-title elementor-size-default\">D.T1.2 Forming the Joint Danube eDigiStars Strategy - Dunamenti Orsz\u00e1gok K\u00f6z\u00f6s eDigiStars Strat\u00e9gia kidolgoz\u00e1sa<\/h4>\t\t\t\t<\/div>\n\t\t\t\t<\/div>\n\t\t\t\t<div class=\"elementor-element elementor-element-25bdf25 elementor-widget elementor-widget-text-editor\" data-id=\"25bdf25\" data-element_type=\"widget\" data-e-type=\"widget\" data-widget_type=\"text-editor.default\">\n\t\t\t\t<div class=\"elementor-widget-container\">\n\t\t\t\t\t\t\t\t\t<p>Aj\u00e1nlatk\u00e9r\u0151 az Innoskart V\u00e1llalkoz\u00e1sfejleszt\u00e9si Nonprofit Kft. Vezet\u0151 Partner \u00e1ltal vezetett konzorcium tagjak\u00e9nt hajtja v\u00e9gre a \u201eBuilding of digital entrepreneurial capacities of the elderly through the innovative training system\u201d (eDigiStars &#8211; DTP3-730-1.2) projektet. A\u00a0Dunamenti Orsz\u00e1gok K\u00f6z\u00f6s eDigiStars Strat\u00e9gia kidolgoz\u00e1s\u00e1nak feladat\u00e1ra teend\u0151 aj\u00e1nlat beszerz\u00e9si dokument\u00e1ci\u00f3ja:<\/p><p><a title=\"Aj\u00e1nlatk\u00e9r\u00e9s - D.T1.2 - Dunamenti Orsz\u00e1gok K\u00f6z\u00f6s eDigiStars Strat\u00e9gia\" href=\"http:\/\/archiv.kdriu.hu\/files\/Ajanlatkeres.pdf\" target=\"_blank\" rel=\"noopener\">Aj\u00e1nlatk\u00e9r\u00e9s &#8211; D.T1.2 &#8211; Dunamenti Orsz\u00e1gok K\u00f6z\u00f6s eDigiStars Strat\u00e9gia<\/a><\/p><p><a title=\"Aj\u00e1nlat minta - D.T1.2 - Dunamenti Orsz\u00e1gok K\u00f6z\u00f6s eDigiStars Strat\u00e9gi\" href=\"http:\/\/archiv.kdriu.hu\/files\/Ajanlat_minta.docx\" target=\"_blank\" rel=\"noopener\">Aj\u00e1nlat minta &#8211; D.T1.2 &#8211; Dunamenti Orsz\u00e1gok K\u00f6z\u00f6s eDigiStars Strat\u00e9gia<\/a><\/p>\t\t\t\t\t\t\t\t<\/div>\n\t\t\t\t<\/div>\n\t\t\t\t<div class=\"elementor-element elementor-element-7cc4531 elementor-widget elementor-widget-heading\" data-id=\"7cc4531\" data-element_type=\"widget\" data-e-type=\"widget\" data-widget_type=\"heading.default\">\n\t\t\t\t<div class=\"elementor-widget-container\">\n\t\t\t\t\t<h4 class=\"elementor-heading-title elementor-size-default\">D.T1.2.4 Final eDigiStars Strategy;  A.T2.2 Development of CAMPUS Tool - External expert in Tools development; D.T2.1.3 Final version of POWERYOU Tool translated; D.T2.2.3 Final version of CAMPUS Tool translated; D.T2.3.3 Final version of LABEL Tool translated; A.T3.1 Pilot of POWERYOU Tool; A.T4.1 Fine-tuning and update of eDigiStars system tools<\/h4>\t\t\t\t<\/div>\n\t\t\t\t<\/div>\n\t\t\t\t<div class=\"elementor-element elementor-element-69c6e06 elementor-widget elementor-widget-text-editor\" data-id=\"69c6e06\" data-element_type=\"widget\" data-e-type=\"widget\" data-widget_type=\"text-editor.default\">\n\t\t\t\t<div class=\"elementor-widget-container\">\n\t\t\t\t\t\t\t\t\t<p>Aj\u00e1nlatk\u00e9r\u0151 az Innoskart V\u00e1llalkoz\u00e1sfejleszt\u00e9si Nonprofit Kft. Vezet\u0151 Partner \u00e1ltal vezetett konzorcium tagjak\u00e9nt hajtja v\u00e9gre a \u201eBuilding of digital entrepreneurial capacities of the elderly through the innovative training system\u201d (eDigiStars) projektet. A fent eml\u00edtett \u00f6sszetett feladatok megvall\u00f3s\u00edt\u00e1s\u00e1ra teend\u0151 aj\u00e1nlat beszerz\u00e9si dokument\u00e1ci\u00f3ja:<\/p><p><a href=\"http:\/\/archiv.kdriu.hu\/files\/AJANLATKERES.pdf\" target=\"_blank\" rel=\"noopener\">Aj\u00e1nlatk\u00e9r\u00e9s &#8211; D.T1.2.4., A.T2.2, D.T2.1.3., D.T2.2.3., D.T2.3.3, A.T3.1, A.T4.1.<\/a><\/p><p><a href=\"http:\/\/archiv.kdriu.hu\/files\/ARAJANLAT%20MINTA.docx\" target=\"_blank\" rel=\"noopener\">Aj\u00e1nlat minta &#8211; D.T1.2.4., A.T2.2.,D.T2.1.3, D.T2.2.3., D.T2.3.3., A.T3.a., A.T4.1.<\/a><\/p>\t\t\t\t\t\t\t\t<\/div>\n\t\t\t\t<\/div>\n\t\t\t\t\t<\/div>\n\t\t<\/div>\n\t\t\t\t\t<\/div>\n\t\t<\/section>\n\t\t\t\t\t<\/div>\n\t\t<\/div>\n\t\t\t\t\t<\/div>\n\t\t<\/section>\n\t\t\t\t<\/div>","protected":false},"excerpt":{"rendered":"<p>Beszerz\u00e9sek &#8211; eDigiStars D.T1.2 Forming the Joint Danube eDigiStars Strategy &#8211; Dunamenti Orsz\u00e1gok K\u00f6z\u00f6s eDigiStars Strat\u00e9gia kidolgoz\u00e1sa Aj\u00e1nlatk\u00e9r\u0151 az Innoskart V\u00e1llalkoz\u00e1sfejleszt\u00e9si Nonprofit Kft. Vezet\u0151 Partner \u00e1ltal vezetett konzorcium tagjak\u00e9nt hajtja v\u00e9gre a \u201eBuilding of digital entrepreneurial capacities of the elderly through the innovative training system\u201d (eDigiStars &#8211; DTP3-730-1.2) projektet. A\u00a0Dunamenti Orsz\u00e1gok K\u00f6z\u00f6s eDigiStars Strat\u00e9gia kidolgoz\u00e1s\u00e1nak [&hellip;]<\/p>\n","protected":false},"author":1,"featured_media":0,"parent":0,"menu_order":0,"comment_status":"closed","ping_status":"closed","template":"","meta":{"site-sidebar-layout":"no-sidebar","site-content-layout":"page-builder","ast-site-content-layout":"default","site-content-style":"default","site-sidebar-style":"default","ast-global-header-display":"","ast-banner-title-visibility":"","ast-main-header-display":"","ast-hfb-above-header-display":"","ast-hfb-below-header-display":"","ast-hfb-mobile-header-display":"","site-post-title":"disabled","ast-breadcrumbs-content":"","ast-featured-img":"disabled","footer-sml-layout":"","ast-disable-related-posts":"","theme-transparent-header-meta":"default","adv-header-id-meta":"","stick-header-meta":"","header-above-stick-meta":"","header-main-stick-meta":"","header-below-stick-meta":"","astra-migrate-meta-layouts":"default","ast-page-background-enabled":"default","ast-page-background-meta":{"desktop":{"background-color":"","background-image":"","background-repeat":"repeat","background-position":"center center","background-size":"auto","background-attachment":"scroll","background-type":"","background-media":"","overlay-type":"","overlay-color":"","overlay-opacity":"","overlay-gradient":""},"tablet":{"background-color":"","background-image":"","background-repeat":"repeat","background-position":"center center","background-size":"auto","background-attachment":"scroll","background-type":"","background-media":"","overlay-type":"","overlay-color":"","overlay-opacity":"","overlay-gradient":""},"mobile":{"background-color":"","background-image":"","background-repeat":"repeat","background-position":"center center","background-size":"auto","background-attachment":"scroll","background-type":"","background-media":"","overlay-type":"","overlay-color":"","overlay-opacity":"","overlay-gradient":""}},"ast-content-background-meta":{"desktop":{"background-color":"var(--ast-global-color-5)","background-image":"","background-repeat":"repeat","background-position":"center center","background-size":"auto","background-attachment":"scroll","background-type":"","background-media":"","overlay-type":"","overlay-color":"","overlay-opacity":"","overlay-gradient":""},"tablet":{"background-color":"var(--ast-global-color-5)","background-image":"","background-repeat":"repeat","background-position":"center center","background-size":"auto","background-attachment":"scroll","background-type":"","background-media":"","overlay-type":"","overlay-color":"","overlay-opacity":"","overlay-gradient":""},"mobile":{"background-color":"var(--ast-global-color-5)","background-image":"","background-repeat":"repeat","background-position":"center center","background-size":"auto","background-attachment":"scroll","background-type":"","background-media":"","overlay-type":"","overlay-color":"","overlay-opacity":"","overlay-gradient":""}},"footnotes":""},"class_list":["post-3671","page","type-page","status-publish","hentry"],"_links":{"self":[{"href":"https:\/\/www.kdriu.hu\/en\/wp-json\/wp\/v2\/pages\/3671","targetHints":{"allow":["GET"]}}],"collection":[{"href":"https:\/\/www.kdriu.hu\/en\/wp-json\/wp\/v2\/pages"}],"about":[{"href":"https:\/\/www.kdriu.hu\/en\/wp-json\/wp\/v2\/types\/page"}],"author":[{"embeddable":true,"href":"https:\/\/www.kdriu.hu\/en\/wp-json\/wp\/v2\/users\/1"}],"replies":[{"embeddable":true,"href":"https:\/\/www.kdriu.hu\/en\/wp-json\/wp\/v2\/comments?post=3671"}],"version-history":[{"count":10,"href":"https:\/\/www.kdriu.hu\/en\/wp-json\/wp\/v2\/pages\/3671\/revisions"}],"predecessor-version":[{"id":3681,"href":"https:\/\/www.kdriu.hu\/en\/wp-json\/wp\/v2\/pages\/3671\/revisions\/3681"}],"wp:attachment":[{"href":"https:\/\/www.kdriu.hu\/en\/wp-json\/wp\/v2\/media?parent=3671"}],"curies":[{"name":"wp","href":"https:\/\/api.w.org\/{rel}","templated":true}]}}