{"id":3695,"date":"2021-05-07T10:50:21","date_gmt":"2021-05-07T10:50:21","guid":{"rendered":"http:\/\/www.kdriu.hu\/?page_id=3695"},"modified":"2021-05-07T11:17:51","modified_gmt":"2021-05-07T11:17:51","slug":"adatvedelem-gdpr","status":"publish","type":"page","link":"https:\/\/www.kdriu.hu\/en\/adatvedelem-gdpr\/","title":{"rendered":"Privacy Policy"},"content":{"rendered":"<div data-elementor-type=\"wp-page\" data-elementor-id=\"3695\" class=\"elementor elementor-3695\" data-elementor-post-type=\"page\">\n\t\t\t\t\t\t<section class=\"elementor-section elementor-top-section elementor-element elementor-element-60db110 elementor-section-stretched elementor-section-height-min-height elementor-section-boxed elementor-section-height-default elementor-section-items-middle elementor-invisible\" data-id=\"60db110\" data-element_type=\"section\" data-e-type=\"section\" data-settings=\"{&quot;background_background&quot;:&quot;classic&quot;,&quot;stretch_section&quot;:&quot;section-stretched&quot;,&quot;animation&quot;:&quot;fadeIn&quot;}\">\n\t\t\t\t\t\t\t<div class=\"elementor-background-overlay\"><\/div>\n\t\t\t\t\t\t\t<div class=\"elementor-container elementor-column-gap-no\">\n\t\t\t\t\t<div class=\"elementor-column elementor-col-100 elementor-top-column elementor-element elementor-element-debd197\" data-id=\"debd197\" data-element_type=\"column\" data-e-type=\"column\">\n\t\t\t<div class=\"elementor-widget-wrap elementor-element-populated\">\n\t\t\t\t\t\t<div class=\"elementor-element elementor-element-3c36490 elementor-widget elementor-widget-spacer\" data-id=\"3c36490\" data-element_type=\"widget\" data-e-type=\"widget\" data-widget_type=\"spacer.default\">\n\t\t\t\t<div class=\"elementor-widget-container\">\n\t\t\t\t\t\t\t<div class=\"elementor-spacer\">\n\t\t\t<div class=\"elementor-spacer-inner\"><\/div>\n\t\t<\/div>\n\t\t\t\t\t\t<\/div>\n\t\t\t\t<\/div>\n\t\t\t\t<div class=\"elementor-element elementor-element-7801993 elementor-widget elementor-widget-heading\" data-id=\"7801993\" data-element_type=\"widget\" data-e-type=\"widget\" data-widget_type=\"heading.default\">\n\t\t\t\t<div class=\"elementor-widget-container\">\n\t\t\t\t\t<h1 class=\"elementor-heading-title elementor-size-default\">Privacy Policy<\/h1>\t\t\t\t<\/div>\n\t\t\t\t<\/div>\n\t\t\t\t\t<\/div>\n\t\t<\/div>\n\t\t\t\t\t<\/div>\n\t\t<\/section>\n\t\t\t\t<section class=\"elementor-section elementor-top-section elementor-element elementor-element-0ea416e elementor-section-stretched elementor-section-boxed elementor-section-height-default elementor-section-height-default\" data-id=\"0ea416e\" data-element_type=\"section\" data-e-type=\"section\" data-settings=\"{&quot;stretch_section&quot;:&quot;section-stretched&quot;,&quot;background_background&quot;:&quot;classic&quot;}\">\n\t\t\t\t\t\t<div class=\"elementor-container elementor-column-gap-no\">\n\t\t\t\t\t<div class=\"elementor-column elementor-col-100 elementor-top-column elementor-element elementor-element-ff8b781\" data-id=\"ff8b781\" data-element_type=\"column\" data-e-type=\"column\">\n\t\t\t<div class=\"elementor-widget-wrap elementor-element-populated\">\n\t\t\t\t\t\t<section class=\"elementor-section elementor-inner-section elementor-element elementor-element-26b40ba elementor-section-boxed elementor-section-height-default elementor-section-height-default\" data-id=\"26b40ba\" data-element_type=\"section\" data-e-type=\"section\">\n\t\t\t\t\t\t<div class=\"elementor-container elementor-column-gap-default\">\n\t\t\t\t\t<div class=\"elementor-column elementor-col-100 elementor-inner-column elementor-element elementor-element-a830d2e\" data-id=\"a830d2e\" data-element_type=\"column\" data-e-type=\"column\" data-settings=\"{&quot;background_background&quot;:&quot;classic&quot;}\">\n\t\t\t<div class=\"elementor-widget-wrap elementor-element-populated\">\n\t\t\t\t\t\t<div class=\"elementor-element elementor-element-9091a37 elementor-widget elementor-widget-heading\" data-id=\"9091a37\" data-element_type=\"widget\" data-e-type=\"widget\" data-widget_type=\"heading.default\">\n\t\t\t\t<div class=\"elementor-widget-container\">\n\t\t\t\t\t<h3 class=\"elementor-heading-title elementor-size-default\">Adatv\u00e9delem - GDPR<\/h3>\t\t\t\t<\/div>\n\t\t\t\t<\/div>\n\t\t\t\t<div class=\"elementor-element elementor-element-2d572f0 elementor-widget elementor-widget-text-editor\" data-id=\"2d572f0\" data-element_type=\"widget\" data-e-type=\"widget\" data-widget_type=\"text-editor.default\">\n\t\t\t\t<div class=\"elementor-widget-container\">\n\t\t\t\t\t\t\t\t\t<p>T\u00e1j\u00e9koztat\u00e1s a GDPR rendeletr\u0151l &#8211; <a href=\"http:\/\/archiv.kdriu.hu\/files\/tajekoztatas-gdpr-rendeletrol.pdf\" target=\"_blank\" rel=\"noopener\">click<\/a> (.pdf)<br \/>Cookie szab\u00e1lyzat &#8211; <a href=\"http:\/\/archiv.kdriu.hu\/files\/cookie-szabalyzat.pdf\" target=\"_blank\" rel=\"noopener\">click<\/a> (.pdf)<br \/>Adatkezel\u00e9si t\u00e1j\u00e9koztat\u00f3 &#8211; <a href=\"http:\/\/archiv.kdriu.hu\/files\/adatkezelesi-tajekoztato.pdf\" target=\"_blank\" rel=\"noopener\">click<\/a> (.pdf)<\/p><p>Adatkezel\u00e9si Szab\u00e1lyzat &#8211; <a href=\"https:\/\/www.datatrans.hu\/images\/ASZF\/Adatkezelesi_szabalyzat_Datatrans_vegleges.pdf\" target=\"_blank\" rel=\"noopener\">click<\/a> (.pdf)<\/p><p><strong>A t\u00e1rhelyszolg\u00e1ltat\u00f3 adatai:<\/strong><br \/>C\u00e9gn\u00e9v: Karcsai Zsolt Tam\u00e1s e.v.<br \/>Sz\u00e9khely: 2400 Duna\u00fajv\u00e1ros, Bats\u00e1nyi \u00fat 1.3.1.<br \/>Ad\u00f3sz\u00e1m: 63173510-2-27<br \/>Nyilv\u00e1ntart\u00e1si sz\u00e1m: 5141672<br \/>Telefonsz\u00e1m: +36302634505<br \/>E-mail c\u00edm: karcsai@interkreativ.hu<br \/>Weboldal: <a href=\"http:\/\/www.interkreativ.hu\" target=\"_blank\" rel=\"noopener\">http:\/\/www.interkreativ.hu<\/a><\/p>\t\t\t\t\t\t\t\t<\/div>\n\t\t\t\t<\/div>\n\t\t\t\t\t<\/div>\n\t\t<\/div>\n\t\t\t\t\t<\/div>\n\t\t<\/section>\n\t\t\t\t\t<\/div>\n\t\t<\/div>\n\t\t\t\t\t<\/div>\n\t\t<\/section>\n\t\t\t\t<\/div>","protected":false},"excerpt":{"rendered":"<p>Adatv\u00e9delem Adatv\u00e9delem &#8211; GDPR T\u00e1j\u00e9koztat\u00e1s a GDPR rendeletr\u0151l &#8211; megnyit\u00e1s (.pdf)Cookie szab\u00e1lyzat &#8211; megnyit\u00e1s (.pdf)Adatkezel\u00e9si t\u00e1j\u00e9koztat\u00f3 &#8211; megnyit\u00e1s (.pdf) Adatkezel\u00e9si Szab\u00e1lyzat &#8211; megnyit\u00e1s (.pdf) A t\u00e1rhelyszolg\u00e1ltat\u00f3 adatai:C\u00e9gn\u00e9v: Karcsai Zsolt Tam\u00e1s e.v.Sz\u00e9khely: 2400 Duna\u00fajv\u00e1ros, Bats\u00e1nyi \u00fat 1.3.1.Ad\u00f3sz\u00e1m: 63173510-2-27Nyilv\u00e1ntart\u00e1si sz\u00e1m: 5141672Telefonsz\u00e1m: +36302634505E-mail c\u00edm: karcsai@interkreativ.huWeboldal: http:\/\/www.interkreativ.hu<\/p>","protected":false},"author":1,"featured_media":0,"parent":0,"menu_order":0,"comment_status":"closed","ping_status":"closed","template":"","meta":{"site-sidebar-layout":"no-sidebar","site-content-layout":"page-builder","ast-site-content-layout":"default","site-content-style":"default","site-sidebar-style":"default","ast-global-header-display":"","ast-banner-title-visibility":"","ast-main-header-display":"","ast-hfb-above-header-display":"","ast-hfb-below-header-display":"","ast-hfb-mobile-header-display":"","site-post-title":"disabled","ast-breadcrumbs-content":"","ast-featured-img":"disabled","footer-sml-layout":"","ast-disable-related-posts":"","theme-transparent-header-meta":"default","adv-header-id-meta":"","stick-header-meta":"","header-above-stick-meta":"","header-main-stick-meta":"","header-below-stick-meta":"","astra-migrate-meta-layouts":"default","ast-page-background-enabled":"default","ast-page-background-meta":{"desktop":{"background-color":"","background-image":"","background-repeat":"repeat","background-position":"center center","background-size":"auto","background-attachment":"scroll","background-type":"","background-media":"","overlay-type":"","overlay-color":"","overlay-opacity":"","overlay-gradient":""},"tablet":{"background-color":"","background-image":"","background-repeat":"repeat","background-position":"center center","background-size":"auto","background-attachment":"scroll","background-type":"","background-media":"","overlay-type":"","overlay-color":"","overlay-opacity":"","overlay-gradient":""},"mobile":{"background-color":"","background-image":"","background-repeat":"repeat","background-position":"center center","background-size":"auto","background-attachment":"scroll","background-type":"","background-media":"","overlay-type":"","overlay-color":"","overlay-opacity":"","overlay-gradient":""}},"ast-content-background-meta":{"desktop":{"background-color":"var(--ast-global-color-5)","background-image":"","background-repeat":"repeat","background-position":"center center","background-size":"auto","background-attachment":"scroll","background-type":"","background-media":"","overlay-type":"","overlay-color":"","overlay-opacity":"","overlay-gradient":""},"tablet":{"background-color":"var(--ast-global-color-5)","background-image":"","background-repeat":"repeat","background-position":"center center","background-size":"auto","background-attachment":"scroll","background-type":"","background-media":"","overlay-type":"","overlay-color":"","overlay-opacity":"","overlay-gradient":""},"mobile":{"background-color":"var(--ast-global-color-5)","background-image":"","background-repeat":"repeat","background-position":"center center","background-size":"auto","background-attachment":"scroll","background-type":"","background-media":"","overlay-type":"","overlay-color":"","overlay-opacity":"","overlay-gradient":""}},"footnotes":""},"class_list":["post-3695","page","type-page","status-publish","hentry"],"_links":{"self":[{"href":"https:\/\/www.kdriu.hu\/en\/wp-json\/wp\/v2\/pages\/3695","targetHints":{"allow":["GET"]}}],"collection":[{"href":"https:\/\/www.kdriu.hu\/en\/wp-json\/wp\/v2\/pages"}],"about":[{"href":"https:\/\/www.kdriu.hu\/en\/wp-json\/wp\/v2\/types\/page"}],"author":[{"embeddable":true,"href":"https:\/\/www.kdriu.hu\/en\/wp-json\/wp\/v2\/users\/1"}],"replies":[{"embeddable":true,"href":"https:\/\/www.kdriu.hu\/en\/wp-json\/wp\/v2\/comments?post=3695"}],"version-history":[{"count":7,"href":"https:\/\/www.kdriu.hu\/en\/wp-json\/wp\/v2\/pages\/3695\/revisions"}],"predecessor-version":[{"id":3704,"href":"https:\/\/www.kdriu.hu\/en\/wp-json\/wp\/v2\/pages\/3695\/revisions\/3704"}],"wp:attachment":[{"href":"https:\/\/www.kdriu.hu\/en\/wp-json\/wp\/v2\/media?parent=3695"}],"curies":[{"name":"wp","href":"https:\/\/api.w.org\/{rel}","templated":true}]}}