{"id":5116,"date":"2021-08-19T09:20:23","date_gmt":"2021-08-19T09:20:23","guid":{"rendered":"http:\/\/www.kdriu.hu\/?page_id=5116"},"modified":"2021-08-25T11:57:54","modified_gmt":"2021-08-25T11:57:54","slug":"kkip-egyeb-szakmai-tudomanyos-muszaki","status":"publish","type":"page","link":"https:\/\/www.kdriu.hu\/en\/kkip-egyeb-szakmai-tudomanyos-muszaki\/","title":{"rendered":"Kultur\u00e1lis \u00e9s Kreat\u00edv Ipari Platform &#8211; egy\u00e9b szakmai, tudom\u00e1nyos, m\u0171szaki tev\u00e9kenys\u00e9g"},"content":{"rendered":"<div data-elementor-type=\"wp-page\" data-elementor-id=\"5116\" class=\"elementor elementor-5116\" data-elementor-post-type=\"page\">\n\t\t\t\t\t\t<section class=\"elementor-section elementor-top-section elementor-element elementor-element-e9b84d1 elementor-section-stretched elementor-section-height-min-height elementor-section-boxed elementor-section-height-default elementor-section-items-middle elementor-invisible\" data-id=\"e9b84d1\" data-element_type=\"section\" data-e-type=\"section\" data-settings=\"{&quot;background_background&quot;:&quot;classic&quot;,&quot;stretch_section&quot;:&quot;section-stretched&quot;,&quot;animation&quot;:&quot;fadeIn&quot;}\">\n\t\t\t\t\t\t\t<div class=\"elementor-background-overlay\"><\/div>\n\t\t\t\t\t\t\t<div class=\"elementor-container elementor-column-gap-no\">\n\t\t\t\t\t<div class=\"elementor-column elementor-col-100 elementor-top-column elementor-element elementor-element-64ba613\" data-id=\"64ba613\" data-element_type=\"column\" data-e-type=\"column\">\n\t\t\t<div class=\"elementor-widget-wrap elementor-element-populated\">\n\t\t\t\t\t\t<div class=\"elementor-element elementor-element-0208211 elementor-widget elementor-widget-spacer\" data-id=\"0208211\" data-element_type=\"widget\" data-e-type=\"widget\" data-widget_type=\"spacer.default\">\n\t\t\t\t<div class=\"elementor-widget-container\">\n\t\t\t\t\t\t\t<div class=\"elementor-spacer\">\n\t\t\t<div class=\"elementor-spacer-inner\"><\/div>\n\t\t<\/div>\n\t\t\t\t\t\t<\/div>\n\t\t\t\t<\/div>\n\t\t\t\t<div class=\"elementor-element elementor-element-65a15a0 elementor-widget elementor-widget-heading\" data-id=\"65a15a0\" data-element_type=\"widget\" data-e-type=\"widget\" data-widget_type=\"heading.default\">\n\t\t\t\t<div class=\"elementor-widget-container\">\n\t\t\t\t\t<h1 class=\"elementor-heading-title elementor-size-default\">Kultur\u00e1lis \u00e9s Kreat\u00edv Ipari Platform<\/h1>\t\t\t\t<\/div>\n\t\t\t\t<\/div>\n\t\t\t\t<div class=\"elementor-element elementor-element-7951f43 elementor-widget elementor-widget-text-editor\" data-id=\"7951f43\" data-element_type=\"widget\" data-e-type=\"widget\" data-widget_type=\"text-editor.default\">\n\t\t\t\t<div class=\"elementor-widget-container\">\n\t\t\t\t\t\t\t\t\t<h4><span style=\"color: #ffffff;\">Egy\u00e9b, szakmai, tudom\u00e1nyos, m\u0171szaki tev\u00e9kenys\u00e9g<\/span><\/h4>\t\t\t\t\t\t\t\t<\/div>\n\t\t\t\t<\/div>\n\t\t\t\t\t<\/div>\n\t\t<\/div>\n\t\t\t\t\t<\/div>\n\t\t<\/section>\n\t\t\t\t<section class=\"elementor-section elementor-top-section elementor-element elementor-element-1cd1a8c elementor-section-stretched elementor-section-boxed elementor-section-height-default elementor-section-height-default\" data-id=\"1cd1a8c\" data-element_type=\"section\" data-e-type=\"section\" data-settings=\"{&quot;stretch_section&quot;:&quot;section-stretched&quot;,&quot;background_background&quot;:&quot;classic&quot;}\">\n\t\t\t\t\t\t<div class=\"elementor-container elementor-column-gap-no\">\n\t\t\t\t\t<div class=\"elementor-column elementor-col-100 elementor-top-column elementor-element elementor-element-56142c9\" data-id=\"56142c9\" data-element_type=\"column\" data-e-type=\"column\">\n\t\t\t<div class=\"elementor-widget-wrap elementor-element-populated\">\n\t\t\t\t\t\t<section class=\"elementor-section elementor-inner-section elementor-element elementor-element-1b2544a elementor-section-boxed elementor-section-height-default elementor-section-height-default\" data-id=\"1b2544a\" data-element_type=\"section\" data-e-type=\"section\">\n\t\t\t\t\t\t<div class=\"elementor-container elementor-column-gap-default\">\n\t\t\t\t\t<div class=\"elementor-column elementor-col-50 elementor-inner-column elementor-element elementor-element-96cd7fb\" data-id=\"96cd7fb\" data-element_type=\"column\" data-e-type=\"column\" data-settings=\"{&quot;background_background&quot;:&quot;classic&quot;}\">\n\t\t\t<div class=\"elementor-widget-wrap elementor-element-populated\">\n\t\t\t\t\t\t<div class=\"elementor-element elementor-element-680c77c elementor-widget elementor-widget-image\" data-id=\"680c77c\" data-element_type=\"widget\" data-e-type=\"widget\" data-widget_type=\"image.default\">\n\t\t\t\t<div class=\"elementor-widget-container\">\n\t\t\t\t\t\t\t\t\t\t\t\t\t\t\t<img fetchpriority=\"high\" decoding=\"async\" width=\"768\" height=\"576\" src=\"https:\/\/www.kdriu.hu\/wp-content\/uploads\/2021\/08\/alibutor_web-768x576.png\" class=\"attachment-medium_large size-medium_large wp-image-5214\" alt=\"\" srcset=\"https:\/\/www.kdriu.hu\/wp-content\/uploads\/2021\/08\/alibutor_web-768x576.png 768w, https:\/\/www.kdriu.hu\/wp-content\/uploads\/2021\/08\/alibutor_web-300x225.png 300w, https:\/\/www.kdriu.hu\/wp-content\/uploads\/2021\/08\/alibutor_web-16x12.png 16w, https:\/\/www.kdriu.hu\/wp-content\/uploads\/2021\/08\/alibutor_web.png 816w\" sizes=\"(max-width: 768px) 100vw, 768px\" \/>\t\t\t\t\t\t\t\t\t\t\t\t\t\t\t<\/div>\n\t\t\t\t<\/div>\n\t\t\t\t\t<\/div>\n\t\t<\/div>\n\t\t\t\t<div class=\"elementor-column elementor-col-50 elementor-inner-column elementor-element elementor-element-58d6434\" data-id=\"58d6434\" data-element_type=\"column\" data-e-type=\"column\" data-settings=\"{&quot;background_background&quot;:&quot;classic&quot;}\">\n\t\t\t<div class=\"elementor-widget-wrap elementor-element-populated\">\n\t\t\t\t\t\t<div class=\"elementor-element elementor-element-c0a525e elementor-widget elementor-widget-heading\" data-id=\"c0a525e\" data-element_type=\"widget\" data-e-type=\"widget\" data-widget_type=\"heading.default\">\n\t\t\t\t<div class=\"elementor-widget-container\">\n\t\t\t\t\t<h3 class=\"elementor-heading-title elementor-size-default\">Alib\u00fator Kft.<\/h3>\t\t\t\t<\/div>\n\t\t\t\t<\/div>\n\t\t\t\t<div class=\"elementor-element elementor-element-92085a1 elementor-widget elementor-widget-text-editor\" data-id=\"92085a1\" data-element_type=\"widget\" data-e-type=\"widget\" data-widget_type=\"text-editor.default\">\n\t\t\t\t<div class=\"elementor-widget-container\">\n\t\t\t\t\t\t\t\t\t<p><strong>A szervezet c\u00edme:<\/strong>\u00a08000 Sz\u00e9kesfeh\u00e9rv\u00e1r<\/p><p><strong>Weboldal:<\/strong>\u00a0<a href=\"https:\/\/alibutor.hu\/\" target=\"_blank\" rel=\"noopener\">www.alibutor.hu<\/a><\/p><p><strong>K\u00f6z\u00f6ss\u00e9gi oldalak: <\/strong><a href=\"https:\/\/www.facebook.com\/alibutor\" target=\"_blank\" rel=\"noopener\">https:\/\/www.facebook.com\/alibutor<\/a><strong><br \/>Kapcsolattart\u00f3 neve: <\/strong>T\u00f3th Martin<strong><br \/>E-mail: <\/strong>toth.martin93@gmail.com<strong><br \/>Phone: <\/strong>+36 30 853 5857<\/p><p><strong>A szervezet konkr\u00e9t tev\u00e9kenys\u00e9ge:<\/strong> Kereskedelem<\/p><p><strong>R\u00f6vid bemutatkoz\u00e1s:<\/strong> Term\u00e9kk\u00edn\u00e1latunkat el\u0151zetes kutat\u00e1s, felm\u00e9r\u00e9sek alapj\u00e1n gondosan \u00e1ll\u00edtottuk \u00f6ssze, hogy v\u00e1s\u00e1rl\u00f3ink a lehet\u0151 legjobb \u00e1r\/\u00e9rt\u00e9k ar\u00e1ny\u00fa term\u00e9kekhez juthassanak hozz\u00e1. Minden term\u00e9k\u00fcnk lapraszerelt, viszont ennek ellen\u00e9re strapab\u00edr\u00f3 anyagb\u00f3l k\u00e9sz\u00fcltek, \u00edgy biztos lehet benne, hogy min\u0151s\u00e9gileg megfelel\u0151 term\u00e9ket fog n\u00e1lunk v\u00e1s\u00e1rolni.\u00a0<\/p>\t\t\t\t\t\t\t\t<\/div>\n\t\t\t\t<\/div>\n\t\t\t\t\t<\/div>\n\t\t<\/div>\n\t\t\t\t\t<\/div>\n\t\t<\/section>\n\t\t\t\t<section class=\"elementor-section elementor-inner-section elementor-element elementor-element-41654c4 elementor-section-boxed elementor-section-height-default elementor-section-height-default\" data-id=\"41654c4\" data-element_type=\"section\" data-e-type=\"section\">\n\t\t\t\t\t\t<div class=\"elementor-container elementor-column-gap-default\">\n\t\t\t\t\t<div class=\"elementor-column elementor-col-50 elementor-inner-column elementor-element elementor-element-163bc9f\" data-id=\"163bc9f\" data-element_type=\"column\" data-e-type=\"column\" data-settings=\"{&quot;background_background&quot;:&quot;classic&quot;}\">\n\t\t\t<div class=\"elementor-widget-wrap elementor-element-populated\">\n\t\t\t\t\t\t<div class=\"elementor-element elementor-element-7b73ca5 elementor-widget elementor-widget-image\" data-id=\"7b73ca5\" data-element_type=\"widget\" data-e-type=\"widget\" data-widget_type=\"image.default\">\n\t\t\t\t<div class=\"elementor-widget-container\">\n\t\t\t\t\t\t\t\t\t\t\t\t\t\t\t<img decoding=\"async\" width=\"768\" height=\"576\" src=\"https:\/\/www.kdriu.hu\/wp-content\/uploads\/2021\/08\/klaszter1-768x576.jpg\" class=\"attachment-medium_large size-medium_large wp-image-5223\" alt=\"\" srcset=\"https:\/\/www.kdriu.hu\/wp-content\/uploads\/2021\/08\/klaszter1-768x576.jpg 768w, https:\/\/www.kdriu.hu\/wp-content\/uploads\/2021\/08\/klaszter1-300x225.jpg 300w, https:\/\/www.kdriu.hu\/wp-content\/uploads\/2021\/08\/klaszter1-16x12.jpg 16w, https:\/\/www.kdriu.hu\/wp-content\/uploads\/2021\/08\/klaszter1.jpg 800w\" sizes=\"(max-width: 768px) 100vw, 768px\" \/>\t\t\t\t\t\t\t\t\t\t\t\t\t\t\t<\/div>\n\t\t\t\t<\/div>\n\t\t\t\t\t<\/div>\n\t\t<\/div>\n\t\t\t\t<div class=\"elementor-column elementor-col-50 elementor-inner-column elementor-element elementor-element-02134cd\" data-id=\"02134cd\" data-element_type=\"column\" data-e-type=\"column\" data-settings=\"{&quot;background_background&quot;:&quot;classic&quot;}\">\n\t\t\t<div class=\"elementor-widget-wrap elementor-element-populated\">\n\t\t\t\t\t\t<div class=\"elementor-element elementor-element-ad25c3a elementor-widget elementor-widget-heading\" data-id=\"ad25c3a\" data-element_type=\"widget\" data-e-type=\"widget\" data-widget_type=\"heading.default\">\n\t\t\t\t<div class=\"elementor-widget-container\">\n\t\t\t\t\t<h3 class=\"elementor-heading-title elementor-size-default\">6C Kultur\u00e1lis \u00e9s Kreat\u00edv Ipari Klaszter<\/h3>\t\t\t\t<\/div>\n\t\t\t\t<\/div>\n\t\t\t\t<div class=\"elementor-element elementor-element-1cfbd16 elementor-widget elementor-widget-text-editor\" data-id=\"1cfbd16\" data-element_type=\"widget\" data-e-type=\"widget\" data-widget_type=\"text-editor.default\">\n\t\t\t\t<div class=\"elementor-widget-container\">\n\t\t\t\t\t\t\t\t\t<p><strong>A szervezet c\u00edme:<\/strong> 8000 Sz\u00e9kesfeh\u00e9rv\u00e1r<\/p><p><strong>Weboldal: <\/strong><a href=\"https:\/\/personaldj.hu\/\" target=\"_blank\" rel=\"noopener\">&#8211;<\/a><\/p><p><strong>K\u00f6z\u00f6ss\u00e9gi oldalak:<\/strong> <a href=\"https:\/\/www.facebook.com\/eskuvo.dj.fehervar\" target=\"_blank\" rel=\"noopener\">&#8211;<\/a><br \/><strong>Kapcsolattart\u00f3 neve<\/strong>: Bar\u00e1th Gabriella<br \/><strong>E-mail<\/strong>: gbarath@kdriu.hu<br \/><strong>Phone:<\/strong> +36 20 917 2741<\/p><p><strong>A szervezet konkr\u00e9t tev\u00e9kenys\u00e9ge: <\/strong><\/p><ul><li>a kultur\u00e1lis \u00e9s kreat\u00edv ipar ter\u00fclet\u00e9n m\u0171k\u00f6d\u0151 v\u00e1llalkoz\u00e1sok versenypiacon val\u00f3 sikeres m\u0171k\u00f6d\u00e9s\u00fck felt\u00e9teleinek tov\u00e1bbfejleszt\u00e9se;\u00a0<\/li><li>kultur\u00e1lis innov\u00e1ci\u00f3s h\u00e1l\u00f3zat l\u00e9trehoz\u00e1sa \u00e9s az innovat\u00edv \u00e1gazati szerepl\u0151k koordin\u00e1lt egy\u00fcttm\u0171k\u00f6d\u00e9s\u00e9nek megteremt\u00e9se;<\/li><li>a kultur\u00e1lis szolg\u00e1ltat\u00e1si paletta \u00e9s term\u00e9kk\u00edn\u00e1lat b\u0151v\u00edt\u00e9se, marketingj\u00e9nek tervez\u00e9se, szervez\u00e9se<\/li><li>a kultur\u00e1lis \u00e9s kreat\u00edv ipar ter\u00fclet\u00e9n m\u0171k\u00f6d\u0151 v\u00e1llalkoz\u00e1sok j\u00f6vedelmez\u0151s\u00e9g\u00e9nek n\u00f6vel\u00e9se<\/li><li>a tagok nemzetk\u00f6zi \u00fczleti kapcsolatainak er\u0151s\u00edt\u00e9se, fenntarthat\u00f3 \u00fczleti modellek kidolgoz\u00e1sa<\/li><li>innovat\u00edv informatikai megold\u00e1sok \u00e9s tud\u00e1smegoszt\u00e1st t\u00e1mogat\u00f3 rendszerek kialak\u00edt\u00e1sa a kreat\u00edv ipar \u00e9s a kultur\u00e1lis szolg\u00e1ltat\u00e1sok ter\u00fclet\u00e9n.<\/li><\/ul>\t\t\t\t\t\t\t\t<\/div>\n\t\t\t\t<\/div>\n\t\t\t\t\t<\/div>\n\t\t<\/div>\n\t\t\t\t\t<\/div>\n\t\t<\/section>\n\t\t\t\t\t<\/div>\n\t\t<\/div>\n\t\t\t\t\t<\/div>\n\t\t<\/section>\n\t\t\t\t<\/div>","protected":false},"excerpt":{"rendered":"<p>Kultur\u00e1lis \u00e9s Kreat\u00edv Ipari Platform Egy\u00e9b, szakmai, tudom\u00e1nyos, m\u0171szaki tev\u00e9kenys\u00e9g Alib\u00fator Kft. A szervezet c\u00edme:&nbsp;8000 Sz\u00e9kesfeh\u00e9rv\u00e1r Weboldal:&nbsp;www.alibutor.hu K\u00f6z\u00f6ss\u00e9gi oldalak: https:\/\/www.facebook.com\/alibutor Kapcsolattart\u00f3 neve: T\u00f3th Martin E-mail: toth.martin93@gmail.com Telefon: +36 30 853 5857 A szervezet konkr\u00e9t tev\u00e9kenys\u00e9ge: Kereskedelem R\u00f6vid bemutatkoz\u00e1s: Term\u00e9kk\u00edn\u00e1latunkat el\u0151zetes kutat\u00e1s, felm\u00e9r\u00e9sek alapj\u00e1n gondosan \u00e1ll\u00edtottuk \u00f6ssze, hogy v\u00e1s\u00e1rl\u00f3ink a lehet\u0151 legjobb \u00e1r\/\u00e9rt\u00e9k ar\u00e1ny\u00fa term\u00e9kekhez juthassanak [&hellip;]<\/p>\n","protected":false},"author":1,"featured_media":0,"parent":0,"menu_order":0,"comment_status":"closed","ping_status":"closed","template":"","meta":{"site-sidebar-layout":"no-sidebar","site-content-layout":"page-builder","ast-site-content-layout":"default","site-content-style":"default","site-sidebar-style":"default","ast-global-header-display":"","ast-banner-title-visibility":"","ast-main-header-display":"","ast-hfb-above-header-display":"","ast-hfb-below-header-display":"","ast-hfb-mobile-header-display":"","site-post-title":"disabled","ast-breadcrumbs-content":"","ast-featured-img":"disabled","footer-sml-layout":"","ast-disable-related-posts":"","theme-transparent-header-meta":"default","adv-header-id-meta":"","stick-header-meta":"","header-above-stick-meta":"","header-main-stick-meta":"","header-below-stick-meta":"","astra-migrate-meta-layouts":"default","ast-page-background-enabled":"default","ast-page-background-meta":{"desktop":{"background-color":"","background-image":"","background-repeat":"repeat","background-position":"center center","background-size":"auto","background-attachment":"scroll","background-type":"","background-media":"","overlay-type":"","overlay-color":"","overlay-opacity":"","overlay-gradient":""},"tablet":{"background-color":"","background-image":"","background-repeat":"repeat","background-position":"center center","background-size":"auto","background-attachment":"scroll","background-type":"","background-media":"","overlay-type":"","overlay-color":"","overlay-opacity":"","overlay-gradient":""},"mobile":{"background-color":"","background-image":"","background-repeat":"repeat","background-position":"center center","background-size":"auto","background-attachment":"scroll","background-type":"","background-media":"","overlay-type":"","overlay-color":"","overlay-opacity":"","overlay-gradient":""}},"ast-content-background-meta":{"desktop":{"background-color":"var(--ast-global-color-5)","background-image":"","background-repeat":"repeat","background-position":"center center","background-size":"auto","background-attachment":"scroll","background-type":"","background-media":"","overlay-type":"","overlay-color":"","overlay-opacity":"","overlay-gradient":""},"tablet":{"background-color":"var(--ast-global-color-5)","background-image":"","background-repeat":"repeat","background-position":"center center","background-size":"auto","background-attachment":"scroll","background-type":"","background-media":"","overlay-type":"","overlay-color":"","overlay-opacity":"","overlay-gradient":""},"mobile":{"background-color":"var(--ast-global-color-5)","background-image":"","background-repeat":"repeat","background-position":"center center","background-size":"auto","background-attachment":"scroll","background-type":"","background-media":"","overlay-type":"","overlay-color":"","overlay-opacity":"","overlay-gradient":""}},"footnotes":""},"class_list":["post-5116","page","type-page","status-publish","hentry"],"_links":{"self":[{"href":"https:\/\/www.kdriu.hu\/en\/wp-json\/wp\/v2\/pages\/5116","targetHints":{"allow":["GET"]}}],"collection":[{"href":"https:\/\/www.kdriu.hu\/en\/wp-json\/wp\/v2\/pages"}],"about":[{"href":"https:\/\/www.kdriu.hu\/en\/wp-json\/wp\/v2\/types\/page"}],"author":[{"embeddable":true,"href":"https:\/\/www.kdriu.hu\/en\/wp-json\/wp\/v2\/users\/1"}],"replies":[{"embeddable":true,"href":"https:\/\/www.kdriu.hu\/en\/wp-json\/wp\/v2\/comments?post=5116"}],"version-history":[{"count":23,"href":"https:\/\/www.kdriu.hu\/en\/wp-json\/wp\/v2\/pages\/5116\/revisions"}],"predecessor-version":[{"id":5388,"href":"https:\/\/www.kdriu.hu\/en\/wp-json\/wp\/v2\/pages\/5116\/revisions\/5388"}],"wp:attachment":[{"href":"https:\/\/www.kdriu.hu\/en\/wp-json\/wp\/v2\/media?parent=5116"}],"curies":[{"name":"wp","href":"https:\/\/api.w.org\/{rel}","templated":true}]}}