{"id":5121,"date":"2021-08-23T11:04:49","date_gmt":"2021-08-23T11:04:49","guid":{"rendered":"http:\/\/www.kdriu.hu\/?page_id=5121"},"modified":"2021-08-25T12:15:26","modified_gmt":"2021-08-25T12:15:26","slug":"kkip-kiadoi-tevekenyseg","status":"publish","type":"page","link":"https:\/\/www.kdriu.hu\/en\/kkip-kiadoi-tevekenyseg\/","title":{"rendered":"Kultur\u00e1lis \u00e9s Kreat\u00edv Ipari Platform &#8211; Kiad\u00f3i tev\u00e9kenys\u00e9g"},"content":{"rendered":"<div data-elementor-type=\"wp-page\" data-elementor-id=\"5121\" class=\"elementor elementor-5121\" data-elementor-post-type=\"page\">\n\t\t\t\t\t\t<section class=\"elementor-section elementor-top-section elementor-element elementor-element-2ada7ac elementor-section-stretched elementor-section-height-min-height elementor-section-boxed elementor-section-height-default elementor-section-items-middle elementor-invisible\" data-id=\"2ada7ac\" data-element_type=\"section\" data-e-type=\"section\" data-settings=\"{&quot;background_background&quot;:&quot;classic&quot;,&quot;stretch_section&quot;:&quot;section-stretched&quot;,&quot;animation&quot;:&quot;fadeIn&quot;}\">\n\t\t\t\t\t\t\t<div class=\"elementor-background-overlay\"><\/div>\n\t\t\t\t\t\t\t<div class=\"elementor-container elementor-column-gap-no\">\n\t\t\t\t\t<div class=\"elementor-column elementor-col-100 elementor-top-column elementor-element elementor-element-1fd58d6\" data-id=\"1fd58d6\" data-element_type=\"column\" data-e-type=\"column\">\n\t\t\t<div class=\"elementor-widget-wrap elementor-element-populated\">\n\t\t\t\t\t\t<div class=\"elementor-element elementor-element-b284c30 elementor-widget elementor-widget-spacer\" data-id=\"b284c30\" data-element_type=\"widget\" data-e-type=\"widget\" data-widget_type=\"spacer.default\">\n\t\t\t\t<div class=\"elementor-widget-container\">\n\t\t\t\t\t\t\t<div class=\"elementor-spacer\">\n\t\t\t<div class=\"elementor-spacer-inner\"><\/div>\n\t\t<\/div>\n\t\t\t\t\t\t<\/div>\n\t\t\t\t<\/div>\n\t\t\t\t<div class=\"elementor-element elementor-element-34bc6d3 elementor-widget elementor-widget-heading\" data-id=\"34bc6d3\" data-element_type=\"widget\" data-e-type=\"widget\" data-widget_type=\"heading.default\">\n\t\t\t\t<div class=\"elementor-widget-container\">\n\t\t\t\t\t<h1 class=\"elementor-heading-title elementor-size-default\">Kultur\u00e1lis \u00e9s Kreat\u00edv Ipari Platform<\/h1>\t\t\t\t<\/div>\n\t\t\t\t<\/div>\n\t\t\t\t<div class=\"elementor-element elementor-element-8a02f01 elementor-widget elementor-widget-text-editor\" data-id=\"8a02f01\" data-element_type=\"widget\" data-e-type=\"widget\" data-widget_type=\"text-editor.default\">\n\t\t\t\t<div class=\"elementor-widget-container\">\n\t\t\t\t\t\t\t\t\t<h4><span style=\"color: #ffffff;\">Kiad\u00f3i tev\u00e9kenys\u00e9g<\/span><\/h4>\t\t\t\t\t\t\t\t<\/div>\n\t\t\t\t<\/div>\n\t\t\t\t\t<\/div>\n\t\t<\/div>\n\t\t\t\t\t<\/div>\n\t\t<\/section>\n\t\t\t\t<section class=\"elementor-section elementor-top-section elementor-element elementor-element-ba21cba elementor-section-stretched elementor-section-boxed elementor-section-height-default elementor-section-height-default\" data-id=\"ba21cba\" data-element_type=\"section\" data-e-type=\"section\" data-settings=\"{&quot;stretch_section&quot;:&quot;section-stretched&quot;,&quot;background_background&quot;:&quot;classic&quot;}\">\n\t\t\t\t\t\t<div class=\"elementor-container elementor-column-gap-no\">\n\t\t\t\t\t<div class=\"elementor-column elementor-col-100 elementor-top-column elementor-element elementor-element-b23ba88\" data-id=\"b23ba88\" data-element_type=\"column\" data-e-type=\"column\">\n\t\t\t<div class=\"elementor-widget-wrap elementor-element-populated\">\n\t\t\t\t\t\t<section class=\"elementor-section elementor-inner-section elementor-element elementor-element-bf03d36 elementor-section-boxed elementor-section-height-default elementor-section-height-default\" data-id=\"bf03d36\" data-element_type=\"section\" data-e-type=\"section\">\n\t\t\t\t\t\t<div class=\"elementor-container elementor-column-gap-default\">\n\t\t\t\t\t<div class=\"elementor-column elementor-col-50 elementor-inner-column elementor-element elementor-element-a412f55\" data-id=\"a412f55\" data-element_type=\"column\" data-e-type=\"column\" data-settings=\"{&quot;background_background&quot;:&quot;classic&quot;}\">\n\t\t\t<div class=\"elementor-widget-wrap elementor-element-populated\">\n\t\t\t\t\t\t<div class=\"elementor-element elementor-element-08136e2 elementor-widget elementor-widget-image\" data-id=\"08136e2\" data-element_type=\"widget\" data-e-type=\"widget\" data-widget_type=\"image.default\">\n\t\t\t\t<div class=\"elementor-widget-container\">\n\t\t\t\t\t\t\t\t\t\t\t\t\t\t\t<img fetchpriority=\"high\" decoding=\"async\" width=\"768\" height=\"760\" src=\"https:\/\/www.kdriu.hu\/wp-content\/uploads\/2021\/08\/beecorp_web-768x760.jpg\" class=\"attachment-medium_large size-medium_large wp-image-5245\" alt=\"\" srcset=\"https:\/\/www.kdriu.hu\/wp-content\/uploads\/2021\/08\/beecorp_web-768x760.jpg 768w, https:\/\/www.kdriu.hu\/wp-content\/uploads\/2021\/08\/beecorp_web-300x297.jpg 300w, https:\/\/www.kdriu.hu\/wp-content\/uploads\/2021\/08\/beecorp_web-12x12.jpg 12w, https:\/\/www.kdriu.hu\/wp-content\/uploads\/2021\/08\/beecorp_web.jpg 816w\" sizes=\"(max-width: 768px) 100vw, 768px\" \/>\t\t\t\t\t\t\t\t\t\t\t\t\t\t\t<\/div>\n\t\t\t\t<\/div>\n\t\t\t\t\t<\/div>\n\t\t<\/div>\n\t\t\t\t<div class=\"elementor-column elementor-col-50 elementor-inner-column elementor-element elementor-element-f996b0a\" data-id=\"f996b0a\" data-element_type=\"column\" data-e-type=\"column\" data-settings=\"{&quot;background_background&quot;:&quot;classic&quot;}\">\n\t\t\t<div class=\"elementor-widget-wrap elementor-element-populated\">\n\t\t\t\t\t\t<div class=\"elementor-element elementor-element-c352d46 elementor-widget elementor-widget-heading\" data-id=\"c352d46\" data-element_type=\"widget\" data-e-type=\"widget\" data-widget_type=\"heading.default\">\n\t\t\t\t<div class=\"elementor-widget-container\">\n\t\t\t\t\t<h3 class=\"elementor-heading-title elementor-size-default\">BeeCorp Studio Kft.<\/h3>\t\t\t\t<\/div>\n\t\t\t\t<\/div>\n\t\t\t\t<div class=\"elementor-element elementor-element-db718bc elementor-widget elementor-widget-text-editor\" data-id=\"db718bc\" data-element_type=\"widget\" data-e-type=\"widget\" data-widget_type=\"text-editor.default\">\n\t\t\t\t<div class=\"elementor-widget-container\">\n\t\t\t\t\t\t\t\t\t<p><strong>A szervezet c\u00edme:<\/strong>\u00a08000 Sz\u00e9kesfeh\u00e9rv\u00e1r, Kossuth utca 11.<\/p><p><strong>Weboldal:<\/strong>\u00a0<a href=\"https:\/\/beecorpstudio.hu\/\" target=\"_blank\" rel=\"noopener\">https:\/\/beecorpstudio.hu\/<\/a><\/p><p><strong>K\u00f6z\u00f6ss\u00e9gi oldalak: <\/strong><a href=\"https:\/\/www.facebook.com\/beecorpstudio\" target=\"_blank\" rel=\"noopener\">https:\/\/www.facebook.com\/beecorpstudio<\/a><strong><br \/>Kapcsolattart\u00f3 neve: <\/strong>Szab\u00f3 Bianka Anna<strong><br \/>E-mail: <\/strong>bianka@beecorpstudio.hu<strong><br \/>Phone: <\/strong>+36 20 210 3984<\/p><p><strong>A szervezet konkr\u00e9t tev\u00e9kenys\u00e9ge:<\/strong><\/p><ul><li>Rekl\u00e1mgrafika,<\/li><li>2d\/3D Anim\u00e1ci\u00f3k\u00e9sz\u00edt\u00e9s,<\/li><li>K\u00f6nyvkiad\u00e1s,<\/li><li>Weboldalk\u00e9sz\u00edt\u00e9s,<\/li><li>Keres\u0151optimaliz\u00e1l\u00e1s,<\/li><li>Online marketing<\/li><\/ul>\t\t\t\t\t\t\t\t<\/div>\n\t\t\t\t<\/div>\n\t\t\t\t\t<\/div>\n\t\t<\/div>\n\t\t\t\t\t<\/div>\n\t\t<\/section>\n\t\t\t\t\t<\/div>\n\t\t<\/div>\n\t\t\t\t\t<\/div>\n\t\t<\/section>\n\t\t\t\t<\/div>","protected":false},"excerpt":{"rendered":"<p>Kultur\u00e1lis \u00e9s Kreat\u00edv Ipari Platform Kiad\u00f3i tev\u00e9kenys\u00e9g BeeCorp Studio Kft. A szervezet c\u00edme:&nbsp;8000 Sz\u00e9kesfeh\u00e9rv\u00e1r, Kossuth utca 11. Weboldal:&nbsp;https:\/\/beecorpstudio.hu\/ K\u00f6z\u00f6ss\u00e9gi oldalak: https:\/\/www.facebook.com\/beecorpstudio Kapcsolattart\u00f3 neve: Szab\u00f3 Bianka Anna E-mail: bianka@beecorpstudio.hu Telefon: +36 20 210 3984 A szervezet konkr\u00e9t tev\u00e9kenys\u00e9ge: Rekl\u00e1mgrafika, 2d\/3D Anim\u00e1ci\u00f3k\u00e9sz\u00edt\u00e9s, K\u00f6nyvkiad\u00e1s, Weboldalk\u00e9sz\u00edt\u00e9s, Keres\u0151optimaliz\u00e1l\u00e1s, Online marketing<\/p>","protected":false},"author":1,"featured_media":0,"parent":0,"menu_order":0,"comment_status":"closed","ping_status":"closed","template":"","meta":{"site-sidebar-layout":"no-sidebar","site-content-layout":"page-builder","ast-site-content-layout":"default","site-content-style":"default","site-sidebar-style":"default","ast-global-header-display":"","ast-banner-title-visibility":"","ast-main-header-display":"","ast-hfb-above-header-display":"","ast-hfb-below-header-display":"","ast-hfb-mobile-header-display":"","site-post-title":"disabled","ast-breadcrumbs-content":"","ast-featured-img":"disabled","footer-sml-layout":"","ast-disable-related-posts":"","theme-transparent-header-meta":"default","adv-header-id-meta":"","stick-header-meta":"","header-above-stick-meta":"","header-main-stick-meta":"","header-below-stick-meta":"","astra-migrate-meta-layouts":"default","ast-page-background-enabled":"default","ast-page-background-meta":{"desktop":{"background-color":"","background-image":"","background-repeat":"repeat","background-position":"center center","background-size":"auto","background-attachment":"scroll","background-type":"","background-media":"","overlay-type":"","overlay-color":"","overlay-opacity":"","overlay-gradient":""},"tablet":{"background-color":"","background-image":"","background-repeat":"repeat","background-position":"center center","background-size":"auto","background-attachment":"scroll","background-type":"","background-media":"","overlay-type":"","overlay-color":"","overlay-opacity":"","overlay-gradient":""},"mobile":{"background-color":"","background-image":"","background-repeat":"repeat","background-position":"center center","background-size":"auto","background-attachment":"scroll","background-type":"","background-media":"","overlay-type":"","overlay-color":"","overlay-opacity":"","overlay-gradient":""}},"ast-content-background-meta":{"desktop":{"background-color":"var(--ast-global-color-5)","background-image":"","background-repeat":"repeat","background-position":"center center","background-size":"auto","background-attachment":"scroll","background-type":"","background-media":"","overlay-type":"","overlay-color":"","overlay-opacity":"","overlay-gradient":""},"tablet":{"background-color":"var(--ast-global-color-5)","background-image":"","background-repeat":"repeat","background-position":"center center","background-size":"auto","background-attachment":"scroll","background-type":"","background-media":"","overlay-type":"","overlay-color":"","overlay-opacity":"","overlay-gradient":""},"mobile":{"background-color":"var(--ast-global-color-5)","background-image":"","background-repeat":"repeat","background-position":"center center","background-size":"auto","background-attachment":"scroll","background-type":"","background-media":"","overlay-type":"","overlay-color":"","overlay-opacity":"","overlay-gradient":""}},"footnotes":""},"class_list":["post-5121","page","type-page","status-publish","hentry"],"_links":{"self":[{"href":"https:\/\/www.kdriu.hu\/en\/wp-json\/wp\/v2\/pages\/5121","targetHints":{"allow":["GET"]}}],"collection":[{"href":"https:\/\/www.kdriu.hu\/en\/wp-json\/wp\/v2\/pages"}],"about":[{"href":"https:\/\/www.kdriu.hu\/en\/wp-json\/wp\/v2\/types\/page"}],"author":[{"embeddable":true,"href":"https:\/\/www.kdriu.hu\/en\/wp-json\/wp\/v2\/users\/1"}],"replies":[{"embeddable":true,"href":"https:\/\/www.kdriu.hu\/en\/wp-json\/wp\/v2\/comments?post=5121"}],"version-history":[{"count":17,"href":"https:\/\/www.kdriu.hu\/en\/wp-json\/wp\/v2\/pages\/5121\/revisions"}],"predecessor-version":[{"id":5401,"href":"https:\/\/www.kdriu.hu\/en\/wp-json\/wp\/v2\/pages\/5121\/revisions\/5401"}],"wp:attachment":[{"href":"https:\/\/www.kdriu.hu\/en\/wp-json\/wp\/v2\/media?parent=5121"}],"curies":[{"name":"wp","href":"https:\/\/api.w.org\/{rel}","templated":true}]}}