{"id":5129,"date":"2021-08-23T11:07:30","date_gmt":"2021-08-23T11:07:30","guid":{"rendered":"http:\/\/www.kdriu.hu\/?page_id=5129"},"modified":"2021-08-25T13:31:58","modified_gmt":"2021-08-25T13:31:58","slug":"kkip-reklam-piackutatas","status":"publish","type":"page","link":"https:\/\/www.kdriu.hu\/en\/kkip-reklam-piackutatas\/","title":{"rendered":"Kultur\u00e1lis \u00e9s Kreat\u00edv Ipari Platform &#8211; Rekl\u00e1m, piackutat\u00e1s"},"content":{"rendered":"<div data-elementor-type=\"wp-page\" data-elementor-id=\"5129\" class=\"elementor elementor-5129\" data-elementor-post-type=\"page\">\n\t\t\t\t\t\t<section class=\"elementor-section elementor-top-section elementor-element elementor-element-6f4e41a elementor-section-stretched elementor-section-height-min-height elementor-section-boxed elementor-section-height-default elementor-section-items-middle elementor-invisible\" data-id=\"6f4e41a\" data-element_type=\"section\" data-e-type=\"section\" data-settings=\"{&quot;background_background&quot;:&quot;classic&quot;,&quot;stretch_section&quot;:&quot;section-stretched&quot;,&quot;animation&quot;:&quot;fadeIn&quot;}\">\n\t\t\t\t\t\t\t<div class=\"elementor-background-overlay\"><\/div>\n\t\t\t\t\t\t\t<div class=\"elementor-container elementor-column-gap-no\">\n\t\t\t\t\t<div class=\"elementor-column elementor-col-100 elementor-top-column elementor-element elementor-element-53ec788\" data-id=\"53ec788\" data-element_type=\"column\" data-e-type=\"column\">\n\t\t\t<div class=\"elementor-widget-wrap elementor-element-populated\">\n\t\t\t\t\t\t<div class=\"elementor-element elementor-element-10ee4e5 elementor-widget elementor-widget-spacer\" data-id=\"10ee4e5\" data-element_type=\"widget\" data-e-type=\"widget\" data-widget_type=\"spacer.default\">\n\t\t\t\t<div class=\"elementor-widget-container\">\n\t\t\t\t\t\t\t<div class=\"elementor-spacer\">\n\t\t\t<div class=\"elementor-spacer-inner\"><\/div>\n\t\t<\/div>\n\t\t\t\t\t\t<\/div>\n\t\t\t\t<\/div>\n\t\t\t\t<div class=\"elementor-element elementor-element-b47379e elementor-widget elementor-widget-heading\" data-id=\"b47379e\" data-element_type=\"widget\" data-e-type=\"widget\" data-widget_type=\"heading.default\">\n\t\t\t\t<div class=\"elementor-widget-container\">\n\t\t\t\t\t<h1 class=\"elementor-heading-title elementor-size-default\">Kultur\u00e1lis \u00e9s Kreat\u00edv Ipari Platform<\/h1>\t\t\t\t<\/div>\n\t\t\t\t<\/div>\n\t\t\t\t<div class=\"elementor-element elementor-element-af6d781 elementor-widget elementor-widget-text-editor\" data-id=\"af6d781\" data-element_type=\"widget\" data-e-type=\"widget\" data-widget_type=\"text-editor.default\">\n\t\t\t\t<div class=\"elementor-widget-container\">\n\t\t\t\t\t\t\t\t\t<h4><span style=\"color: #ffffff;\">Rekl\u00e1m, piackutat\u00e1s<\/span><\/h4>\t\t\t\t\t\t\t\t<\/div>\n\t\t\t\t<\/div>\n\t\t\t\t\t<\/div>\n\t\t<\/div>\n\t\t\t\t\t<\/div>\n\t\t<\/section>\n\t\t\t\t<section class=\"elementor-section elementor-top-section elementor-element elementor-element-de9b358 elementor-section-stretched elementor-section-boxed elementor-section-height-default elementor-section-height-default\" data-id=\"de9b358\" data-element_type=\"section\" data-e-type=\"section\" data-settings=\"{&quot;stretch_section&quot;:&quot;section-stretched&quot;,&quot;background_background&quot;:&quot;classic&quot;}\">\n\t\t\t\t\t\t<div class=\"elementor-container elementor-column-gap-no\">\n\t\t\t\t\t<div class=\"elementor-column elementor-col-100 elementor-top-column elementor-element elementor-element-e67b831\" data-id=\"e67b831\" data-element_type=\"column\" data-e-type=\"column\">\n\t\t\t<div class=\"elementor-widget-wrap elementor-element-populated\">\n\t\t\t\t\t\t<section class=\"elementor-section elementor-inner-section elementor-element elementor-element-ebbd6fa elementor-section-boxed elementor-section-height-default elementor-section-height-default\" data-id=\"ebbd6fa\" data-element_type=\"section\" data-e-type=\"section\">\n\t\t\t\t\t\t<div class=\"elementor-container elementor-column-gap-default\">\n\t\t\t\t\t<div class=\"elementor-column elementor-col-50 elementor-inner-column elementor-element elementor-element-fd745fe\" data-id=\"fd745fe\" data-element_type=\"column\" data-e-type=\"column\" data-settings=\"{&quot;background_background&quot;:&quot;classic&quot;}\">\n\t\t\t<div class=\"elementor-widget-wrap elementor-element-populated\">\n\t\t\t\t\t\t<div class=\"elementor-element elementor-element-9c5e471 elementor-widget elementor-widget-image\" data-id=\"9c5e471\" data-element_type=\"widget\" data-e-type=\"widget\" data-widget_type=\"image.default\">\n\t\t\t\t<div class=\"elementor-widget-container\">\n\t\t\t\t\t\t\t\t\t\t\t\t\t\t\t<img fetchpriority=\"high\" decoding=\"async\" width=\"768\" height=\"576\" src=\"https:\/\/www.kdriu.hu\/wp-content\/uploads\/2021\/08\/globus_trend_web-768x576.jpg\" class=\"attachment-medium_large size-medium_large wp-image-5265\" alt=\"\" srcset=\"https:\/\/www.kdriu.hu\/wp-content\/uploads\/2021\/08\/globus_trend_web-768x576.jpg 768w, https:\/\/www.kdriu.hu\/wp-content\/uploads\/2021\/08\/globus_trend_web-300x225.jpg 300w, https:\/\/www.kdriu.hu\/wp-content\/uploads\/2021\/08\/globus_trend_web-16x12.jpg 16w, https:\/\/www.kdriu.hu\/wp-content\/uploads\/2021\/08\/globus_trend_web.jpg 816w\" sizes=\"(max-width: 768px) 100vw, 768px\" \/>\t\t\t\t\t\t\t\t\t\t\t\t\t\t\t<\/div>\n\t\t\t\t<\/div>\n\t\t\t\t\t<\/div>\n\t\t<\/div>\n\t\t\t\t<div class=\"elementor-column elementor-col-50 elementor-inner-column elementor-element elementor-element-392f78b\" data-id=\"392f78b\" data-element_type=\"column\" data-e-type=\"column\" data-settings=\"{&quot;background_background&quot;:&quot;classic&quot;}\">\n\t\t\t<div class=\"elementor-widget-wrap elementor-element-populated\">\n\t\t\t\t\t\t<div class=\"elementor-element elementor-element-a305aa0 elementor-widget elementor-widget-heading\" data-id=\"a305aa0\" data-element_type=\"widget\" data-e-type=\"widget\" data-widget_type=\"heading.default\">\n\t\t\t\t<div class=\"elementor-widget-container\">\n\t\t\t\t\t<h3 class=\"elementor-heading-title elementor-size-default\">Globus Trend Bt.<\/h3>\t\t\t\t<\/div>\n\t\t\t\t<\/div>\n\t\t\t\t<div class=\"elementor-element elementor-element-235b5d7 elementor-widget elementor-widget-text-editor\" data-id=\"235b5d7\" data-element_type=\"widget\" data-e-type=\"widget\" data-widget_type=\"text-editor.default\">\n\t\t\t\t<div class=\"elementor-widget-container\">\n\t\t\t\t\t\t\t\t\t<p><strong>A szervezet c\u00edme:<\/strong> 8000 Sz\u00e9kesfeh\u00e9rv\u00e1r, Taksony utca 23.<\/p><p><strong>Weboldal:<\/strong>\u00a0<a href=\"https:\/\/www.globustrend.hu\" target=\"_blank\" rel=\"noopener\">https:\/\/www.globustrend.hu<\/a><\/p><p><strong>K\u00f6z\u00f6ss\u00e9gi oldalak: <\/strong><a href=\"https:\/\/www.facebook.com\/GlobusTrend\" target=\"_blank\" rel=\"noopener\">https:\/\/www.facebook.com\/GlobusTrend<\/a><strong><br \/>Kapcsolattart\u00f3 neve: <\/strong>Kall\u00f3s-K\u00f3k\u00e1ny Zsuzsanna<strong><br \/>E-mail: <\/strong>globustrend@gmail.com<strong><br \/>Phone: <\/strong>+36 70 338 4946<\/p><p><strong>A szervezet konkr\u00e9t tev\u00e9kenys\u00e9ge:<\/strong> Rekl\u00e1mdekor\u00e1ci\u00f3, grafikai tervez\u00e9s, rendezv\u00e9ny dekor\u00e1ci\u00f3, egyedi rekl\u00e1maj\u00e1nd\u00e9kok<\/p><p><strong>R\u00f6vid bemutatkoz\u00e1s:<\/strong> C\u00e9g\u00fcnk a Globus Trend Bt. Dekorst\u00fadi\u00f3 20 \u00e9ve m\u0171k\u00f6dik Sz\u00e9kesfeh\u00e9rv\u00e1ron. Szolg\u00e1lta-t\u00e1sainkat, term\u00e9keinket nem csak a megy\u00e9ben ismerik, hanem az orsz\u00e1g k\u00fcl\u00f6nb\u00f6z\u0151 pontjair\u00f3l is folyamatos megb\u00edz\u00e1saink vannak. V\u00e1llalkoz\u00e1sunk n\u00e9gyf\u00e9le szolg\u00e1ltat\u00e1s t\u00edpussal \u00e1ll Megb\u00edz\u00f3ink rendelkez\u00e9s\u00e9re. F\u0151 profilunk: &#8211; REKL\u00c1MDEKOR\u00c1CI\u00d3 &#8211; GRAFIKAI TERVEZ\u00c9S &#8211; RENDEZV\u00c9NY DEKOR\u00c1CI\u00d3 &#8211; EGYEDI REKL\u00c1MAJ\u00c1ND\u00c9KOK Stabil piaci jelenl\u00e9t\u00fcnk alapj\u00e1t biztos\u00edtja, hogy k\u00e9pesek vagyunk a fenti projekteket teljesk\u00f6r\u0171en lebonyol\u00edtani, mely jelenti &#8211; az ig\u00e9nyek pontos felm\u00e9r\u00e9s\u00e9t, &#8211; a megb\u00edz\u00f3val val\u00f3 kreat\u00edv egy\u00fctt gondolkod\u00e1st, &#8211; a pontos \u00e9s gyors tervez\u00e9st, &#8211; a szakszer\u0171 kivitelez\u00e9st, &#8211; a dekor\u00e1ci\u00f3s elemek kihelyez\u00e9s\u00e9t, szerel\u00e9s\u00e9t. Mott\u00f3nk \u201eElk\u00f6telezett c\u00e9lunknak tekintj\u00fck, hogy a v\u00e1llalkoz\u00e1sok m\u00e9lt\u00f3 megjelen\u00e9ssel k\u00e9pviselj\u00e9k \u00e9rt\u00e9keiket, hogy az els\u0151 benyom\u00e1s mindig pozit\u00edv legyen. Kialak\u00edtsunk egy olyan k\u00e9pet a c\u00e9gedr\u0151l, term\u00e9kedr\u0151l, szolg\u00e1ltat\u00e1sodr\u00f3l, ami b\u00e1rhol felismerhet\u0151, megjegyezhet\u0151, beazonos\u00edthat\u00f3, hogy kit\u0171nj\u00e9l a t\u00f6megb\u0151l! El\u00e9gedett l\u00e9gy \u00e9s b\u00fcszkes\u00e9ggel t\u00f6lts\u00f6n el a v\u00e9geredm\u00e9ny.<\/p>\t\t\t\t\t\t\t\t<\/div>\n\t\t\t\t<\/div>\n\t\t\t\t\t<\/div>\n\t\t<\/div>\n\t\t\t\t\t<\/div>\n\t\t<\/section>\n\t\t\t\t<section class=\"elementor-section elementor-inner-section elementor-element elementor-element-3d024f7 elementor-section-boxed elementor-section-height-default elementor-section-height-default\" data-id=\"3d024f7\" data-element_type=\"section\" data-e-type=\"section\">\n\t\t\t\t\t\t<div class=\"elementor-container elementor-column-gap-default\">\n\t\t\t\t\t<div class=\"elementor-column elementor-col-50 elementor-inner-column elementor-element elementor-element-66eea4f\" data-id=\"66eea4f\" data-element_type=\"column\" data-e-type=\"column\" data-settings=\"{&quot;background_background&quot;:&quot;classic&quot;}\">\n\t\t\t<div class=\"elementor-widget-wrap elementor-element-populated\">\n\t\t\t\t\t\t\t<\/div>\n\t\t<\/div>\n\t\t\t\t<div class=\"elementor-column elementor-col-50 elementor-inner-column elementor-element elementor-element-a512033\" data-id=\"a512033\" data-element_type=\"column\" data-e-type=\"column\" data-settings=\"{&quot;background_background&quot;:&quot;classic&quot;}\">\n\t\t\t<div class=\"elementor-widget-wrap elementor-element-populated\">\n\t\t\t\t\t\t<div class=\"elementor-element elementor-element-a04a56b elementor-widget elementor-widget-heading\" data-id=\"a04a56b\" data-element_type=\"widget\" data-e-type=\"widget\" data-widget_type=\"heading.default\">\n\t\t\t\t<div class=\"elementor-widget-container\">\n\t\t\t\t\t<h3 class=\"elementor-heading-title elementor-size-default\">Heged\u0171s \u00c1gota e.v.<\/h3>\t\t\t\t<\/div>\n\t\t\t\t<\/div>\n\t\t\t\t<div class=\"elementor-element elementor-element-02ed0c0 elementor-widget elementor-widget-text-editor\" data-id=\"02ed0c0\" data-element_type=\"widget\" data-e-type=\"widget\" data-widget_type=\"text-editor.default\">\n\t\t\t\t<div class=\"elementor-widget-container\">\n\t\t\t\t\t\t\t\t\t<p><strong>A szervezet c\u00edme:<\/strong> 8000 Sz\u00e9kesfeh\u00e9rv\u00e1r, Honv\u00e9d u. 3\/a.<\/p><p><strong>Weboldal:<\/strong>\u00a0<a href=\"http:\/\/chic-ago.hu\/\" target=\"_blank\" rel=\"noopener\">http:\/\/chic-ago.hu\/<\/a><\/p><p><strong>K\u00f6z\u00f6ss\u00e9gi oldalak: &#8211;<\/strong><br \/><strong>Kapcsolattart\u00f3 neve<\/strong>: Heged\u0171s \u00c1gota<br \/><strong>E-mail<\/strong>: hegedus.agota8@gmail.com<br \/><strong>Phone:<\/strong>\u00a0+36<span style=\"font-style: inherit; font-weight: inherit;\"> 30 444 7753<\/span><\/p><p><strong>A szervezet konkr\u00e9t tev\u00e9kenys\u00e9ge:<\/strong> Rekl\u00e1m, marketing<\/p><p><strong>R\u00f6vid bemutatkoz\u00e1s:<\/strong> Heged\u0171s \u00c1gota vagyok, t\u00f6bb mint h\u00fasz \u00e9ve foglalkozom, -folyamatos tanul\u00e1s mellett- marketinggel, rekl\u00e1mmal. Mind az online \u00e9s offline vonalon is otthonosan tev\u00e9kenykedem.<\/p>\t\t\t\t\t\t\t\t<\/div>\n\t\t\t\t<\/div>\n\t\t\t\t\t<\/div>\n\t\t<\/div>\n\t\t\t\t\t<\/div>\n\t\t<\/section>\n\t\t\t\t<section class=\"elementor-section elementor-inner-section elementor-element elementor-element-5bd1e9f elementor-section-boxed elementor-section-height-default elementor-section-height-default\" data-id=\"5bd1e9f\" data-element_type=\"section\" data-e-type=\"section\">\n\t\t\t\t\t\t<div class=\"elementor-container elementor-column-gap-default\">\n\t\t\t\t\t<div class=\"elementor-column elementor-col-50 elementor-inner-column elementor-element elementor-element-54bad01\" data-id=\"54bad01\" data-element_type=\"column\" data-e-type=\"column\" data-settings=\"{&quot;background_background&quot;:&quot;classic&quot;}\">\n\t\t\t<div class=\"elementor-widget-wrap elementor-element-populated\">\n\t\t\t\t\t\t<div class=\"elementor-element elementor-element-beaacd6 elementor-widget elementor-widget-image\" data-id=\"beaacd6\" data-element_type=\"widget\" data-e-type=\"widget\" data-widget_type=\"image.default\">\n\t\t\t\t<div class=\"elementor-widget-container\">\n\t\t\t\t\t\t\t\t\t\t\t\t\t\t\t<img decoding=\"async\" width=\"768\" height=\"576\" src=\"https:\/\/www.kdriu.hu\/wp-content\/uploads\/2021\/08\/Nuboo_web-768x576.jpg\" class=\"attachment-medium_large size-medium_large wp-image-5275\" alt=\"\" srcset=\"https:\/\/www.kdriu.hu\/wp-content\/uploads\/2021\/08\/Nuboo_web-768x576.jpg 768w, https:\/\/www.kdriu.hu\/wp-content\/uploads\/2021\/08\/Nuboo_web-300x225.jpg 300w, https:\/\/www.kdriu.hu\/wp-content\/uploads\/2021\/08\/Nuboo_web-16x12.jpg 16w, https:\/\/www.kdriu.hu\/wp-content\/uploads\/2021\/08\/Nuboo_web.jpg 816w\" sizes=\"(max-width: 768px) 100vw, 768px\" \/>\t\t\t\t\t\t\t\t\t\t\t\t\t\t\t<\/div>\n\t\t\t\t<\/div>\n\t\t\t\t\t<\/div>\n\t\t<\/div>\n\t\t\t\t<div class=\"elementor-column elementor-col-50 elementor-inner-column elementor-element elementor-element-d3edcc7\" data-id=\"d3edcc7\" data-element_type=\"column\" data-e-type=\"column\" data-settings=\"{&quot;background_background&quot;:&quot;classic&quot;}\">\n\t\t\t<div class=\"elementor-widget-wrap elementor-element-populated\">\n\t\t\t\t\t\t<div class=\"elementor-element elementor-element-09ebb8c elementor-widget elementor-widget-heading\" data-id=\"09ebb8c\" data-element_type=\"widget\" data-e-type=\"widget\" data-widget_type=\"heading.default\">\n\t\t\t\t<div class=\"elementor-widget-container\">\n\t\t\t\t\t<h3 class=\"elementor-heading-title elementor-size-default\">N\u00e9methn\u00e9 Unyi Bogl\u00e1rka e.v.<\/h3>\t\t\t\t<\/div>\n\t\t\t\t<\/div>\n\t\t\t\t<div class=\"elementor-element elementor-element-40a0ab3 elementor-widget elementor-widget-text-editor\" data-id=\"40a0ab3\" data-element_type=\"widget\" data-e-type=\"widget\" data-widget_type=\"text-editor.default\">\n\t\t\t\t<div class=\"elementor-widget-container\">\n\t\t\t\t\t\t\t\t\t<p><strong>A szervezet c\u00edme:<\/strong> 8146 Jen\u0151, Szabads\u00e1g utca 13.<\/p><p><strong>Weboldal:<\/strong>\u00a0<a href=\"https:\/\/nuboo.hu\/\" target=\"_blank\" rel=\"noopener\">https:\/\/nuboo.hu\/<\/a><\/p><p><strong>K\u00f6z\u00f6ss\u00e9gi oldalak:<\/strong> <a href=\"https:\/\/www.facebook.com\/Nuboo-1647401162165969\" target=\"_blank\" rel=\"noopener\">https:\/\/www.facebook.com\/Nuboo-1647401162165969<\/a><br \/><strong>Kapcsolattart\u00f3 neve<\/strong>: N\u00e9methn\u00e9 Unyi Bogl\u00e1rka<br \/><strong>E-mail<\/strong>: bogi.xse@gmail.com<br \/><strong>Phone:<\/strong> +36 20 293 0578<\/p><p><strong>A szervezet konkr\u00e9t tev\u00e9kenys\u00e9ge:<\/strong> Online rekl\u00e1m, marketing<\/p>\t\t\t\t\t\t\t\t<\/div>\n\t\t\t\t<\/div>\n\t\t\t\t\t<\/div>\n\t\t<\/div>\n\t\t\t\t\t<\/div>\n\t\t<\/section>\n\t\t\t\t<section class=\"elementor-section elementor-inner-section elementor-element elementor-element-8a5e8d8 elementor-section-boxed elementor-section-height-default elementor-section-height-default\" data-id=\"8a5e8d8\" data-element_type=\"section\" data-e-type=\"section\">\n\t\t\t\t\t\t<div class=\"elementor-container elementor-column-gap-default\">\n\t\t\t\t\t<div class=\"elementor-column elementor-col-50 elementor-inner-column elementor-element elementor-element-1f76a1a\" data-id=\"1f76a1a\" data-element_type=\"column\" data-e-type=\"column\" data-settings=\"{&quot;background_background&quot;:&quot;classic&quot;}\">\n\t\t\t<div class=\"elementor-widget-wrap elementor-element-populated\">\n\t\t\t\t\t\t<div class=\"elementor-element elementor-element-4f5d05b elementor-widget elementor-widget-image\" data-id=\"4f5d05b\" data-element_type=\"widget\" data-e-type=\"widget\" data-widget_type=\"image.default\">\n\t\t\t\t<div class=\"elementor-widget-container\">\n\t\t\t\t\t\t\t\t\t\t\t\t\t\t\t<img decoding=\"async\" width=\"768\" height=\"576\" src=\"https:\/\/www.kdriu.hu\/wp-content\/uploads\/2021\/08\/upcoaching_web-768x576.jpg\" class=\"attachment-medium_large size-medium_large wp-image-5282\" alt=\"\" srcset=\"https:\/\/www.kdriu.hu\/wp-content\/uploads\/2021\/08\/upcoaching_web-768x576.jpg 768w, https:\/\/www.kdriu.hu\/wp-content\/uploads\/2021\/08\/upcoaching_web-300x225.jpg 300w, https:\/\/www.kdriu.hu\/wp-content\/uploads\/2021\/08\/upcoaching_web-16x12.jpg 16w, https:\/\/www.kdriu.hu\/wp-content\/uploads\/2021\/08\/upcoaching_web.jpg 816w\" sizes=\"(max-width: 768px) 100vw, 768px\" \/>\t\t\t\t\t\t\t\t\t\t\t\t\t\t\t<\/div>\n\t\t\t\t<\/div>\n\t\t\t\t\t<\/div>\n\t\t<\/div>\n\t\t\t\t<div class=\"elementor-column elementor-col-50 elementor-inner-column elementor-element elementor-element-9d266b9\" data-id=\"9d266b9\" data-element_type=\"column\" data-e-type=\"column\" data-settings=\"{&quot;background_background&quot;:&quot;classic&quot;}\">\n\t\t\t<div class=\"elementor-widget-wrap elementor-element-populated\">\n\t\t\t\t\t\t<div class=\"elementor-element elementor-element-324183c elementor-widget elementor-widget-heading\" data-id=\"324183c\" data-element_type=\"widget\" data-e-type=\"widget\" data-widget_type=\"heading.default\">\n\t\t\t\t<div class=\"elementor-widget-container\">\n\t\t\t\t\t<h3 class=\"elementor-heading-title elementor-size-default\">UP!Coaching<\/h3>\t\t\t\t<\/div>\n\t\t\t\t<\/div>\n\t\t\t\t<div class=\"elementor-element elementor-element-7e0515a elementor-widget elementor-widget-text-editor\" data-id=\"7e0515a\" data-element_type=\"widget\" data-e-type=\"widget\" data-widget_type=\"text-editor.default\">\n\t\t\t\t<div class=\"elementor-widget-container\">\n\t\t\t\t\t\t\t\t\t<p><strong>A szervezet c\u00edme:<\/strong> 8000 Sz\u00e9kesfeh\u00e9rv\u00e1r, Losonci u 4\/B.<\/p><p><strong>Weboldal: <\/strong>&#8211;<\/p><p><strong>K\u00f6z\u00f6ss\u00e9gi oldalak:<\/strong> <a href=\"https:\/\/www.facebook.com\/tamasbartacoaching\" target=\"_blank\" rel=\"noopener\">https:\/\/www.facebook.com\/tamasbartacoaching<\/a><br \/><strong>Kapcsolattart\u00f3 neve<\/strong>: Barta Tam\u00e1s<br \/><strong>E-mail<\/strong>: tamasbarta@gmail.com<br \/><strong>Phone:<\/strong> +36 20 433 7671<\/p><p><strong>A szervezet konkr\u00e9t tev\u00e9kenys\u00e9ge:<\/strong> KKV m\u00e1rka\u00e9p\u00edt\u00e9s, coaching eszk\u00f6z\u00f6kkel<\/p><p><strong>R\u00f6vid bemutatkoz\u00e1s: <\/strong>Coaching szeml\u00e9lettel el\u0151seg\u00edtett m\u00e1rka\u00e9p\u00edt\u00e9si folyamat, 10 \u00e9ves marketing-kommunik\u00e1ci\u00f3s tapasztalattal:<\/p><ul><li>egy\u00e9ni v\u00e1llalkoz\u00f3knak,<\/li><li>kis-\u00e9s k\u00f6z\u00e9pv\u00e1llalkoz\u00e1soknak,<\/li><li>startupoknak,<\/li><li>kreat\u00edv szakembereknek<\/li><\/ul>\t\t\t\t\t\t\t\t<\/div>\n\t\t\t\t<\/div>\n\t\t\t\t\t<\/div>\n\t\t<\/div>\n\t\t\t\t\t<\/div>\n\t\t<\/section>\n\t\t\t\t<section class=\"elementor-section elementor-inner-section elementor-element elementor-element-a459b30 elementor-section-boxed elementor-section-height-default elementor-section-height-default\" data-id=\"a459b30\" data-element_type=\"section\" data-e-type=\"section\">\n\t\t\t\t\t\t<div class=\"elementor-container elementor-column-gap-default\">\n\t\t\t\t\t<div class=\"elementor-column elementor-col-50 elementor-inner-column elementor-element elementor-element-93227bf\" data-id=\"93227bf\" data-element_type=\"column\" data-e-type=\"column\" data-settings=\"{&quot;background_background&quot;:&quot;classic&quot;}\">\n\t\t\t<div class=\"elementor-widget-wrap elementor-element-populated\">\n\t\t\t\t\t\t\t<\/div>\n\t\t<\/div>\n\t\t\t\t<div class=\"elementor-column elementor-col-50 elementor-inner-column elementor-element elementor-element-b52f1c1\" data-id=\"b52f1c1\" data-element_type=\"column\" data-e-type=\"column\" data-settings=\"{&quot;background_background&quot;:&quot;classic&quot;}\">\n\t\t\t<div class=\"elementor-widget-wrap elementor-element-populated\">\n\t\t\t\t\t\t<div class=\"elementor-element elementor-element-b144ee5 elementor-widget elementor-widget-heading\" data-id=\"b144ee5\" data-element_type=\"widget\" data-e-type=\"widget\" data-widget_type=\"heading.default\">\n\t\t\t\t<div class=\"elementor-widget-container\">\n\t\t\t\t\t<h3 class=\"elementor-heading-title elementor-size-default\">Creative Management (Kinizsi G\u00e1bor e.v.)<\/h3>\t\t\t\t<\/div>\n\t\t\t\t<\/div>\n\t\t\t\t<div class=\"elementor-element elementor-element-26b3fc4 elementor-widget elementor-widget-text-editor\" data-id=\"26b3fc4\" data-element_type=\"widget\" data-e-type=\"widget\" data-widget_type=\"text-editor.default\">\n\t\t\t\t<div class=\"elementor-widget-container\">\n\t\t\t\t\t\t\t\t\t<p><strong>A szervezet c\u00edme:<\/strong> 8154 Polg\u00e1rdi, Batthy\u00e1ny utca 26\/b.<\/p><p><strong>Weboldal: <\/strong><a href=\"https:\/\/cman.hu\/\" target=\"_blank\" rel=\"noopener\">https:\/\/cman.hu\/<\/a><\/p><p><strong>K\u00f6z\u00f6ss\u00e9gi oldalak: &#8211;<\/strong><br \/><strong>Kapcsolattart\u00f3 neve<\/strong>: Kinizsi G\u00e1bor<br \/><strong>E-mail<\/strong>: kinizsigabor@gmail.com<br \/><strong>Phone:<\/strong> +36 20 432 4967<\/p><p><strong>A szervezet konkr\u00e9t tev\u00e9kenys\u00e9ge:<\/strong> PR, kommunik\u00e1ci\u00f3, projekt menedzsment, social media marketing, p\u00e1ly\u00e1zat\u00edr\u00e1s, grafikai tervez\u00e9s, webdesign, webfejleszt\u00e9s, rendezv\u00e9nyszervez\u00e9s.<\/p><p><strong>R\u00f6vid bemutatkoz\u00e1s:\u00a0<\/strong>Az elm\u00falt tizen\u00f6t \u00e9vben rengeteg tapasztalatot gy\u0171jt\u00f6ttem, k\u00e9peztem magam, hogy olyan hasznos\u00edthat\u00f3 tud\u00e1sra tegyek szert a m\u00e9dia, marketing, design, web, p\u00e1ly\u00e1zatok \u00e9s rendezv\u00e9nyszervez\u00e9s vil\u00e1g\u00e1ban, mellyel k\u00f6nnyebb\u00e9 tehetem a kis \u00e9s k\u00f6z\u00e9pv\u00e1llalkoz\u00e1sok, mag\u00e1nszem\u00e9lyek \u00e9let\u00e9t. A Creative Management az\u00e9rt j\u00f6tt l\u00e9tre, hogy emberk\u00f6zeli, hat\u00e9kony \u00e9s megfizethet\u0151 seg\u00edts\u00e9g legyen ebben a sokszor \u00e1tl\u00e1thatatlannak \u00e9s szem\u00e9lytelennek t\u0171n\u0151 digit\u00e1lis \u00fatveszt\u0151ben.<\/p>\t\t\t\t\t\t\t\t<\/div>\n\t\t\t\t<\/div>\n\t\t\t\t\t<\/div>\n\t\t<\/div>\n\t\t\t\t\t<\/div>\n\t\t<\/section>\n\t\t\t\t\t<\/div>\n\t\t<\/div>\n\t\t\t\t\t<\/div>\n\t\t<\/section>\n\t\t\t\t<\/div>","protected":false},"excerpt":{"rendered":"<p>Kultur\u00e1lis \u00e9s Kreat\u00edv Ipari Platform Rekl\u00e1m, piackutat\u00e1s Globus Trend Bt. A szervezet c\u00edme: 8000 Sz\u00e9kesfeh\u00e9rv\u00e1r, Taksony utca 23. Weboldal:\u00a0https:\/\/www.globustrend.hu K\u00f6z\u00f6ss\u00e9gi oldalak: https:\/\/www.facebook.com\/GlobusTrendKapcsolattart\u00f3 neve: Kall\u00f3s-K\u00f3k\u00e1ny ZsuzsannaE-mail: globustrend@gmail.comTelefon: +36 70 338 4946 A szervezet konkr\u00e9t tev\u00e9kenys\u00e9ge: Rekl\u00e1mdekor\u00e1ci\u00f3, grafikai tervez\u00e9s, rendezv\u00e9ny dekor\u00e1ci\u00f3, egyedi rekl\u00e1maj\u00e1nd\u00e9kok R\u00f6vid bemutatkoz\u00e1s: C\u00e9g\u00fcnk a Globus Trend Bt. Dekorst\u00fadi\u00f3 20 \u00e9ve m\u0171k\u00f6dik Sz\u00e9kesfeh\u00e9rv\u00e1ron. Szolg\u00e1lta-t\u00e1sainkat, term\u00e9keinket [&hellip;]<\/p>\n","protected":false},"author":1,"featured_media":0,"parent":0,"menu_order":0,"comment_status":"closed","ping_status":"closed","template":"","meta":{"site-sidebar-layout":"no-sidebar","site-content-layout":"page-builder","ast-site-content-layout":"default","site-content-style":"default","site-sidebar-style":"default","ast-global-header-display":"","ast-banner-title-visibility":"","ast-main-header-display":"","ast-hfb-above-header-display":"","ast-hfb-below-header-display":"","ast-hfb-mobile-header-display":"","site-post-title":"disabled","ast-breadcrumbs-content":"","ast-featured-img":"disabled","footer-sml-layout":"","ast-disable-related-posts":"","theme-transparent-header-meta":"default","adv-header-id-meta":"","stick-header-meta":"","header-above-stick-meta":"","header-main-stick-meta":"","header-below-stick-meta":"","astra-migrate-meta-layouts":"default","ast-page-background-enabled":"default","ast-page-background-meta":{"desktop":{"background-color":"","background-image":"","background-repeat":"repeat","background-position":"center center","background-size":"auto","background-attachment":"scroll","background-type":"","background-media":"","overlay-type":"","overlay-color":"","overlay-opacity":"","overlay-gradient":""},"tablet":{"background-color":"","background-image":"","background-repeat":"repeat","background-position":"center center","background-size":"auto","background-attachment":"scroll","background-type":"","background-media":"","overlay-type":"","overlay-color":"","overlay-opacity":"","overlay-gradient":""},"mobile":{"background-color":"","background-image":"","background-repeat":"repeat","background-position":"center center","background-size":"auto","background-attachment":"scroll","background-type":"","background-media":"","overlay-type":"","overlay-color":"","overlay-opacity":"","overlay-gradient":""}},"ast-content-background-meta":{"desktop":{"background-color":"var(--ast-global-color-5)","background-image":"","background-repeat":"repeat","background-position":"center center","background-size":"auto","background-attachment":"scroll","background-type":"","background-media":"","overlay-type":"","overlay-color":"","overlay-opacity":"","overlay-gradient":""},"tablet":{"background-color":"var(--ast-global-color-5)","background-image":"","background-repeat":"repeat","background-position":"center center","background-size":"auto","background-attachment":"scroll","background-type":"","background-media":"","overlay-type":"","overlay-color":"","overlay-opacity":"","overlay-gradient":""},"mobile":{"background-color":"var(--ast-global-color-5)","background-image":"","background-repeat":"repeat","background-position":"center center","background-size":"auto","background-attachment":"scroll","background-type":"","background-media":"","overlay-type":"","overlay-color":"","overlay-opacity":"","overlay-gradient":""}},"footnotes":""},"class_list":["post-5129","page","type-page","status-publish","hentry"],"_links":{"self":[{"href":"https:\/\/www.kdriu.hu\/en\/wp-json\/wp\/v2\/pages\/5129","targetHints":{"allow":["GET"]}}],"collection":[{"href":"https:\/\/www.kdriu.hu\/en\/wp-json\/wp\/v2\/pages"}],"about":[{"href":"https:\/\/www.kdriu.hu\/en\/wp-json\/wp\/v2\/types\/page"}],"author":[{"embeddable":true,"href":"https:\/\/www.kdriu.hu\/en\/wp-json\/wp\/v2\/users\/1"}],"replies":[{"embeddable":true,"href":"https:\/\/www.kdriu.hu\/en\/wp-json\/wp\/v2\/comments?post=5129"}],"version-history":[{"count":50,"href":"https:\/\/www.kdriu.hu\/en\/wp-json\/wp\/v2\/pages\/5129\/revisions"}],"predecessor-version":[{"id":5487,"href":"https:\/\/www.kdriu.hu\/en\/wp-json\/wp\/v2\/pages\/5129\/revisions\/5487"}],"wp:attachment":[{"href":"https:\/\/www.kdriu.hu\/en\/wp-json\/wp\/v2\/media?parent=5129"}],"curies":[{"name":"wp","href":"https:\/\/api.w.org\/{rel}","templated":true}]}}