{"id":5142,"date":"2021-08-23T11:12:45","date_gmt":"2021-08-23T11:12:45","guid":{"rendered":"http:\/\/www.kdriu.hu\/?page_id=5142"},"modified":"2021-08-25T13:25:07","modified_gmt":"2021-08-25T13:25:07","slug":"kkip-oktatas","status":"publish","type":"page","link":"https:\/\/www.kdriu.hu\/en\/kkip-oktatas\/","title":{"rendered":"Kultur\u00e1lis \u00e9s Kreat\u00edv Ipari Platform &#8211; Oktat\u00e1s"},"content":{"rendered":"<div data-elementor-type=\"wp-page\" data-elementor-id=\"5142\" class=\"elementor elementor-5142\" data-elementor-post-type=\"page\">\n\t\t\t\t\t\t<section class=\"elementor-section elementor-top-section elementor-element elementor-element-88f4224 elementor-section-stretched elementor-section-height-min-height elementor-section-boxed elementor-section-height-default elementor-section-items-middle elementor-invisible\" data-id=\"88f4224\" data-element_type=\"section\" data-e-type=\"section\" data-settings=\"{&quot;background_background&quot;:&quot;classic&quot;,&quot;stretch_section&quot;:&quot;section-stretched&quot;,&quot;animation&quot;:&quot;fadeIn&quot;}\">\n\t\t\t\t\t\t\t<div class=\"elementor-background-overlay\"><\/div>\n\t\t\t\t\t\t\t<div class=\"elementor-container elementor-column-gap-no\">\n\t\t\t\t\t<div class=\"elementor-column elementor-col-100 elementor-top-column elementor-element elementor-element-5df1c1f\" data-id=\"5df1c1f\" data-element_type=\"column\" data-e-type=\"column\">\n\t\t\t<div class=\"elementor-widget-wrap elementor-element-populated\">\n\t\t\t\t\t\t<div class=\"elementor-element elementor-element-be6132d elementor-widget elementor-widget-spacer\" data-id=\"be6132d\" data-element_type=\"widget\" data-e-type=\"widget\" data-widget_type=\"spacer.default\">\n\t\t\t\t<div class=\"elementor-widget-container\">\n\t\t\t\t\t\t\t<div class=\"elementor-spacer\">\n\t\t\t<div class=\"elementor-spacer-inner\"><\/div>\n\t\t<\/div>\n\t\t\t\t\t\t<\/div>\n\t\t\t\t<\/div>\n\t\t\t\t<div class=\"elementor-element elementor-element-18f225f elementor-widget elementor-widget-heading\" data-id=\"18f225f\" data-element_type=\"widget\" data-e-type=\"widget\" data-widget_type=\"heading.default\">\n\t\t\t\t<div class=\"elementor-widget-container\">\n\t\t\t\t\t<h1 class=\"elementor-heading-title elementor-size-default\">Kultur\u00e1lis \u00e9s Kreat\u00edv Ipari Platform<\/h1>\t\t\t\t<\/div>\n\t\t\t\t<\/div>\n\t\t\t\t<div class=\"elementor-element elementor-element-5cbd07f elementor-widget elementor-widget-text-editor\" data-id=\"5cbd07f\" data-element_type=\"widget\" data-e-type=\"widget\" data-widget_type=\"text-editor.default\">\n\t\t\t\t<div class=\"elementor-widget-container\">\n\t\t\t\t\t\t\t\t\t<h4><span style=\"color: #ffffff;\">Oktat\u00e1s<\/span><\/h4>\t\t\t\t\t\t\t\t<\/div>\n\t\t\t\t<\/div>\n\t\t\t\t\t<\/div>\n\t\t<\/div>\n\t\t\t\t\t<\/div>\n\t\t<\/section>\n\t\t\t\t<section class=\"elementor-section elementor-top-section elementor-element elementor-element-8d5e3b9 elementor-section-stretched elementor-section-boxed elementor-section-height-default elementor-section-height-default\" data-id=\"8d5e3b9\" data-element_type=\"section\" data-e-type=\"section\" data-settings=\"{&quot;stretch_section&quot;:&quot;section-stretched&quot;,&quot;background_background&quot;:&quot;classic&quot;}\">\n\t\t\t\t\t\t<div class=\"elementor-container elementor-column-gap-no\">\n\t\t\t\t\t<div class=\"elementor-column elementor-col-100 elementor-top-column elementor-element elementor-element-659281f\" data-id=\"659281f\" data-element_type=\"column\" data-e-type=\"column\">\n\t\t\t<div class=\"elementor-widget-wrap elementor-element-populated\">\n\t\t\t\t\t\t<section class=\"elementor-section elementor-inner-section elementor-element elementor-element-e7ab2e1 elementor-section-boxed elementor-section-height-default elementor-section-height-default\" data-id=\"e7ab2e1\" data-element_type=\"section\" data-e-type=\"section\">\n\t\t\t\t\t\t<div class=\"elementor-container elementor-column-gap-default\">\n\t\t\t\t\t<div class=\"elementor-column elementor-col-50 elementor-inner-column elementor-element elementor-element-5f08fbb\" data-id=\"5f08fbb\" data-element_type=\"column\" data-e-type=\"column\" data-settings=\"{&quot;background_background&quot;:&quot;classic&quot;}\">\n\t\t\t<div class=\"elementor-widget-wrap elementor-element-populated\">\n\t\t\t\t\t\t<div class=\"elementor-element elementor-element-1d249b4 elementor-widget elementor-widget-image\" data-id=\"1d249b4\" data-element_type=\"widget\" data-e-type=\"widget\" data-widget_type=\"image.default\">\n\t\t\t\t<div class=\"elementor-widget-container\">\n\t\t\t\t\t\t\t\t\t\t\t\t\t\t\t<img fetchpriority=\"high\" decoding=\"async\" width=\"768\" height=\"576\" src=\"https:\/\/www.kdriu.hu\/wp-content\/uploads\/2021\/08\/artem_web-768x576.jpg\" class=\"attachment-medium_large size-medium_large wp-image-5252\" alt=\"\" srcset=\"https:\/\/www.kdriu.hu\/wp-content\/uploads\/2021\/08\/artem_web-768x576.jpg 768w, https:\/\/www.kdriu.hu\/wp-content\/uploads\/2021\/08\/artem_web-300x225.jpg 300w, https:\/\/www.kdriu.hu\/wp-content\/uploads\/2021\/08\/artem_web-16x12.jpg 16w, https:\/\/www.kdriu.hu\/wp-content\/uploads\/2021\/08\/artem_web.jpg 816w\" sizes=\"(max-width: 768px) 100vw, 768px\" \/>\t\t\t\t\t\t\t\t\t\t\t\t\t\t\t<\/div>\n\t\t\t\t<\/div>\n\t\t\t\t\t<\/div>\n\t\t<\/div>\n\t\t\t\t<div class=\"elementor-column elementor-col-50 elementor-inner-column elementor-element elementor-element-ec44ad5\" data-id=\"ec44ad5\" data-element_type=\"column\" data-e-type=\"column\" data-settings=\"{&quot;background_background&quot;:&quot;classic&quot;}\">\n\t\t\t<div class=\"elementor-widget-wrap elementor-element-populated\">\n\t\t\t\t\t\t<div class=\"elementor-element elementor-element-fd52021 elementor-widget elementor-widget-heading\" data-id=\"fd52021\" data-element_type=\"widget\" data-e-type=\"widget\" data-widget_type=\"heading.default\">\n\t\t\t\t<div class=\"elementor-widget-container\">\n\t\t\t\t\t<h3 class=\"elementor-heading-title elementor-size-default\">Art'Em Studio<\/h3>\t\t\t\t<\/div>\n\t\t\t\t<\/div>\n\t\t\t\t<div class=\"elementor-element elementor-element-c2a27ba elementor-widget elementor-widget-text-editor\" data-id=\"c2a27ba\" data-element_type=\"widget\" data-e-type=\"widget\" data-widget_type=\"text-editor.default\">\n\t\t\t\t<div class=\"elementor-widget-container\">\n\t\t\t\t\t\t\t\t\t<p><strong>A szervezet c\u00edme:<\/strong> 1145 Budapest Gyarmat utca 45.\/A<\/p><p><strong>Weboldal:<\/strong>\u00a0<a href=\"https:\/\/www.artemstudio.hu\" target=\"_blank\" rel=\"noopener\">https:\/\/www.artemstudio.hu<\/a><\/p><p><strong>K\u00f6z\u00f6ss\u00e9gi oldalak: <\/strong><a href=\"https:\/\/www.facebook.com\/szandavariemese\" target=\"_blank\" rel=\"noopener\">https:\/\/www.facebook.com\/szandavariemese<\/a><strong><br \/>Kapcsolattart\u00f3 neve: <\/strong>Szandav\u00e1ri Emese<strong><br \/>E-mail: <\/strong>szandaem@gmail.com<strong><br \/>Phone: <\/strong>+36 20 428 0720<\/p><p><strong>A szervezet konkr\u00e9t tev\u00e9kenys\u00e9ge:<\/strong> K\u00e9pz\u0151m\u0171v\u00e9szeti oktat\u00e1s, k\u00e9pz\u0151m\u0171v\u00e9szeti tev\u00e9kenys\u00e9g.<\/p><p><strong>R\u00f6vid bemutatkoz\u00e1s:<\/strong> Szandav\u00e1ri Emese vagyok, m\u0171v\u00e9szetpedag\u00f3gus, m\u00fazeumpedag\u00f3gus, akvarellfest\u0151, az Art&#8217;Em Studio alap\u00edt\u00f3ja. A St\u00fadi\u00f3 alapfok\u00fa m\u0171v\u00e9szetpedag\u00f3gi\u00e1val \u00e9s k\u00e9pz\u0151m\u0171v\u00e9szeti alkot\u00e1sok l\u00e9trehoz\u00e1s\u00e1val foglalkozik. Legf\u0151bb c\u00e9lom a szem\u00e9lyis\u00e9gfejleszt\u00e9s, a szoci\u00e1lis \u00e9s kognit\u00edv k\u00e9szs\u00e9gek \u00e9s k\u00e9pess\u00e9gek fejleszt\u00e9se a kreat\u00edv m\u0171v\u00e9szeti tev\u00e9kenys\u00e9gek \u00e9s az \u00f6r\u00f6mteli alkot\u00e1s \u00e1ltal.<\/p>\t\t\t\t\t\t\t\t<\/div>\n\t\t\t\t<\/div>\n\t\t\t\t\t<\/div>\n\t\t<\/div>\n\t\t\t\t\t<\/div>\n\t\t<\/section>\n\t\t\t\t<section class=\"elementor-section elementor-inner-section elementor-element elementor-element-2536643 elementor-section-boxed elementor-section-height-default elementor-section-height-default\" data-id=\"2536643\" data-element_type=\"section\" data-e-type=\"section\">\n\t\t\t\t\t\t<div class=\"elementor-container elementor-column-gap-default\">\n\t\t\t\t\t<div class=\"elementor-column elementor-col-50 elementor-inner-column elementor-element elementor-element-b522aaa\" data-id=\"b522aaa\" data-element_type=\"column\" data-e-type=\"column\" data-settings=\"{&quot;background_background&quot;:&quot;classic&quot;}\">\n\t\t\t<div class=\"elementor-widget-wrap elementor-element-populated\">\n\t\t\t\t\t\t<div class=\"elementor-element elementor-element-c78cfaa elementor-widget elementor-widget-image\" data-id=\"c78cfaa\" data-element_type=\"widget\" data-e-type=\"widget\" data-widget_type=\"image.default\">\n\t\t\t\t<div class=\"elementor-widget-container\">\n\t\t\t\t\t\t\t\t\t\t\t\t\t\t\t<img decoding=\"async\" width=\"768\" height=\"691\" src=\"https:\/\/www.kdriu.hu\/wp-content\/uploads\/2021\/08\/phrenos_web-768x691.jpg\" class=\"attachment-medium_large size-medium_large wp-image-5256\" alt=\"\" srcset=\"https:\/\/www.kdriu.hu\/wp-content\/uploads\/2021\/08\/phrenos_web-768x691.jpg 768w, https:\/\/www.kdriu.hu\/wp-content\/uploads\/2021\/08\/phrenos_web-300x270.jpg 300w, https:\/\/www.kdriu.hu\/wp-content\/uploads\/2021\/08\/phrenos_web-13x12.jpg 13w, https:\/\/www.kdriu.hu\/wp-content\/uploads\/2021\/08\/phrenos_web.jpg 842w\" sizes=\"(max-width: 768px) 100vw, 768px\" \/>\t\t\t\t\t\t\t\t\t\t\t\t\t\t\t<\/div>\n\t\t\t\t<\/div>\n\t\t\t\t\t<\/div>\n\t\t<\/div>\n\t\t\t\t<div class=\"elementor-column elementor-col-50 elementor-inner-column elementor-element elementor-element-895317f\" data-id=\"895317f\" data-element_type=\"column\" data-e-type=\"column\" data-settings=\"{&quot;background_background&quot;:&quot;classic&quot;}\">\n\t\t\t<div class=\"elementor-widget-wrap elementor-element-populated\">\n\t\t\t\t\t\t<div class=\"elementor-element elementor-element-d5b1af3 elementor-widget elementor-widget-heading\" data-id=\"d5b1af3\" data-element_type=\"widget\" data-e-type=\"widget\" data-widget_type=\"heading.default\">\n\t\t\t\t<div class=\"elementor-widget-container\">\n\t\t\t\t\t<h3 class=\"elementor-heading-title elementor-size-default\">Phrenos M\u0171v\u00e9szetter\u00e1pi\u00e1s \u00e9s B\u00e1bpedag\u00f3giai M\u0171hely\n<\/h3>\t\t\t\t<\/div>\n\t\t\t\t<\/div>\n\t\t\t\t<div class=\"elementor-element elementor-element-9147999 elementor-widget elementor-widget-text-editor\" data-id=\"9147999\" data-element_type=\"widget\" data-e-type=\"widget\" data-widget_type=\"text-editor.default\">\n\t\t\t\t<div class=\"elementor-widget-container\">\n\t\t\t\t\t\t\t\t\t<p><strong>A szervezet c\u00edme:<\/strong> 8000 Sz\u00e9kesfeh\u00e9rv\u00e1r, Proh\u00e1szka Ottok\u00e1r \u00fat 3.<\/p><p><strong>K\u00f6z\u00f6ss\u00e9gi oldalak:<\/strong> <a href=\"https:\/\/www.facebook.com\/groups\/506195596187377\" target=\"_blank\" rel=\"noopener\">https:\/\/www.facebook.com\/groups\/506195596187377<\/a><br \/><strong>Kapcsolattart\u00f3 neve<\/strong>: Bago-Somogyi Brigitta<br \/><strong>E-mail<\/strong>: phrenos.terapia@gmail.com<br \/><strong>Phone:<\/strong>\u00a0+36<span style=\"font-style: inherit; font-weight: inherit;\"> 20 402 1993<\/span><\/p><p><strong>A szervezet konkr\u00e9t tev\u00e9kenys\u00e9ge:<\/strong> M.n.s. egy\u00e9b oktat\u00e1s, iparm\u0171v\u00e9szeti j\u00e1t\u00e9kok k\u00e9sz\u00edt\u00e9se, egy\u00e9b alkot\u00f3m\u0171v\u00e9szeti tev\u00e9kenys\u00e9g.<\/p><p><strong>R\u00f6vid bemutatkoz\u00e1s:<\/strong> A m\u0171v\u00e9szi alkot\u00f3 munka c\u00e9lja nem egy m\u0171t\u00e1rgy l\u00e9trej\u00f6tte, hanem maga a kialakul\u00e1si folyamat. Kiragadja a beteget passz\u00edvan elfogadott betegs\u00e9g\u00e9b\u0151l \u00e9s aktivit\u00e1sra \u00f6szt\u00f6nzi \u0151t, aminek r\u00e9v\u00e9n megtanulja kompenz\u00e1lni azt, ami nem harmonikus, kijav\u00edtani a hib\u00e1t, elrendezni azt, ami kaotikus, \u00e9s ezzel elsaj\u00e1t\u00edtja, hogyan lehet bizonyos term\u00e9szeti t\u00f6rv\u00e9nyeket k\u00f6vetni. Egyes\u00fcl az anyaggal, legy\u0151zi a neh\u00e9zs\u00e9geket, elfogadja a hib\u00e1kat \u00e9s fejleszti kitart\u00e1s\u00e1t. \u00c9rz\u00e9keli a feladat \u00e9rtelm\u00e9t, a k\u00fcl\u00f6nf\u00e9le gyakorlatok k\u00f6z\u00f6tti kapcsolatot \u00e9s felel\u0151snek \u00e9rzi mag\u00e1t az \u00e1ltala l\u00e9trehozott m\u0171\u00e9rt. \u00d6r\u00f6met tal\u00e1l a form\u00e1ban, sz\u00ednben, hangban \u00e9s mozg\u00e1sban, amelyek lelki t\u00e1pl\u00e1l\u00e9kk\u00e1, gy\u00f3gyszerr\u00e9 v\u00e1lhatnak.<\/p>\t\t\t\t\t\t\t\t<\/div>\n\t\t\t\t<\/div>\n\t\t\t\t\t<\/div>\n\t\t<\/div>\n\t\t\t\t\t<\/div>\n\t\t<\/section>\n\t\t\t\t\t<\/div>\n\t\t<\/div>\n\t\t\t\t\t<\/div>\n\t\t<\/section>\n\t\t\t\t<\/div>","protected":false},"excerpt":{"rendered":"<p>Kultur\u00e1lis \u00e9s Kreat\u00edv Ipari Platform Oktat\u00e1s Art&#8217;Em Studio A szervezet c\u00edme: 1145 Budapest Gyarmat utca 45.\/A Weboldal:\u00a0https:\/\/www.artemstudio.hu K\u00f6z\u00f6ss\u00e9gi oldalak: https:\/\/www.facebook.com\/szandavariemeseKapcsolattart\u00f3 neve: Szandav\u00e1ri EmeseE-mail: szandaem@gmail.comTelefon: +36 20 428 0720 A szervezet konkr\u00e9t tev\u00e9kenys\u00e9ge: K\u00e9pz\u0151m\u0171v\u00e9szeti oktat\u00e1s, k\u00e9pz\u0151m\u0171v\u00e9szeti tev\u00e9kenys\u00e9g. R\u00f6vid bemutatkoz\u00e1s: Szandav\u00e1ri Emese vagyok, m\u0171v\u00e9szetpedag\u00f3gus, m\u00fazeumpedag\u00f3gus, akvarellfest\u0151, az Art&#8217;Em Studio alap\u00edt\u00f3ja. A St\u00fadi\u00f3 alapfok\u00fa m\u0171v\u00e9szetpedag\u00f3gi\u00e1val \u00e9s k\u00e9pz\u0151m\u0171v\u00e9szeti alkot\u00e1sok [&hellip;]<\/p>\n","protected":false},"author":1,"featured_media":0,"parent":0,"menu_order":0,"comment_status":"closed","ping_status":"closed","template":"","meta":{"site-sidebar-layout":"no-sidebar","site-content-layout":"page-builder","ast-site-content-layout":"default","site-content-style":"default","site-sidebar-style":"default","ast-global-header-display":"","ast-banner-title-visibility":"","ast-main-header-display":"","ast-hfb-above-header-display":"","ast-hfb-below-header-display":"","ast-hfb-mobile-header-display":"","site-post-title":"disabled","ast-breadcrumbs-content":"","ast-featured-img":"disabled","footer-sml-layout":"","ast-disable-related-posts":"","theme-transparent-header-meta":"default","adv-header-id-meta":"","stick-header-meta":"","header-above-stick-meta":"","header-main-stick-meta":"","header-below-stick-meta":"","astra-migrate-meta-layouts":"default","ast-page-background-enabled":"default","ast-page-background-meta":{"desktop":{"background-color":"","background-image":"","background-repeat":"repeat","background-position":"center center","background-size":"auto","background-attachment":"scroll","background-type":"","background-media":"","overlay-type":"","overlay-color":"","overlay-opacity":"","overlay-gradient":""},"tablet":{"background-color":"","background-image":"","background-repeat":"repeat","background-position":"center center","background-size":"auto","background-attachment":"scroll","background-type":"","background-media":"","overlay-type":"","overlay-color":"","overlay-opacity":"","overlay-gradient":""},"mobile":{"background-color":"","background-image":"","background-repeat":"repeat","background-position":"center center","background-size":"auto","background-attachment":"scroll","background-type":"","background-media":"","overlay-type":"","overlay-color":"","overlay-opacity":"","overlay-gradient":""}},"ast-content-background-meta":{"desktop":{"background-color":"var(--ast-global-color-5)","background-image":"","background-repeat":"repeat","background-position":"center center","background-size":"auto","background-attachment":"scroll","background-type":"","background-media":"","overlay-type":"","overlay-color":"","overlay-opacity":"","overlay-gradient":""},"tablet":{"background-color":"var(--ast-global-color-5)","background-image":"","background-repeat":"repeat","background-position":"center center","background-size":"auto","background-attachment":"scroll","background-type":"","background-media":"","overlay-type":"","overlay-color":"","overlay-opacity":"","overlay-gradient":""},"mobile":{"background-color":"var(--ast-global-color-5)","background-image":"","background-repeat":"repeat","background-position":"center center","background-size":"auto","background-attachment":"scroll","background-type":"","background-media":"","overlay-type":"","overlay-color":"","overlay-opacity":"","overlay-gradient":""}},"footnotes":""},"class_list":["post-5142","page","type-page","status-publish","hentry"],"_links":{"self":[{"href":"https:\/\/www.kdriu.hu\/en\/wp-json\/wp\/v2\/pages\/5142","targetHints":{"allow":["GET"]}}],"collection":[{"href":"https:\/\/www.kdriu.hu\/en\/wp-json\/wp\/v2\/pages"}],"about":[{"href":"https:\/\/www.kdriu.hu\/en\/wp-json\/wp\/v2\/types\/page"}],"author":[{"embeddable":true,"href":"https:\/\/www.kdriu.hu\/en\/wp-json\/wp\/v2\/users\/1"}],"replies":[{"embeddable":true,"href":"https:\/\/www.kdriu.hu\/en\/wp-json\/wp\/v2\/comments?post=5142"}],"version-history":[{"count":29,"href":"https:\/\/www.kdriu.hu\/en\/wp-json\/wp\/v2\/pages\/5142\/revisions"}],"predecessor-version":[{"id":5478,"href":"https:\/\/www.kdriu.hu\/en\/wp-json\/wp\/v2\/pages\/5142\/revisions\/5478"}],"wp:attachment":[{"href":"https:\/\/www.kdriu.hu\/en\/wp-json\/wp\/v2\/media?parent=5142"}],"curies":[{"name":"wp","href":"https:\/\/api.w.org\/{rel}","templated":true}]}}