{"id":6390,"date":"2022-08-19T10:45:00","date_gmt":"2022-08-19T10:45:00","guid":{"rendered":"http:\/\/www.kdriu.hu\/?page_id=6390"},"modified":"2022-08-19T11:19:40","modified_gmt":"2022-08-19T11:19:40","slug":"vaerdicentralen","status":"publish","type":"page","link":"https:\/\/www.kdriu.hu\/en\/vaerdicentralen\/","title":{"rendered":"A V\u00e6rdicentralen, avagy \u201ea z\u00f6ld foglalkoztat\u00e1s elismert k\u00f6zpontja\u201d (D\u00e1nia)"},"content":{"rendered":"<div data-elementor-type=\"wp-page\" data-elementor-id=\"6390\" class=\"elementor elementor-6390\" data-elementor-post-type=\"page\">\n\t\t\t\t\t\t<section class=\"elementor-section elementor-top-section elementor-element elementor-element-48c53368 elementor-section-stretched elementor-section-height-min-height elementor-section-boxed elementor-section-height-default elementor-section-items-middle elementor-invisible\" data-id=\"48c53368\" data-element_type=\"section\" data-e-type=\"section\" data-settings=\"{&quot;background_background&quot;:&quot;classic&quot;,&quot;stretch_section&quot;:&quot;section-stretched&quot;,&quot;animation&quot;:&quot;fadeIn&quot;}\">\n\t\t\t\t\t\t\t<div class=\"elementor-background-overlay\"><\/div>\n\t\t\t\t\t\t\t<div class=\"elementor-container elementor-column-gap-no\">\n\t\t\t\t\t<div class=\"elementor-column elementor-col-100 elementor-top-column elementor-element elementor-element-7dca7a64\" data-id=\"7dca7a64\" data-element_type=\"column\" data-e-type=\"column\">\n\t\t\t<div class=\"elementor-widget-wrap elementor-element-populated\">\n\t\t\t\t\t\t<div class=\"elementor-element elementor-element-33e3bf54 elementor-widget elementor-widget-spacer\" data-id=\"33e3bf54\" data-element_type=\"widget\" data-e-type=\"widget\" data-widget_type=\"spacer.default\">\n\t\t\t\t<div class=\"elementor-widget-container\">\n\t\t\t\t\t\t\t<div class=\"elementor-spacer\">\n\t\t\t<div class=\"elementor-spacer-inner\"><\/div>\n\t\t<\/div>\n\t\t\t\t\t\t<\/div>\n\t\t\t\t<\/div>\n\t\t\t\t<div class=\"elementor-element elementor-element-760edfe0 elementor-widget elementor-widget-heading\" data-id=\"760edfe0\" data-element_type=\"widget\" data-e-type=\"widget\" data-widget_type=\"heading.default\">\n\t\t\t\t<div class=\"elementor-widget-container\">\n\t\t\t\t\t<h2 class=\"elementor-heading-title elementor-size-default\">A V\u00e6rdicentralen, avagy \u201ea z\u00f6ld foglalkoztat\u00e1s elismert k\u00f6zpontja\u201d (D\u00e1nia)<\/h2>\t\t\t\t<\/div>\n\t\t\t\t<\/div>\n\t\t\t\t\t<\/div>\n\t\t<\/div>\n\t\t\t\t\t<\/div>\n\t\t<\/section>\n\t\t\t\t<section class=\"elementor-section elementor-top-section elementor-element elementor-element-6f68bb64 elementor-section-stretched elementor-section-boxed elementor-section-height-default elementor-section-height-default\" data-id=\"6f68bb64\" data-element_type=\"section\" data-e-type=\"section\" data-settings=\"{&quot;stretch_section&quot;:&quot;section-stretched&quot;,&quot;background_background&quot;:&quot;classic&quot;}\">\n\t\t\t\t\t\t<div class=\"elementor-container elementor-column-gap-no\">\n\t\t\t\t\t<div class=\"elementor-column elementor-col-100 elementor-top-column elementor-element elementor-element-ccfc374\" data-id=\"ccfc374\" data-element_type=\"column\" data-e-type=\"column\">\n\t\t\t<div class=\"elementor-widget-wrap elementor-element-populated\">\n\t\t\t\t\t\t<section class=\"elementor-section elementor-inner-section elementor-element elementor-element-2dd3cd8a elementor-section-boxed elementor-section-height-default elementor-section-height-default\" data-id=\"2dd3cd8a\" data-element_type=\"section\" data-e-type=\"section\">\n\t\t\t\t\t\t<div class=\"elementor-container elementor-column-gap-default\">\n\t\t\t\t\t<div class=\"elementor-column elementor-col-100 elementor-inner-column elementor-element elementor-element-5fdfb6a1\" data-id=\"5fdfb6a1\" data-element_type=\"column\" data-e-type=\"column\" data-settings=\"{&quot;background_background&quot;:&quot;classic&quot;}\">\n\t\t\t<div class=\"elementor-widget-wrap elementor-element-populated\">\n\t\t\t\t\t\t<div class=\"elementor-element elementor-element-5305e914 elementor-widget elementor-widget-image\" data-id=\"5305e914\" data-element_type=\"widget\" data-e-type=\"widget\" data-widget_type=\"image.default\">\n\t\t\t\t<div class=\"elementor-widget-container\">\n\t\t\t\t\t\t\t\t\t\t\t\t\t\t\t<img decoding=\"async\" width=\"150\" height=\"150\" src=\"https:\/\/www.kdriu.hu\/wp-content\/uploads\/2022\/08\/10998420_327849960744838_2061798339869277530_o-150x150.jpg\" class=\"attachment-thumbnail size-thumbnail wp-image-6395\" alt=\"\" srcset=\"https:\/\/www.kdriu.hu\/wp-content\/uploads\/2022\/08\/10998420_327849960744838_2061798339869277530_o-150x150.jpg 150w, https:\/\/www.kdriu.hu\/wp-content\/uploads\/2022\/08\/10998420_327849960744838_2061798339869277530_o-300x300.jpg 300w, https:\/\/www.kdriu.hu\/wp-content\/uploads\/2022\/08\/10998420_327849960744838_2061798339869277530_o-1024x1024.jpg 1024w, https:\/\/www.kdriu.hu\/wp-content\/uploads\/2022\/08\/10998420_327849960744838_2061798339869277530_o-768x768.jpg 768w, https:\/\/www.kdriu.hu\/wp-content\/uploads\/2022\/08\/10998420_327849960744838_2061798339869277530_o-1536x1536.jpg 1536w, https:\/\/www.kdriu.hu\/wp-content\/uploads\/2022\/08\/10998420_327849960744838_2061798339869277530_o-12x12.jpg 12w, https:\/\/www.kdriu.hu\/wp-content\/uploads\/2022\/08\/10998420_327849960744838_2061798339869277530_o.jpg 2048w\" sizes=\"(max-width: 150px) 100vw, 150px\" \/>\t\t\t\t\t\t\t\t\t\t\t\t\t\t\t<\/div>\n\t\t\t\t<\/div>\n\t\t\t\t<div class=\"elementor-element elementor-element-751482fd elementor-widget elementor-widget-text-editor\" data-id=\"751482fd\" data-element_type=\"widget\" data-e-type=\"widget\" data-widget_type=\"text-editor.default\">\n\t\t\t\t<div class=\"elementor-widget-container\">\n\t\t\t\t\t\t\t\t\t<p><span style=\"font-style: inherit; font-weight: inherit; color: var(--ast-global-color-3);\">A V\u00e6rdicentralen elnevez\u00e9s\u0171 \u00f6nkorm\u00e1nyzati tulajdon\u00fa haszn\u00e1ltcikk boltot 2015-ben azzal a c\u00e9llal hozt\u00e1k l\u00e9tre, hogy \u00faj \u00e9letet adjon a Renosyd, az Aarhust\u00f3l d\u00e9lre fekv\u0151 \u00f6nkorm\u00e1nyzati hullad\u00e9kgazd\u00e1lkod\u00e1si v\u00e1llalat hullad\u00e9kgy\u0171jt\u0151 pontjair\u00f3l sz\u00e1rmaz\u00f3 haszn\u00e1lt cikkeknek.<\/span><\/p><p><img fetchpriority=\"high\" decoding=\"async\" class=\"alignnone wp-image-6399 size-full\" src=\"https:\/\/www.kdriu.hu\/wp-content\/uploads\/2022\/08\/287229425_1805989686264184_1626633905687962378_n.jpg\" alt=\"\" width=\"2048\" height=\"1152\" srcset=\"https:\/\/www.kdriu.hu\/wp-content\/uploads\/2022\/08\/287229425_1805989686264184_1626633905687962378_n.jpg 2048w, https:\/\/www.kdriu.hu\/wp-content\/uploads\/2022\/08\/287229425_1805989686264184_1626633905687962378_n-300x169.jpg 300w, https:\/\/www.kdriu.hu\/wp-content\/uploads\/2022\/08\/287229425_1805989686264184_1626633905687962378_n-1024x576.jpg 1024w, https:\/\/www.kdriu.hu\/wp-content\/uploads\/2022\/08\/287229425_1805989686264184_1626633905687962378_n-768x432.jpg 768w, https:\/\/www.kdriu.hu\/wp-content\/uploads\/2022\/08\/287229425_1805989686264184_1626633905687962378_n-1536x864.jpg 1536w, https:\/\/www.kdriu.hu\/wp-content\/uploads\/2022\/08\/287229425_1805989686264184_1626633905687962378_n-18x10.jpg 18w\" sizes=\"(max-width: 2048px) 100vw, 2048px\" \/><\/p><p><span style=\"font-style: inherit; font-weight: inherit; color: var(--ast-global-color-3);\">A V\u00e6rdicentralenben \u00e9rt\u00e9kes\u00edtett \u00e1rucikkeket egy\u00e9bk\u00e9nt \u00f6sszez\u00fazn\u00e1k, lerak\u00f3ba helyezn\u00e9k vagy el\u00e9getn\u00e9k, de ezeket \u00edgy most k\u00f6zvetlen\u00fcl \u00fajra felhaszn\u00e1lj\u00e1k.<\/span><\/p><p><strong><em>Egy\u00fcttm\u0171k\u00f6d\u00e9s j\u00f3t\u00e9konys\u00e1gi szervezetekkel<\/em><\/strong><\/p><p>Minden term\u00e9k a Renosyd hullad\u00e9kgy\u0171jt\u0151 pontjair\u00f3l sz\u00e1rmazik, ahov\u00e1 a v\u00e1s\u00e1rl\u00f3k az \u00fajrafelhaszn\u00e1l\u00e1sra sz\u00e1nt t\u00e1rgyaikat elvihetik. A t\u00e1rgyakat helyi j\u00f3t\u00e9konys\u00e1gi szervezeteknek is adom\u00e1nyozhatj\u00e1k, amelyeknek haszn\u00e1ltcikk-\u00fczleteik is vannak. Ez az egy\u00fcttm\u0171k\u00f6d\u00e9s j\u00f3l m\u0171k\u00f6dik, mivel mindenki sz\u00e1m\u00e1ra elegend\u0151 \u00e1rucikk \u00e1ll rendelkez\u00e9sre.<\/p><p><em><strong>Eredm\u00e9nyess\u00e9g h\u00e1rom ter\u00fcleten<\/strong><\/em><\/p><p>A V\u00e6rdicentralen a Renosyd r\u00e9szek\u00e9nt h\u00e1rom f\u0151 ter\u00fcleten k\u00edv\u00e1n eredm\u00e9nyeket felmutatni: gazdas\u00e1g, k\u00f6rnyezetv\u00e9delem \u00e9s t\u00e1rsadalom. Meggy\u0151z\u0151d\u00e9s\u00fck, hogy fenntarthat\u00f3 kereskedelmi tev\u00e9kenys\u00e9get l\u00e9tre lehet hozni haszn\u00e1lt cikkek elad\u00e1s\u00e1val is. A V\u00e6rdicentralen jelenleg kiegyens\u00falyozott p\u00e9nz\u00fcgyi nyilv\u00e1ntart\u00e1ssal \u00e9s 2.700.000 DKK \u00e1fa n\u00e9lk\u00fcli \u00e9ves forgalommal rendelkezik.<\/p><p><em><strong>Z\u00f6ld munkahelyek teremt\u00e9se<\/strong><\/em><\/p><p>Teremthet-e egy haszn\u00e1ltcikk bolt \u00faj munkahelyeket? Igen, a V\u00e6rdicentralen munkalehet\u0151s\u00e9get teremt a munkaer\u0151piacon neh\u00e9z helyzetben l\u00e9v\u0151 emberek sz\u00e1m\u00e1ra. A V\u00e6rdicentralen egy\u00fcttm\u0171k\u00f6dik az \u00f6nkorm\u00e1nyzatokkal, \u00e9s olyan munk\u00e1t k\u00edn\u00e1l a polg\u00e1roknak, amely figyelembe veszi az egyes emberek sz\u00fcks\u00e9gleteit, mik\u00f6zben \u00e9rtelmes \u00e9s egyben megfelel\u0151 kih\u00edv\u00e1sokat is ny\u00fajt\u00f3 munkalehet\u0151s\u00e9get k\u00edn\u00e1l.<\/p><p><img decoding=\"async\" class=\"alignnone wp-image-6400 size-large\" src=\"https:\/\/www.kdriu.hu\/wp-content\/uploads\/2022\/08\/292453261_1824961944366958_1478554066361123091_n-1024x768.jpg\" alt=\"\" width=\"1024\" height=\"768\" \/><\/p><p><span style=\"color: #339966;\"><strong>Sz\u00fcks\u00e9ges er\u0151forr\u00e1sok<\/strong><\/span><\/p><p><span style=\"color: #000000;\">A j\u00f3 gyakorlat megval\u00f3s\u00edt\u00e1s\u00e1hoz mindenekel\u0151tt olyan kiselejtezett t\u00e1rgyakhoz kell hozz\u00e1jutni, amelyeket \u00fajra fel lehet haszn\u00e1lni. Ezen t\u00falmen\u0151en sz\u00fcks\u00e9g van egy indul\u00f3 k\u00f6lts\u00e9gvet\u00e9sre a logisztik\u00e1hoz, a szem\u00e9lyzethez \u00e9s az \u00e1ruk \u00e9rt\u00e9kes\u00edt\u00e9s\u00e9re szolg\u00e1l\u00f3 \u00fczlethez.<\/span><\/p><p><span style=\"color: #339966;\"><strong>A siker mutat\u00f3i<\/strong><\/span><\/p><p><span style=\"color: #000000;\">A V\u00e6rdicentralen h\u00e1rom \u00e9v m\u0171k\u00f6d\u00e9s ut\u00e1n gazdas\u00e1gilag fenntarthat\u00f3v\u00e1 v\u00e1lt, \u00e9s ma m\u00e1r \u00e9vente 500 tonna hullad\u00e9kot t\u00e1vol\u00edt el a hullad\u00e9k\u00e1ramb\u00f3l. A c\u00e9gn\u00e9l 9 alkalmazottat foglalkoztatnak. K\u00f6z\u00fcl\u00fck \u00f6ten rugalmas munkak\u00f6rben dolgoznak, ami mag\u00e1ban foglalja a cs\u00f6kkentett munkaid\u0151ben vagy m\u00e1s egyedi szempontok szerint t\u00f6rt\u00e9n\u0151 munkav\u00e9gz\u00e9st.<\/span><\/p><p><span style=\"color: #339966;\"><strong>A tanul\u00e1s \u00e9s az ismeretek \u00e1tad\u00e1s\u00e1nak lehet\u0151s\u00e9ge<\/strong><\/span><\/p><p>Ezt a gyakorlatot k\u00f6nny\u0171 lem\u00e1solni \u00e9s az \u00fcgyf\u00e9lk\u00f6rh\u00f6z alak\u00edtani. A k\u00f6zvetlen \u00e9rt\u00e9kes\u00edt\u00e9s pedig nagyszer\u0171 m\u00f3d arra, hogy nagy mennyis\u00e9g\u0171 hullad\u00e9kot tartson a k\u00f6rforg\u00e1sban. Mi t\u00f6bb, ha a \u201ehullad\u00e9kot\u201d el tudjuk vinni a hullad\u00e9kgy\u0171jt\u0151 pontokr\u00f3l, ahol szinte v\u00e9gel\u00e1thatatlanul a m\u00e9g haszn\u00e1lhat\u00f3 t\u00e1rgyak sora, akkor j\u00f3t tett\u00fcnk a k\u00f6rnyezet\u00fcnkkel \u00e9s v\u00e1llalkoz\u00e1sunk m\u0171k\u00f6d\u00e9s\u00e9t is biztos\u00edtottuk.<\/p><p>\u00a0<\/p>\t\t\t\t\t\t\t\t<\/div>\n\t\t\t\t<\/div>\n\t\t\t\t\t<\/div>\n\t\t<\/div>\n\t\t\t\t\t<\/div>\n\t\t<\/section>\n\t\t\t\t\t<\/div>\n\t\t<\/div>\n\t\t\t\t\t<\/div>\n\t\t<\/section>\n\t\t\t\t<\/div>","protected":false},"excerpt":{"rendered":"<p>A V\u00e6rdicentralen, avagy \u201ea z\u00f6ld foglalkoztat\u00e1s elismert k\u00f6zpontja\u201d (D\u00e1nia) A V\u00e6rdicentralen elnevez\u00e9s\u0171 \u00f6nkorm\u00e1nyzati tulajdon\u00fa haszn\u00e1ltcikk boltot 2015-ben azzal a c\u00e9llal hozt\u00e1k l\u00e9tre, hogy \u00faj \u00e9letet adjon a Renosyd, az Aarhust\u00f3l d\u00e9lre fekv\u0151 \u00f6nkorm\u00e1nyzati hullad\u00e9kgazd\u00e1lkod\u00e1si v\u00e1llalat hullad\u00e9kgy\u0171jt\u0151 pontjair\u00f3l sz\u00e1rmaz\u00f3 haszn\u00e1lt cikkeknek. A V\u00e6rdicentralenben \u00e9rt\u00e9kes\u00edtett \u00e1rucikkeket egy\u00e9bk\u00e9nt \u00f6sszez\u00fazn\u00e1k, lerak\u00f3ba helyezn\u00e9k vagy el\u00e9getn\u00e9k, de ezeket \u00edgy most k\u00f6zvetlen\u00fcl [&hellip;]<\/p>\n","protected":false},"author":1,"featured_media":0,"parent":0,"menu_order":0,"comment_status":"closed","ping_status":"closed","template":"","meta":{"site-sidebar-layout":"no-sidebar","site-content-layout":"page-builder","ast-site-content-layout":"default","site-content-style":"default","site-sidebar-style":"default","ast-global-header-display":"","ast-banner-title-visibility":"","ast-main-header-display":"","ast-hfb-above-header-display":"","ast-hfb-below-header-display":"","ast-hfb-mobile-header-display":"","site-post-title":"disabled","ast-breadcrumbs-content":"","ast-featured-img":"disabled","footer-sml-layout":"","ast-disable-related-posts":"","theme-transparent-header-meta":"","adv-header-id-meta":"","stick-header-meta":"","header-above-stick-meta":"","header-main-stick-meta":"","header-below-stick-meta":"","astra-migrate-meta-layouts":"default","ast-page-background-enabled":"default","ast-page-background-meta":{"desktop":{"background-color":"","background-image":"","background-repeat":"repeat","background-position":"center center","background-size":"auto","background-attachment":"scroll","background-type":"","background-media":"","overlay-type":"","overlay-color":"","overlay-opacity":"","overlay-gradient":""},"tablet":{"background-color":"","background-image":"","background-repeat":"repeat","background-position":"center center","background-size":"auto","background-attachment":"scroll","background-type":"","background-media":"","overlay-type":"","overlay-color":"","overlay-opacity":"","overlay-gradient":""},"mobile":{"background-color":"","background-image":"","background-repeat":"repeat","background-position":"center center","background-size":"auto","background-attachment":"scroll","background-type":"","background-media":"","overlay-type":"","overlay-color":"","overlay-opacity":"","overlay-gradient":""}},"ast-content-background-meta":{"desktop":{"background-color":"var(--ast-global-color-5)","background-image":"","background-repeat":"repeat","background-position":"center center","background-size":"auto","background-attachment":"scroll","background-type":"","background-media":"","overlay-type":"","overlay-color":"","overlay-opacity":"","overlay-gradient":""},"tablet":{"background-color":"var(--ast-global-color-5)","background-image":"","background-repeat":"repeat","background-position":"center center","background-size":"auto","background-attachment":"scroll","background-type":"","background-media":"","overlay-type":"","overlay-color":"","overlay-opacity":"","overlay-gradient":""},"mobile":{"background-color":"var(--ast-global-color-5)","background-image":"","background-repeat":"repeat","background-position":"center center","background-size":"auto","background-attachment":"scroll","background-type":"","background-media":"","overlay-type":"","overlay-color":"","overlay-opacity":"","overlay-gradient":""}},"footnotes":""},"class_list":["post-6390","page","type-page","status-publish","hentry"],"_links":{"self":[{"href":"https:\/\/www.kdriu.hu\/en\/wp-json\/wp\/v2\/pages\/6390","targetHints":{"allow":["GET"]}}],"collection":[{"href":"https:\/\/www.kdriu.hu\/en\/wp-json\/wp\/v2\/pages"}],"about":[{"href":"https:\/\/www.kdriu.hu\/en\/wp-json\/wp\/v2\/types\/page"}],"author":[{"embeddable":true,"href":"https:\/\/www.kdriu.hu\/en\/wp-json\/wp\/v2\/users\/1"}],"replies":[{"embeddable":true,"href":"https:\/\/www.kdriu.hu\/en\/wp-json\/wp\/v2\/comments?post=6390"}],"version-history":[{"count":7,"href":"https:\/\/www.kdriu.hu\/en\/wp-json\/wp\/v2\/pages\/6390\/revisions"}],"predecessor-version":[{"id":6403,"href":"https:\/\/www.kdriu.hu\/en\/wp-json\/wp\/v2\/pages\/6390\/revisions\/6403"}],"wp:attachment":[{"href":"https:\/\/www.kdriu.hu\/en\/wp-json\/wp\/v2\/media?parent=6390"}],"curies":[{"name":"wp","href":"https:\/\/api.w.org\/{rel}","templated":true}]}}