{"id":6404,"date":"2022-08-22T07:52:08","date_gmt":"2022-08-22T07:52:08","guid":{"rendered":"http:\/\/www.kdriu.hu\/?page_id=6404"},"modified":"2022-08-23T12:06:09","modified_gmt":"2022-08-23T12:06:09","slug":"haztartasi-keszulekek-emulsa","status":"publish","type":"page","link":"https:\/\/www.kdriu.hu\/en\/haztartasi-keszulekek-emulsa\/","title":{"rendered":"H\u00e1ztart\u00e1si k\u00e9sz\u00fcl\u00e9kek \u00e9s csecsebecs\u00e9k begy\u0171jt\u00e9se (Spanyolorsz\u00e1g)"},"content":{"rendered":"<div data-elementor-type=\"wp-page\" data-elementor-id=\"6404\" class=\"elementor elementor-6404\" data-elementor-post-type=\"page\">\n\t\t\t\t\t\t<section class=\"elementor-section elementor-top-section elementor-element elementor-element-2aff1eb3 elementor-section-stretched elementor-section-height-min-height elementor-section-boxed elementor-section-height-default elementor-section-items-middle elementor-invisible\" data-id=\"2aff1eb3\" data-element_type=\"section\" data-e-type=\"section\" data-settings=\"{&quot;background_background&quot;:&quot;classic&quot;,&quot;stretch_section&quot;:&quot;section-stretched&quot;,&quot;animation&quot;:&quot;fadeIn&quot;}\">\n\t\t\t\t\t\t\t<div class=\"elementor-background-overlay\"><\/div>\n\t\t\t\t\t\t\t<div class=\"elementor-container elementor-column-gap-no\">\n\t\t\t\t\t<div class=\"elementor-column elementor-col-100 elementor-top-column elementor-element elementor-element-400f1862\" data-id=\"400f1862\" data-element_type=\"column\" data-e-type=\"column\">\n\t\t\t<div class=\"elementor-widget-wrap elementor-element-populated\">\n\t\t\t\t\t\t<div class=\"elementor-element elementor-element-21be743c elementor-widget elementor-widget-spacer\" data-id=\"21be743c\" data-element_type=\"widget\" data-e-type=\"widget\" data-widget_type=\"spacer.default\">\n\t\t\t\t<div class=\"elementor-widget-container\">\n\t\t\t\t\t\t\t<div class=\"elementor-spacer\">\n\t\t\t<div class=\"elementor-spacer-inner\"><\/div>\n\t\t<\/div>\n\t\t\t\t\t\t<\/div>\n\t\t\t\t<\/div>\n\t\t\t\t<div class=\"elementor-element elementor-element-37ba071d elementor-widget elementor-widget-heading\" data-id=\"37ba071d\" data-element_type=\"widget\" data-e-type=\"widget\" data-widget_type=\"heading.default\">\n\t\t\t\t<div class=\"elementor-widget-container\">\n\t\t\t\t\t<h2 class=\"elementor-heading-title elementor-size-default\">H\u00e1ztart\u00e1si k\u00e9sz\u00fcl\u00e9kek \u00e9s csecsebecs\u00e9k begy\u0171jt\u00e9se (Spanyolorsz\u00e1g)<\/h2>\t\t\t\t<\/div>\n\t\t\t\t<\/div>\n\t\t\t\t\t<\/div>\n\t\t<\/div>\n\t\t\t\t\t<\/div>\n\t\t<\/section>\n\t\t\t\t<section class=\"elementor-section elementor-top-section elementor-element elementor-element-343bdf2f elementor-section-stretched elementor-section-boxed elementor-section-height-default elementor-section-height-default\" data-id=\"343bdf2f\" data-element_type=\"section\" data-e-type=\"section\" data-settings=\"{&quot;stretch_section&quot;:&quot;section-stretched&quot;,&quot;background_background&quot;:&quot;classic&quot;}\">\n\t\t\t\t\t\t<div class=\"elementor-container elementor-column-gap-no\">\n\t\t\t\t\t<div class=\"elementor-column elementor-col-100 elementor-top-column elementor-element elementor-element-4926a002\" data-id=\"4926a002\" data-element_type=\"column\" data-e-type=\"column\">\n\t\t\t<div class=\"elementor-widget-wrap elementor-element-populated\">\n\t\t\t\t\t\t<section class=\"elementor-section elementor-inner-section elementor-element elementor-element-4afb8dfe elementor-section-boxed elementor-section-height-default elementor-section-height-default\" data-id=\"4afb8dfe\" data-element_type=\"section\" data-e-type=\"section\">\n\t\t\t\t\t\t<div class=\"elementor-container elementor-column-gap-default\">\n\t\t\t\t\t<div class=\"elementor-column elementor-col-100 elementor-inner-column elementor-element elementor-element-3f21f517\" data-id=\"3f21f517\" data-element_type=\"column\" data-e-type=\"column\" data-settings=\"{&quot;background_background&quot;:&quot;classic&quot;}\">\n\t\t\t<div class=\"elementor-widget-wrap elementor-element-populated\">\n\t\t\t\t\t\t<div class=\"elementor-element elementor-element-61d10b elementor-widget elementor-widget-text-editor\" data-id=\"61d10b\" data-element_type=\"widget\" data-e-type=\"widget\" data-widget_type=\"text-editor.default\">\n\t\t\t\t<div class=\"elementor-widget-container\">\n\t\t\t\t\t\t\t\t\t<p><strong>J\u00f3 \u00e1llapotban l\u00e9v\u0151, de felesleges t\u00e1rgyak adom\u00e1nyoz\u00e1sa \u00e9s haszn\u00e1ltcikk \u00fczletekben t\u00f6rt\u00e9n\u0151 elad\u00e1sa ideiglenes munkalehet\u0151s\u00e9geket teremtve a kirekeszt\u00e9s vesz\u00e9ly\u00e9nek kitett emberek sz\u00e1m\u00e1ra.<\/strong><\/p><p>Ez a j\u00f3 gyakorlat a COGERSA \u00e1ltal az EMULSA-val szoros egy\u00fcttm\u0171k\u00f6d\u00e9sben szervezett akci\u00f3.<\/p><p>Ez a tev\u00e9kenys\u00e9g az Eur\u00f3pai Hullad\u00e9kcs\u00f6kkent\u00e9si H\u00e9t keret\u00e9ben zajlott, \u00e9s c\u00e9lja az volt, hogy \u00f6sszegy\u0171jts\u00e9k azokat a k\u00fcl\u00f6nb\u00f6z\u0151 t\u00edpus\u00fa h\u00e1ztart\u00e1si g\u00e9peket, amelyeket tulajdonosaik m\u00e1r nem haszn\u00e1ltak, csak t\u00e1roltak. A hullad\u00e9kk\u00e9nt kezelt, azonban j\u00f3 \u00e1llapotban l\u00e9v\u0151 h\u00e1ztart\u00e1si k\u00e9sz\u00fcl\u00e9kekre is kiterjesztett\u00e9k a tev\u00e9kenys\u00e9get, annak \u00e9rdek\u00e9ben, hogy valaki m\u00e1s egy m\u00e1sodik \u00e9letet adhasson nekik.<\/p><p>A kezdem\u00e9nyez\u00e9sbe bevont term\u00e9kek az al\u00e1bbiak voltak: ker\u00e9kp\u00e1rok, elektronikai eszk\u00f6z\u00f6k, j\u00e1t\u00e9kok \u00e9s gyermekkorhoz k\u00f6t\u0151d\u0151 t\u00e1rgyak, k\u00f6nyvek, kisb\u00fatorok stb. A term\u00e9kek \u00f6sszegy\u0171jt\u00e9s\u00e9hez nagy m\u00e9ret\u0171 kont\u00e9nereket bocs\u00e1tottak rendelkez\u00e9sre Asturias k\u00fcl\u00f6nb\u00f6z\u0151 helysz\u00ednein, ahol a lak\u00f3k otthagyhatt\u00e1k a sz\u00e1mukra m\u00e1r feleslegess\u00e9 v\u00e1lt t\u00e1rgyakat.<\/p><p>Az akci\u00f3t egy nonprofit szervezettel, az Emaus Riquirraque-kal egy\u00fcttm\u0171k\u00f6dve hajtott\u00e1k v\u00e9gre, \u00edgy az \u00f6sszes \u00f6sszegy\u0171jt\u00f6tt ing\u00f3s\u00e1got \u00e9s t\u00e1rgyat ennek a v\u00e1llalatnak adom\u00e1nyozt\u00e1k, amely, miut\u00e1n \u00e1tv\u00e1logatta, forgalomba hozta \u0151ket haszn\u00e1ltcikk \u00fczleteiben.<\/p><p>Az Emaus az \u00edgy el\u00e9rt el\u0151ny\u00f6k r\u00e9v\u00e9n munkalehet\u0151s\u00e9geket teremtett a kirekeszt\u00e9s vesz\u00e9ly\u00e9nek kitett emberek sz\u00e1m\u00e1ra. Minden egyes \u00f6sszegy\u0171jt\u00f6tt kg term\u00e9k \u00f6t perc foglalkoztat\u00e1ssal \u00e9r fel. Ez a kamp\u00e1ny k\u00e9t egym\u00e1st k\u00f6vet\u0151 \u00e9vben, mindig az Eur\u00f3pai Hullad\u00e9kcs\u00f6kkent\u00e9si H\u00e9t keret\u00e9ben zajlott, 2015 november\u00e9ben \u00e9s 2016 okt\u00f3ber\u00e9ben.<\/p>\t\t\t\t\t\t\t\t<\/div>\n\t\t\t\t<\/div>\n\t\t\t\t<div class=\"elementor-element elementor-element-4c2c183 elementor-widget elementor-widget-gallery\" data-id=\"4c2c183\" data-element_type=\"widget\" data-e-type=\"widget\" data-settings=\"{&quot;columns&quot;:2,&quot;aspect_ratio&quot;:&quot;4:3&quot;,&quot;lazyload&quot;:&quot;yes&quot;,&quot;gallery_layout&quot;:&quot;grid&quot;,&quot;columns_tablet&quot;:2,&quot;columns_mobile&quot;:1,&quot;gap&quot;:{&quot;unit&quot;:&quot;px&quot;,&quot;size&quot;:10,&quot;sizes&quot;:[]},&quot;gap_tablet&quot;:{&quot;unit&quot;:&quot;px&quot;,&quot;size&quot;:10,&quot;sizes&quot;:[]},&quot;gap_mobile&quot;:{&quot;unit&quot;:&quot;px&quot;,&quot;size&quot;:10,&quot;sizes&quot;:[]},&quot;link_to&quot;:&quot;file&quot;,&quot;overlay_background&quot;:&quot;yes&quot;,&quot;content_hover_animation&quot;:&quot;fade-in&quot;}\" data-widget_type=\"gallery.default\">\n\t\t\t\t<div class=\"elementor-widget-container\">\n\t\t\t\t\t\t\t<div class=\"elementor-gallery__container\">\n\t\t\t\t\t\t\t<a class=\"e-gallery-item elementor-gallery-item elementor-animated-content\" href=\"https:\/\/www.kdriu.hu\/wp-content\/uploads\/2022\/08\/295994222_597998521709269_4806236953099620816_n.jpg\" data-elementor-open-lightbox=\"yes\" data-elementor-lightbox-slideshow=\"4c2c183\" data-elementor-lightbox-title=\"295994222_597998521709269_4806236953099620816_n\" data-e-action-hash=\"#elementor-action%3Aaction%3Dlightbox%26settings%3DeyJpZCI6Njc4OSwidXJsIjoiaHR0cHM6XC9cL3d3dy5rZHJpdS5odVwvd3AtY29udGVudFwvdXBsb2Fkc1wvMjAyMlwvMDhcLzI5NTk5NDIyMl81OTc5OTg1MjE3MDkyNjlfNDgwNjIzNjk1MzA5OTYyMDgxNl9uLmpwZyIsInNsaWRlc2hvdyI6IjRjMmMxODMifQ%3D%3D\">\n\t\t\t\t\t<div class=\"e-gallery-image elementor-gallery-item__image\" data-thumbnail=\"https:\/\/www.kdriu.hu\/wp-content\/uploads\/2022\/08\/295994222_597998521709269_4806236953099620816_n-1024x768.jpg\" data-width=\"1024\" data-height=\"768\" aria-label=\"\" role=\"img\" ><\/div>\n\t\t\t\t\t\t\t\t\t\t\t<div class=\"elementor-gallery-item__overlay\"><\/div>\n\t\t\t\t\t\t\t\t\t\t\t\t\t\t<\/a>\n\t\t\t\t\t\t\t<a class=\"e-gallery-item elementor-gallery-item elementor-animated-content\" href=\"https:\/\/www.kdriu.hu\/wp-content\/uploads\/2022\/08\/295918413_597998485042606_4017374881751031964_n.jpg\" data-elementor-open-lightbox=\"yes\" data-elementor-lightbox-slideshow=\"4c2c183\" data-elementor-lightbox-title=\"295918413_597998485042606_4017374881751031964_n\" data-e-action-hash=\"#elementor-action%3Aaction%3Dlightbox%26settings%3DeyJpZCI6Njc4OCwidXJsIjoiaHR0cHM6XC9cL3d3dy5rZHJpdS5odVwvd3AtY29udGVudFwvdXBsb2Fkc1wvMjAyMlwvMDhcLzI5NTkxODQxM181OTc5OTg0ODUwNDI2MDZfNDAxNzM3NDg4MTc1MTAzMTk2NF9uLmpwZyIsInNsaWRlc2hvdyI6IjRjMmMxODMifQ%3D%3D\">\n\t\t\t\t\t<div class=\"e-gallery-image elementor-gallery-item__image\" data-thumbnail=\"https:\/\/www.kdriu.hu\/wp-content\/uploads\/2022\/08\/295918413_597998485042606_4017374881751031964_n-1024x768.jpg\" data-width=\"1024\" data-height=\"768\" aria-label=\"\" role=\"img\" ><\/div>\n\t\t\t\t\t\t\t\t\t\t\t<div class=\"elementor-gallery-item__overlay\"><\/div>\n\t\t\t\t\t\t\t\t\t\t\t\t\t\t<\/a>\n\t\t\t\t\t<\/div>\n\t\t\t\t\t<\/div>\n\t\t\t\t<\/div>\n\t\t\t\t<div class=\"elementor-element elementor-element-3d8c52d9 elementor-widget elementor-widget-heading\" data-id=\"3d8c52d9\" data-element_type=\"widget\" data-e-type=\"widget\" data-widget_type=\"heading.default\">\n\t\t\t\t<div class=\"elementor-widget-container\">\n\t\t\t\t\t<h4 class=\"elementor-heading-title elementor-size-default\">Sz\u00fcks\u00e9ges er\u0151forr\u00e1sok<\/h4>\t\t\t\t<\/div>\n\t\t\t\t<\/div>\n\t\t\t\t<div class=\"elementor-element elementor-element-526c7cdd elementor-widget elementor-widget-text-editor\" data-id=\"526c7cdd\" data-element_type=\"widget\" data-e-type=\"widget\" data-widget_type=\"text-editor.default\">\n\t\t\t\t<div class=\"elementor-widget-container\">\n\t\t\t\t\t\t\t\t\t<p align=\"justify\">Egy nagy kont\u00e9ner (30-34 m3 ) minden egyes hullad\u00e9kgy\u0171jt\u0151 ponton.<\/p>\t\t\t\t\t\t\t\t<\/div>\n\t\t\t\t<\/div>\n\t\t\t\t<div class=\"elementor-element elementor-element-aea5236 elementor-widget elementor-widget-heading\" data-id=\"aea5236\" data-element_type=\"widget\" data-e-type=\"widget\" data-widget_type=\"heading.default\">\n\t\t\t\t<div class=\"elementor-widget-container\">\n\t\t\t\t\t<h4 class=\"elementor-heading-title elementor-size-default\">A siker mutat\u00f3i<\/h4>\t\t\t\t<\/div>\n\t\t\t\t<\/div>\n\t\t\t\t<div class=\"elementor-element elementor-element-267aecdc elementor-widget elementor-widget-text-editor\" data-id=\"267aecdc\" data-element_type=\"widget\" data-e-type=\"widget\" data-widget_type=\"text-editor.default\">\n\t\t\t\t<div class=\"elementor-widget-container\">\n\t\t\t\t\t\t\t\t\t<ul><li>2015-ben 8 300 kg term\u00e9ket gy\u0171jt\u00f6ttek \u00f6ssze. Ez 36 700 perc = 15,3 h\u00e9t szoci\u00e1lis foglalkoztat\u00e1s.<\/li><li>15.000 kg term\u00e9k 2016-ban (2.800 kg csak Gij\u00f3nban). Ez 75.000 perc = 31 h\u00e9t szoci\u00e1lis foglalkoztat\u00e1s.<\/li><\/ul>\t\t\t\t\t\t\t\t<\/div>\n\t\t\t\t<\/div>\n\t\t\t\t<div class=\"elementor-element elementor-element-66e06073 elementor-widget elementor-widget-heading\" data-id=\"66e06073\" data-element_type=\"widget\" data-e-type=\"widget\" data-widget_type=\"heading.default\">\n\t\t\t\t<div class=\"elementor-widget-container\">\n\t\t\t\t\t<h4 class=\"elementor-heading-title elementor-size-default\">A felmer\u00fclt neh\u00e9zs\u00e9gek<\/h4>\t\t\t\t<\/div>\n\t\t\t\t<\/div>\n\t\t\t\t<div class=\"elementor-element elementor-element-e7b0c42 elementor-widget elementor-widget-text-editor\" data-id=\"e7b0c42\" data-element_type=\"widget\" data-e-type=\"widget\" data-widget_type=\"text-editor.default\">\n\t\t\t\t<div class=\"elementor-widget-container\">\n\t\t\t\t\t\t\t\t\t<p>N\u00e9h\u00e1ny helyi lakos vonakodott haszn\u00e1lt term\u00e9keket v\u00e1s\u00e1rolni, olyan okokra hivatkozva, mint p\u00e9ld\u00e1ul a higi\u00e9nia. Sokan m\u00e9g mindig nem \u00e9rtik, hogy a haszn\u00e1lt t\u00e1rgyak \u00fajrafelhaszn\u00e1l\u00e1sa tele van el\u0151ny\u00f6kkel a t\u00e1rsadalom sz\u00e1m\u00e1ra. Tov\u00e1bb\u00e1 a haszn\u00e1ltcikkes weboldalak \u00e9s az olyan alkalmaz\u00e1sok, melyek r\u00e9v\u00e9n a nem haszn\u00e1lt \u00e1ruk\u00e9rt cser\u00e9be p\u00e9nzt lehet kapni, vonz\u00f3bbnak t\u0171nnek, mint az adom\u00e1nyoz\u00e1s. partner egy\u00fcttm\u0171k\u00f6d\u00e9se \u00e1ltal val\u00f3sul meg.<\/p>\t\t\t\t\t\t\t\t<\/div>\n\t\t\t\t<\/div>\n\t\t\t\t<div class=\"elementor-element elementor-element-6b844dea elementor-widget elementor-widget-heading\" data-id=\"6b844dea\" data-element_type=\"widget\" data-e-type=\"widget\" data-widget_type=\"heading.default\">\n\t\t\t\t<div class=\"elementor-widget-container\">\n\t\t\t\t\t<h4 class=\"elementor-heading-title elementor-size-default\">A tanul\u00e1s \u00e9s az ismeretek \u00e1tad\u00e1s\u00e1nak lehet\u0151s\u00e9ge<\/h4>\t\t\t\t<\/div>\n\t\t\t\t<\/div>\n\t\t\t\t<div class=\"elementor-element elementor-element-2f48ec17 elementor-widget elementor-widget-text-editor\" data-id=\"2f48ec17\" data-element_type=\"widget\" data-e-type=\"widget\" data-widget_type=\"text-editor.default\">\n\t\t\t\t<div class=\"elementor-widget-container\">\n\t\t\t\t\t\t\t\t\t<p>E j\u00f3 gyakorlat egyik fontos tanuls\u00e1ga az \u00fajra felhaszn\u00e1l\u00e1shoz kapcsol\u00f3d\u00f3 tev\u00e9kenys\u00e9gek \u00e1ltal l\u00e9trehozott z\u00f6ld \u00e9s szoci\u00e1lis foglalkoztat\u00e1s megbecs\u00fcl\u00e9se. Val\u00f3j\u00e1ban ez a tapasztalat szolg\u00e1lt az EMULSA \u00e1lland\u00f3 projektj\u00e9nek alapj\u00e1ul, amely 2018 j\u00fanius\u00e1ban indult \u00e9s az \u00fajrahaszn\u00e1latot c\u00e9lozza meg Gijon 4 hullad\u00e9kgy\u0171jt\u0151 pontj\u00e1n, ahova a v\u00e1ros lak\u00f3i bevihetik a m\u00e1r nem haszn\u00e1lt, de m\u00e9g j\u00f3 \u00e1llapotban l\u00e9v\u0151 t\u00e1rgyaikat, ily m\u00f3don biztos\u00edtva sz\u00e1mukra egy m\u00e1sodik \u00e9letet. Az \u00f6sszegy\u0171jt\u00f6tt term\u00e9keket egy applik\u00e1ci\u00f3ba t\u00f6ltik fel, ez a ReuseApp.<\/p>\t\t\t\t\t\t\t\t<\/div>\n\t\t\t\t<\/div>\n\t\t\t\t\t<\/div>\n\t\t<\/div>\n\t\t\t\t\t<\/div>\n\t\t<\/section>\n\t\t\t\t\t<\/div>\n\t\t<\/div>\n\t\t\t\t\t<\/div>\n\t\t<\/section>\n\t\t\t\t<\/div>","protected":false},"excerpt":{"rendered":"<p>H\u00e1ztart\u00e1si k\u00e9sz\u00fcl\u00e9kek \u00e9s csecsebecs\u00e9k begy\u0171jt\u00e9se (Spanyolorsz\u00e1g) J\u00f3 \u00e1llapotban l\u00e9v\u0151, de felesleges t\u00e1rgyak adom\u00e1nyoz\u00e1sa \u00e9s haszn\u00e1ltcikk \u00fczletekben t\u00f6rt\u00e9n\u0151 elad\u00e1sa ideiglenes munkalehet\u0151s\u00e9geket teremtve a kirekeszt\u00e9s vesz\u00e9ly\u00e9nek kitett emberek sz\u00e1m\u00e1ra. Ez a j\u00f3 gyakorlat a COGERSA \u00e1ltal az EMULSA-val szoros egy\u00fcttm\u0171k\u00f6d\u00e9sben szervezett akci\u00f3. Ez a tev\u00e9kenys\u00e9g az Eur\u00f3pai Hullad\u00e9kcs\u00f6kkent\u00e9si H\u00e9t keret\u00e9ben zajlott, \u00e9s c\u00e9lja az volt, hogy \u00f6sszegy\u0171jts\u00e9k [&hellip;]<\/p>\n","protected":false},"author":1,"featured_media":0,"parent":0,"menu_order":0,"comment_status":"closed","ping_status":"closed","template":"","meta":{"site-sidebar-layout":"no-sidebar","site-content-layout":"page-builder","ast-site-content-layout":"default","site-content-style":"default","site-sidebar-style":"default","ast-global-header-display":"","ast-banner-title-visibility":"","ast-main-header-display":"","ast-hfb-above-header-display":"","ast-hfb-below-header-display":"","ast-hfb-mobile-header-display":"","site-post-title":"disabled","ast-breadcrumbs-content":"","ast-featured-img":"disabled","footer-sml-layout":"","ast-disable-related-posts":"","theme-transparent-header-meta":"","adv-header-id-meta":"","stick-header-meta":"","header-above-stick-meta":"","header-main-stick-meta":"","header-below-stick-meta":"","astra-migrate-meta-layouts":"default","ast-page-background-enabled":"default","ast-page-background-meta":{"desktop":{"background-color":"","background-image":"","background-repeat":"repeat","background-position":"center center","background-size":"auto","background-attachment":"scroll","background-type":"","background-media":"","overlay-type":"","overlay-color":"","overlay-opacity":"","overlay-gradient":""},"tablet":{"background-color":"","background-image":"","background-repeat":"repeat","background-position":"center center","background-size":"auto","background-attachment":"scroll","background-type":"","background-media":"","overlay-type":"","overlay-color":"","overlay-opacity":"","overlay-gradient":""},"mobile":{"background-color":"","background-image":"","background-repeat":"repeat","background-position":"center center","background-size":"auto","background-attachment":"scroll","background-type":"","background-media":"","overlay-type":"","overlay-color":"","overlay-opacity":"","overlay-gradient":""}},"ast-content-background-meta":{"desktop":{"background-color":"var(--ast-global-color-5)","background-image":"","background-repeat":"repeat","background-position":"center center","background-size":"auto","background-attachment":"scroll","background-type":"","background-media":"","overlay-type":"","overlay-color":"","overlay-opacity":"","overlay-gradient":""},"tablet":{"background-color":"var(--ast-global-color-5)","background-image":"","background-repeat":"repeat","background-position":"center center","background-size":"auto","background-attachment":"scroll","background-type":"","background-media":"","overlay-type":"","overlay-color":"","overlay-opacity":"","overlay-gradient":""},"mobile":{"background-color":"var(--ast-global-color-5)","background-image":"","background-repeat":"repeat","background-position":"center center","background-size":"auto","background-attachment":"scroll","background-type":"","background-media":"","overlay-type":"","overlay-color":"","overlay-opacity":"","overlay-gradient":""}},"footnotes":""},"class_list":["post-6404","page","type-page","status-publish","hentry"],"_links":{"self":[{"href":"https:\/\/www.kdriu.hu\/en\/wp-json\/wp\/v2\/pages\/6404","targetHints":{"allow":["GET"]}}],"collection":[{"href":"https:\/\/www.kdriu.hu\/en\/wp-json\/wp\/v2\/pages"}],"about":[{"href":"https:\/\/www.kdriu.hu\/en\/wp-json\/wp\/v2\/types\/page"}],"author":[{"embeddable":true,"href":"https:\/\/www.kdriu.hu\/en\/wp-json\/wp\/v2\/users\/1"}],"replies":[{"embeddable":true,"href":"https:\/\/www.kdriu.hu\/en\/wp-json\/wp\/v2\/comments?post=6404"}],"version-history":[{"count":50,"href":"https:\/\/www.kdriu.hu\/en\/wp-json\/wp\/v2\/pages\/6404\/revisions"}],"predecessor-version":[{"id":6793,"href":"https:\/\/www.kdriu.hu\/en\/wp-json\/wp\/v2\/pages\/6404\/revisions\/6793"}],"wp:attachment":[{"href":"https:\/\/www.kdriu.hu\/en\/wp-json\/wp\/v2\/media?parent=6404"}],"curies":[{"name":"wp","href":"https:\/\/api.w.org\/{rel}","templated":true}]}}