{"id":6414,"date":"2022-08-22T08:07:50","date_gmt":"2022-08-22T08:07:50","guid":{"rendered":"http:\/\/www.kdriu.hu\/?page_id=6414"},"modified":"2022-09-08T21:25:36","modified_gmt":"2022-09-08T21:25:36","slug":"les-ateliers-du-bocage","status":"publish","type":"page","link":"https:\/\/www.kdriu.hu\/en\/les-ateliers-du-bocage\/","title":{"rendered":"A Les Ateliers du Bocage: nyomtat\u00f3 patronok \u00e9s kazett\u00e1k \u00fajrahaszn\u00e1latra val\u00f3 alkalmass\u00e1 t\u00e9tele (Franciaorsz\u00e1g)"},"content":{"rendered":"<div data-elementor-type=\"wp-page\" data-elementor-id=\"6414\" class=\"elementor elementor-6414\" data-elementor-post-type=\"page\">\n\t\t\t\t\t\t<section class=\"elementor-section elementor-top-section elementor-element elementor-element-362bd45 elementor-section-stretched elementor-section-height-min-height elementor-section-boxed elementor-section-height-default elementor-section-items-middle elementor-invisible\" data-id=\"362bd45\" data-element_type=\"section\" data-e-type=\"section\" data-settings=\"{&quot;background_background&quot;:&quot;classic&quot;,&quot;stretch_section&quot;:&quot;section-stretched&quot;,&quot;animation&quot;:&quot;fadeIn&quot;}\">\n\t\t\t\t\t\t\t<div class=\"elementor-background-overlay\"><\/div>\n\t\t\t\t\t\t\t<div class=\"elementor-container elementor-column-gap-no\">\n\t\t\t\t\t<div class=\"elementor-column elementor-col-100 elementor-top-column elementor-element elementor-element-606d6b1e\" data-id=\"606d6b1e\" data-element_type=\"column\" data-e-type=\"column\">\n\t\t\t<div class=\"elementor-widget-wrap elementor-element-populated\">\n\t\t\t\t\t\t<div class=\"elementor-element elementor-element-2e4919bf elementor-widget elementor-widget-spacer\" data-id=\"2e4919bf\" data-element_type=\"widget\" data-e-type=\"widget\" data-widget_type=\"spacer.default\">\n\t\t\t\t<div class=\"elementor-widget-container\">\n\t\t\t\t\t\t\t<div class=\"elementor-spacer\">\n\t\t\t<div class=\"elementor-spacer-inner\"><\/div>\n\t\t<\/div>\n\t\t\t\t\t\t<\/div>\n\t\t\t\t<\/div>\n\t\t\t\t<div class=\"elementor-element elementor-element-4cd5f22d elementor-widget elementor-widget-heading\" data-id=\"4cd5f22d\" data-element_type=\"widget\" data-e-type=\"widget\" data-widget_type=\"heading.default\">\n\t\t\t\t<div class=\"elementor-widget-container\">\n\t\t\t\t\t<h2 class=\"elementor-heading-title elementor-size-default\">A Les Ateliers du Bocage: nyomtat\u00f3 patronok \u00e9s kazett\u00e1k \u00fajrahaszn\u00e1latra val\u00f3 alkalmass\u00e1 t\u00e9tele (Franciaorsz\u00e1g)<\/h2>\t\t\t\t<\/div>\n\t\t\t\t<\/div>\n\t\t\t\t\t<\/div>\n\t\t<\/div>\n\t\t\t\t\t<\/div>\n\t\t<\/section>\n\t\t\t\t<section class=\"elementor-section elementor-top-section elementor-element elementor-element-41763307 elementor-section-stretched elementor-section-boxed elementor-section-height-default elementor-section-height-default\" data-id=\"41763307\" data-element_type=\"section\" data-e-type=\"section\" data-settings=\"{&quot;stretch_section&quot;:&quot;section-stretched&quot;,&quot;background_background&quot;:&quot;classic&quot;}\">\n\t\t\t\t\t\t<div class=\"elementor-container elementor-column-gap-no\">\n\t\t\t\t\t<div class=\"elementor-column elementor-col-100 elementor-top-column elementor-element elementor-element-7c48f19b\" data-id=\"7c48f19b\" data-element_type=\"column\" data-e-type=\"column\">\n\t\t\t<div class=\"elementor-widget-wrap elementor-element-populated\">\n\t\t\t\t\t\t<section class=\"elementor-section elementor-inner-section elementor-element elementor-element-36fb40d0 elementor-section-boxed elementor-section-height-default elementor-section-height-default\" data-id=\"36fb40d0\" data-element_type=\"section\" data-e-type=\"section\">\n\t\t\t\t\t\t<div class=\"elementor-container elementor-column-gap-default\">\n\t\t\t\t\t<div class=\"elementor-column elementor-col-100 elementor-inner-column elementor-element elementor-element-603f9ad3\" data-id=\"603f9ad3\" data-element_type=\"column\" data-e-type=\"column\" data-settings=\"{&quot;background_background&quot;:&quot;classic&quot;}\">\n\t\t\t<div class=\"elementor-widget-wrap elementor-element-populated\">\n\t\t\t\t\t\t<div class=\"elementor-element elementor-element-35e45c20 elementor-widget elementor-widget-text-editor\" data-id=\"35e45c20\" data-element_type=\"widget\" data-e-type=\"widget\" data-widget_type=\"text-editor.default\">\n\t\t\t\t<div class=\"elementor-widget-container\">\n\t\t\t\t\t\t\t\t\t<p><strong>Ez a kezdem\u00e9nyez\u00e9s t\u00e1mogatja a t\u00e1rsadalmi-szakmai integr\u00e1ci\u00f3t \u00e9s a szoci\u00e1lis gazdas\u00e1got a nyomtat\u00f3 patronok \u00fajra felhaszn\u00e1l\u00e1sra val\u00f3 alkalmass\u00e1 t\u00e9tel\u00e9vel, ami jelent\u0151s pozit\u00edv k\u00f6rnyezeti hat\u00e1ssal j\u00e1r.<\/strong><\/p><p>A Les Ateliers du Bocage (AdB), az Emma\u00fcs France tagja, mely egy\u00fcttm\u0171k\u00f6dik a Brotherrel \u00e9s a Lexmarkkal. Az AdB az Emma\u00fcs programon kereszt\u00fcl, k\u00f6z\u00f6ss\u00e9gek k\u00f6zrem\u0171k\u00f6d\u00e9s\u00e9vel gy\u0171jti be a tintapatronokat \u00e9s tonerkazett\u00e1kat Franciaorsz\u00e1g szerte.<\/p><p>Miut\u00e1n a patronokat begy\u0171jt\u00f6tt\u00e9k vagy \u00e1tvett\u00e9k, m\u00e1rka, t\u00edpus \u00e9s referencia szerint sz\u00e9tv\u00e1logatj\u00e1k, azonos\u00edtj\u00e1k \u00e9s megm\u00e9rik \u0151ket. Az AdB munkat\u00e1rsai ez\u00e1ltal olyan inform\u00e1ci\u00f3khoz jutnak, amelyek lehet\u0151v\u00e9 teszik sz\u00e1mukra, hogy sz\u00e9tv\u00e1lassz\u00e1k az \u00fajra felhaszn\u00e1lhat\u00f3 patronokat a hullad\u00e9kba ker\u00fclend\u0151kt\u0151l. A szort\u00edroz\u00e1s ut\u00e1n a patronok \u00fajra beker\u00fclnek az ipari folyamatba: \u00fajrat\u00f6ltik, megjav\u00edtj\u00e1k, sz\u00e9tszedik, m\u0171k\u00f6d\u0151k\u00e9pes p\u00f3talkatr\u00e9szekkel \u00fajra felhaszn\u00e1lj\u00e1k, vagy a leghat\u00e9konyabb m\u00f3don hullad\u00e9kk\u00e9nt \u00fajrahasznos\u00edtj\u00e1k \u0151ket.<\/p><p>A patronok \u00e9s tonerek er\u0151sen szennyez\u0151 hullad\u00e9kok. Az els\u0151dleges felhaszn\u00e1l\u00f3k a mag\u00e1nszem\u00e9lyek \u00e9s a v\u00e1llalkoz\u00e1sok, akik gyakran nincsenek tiszt\u00e1ban azzal, hogyan kell \u00e1rtalmatlan\u00edtani \u0151ket. Az AdB havonta k\u00f6r\u00fclbel\u00fcl 120 000 patront kezel \u00e9s v\u00e1logat, \u00e9s k\u00f6r\u00fclbel\u00fcl 500 k\u00fcl\u00f6nb\u00f6z\u0151 t\u00edpus\u00fa patront azonos\u00edt. A 2019-ben \u201emegmentett\u201d t\u00f6bb, mint 1 375 417 kazett\u00e1val a k\u00f6rnyezeti hat\u00e1s igen jelent\u0151s volt, mivel kevesebb hullad\u00e9k keletkezett, t\u00f6bb energi\u00e1t takar\u00edtottak meg \u00e9s kevesebb er\u0151forr\u00e1st kellett felhaszn\u00e1lni. Ezenk\u00edv\u00fcl a potenci\u00e1lisan vesz\u00e9lyes anyagokat \u00f6sszegy\u0171jtik \u00e9s \u00fajra felhaszn\u00e1lj\u00e1k a felel\u0151tlen\u00fcl v\u00e9gzett hullad\u00e9kfelhalmoz\u00e1s helyett, megakad\u00e1lyozva a k\u00f6rnyezet k\u00e1rosod\u00e1s\u00e1t.<\/p><p>A Brother\/Lexmark \u00e9s az AdB k\u00f6z\u00f6tti szerz\u0151d\u00e9sek z\u00f6ld munkahelyeket teremtenek a bizonytalan helyzetben l\u00e9v\u0151, a munkaer\u0151piacra val\u00f3 bejut\u00e1s\u00e9rt k\u00fczd\u0151 \u00e9s a k\u00f6rnyezet meg\u00f3v\u00e1s\u00e1ra t\u00f6rekv\u0151 emberek sz\u00e1m\u00e1ra.<\/p>\t\t\t\t\t\t\t\t<\/div>\n\t\t\t\t<\/div>\n\t\t\t\t<div class=\"elementor-element elementor-element-0b3e18f elementor-widget elementor-widget-gallery\" data-id=\"0b3e18f\" data-element_type=\"widget\" data-e-type=\"widget\" data-settings=\"{&quot;lazyload&quot;:&quot;yes&quot;,&quot;gallery_layout&quot;:&quot;grid&quot;,&quot;columns&quot;:4,&quot;columns_tablet&quot;:2,&quot;columns_mobile&quot;:1,&quot;gap&quot;:{&quot;unit&quot;:&quot;px&quot;,&quot;size&quot;:10,&quot;sizes&quot;:[]},&quot;gap_tablet&quot;:{&quot;unit&quot;:&quot;px&quot;,&quot;size&quot;:10,&quot;sizes&quot;:[]},&quot;gap_mobile&quot;:{&quot;unit&quot;:&quot;px&quot;,&quot;size&quot;:10,&quot;sizes&quot;:[]},&quot;link_to&quot;:&quot;file&quot;,&quot;aspect_ratio&quot;:&quot;3:2&quot;,&quot;overlay_background&quot;:&quot;yes&quot;,&quot;content_hover_animation&quot;:&quot;fade-in&quot;}\" data-widget_type=\"gallery.default\">\n\t\t\t\t<div class=\"elementor-widget-container\">\n\t\t\t\t\t\t\t<div class=\"elementor-gallery__container\">\n\t\t\t\t\t\t\t<a class=\"e-gallery-item elementor-gallery-item elementor-animated-content\" href=\"https:\/\/www.kdriu.hu\/wp-content\/uploads\/2022\/09\/DSC_0675-scaled-1.jpg\" data-elementor-open-lightbox=\"yes\" data-elementor-lightbox-slideshow=\"0b3e18f\" data-elementor-lightbox-title=\"DSC_0675-scaled\" data-e-action-hash=\"#elementor-action%3Aaction%3Dlightbox%26settings%3DeyJpZCI6NzAwNCwidXJsIjoiaHR0cHM6XC9cL3d3dy5rZHJpdS5odVwvd3AtY29udGVudFwvdXBsb2Fkc1wvMjAyMlwvMDlcL0RTQ18wNjc1LXNjYWxlZC0xLmpwZyIsInNsaWRlc2hvdyI6IjBiM2UxOGYifQ%3D%3D\">\n\t\t\t\t\t<div class=\"e-gallery-image elementor-gallery-item__image\" data-thumbnail=\"https:\/\/www.kdriu.hu\/wp-content\/uploads\/2022\/09\/DSC_0675-scaled-1-1024x683.jpg\" data-width=\"1024\" data-height=\"683\" aria-label=\"\" role=\"img\" ><\/div>\n\t\t\t\t\t\t\t\t\t\t\t<div class=\"elementor-gallery-item__overlay\"><\/div>\n\t\t\t\t\t\t\t\t\t\t\t\t\t\t<\/a>\n\t\t\t\t\t\t\t<a class=\"e-gallery-item elementor-gallery-item elementor-animated-content\" href=\"https:\/\/www.kdriu.hu\/wp-content\/uploads\/2022\/09\/DSC4649-scaled-1.jpg\" data-elementor-open-lightbox=\"yes\" data-elementor-lightbox-slideshow=\"0b3e18f\" data-elementor-lightbox-title=\"DSC4649-scaled\" data-e-action-hash=\"#elementor-action%3Aaction%3Dlightbox%26settings%3DeyJpZCI6NzAwNiwidXJsIjoiaHR0cHM6XC9cL3d3dy5rZHJpdS5odVwvd3AtY29udGVudFwvdXBsb2Fkc1wvMjAyMlwvMDlcL0RTQzQ2NDktc2NhbGVkLTEuanBnIiwic2xpZGVzaG93IjoiMGIzZTE4ZiJ9\">\n\t\t\t\t\t<div class=\"e-gallery-image elementor-gallery-item__image\" data-thumbnail=\"https:\/\/www.kdriu.hu\/wp-content\/uploads\/2022\/09\/DSC4649-scaled-1-1024x680.jpg\" data-width=\"1024\" data-height=\"680\" aria-label=\"\" role=\"img\" ><\/div>\n\t\t\t\t\t\t\t\t\t\t\t<div class=\"elementor-gallery-item__overlay\"><\/div>\n\t\t\t\t\t\t\t\t\t\t\t\t\t\t<\/a>\n\t\t\t\t\t\t\t<a class=\"e-gallery-item elementor-gallery-item elementor-animated-content\" href=\"https:\/\/www.kdriu.hu\/wp-content\/uploads\/2022\/09\/DSC7641-2048x1360-1.jpg\" data-elementor-open-lightbox=\"yes\" data-elementor-lightbox-slideshow=\"0b3e18f\" data-elementor-lightbox-title=\"DSC7641-2048x1360\" data-e-action-hash=\"#elementor-action%3Aaction%3Dlightbox%26settings%3DeyJpZCI6NzAwNywidXJsIjoiaHR0cHM6XC9cL3d3dy5rZHJpdS5odVwvd3AtY29udGVudFwvdXBsb2Fkc1wvMjAyMlwvMDlcL0RTQzc2NDEtMjA0OHgxMzYwLTEuanBnIiwic2xpZGVzaG93IjoiMGIzZTE4ZiJ9\">\n\t\t\t\t\t<div class=\"e-gallery-image elementor-gallery-item__image\" data-thumbnail=\"https:\/\/www.kdriu.hu\/wp-content\/uploads\/2022\/09\/DSC7641-2048x1360-1-1024x680.jpg\" data-width=\"1024\" data-height=\"680\" aria-label=\"\" role=\"img\" ><\/div>\n\t\t\t\t\t\t\t\t\t\t\t<div class=\"elementor-gallery-item__overlay\"><\/div>\n\t\t\t\t\t\t\t\t\t\t\t\t\t\t<\/a>\n\t\t\t\t\t\t\t<a class=\"e-gallery-item elementor-gallery-item elementor-animated-content\" href=\"https:\/\/www.kdriu.hu\/wp-content\/uploads\/2022\/09\/DSC4632-scaled-1.jpg\" data-elementor-open-lightbox=\"yes\" data-elementor-lightbox-slideshow=\"0b3e18f\" data-elementor-lightbox-title=\"DSC4632-scaled\" data-e-action-hash=\"#elementor-action%3Aaction%3Dlightbox%26settings%3DeyJpZCI6NzAwMywidXJsIjoiaHR0cHM6XC9cL3d3dy5rZHJpdS5odVwvd3AtY29udGVudFwvdXBsb2Fkc1wvMjAyMlwvMDlcL0RTQzQ2MzItc2NhbGVkLTEuanBnIiwic2xpZGVzaG93IjoiMGIzZTE4ZiJ9\">\n\t\t\t\t\t<div class=\"e-gallery-image elementor-gallery-item__image\" data-thumbnail=\"https:\/\/www.kdriu.hu\/wp-content\/uploads\/2022\/09\/DSC4632-scaled-1-1024x680.jpg\" data-width=\"1024\" data-height=\"680\" aria-label=\"\" role=\"img\" ><\/div>\n\t\t\t\t\t\t\t\t\t\t\t<div class=\"elementor-gallery-item__overlay\"><\/div>\n\t\t\t\t\t\t\t\t\t\t\t\t\t\t<\/a>\n\t\t\t\t\t<\/div>\n\t\t\t\t\t<\/div>\n\t\t\t\t<\/div>\n\t\t\t\t<div class=\"elementor-element elementor-element-66052873 elementor-widget elementor-widget-heading\" data-id=\"66052873\" data-element_type=\"widget\" data-e-type=\"widget\" data-widget_type=\"heading.default\">\n\t\t\t\t<div class=\"elementor-widget-container\">\n\t\t\t\t\t<h4 class=\"elementor-heading-title elementor-size-default\">Sz\u00fcks\u00e9ges er\u0151forr\u00e1sok<\/h4>\t\t\t\t<\/div>\n\t\t\t\t<\/div>\n\t\t\t\t<div class=\"elementor-element elementor-element-4bb33b13 elementor-widget elementor-widget-text-editor\" data-id=\"4bb33b13\" data-element_type=\"widget\" data-e-type=\"widget\" data-widget_type=\"text-editor.default\">\n\t\t\t\t<div class=\"elementor-widget-container\">\n\t\t\t\t\t\t\t\t\t<p align=\"justify\">Az AdB-nek csak a k\u00f6rnyezetv\u00e9delmi r\u00e9szlege 3 799 897 eur\u00f3s forgalmat bonyol\u00edt, \u00e9s 63 embert foglalkoztat, akik k\u00f6z\u00fcl 10-en r\u00e9szt vettek egy, a tintapatronok \u00fajrahaszn\u00e1latra val\u00f3 alkalmass\u00e1 t\u00e9tel\u00e9r\u0151l sz\u00f3l\u00f3 k\u00e9pz\u00e9si programban. Az AdB k\u00fcl\u00f6nb\u00f6z\u0151 szervezetekkel k\u00f6t\u00f6tt partners\u00e9get e szolg\u00e1ltat\u00e1s ny\u00fajt\u00e1s\u00e1ra, k\u00f6zt\u00fck 100 iskol\u00e1val, amelyek e tekintetben elk\u00f6telezt\u00e9k magukat.<\/p>\t\t\t\t\t\t\t\t<\/div>\n\t\t\t\t<\/div>\n\t\t\t\t<div class=\"elementor-element elementor-element-5372235e elementor-widget elementor-widget-heading\" data-id=\"5372235e\" data-element_type=\"widget\" data-e-type=\"widget\" data-widget_type=\"heading.default\">\n\t\t\t\t<div class=\"elementor-widget-container\">\n\t\t\t\t\t<h4 class=\"elementor-heading-title elementor-size-default\">A siker mutat\u00f3i<\/h4>\t\t\t\t<\/div>\n\t\t\t\t<\/div>\n\t\t\t\t<div class=\"elementor-element elementor-element-387e7f68 elementor-widget elementor-widget-text-editor\" data-id=\"387e7f68\" data-element_type=\"widget\" data-e-type=\"widget\" data-widget_type=\"text-editor.default\">\n\t\t\t\t<div class=\"elementor-widget-container\">\n\t\t\t\t\t\t\t\t\t<p>Az Ateliers du Bocage csak a k\u00f6rnyezetv\u00e9delmi \u00e1gazat\u00e1ban mintegy 63 embert foglalkoztat, akik k\u00f6z\u00fcl 14-en vettek r\u00e9szt a k\u00e9pz\u00e9si programban.<\/p><p align=\"justify\">\u00c9vente mintegy 1,5 milli\u00f3 patront haszn\u00e1lnak, feldolgoznak, vagy szakszer\u0171en \u00fajrahasznos\u00edtanak, ezzel hatalmas mennyis\u00e9g\u0171 term\u00e9szeti er\u0151forr\u00e1st \u00e9s energi\u00e1t takar\u00edtanak meg \u00e9s cs\u00f6kkentik a sz\u00e9ndioxid kibocs\u00e1t\u00e1st.<\/p>\t\t\t\t\t\t\t\t<\/div>\n\t\t\t\t<\/div>\n\t\t\t\t<div class=\"elementor-element elementor-element-6680b72a elementor-widget elementor-widget-heading\" data-id=\"6680b72a\" data-element_type=\"widget\" data-e-type=\"widget\" data-widget_type=\"heading.default\">\n\t\t\t\t<div class=\"elementor-widget-container\">\n\t\t\t\t\t<h4 class=\"elementor-heading-title elementor-size-default\">A felmer\u00fclt neh\u00e9zs\u00e9gek<\/h4>\t\t\t\t<\/div>\n\t\t\t\t<\/div>\n\t\t\t\t<div class=\"elementor-element elementor-element-48e14a3b elementor-widget elementor-widget-text-editor\" data-id=\"48e14a3b\" data-element_type=\"widget\" data-e-type=\"widget\" data-widget_type=\"text-editor.default\">\n\t\t\t\t<div class=\"elementor-widget-container\">\n\t\t\t\t\t\t\t\t\t<p>A gy\u00e1rt\u00f3k gyakran nem hajland\u00f3ak k\u00f6nnyen jav\u00edthat\u00f3 vagy sz\u00e9tszerelhet\u0151 term\u00e9keket gy\u00e1rtani annak \u00e9rdek\u00e9ben, hogy azok a m\u0171k\u00f6d\u0151k\u00e9pes p\u00f3talkatr\u00e9szek r\u00e9v\u00e9n \u00fajra felhaszn\u00e1lhat\u00f3k legyenek. \u00cdgy egyes term\u00e9kek fel\u00faj\u00edt\u00e1sa bonyolult, k\u00f6lts\u00e9ges vagy ak\u00e1r lehetetlen is lehet. Ezenk\u00edv\u00fcl egyes term\u00e9keket tesztelni kell, ami k\u00f6lts\u00e9ges lehet.<\/p>\t\t\t\t\t\t\t\t<\/div>\n\t\t\t\t<\/div>\n\t\t\t\t<div class=\"elementor-element elementor-element-2344c0f9 elementor-widget elementor-widget-heading\" data-id=\"2344c0f9\" data-element_type=\"widget\" data-e-type=\"widget\" data-widget_type=\"heading.default\">\n\t\t\t\t<div class=\"elementor-widget-container\">\n\t\t\t\t\t<h4 class=\"elementor-heading-title elementor-size-default\">A tanul\u00e1s \u00e9s az ismeretek \u00e1tad\u00e1s\u00e1nak lehet\u0151s\u00e9ge<\/h4>\t\t\t\t<\/div>\n\t\t\t\t<\/div>\n\t\t\t\t<div class=\"elementor-element elementor-element-5930c434 elementor-widget elementor-widget-text-editor\" data-id=\"5930c434\" data-element_type=\"widget\" data-e-type=\"widget\" data-widget_type=\"text-editor.default\">\n\t\t\t\t<div class=\"elementor-widget-container\">\n\t\t\t\t\t\t\t\t\t<p>A tintapatronok \u00fajra el\u0151\u00e1ll\u00edt\u00e1s\u00e1ra \u00f6sszpontos\u00edt\u00f3 szerepl\u0151k t\u00f6bbs\u00e9ge mag\u00e1nv\u00e1llalkoz\u00e1s (Olaszorsz\u00e1g), ami hatalmas probl\u00e9m\u00e1kat vet fel a hullad\u00e9kgazd\u00e1lkod\u00e1sban. Ez a kezdem\u00e9nyez\u00e9s azt mutatja, hogy a t\u00e1rsadalmi szerepl\u0151k is k\u00e9pesek ilyen folyamatokat kezelni, mely lehet\u0151v\u00e9 teszi, hogy ez a tev\u00e9kenys\u00e9g m\u00e1s kontextusokban, nemzeti \u00e9s uni\u00f3s szinten is nagyr\u00e9szt lem\u00e1solhat\u00f3 legyen.<\/p>\n<p>Hasonl\u00f3 partners\u00e9gek az EU k\u00fcl\u00f6nb\u00f6z\u0151 orsz\u00e1gaiban cs\u00f6kkenten\u00e9k a hullad\u00e9k mennyis\u00e9g\u00e9t \u00e9s z\u00f6ld munkahelyeket teremten\u00e9nek az egy\u00e9nek sz\u00e1m\u00e1ra. Az ilyen, \u00fajragy\u00e1rt\u00e1son alapul\u00f3 \u00fczleti modellek lehet\u0151v\u00e9 tehetik a munkav\u00e1llal\u00f3k sz\u00e1m\u00e1ra, hogy m\u0171szaki k\u00e9pzetts\u00e9get szerezzenek. R\u00e1ad\u00e1sul az \u00e9rintett szervezetek kiz\u00e1r\u00f3lag csak a term\u00e9kek begy\u0171jt\u00e9s\u00e9re \u00f6sszpontos\u00edthatnak, a t\u00e9nyleges \u00fajragy\u00e1rt\u00e1si folyamatra nem, ami azt jelenti, hogy a m\u0171szaki k\u00e9pzetts\u00e9ggel nem rendelkez\u0151 emberek is alkalmasak lehetnek a z\u00f6ld munkahelyek bet\u00f6lt\u00e9s\u00e9re.<\/p>\n<p>A p\u00e9lda alkalmaz\u00e1sa felgyors\u00edtan\u00e1 a termel\u00e9si \u00e9s fogyaszt\u00e1si szok\u00e1sok megv\u00e1ltoz\u00e1s\u00e1t is, lehet\u0151v\u00e9 t\u00e9ve a lakoss\u00e1g \u00e9s a szakemberek sz\u00e1m\u00e1ra, hogy k\u00f6rnyezetbar\u00e1t term\u00e9keket haszn\u00e1ljanak, mik\u00f6zben felh\u00edvn\u00e1 a figyelmet arra, hogyan lehet az eldob\u00e1s helyett visszanyerni az \u00fajra felhaszn\u00e1lhat\u00f3 term\u00e9keket.<\/p>\t\t\t\t\t\t\t\t<\/div>\n\t\t\t\t<\/div>\n\t\t\t\t\t<\/div>\n\t\t<\/div>\n\t\t\t\t\t<\/div>\n\t\t<\/section>\n\t\t\t\t\t<\/div>\n\t\t<\/div>\n\t\t\t\t\t<\/div>\n\t\t<\/section>\n\t\t\t\t<\/div>","protected":false},"excerpt":{"rendered":"<p>A Les Ateliers du Bocage: nyomtat\u00f3 patronok \u00e9s kazett\u00e1k \u00fajrahaszn\u00e1latra val\u00f3 alkalmass\u00e1 t\u00e9tele (Franciaorsz\u00e1g) Ez a kezdem\u00e9nyez\u00e9s t\u00e1mogatja a t\u00e1rsadalmi-szakmai integr\u00e1ci\u00f3t \u00e9s a szoci\u00e1lis gazdas\u00e1got a nyomtat\u00f3 patronok \u00fajra felhaszn\u00e1l\u00e1sra val\u00f3 alkalmass\u00e1 t\u00e9tel\u00e9vel, ami jelent\u0151s pozit\u00edv k\u00f6rnyezeti hat\u00e1ssal j\u00e1r. A Les Ateliers du Bocage (AdB), az Emma\u00fcs France tagja, mely egy\u00fcttm\u0171k\u00f6dik a Brotherrel \u00e9s a [&hellip;]<\/p>\n","protected":false},"author":1,"featured_media":0,"parent":0,"menu_order":0,"comment_status":"closed","ping_status":"closed","template":"","meta":{"site-sidebar-layout":"no-sidebar","site-content-layout":"page-builder","ast-site-content-layout":"default","site-content-style":"default","site-sidebar-style":"default","ast-global-header-display":"","ast-banner-title-visibility":"","ast-main-header-display":"","ast-hfb-above-header-display":"","ast-hfb-below-header-display":"","ast-hfb-mobile-header-display":"","site-post-title":"disabled","ast-breadcrumbs-content":"","ast-featured-img":"disabled","footer-sml-layout":"","ast-disable-related-posts":"","theme-transparent-header-meta":"","adv-header-id-meta":"","stick-header-meta":"","header-above-stick-meta":"","header-main-stick-meta":"","header-below-stick-meta":"","astra-migrate-meta-layouts":"default","ast-page-background-enabled":"default","ast-page-background-meta":{"desktop":{"background-color":"","background-image":"","background-repeat":"repeat","background-position":"center center","background-size":"auto","background-attachment":"scroll","background-type":"","background-media":"","overlay-type":"","overlay-color":"","overlay-opacity":"","overlay-gradient":""},"tablet":{"background-color":"","background-image":"","background-repeat":"repeat","background-position":"center center","background-size":"auto","background-attachment":"scroll","background-type":"","background-media":"","overlay-type":"","overlay-color":"","overlay-opacity":"","overlay-gradient":""},"mobile":{"background-color":"","background-image":"","background-repeat":"repeat","background-position":"center center","background-size":"auto","background-attachment":"scroll","background-type":"","background-media":"","overlay-type":"","overlay-color":"","overlay-opacity":"","overlay-gradient":""}},"ast-content-background-meta":{"desktop":{"background-color":"var(--ast-global-color-5)","background-image":"","background-repeat":"repeat","background-position":"center center","background-size":"auto","background-attachment":"scroll","background-type":"","background-media":"","overlay-type":"","overlay-color":"","overlay-opacity":"","overlay-gradient":""},"tablet":{"background-color":"var(--ast-global-color-5)","background-image":"","background-repeat":"repeat","background-position":"center center","background-size":"auto","background-attachment":"scroll","background-type":"","background-media":"","overlay-type":"","overlay-color":"","overlay-opacity":"","overlay-gradient":""},"mobile":{"background-color":"var(--ast-global-color-5)","background-image":"","background-repeat":"repeat","background-position":"center center","background-size":"auto","background-attachment":"scroll","background-type":"","background-media":"","overlay-type":"","overlay-color":"","overlay-opacity":"","overlay-gradient":""}},"footnotes":""},"class_list":["post-6414","page","type-page","status-publish","hentry"],"_links":{"self":[{"href":"https:\/\/www.kdriu.hu\/en\/wp-json\/wp\/v2\/pages\/6414","targetHints":{"allow":["GET"]}}],"collection":[{"href":"https:\/\/www.kdriu.hu\/en\/wp-json\/wp\/v2\/pages"}],"about":[{"href":"https:\/\/www.kdriu.hu\/en\/wp-json\/wp\/v2\/types\/page"}],"author":[{"embeddable":true,"href":"https:\/\/www.kdriu.hu\/en\/wp-json\/wp\/v2\/users\/1"}],"replies":[{"embeddable":true,"href":"https:\/\/www.kdriu.hu\/en\/wp-json\/wp\/v2\/comments?post=6414"}],"version-history":[{"count":43,"href":"https:\/\/www.kdriu.hu\/en\/wp-json\/wp\/v2\/pages\/6414\/revisions"}],"predecessor-version":[{"id":7037,"href":"https:\/\/www.kdriu.hu\/en\/wp-json\/wp\/v2\/pages\/6414\/revisions\/7037"}],"wp:attachment":[{"href":"https:\/\/www.kdriu.hu\/en\/wp-json\/wp\/v2\/media?parent=6414"}],"curies":[{"name":"wp","href":"https:\/\/api.w.org\/{rel}","templated":true}]}}