{"id":6443,"date":"2022-08-22T08:13:26","date_gmt":"2022-08-22T08:13:26","guid":{"rendered":"http:\/\/www.kdriu.hu\/?page_id=6443"},"modified":"2022-08-22T10:52:55","modified_gmt":"2022-08-22T10:52:55","slug":"ludoteche-del-riuso-2-0-a-mukodesi-hatekonysag-novelese-uj-eszkozokkel-olaszorszag","status":"publish","type":"page","link":"https:\/\/www.kdriu.hu\/en\/ludoteche-del-riuso-2-0-a-mukodesi-hatekonysag-novelese-uj-eszkozokkel-olaszorszag\/","title":{"rendered":"Ludoteche del Riuso 2.0: a m\u0171k\u00f6d\u00e9si hat\u00e9konys\u00e1g n\u00f6vel\u00e9se \u00faj eszk\u00f6z\u00f6kkel (Olaszorsz\u00e1g)"},"content":{"rendered":"<div data-elementor-type=\"wp-page\" data-elementor-id=\"6443\" class=\"elementor elementor-6443\" data-elementor-post-type=\"page\">\n\t\t\t\t\t\t<section class=\"elementor-section elementor-top-section elementor-element elementor-element-569f54f6 elementor-section-stretched elementor-section-height-min-height elementor-section-boxed elementor-section-height-default elementor-section-items-middle elementor-invisible\" data-id=\"569f54f6\" data-element_type=\"section\" data-e-type=\"section\" data-settings=\"{&quot;background_background&quot;:&quot;classic&quot;,&quot;stretch_section&quot;:&quot;section-stretched&quot;,&quot;animation&quot;:&quot;fadeIn&quot;}\">\n\t\t\t\t\t\t\t<div class=\"elementor-background-overlay\"><\/div>\n\t\t\t\t\t\t\t<div class=\"elementor-container elementor-column-gap-no\">\n\t\t\t\t\t<div class=\"elementor-column elementor-col-100 elementor-top-column elementor-element elementor-element-37a97fd9\" data-id=\"37a97fd9\" data-element_type=\"column\" data-e-type=\"column\">\n\t\t\t<div class=\"elementor-widget-wrap elementor-element-populated\">\n\t\t\t\t\t\t<div class=\"elementor-element elementor-element-916cd0b elementor-widget elementor-widget-spacer\" data-id=\"916cd0b\" data-element_type=\"widget\" data-e-type=\"widget\" data-widget_type=\"spacer.default\">\n\t\t\t\t<div class=\"elementor-widget-container\">\n\t\t\t\t\t\t\t<div class=\"elementor-spacer\">\n\t\t\t<div class=\"elementor-spacer-inner\"><\/div>\n\t\t<\/div>\n\t\t\t\t\t\t<\/div>\n\t\t\t\t<\/div>\n\t\t\t\t<div class=\"elementor-element elementor-element-1a165027 elementor-widget elementor-widget-heading\" data-id=\"1a165027\" data-element_type=\"widget\" data-e-type=\"widget\" data-widget_type=\"heading.default\">\n\t\t\t\t<div class=\"elementor-widget-container\">\n\t\t\t\t\t<h2 class=\"elementor-heading-title elementor-size-default\">Ludoteche del Riuso 2.0: a m\u0171k\u00f6d\u00e9si hat\u00e9konys\u00e1g n\u00f6vel\u00e9se \u00faj eszk\u00f6z\u00f6kkel (Olaszorsz\u00e1g)<\/h2>\t\t\t\t<\/div>\n\t\t\t\t<\/div>\n\t\t\t\t\t<\/div>\n\t\t<\/div>\n\t\t\t\t\t<\/div>\n\t\t<\/section>\n\t\t\t\t<section class=\"elementor-section elementor-top-section elementor-element elementor-element-57b066c9 elementor-section-stretched elementor-section-boxed elementor-section-height-default elementor-section-height-default\" data-id=\"57b066c9\" data-element_type=\"section\" data-e-type=\"section\" data-settings=\"{&quot;stretch_section&quot;:&quot;section-stretched&quot;,&quot;background_background&quot;:&quot;classic&quot;}\">\n\t\t\t\t\t\t<div class=\"elementor-container elementor-column-gap-no\">\n\t\t\t\t\t<div class=\"elementor-column elementor-col-100 elementor-top-column elementor-element elementor-element-6930b6f8\" data-id=\"6930b6f8\" data-element_type=\"column\" data-e-type=\"column\">\n\t\t\t<div class=\"elementor-widget-wrap elementor-element-populated\">\n\t\t\t\t\t\t<section class=\"elementor-section elementor-inner-section elementor-element elementor-element-409c78ff elementor-section-boxed elementor-section-height-default elementor-section-height-default\" data-id=\"409c78ff\" data-element_type=\"section\" data-e-type=\"section\">\n\t\t\t\t\t\t<div class=\"elementor-container elementor-column-gap-default\">\n\t\t\t\t\t<div class=\"elementor-column elementor-col-100 elementor-inner-column elementor-element elementor-element-23e09055\" data-id=\"23e09055\" data-element_type=\"column\" data-e-type=\"column\" data-settings=\"{&quot;background_background&quot;:&quot;classic&quot;}\">\n\t\t\t<div class=\"elementor-widget-wrap elementor-element-populated\">\n\t\t\t\t\t\t<div class=\"elementor-element elementor-element-7be20377 elementor-widget elementor-widget-text-editor\" data-id=\"7be20377\" data-element_type=\"widget\" data-e-type=\"widget\" data-widget_type=\"text-editor.default\">\n\t\t\t\t<div class=\"elementor-widget-container\">\n\t\t\t\t\t\t\t\t\t<p><strong>Az \u00faj szolg\u00e1ltat\u00e1sok \u00e9s munkahelyek l\u00e9trehoz\u00e1sa \u00e9rdek\u00e9ben ez a projekt innovat\u00edv szolg\u00e1ltat\u00e1sokat fejlesztett ki a Ludoteche c\u00e9g sz\u00e1m\u00e1ra \u00e9s \u00faj digit\u00e1lis berendez\u00e9sekkel biztos\u00edtotta a c\u00e9g hat\u00e9konyabb m\u0171k\u00f6d\u00e9s\u00e9t.<\/strong><\/p><p>A S. M. Nuova-i Ludoteca Ri\u00f9 2001 \u00f3ta l\u00e9tezik, egyike a Marche r\u00e9gi\u00f3ban m\u0171k\u00f6d\u0151 \u00f6t Ludoteca Ri\u00f9 j\u00e1tsz\u00f3t\u00e9rnek. A Ludoteca Ri\u00f9 elnevez\u00e9s olyan helyet jel\u00f6l, ahol a 6 \u00e9s 10 \u00e9v k\u00f6z\u00f6tti gyermekek megtanulj\u00e1k tisztelni a bolyg\u00f3t \u00e9s elker\u00fclni a hullad\u00e9ktermel\u00e9st.<\/p><p>A hullad\u00e9kanyagok kezel\u00e9s\u00e9vel \u00e9s \u00fajra haszn\u00e1lat\u00e1val, valamint kreativit\u00e1ssal a gyerekek j\u00e1t\u00e9kokat, dekor\u00e1ci\u00f3kat k\u00e9sz\u00edtenek, \u00e9s nagyon j\u00f3l sz\u00f3rakoznak, mik\u00f6zben megtanulj\u00e1k, hogyan kell a k\u00f6rnyezetet tiszteletben tartva \u00e9lni.<\/p><p>2020 neh\u00e9z \u00e9v volt, amely \u00faj szab\u00e1lyokat vezetett be a mindennapi \u00e9let\u00fcnkbe. Ennek k\u00f6vetkezt\u00e9ben sok \u00faj sz\u00f3t is megtanultunk: maszk, t\u00e1rsadalmi t\u00e1vols\u00e1gtart\u00e1s, fert\u0151tlen\u00edt\u0151, z\u00e1rlat.<\/p><p>A karant\u00e9n arra k\u00e9nyszer\u00edtett benn\u00fcnket, hogy megtanuljuk, vagy legal\u00e1bbis fejlessz\u00fck a technol\u00f3gia haszn\u00e1lat\u00e1t, \u00e9s ez elgondolkodtatott minket: mi\u00e9rt ne haszn\u00e1lhatn\u00e1nk a technol\u00f3gi\u00e1t a javunkra, p\u00e9ld\u00e1ul arra, hogy a gyerekek ne maradjanak egyed\u00fcl?<\/p><p>Az anconai Szal\u00e9zi Gyermekk\u00f3rh\u00e1z alap\u00edtv\u00e1ny\u00e1val val\u00f3 egy\u00fcttm\u0171k\u00f6d\u00e9snek k\u00f6sz\u00f6nhet\u0151en \u00fagy d\u00f6nt\u00f6tt\u00fcnk, hogy elind\u00edtunk egy \u00faj, a gyermekek sz\u00f3rakoztat\u00e1s\u00e1t szolg\u00e1l\u00f3 oktat\u00f3vide\u00f3 sorozatot, mind a fekv\u0151-, mind az otthon l\u00e1badoz\u00f3 betegek sz\u00e1m\u00e1ra. A Costess Societ\u00e0 Cooperativa a Ludoteca Ri\u00f9 t\u00e1mogat\u00e1s\u00e1ra k\u00f6telezte el mag\u00e1t. Az els\u0151 vide\u00f3kat a konyh\u00e1inkban \u00e9s az \u00e9tkez\u0151inkben forgattuk a mobiltelefonjainkkal \u00e9s az otthonainkban rendelkez\u00e9sre \u00e1ll\u00f3 anyagokkal.<\/p><p>A munk\u00e1nk sz\u00ednvonal\u00e1nak jav\u00edt\u00e1sa szempontj\u00e1b\u00f3l a Marche r\u00e9gi\u00f3 projekthez ny\u00fajtott anyagi t\u00e1mogat\u00e1sa alapvet\u0151 jelent\u0151s\u00e9g\u0171 volt.<\/p>\t\t\t\t\t\t\t\t<\/div>\n\t\t\t\t<\/div>\n\t\t\t\t<div class=\"elementor-element elementor-element-13b95e14 elementor-widget elementor-widget-heading\" data-id=\"13b95e14\" data-element_type=\"widget\" data-e-type=\"widget\" data-widget_type=\"heading.default\">\n\t\t\t\t<div class=\"elementor-widget-container\">\n\t\t\t\t\t<h4 class=\"elementor-heading-title elementor-size-default\">Sz\u00fcks\u00e9ges er\u0151forr\u00e1sok<\/h4>\t\t\t\t<\/div>\n\t\t\t\t<\/div>\n\t\t\t\t<div class=\"elementor-element elementor-element-34376999 elementor-widget elementor-widget-text-editor\" data-id=\"34376999\" data-element_type=\"widget\" data-e-type=\"widget\" data-widget_type=\"text-editor.default\">\n\t\t\t\t<div class=\"elementor-widget-container\">\n\t\t\t\t\t\t\t\t\t<p align=\"justify\">A Marche r\u00e9gi\u00f3 \u00f6sszesen 15 000 euro t\u00e1mogat\u00e1ssal finansz\u00edrozta a projektet, melye helysz\u00ednenk\u00e9nt 3000 euro t\u00e1mogat\u00e1st jelent. A t\u00e1mogat\u00e1s alapvet\u0151 jelent\u0151s\u00e9g\u0171 volt, mivel nagy mennyis\u00e9g\u0171, interakt\u00edvabb friss\u00edt\u00e9sre alkalmas felszerel\u00e9st biztos\u00edtott.<\/p>\t\t\t\t\t\t\t\t<\/div>\n\t\t\t\t<\/div>\n\t\t\t\t<div class=\"elementor-element elementor-element-4b86d984 elementor-widget elementor-widget-heading\" data-id=\"4b86d984\" data-element_type=\"widget\" data-e-type=\"widget\" data-widget_type=\"heading.default\">\n\t\t\t\t<div class=\"elementor-widget-container\">\n\t\t\t\t\t<h4 class=\"elementor-heading-title elementor-size-default\">A siker mutat\u00f3i<\/h4>\t\t\t\t<\/div>\n\t\t\t\t<\/div>\n\t\t\t\t<div class=\"elementor-element elementor-element-59b63447 elementor-widget elementor-widget-text-editor\" data-id=\"59b63447\" data-element_type=\"widget\" data-e-type=\"widget\" data-widget_type=\"text-editor.default\">\n\t\t\t\t<div class=\"elementor-widget-container\">\n\t\t\t\t\t\t\t\t\t<p>A Ludoteca 2.0 projekt c\u00e9lja, hogy lehet\u0151v\u00e9 tegye a Ludoteche Ri\u00f9 sz\u00e1m\u00e1ra szolg\u00e1ltat\u00e1sai min\u0151s\u00e9g\u00e9nek jav\u00edt\u00e1s\u00e1t, a c\u00e9lcsoport kisz\u00e9les\u00edt\u00e9s\u00e9t, valamint azt, hogy egyre t\u00f6bb helyi lakost \u00e9rjen el tev\u00e9kenys\u00e9geivel. Ez egyben a j\u00e1tsz\u00f3t\u00e9r szolg\u00e1ltat\u00e1sai ir\u00e1nti kereslet n\u00f6veked\u00e9s\u00e9t, \u00e9s ennek k\u00f6vetkezt\u00e9ben az alkalmazott pedag\u00f3gusok munk\u00e1j\u00e1nak mennyis\u00e9gi n\u00f6veked\u00e9s\u00e9t jelenti.<\/p>\t\t\t\t\t\t\t\t<\/div>\n\t\t\t\t<\/div>\n\t\t\t\t<div class=\"elementor-element elementor-element-49f5cc00 elementor-widget elementor-widget-heading\" data-id=\"49f5cc00\" data-element_type=\"widget\" data-e-type=\"widget\" data-widget_type=\"heading.default\">\n\t\t\t\t<div class=\"elementor-widget-container\">\n\t\t\t\t\t<h4 class=\"elementor-heading-title elementor-size-default\">A tanul\u00e1s \u00e9s az ismeretek \u00e1tad\u00e1s\u00e1nak lehet\u0151s\u00e9ge<\/h4>\t\t\t\t<\/div>\n\t\t\t\t<\/div>\n\t\t\t\t<div class=\"elementor-element elementor-element-580f2600 elementor-widget elementor-widget-text-editor\" data-id=\"580f2600\" data-element_type=\"widget\" data-e-type=\"widget\" data-widget_type=\"text-editor.default\">\n\t\t\t\t<div class=\"elementor-widget-container\">\n\t\t\t\t\t\t\t\t\t<p>A Ludoteca 2.0 projekt az\u00e9rt relev\u00e1ns, mert k\u00f6nnyen lem\u00e1solhat\u00f3, a szoftverek, programok \u00e9s k\u00f6z\u00f6ss\u00e9gi platformok haszn\u00e1lata miatt Eur\u00f3pa m\u00e1s r\u00e9gi\u00f3iban is k\u00f6nnyen hozz\u00e1f\u00e9rhet\u0151v\u00e9 tehet\u0151.<\/p>\t\t\t\t\t\t\t\t<\/div>\n\t\t\t\t<\/div>\n\t\t\t\t\t<\/div>\n\t\t<\/div>\n\t\t\t\t\t<\/div>\n\t\t<\/section>\n\t\t\t\t\t<\/div>\n\t\t<\/div>\n\t\t\t\t\t<\/div>\n\t\t<\/section>\n\t\t\t\t<\/div>","protected":false},"excerpt":{"rendered":"<p>Ludoteche del Riuso 2.0: a m\u0171k\u00f6d\u00e9si hat\u00e9konys\u00e1g n\u00f6vel\u00e9se \u00faj eszk\u00f6z\u00f6kkel (Olaszorsz\u00e1g) Az \u00faj szolg\u00e1ltat\u00e1sok \u00e9s munkahelyek l\u00e9trehoz\u00e1sa \u00e9rdek\u00e9ben ez a projekt innovat\u00edv szolg\u00e1ltat\u00e1sokat fejlesztett ki a Ludoteche c\u00e9g sz\u00e1m\u00e1ra \u00e9s \u00faj digit\u00e1lis berendez\u00e9sekkel biztos\u00edtotta a c\u00e9g hat\u00e9konyabb m\u0171k\u00f6d\u00e9s\u00e9t. A S. M. Nuova-i Ludoteca Ri\u00f9 2001 \u00f3ta l\u00e9tezik, egyike a Marche r\u00e9gi\u00f3ban m\u0171k\u00f6d\u0151 \u00f6t Ludoteca Ri\u00f9 [&hellip;]<\/p>\n","protected":false},"author":1,"featured_media":0,"parent":0,"menu_order":0,"comment_status":"closed","ping_status":"closed","template":"","meta":{"site-sidebar-layout":"no-sidebar","site-content-layout":"page-builder","ast-site-content-layout":"default","site-content-style":"default","site-sidebar-style":"default","ast-global-header-display":"","ast-banner-title-visibility":"","ast-main-header-display":"","ast-hfb-above-header-display":"","ast-hfb-below-header-display":"","ast-hfb-mobile-header-display":"","site-post-title":"disabled","ast-breadcrumbs-content":"","ast-featured-img":"disabled","footer-sml-layout":"","ast-disable-related-posts":"","theme-transparent-header-meta":"","adv-header-id-meta":"","stick-header-meta":"","header-above-stick-meta":"","header-main-stick-meta":"","header-below-stick-meta":"","astra-migrate-meta-layouts":"default","ast-page-background-enabled":"default","ast-page-background-meta":{"desktop":{"background-color":"","background-image":"","background-repeat":"repeat","background-position":"center center","background-size":"auto","background-attachment":"scroll","background-type":"","background-media":"","overlay-type":"","overlay-color":"","overlay-opacity":"","overlay-gradient":""},"tablet":{"background-color":"","background-image":"","background-repeat":"repeat","background-position":"center center","background-size":"auto","background-attachment":"scroll","background-type":"","background-media":"","overlay-type":"","overlay-color":"","overlay-opacity":"","overlay-gradient":""},"mobile":{"background-color":"","background-image":"","background-repeat":"repeat","background-position":"center center","background-size":"auto","background-attachment":"scroll","background-type":"","background-media":"","overlay-type":"","overlay-color":"","overlay-opacity":"","overlay-gradient":""}},"ast-content-background-meta":{"desktop":{"background-color":"var(--ast-global-color-5)","background-image":"","background-repeat":"repeat","background-position":"center center","background-size":"auto","background-attachment":"scroll","background-type":"","background-media":"","overlay-type":"","overlay-color":"","overlay-opacity":"","overlay-gradient":""},"tablet":{"background-color":"var(--ast-global-color-5)","background-image":"","background-repeat":"repeat","background-position":"center center","background-size":"auto","background-attachment":"scroll","background-type":"","background-media":"","overlay-type":"","overlay-color":"","overlay-opacity":"","overlay-gradient":""},"mobile":{"background-color":"var(--ast-global-color-5)","background-image":"","background-repeat":"repeat","background-position":"center center","background-size":"auto","background-attachment":"scroll","background-type":"","background-media":"","overlay-type":"","overlay-color":"","overlay-opacity":"","overlay-gradient":""}},"footnotes":""},"class_list":["post-6443","page","type-page","status-publish","hentry"],"_links":{"self":[{"href":"https:\/\/www.kdriu.hu\/en\/wp-json\/wp\/v2\/pages\/6443","targetHints":{"allow":["GET"]}}],"collection":[{"href":"https:\/\/www.kdriu.hu\/en\/wp-json\/wp\/v2\/pages"}],"about":[{"href":"https:\/\/www.kdriu.hu\/en\/wp-json\/wp\/v2\/types\/page"}],"author":[{"embeddable":true,"href":"https:\/\/www.kdriu.hu\/en\/wp-json\/wp\/v2\/users\/1"}],"replies":[{"embeddable":true,"href":"https:\/\/www.kdriu.hu\/en\/wp-json\/wp\/v2\/comments?post=6443"}],"version-history":[{"count":10,"href":"https:\/\/www.kdriu.hu\/en\/wp-json\/wp\/v2\/pages\/6443\/revisions"}],"predecessor-version":[{"id":6721,"href":"https:\/\/www.kdriu.hu\/en\/wp-json\/wp\/v2\/pages\/6443\/revisions\/6721"}],"wp:attachment":[{"href":"https:\/\/www.kdriu.hu\/en\/wp-json\/wp\/v2\/media?parent=6443"}],"curies":[{"name":"wp","href":"https:\/\/api.w.org\/{rel}","templated":true}]}}