{"id":6461,"date":"2022-08-22T08:18:08","date_gmt":"2022-08-22T08:18:08","guid":{"rendered":"http:\/\/www.kdriu.hu\/?page_id=6461"},"modified":"2022-08-22T11:25:55","modified_gmt":"2022-08-22T11:25:55","slug":"az-anakyklos-perivallontiki-lezarja-a-textilhulladek-korforgasat-ciprus","status":"publish","type":"page","link":"https:\/\/www.kdriu.hu\/en\/az-anakyklos-perivallontiki-lezarja-a-textilhulladek-korforgasat-ciprus\/","title":{"rendered":"Az Anakyklos Perivallontiki lez\u00e1rja a textilhullad\u00e9k k\u00f6rforg\u00e1s\u00e1t (Ciprus)"},"content":{"rendered":"\t\t<div data-elementor-type=\"wp-page\" data-elementor-id=\"6461\" class=\"elementor elementor-6461\" data-elementor-post-type=\"page\">\n\t\t\t\t\t\t<section class=\"elementor-section elementor-top-section elementor-element elementor-element-5d179d22 elementor-section-stretched elementor-section-height-min-height elementor-section-boxed elementor-section-height-default elementor-section-items-middle elementor-invisible\" data-id=\"5d179d22\" data-element_type=\"section\" data-e-type=\"section\" data-settings=\"{&quot;background_background&quot;:&quot;classic&quot;,&quot;stretch_section&quot;:&quot;section-stretched&quot;,&quot;animation&quot;:&quot;fadeIn&quot;}\">\n\t\t\t\t\t\t\t<div class=\"elementor-background-overlay\"><\/div>\n\t\t\t\t\t\t\t<div class=\"elementor-container elementor-column-gap-no\">\n\t\t\t\t\t<div class=\"elementor-column elementor-col-100 elementor-top-column elementor-element elementor-element-3e71c6f4\" data-id=\"3e71c6f4\" data-element_type=\"column\" data-e-type=\"column\">\n\t\t\t<div class=\"elementor-widget-wrap elementor-element-populated\">\n\t\t\t\t\t\t<div class=\"elementor-element elementor-element-55ad605b elementor-widget elementor-widget-spacer\" data-id=\"55ad605b\" data-element_type=\"widget\" data-e-type=\"widget\" data-widget_type=\"spacer.default\">\n\t\t\t\t<div class=\"elementor-widget-container\">\n\t\t\t\t\t\t\t<div class=\"elementor-spacer\">\n\t\t\t<div class=\"elementor-spacer-inner\"><\/div>\n\t\t<\/div>\n\t\t\t\t\t\t<\/div>\n\t\t\t\t<\/div>\n\t\t\t\t<div class=\"elementor-element elementor-element-bdfaffd elementor-widget elementor-widget-heading\" data-id=\"bdfaffd\" data-element_type=\"widget\" data-e-type=\"widget\" data-widget_type=\"heading.default\">\n\t\t\t\t<div class=\"elementor-widget-container\">\n\t\t\t\t\t<h2 class=\"elementor-heading-title elementor-size-default\">Az Anakyklos Perivallontiki lez\u00e1rja a textilhullad\u00e9k k\u00f6rforg\u00e1s\u00e1t (Ciprus)<\/h2>\t\t\t\t<\/div>\n\t\t\t\t<\/div>\n\t\t\t\t\t<\/div>\n\t\t<\/div>\n\t\t\t\t\t<\/div>\n\t\t<\/section>\n\t\t\t\t<section class=\"elementor-section elementor-top-section elementor-element elementor-element-77112e88 elementor-section-stretched elementor-section-boxed elementor-section-height-default elementor-section-height-default\" data-id=\"77112e88\" data-element_type=\"section\" data-e-type=\"section\" data-settings=\"{&quot;stretch_section&quot;:&quot;section-stretched&quot;,&quot;background_background&quot;:&quot;classic&quot;}\">\n\t\t\t\t\t\t<div class=\"elementor-container elementor-column-gap-no\">\n\t\t\t\t\t<div class=\"elementor-column elementor-col-100 elementor-top-column elementor-element elementor-element-5b5b96ae\" data-id=\"5b5b96ae\" data-element_type=\"column\" data-e-type=\"column\">\n\t\t\t<div class=\"elementor-widget-wrap elementor-element-populated\">\n\t\t\t\t\t\t<section class=\"elementor-section elementor-inner-section elementor-element elementor-element-12a2551b elementor-section-boxed elementor-section-height-default elementor-section-height-default\" data-id=\"12a2551b\" data-element_type=\"section\" data-e-type=\"section\">\n\t\t\t\t\t\t<div class=\"elementor-container elementor-column-gap-default\">\n\t\t\t\t\t<div class=\"elementor-column elementor-col-100 elementor-inner-column elementor-element elementor-element-97d1b37\" data-id=\"97d1b37\" data-element_type=\"column\" data-e-type=\"column\" data-settings=\"{&quot;background_background&quot;:&quot;classic&quot;}\">\n\t\t\t<div class=\"elementor-widget-wrap elementor-element-populated\">\n\t\t\t\t\t\t<div class=\"elementor-element elementor-element-7a343c7d elementor-widget elementor-widget-text-editor\" data-id=\"7a343c7d\" data-element_type=\"widget\" data-e-type=\"widget\" data-widget_type=\"text-editor.default\">\n\t\t\t\t<div class=\"elementor-widget-container\">\n\t\t\t\t\t\t\t\t\t<p><strong>Az Anakyklos Perivalontiki egy ruh\u00e1zati, \u00e1ltal\u00e1nos sz\u00f6vet \u00e9s sz\u00f6vetekkel kapcsolatos anyagok \u00fajrahaszn\u00e1lat\u00e1val foglalkoz\u00f3 nonprofit k\u00f6rnyezetv\u00e9delmi szervezet.<\/strong><\/p><p>Az Anakyklos Perivallontiki egy 2010 j\u00falius\u00e1ban alap\u00edtott nonprofit k\u00f6rnyezetv\u00e9delmi szervezet, amelynek c\u00e9lja, hogy akt\u00edvan hozz\u00e1j\u00e1ruljon a tiszta, eg\u00e9szs\u00e9ges \u00e9s fenntarthat\u00f3 k\u00f6rnyezet megteremt\u00e9s\u00e9hez, \u00e9s r\u00e9szt vegyen a k\u00f6z\u00f6ss\u00e9gi akci\u00f3kban. B\u00e1r els\u0151dleges c\u00e9lja a k\u00f6rnyezeti fenntarthat\u00f3s\u00e1g, a sz\u00f6vetek, ruh\u00e1zati cikkek stb. \u00fajrahaszn\u00e1lata r\u00e9v\u00e9n t\u00e1gabb t\u00e1rsadalmi \u00e9s \u00f6kol\u00f3giai c\u00e9lokat is kit\u0171z.<\/p><p>A v\u00e1llalkoz\u00e1s bev\u00e9teli r\u00e9sze k\u00e9t dologb\u00f3l sz\u00e1rmazik. El\u0151sz\u00f6r is a Ciprus 4 jelent\u0151sebb v\u00e1ros\u00e1ban tal\u00e1lhat\u00f3 4 j\u00f3t\u00e9konys\u00e1gi boltj\u00e1ban v\u00e1logatott haszn\u00e1lt ruh\u00e1k \u00e9rt\u00e9kes\u00edt\u00e9s\u00e9b\u0151l. M\u00e1sodszor, a ruh\u00e1zati cikkek \u00e9s anyagok export\u00e1l\u00e1s\u00e1b\u00f3l, amelyeket k\u00fclf\u00f6ld\u00f6n \u00fajra \u00e9rt\u00e9kes\u00edtenek vagy \u00fajra hasznos\u00edtanak \u00e9s nyersanyagk\u00e9nt haszn\u00e1lnak fel.<\/p>\t\t\t\t\t\t\t\t<\/div>\n\t\t\t\t<\/div>\n\t\t\t\t<div class=\"elementor-element elementor-element-1a2d3ec9 elementor-widget elementor-widget-heading\" data-id=\"1a2d3ec9\" data-element_type=\"widget\" data-e-type=\"widget\" data-widget_type=\"heading.default\">\n\t\t\t\t<div class=\"elementor-widget-container\">\n\t\t\t\t\t<h4 class=\"elementor-heading-title elementor-size-default\">Sz\u00fcks\u00e9ges er\u0151forr\u00e1sok<\/h4>\t\t\t\t<\/div>\n\t\t\t\t<\/div>\n\t\t\t\t<div class=\"elementor-element elementor-element-66630667 elementor-widget elementor-widget-text-editor\" data-id=\"66630667\" data-element_type=\"widget\" data-e-type=\"widget\" data-widget_type=\"text-editor.default\">\n\t\t\t\t<div class=\"elementor-widget-container\">\n\t\t\t\t\t\t\t\t\t<ul><li>Alv\u00e1llalkoz\u00f3k &#8211; 350 f\u0151s partners\u00e9g (k\u00f6zszf\u00e9ra, helyi hat\u00f3s\u00e1gok, \u00f6nkor[1]m\u00e1nyzatok \u00e9s k\u00f6z\u00f6ss\u00e9gek, mag\u00e1nv\u00e1llal[1]koz\u00e1sok, iskol\u00e1k, civil szervezetek stb.).<\/li><li>Infrastrukt\u00fara \u00e9s berendez\u00e9sek (pl. gy\u0171jt\u0151helyek, a text\u00edli\u00e1k el\u0151k\u00e9sz\u00edt\u00e9s\u00e9hez sz\u00fcks\u00e9ges berendez\u00e9sek, szolg\u00e1ltat\u00e1sok stb.).<\/li><li>\u00dczletek: 5 adom\u00e1nybolt m\u0171k\u00f6dtet\u00e9se.<\/li><\/ul>\t\t\t\t\t\t\t\t<\/div>\n\t\t\t\t<\/div>\n\t\t\t\t<div class=\"elementor-element elementor-element-5cb5a267 elementor-widget elementor-widget-heading\" data-id=\"5cb5a267\" data-element_type=\"widget\" data-e-type=\"widget\" data-widget_type=\"heading.default\">\n\t\t\t\t<div class=\"elementor-widget-container\">\n\t\t\t\t\t<h4 class=\"elementor-heading-title elementor-size-default\">A siker mutat\u00f3i<\/h4>\t\t\t\t<\/div>\n\t\t\t\t<\/div>\n\t\t\t\t<div class=\"elementor-element elementor-element-5da061c7 elementor-widget elementor-widget-text-editor\" data-id=\"5da061c7\" data-element_type=\"widget\" data-e-type=\"widget\" data-widget_type=\"text-editor.default\">\n\t\t\t\t<div class=\"elementor-widget-container\">\n\t\t\t\t\t\t\t\t\t<ul><li>\u201eSzervezett csoport jelent\u0151s k\u00f6rnyezetv\u00e9delmi tev\u00e9kenys\u00e9ggel\u201d, Green Dot Cyprus 4. k\u00f6rnyezetv\u00e9delmi d\u00edja, 2014.<\/li><li>Az Eur\u00f3pai Bizotts\u00e1g elismer\u00e9se az Anakyklosnak, mint \u201eaz els\u0151 igazi t\u00e1rsadalmi v\u00e1llalkoz\u00e1snak &#8211; c\u00e9lja a hullad\u00e9klerak\u00f3ba ker\u00fcl\u0151 hullad\u00e9k cs\u00f6kkent\u00e9se \u00e9s megfizethet\u0151 \u00e1r\u00fa text\u00edli\u00e1k, ruhanem\u0171k biztos\u00edt\u00e1sa a piacon\u201d. (Eur\u00f3pai Bizotts\u00e1g, 2014: 2) Cipruson.<\/li><li>Ciprus legjobb t\u00e1rsadalmi v\u00e1llalkoz\u00e1sa, valamint a Susy, a fenntarthat\u00f3 \u00e9s szolid\u00e1ris gazdas\u00e1g nemzetk\u00f6zi h\u00e1l\u00f3zata \u00e1ltal a legjobb t\u00e1rsadalmi \u00e9s szolid\u00e1ris gyakorlatok k\u00f6z\u00e9 sorolt t\u00e1rsadalmi \u00e9s szolid\u00e1ris v\u00e1llalkoz\u00e1s.<\/li><\/ul>\t\t\t\t\t\t\t\t<\/div>\n\t\t\t\t<\/div>\n\t\t\t\t<div class=\"elementor-element elementor-element-bf69c27 elementor-widget elementor-widget-heading\" data-id=\"bf69c27\" data-element_type=\"widget\" data-e-type=\"widget\" data-widget_type=\"heading.default\">\n\t\t\t\t<div class=\"elementor-widget-container\">\n\t\t\t\t\t<h4 class=\"elementor-heading-title elementor-size-default\">A tanul\u00e1s \u00e9s az ismeretek \u00e1tad\u00e1s\u00e1nak lehet\u0151s\u00e9ge<\/h4>\t\t\t\t<\/div>\n\t\t\t\t<\/div>\n\t\t\t\t<div class=\"elementor-element elementor-element-4044df6a elementor-widget elementor-widget-text-editor\" data-id=\"4044df6a\" data-element_type=\"widget\" data-e-type=\"widget\" data-widget_type=\"text-editor.default\">\n\t\t\t\t<div class=\"elementor-widget-container\">\n\t\t\t\t\t\t\t\t\t<p>Egy sikeres t\u00e1rsadalmi v\u00e1llalkoz\u00e1s egyszer\u0171, \u00e9rthet\u0151 \u00e9s adapt\u00e1lhat\u00f3 koncepci\u00f3val.<\/p>\t\t\t\t\t\t\t\t<\/div>\n\t\t\t\t<\/div>\n\t\t\t\t\t<\/div>\n\t\t<\/div>\n\t\t\t\t\t<\/div>\n\t\t<\/section>\n\t\t\t\t\t<\/div>\n\t\t<\/div>\n\t\t\t\t\t<\/div>\n\t\t<\/section>\n\t\t\t\t<\/div>\n\t\t","protected":false},"excerpt":{"rendered":"<p>Az Anakyklos Perivallontiki lez\u00e1rja a textilhullad\u00e9k k\u00f6rforg\u00e1s\u00e1t (Ciprus) Az Anakyklos Perivalontiki egy ruh\u00e1zati, \u00e1ltal\u00e1nos sz\u00f6vet \u00e9s sz\u00f6vetekkel kapcsolatos anyagok \u00fajrahaszn\u00e1lat\u00e1val foglalkoz\u00f3 nonprofit k\u00f6rnyezetv\u00e9delmi szervezet. Az Anakyklos Perivallontiki egy 2010 j\u00falius\u00e1ban alap\u00edtott nonprofit k\u00f6rnyezetv\u00e9delmi szervezet, amelynek c\u00e9lja, hogy akt\u00edvan hozz\u00e1j\u00e1ruljon a tiszta, eg\u00e9szs\u00e9ges \u00e9s fenntarthat\u00f3 k\u00f6rnyezet megteremt\u00e9s\u00e9hez, \u00e9s r\u00e9szt vegyen a k\u00f6z\u00f6ss\u00e9gi akci\u00f3kban. B\u00e1r els\u0151dleges c\u00e9lja [&hellip;]<\/p>\n","protected":false},"author":1,"featured_media":0,"parent":0,"menu_order":0,"comment_status":"closed","ping_status":"closed","template":"","meta":{"site-sidebar-layout":"no-sidebar","site-content-layout":"page-builder","ast-site-content-layout":"default","site-content-style":"default","site-sidebar-style":"default","ast-global-header-display":"","ast-banner-title-visibility":"","ast-main-header-display":"","ast-hfb-above-header-display":"","ast-hfb-below-header-display":"","ast-hfb-mobile-header-display":"","site-post-title":"disabled","ast-breadcrumbs-content":"","ast-featured-img":"disabled","footer-sml-layout":"","ast-disable-related-posts":"","theme-transparent-header-meta":"","adv-header-id-meta":"","stick-header-meta":"","header-above-stick-meta":"","header-main-stick-meta":"","header-below-stick-meta":"","astra-migrate-meta-layouts":"default","ast-page-background-enabled":"default","ast-page-background-meta":{"desktop":{"background-color":"","background-image":"","background-repeat":"repeat","background-position":"center center","background-size":"auto","background-attachment":"scroll","background-type":"","background-media":"","overlay-type":"","overlay-color":"","overlay-opacity":"","overlay-gradient":""},"tablet":{"background-color":"","background-image":"","background-repeat":"repeat","background-position":"center center","background-size":"auto","background-attachment":"scroll","background-type":"","background-media":"","overlay-type":"","overlay-color":"","overlay-opacity":"","overlay-gradient":""},"mobile":{"background-color":"","background-image":"","background-repeat":"repeat","background-position":"center center","background-size":"auto","background-attachment":"scroll","background-type":"","background-media":"","overlay-type":"","overlay-color":"","overlay-opacity":"","overlay-gradient":""}},"ast-content-background-meta":{"desktop":{"background-color":"var(--ast-global-color-5)","background-image":"","background-repeat":"repeat","background-position":"center center","background-size":"auto","background-attachment":"scroll","background-type":"","background-media":"","overlay-type":"","overlay-color":"","overlay-opacity":"","overlay-gradient":""},"tablet":{"background-color":"var(--ast-global-color-5)","background-image":"","background-repeat":"repeat","background-position":"center center","background-size":"auto","background-attachment":"scroll","background-type":"","background-media":"","overlay-type":"","overlay-color":"","overlay-opacity":"","overlay-gradient":""},"mobile":{"background-color":"var(--ast-global-color-5)","background-image":"","background-repeat":"repeat","background-position":"center center","background-size":"auto","background-attachment":"scroll","background-type":"","background-media":"","overlay-type":"","overlay-color":"","overlay-opacity":"","overlay-gradient":""}},"footnotes":""},"class_list":["post-6461","page","type-page","status-publish","hentry"],"_links":{"self":[{"href":"https:\/\/www.kdriu.hu\/en\/wp-json\/wp\/v2\/pages\/6461","targetHints":{"allow":["GET"]}}],"collection":[{"href":"https:\/\/www.kdriu.hu\/en\/wp-json\/wp\/v2\/pages"}],"about":[{"href":"https:\/\/www.kdriu.hu\/en\/wp-json\/wp\/v2\/types\/page"}],"author":[{"embeddable":true,"href":"https:\/\/www.kdriu.hu\/en\/wp-json\/wp\/v2\/users\/1"}],"replies":[{"embeddable":true,"href":"https:\/\/www.kdriu.hu\/en\/wp-json\/wp\/v2\/comments?post=6461"}],"version-history":[{"count":10,"href":"https:\/\/www.kdriu.hu\/en\/wp-json\/wp\/v2\/pages\/6461\/revisions"}],"predecessor-version":[{"id":6736,"href":"https:\/\/www.kdriu.hu\/en\/wp-json\/wp\/v2\/pages\/6461\/revisions\/6736"}],"wp:attachment":[{"href":"https:\/\/www.kdriu.hu\/en\/wp-json\/wp\/v2\/media?parent=6461"}],"curies":[{"name":"wp","href":"https:\/\/api.w.org\/{rel}","templated":true}]}}