{"id":6473,"date":"2022-08-22T08:19:30","date_gmt":"2022-08-22T08:19:30","guid":{"rendered":"http:\/\/www.kdriu.hu\/?page_id=6473"},"modified":"2022-08-22T12:43:33","modified_gmt":"2022-08-22T12:43:33","slug":"holisztikus-hulladekgazdalkodasi-program-aglantzia-onkormanyzata-ciprus","status":"publish","type":"page","link":"https:\/\/www.kdriu.hu\/en\/holisztikus-hulladekgazdalkodasi-program-aglantzia-onkormanyzata-ciprus\/","title":{"rendered":"Holisztikus hullad\u00e9kgazd\u00e1lkod\u00e1si program &#8211; Aglantzia \u00f6nkorm\u00e1nyzata (Ciprus)"},"content":{"rendered":"<div data-elementor-type=\"wp-page\" data-elementor-id=\"6473\" class=\"elementor elementor-6473\" data-elementor-post-type=\"page\">\n\t\t\t\t\t\t<section class=\"elementor-section elementor-top-section elementor-element elementor-element-2de697f3 elementor-section-stretched elementor-section-height-min-height elementor-section-boxed elementor-section-height-default elementor-section-items-middle elementor-invisible\" data-id=\"2de697f3\" data-element_type=\"section\" data-e-type=\"section\" data-settings=\"{&quot;background_background&quot;:&quot;classic&quot;,&quot;stretch_section&quot;:&quot;section-stretched&quot;,&quot;animation&quot;:&quot;fadeIn&quot;}\">\n\t\t\t\t\t\t\t<div class=\"elementor-background-overlay\"><\/div>\n\t\t\t\t\t\t\t<div class=\"elementor-container elementor-column-gap-no\">\n\t\t\t\t\t<div class=\"elementor-column elementor-col-100 elementor-top-column elementor-element elementor-element-6e0c61ed\" data-id=\"6e0c61ed\" data-element_type=\"column\" data-e-type=\"column\">\n\t\t\t<div class=\"elementor-widget-wrap elementor-element-populated\">\n\t\t\t\t\t\t<div class=\"elementor-element elementor-element-3348fdf6 elementor-widget elementor-widget-spacer\" data-id=\"3348fdf6\" data-element_type=\"widget\" data-e-type=\"widget\" data-widget_type=\"spacer.default\">\n\t\t\t\t<div class=\"elementor-widget-container\">\n\t\t\t\t\t\t\t<div class=\"elementor-spacer\">\n\t\t\t<div class=\"elementor-spacer-inner\"><\/div>\n\t\t<\/div>\n\t\t\t\t\t\t<\/div>\n\t\t\t\t<\/div>\n\t\t\t\t<div class=\"elementor-element elementor-element-59009285 elementor-widget elementor-widget-heading\" data-id=\"59009285\" data-element_type=\"widget\" data-e-type=\"widget\" data-widget_type=\"heading.default\">\n\t\t\t\t<div class=\"elementor-widget-container\">\n\t\t\t\t\t<h2 class=\"elementor-heading-title elementor-size-default\">Holisztikus hullad\u00e9kgazd\u00e1lkod\u00e1si program - Aglantzia \u00f6nkorm\u00e1nyzata (Ciprus)<\/h2>\t\t\t\t<\/div>\n\t\t\t\t<\/div>\n\t\t\t\t\t<\/div>\n\t\t<\/div>\n\t\t\t\t\t<\/div>\n\t\t<\/section>\n\t\t\t\t<section class=\"elementor-section elementor-top-section elementor-element elementor-element-14bdc568 elementor-section-stretched elementor-section-boxed elementor-section-height-default elementor-section-height-default\" data-id=\"14bdc568\" data-element_type=\"section\" data-e-type=\"section\" data-settings=\"{&quot;stretch_section&quot;:&quot;section-stretched&quot;,&quot;background_background&quot;:&quot;classic&quot;}\">\n\t\t\t\t\t\t<div class=\"elementor-container elementor-column-gap-no\">\n\t\t\t\t\t<div class=\"elementor-column elementor-col-100 elementor-top-column elementor-element elementor-element-1a1f87b9\" data-id=\"1a1f87b9\" data-element_type=\"column\" data-e-type=\"column\">\n\t\t\t<div class=\"elementor-widget-wrap elementor-element-populated\">\n\t\t\t\t\t\t<section class=\"elementor-section elementor-inner-section elementor-element elementor-element-3b251ba4 elementor-section-boxed elementor-section-height-default elementor-section-height-default\" data-id=\"3b251ba4\" data-element_type=\"section\" data-e-type=\"section\">\n\t\t\t\t\t\t<div class=\"elementor-container elementor-column-gap-default\">\n\t\t\t\t\t<div class=\"elementor-column elementor-col-100 elementor-inner-column elementor-element elementor-element-5b1c3cbe\" data-id=\"5b1c3cbe\" data-element_type=\"column\" data-e-type=\"column\" data-settings=\"{&quot;background_background&quot;:&quot;classic&quot;}\">\n\t\t\t<div class=\"elementor-widget-wrap elementor-element-populated\">\n\t\t\t\t\t\t<div class=\"elementor-element elementor-element-47de5d6d elementor-widget elementor-widget-text-editor\" data-id=\"47de5d6d\" data-element_type=\"widget\" data-e-type=\"widget\" data-widget_type=\"text-editor.default\">\n\t\t\t\t<div class=\"elementor-widget-container\">\n\t\t\t\t\t\t\t\t\t<p><strong>A Holisztikus Hullad\u00e9kgazd\u00e1lkod\u00e1si Program a lakoss\u00e1g sz\u00e1m\u00e1ra megn\u00f6vekedett \u00fajrahaszn\u00e1lati lehet\u0151s\u00e9geket biztos\u00edt, mivel a szelekt\u00edven gy\u0171jthet\u0151 \u00e9s \u00fajra haszn\u00e1lhat\u00f3 hullad\u00e9k mennyis\u00e9ge jelent\u0151sen megn\u00f6vekedett.<\/strong><\/p><p>Az \u00faj \u201eHolisztikus Hullad\u00e9kgazd\u00e1lkod\u00e1si Program\u201d bevezet\u00e9s\u00e9vel az \u00f6nkorm\u00e1nyzat c\u00e9lja, hogy a hullad\u00e9k \u00e9rt\u00e9kes nyersanyagg\u00e1 alakuljon \u00e1t, mivel a hullad\u00e9k nagy r\u00e9sze \u00fajrahasznos\u00edt\u00e1sra ker\u00fcl.<\/p><p>Ezzel egyidej\u0171leg megsz\u0171nik a ma minden \u00e1llampolg\u00e1rra kivetett fix, \u00e9ves hullad\u00e9kgy\u0171jt\u00e9si d\u00edj, \u00e9s az \u00f6nkorm\u00e1nyzat v\u00e1ltoz\u00f3 fizet\u00e9si m\u00f3dot vezet be. A d\u00edj csak az \u00fajrahasznos\u00edt\u00e1sra nem ford\u00edtott vegyes hullad\u00e9k mennyis\u00e9g\u00e9re vonatkozik. A lakoss\u00e1g &#8211; jelent\u0151sen cs\u00f6kkentheti a hullad\u00e9kgazd\u00e1lkod\u00e1si k\u00f6lts\u00e9geket a \u201eCs\u00f6kkent\u00e9s \u2013 \u00dajrafelhaszn\u00e1l\u00e1s \u2013 Visszaforgat\u00e1s \u2013 Megtakar\u00edt\u00e1s\u201d filoz\u00f3fia alkalmaz\u00e1s\u00e1val.<\/p><p>Az \u00f6nkorm\u00e1nyzat holisztikus hullad\u00e9kgazd\u00e1lkod\u00e1si programja h\u00e9t m\u00f3dot foglal mag\u00e1ban az al\u00e1bbiak szerint:<\/p><ul><li>Komposzt\u00e1l\u00e1s: A h\u00e1zi komposzt\u00e1l\u00f3 ed\u00e9nyt az \u00d6nkorm\u00e1nyzat ingyenesen biztos\u00edtja minden olyan polg\u00e1r sz\u00e1m\u00e1ra, akinek kertje van \u00e9s \u00e9rdekl\u0151dik ir\u00e1nta.<\/li><li>PMD (M\u0171anyag csomagol\u00f3anyagok, f\u00e9m csomagol\u00f3anyagok, italos kartondobozok): A speci\u00e1lis PMD \u00e1tl\u00e1tsz\u00f3 gy\u0171jt\u0151zs\u00e1kok sz\u00e1mos \u00e9rt\u00e9kes\u00edt\u00e9si ponton (szupermarketek kioszkjaiban stb.) kaphat\u00f3k, \u00e9s k\u00f6lts\u00e9geik hasonl\u00f3ak a hagyom\u00e1nyos hullad\u00e9kgy\u0171jt\u0151 zs\u00e1kok\u00e9hoz).<\/li><li>Pap\u00edr \u00fajrahasznos\u00edt\u00e1sa: A speci\u00e1lis barna gy\u0171jt\u0151zs\u00e1kok sz\u00e1mos \u00e9rt\u00e9kes\u00edt\u00e9si ponton (szupermarketek kioszkjai stb.) kaphat\u00f3k, \u00e9s k\u00f6lts\u00e9geik a hagyom\u00e1nyos szemetes zs\u00e1kok\u00e9hoz m\u00e9rhet\u0151k.<\/li><li>\u00dcveg \u00fajrahasznos\u00edt\u00e1sa.<\/li><li>\u00d6mlesztett hullad\u00e9kok: a \u201eZ\u00f6ld Pont\u201d haszn\u00e1lata a polg\u00e1rok \u00e1ltal, amely ingyenes.<\/li><li>Z\u00f6ld \u00fajrahasznos\u00edt\u00e1s: a polg\u00e1rok a speci\u00e1lis pap\u00edrzacsk\u00f3kat 1,50 eur\u00f3\u00e9rt v\u00e1s\u00e1rolhatj\u00e1k meg a meghat\u00e1rozott \u00e9rt\u00e9kes\u00edt\u00e9si pontokon.<\/li><li>Marad\u00e9khullad\u00e9k: az \u00f6nkorm\u00e1nyzat mostant\u00f3l a hullad\u00e9kgy\u0171jt\u00e9s\u00e9rt kiz\u00e1r\u00f3lag e zs\u00e1k d\u00edja r\u00e9v\u00e9n sz\u00e1mol fel d\u00edjat.<\/li><\/ul>\t\t\t\t\t\t\t\t<\/div>\n\t\t\t\t<\/div>\n\t\t\t\t<div class=\"elementor-element elementor-element-3cc3631c elementor-widget elementor-widget-heading\" data-id=\"3cc3631c\" data-element_type=\"widget\" data-e-type=\"widget\" data-widget_type=\"heading.default\">\n\t\t\t\t<div class=\"elementor-widget-container\">\n\t\t\t\t\t<h4 class=\"elementor-heading-title elementor-size-default\">Sz\u00fcks\u00e9ges er\u0151forr\u00e1sok<\/h4>\t\t\t\t<\/div>\n\t\t\t\t<\/div>\n\t\t\t\t<div class=\"elementor-element elementor-element-29bb808f elementor-widget elementor-widget-text-editor\" data-id=\"29bb808f\" data-element_type=\"widget\" data-e-type=\"widget\" data-widget_type=\"text-editor.default\">\n\t\t\t\t<div class=\"elementor-widget-container\">\n\t\t\t\t\t\t\t\t\t<ul><li>\u00d6nkorm\u00e1nyzati szolg\u00e1ltat\u00e1sok.<\/li><li>Alv\u00e1llalkoz\u00f3k (mag\u00e1nszervezetek \u00e9s nem korm\u00e1nyzati szervezetek).<\/li><li>Berendez\u00e9sek (pl. Z\u00f6ld Pont, gy\u0171jt\u0151aut\u00f3k \u00e9s -szolg\u00e1ltat\u00e1sok, speci\u00e1lis gy\u0171jt\u0151ed\u00e9nyek stb.).<\/li><\/ul>\t\t\t\t\t\t\t\t<\/div>\n\t\t\t\t<\/div>\n\t\t\t\t<div class=\"elementor-element elementor-element-45fdf516 elementor-widget elementor-widget-heading\" data-id=\"45fdf516\" data-element_type=\"widget\" data-e-type=\"widget\" data-widget_type=\"heading.default\">\n\t\t\t\t<div class=\"elementor-widget-container\">\n\t\t\t\t\t<h4 class=\"elementor-heading-title elementor-size-default\">A siker mutat\u00f3i<\/h4>\t\t\t\t<\/div>\n\t\t\t\t<\/div>\n\t\t\t\t<div class=\"elementor-element elementor-element-6cb755f8 elementor-widget elementor-widget-text-editor\" data-id=\"6cb755f8\" data-element_type=\"widget\" data-e-type=\"widget\" data-widget_type=\"text-editor.default\">\n\t\t\t\t<div class=\"elementor-widget-container\">\n\t\t\t\t\t\t\t\t\t<p>A legfontosabb \u00e9rdekelt felek, a di\u00e1kok \u00e9s a polg\u00e1rok a kezdetekt\u0151l fogva t\u00e1mogatt\u00e1k a kezdem\u00e9nyez\u00e9st.<\/p><p>Kulcsfontoss\u00e1g\u00fa sikert\u00e9nyez\u0151k:<\/p><ul><li>A lakoss\u00e1g k\u00f6rnyezet tudatoss\u00e1g\u00e1nak er\u0151s\u00edt\u00e9se.<\/li><li>Az inform\u00e1ci\u00f3k egyszer\u0171 \u00e9s \u00e9rdekes m\u00f3don t\u00f6rt\u00e9n\u0151 bemutat\u00e1sa.<\/li><\/ul>\t\t\t\t\t\t\t\t<\/div>\n\t\t\t\t<\/div>\n\t\t\t\t<div class=\"elementor-element elementor-element-7ece255a elementor-widget elementor-widget-heading\" data-id=\"7ece255a\" data-element_type=\"widget\" data-e-type=\"widget\" data-widget_type=\"heading.default\">\n\t\t\t\t<div class=\"elementor-widget-container\">\n\t\t\t\t\t<h4 class=\"elementor-heading-title elementor-size-default\">A tanul\u00e1s \u00e9s az ismeretek \u00e1tad\u00e1s\u00e1nak lehet\u0151s\u00e9ge<\/h4>\t\t\t\t<\/div>\n\t\t\t\t<\/div>\n\t\t\t\t<div class=\"elementor-element elementor-element-635ab2b4 elementor-widget elementor-widget-text-editor\" data-id=\"635ab2b4\" data-element_type=\"widget\" data-e-type=\"widget\" data-widget_type=\"text-editor.default\">\n\t\t\t\t<div class=\"elementor-widget-container\">\n\t\t\t\t\t\t\t\t\t<p>Az \u00fajrafelhaszn\u00e1l\u00e1s az eur\u00f3pai hullad\u00e9khierarchi\u00e1ban a legmagasabb priorit\u00e1st \u00e9lvezi. A Holisztikus Hullad\u00e9kgazd\u00e1lkod\u00e1si Program &#8211; Aglantzia (Nicosia) \u00f6nkorm\u00e1nyzata egyszer\u0171, \u00e9rthet\u0151 \u00e9s adapt\u00e1lhat\u00f3 koncepci\u00f3, amelyet m\u00e1s helyi vagy region\u00e1lis hat\u00f3s\u00e1gok is alkalmazhatnak.<\/p>\t\t\t\t\t\t\t\t<\/div>\n\t\t\t\t<\/div>\n\t\t\t\t\t<\/div>\n\t\t<\/div>\n\t\t\t\t\t<\/div>\n\t\t<\/section>\n\t\t\t\t\t<\/div>\n\t\t<\/div>\n\t\t\t\t\t<\/div>\n\t\t<\/section>\n\t\t\t\t<\/div>","protected":false},"excerpt":{"rendered":"<p>Holisztikus hullad\u00e9kgazd\u00e1lkod\u00e1si program &#8211; Aglantzia \u00f6nkorm\u00e1nyzata (Ciprus) A Holisztikus Hullad\u00e9kgazd\u00e1lkod\u00e1si Program a lakoss\u00e1g sz\u00e1m\u00e1ra megn\u00f6vekedett \u00fajrahaszn\u00e1lati lehet\u0151s\u00e9geket biztos\u00edt, mivel a szelekt\u00edven gy\u0171jthet\u0151 \u00e9s \u00fajra haszn\u00e1lhat\u00f3 hullad\u00e9k mennyis\u00e9ge jelent\u0151sen megn\u00f6vekedett. Az \u00faj \u201eHolisztikus Hullad\u00e9kgazd\u00e1lkod\u00e1si Program\u201d bevezet\u00e9s\u00e9vel az \u00f6nkorm\u00e1nyzat c\u00e9lja, hogy a hullad\u00e9k \u00e9rt\u00e9kes nyersanyagg\u00e1 alakuljon \u00e1t, mivel a hullad\u00e9k nagy r\u00e9sze \u00fajrahasznos\u00edt\u00e1sra ker\u00fcl. Ezzel egyidej\u0171leg megsz\u0171nik [&hellip;]<\/p>\n","protected":false},"author":1,"featured_media":0,"parent":0,"menu_order":0,"comment_status":"closed","ping_status":"closed","template":"","meta":{"site-sidebar-layout":"no-sidebar","site-content-layout":"page-builder","ast-site-content-layout":"default","site-content-style":"default","site-sidebar-style":"default","ast-global-header-display":"","ast-banner-title-visibility":"","ast-main-header-display":"","ast-hfb-above-header-display":"","ast-hfb-below-header-display":"","ast-hfb-mobile-header-display":"","site-post-title":"disabled","ast-breadcrumbs-content":"","ast-featured-img":"disabled","footer-sml-layout":"","ast-disable-related-posts":"","theme-transparent-header-meta":"","adv-header-id-meta":"","stick-header-meta":"","header-above-stick-meta":"","header-main-stick-meta":"","header-below-stick-meta":"","astra-migrate-meta-layouts":"default","ast-page-background-enabled":"default","ast-page-background-meta":{"desktop":{"background-color":"","background-image":"","background-repeat":"repeat","background-position":"center center","background-size":"auto","background-attachment":"scroll","background-type":"","background-media":"","overlay-type":"","overlay-color":"","overlay-opacity":"","overlay-gradient":""},"tablet":{"background-color":"","background-image":"","background-repeat":"repeat","background-position":"center center","background-size":"auto","background-attachment":"scroll","background-type":"","background-media":"","overlay-type":"","overlay-color":"","overlay-opacity":"","overlay-gradient":""},"mobile":{"background-color":"","background-image":"","background-repeat":"repeat","background-position":"center center","background-size":"auto","background-attachment":"scroll","background-type":"","background-media":"","overlay-type":"","overlay-color":"","overlay-opacity":"","overlay-gradient":""}},"ast-content-background-meta":{"desktop":{"background-color":"var(--ast-global-color-5)","background-image":"","background-repeat":"repeat","background-position":"center center","background-size":"auto","background-attachment":"scroll","background-type":"","background-media":"","overlay-type":"","overlay-color":"","overlay-opacity":"","overlay-gradient":""},"tablet":{"background-color":"var(--ast-global-color-5)","background-image":"","background-repeat":"repeat","background-position":"center center","background-size":"auto","background-attachment":"scroll","background-type":"","background-media":"","overlay-type":"","overlay-color":"","overlay-opacity":"","overlay-gradient":""},"mobile":{"background-color":"var(--ast-global-color-5)","background-image":"","background-repeat":"repeat","background-position":"center center","background-size":"auto","background-attachment":"scroll","background-type":"","background-media":"","overlay-type":"","overlay-color":"","overlay-opacity":"","overlay-gradient":""}},"footnotes":""},"class_list":["post-6473","page","type-page","status-publish","hentry"],"_links":{"self":[{"href":"https:\/\/www.kdriu.hu\/en\/wp-json\/wp\/v2\/pages\/6473","targetHints":{"allow":["GET"]}}],"collection":[{"href":"https:\/\/www.kdriu.hu\/en\/wp-json\/wp\/v2\/pages"}],"about":[{"href":"https:\/\/www.kdriu.hu\/en\/wp-json\/wp\/v2\/types\/page"}],"author":[{"embeddable":true,"href":"https:\/\/www.kdriu.hu\/en\/wp-json\/wp\/v2\/users\/1"}],"replies":[{"embeddable":true,"href":"https:\/\/www.kdriu.hu\/en\/wp-json\/wp\/v2\/comments?post=6473"}],"version-history":[{"count":13,"href":"https:\/\/www.kdriu.hu\/en\/wp-json\/wp\/v2\/pages\/6473\/revisions"}],"predecessor-version":[{"id":6746,"href":"https:\/\/www.kdriu.hu\/en\/wp-json\/wp\/v2\/pages\/6473\/revisions\/6746"}],"wp:attachment":[{"href":"https:\/\/www.kdriu.hu\/en\/wp-json\/wp\/v2\/media?parent=6473"}],"curies":[{"name":"wp","href":"https:\/\/api.w.org\/{rel}","templated":true}]}}