{"id":6488,"date":"2022-08-22T08:21:06","date_gmt":"2022-08-22T08:21:06","guid":{"rendered":"http:\/\/www.kdriu.hu\/?page_id=6488"},"modified":"2022-08-22T12:50:22","modified_gmt":"2022-08-22T12:50:22","slug":"littergo-emberek-kornyezet-es-cel-dania","status":"publish","type":"page","link":"https:\/\/www.kdriu.hu\/en\/littergo-emberek-kornyezet-es-cel-dania\/","title":{"rendered":"LitterGo &#8211; Emberek, k\u00f6rnyezet \u00e9s c\u00e9l (D\u00e1nia)"},"content":{"rendered":"<div data-elementor-type=\"wp-page\" data-elementor-id=\"6488\" class=\"elementor elementor-6488\" data-elementor-post-type=\"page\">\n\t\t\t\t\t\t<section class=\"elementor-section elementor-top-section elementor-element elementor-element-23f3db47 elementor-section-stretched elementor-section-height-min-height elementor-section-boxed elementor-section-height-default elementor-section-items-middle elementor-invisible\" data-id=\"23f3db47\" data-element_type=\"section\" data-e-type=\"section\" data-settings=\"{&quot;background_background&quot;:&quot;classic&quot;,&quot;stretch_section&quot;:&quot;section-stretched&quot;,&quot;animation&quot;:&quot;fadeIn&quot;}\">\n\t\t\t\t\t\t\t<div class=\"elementor-background-overlay\"><\/div>\n\t\t\t\t\t\t\t<div class=\"elementor-container elementor-column-gap-no\">\n\t\t\t\t\t<div class=\"elementor-column elementor-col-100 elementor-top-column elementor-element elementor-element-7f304f09\" data-id=\"7f304f09\" data-element_type=\"column\" data-e-type=\"column\">\n\t\t\t<div class=\"elementor-widget-wrap elementor-element-populated\">\n\t\t\t\t\t\t<div class=\"elementor-element elementor-element-31ae729a elementor-widget elementor-widget-spacer\" data-id=\"31ae729a\" data-element_type=\"widget\" data-e-type=\"widget\" data-widget_type=\"spacer.default\">\n\t\t\t\t<div class=\"elementor-widget-container\">\n\t\t\t\t\t\t\t<div class=\"elementor-spacer\">\n\t\t\t<div class=\"elementor-spacer-inner\"><\/div>\n\t\t<\/div>\n\t\t\t\t\t\t<\/div>\n\t\t\t\t<\/div>\n\t\t\t\t<div class=\"elementor-element elementor-element-69fd6428 elementor-widget elementor-widget-heading\" data-id=\"69fd6428\" data-element_type=\"widget\" data-e-type=\"widget\" data-widget_type=\"heading.default\">\n\t\t\t\t<div class=\"elementor-widget-container\">\n\t\t\t\t\t<h2 class=\"elementor-heading-title elementor-size-default\">LitterGo - Emberek, k\u00f6rnyezet \u00e9s c\u00e9l (D\u00e1nia)<\/h2>\t\t\t\t<\/div>\n\t\t\t\t<\/div>\n\t\t\t\t\t<\/div>\n\t\t<\/div>\n\t\t\t\t\t<\/div>\n\t\t<\/section>\n\t\t\t\t<section class=\"elementor-section elementor-top-section elementor-element elementor-element-545d6ae elementor-section-stretched elementor-section-boxed elementor-section-height-default elementor-section-height-default\" data-id=\"545d6ae\" data-element_type=\"section\" data-e-type=\"section\" data-settings=\"{&quot;stretch_section&quot;:&quot;section-stretched&quot;,&quot;background_background&quot;:&quot;classic&quot;}\">\n\t\t\t\t\t\t<div class=\"elementor-container elementor-column-gap-no\">\n\t\t\t\t\t<div class=\"elementor-column elementor-col-100 elementor-top-column elementor-element elementor-element-69f2c73c\" data-id=\"69f2c73c\" data-element_type=\"column\" data-e-type=\"column\">\n\t\t\t<div class=\"elementor-widget-wrap elementor-element-populated\">\n\t\t\t\t\t\t<section class=\"elementor-section elementor-inner-section elementor-element elementor-element-559dccef elementor-section-boxed elementor-section-height-default elementor-section-height-default\" data-id=\"559dccef\" data-element_type=\"section\" data-e-type=\"section\">\n\t\t\t\t\t\t<div class=\"elementor-container elementor-column-gap-default\">\n\t\t\t\t\t<div class=\"elementor-column elementor-col-100 elementor-inner-column elementor-element elementor-element-502303d7\" data-id=\"502303d7\" data-element_type=\"column\" data-e-type=\"column\" data-settings=\"{&quot;background_background&quot;:&quot;classic&quot;}\">\n\t\t\t<div class=\"elementor-widget-wrap elementor-element-populated\">\n\t\t\t\t\t\t<div class=\"elementor-element elementor-element-367f0617 elementor-widget elementor-widget-text-editor\" data-id=\"367f0617\" data-element_type=\"widget\" data-e-type=\"widget\" data-widget_type=\"text-editor.default\">\n\t\t\t\t<div class=\"elementor-widget-container\">\n\t\t\t\t\t\t\t\t\t<p><strong>A LitterGo egy t\u00e1rsadalmi-gazdas\u00e1gi v\u00e1llalkoz\u00e1s, amely a fenntarthat\u00f3s\u00e1g\u00e9rt dolgozik, \u00e9s a k\u00f6rnyezetv\u00e9delmi \u00e9s \u00fajrahasznos\u00edt\u00e1si feladatok r\u00e9v\u00e9n \u00faj munkahelyeket teremt.<\/strong><\/p><p>A LitterGo munkahelyeket teremt a munkaer\u0151piac perem\u00e9n \u00e9l\u0151 emberek sz\u00e1m\u00e1ra. A LitterGo \u00e9p\u00edtkez\u00e9seken m\u0171k\u00f6dik, takar\u00edt\u00f3i feladatokat l\u00e1t el, melyek sor\u00e1n m\u0171anyag- \u00e9s \u00e9p\u00edt\u00e9si hullad\u00e9kot v\u00e1logat \u00fajrahasznos\u00edt\u00e1s c\u00e9lj\u00e1b\u00f3l.<\/p><p>A LitterGo a szenved\u00e9lyt a gyakorlatiass\u00e1ggal \u00f6tv\u00f6zi, \u00e9s az ENSZ vil\u00e1gc\u00e9ljai m\u00f6g\u00e9 konkr\u00e9t cselekv\u00e9sekkel mozgalmat \u00e1ll\u00edt. A LitterGo az al\u00e1bbi c\u00e9lokat t\u0171zte ki maga el\u00e9:<\/p><ul><li>\u00c9rtelmes foglalkoztat\u00e1s<\/li><li>Megt\u00e9r\u00fcl\u0151 \u00fajrahasznos\u00edt\u00e1s<\/li><li>Tiszta v\u00e1ros \u00e9s jobb min\u0151s\u00e9g\u0171 k\u00f6rnyezet<\/li><\/ul><p>A LitterGo az al\u00e1bbi ter\u00fcleteken ny\u00fajt szolg\u00e1ltat\u00e1sokat:<\/p><ul><li>V\u00e1logat\u00e1s &#8211; az \u00e9p\u00edt\u00e9si hullad\u00e9k \u00fajrahasznos\u00edt\u00e1sa. A LitterGo \u00e1tveszi a hullad\u00e9kot \u00fajrahasznos\u00edthat\u00f3 r\u00e9szek szerinti v\u00e1logat\u00e1sra, \u00e9s a sz\u00e9ndioxid kibocs\u00e1t\u00e1st cs\u00f6kkent\u0151 int\u00e9zked\u00e9sekre \u00f6sszpontos\u00edt.<\/li><li>\u00c9p\u00fcletekhez kapcsol\u00f3d\u00f3 szolg\u00e1ltat\u00e1sok: takar\u00edt\u00e1s, s\u00f6pr\u00e9s, porsz\u00edv\u00f3z\u00e1s \u00e9s eseti munk\u00e1k elv\u00e9gz\u00e9se.<\/li><li>Hullad\u00e9kfel\u00fcgyelet &#8211; alkalmi \u00e9s gazd\u00e1tlan hullad\u00e9kok elt\u00e1vol\u00edt\u00e1sa.<\/li><\/ul>\t\t\t\t\t\t\t\t<\/div>\n\t\t\t\t<\/div>\n\t\t\t\t<div class=\"elementor-element elementor-element-7776cfe8 elementor-widget elementor-widget-heading\" data-id=\"7776cfe8\" data-element_type=\"widget\" data-e-type=\"widget\" data-widget_type=\"heading.default\">\n\t\t\t\t<div class=\"elementor-widget-container\">\n\t\t\t\t\t<h4 class=\"elementor-heading-title elementor-size-default\">Sz\u00fcks\u00e9ges er\u0151forr\u00e1sok<\/h4>\t\t\t\t<\/div>\n\t\t\t\t<\/div>\n\t\t\t\t<div class=\"elementor-element elementor-element-5b807414 elementor-widget elementor-widget-text-editor\" data-id=\"5b807414\" data-element_type=\"widget\" data-e-type=\"widget\" data-widget_type=\"text-editor.default\">\n\t\t\t\t<div class=\"elementor-widget-container\">\n\t\t\t\t\t\t\t\t\t<ul><li>5000 \u00f3ra menedzsment, h\u00e1l\u00f3zat\u00e9p\u00edt\u00e9s;<\/li><li>35 000 EUR eszk\u00f6z\u00f6kre, munkater\u00fcletre \u00e9s felszerel\u00e9sre;<\/li><\/ul>\t\t\t\t\t\t\t\t<\/div>\n\t\t\t\t<\/div>\n\t\t\t\t<div class=\"elementor-element elementor-element-79738f43 elementor-widget elementor-widget-heading\" data-id=\"79738f43\" data-element_type=\"widget\" data-e-type=\"widget\" data-widget_type=\"heading.default\">\n\t\t\t\t<div class=\"elementor-widget-container\">\n\t\t\t\t\t<h4 class=\"elementor-heading-title elementor-size-default\">A siker mutat\u00f3i<\/h4>\t\t\t\t<\/div>\n\t\t\t\t<\/div>\n\t\t\t\t<div class=\"elementor-element elementor-element-40b6a83b elementor-widget elementor-widget-text-editor\" data-id=\"40b6a83b\" data-element_type=\"widget\" data-e-type=\"widget\" data-widget_type=\"text-editor.default\">\n\t\t\t\t<div class=\"elementor-widget-container\">\n\t\t\t\t\t\t\t\t\t<ul><li>Gyakorlati tud\u00e1s egy kih\u00edv\u00e1st jelent\u0151 alkalmazotti csoport kezel\u00e9s\u00e9ben;<\/li><li>Gyakorlati szolg\u00e1ltat\u00e1sok (tud\u00e1s), logisztika \u00e9s eszk\u00f6zt\u00e1r (fizikai eszk\u00f6z\u00f6k);<\/li><li>24 \u00fcgyf\u00e9l;<\/li><li>10 alkalmazott (r\u00e9szmunkaid\u0151s);<\/li><li>Sz\u00e9lesk\u00f6r\u0171 h\u00e1l\u00f3zat;<\/li><\/ul>\t\t\t\t\t\t\t\t<\/div>\n\t\t\t\t<\/div>\n\t\t\t\t<div class=\"elementor-element elementor-element-77db1d2e elementor-widget elementor-widget-heading\" data-id=\"77db1d2e\" data-element_type=\"widget\" data-e-type=\"widget\" data-widget_type=\"heading.default\">\n\t\t\t\t<div class=\"elementor-widget-container\">\n\t\t\t\t\t<h4 class=\"elementor-heading-title elementor-size-default\">A tanul\u00e1s \u00e9s az ismeretek \u00e1tad\u00e1s\u00e1nak lehet\u0151s\u00e9ge<\/h4>\t\t\t\t<\/div>\n\t\t\t\t<\/div>\n\t\t\t\t<div class=\"elementor-element elementor-element-30cb6709 elementor-widget elementor-widget-text-editor\" data-id=\"30cb6709\" data-element_type=\"widget\" data-e-type=\"widget\" data-widget_type=\"text-editor.default\">\n\t\t\t\t<div class=\"elementor-widget-container\">\n\t\t\t\t\t\t\t\t\t<p>Az \u00fajrahasznos\u00edt\u00e1s egyes r\u00e9szter\u00fcletei dokument\u00e1ltak, k\u00f6rnyezeti \u00e9s gazdas\u00e1gi hat\u00e1sok szempontj\u00e1b\u00f3l egyar\u00e1nt \u00e9rt\u00e9kesek. Mik\u00f6zben azonos\u00edtjuk a kritikus t\u00e9nyez\u0151ket, gazdas\u00e1gilag fenntarthat\u00f3 logisztik\u00e1t fejleszt\u00fcnk. Vagy tiszt\u00e1zzuk, hogy milyen k\u00f6r\u00fclm\u00e9nyek k\u00f6z\u00f6tt \u00e9rhet\u0151 el a fenntarthat\u00f3s\u00e1g.<\/p>\t\t\t\t\t\t\t\t<\/div>\n\t\t\t\t<\/div>\n\t\t\t\t\t<\/div>\n\t\t<\/div>\n\t\t\t\t\t<\/div>\n\t\t<\/section>\n\t\t\t\t\t<\/div>\n\t\t<\/div>\n\t\t\t\t\t<\/div>\n\t\t<\/section>\n\t\t\t\t<\/div>","protected":false},"excerpt":{"rendered":"<p>LitterGo &#8211; Emberek, k\u00f6rnyezet \u00e9s c\u00e9l (D\u00e1nia) A LitterGo egy t\u00e1rsadalmi-gazdas\u00e1gi v\u00e1llalkoz\u00e1s, amely a fenntarthat\u00f3s\u00e1g\u00e9rt dolgozik, \u00e9s a k\u00f6rnyezetv\u00e9delmi \u00e9s \u00fajrahasznos\u00edt\u00e1si feladatok r\u00e9v\u00e9n \u00faj munkahelyeket teremt. A LitterGo munkahelyeket teremt a munkaer\u0151piac perem\u00e9n \u00e9l\u0151 emberek sz\u00e1m\u00e1ra. A LitterGo \u00e9p\u00edtkez\u00e9seken m\u0171k\u00f6dik, takar\u00edt\u00f3i feladatokat l\u00e1t el, melyek sor\u00e1n m\u0171anyag- \u00e9s \u00e9p\u00edt\u00e9si hullad\u00e9kot v\u00e1logat \u00fajrahasznos\u00edt\u00e1s c\u00e9lj\u00e1b\u00f3l. A LitterGo [&hellip;]<\/p>\n","protected":false},"author":1,"featured_media":0,"parent":0,"menu_order":0,"comment_status":"closed","ping_status":"closed","template":"","meta":{"site-sidebar-layout":"no-sidebar","site-content-layout":"page-builder","ast-site-content-layout":"default","site-content-style":"default","site-sidebar-style":"default","ast-global-header-display":"","ast-banner-title-visibility":"","ast-main-header-display":"","ast-hfb-above-header-display":"","ast-hfb-below-header-display":"","ast-hfb-mobile-header-display":"","site-post-title":"disabled","ast-breadcrumbs-content":"","ast-featured-img":"disabled","footer-sml-layout":"","ast-disable-related-posts":"","theme-transparent-header-meta":"","adv-header-id-meta":"","stick-header-meta":"","header-above-stick-meta":"","header-main-stick-meta":"","header-below-stick-meta":"","astra-migrate-meta-layouts":"default","ast-page-background-enabled":"default","ast-page-background-meta":{"desktop":{"background-color":"","background-image":"","background-repeat":"repeat","background-position":"center center","background-size":"auto","background-attachment":"scroll","background-type":"","background-media":"","overlay-type":"","overlay-color":"","overlay-opacity":"","overlay-gradient":""},"tablet":{"background-color":"","background-image":"","background-repeat":"repeat","background-position":"center center","background-size":"auto","background-attachment":"scroll","background-type":"","background-media":"","overlay-type":"","overlay-color":"","overlay-opacity":"","overlay-gradient":""},"mobile":{"background-color":"","background-image":"","background-repeat":"repeat","background-position":"center center","background-size":"auto","background-attachment":"scroll","background-type":"","background-media":"","overlay-type":"","overlay-color":"","overlay-opacity":"","overlay-gradient":""}},"ast-content-background-meta":{"desktop":{"background-color":"var(--ast-global-color-5)","background-image":"","background-repeat":"repeat","background-position":"center center","background-size":"auto","background-attachment":"scroll","background-type":"","background-media":"","overlay-type":"","overlay-color":"","overlay-opacity":"","overlay-gradient":""},"tablet":{"background-color":"var(--ast-global-color-5)","background-image":"","background-repeat":"repeat","background-position":"center center","background-size":"auto","background-attachment":"scroll","background-type":"","background-media":"","overlay-type":"","overlay-color":"","overlay-opacity":"","overlay-gradient":""},"mobile":{"background-color":"var(--ast-global-color-5)","background-image":"","background-repeat":"repeat","background-position":"center center","background-size":"auto","background-attachment":"scroll","background-type":"","background-media":"","overlay-type":"","overlay-color":"","overlay-opacity":"","overlay-gradient":""}},"footnotes":""},"class_list":["post-6488","page","type-page","status-publish","hentry"],"_links":{"self":[{"href":"https:\/\/www.kdriu.hu\/en\/wp-json\/wp\/v2\/pages\/6488","targetHints":{"allow":["GET"]}}],"collection":[{"href":"https:\/\/www.kdriu.hu\/en\/wp-json\/wp\/v2\/pages"}],"about":[{"href":"https:\/\/www.kdriu.hu\/en\/wp-json\/wp\/v2\/types\/page"}],"author":[{"embeddable":true,"href":"https:\/\/www.kdriu.hu\/en\/wp-json\/wp\/v2\/users\/1"}],"replies":[{"embeddable":true,"href":"https:\/\/www.kdriu.hu\/en\/wp-json\/wp\/v2\/comments?post=6488"}],"version-history":[{"count":10,"href":"https:\/\/www.kdriu.hu\/en\/wp-json\/wp\/v2\/pages\/6488\/revisions"}],"predecessor-version":[{"id":6752,"href":"https:\/\/www.kdriu.hu\/en\/wp-json\/wp\/v2\/pages\/6488\/revisions\/6752"}],"wp:attachment":[{"href":"https:\/\/www.kdriu.hu\/en\/wp-json\/wp\/v2\/media?parent=6488"}],"curies":[{"name":"wp","href":"https:\/\/api.w.org\/{rel}","templated":true}]}}