{"id":6510,"date":"2022-08-22T08:25:49","date_gmt":"2022-08-22T08:25:49","guid":{"rendered":"http:\/\/www.kdriu.hu\/?page_id=6510"},"modified":"2022-08-22T13:16:32","modified_gmt":"2022-08-22T13:16:32","slug":"konyvmentok-magyarorszag","status":"publish","type":"page","link":"https:\/\/www.kdriu.hu\/en\/konyvmentok-magyarorszag\/","title":{"rendered":"K\u00f6nyvment\u0151k (Magyarorsz\u00e1g)"},"content":{"rendered":"<div data-elementor-type=\"wp-page\" data-elementor-id=\"6510\" class=\"elementor elementor-6510\" data-elementor-post-type=\"page\">\n\t\t\t\t\t\t<section class=\"elementor-section elementor-top-section elementor-element elementor-element-6bf4788 elementor-section-stretched elementor-section-height-min-height elementor-section-boxed elementor-section-height-default elementor-section-items-middle elementor-invisible\" data-id=\"6bf4788\" data-element_type=\"section\" data-e-type=\"section\" data-settings=\"{&quot;background_background&quot;:&quot;classic&quot;,&quot;stretch_section&quot;:&quot;section-stretched&quot;,&quot;animation&quot;:&quot;fadeIn&quot;}\">\n\t\t\t\t\t\t\t<div class=\"elementor-background-overlay\"><\/div>\n\t\t\t\t\t\t\t<div class=\"elementor-container elementor-column-gap-no\">\n\t\t\t\t\t<div class=\"elementor-column elementor-col-100 elementor-top-column elementor-element elementor-element-6ce2b1fc\" data-id=\"6ce2b1fc\" data-element_type=\"column\" data-e-type=\"column\">\n\t\t\t<div class=\"elementor-widget-wrap elementor-element-populated\">\n\t\t\t\t\t\t<div class=\"elementor-element elementor-element-53921945 elementor-widget elementor-widget-spacer\" data-id=\"53921945\" data-element_type=\"widget\" data-e-type=\"widget\" data-widget_type=\"spacer.default\">\n\t\t\t\t<div class=\"elementor-widget-container\">\n\t\t\t\t\t\t\t<div class=\"elementor-spacer\">\n\t\t\t<div class=\"elementor-spacer-inner\"><\/div>\n\t\t<\/div>\n\t\t\t\t\t\t<\/div>\n\t\t\t\t<\/div>\n\t\t\t\t<div class=\"elementor-element elementor-element-71c0382f elementor-widget elementor-widget-heading\" data-id=\"71c0382f\" data-element_type=\"widget\" data-e-type=\"widget\" data-widget_type=\"heading.default\">\n\t\t\t\t<div class=\"elementor-widget-container\">\n\t\t\t\t\t<h2 class=\"elementor-heading-title elementor-size-default\">K\u00f6nyvment\u0151k (Magyarorsz\u00e1g)<\/h2>\t\t\t\t<\/div>\n\t\t\t\t<\/div>\n\t\t\t\t\t<\/div>\n\t\t<\/div>\n\t\t\t\t\t<\/div>\n\t\t<\/section>\n\t\t\t\t<section class=\"elementor-section elementor-top-section elementor-element elementor-element-2d981a7d elementor-section-stretched elementor-section-boxed elementor-section-height-default elementor-section-height-default\" data-id=\"2d981a7d\" data-element_type=\"section\" data-e-type=\"section\" data-settings=\"{&quot;stretch_section&quot;:&quot;section-stretched&quot;,&quot;background_background&quot;:&quot;classic&quot;}\">\n\t\t\t\t\t\t<div class=\"elementor-container elementor-column-gap-no\">\n\t\t\t\t\t<div class=\"elementor-column elementor-col-100 elementor-top-column elementor-element elementor-element-1ac344aa\" data-id=\"1ac344aa\" data-element_type=\"column\" data-e-type=\"column\">\n\t\t\t<div class=\"elementor-widget-wrap elementor-element-populated\">\n\t\t\t\t\t\t<section class=\"elementor-section elementor-inner-section elementor-element elementor-element-d4aaa5d elementor-section-boxed elementor-section-height-default elementor-section-height-default\" data-id=\"d4aaa5d\" data-element_type=\"section\" data-e-type=\"section\">\n\t\t\t\t\t\t<div class=\"elementor-container elementor-column-gap-default\">\n\t\t\t\t\t<div class=\"elementor-column elementor-col-100 elementor-inner-column elementor-element elementor-element-557b298d\" data-id=\"557b298d\" data-element_type=\"column\" data-e-type=\"column\" data-settings=\"{&quot;background_background&quot;:&quot;classic&quot;}\">\n\t\t\t<div class=\"elementor-widget-wrap elementor-element-populated\">\n\t\t\t\t\t\t<div class=\"elementor-element elementor-element-2f00cdf2 elementor-widget elementor-widget-text-editor\" data-id=\"2f00cdf2\" data-element_type=\"widget\" data-e-type=\"widget\" data-widget_type=\"text-editor.default\">\n\t\t\t\t<div class=\"elementor-widget-container\">\n\t\t\t\t\t\t\t\t\t<p><strong>E j\u00f3 gyakorlat c\u00e9lja, hogy megmentse a feleslegess\u00e9 v\u00e1lt, vagy r\u00e9gi k\u00f6nyveket, \u00e9s mindenki sz\u00e1m\u00e1ra el\u00e9rhet\u0151v\u00e9 tegye az olvas\u00e1s \u00f6r\u00f6m\u00e9t.<\/strong><\/p><p>Az \u00f6tlet 2013-ban sz\u00fcletett, amikor k\u00e9t mag\u00e1nszem\u00e9ly szerette volna mindenki sz\u00e1m\u00e1ra el\u00e9rhet\u0151v\u00e9 tenni az olvas\u00e1s \u00f6r\u00f6m\u00e9t, \u00e9s megmenteni a r\u00e9gi \u00e9s nem haszn\u00e1lt k\u00f6nyveket. Elkezdt\u00e9k gy\u0171jteni a k\u00f6nyvt\u00e1rakb\u00f3l, h\u00e1ztart\u00e1sokb\u00f3l, iskol\u00e1kb\u00f3l, mag\u00e1ngy\u0171jtem\u00e9nyekb\u0151l sz\u00e1rmaz\u00f3 k\u00f6nyveket, \u00e9s megpr\u00f3b\u00e1ltak megfelel\u0151 m\u00f3dot tal\u00e1lni az \u00e9rt\u00e9kes\u00edt\u00e9s\u00fckre. A k\u00f6nyvek \u00e1rus\u00edt\u00e1sa speci\u00e1lis j\u00e1rm\u0171veken, \u00e1talak\u00edtott erd\u00e9lyi szekereken kezd\u0151d\u00f6tt. Az adom\u00e1nyokb\u00f3l vagy t\u00f6meges v\u00e1s\u00e1rl\u00e1sb\u00f3l sz\u00e1rmaz\u00f3 k\u00f6nyveket alacsony \u00e1ron felv\u00e1s\u00e1rolj\u00e1k (7 k\u00f6nyv = 1 EUR); a szekereken l\u00e9v\u0151 k\u00f6nyveket pedig 1 euros egys\u00e9g\u00e1ron \u00e9rt\u00e9kes\u00edtik. \u00cdgy a k\u00f6nyvesboltokban az ak\u00e1r t\u00f6bb sz\u00e1z eur\u00f3ba ker\u00fcl\u0151 k\u00f6nyvek (legyen az ak\u00e1r sz\u00e9pirodalom, nyelvk\u00f6nyv, mesek\u00f6nyv, k\u00f6telez\u0151 olvasm\u00e1ny vagy sz\u00f3rakoztat\u00f3 irodalom) mindenki sz\u00e1m\u00e1ra el\u00e9rhet\u0151v\u00e9 v\u00e1lnak \u00e9s a r\u00e9gi k\u00f6nyvek sem ker\u00fclnek a kuk\u00e1ba.<\/p><p>A helyi \u00f6nkorm\u00e1nyzatok t\u00e1mogatj\u00e1k \u00e9s \u00f6szt\u00f6nzik ezt a kezdem\u00e9nyez\u00e9st azzal, hogy megpr\u00f3b\u00e1lj\u00e1k bevonni a k\u00f6zint\u00e9zm\u00e9nyeket a k\u00fcl\u00f6nb\u00f6z\u0151 tev\u00e9kenys\u00e9gekbe \u00e9s helyet biztos\u00edtanak a k\u00f6zter\u00fcleten a k\u00f6nyves szekerek fel\u00e1ll\u00edt\u00e1s\u00e1hoz.<\/p>\t\t\t\t\t\t\t\t<\/div>\n\t\t\t\t<\/div>\n\t\t\t\t<div class=\"elementor-element elementor-element-29cd409a elementor-widget elementor-widget-heading\" data-id=\"29cd409a\" data-element_type=\"widget\" data-e-type=\"widget\" data-widget_type=\"heading.default\">\n\t\t\t\t<div class=\"elementor-widget-container\">\n\t\t\t\t\t<h4 class=\"elementor-heading-title elementor-size-default\">Sz\u00fcks\u00e9ges er\u0151forr\u00e1sok<\/h4>\t\t\t\t<\/div>\n\t\t\t\t<\/div>\n\t\t\t\t<div class=\"elementor-element elementor-element-2c28d1fd elementor-widget elementor-widget-text-editor\" data-id=\"2c28d1fd\" data-element_type=\"widget\" data-e-type=\"widget\" data-widget_type=\"text-editor.default\">\n\t\t\t\t<div class=\"elementor-widget-container\">\n\t\t\t\t\t\t\t\t\t<p>A j\u00f3 gyakorlat megval\u00f3s\u00edt\u00e1s\u00e1hoz emberi, technikai \u00e9s p\u00e9nz\u00fcgyi er\u0151forr\u00e1sokra van sz\u00fcks\u00e9g, melyek a k\u00f6vetkez\u0151k:<\/p><ul><li>Alkalmazottak (75 f\u0151);<\/li><li>Megfelel\u0151 z\u00e1rt helysz\u00edn a k\u00f6nyvv\u00e1logat\u00e1shoz \u00e9s a k\u00f6nyvek t\u00e1rol\u00e1s\u00e1hoz;<\/li><li>Z\u00e1rhat\u00f3 kocsik a k\u00f6nyv\u00e9rt\u00e9kes\u00edt\u00e9shez;<\/li><li>Helysz\u00edn a r\u00e9gi szekerek \u00e1talak\u00edt\u00e1s\u00e1hoz;<\/li><li>Anyagi forr\u00e1s a b\u00e9rekre, m\u0171k\u00f6d\u00e9sre \u00e9s a fejleszt\u00e9si tev\u00e9kenyre;<\/li><\/ul>\t\t\t\t\t\t\t\t<\/div>\n\t\t\t\t<\/div>\n\t\t\t\t<div class=\"elementor-element elementor-element-602bb6ae elementor-widget elementor-widget-heading\" data-id=\"602bb6ae\" data-element_type=\"widget\" data-e-type=\"widget\" data-widget_type=\"heading.default\">\n\t\t\t\t<div class=\"elementor-widget-container\">\n\t\t\t\t\t<h4 class=\"elementor-heading-title elementor-size-default\">A siker mutat\u00f3i<\/h4>\t\t\t\t<\/div>\n\t\t\t\t<\/div>\n\t\t\t\t<div class=\"elementor-element elementor-element-6a35e1af elementor-widget elementor-widget-text-editor\" data-id=\"6a35e1af\" data-element_type=\"widget\" data-e-type=\"widget\" data-widget_type=\"text-editor.default\">\n\t\t\t\t<div class=\"elementor-widget-container\">\n\t\t\t\t\t\t\t\t\t<p>A siker mutat\u00f3i a k\u00f6vetkez\u0151k:<\/p><ol><li>h\u00e9t sikeres m\u0171k\u00f6d\u00e9si \u00e9v;<\/li><li>12 \u00e1lland\u00f3 k\u00f6nyvesszek\u00e9r magyar v\u00e1rosokban;<\/li><li>t\u00f6bb ideiglenes szek\u00e9r, amelyek fesztiv\u00e1lokhoz \u00e9s \u00fcnnepi rendezv\u00e9nyekhez illeszkednek;<\/li><li>75 alkalmazott;<\/li><li>10.000 k\u00f6nyv \u00e1tv\u00e1logat\u00e1sa havonta;<\/li><li>50.000 \u00fajrafelhaszn\u00e1lt k\u00f6nyv \u00e9vente.<\/li><\/ol>\t\t\t\t\t\t\t\t<\/div>\n\t\t\t\t<\/div>\n\t\t\t\t<div class=\"elementor-element elementor-element-1d25f566 elementor-widget elementor-widget-heading\" data-id=\"1d25f566\" data-element_type=\"widget\" data-e-type=\"widget\" data-widget_type=\"heading.default\">\n\t\t\t\t<div class=\"elementor-widget-container\">\n\t\t\t\t\t<h4 class=\"elementor-heading-title elementor-size-default\">A tanul\u00e1s \u00e9s az ismeretek \u00e1tad\u00e1s\u00e1nak lehet\u0151s\u00e9ge<\/h4>\t\t\t\t<\/div>\n\t\t\t\t<\/div>\n\t\t\t\t<div class=\"elementor-element elementor-element-1d4e1c68 elementor-widget elementor-widget-text-editor\" data-id=\"1d4e1c68\" data-element_type=\"widget\" data-e-type=\"widget\" data-widget_type=\"text-editor.default\">\n\t\t\t\t<div class=\"elementor-widget-container\">\n\t\t\t\t\t\t\t\t\t<p>A j\u00f3 gyakorlat legfontosabb sikert\u00e9nyez\u0151i a k\u00f6vetkez\u0151k:<\/p><ol><li>j\u00f3l elhelyezett, diz\u00e1jnos k\u00f6nyves szekerek, vonz\u00f3, magas sz\u00ednvonal\u00fa szolg\u00e1ltat\u00e1s;<\/li><li>gondosan kiv\u00e1lasztott, min\u0151s\u00e9gi k\u00f6nyvek alacsony \u00e1ron;<\/li><li>egyre nyitottabb szeml\u00e9letm\u00f3d a k\u00f6nyvek \u00fajrafelhaszn\u00e1l\u00e1sa ir\u00e1nt;<\/li><li>az \u00e9rintett szerepl\u0151k (civil szervezetek, polg\u00e1rok, iskol\u00e1k, k\u00f6nyvt\u00e1rak, \u00f6nkorm\u00e1nyzatok) egy\u00fcttm\u0171k\u00f6d\u00e9se;<\/li><li>az \u00f6nkorm\u00e1nyzatok t\u00e1mogat\u00e1sa.<\/li><\/ol>\t\t\t\t\t\t\t\t<\/div>\n\t\t\t\t<\/div>\n\t\t\t\t\t<\/div>\n\t\t<\/div>\n\t\t\t\t\t<\/div>\n\t\t<\/section>\n\t\t\t\t\t<\/div>\n\t\t<\/div>\n\t\t\t\t\t<\/div>\n\t\t<\/section>\n\t\t\t\t<\/div>","protected":false},"excerpt":{"rendered":"<p>K\u00f6nyvment\u0151k (Magyarorsz\u00e1g) E j\u00f3 gyakorlat c\u00e9lja, hogy megmentse a feleslegess\u00e9 v\u00e1lt, vagy r\u00e9gi k\u00f6nyveket, \u00e9s mindenki sz\u00e1m\u00e1ra el\u00e9rhet\u0151v\u00e9 tegye az olvas\u00e1s \u00f6r\u00f6m\u00e9t. Az \u00f6tlet 2013-ban sz\u00fcletett, amikor k\u00e9t mag\u00e1nszem\u00e9ly szerette volna mindenki sz\u00e1m\u00e1ra el\u00e9rhet\u0151v\u00e9 tenni az olvas\u00e1s \u00f6r\u00f6m\u00e9t, \u00e9s megmenteni a r\u00e9gi \u00e9s nem haszn\u00e1lt k\u00f6nyveket. Elkezdt\u00e9k gy\u0171jteni a k\u00f6nyvt\u00e1rakb\u00f3l, h\u00e1ztart\u00e1sokb\u00f3l, iskol\u00e1kb\u00f3l, mag\u00e1ngy\u0171jtem\u00e9nyekb\u0151l sz\u00e1rmaz\u00f3 k\u00f6nyveket, [&hellip;]<\/p>\n","protected":false},"author":1,"featured_media":0,"parent":0,"menu_order":0,"comment_status":"closed","ping_status":"closed","template":"","meta":{"site-sidebar-layout":"no-sidebar","site-content-layout":"page-builder","ast-site-content-layout":"default","site-content-style":"default","site-sidebar-style":"default","ast-global-header-display":"","ast-banner-title-visibility":"","ast-main-header-display":"","ast-hfb-above-header-display":"","ast-hfb-below-header-display":"","ast-hfb-mobile-header-display":"","site-post-title":"disabled","ast-breadcrumbs-content":"","ast-featured-img":"disabled","footer-sml-layout":"","ast-disable-related-posts":"","theme-transparent-header-meta":"","adv-header-id-meta":"","stick-header-meta":"","header-above-stick-meta":"","header-main-stick-meta":"","header-below-stick-meta":"","astra-migrate-meta-layouts":"default","ast-page-background-enabled":"default","ast-page-background-meta":{"desktop":{"background-color":"","background-image":"","background-repeat":"repeat","background-position":"center center","background-size":"auto","background-attachment":"scroll","background-type":"","background-media":"","overlay-type":"","overlay-color":"","overlay-opacity":"","overlay-gradient":""},"tablet":{"background-color":"","background-image":"","background-repeat":"repeat","background-position":"center center","background-size":"auto","background-attachment":"scroll","background-type":"","background-media":"","overlay-type":"","overlay-color":"","overlay-opacity":"","overlay-gradient":""},"mobile":{"background-color":"","background-image":"","background-repeat":"repeat","background-position":"center center","background-size":"auto","background-attachment":"scroll","background-type":"","background-media":"","overlay-type":"","overlay-color":"","overlay-opacity":"","overlay-gradient":""}},"ast-content-background-meta":{"desktop":{"background-color":"var(--ast-global-color-5)","background-image":"","background-repeat":"repeat","background-position":"center center","background-size":"auto","background-attachment":"scroll","background-type":"","background-media":"","overlay-type":"","overlay-color":"","overlay-opacity":"","overlay-gradient":""},"tablet":{"background-color":"var(--ast-global-color-5)","background-image":"","background-repeat":"repeat","background-position":"center center","background-size":"auto","background-attachment":"scroll","background-type":"","background-media":"","overlay-type":"","overlay-color":"","overlay-opacity":"","overlay-gradient":""},"mobile":{"background-color":"var(--ast-global-color-5)","background-image":"","background-repeat":"repeat","background-position":"center center","background-size":"auto","background-attachment":"scroll","background-type":"","background-media":"","overlay-type":"","overlay-color":"","overlay-opacity":"","overlay-gradient":""}},"footnotes":""},"class_list":["post-6510","page","type-page","status-publish","hentry"],"_links":{"self":[{"href":"https:\/\/www.kdriu.hu\/en\/wp-json\/wp\/v2\/pages\/6510","targetHints":{"allow":["GET"]}}],"collection":[{"href":"https:\/\/www.kdriu.hu\/en\/wp-json\/wp\/v2\/pages"}],"about":[{"href":"https:\/\/www.kdriu.hu\/en\/wp-json\/wp\/v2\/types\/page"}],"author":[{"embeddable":true,"href":"https:\/\/www.kdriu.hu\/en\/wp-json\/wp\/v2\/users\/1"}],"replies":[{"embeddable":true,"href":"https:\/\/www.kdriu.hu\/en\/wp-json\/wp\/v2\/comments?post=6510"}],"version-history":[{"count":10,"href":"https:\/\/www.kdriu.hu\/en\/wp-json\/wp\/v2\/pages\/6510\/revisions"}],"predecessor-version":[{"id":6765,"href":"https:\/\/www.kdriu.hu\/en\/wp-json\/wp\/v2\/pages\/6510\/revisions\/6765"}],"wp:attachment":[{"href":"https:\/\/www.kdriu.hu\/en\/wp-json\/wp\/v2\/media?parent=6510"}],"curies":[{"name":"wp","href":"https:\/\/api.w.org\/{rel}","templated":true}]}}