{"id":6526,"date":"2022-08-22T08:33:45","date_gmt":"2022-08-22T08:33:45","guid":{"rendered":"http:\/\/www.kdriu.hu\/?page_id=6526"},"modified":"2022-08-22T13:29:55","modified_gmt":"2022-08-22T13:29:55","slug":"a-2016-os-foldrengest-koveto-bontasbol-szarmazo-kovek-ujrafelhasznalasa-olaszorszag","status":"publish","type":"page","link":"https:\/\/www.kdriu.hu\/en\/a-2016-os-foldrengest-koveto-bontasbol-szarmazo-kovek-ujrafelhasznalasa-olaszorszag\/","title":{"rendered":"A 2016-os f\u00f6ldreng\u00e9st k\u00f6vet\u0151 bont\u00e1sb\u00f3l sz\u00e1rmaz\u00f3 k\u00f6vek \u00fajrafelhaszn\u00e1l\u00e1sa (Olaszorsz\u00e1g)"},"content":{"rendered":"<div data-elementor-type=\"wp-page\" data-elementor-id=\"6526\" class=\"elementor elementor-6526\" data-elementor-post-type=\"page\">\n\t\t\t\t\t\t<section class=\"elementor-section elementor-top-section elementor-element elementor-element-c8a421c elementor-section-stretched elementor-section-height-min-height elementor-section-boxed elementor-section-height-default elementor-section-items-middle elementor-invisible\" data-id=\"c8a421c\" data-element_type=\"section\" data-e-type=\"section\" data-settings=\"{&quot;background_background&quot;:&quot;classic&quot;,&quot;stretch_section&quot;:&quot;section-stretched&quot;,&quot;animation&quot;:&quot;fadeIn&quot;}\">\n\t\t\t\t\t\t\t<div class=\"elementor-background-overlay\"><\/div>\n\t\t\t\t\t\t\t<div class=\"elementor-container elementor-column-gap-no\">\n\t\t\t\t\t<div class=\"elementor-column elementor-col-100 elementor-top-column elementor-element elementor-element-3a6df730\" data-id=\"3a6df730\" data-element_type=\"column\" data-e-type=\"column\">\n\t\t\t<div class=\"elementor-widget-wrap elementor-element-populated\">\n\t\t\t\t\t\t<div class=\"elementor-element elementor-element-2a60bad8 elementor-widget elementor-widget-spacer\" data-id=\"2a60bad8\" data-element_type=\"widget\" data-e-type=\"widget\" data-widget_type=\"spacer.default\">\n\t\t\t\t<div class=\"elementor-widget-container\">\n\t\t\t\t\t\t\t<div class=\"elementor-spacer\">\n\t\t\t<div class=\"elementor-spacer-inner\"><\/div>\n\t\t<\/div>\n\t\t\t\t\t\t<\/div>\n\t\t\t\t<\/div>\n\t\t\t\t<div class=\"elementor-element elementor-element-2ec33714 elementor-widget elementor-widget-heading\" data-id=\"2ec33714\" data-element_type=\"widget\" data-e-type=\"widget\" data-widget_type=\"heading.default\">\n\t\t\t\t<div class=\"elementor-widget-container\">\n\t\t\t\t\t<h2 class=\"elementor-heading-title elementor-size-default\">A 2016-os f\u00f6ldreng\u00e9st k\u00f6vet\u0151 bont\u00e1sb\u00f3l sz\u00e1rmaz\u00f3 k\u00f6vek \u00fajrafelhaszn\u00e1l\u00e1sa (Olaszorsz\u00e1g)<\/h2>\t\t\t\t<\/div>\n\t\t\t\t<\/div>\n\t\t\t\t\t<\/div>\n\t\t<\/div>\n\t\t\t\t\t<\/div>\n\t\t<\/section>\n\t\t\t\t<section class=\"elementor-section elementor-top-section elementor-element elementor-element-507704b6 elementor-section-stretched elementor-section-boxed elementor-section-height-default elementor-section-height-default\" data-id=\"507704b6\" data-element_type=\"section\" data-e-type=\"section\" data-settings=\"{&quot;stretch_section&quot;:&quot;section-stretched&quot;,&quot;background_background&quot;:&quot;classic&quot;}\">\n\t\t\t\t\t\t<div class=\"elementor-container elementor-column-gap-no\">\n\t\t\t\t\t<div class=\"elementor-column elementor-col-100 elementor-top-column elementor-element elementor-element-67a5ca9\" data-id=\"67a5ca9\" data-element_type=\"column\" data-e-type=\"column\">\n\t\t\t<div class=\"elementor-widget-wrap elementor-element-populated\">\n\t\t\t\t\t\t<section class=\"elementor-section elementor-inner-section elementor-element elementor-element-45b0ed61 elementor-section-boxed elementor-section-height-default elementor-section-height-default\" data-id=\"45b0ed61\" data-element_type=\"section\" data-e-type=\"section\">\n\t\t\t\t\t\t<div class=\"elementor-container elementor-column-gap-default\">\n\t\t\t\t\t<div class=\"elementor-column elementor-col-100 elementor-inner-column elementor-element elementor-element-592f6e0c\" data-id=\"592f6e0c\" data-element_type=\"column\" data-e-type=\"column\" data-settings=\"{&quot;background_background&quot;:&quot;classic&quot;}\">\n\t\t\t<div class=\"elementor-widget-wrap elementor-element-populated\">\n\t\t\t\t\t\t<div class=\"elementor-element elementor-element-66b00340 elementor-widget elementor-widget-text-editor\" data-id=\"66b00340\" data-element_type=\"widget\" data-e-type=\"widget\" data-widget_type=\"text-editor.default\">\n\t\t\t\t<div class=\"elementor-widget-container\">\n\t\t\t\t\t\t\t\t\t<p><strong>Term\u00e9szetes k\u00f6vek \u00e9s t\u00e9gl\u00e1k \u00fajrafelhaszn\u00e1l\u00e1sa a ter\u00fclet identit\u00e1s\u00e1nak tiszteletben tart\u00e1sa \u00e9s fejleszt\u00e9se \u00e9rdek\u00e9ben, a t\u00f6rt\u00e9nelmi \u00f6r\u00f6ks\u00e9g \u00e9s a t\u00e1jv\u00e9delem figyelembev\u00e9tel\u00e9vel.<\/strong><\/p><p>Marche r\u00e9gi\u00f3ban a 2016-os f\u00f6ldreng\u00e9st k\u00f6vet\u0151en s\u00falyos k\u00e1rokat szenvedett a t\u00f6rt\u00e9nelmi \u00e9s m\u0171v\u00e9szeti \u00f6r\u00f6ks\u00e9g. Most nagy \u00e9rdekl\u0151d\u00e9s mutatkozik a falvak \u00fajj\u00e1\u00e9p\u00edt\u00e9se \u00e9s az \u00e9rt\u00e9kes \u00e9p\u00fcletek fel\u00faj\u00edt\u00e1sa ir\u00e1nt energiahat\u00e9kony technol\u00f3gi\u00e1k alkalmaz\u00e1s\u00e1val, \u00e9s mindenekel\u0151tt a term\u00e9szetes k\u00f6vek \u00e9s t\u00e9gl\u00e1k \u00fajra felhaszn\u00e1l\u00e1s\u00e1val a ter\u00fclet identit\u00e1s\u00e1nak tiszteletben tart\u00e1sa \u00e9s fejleszt\u00e9se \u00e9rdek\u00e9ben a t\u00e1jv\u00e9delemre is tekintettel.<\/p><p>A gyakorlatot a v\u00e9grehajt\u00f3 f\u00e9l \u00e9s a Kultur\u00e1lis \u00d6r\u00f6ks\u00e9gv\u00e9delmi Miniszt\u00e9rium (MIBAC) \u00e1ltal meghat\u00e1rozott konkr\u00e9t elj\u00e1r\u00e1sok r\u00e9v\u00e9n fejlesztett\u00e9k ki. A ter\u00fcleten v\u00e9grehajtott\u00e1k a sz\u00fcks\u00e9ges l\u00e9p\u00e9seket annak \u00e9rdek\u00e9ben, hogy minden lehets\u00e9ges \u00fajra haszn\u00e1lhat\u00f3 anyagot visszanyerjenek, f\u00e9lretegyenek \u00e9s katalogiz\u00e1ljanak. A tulajdonosok a gy\u0171jt\u00e9shez \u00e9s elsz\u00e1ll\u00edt\u00e1shoz hozz\u00e1j\u00e1rultak \u00e9s a folyamat dokument\u00e1l\u00e1sa lehet\u0151v\u00e9 teszi, hogy az \u00fajj\u00e1\u00e9p\u00edt\u00e9shez ugyanazok az anyagok ker\u00fcljenek vissza, amelyeket az adott helysz\u00ednr\u0151l sz\u00e1ll\u00edtottak el. A 2016-os f\u00f6ldreng\u00e9s ut\u00e1n rendeletben b\u00edzt\u00e1k meg a COSMARI \u00e1llami v\u00e1llalatot a munk\u00e1k elv\u00e9gz\u00e9s\u00e9vel. A v\u00e1llalat tev\u00e9kenys\u00e9ge Macerata tartom\u00e1ny 55 \u00f6nkorm\u00e1nyzat\u00e1ra \u00e9s azok mintegy 340 000 f\u0151s lakoss\u00e1g\u00e1ra terjed ki. A gy\u0171jt\u00e9s 3 k\u00fcl\u00f6nb\u00f6z\u0151 tartom\u00e1ny 87 \u00f6nkorm\u00e1nyzat\u00e1nak ter\u00fclet\u00e9re terjedt ki. A kedvezm\u00e9nyezettek, akikt\u0151l a romokat \u00e9s k\u00f6veket elsz\u00e1ll\u00edtott\u00e1k a helyi k\u00f6zigazgat\u00e1s int\u00e9zm\u00e9nyei, a kkv-k \u00e9s a helyi lakosok voltak.<\/p>\t\t\t\t\t\t\t\t<\/div>\n\t\t\t\t<\/div>\n\t\t\t\t<div class=\"elementor-element elementor-element-6ce3ca46 elementor-widget elementor-widget-heading\" data-id=\"6ce3ca46\" data-element_type=\"widget\" data-e-type=\"widget\" data-widget_type=\"heading.default\">\n\t\t\t\t<div class=\"elementor-widget-container\">\n\t\t\t\t\t<h4 class=\"elementor-heading-title elementor-size-default\">Sz\u00fcks\u00e9ges er\u0151forr\u00e1sok<\/h4>\t\t\t\t<\/div>\n\t\t\t\t<\/div>\n\t\t\t\t<div class=\"elementor-element elementor-element-2fe4dd21 elementor-widget elementor-widget-text-editor\" data-id=\"2fe4dd21\" data-element_type=\"widget\" data-e-type=\"widget\" data-widget_type=\"text-editor.default\">\n\t\t\t\t<div class=\"elementor-widget-container\">\n\t\t\t\t\t\t\t\t\t<p>A bont\u00e1s, gy\u0171jt\u00e9s, elsz\u00e1ll\u00edt\u00e1s \u00e9s az \u00fajrahaszn\u00e1lat jelent\u0151s anyagi er\u0151forr\u00e1sokat ig\u00e9nyel, melyet az \u00e1llam biztos\u00edt. Ezen fel\u00fcl berendez\u00e9sekre, sz\u00e1ll\u00edt\u00f3 j\u00e1rm\u0171vekre, munkaer\u0151re \u00e9s egy megfelel\u0151 helysz\u00ednre is sz\u00fcks\u00e9g van a gyakorlat megval\u00f3s\u00edt\u00e1s\u00e1hoz.<\/p>\t\t\t\t\t\t\t\t<\/div>\n\t\t\t\t<\/div>\n\t\t\t\t<div class=\"elementor-element elementor-element-5d6b4481 elementor-widget elementor-widget-heading\" data-id=\"5d6b4481\" data-element_type=\"widget\" data-e-type=\"widget\" data-widget_type=\"heading.default\">\n\t\t\t\t<div class=\"elementor-widget-container\">\n\t\t\t\t\t<h4 class=\"elementor-heading-title elementor-size-default\">A siker mutat\u00f3i<\/h4>\t\t\t\t<\/div>\n\t\t\t\t<\/div>\n\t\t\t\t<div class=\"elementor-element elementor-element-24ad5008 elementor-widget elementor-widget-text-editor\" data-id=\"24ad5008\" data-element_type=\"widget\" data-e-type=\"widget\" data-widget_type=\"text-editor.default\">\n\t\t\t\t<div class=\"elementor-widget-container\">\n\t\t\t\t\t\t\t\t\t<ul><li>Az \u00fajj\u00e1\u00e9p\u00edt\u00e9s er\u0151forr\u00e1s- \u00e9s energiak\u00f6lts\u00e9g\u00e9nek cs\u00f6kkent\u00e9se.<\/li><li>Kevesebb nyersanyag beszerz\u00e9s\u00e9re van sz\u00fcks\u00e9g.<\/li><li>Az anyagsz\u00e1ll\u00edt\u00e1s hat\u00e1sainak cs\u00f6kkent\u00e9se (a kiv\u00e1lasztott elemek egy r\u00e9sze a helysz\u00ednen marad, a tulajdonosok k\u00e9r\u00e9s\u00e9nek megfelel\u0151en).<\/li><li>Az egyes helysz\u00ednek jellegzetess\u00e9geinek \u00e9s st\u00edlusjegyeinek meg\u0151rz\u00e9se, biztos\u00edtva ez\u00e1ltal a vizu\u00e1lis identit\u00e1st \u00e9s tiszteletben tartva a kultur\u00e1lis \u00f6r\u00f6ks\u00e9g v\u00e9delm\u00e9re \u00e9s a t\u00e1j v\u00e9delm\u00e9re vonatkoz\u00f3 normat\u00edv\u00e1t.<\/li><li>Az \u00fajrafelhaszn\u00e1l\u00e1s maximaliz\u00e1l\u00e1sa.<\/li><li>A hullad\u00e9kfeldolgoz\u00e1s \u00e9s a hullad\u00e9kfelhalmoz\u00e1s minimaliz\u00e1l\u00e1sa.<\/li><\/ul>\t\t\t\t\t\t\t\t<\/div>\n\t\t\t\t<\/div>\n\t\t\t\t<div class=\"elementor-element elementor-element-19f1ecb1 elementor-widget elementor-widget-heading\" data-id=\"19f1ecb1\" data-element_type=\"widget\" data-e-type=\"widget\" data-widget_type=\"heading.default\">\n\t\t\t\t<div class=\"elementor-widget-container\">\n\t\t\t\t\t<h4 class=\"elementor-heading-title elementor-size-default\">A felmer\u00fclt neh\u00e9zs\u00e9gek<\/h4>\t\t\t\t<\/div>\n\t\t\t\t<\/div>\n\t\t\t\t<div class=\"elementor-element elementor-element-3a4ed65e elementor-widget elementor-widget-text-editor\" data-id=\"3a4ed65e\" data-element_type=\"widget\" data-e-type=\"widget\" data-widget_type=\"text-editor.default\">\n\t\t\t\t<div class=\"elementor-widget-container\">\n\t\t\t\t\t\t\t\t\t<p>A t\u00f6rmel\u00e9ket nem tekintett\u00fck hullad\u00e9knak. A term\u00e9szetes \u00e9p\u00edt\u0151k\u00f6vek \u00fajrafelhaszn\u00e1l\u00e1sa a szelekt\u00edv bont\u00e1si projekt \u00e9s a dekonstrukci\u00f3s projekt tervez\u00e9se sor\u00e1n priorit\u00e1st \u00e9lvezett. Az \u00f6sszes bontott anyag hullad\u00e9kk\u00e9nt t\u00f6rt\u00e9n\u0151 felhalmoz\u00e1sa nem fenntarthat\u00f3, de a hullad\u00e9kfeldolgoz\u00e1s minimaliz\u00e1l\u00e1sa \u00e9s az \u00fajrafelhaszn\u00e1l\u00e1s maximaliz\u00e1l\u00e1sa m\u00e1r igen.<\/p>\t\t\t\t\t\t\t\t<\/div>\n\t\t\t\t<\/div>\n\t\t\t\t<div class=\"elementor-element elementor-element-1b9db58f elementor-widget elementor-widget-heading\" data-id=\"1b9db58f\" data-element_type=\"widget\" data-e-type=\"widget\" data-widget_type=\"heading.default\">\n\t\t\t\t<div class=\"elementor-widget-container\">\n\t\t\t\t\t<h4 class=\"elementor-heading-title elementor-size-default\">A tanul\u00e1s \u00e9s az ismeretek \u00e1tad\u00e1s\u00e1nak lehet\u0151s\u00e9ge<\/h4>\t\t\t\t<\/div>\n\t\t\t\t<\/div>\n\t\t\t\t<div class=\"elementor-element elementor-element-53115ecd elementor-widget elementor-widget-text-editor\" data-id=\"53115ecd\" data-element_type=\"widget\" data-e-type=\"widget\" data-widget_type=\"text-editor.default\">\n\t\t\t\t<div class=\"elementor-widget-container\">\n\t\t\t\t\t\t\t\t\t<p>A 2016-os f\u00f6ldreng\u00e9s \u00e1ltal \u00e9rintett ter\u00fclet kis falvakb\u00f3l \u00e1ll, amelyek \u00e9p\u00fcletei helyi kitermel\u00e9s\u0171 term\u00e9szetes \u00e9p\u00edt\u0151k\u00f6vekb\u0151l k\u00e9sz\u00fcltek. T\u00f6rt\u00e9nelmi \u00e9s kultur\u00e1lis kapcsolat van az \u00e9p\u00fcletek, a term\u00e9szetes \u00e9p\u00edt\u0151k\u00f6vek, valamint a ter\u00fcleten jelenl\u00e9v\u0151, a m\u00e1r nem haszn\u00e1lt \u00e9p\u00fcletekhez tartoz\u00f3 k\u0151zetek (m\u00e9szk\u0151, homokk\u0151, travertin, folyami kavicsok stb.), haszn\u00e1lata (\u00e9s \u00fajrafelhaszn\u00e1l\u00e1sa) k\u00f6z\u00f6tt. A t\u00f6rv\u00e9ny jelenleg m\u00e1r v\u00e9di a d\u00edsz\u00edt\u0151 k\u00f6veket. A term\u00e9szetes \u00e9p\u00edt\u0151k\u00f6vek \u00e9s a bont\u00e1sb\u00f3l sz\u00e1rmaz\u00f3 anyagok (t\u00e9gl\u00e1k, csemp\u00e9k, term\u00e9szetes fagerend\u00e1k) \u00fajrahaszn\u00e1lat\u00e1r\u00f3l pedig k\u00fcl\u00f6n rendelkezni kell. A term\u00e9szetes \u00e9p\u00edt\u0151k\u00f6vek \u00fajrahaszn\u00e1lata a hullad\u00e9k cs\u00f6kkent\u00e9s mellett a hely szellem\u00e9nek \u00e9s lelk\u00fclet\u00e9nek meg\u0151rz\u00e9s\u00e9t is c\u00e9lozza.<\/p>\t\t\t\t\t\t\t\t<\/div>\n\t\t\t\t<\/div>\n\t\t\t\t\t<\/div>\n\t\t<\/div>\n\t\t\t\t\t<\/div>\n\t\t<\/section>\n\t\t\t\t\t<\/div>\n\t\t<\/div>\n\t\t\t\t\t<\/div>\n\t\t<\/section>\n\t\t\t\t<\/div>","protected":false},"excerpt":{"rendered":"<p>A 2016-os f\u00f6ldreng\u00e9st k\u00f6vet\u0151 bont\u00e1sb\u00f3l sz\u00e1rmaz\u00f3 k\u00f6vek \u00fajrafelhaszn\u00e1l\u00e1sa (Olaszorsz\u00e1g) Term\u00e9szetes k\u00f6vek \u00e9s t\u00e9gl\u00e1k \u00fajrafelhaszn\u00e1l\u00e1sa a ter\u00fclet identit\u00e1s\u00e1nak tiszteletben tart\u00e1sa \u00e9s fejleszt\u00e9se \u00e9rdek\u00e9ben, a t\u00f6rt\u00e9nelmi \u00f6r\u00f6ks\u00e9g \u00e9s a t\u00e1jv\u00e9delem figyelembev\u00e9tel\u00e9vel. Marche r\u00e9gi\u00f3ban a 2016-os f\u00f6ldreng\u00e9st k\u00f6vet\u0151en s\u00falyos k\u00e1rokat szenvedett a t\u00f6rt\u00e9nelmi \u00e9s m\u0171v\u00e9szeti \u00f6r\u00f6ks\u00e9g. Most nagy \u00e9rdekl\u0151d\u00e9s mutatkozik a falvak \u00fajj\u00e1\u00e9p\u00edt\u00e9se \u00e9s az \u00e9rt\u00e9kes \u00e9p\u00fcletek fel\u00faj\u00edt\u00e1sa [&hellip;]<\/p>\n","protected":false},"author":1,"featured_media":0,"parent":0,"menu_order":0,"comment_status":"closed","ping_status":"closed","template":"","meta":{"site-sidebar-layout":"no-sidebar","site-content-layout":"page-builder","ast-site-content-layout":"default","site-content-style":"default","site-sidebar-style":"default","ast-global-header-display":"","ast-banner-title-visibility":"","ast-main-header-display":"","ast-hfb-above-header-display":"","ast-hfb-below-header-display":"","ast-hfb-mobile-header-display":"","site-post-title":"disabled","ast-breadcrumbs-content":"","ast-featured-img":"disabled","footer-sml-layout":"","ast-disable-related-posts":"","theme-transparent-header-meta":"","adv-header-id-meta":"","stick-header-meta":"","header-above-stick-meta":"","header-main-stick-meta":"","header-below-stick-meta":"","astra-migrate-meta-layouts":"default","ast-page-background-enabled":"default","ast-page-background-meta":{"desktop":{"background-color":"","background-image":"","background-repeat":"repeat","background-position":"center center","background-size":"auto","background-attachment":"scroll","background-type":"","background-media":"","overlay-type":"","overlay-color":"","overlay-opacity":"","overlay-gradient":""},"tablet":{"background-color":"","background-image":"","background-repeat":"repeat","background-position":"center center","background-size":"auto","background-attachment":"scroll","background-type":"","background-media":"","overlay-type":"","overlay-color":"","overlay-opacity":"","overlay-gradient":""},"mobile":{"background-color":"","background-image":"","background-repeat":"repeat","background-position":"center center","background-size":"auto","background-attachment":"scroll","background-type":"","background-media":"","overlay-type":"","overlay-color":"","overlay-opacity":"","overlay-gradient":""}},"ast-content-background-meta":{"desktop":{"background-color":"var(--ast-global-color-5)","background-image":"","background-repeat":"repeat","background-position":"center center","background-size":"auto","background-attachment":"scroll","background-type":"","background-media":"","overlay-type":"","overlay-color":"","overlay-opacity":"","overlay-gradient":""},"tablet":{"background-color":"var(--ast-global-color-5)","background-image":"","background-repeat":"repeat","background-position":"center center","background-size":"auto","background-attachment":"scroll","background-type":"","background-media":"","overlay-type":"","overlay-color":"","overlay-opacity":"","overlay-gradient":""},"mobile":{"background-color":"var(--ast-global-color-5)","background-image":"","background-repeat":"repeat","background-position":"center center","background-size":"auto","background-attachment":"scroll","background-type":"","background-media":"","overlay-type":"","overlay-color":"","overlay-opacity":"","overlay-gradient":""}},"footnotes":""},"class_list":["post-6526","page","type-page","status-publish","hentry"],"_links":{"self":[{"href":"https:\/\/www.kdriu.hu\/en\/wp-json\/wp\/v2\/pages\/6526","targetHints":{"allow":["GET"]}}],"collection":[{"href":"https:\/\/www.kdriu.hu\/en\/wp-json\/wp\/v2\/pages"}],"about":[{"href":"https:\/\/www.kdriu.hu\/en\/wp-json\/wp\/v2\/types\/page"}],"author":[{"embeddable":true,"href":"https:\/\/www.kdriu.hu\/en\/wp-json\/wp\/v2\/users\/1"}],"replies":[{"embeddable":true,"href":"https:\/\/www.kdriu.hu\/en\/wp-json\/wp\/v2\/comments?post=6526"}],"version-history":[{"count":7,"href":"https:\/\/www.kdriu.hu\/en\/wp-json\/wp\/v2\/pages\/6526\/revisions"}],"predecessor-version":[{"id":6768,"href":"https:\/\/www.kdriu.hu\/en\/wp-json\/wp\/v2\/pages\/6526\/revisions\/6768"}],"wp:attachment":[{"href":"https:\/\/www.kdriu.hu\/en\/wp-json\/wp\/v2\/media?parent=6526"}],"curies":[{"name":"wp","href":"https:\/\/api.w.org\/{rel}","templated":true}]}}