{"id":6532,"date":"2022-08-22T08:35:52","date_gmt":"2022-08-22T08:35:52","guid":{"rendered":"http:\/\/www.kdriu.hu\/?page_id=6532"},"modified":"2022-08-22T13:42:07","modified_gmt":"2022-08-22T13:42:07","slug":"a-moshato-pelenka-egeszseges-kampany-olaszorszag","status":"publish","type":"page","link":"https:\/\/www.kdriu.hu\/en\/a-moshato-pelenka-egeszseges-kampany-olaszorszag\/","title":{"rendered":"A moshat\u00f3 pelenka eg\u00e9szs\u00e9ges kamp\u00e1ny (Olaszorsz\u00e1g)"},"content":{"rendered":"<div data-elementor-type=\"wp-page\" data-elementor-id=\"6532\" class=\"elementor elementor-6532\" data-elementor-post-type=\"page\">\n\t\t\t\t\t\t<section class=\"elementor-section elementor-top-section elementor-element elementor-element-69ddce46 elementor-section-stretched elementor-section-height-min-height elementor-section-boxed elementor-section-height-default elementor-section-items-middle elementor-invisible\" data-id=\"69ddce46\" data-element_type=\"section\" data-e-type=\"section\" data-settings=\"{&quot;background_background&quot;:&quot;classic&quot;,&quot;stretch_section&quot;:&quot;section-stretched&quot;,&quot;animation&quot;:&quot;fadeIn&quot;}\">\n\t\t\t\t\t\t\t<div class=\"elementor-background-overlay\"><\/div>\n\t\t\t\t\t\t\t<div class=\"elementor-container elementor-column-gap-no\">\n\t\t\t\t\t<div class=\"elementor-column elementor-col-100 elementor-top-column elementor-element elementor-element-481eb39f\" data-id=\"481eb39f\" data-element_type=\"column\" data-e-type=\"column\">\n\t\t\t<div class=\"elementor-widget-wrap elementor-element-populated\">\n\t\t\t\t\t\t<div class=\"elementor-element elementor-element-10cc72ed elementor-widget elementor-widget-spacer\" data-id=\"10cc72ed\" data-element_type=\"widget\" data-e-type=\"widget\" data-widget_type=\"spacer.default\">\n\t\t\t\t<div class=\"elementor-widget-container\">\n\t\t\t\t\t\t\t<div class=\"elementor-spacer\">\n\t\t\t<div class=\"elementor-spacer-inner\"><\/div>\n\t\t<\/div>\n\t\t\t\t\t\t<\/div>\n\t\t\t\t<\/div>\n\t\t\t\t<div class=\"elementor-element elementor-element-29ba4c1f elementor-widget elementor-widget-heading\" data-id=\"29ba4c1f\" data-element_type=\"widget\" data-e-type=\"widget\" data-widget_type=\"heading.default\">\n\t\t\t\t<div class=\"elementor-widget-container\">\n\t\t\t\t\t<h2 class=\"elementor-heading-title elementor-size-default\">A moshat\u00f3 pelenka eg\u00e9szs\u00e9ges kamp\u00e1ny (Olaszorsz\u00e1g)<\/h2>\t\t\t\t<\/div>\n\t\t\t\t<\/div>\n\t\t\t\t\t<\/div>\n\t\t<\/div>\n\t\t\t\t\t<\/div>\n\t\t<\/section>\n\t\t\t\t<section class=\"elementor-section elementor-top-section elementor-element elementor-element-16dabc5f elementor-section-stretched elementor-section-boxed elementor-section-height-default elementor-section-height-default\" data-id=\"16dabc5f\" data-element_type=\"section\" data-e-type=\"section\" data-settings=\"{&quot;stretch_section&quot;:&quot;section-stretched&quot;,&quot;background_background&quot;:&quot;classic&quot;}\">\n\t\t\t\t\t\t<div class=\"elementor-container elementor-column-gap-no\">\n\t\t\t\t\t<div class=\"elementor-column elementor-col-100 elementor-top-column elementor-element elementor-element-500a16e\" data-id=\"500a16e\" data-element_type=\"column\" data-e-type=\"column\">\n\t\t\t<div class=\"elementor-widget-wrap elementor-element-populated\">\n\t\t\t\t\t\t<section class=\"elementor-section elementor-inner-section elementor-element elementor-element-7e0467cd elementor-section-boxed elementor-section-height-default elementor-section-height-default\" data-id=\"7e0467cd\" data-element_type=\"section\" data-e-type=\"section\">\n\t\t\t\t\t\t<div class=\"elementor-container elementor-column-gap-default\">\n\t\t\t\t\t<div class=\"elementor-column elementor-col-100 elementor-inner-column elementor-element elementor-element-8decfae\" data-id=\"8decfae\" data-element_type=\"column\" data-e-type=\"column\" data-settings=\"{&quot;background_background&quot;:&quot;classic&quot;}\">\n\t\t\t<div class=\"elementor-widget-wrap elementor-element-populated\">\n\t\t\t\t\t\t<div class=\"elementor-element elementor-element-21fe6253 elementor-widget elementor-widget-text-editor\" data-id=\"21fe6253\" data-element_type=\"widget\" data-e-type=\"widget\" data-widget_type=\"text-editor.default\">\n\t\t\t\t<div class=\"elementor-widget-container\">\n\t\t\t\t\t\t\t\t\t<p><strong>Becsl\u00e9sek szerint Olaszorsz\u00e1gban az eldobhat\u00f3 pelenk\u00e1k teszik ki a hullad\u00e9klerak\u00f3kba ker\u00fcl\u0151 hullad\u00e9k t\u00f6bb mint 10%-\u00e1t. A moshat\u00f3 pelenk\u00e1k haszn\u00e1lata seg\u00edthet megoldani ezt a probl\u00e9m\u00e1t.<\/strong><\/p><p>Az eldobhat\u00f3 pelenk\u00e1nak k\u00f6r\u00fclbel\u00fcl 500 \u00e9vre van sz\u00fcks\u00e9ge ahhoz, hogy a hullad\u00e9klerak\u00f3ban lebomoljon;<\/p><ul><li>1 gyermek = 5 db pelenka \/ nap<\/li><li>1 \u00e9v = 1825 db pelenka<\/li><li>3 \u00e9v = 5475 db pelenka<\/li><li>1 db pelenka s\u00falya = kb. 250 g<\/li><\/ul><p>5475 db pelenka X 250 g = 1368750 g = 1,37 tonna hullad\u00e9k \u00e9s 1 tonna sz\u00e9ndioxid kibocs\u00e1t\u00e1s a gyermek \u00e9let\u00e9nek els\u0151 3 \u00e9v\u00e9ben.<\/p><p>Az elm\u00falt 20-30 \u00e9v sz\u00e1mos tanulm\u00e1nya szerint a gyermekek z\u00e1r\u00f3izomkontrollja el\u00e9r\u00e9s\u00e9nek id\u0151pontja kitol\u00f3dik (\u00e1tlagosan 18-24 h\u00f3napos korr\u00f3l 30-36 h\u00f3napos korra). Felt\u00e9telez\u00e9sek szerint az eldobhat\u00f3 pelenk\u00e1kban haszn\u00e1lt n\u00e1trium nagy nedvsz\u00edv\u00f3 k\u00e9pess\u00e9ge hat\u00e1rozza meg a gyermek nedvess\u00e9g\u00e9rzet\u00e9nek elmarad\u00e1s\u00e1t, \u00e9s ez lehet az oka a pelenka elhagy\u00e1s k\u00e9sedelm\u00e9nek. A projekt megval\u00f3s\u00edt\u00e1sa egyr\u00e9szt maguknak az \u00f3vod\u00e1knak a kezdem\u00e9nyez\u00e9s\u00e9re t\u00f6rt\u00e9nt, m\u00e1sr\u00e9szt az \u00f6nkorm\u00e1nyzatok is \u00e9rdekl\u0151d\u00e9st mutattak a hullad\u00e9k ilyen ir\u00e1ny\u00fa cs\u00f6kkent\u00e9se ir\u00e1nt. Az \u00f3vod\u00e1k a Coop Stella del Mattino \u00e1ltal biztos\u00edtott moshat\u00f3 pelenk\u00e1kat haszn\u00e1lj\u00e1k az eldobhat\u00f3 pelenk\u00e1k helyett. A pelenk\u00e1kat ugyanaz a szervezet gy\u0171jti \u00f6ssze \u00e9s juttatja vissza a k\u00f6rforg\u00e1sba. A sz\u00f6vetkezet saj\u00e1t, ISO 14065 tan\u00fas\u00edtv\u00e1nnyal rendelkez\u0151 mosod\u00e1val rendelkezik. A helyi eg\u00e9szs\u00e9g\u00fcgyi hat\u00f3s\u00e1g enged\u00e9lyezi a pelenk\u00e1k fert\u0151tlen\u00edt\u00e9s\u00e9nek folyamat\u00e1t. A csal\u00e1dok sz\u00e1m\u00e1ra olyan tal\u00e1lkoz\u00f3kat szerveznek, melyek sor\u00e1n arra \u00f6szt\u00f6n\u00f6zik \u0151ket, hogy otthon is folytass\u00e1k a b\u00f6lcs\u00f6d\u00e9ben\/\u00f3vod\u00e1ban k\u00f6vetett gyakorlatot. A moshat\u00f3, term\u00e9szetes sz\u00e1l\u00fa (pamut) pelenk\u00e1k haszn\u00e1lata cs\u00f6kkenti a baba b\u0151r\u00e9nek kipirosod\u00e1s\u00e1t \u00e9s irrit\u00e1ci\u00f3j\u00e1t. A projekt f\u0151 \u00e9rdekeltjei: \u00f6nkorm\u00e1nyzatok, mag\u00e1n- \u00e9s \u00e1llami b\u00f6lcs\u0151d\u00e9k, valamint a csal\u00e1dok.<\/p>\t\t\t\t\t\t\t\t<\/div>\n\t\t\t\t<\/div>\n\t\t\t\t<div class=\"elementor-element elementor-element-3b6c7e3c elementor-widget elementor-widget-heading\" data-id=\"3b6c7e3c\" data-element_type=\"widget\" data-e-type=\"widget\" data-widget_type=\"heading.default\">\n\t\t\t\t<div class=\"elementor-widget-container\">\n\t\t\t\t\t<h4 class=\"elementor-heading-title elementor-size-default\">Sz\u00fcks\u00e9ges er\u0151forr\u00e1sok<\/h4>\t\t\t\t<\/div>\n\t\t\t\t<\/div>\n\t\t\t\t<div class=\"elementor-element elementor-element-3d97ec9c elementor-widget elementor-widget-text-editor\" data-id=\"3d97ec9c\" data-element_type=\"widget\" data-e-type=\"widget\" data-widget_type=\"text-editor.default\">\n\t\t\t\t<div class=\"elementor-widget-container\">\n\t\t\t\t\t\t\t\t\t<p align=\"justify\">Az ATA Rifiuti a projektet int\u00e9zm\u00e9nyi tev\u00e9kenys\u00e9ge r\u00e9szek\u00e9nt, tov\u00e1bbi k\u00fcl\u00f6n finansz\u00edroz\u00e1s n\u00e9lk\u00fcl fejleszti. A Stella del Mattino egy banki alap\u00edtv\u00e1nyt\u00f3l kap p\u00e9nz\u00fcgyi t\u00e1mogat\u00e1st, amelyet els\u0151sorban a mosoda \u00e9s a kommunik\u00e1ci\u00f3s tev\u00e9kenys\u00e9gek t\u00e1mogat\u00e1s\u00e1ra haszn\u00e1lnak.<\/p>\t\t\t\t\t\t\t\t<\/div>\n\t\t\t\t<\/div>\n\t\t\t\t<div class=\"elementor-element elementor-element-691a6c3e elementor-widget elementor-widget-heading\" data-id=\"691a6c3e\" data-element_type=\"widget\" data-e-type=\"widget\" data-widget_type=\"heading.default\">\n\t\t\t\t<div class=\"elementor-widget-container\">\n\t\t\t\t\t<h4 class=\"elementor-heading-title elementor-size-default\">A siker mutat\u00f3i<\/h4>\t\t\t\t<\/div>\n\t\t\t\t<\/div>\n\t\t\t\t<div class=\"elementor-element elementor-element-2625a2dd elementor-widget elementor-widget-text-editor\" data-id=\"2625a2dd\" data-element_type=\"widget\" data-e-type=\"widget\" data-widget_type=\"text-editor.default\">\n\t\t\t\t<div class=\"elementor-widget-container\">\n\t\t\t\t\t\t\t\t\t<p>4 \u00e9rintett \u00f6nkorm\u00e1nyzat (Jesi, Senigallia, Ancona, Camerano).<\/p><p>K\u00f6rnyezetv\u00e9delmi c\u00e9lok:<\/p><ul><li>A keletkez\u0151 \u00e9s a hullad\u00e9klerak\u00f3ba ker\u00fcl\u0151 hullad\u00e9k mennyis\u00e9g\u00e9nek cs\u00f6kkent\u00e9se;<\/li><li>Az eldobhat\u00f3 pelenk\u00e1k el\u0151\u00e1ll\u00edt\u00e1sa \u00e9s sz\u00e1ll\u00edt\u00e1sa sor\u00e1n keletkez\u0151 sz\u00e9ndioxidkibocs\u00e1t\u00e1s cs\u00f6kkent\u00e9se;<\/li><li>A nem \u00fajrahasznos\u00edthat\u00f3 hullad\u00e9k \u00e1rtalmatlan\u00edt\u00e1si k\u00f6lts\u00e9geinek cs\u00f6kkent\u00e9se;<\/li><li>Az \u00fajrafelhaszn\u00e1l\u00e1s fontoss\u00e1g\u00e1nak tudatos\u00edt\u00e1sa a lakoss\u00e1g k\u00f6r\u00e9ben.<\/li><\/ul><p>Eg\u00e9szs\u00e9g\u00fcgyi c\u00e9lok:<\/p><ul><li>A gyermekek eg\u00e9szs\u00e9g\u00e9nek v\u00e9delme a nanofibersz\u00e1lak (pamut) haszn\u00e1lata r\u00e9v\u00e9n;<\/li><li>A gyermekek \u00f6n\u00e1ll\u00f3 \u00e9letvitel\u00e9nek el\u0151seg\u00edt\u00e9se a fiziol\u00f3giai sz\u00fcks\u00e9gleteik tekintet\u00e9ben.<\/li><\/ul>\t\t\t\t\t\t\t\t<\/div>\n\t\t\t\t<\/div>\n\t\t\t\t<div class=\"elementor-element elementor-element-21855d86 elementor-widget elementor-widget-heading\" data-id=\"21855d86\" data-element_type=\"widget\" data-e-type=\"widget\" data-widget_type=\"heading.default\">\n\t\t\t\t<div class=\"elementor-widget-container\">\n\t\t\t\t\t<h4 class=\"elementor-heading-title elementor-size-default\">A tanul\u00e1s \u00e9s az ismeretek \u00e1tad\u00e1s\u00e1nak lehet\u0151s\u00e9ge<\/h4>\t\t\t\t<\/div>\n\t\t\t\t<\/div>\n\t\t\t\t<div class=\"elementor-element elementor-element-6a31f533 elementor-widget elementor-widget-text-editor\" data-id=\"6a31f533\" data-element_type=\"widget\" data-e-type=\"widget\" data-widget_type=\"text-editor.default\">\n\t\t\t\t<div class=\"elementor-widget-container\">\n\t\t\t\t\t\t\t\t\t<p>Az els\u0151 hasonl\u00f3 projektet Bologna \u00f6nkorm\u00e1nyzata, valamint az ATArifiuti \u00e9s a Coop. Stella del mattino hozta l\u00e9tre, melyet k\u00e9s\u0151bb adapt\u00e1ltak \u00e9s szem\u00e9lyre szabtak Ancona tartom\u00e1nyban. A projekt teh\u00e1t k\u00f6nnyen lem\u00e1solhat\u00f3. A mosoda az eg\u00e9szs\u00e9g\u00fcgyi hat\u00f3s\u00e1g \u00e1ltal elismert fert\u0151tlen\u00edt\u00e9si protokollokat k\u00f6vet, melyek k\u00f6nnyen reproduk\u00e1lhat\u00f3k egyszer\u0171 ipari mos\u00f3g\u00e9pekkel \u00e9s sz\u00e1r\u00edt\u00f3kkal. A moshat\u00f3 pelenk\u00e1k teljes ell\u00e1t\u00e1si l\u00e1nc\u00e1nak l\u00e9trehoz\u00e1sa (b\u00e9rl\u00e9s, sz\u00e1ll\u00edt\u00e1s, mos\u00e1s) olyan hozz\u00e1adott \u00e9rt\u00e9ket jelent, amely a helyi foglalkoztat\u00e1s n\u00f6vel\u00e9s\u00e9t \u00e9s a h\u00e1tr\u00e1nyos helyzet\u0171 munkav\u00e1llal\u00f3k bevon\u00e1s\u00e1t is mag\u00e1ban foglalja.<\/p>\t\t\t\t\t\t\t\t<\/div>\n\t\t\t\t<\/div>\n\t\t\t\t\t<\/div>\n\t\t<\/div>\n\t\t\t\t\t<\/div>\n\t\t<\/section>\n\t\t\t\t\t<\/div>\n\t\t<\/div>\n\t\t\t\t\t<\/div>\n\t\t<\/section>\n\t\t\t\t<\/div>","protected":false},"excerpt":{"rendered":"<p>A moshat\u00f3 pelenka eg\u00e9szs\u00e9ges kamp\u00e1ny (Olaszorsz\u00e1g) Becsl\u00e9sek szerint Olaszorsz\u00e1gban az eldobhat\u00f3 pelenk\u00e1k teszik ki a hullad\u00e9klerak\u00f3kba ker\u00fcl\u0151 hullad\u00e9k t\u00f6bb mint 10%-\u00e1t. A moshat\u00f3 pelenk\u00e1k haszn\u00e1lata seg\u00edthet megoldani ezt a probl\u00e9m\u00e1t. Az eldobhat\u00f3 pelenk\u00e1nak k\u00f6r\u00fclbel\u00fcl 500 \u00e9vre van sz\u00fcks\u00e9ge ahhoz, hogy a hullad\u00e9klerak\u00f3ban lebomoljon; 1 gyermek = 5 db pelenka \/ nap 1 \u00e9v = 1825 [&hellip;]<\/p>\n","protected":false},"author":1,"featured_media":0,"parent":0,"menu_order":0,"comment_status":"closed","ping_status":"closed","template":"","meta":{"site-sidebar-layout":"no-sidebar","site-content-layout":"page-builder","ast-site-content-layout":"default","site-content-style":"default","site-sidebar-style":"default","ast-global-header-display":"","ast-banner-title-visibility":"","ast-main-header-display":"","ast-hfb-above-header-display":"","ast-hfb-below-header-display":"","ast-hfb-mobile-header-display":"","site-post-title":"disabled","ast-breadcrumbs-content":"","ast-featured-img":"disabled","footer-sml-layout":"","ast-disable-related-posts":"","theme-transparent-header-meta":"","adv-header-id-meta":"","stick-header-meta":"","header-above-stick-meta":"","header-main-stick-meta":"","header-below-stick-meta":"","astra-migrate-meta-layouts":"default","ast-page-background-enabled":"default","ast-page-background-meta":{"desktop":{"background-color":"","background-image":"","background-repeat":"repeat","background-position":"center center","background-size":"auto","background-attachment":"scroll","background-type":"","background-media":"","overlay-type":"","overlay-color":"","overlay-opacity":"","overlay-gradient":""},"tablet":{"background-color":"","background-image":"","background-repeat":"repeat","background-position":"center center","background-size":"auto","background-attachment":"scroll","background-type":"","background-media":"","overlay-type":"","overlay-color":"","overlay-opacity":"","overlay-gradient":""},"mobile":{"background-color":"","background-image":"","background-repeat":"repeat","background-position":"center center","background-size":"auto","background-attachment":"scroll","background-type":"","background-media":"","overlay-type":"","overlay-color":"","overlay-opacity":"","overlay-gradient":""}},"ast-content-background-meta":{"desktop":{"background-color":"var(--ast-global-color-5)","background-image":"","background-repeat":"repeat","background-position":"center center","background-size":"auto","background-attachment":"scroll","background-type":"","background-media":"","overlay-type":"","overlay-color":"","overlay-opacity":"","overlay-gradient":""},"tablet":{"background-color":"var(--ast-global-color-5)","background-image":"","background-repeat":"repeat","background-position":"center center","background-size":"auto","background-attachment":"scroll","background-type":"","background-media":"","overlay-type":"","overlay-color":"","overlay-opacity":"","overlay-gradient":""},"mobile":{"background-color":"var(--ast-global-color-5)","background-image":"","background-repeat":"repeat","background-position":"center center","background-size":"auto","background-attachment":"scroll","background-type":"","background-media":"","overlay-type":"","overlay-color":"","overlay-opacity":"","overlay-gradient":""}},"footnotes":""},"class_list":["post-6532","page","type-page","status-publish","hentry"],"_links":{"self":[{"href":"https:\/\/www.kdriu.hu\/en\/wp-json\/wp\/v2\/pages\/6532","targetHints":{"allow":["GET"]}}],"collection":[{"href":"https:\/\/www.kdriu.hu\/en\/wp-json\/wp\/v2\/pages"}],"about":[{"href":"https:\/\/www.kdriu.hu\/en\/wp-json\/wp\/v2\/types\/page"}],"author":[{"embeddable":true,"href":"https:\/\/www.kdriu.hu\/en\/wp-json\/wp\/v2\/users\/1"}],"replies":[{"embeddable":true,"href":"https:\/\/www.kdriu.hu\/en\/wp-json\/wp\/v2\/comments?post=6532"}],"version-history":[{"count":7,"href":"https:\/\/www.kdriu.hu\/en\/wp-json\/wp\/v2\/pages\/6532\/revisions"}],"predecessor-version":[{"id":6771,"href":"https:\/\/www.kdriu.hu\/en\/wp-json\/wp\/v2\/pages\/6532\/revisions\/6771"}],"wp:attachment":[{"href":"https:\/\/www.kdriu.hu\/en\/wp-json\/wp\/v2\/media?parent=6532"}],"curies":[{"name":"wp","href":"https:\/\/api.w.org\/{rel}","templated":true}]}}