{"id":6538,"date":"2022-08-22T08:37:53","date_gmt":"2022-08-22T08:37:53","guid":{"rendered":"http:\/\/www.kdriu.hu\/?page_id=6538"},"modified":"2022-08-22T13:51:59","modified_gmt":"2022-08-22T13:51:59","slug":"rapacinonline-hasznalt-szamitogepek-raszorulo-diakoknak-spanyolorszag","status":"publish","type":"page","link":"https:\/\/www.kdriu.hu\/en\/rapacinonline-hasznalt-szamitogepek-raszorulo-diakoknak-spanyolorszag\/","title":{"rendered":"RapacinOnline: Haszn\u00e1lt sz\u00e1m\u00edt\u00f3g\u00e9pek r\u00e1szorul\u00f3 di\u00e1koknak (Spanyolorsz\u00e1g)"},"content":{"rendered":"<div data-elementor-type=\"wp-page\" data-elementor-id=\"6538\" class=\"elementor elementor-6538\" data-elementor-post-type=\"page\">\n\t\t\t\t\t\t<section class=\"elementor-section elementor-top-section elementor-element elementor-element-53a935e9 elementor-section-stretched elementor-section-height-min-height elementor-section-boxed elementor-section-height-default elementor-section-items-middle elementor-invisible\" data-id=\"53a935e9\" data-element_type=\"section\" data-e-type=\"section\" data-settings=\"{&quot;background_background&quot;:&quot;classic&quot;,&quot;stretch_section&quot;:&quot;section-stretched&quot;,&quot;animation&quot;:&quot;fadeIn&quot;}\">\n\t\t\t\t\t\t\t<div class=\"elementor-background-overlay\"><\/div>\n\t\t\t\t\t\t\t<div class=\"elementor-container elementor-column-gap-no\">\n\t\t\t\t\t<div class=\"elementor-column elementor-col-100 elementor-top-column elementor-element elementor-element-6ccea069\" data-id=\"6ccea069\" data-element_type=\"column\" data-e-type=\"column\">\n\t\t\t<div class=\"elementor-widget-wrap elementor-element-populated\">\n\t\t\t\t\t\t<div class=\"elementor-element elementor-element-bf3e45d elementor-widget elementor-widget-spacer\" data-id=\"bf3e45d\" data-element_type=\"widget\" data-e-type=\"widget\" data-widget_type=\"spacer.default\">\n\t\t\t\t<div class=\"elementor-widget-container\">\n\t\t\t\t\t\t\t<div class=\"elementor-spacer\">\n\t\t\t<div class=\"elementor-spacer-inner\"><\/div>\n\t\t<\/div>\n\t\t\t\t\t\t<\/div>\n\t\t\t\t<\/div>\n\t\t\t\t<div class=\"elementor-element elementor-element-46ea0d65 elementor-widget elementor-widget-heading\" data-id=\"46ea0d65\" data-element_type=\"widget\" data-e-type=\"widget\" data-widget_type=\"heading.default\">\n\t\t\t\t<div class=\"elementor-widget-container\">\n\t\t\t\t\t<h2 class=\"elementor-heading-title elementor-size-default\">RapacinOnline: Haszn\u00e1lt sz\u00e1m\u00edt\u00f3g\u00e9pek r\u00e1szorul\u00f3 di\u00e1koknak (Spanyolorsz\u00e1g)<\/h2>\t\t\t\t<\/div>\n\t\t\t\t<\/div>\n\t\t\t\t\t<\/div>\n\t\t<\/div>\n\t\t\t\t\t<\/div>\n\t\t<\/section>\n\t\t\t\t<section class=\"elementor-section elementor-top-section elementor-element elementor-element-19da79e5 elementor-section-stretched elementor-section-boxed elementor-section-height-default elementor-section-height-default\" data-id=\"19da79e5\" data-element_type=\"section\" data-e-type=\"section\" data-settings=\"{&quot;stretch_section&quot;:&quot;section-stretched&quot;,&quot;background_background&quot;:&quot;classic&quot;}\">\n\t\t\t\t\t\t<div class=\"elementor-container elementor-column-gap-no\">\n\t\t\t\t\t<div class=\"elementor-column elementor-col-100 elementor-top-column elementor-element elementor-element-1e351ea0\" data-id=\"1e351ea0\" data-element_type=\"column\" data-e-type=\"column\">\n\t\t\t<div class=\"elementor-widget-wrap elementor-element-populated\">\n\t\t\t\t\t\t<section class=\"elementor-section elementor-inner-section elementor-element elementor-element-2997ff12 elementor-section-boxed elementor-section-height-default elementor-section-height-default\" data-id=\"2997ff12\" data-element_type=\"section\" data-e-type=\"section\">\n\t\t\t\t\t\t<div class=\"elementor-container elementor-column-gap-default\">\n\t\t\t\t\t<div class=\"elementor-column elementor-col-100 elementor-inner-column elementor-element elementor-element-3ecb307b\" data-id=\"3ecb307b\" data-element_type=\"column\" data-e-type=\"column\" data-settings=\"{&quot;background_background&quot;:&quot;classic&quot;}\">\n\t\t\t<div class=\"elementor-widget-wrap elementor-element-populated\">\n\t\t\t\t\t\t<div class=\"elementor-element elementor-element-1f7722f elementor-widget elementor-widget-text-editor\" data-id=\"1f7722f\" data-element_type=\"widget\" data-e-type=\"widget\" data-widget_type=\"text-editor.default\">\n\t\t\t\t<div class=\"elementor-widget-container\">\n\t\t\t\t\t\t\t\t\t<p><strong>Ebben a projektben haszn\u00e1lt sz\u00e1m\u00edt\u00f3g\u00e9peket biztos\u00edtottak r\u00e1szorul\u00f3, ez\u00e9rt a digit\u00e1lis szakad\u00e9kot megtapasztal\u00f3 di\u00e1kok jav\u00e1ra.<\/strong><\/p><p>A projekt egy olyan h\u00e1l\u00f3zat ki\u00e9p\u00edt\u00e9s\u00e9r\u0151l sz\u00f3l, amely k\u00f6zigazgat\u00e1si int\u00e9zm\u00e9nyekb\u0151l, \u00f6nkorm\u00e1nyzati \u00e9s nonprofit szervezetekb\u0151l, iskol\u00e1kb\u00f3l \u00e9s csal\u00e1dokb\u00f3l \u00e1ll.<\/p><p>Ily m\u00f3don azok a lakosok, akik j\u00f3 \u00e1llapotban l\u00e9v\u0151, de modernebb \u00e9s korszer\u0171bb eszk\u00f6z\u00f6kre cser\u00e9lt haszn\u00e1laton k\u00edv\u00fcli informatikai eszk\u00f6z\u00f6kkel rendelkeznek, felaj\u00e1nlott\u00e1k azokat a gy\u0171jt\u0151pontokon vagy a region\u00e1lis technol\u00f3giai k\u00f6zpontokban. Ezt k\u00f6vet\u0151en a Hacedores &amp; Makers nonprofit szervezet elv\u00e9gezte az informatikai eszk\u00f6z\u00f6k fel\u00fclvizsg\u00e1lat\u00e1t, t\u00f6r\u00f6lte az adatokat a merevlemezekr\u0151l \u00e9s sz\u00fcks\u00e9ge eset\u00e9n biztos\u00edtotta azok m\u0171k\u00f6d\u0151k\u00e9pess\u00e9g\u00e9t.<\/p><p>Az eszk\u00f6z\u00f6ket ezut\u00e1n \u00e1tadt\u00e1k azoknak az iskol\u00e1knak, amelyek el\u0151zetesen ig\u00e9nyelt\u00e9k azokat, hogy eljuttass\u00e1k a r\u00e1szorul\u00f3 di\u00e1koknak.<\/p><p>Ily m\u00f3don nemcsak az elektronikai hullad\u00e9k k\u00e9pz\u0151d\u00e9s\u00e9nek elker\u00fcl\u00e9se \u00e9s megel\u0151z\u00e9se val\u00f3sult meg az \u00fajrahaszn\u00e1lat \u00e1ltal, hanem a megl\u00e9v\u0151 technol\u00f3giai szakad\u00e9k minimaliz\u00e1l\u00e1sa is, valamint annak biztos\u00edt\u00e1sa, hogy a di\u00e1kok k\u00f6vetni tudj\u00e1k az iskolai \u00f3r\u00e1k menet\u00e9t a COVID-19 miatti online tan\u00edt\u00e1s eset\u00e9n.<\/p><p>Eddig a gy\u0171jt\u00e9si kamp\u00e1ny az Eur\u00f3pai Hullad\u00e9kmegel\u0151z\u00e9si H\u00e9t keret\u00e9ben zajlott, mivel az EMULSA er\u0151s elk\u00f6telezetts\u00e9get v\u00e1llalt a kommunik\u00e1ci\u00f3 \u00e9s a t\u00e1j\u00e9koztat\u00e1s mellett.<\/p><p>L\u00e9trehoztak egy webes platformot a teljes folyamatr\u00f3l \u00e9s a gy\u0171jt\u0151pontokr\u00f3l annak \u00e9rdek\u00e9ben, hogy a projekt megval\u00f3s\u00edt\u00e1sa folyamatos legyen.<\/p>\t\t\t\t\t\t\t\t<\/div>\n\t\t\t\t<\/div>\n\t\t\t\t<div class=\"elementor-element elementor-element-f274ca5 elementor-widget elementor-widget-heading\" data-id=\"f274ca5\" data-element_type=\"widget\" data-e-type=\"widget\" data-widget_type=\"heading.default\">\n\t\t\t\t<div class=\"elementor-widget-container\">\n\t\t\t\t\t<h4 class=\"elementor-heading-title elementor-size-default\">Sz\u00fcks\u00e9ges er\u0151forr\u00e1sok<\/h4>\t\t\t\t<\/div>\n\t\t\t\t<\/div>\n\t\t\t\t<div class=\"elementor-element elementor-element-7a53efb3 elementor-widget elementor-widget-text-editor\" data-id=\"7a53efb3\" data-element_type=\"widget\" data-e-type=\"widget\" data-widget_type=\"text-editor.default\">\n\t\t\t\t<div class=\"elementor-widget-container\">\n\t\t\t\t\t\t\t\t\t<ul><li>Weboldal az adom\u00e1nyoz\u00e1si folyamat \u00e9s a hullad\u00e9kgy\u0171jt\u0151 pontok inform\u00e1ci\u00f3i sz\u00e1m\u00e1ra;<\/li><li>Helysz\u00ednek a gy\u0171jt\u00e9shez;<\/li><li>Oper\u00e1torok, akik felel\u0151sek a gy\u0171jt\u00e9s\u00e9rt \u00e9s az adatok felv\u00e9tel\u00e9\u00e9rt a pontos nyomon k\u00f6vethet\u0151s\u00e9g \u00e9rdek\u00e9ben;<\/li><li>Lelt\u00e1roz\u00e1st, a berendez\u00e9sek fel\u00fclvizsg\u00e1lat\u00e1t, adatt\u00f6rl\u00e9st \u00e9s a berendez\u00e9sek fel\u00faj\u00edt\u00e1s\u00e1t v\u00e9gz\u0151 v\u00e1llalkoz\u00e1s.<\/li><\/ul>\t\t\t\t\t\t\t\t<\/div>\n\t\t\t\t<\/div>\n\t\t\t\t<div class=\"elementor-element elementor-element-301a5090 elementor-widget elementor-widget-heading\" data-id=\"301a5090\" data-element_type=\"widget\" data-e-type=\"widget\" data-widget_type=\"heading.default\">\n\t\t\t\t<div class=\"elementor-widget-container\">\n\t\t\t\t\t<h4 class=\"elementor-heading-title elementor-size-default\">A siker mutat\u00f3i<\/h4>\t\t\t\t<\/div>\n\t\t\t\t<\/div>\n\t\t\t\t<div class=\"elementor-element elementor-element-7a4ffe6a elementor-widget elementor-widget-text-editor\" data-id=\"7a4ffe6a\" data-element_type=\"widget\" data-e-type=\"widget\" data-widget_type=\"text-editor.default\">\n\t\t\t\t<div class=\"elementor-widget-container\">\n\t\t\t\t\t\t\t\t\t<p>214 informatikai eszk\u00f6z (laptopok, processzorok, nyomtat\u00f3k, monitorok, t\u00e1blag\u00e9pek stb.) ker\u00fclt \u00f6sszegy\u0171jt\u00e9sre, melyekb\u0151l \u00f6sszesen 69 komplett sz\u00e1m\u00edt\u00f3g\u00e9pes konfigur\u00e1ci\u00f3t tudtak \u00f6sszerakni. Ez a 69 sz\u00e1m\u00edt\u00f3g\u00e9p 8 \u00e1llami iskol\u00e1hoz ker\u00fclt, melyek r\u00e1szorul\u00f3 di\u00e1kjaiknak adt\u00e1k oda ezeket az adott tan\u00e9vben.<\/p>\t\t\t\t\t\t\t\t<\/div>\n\t\t\t\t<\/div>\n\t\t\t\t<div class=\"elementor-element elementor-element-373cfeb6 elementor-widget elementor-widget-heading\" data-id=\"373cfeb6\" data-element_type=\"widget\" data-e-type=\"widget\" data-widget_type=\"heading.default\">\n\t\t\t\t<div class=\"elementor-widget-container\">\n\t\t\t\t\t<h4 class=\"elementor-heading-title elementor-size-default\">A felmer\u00fclt neh\u00e9zs\u00e9gek<\/h4>\t\t\t\t<\/div>\n\t\t\t\t<\/div>\n\t\t\t\t<div class=\"elementor-element elementor-element-6c8a10c3 elementor-widget elementor-widget-text-editor\" data-id=\"6c8a10c3\" data-element_type=\"widget\" data-e-type=\"widget\" data-widget_type=\"text-editor.default\">\n\t\t\t\t<div class=\"elementor-widget-container\">\n\t\t\t\t\t\t\t\t\t<p>A projekt folytonoss\u00e1ga szempontj\u00e1b\u00f3l a legnagyobb kih\u00edv\u00e1st az jelenti, hogy meg kell tal\u00e1lni a megfelel\u0151 finansz\u00edroz\u00e1si forr\u00e1st ahhoz, hogy az adom\u00e1nyozott eszk\u00f6z\u00f6k fel\u00faj\u00edt\u00e1s\u00e1val \u00e9s a nyomon k\u00f6vethet\u0151s\u00e9ggel megb\u00edzott c\u00e9get lehessen m\u0171k\u00f6dtetni.<\/p>\t\t\t\t\t\t\t\t<\/div>\n\t\t\t\t<\/div>\n\t\t\t\t<div class=\"elementor-element elementor-element-7f523228 elementor-widget elementor-widget-heading\" data-id=\"7f523228\" data-element_type=\"widget\" data-e-type=\"widget\" data-widget_type=\"heading.default\">\n\t\t\t\t<div class=\"elementor-widget-container\">\n\t\t\t\t\t<h4 class=\"elementor-heading-title elementor-size-default\">A tanul\u00e1s \u00e9s az ismeretek \u00e1tad\u00e1s\u00e1nak lehet\u0151s\u00e9ge<\/h4>\t\t\t\t<\/div>\n\t\t\t\t<\/div>\n\t\t\t\t<div class=\"elementor-element elementor-element-1c25b3ab elementor-widget elementor-widget-text-editor\" data-id=\"1c25b3ab\" data-element_type=\"widget\" data-e-type=\"widget\" data-widget_type=\"text-editor.default\">\n\t\t\t\t<div class=\"elementor-widget-container\">\n\t\t\t\t\t\t\t\t\t<p>A projekt k\u00f6nnyen lem\u00e1solhat\u00f3 m\u00e1s r\u00e9gi\u00f3kban, mivel nem ig\u00e9nyel nagy\u00f6sszeg\u0171 p\u00e9nzt a beind\u00edt\u00e1s\u00e1hoz. A gyakorlat sor\u00e1n a k\u00f6rforg\u00e1sos gazdas\u00e1g c\u00e9lkit\u0171z\u00e9sei a t\u00e1rsadalmi ig\u00e9nyekkel kombin\u00e1l\u00f3dnak. A sz\u00e1m\u00edt\u00f3g\u00e9pek nem v\u00e1lnak hullad\u00e9kk\u00e1, \u00e9s a r\u00e1szorul\u00f3 csoportok is hozz\u00e1juthatnak az online oktat\u00e1sban val\u00f3 r\u00e9szv\u00e9telhez sz\u00fcks\u00e9ges eszk\u00f6z\u00f6kh\u00f6z.<\/p>\t\t\t\t\t\t\t\t<\/div>\n\t\t\t\t<\/div>\n\t\t\t\t\t<\/div>\n\t\t<\/div>\n\t\t\t\t\t<\/div>\n\t\t<\/section>\n\t\t\t\t\t<\/div>\n\t\t<\/div>\n\t\t\t\t\t<\/div>\n\t\t<\/section>\n\t\t\t\t<\/div>","protected":false},"excerpt":{"rendered":"<p>RapacinOnline: Haszn\u00e1lt sz\u00e1m\u00edt\u00f3g\u00e9pek r\u00e1szorul\u00f3 di\u00e1koknak (Spanyolorsz\u00e1g) Ebben a projektben haszn\u00e1lt sz\u00e1m\u00edt\u00f3g\u00e9peket biztos\u00edtottak r\u00e1szorul\u00f3, ez\u00e9rt a digit\u00e1lis szakad\u00e9kot megtapasztal\u00f3 di\u00e1kok jav\u00e1ra. A projekt egy olyan h\u00e1l\u00f3zat ki\u00e9p\u00edt\u00e9s\u00e9r\u0151l sz\u00f3l, amely k\u00f6zigazgat\u00e1si int\u00e9zm\u00e9nyekb\u0151l, \u00f6nkorm\u00e1nyzati \u00e9s nonprofit szervezetekb\u0151l, iskol\u00e1kb\u00f3l \u00e9s csal\u00e1dokb\u00f3l \u00e1ll. Ily m\u00f3don azok a lakosok, akik j\u00f3 \u00e1llapotban l\u00e9v\u0151, de modernebb \u00e9s korszer\u0171bb eszk\u00f6z\u00f6kre cser\u00e9lt haszn\u00e1laton k\u00edv\u00fcli [&hellip;]<\/p>\n","protected":false},"author":1,"featured_media":0,"parent":0,"menu_order":0,"comment_status":"closed","ping_status":"closed","template":"","meta":{"site-sidebar-layout":"no-sidebar","site-content-layout":"page-builder","ast-site-content-layout":"default","site-content-style":"default","site-sidebar-style":"default","ast-global-header-display":"","ast-banner-title-visibility":"","ast-main-header-display":"","ast-hfb-above-header-display":"","ast-hfb-below-header-display":"","ast-hfb-mobile-header-display":"","site-post-title":"disabled","ast-breadcrumbs-content":"","ast-featured-img":"disabled","footer-sml-layout":"","ast-disable-related-posts":"","theme-transparent-header-meta":"","adv-header-id-meta":"","stick-header-meta":"","header-above-stick-meta":"","header-main-stick-meta":"","header-below-stick-meta":"","astra-migrate-meta-layouts":"default","ast-page-background-enabled":"default","ast-page-background-meta":{"desktop":{"background-color":"","background-image":"","background-repeat":"repeat","background-position":"center center","background-size":"auto","background-attachment":"scroll","background-type":"","background-media":"","overlay-type":"","overlay-color":"","overlay-opacity":"","overlay-gradient":""},"tablet":{"background-color":"","background-image":"","background-repeat":"repeat","background-position":"center center","background-size":"auto","background-attachment":"scroll","background-type":"","background-media":"","overlay-type":"","overlay-color":"","overlay-opacity":"","overlay-gradient":""},"mobile":{"background-color":"","background-image":"","background-repeat":"repeat","background-position":"center center","background-size":"auto","background-attachment":"scroll","background-type":"","background-media":"","overlay-type":"","overlay-color":"","overlay-opacity":"","overlay-gradient":""}},"ast-content-background-meta":{"desktop":{"background-color":"var(--ast-global-color-5)","background-image":"","background-repeat":"repeat","background-position":"center center","background-size":"auto","background-attachment":"scroll","background-type":"","background-media":"","overlay-type":"","overlay-color":"","overlay-opacity":"","overlay-gradient":""},"tablet":{"background-color":"var(--ast-global-color-5)","background-image":"","background-repeat":"repeat","background-position":"center center","background-size":"auto","background-attachment":"scroll","background-type":"","background-media":"","overlay-type":"","overlay-color":"","overlay-opacity":"","overlay-gradient":""},"mobile":{"background-color":"var(--ast-global-color-5)","background-image":"","background-repeat":"repeat","background-position":"center center","background-size":"auto","background-attachment":"scroll","background-type":"","background-media":"","overlay-type":"","overlay-color":"","overlay-opacity":"","overlay-gradient":""}},"footnotes":""},"class_list":["post-6538","page","type-page","status-publish","hentry"],"_links":{"self":[{"href":"https:\/\/www.kdriu.hu\/en\/wp-json\/wp\/v2\/pages\/6538","targetHints":{"allow":["GET"]}}],"collection":[{"href":"https:\/\/www.kdriu.hu\/en\/wp-json\/wp\/v2\/pages"}],"about":[{"href":"https:\/\/www.kdriu.hu\/en\/wp-json\/wp\/v2\/types\/page"}],"author":[{"embeddable":true,"href":"https:\/\/www.kdriu.hu\/en\/wp-json\/wp\/v2\/users\/1"}],"replies":[{"embeddable":true,"href":"https:\/\/www.kdriu.hu\/en\/wp-json\/wp\/v2\/comments?post=6538"}],"version-history":[{"count":10,"href":"https:\/\/www.kdriu.hu\/en\/wp-json\/wp\/v2\/pages\/6538\/revisions"}],"predecessor-version":[{"id":6774,"href":"https:\/\/www.kdriu.hu\/en\/wp-json\/wp\/v2\/pages\/6538\/revisions\/6774"}],"wp:attachment":[{"href":"https:\/\/www.kdriu.hu\/en\/wp-json\/wp\/v2\/media?parent=6538"}],"curies":[{"name":"wp","href":"https:\/\/api.w.org\/{rel}","templated":true}]}}