{"id":6550,"date":"2022-08-22T08:40:11","date_gmt":"2022-08-22T08:40:11","guid":{"rendered":"http:\/\/www.kdriu.hu\/?page_id=6550"},"modified":"2022-08-24T08:26:47","modified_gmt":"2022-08-24T08:26:47","slug":"la-ricicletta-elhagyott-kerekparok-ujrahasznalata-felhasznalasra-torteno-felkeszitese-olaszorszag","status":"publish","type":"page","link":"https:\/\/www.kdriu.hu\/en\/la-ricicletta-elhagyott-kerekparok-ujrahasznalata-felhasznalasra-torteno-felkeszitese-olaszorszag\/","title":{"rendered":"La Ricicletta: elhagyott ker\u00e9kp\u00e1rok \u00fajrahaszn\u00e1lata felhaszn\u00e1l\u00e1sra t\u00f6rt\u00e9n\u0151 felk\u00e9sz\u00edt\u00e9se (Olaszorsz\u00e1g)"},"content":{"rendered":"<div data-elementor-type=\"wp-page\" data-elementor-id=\"6550\" class=\"elementor elementor-6550\" data-elementor-post-type=\"page\">\n\t\t\t\t\t\t<section class=\"elementor-section elementor-top-section elementor-element elementor-element-79871c82 elementor-section-stretched elementor-section-height-min-height elementor-section-boxed elementor-section-height-default elementor-section-items-middle elementor-invisible\" data-id=\"79871c82\" data-element_type=\"section\" data-e-type=\"section\" data-settings=\"{&quot;background_background&quot;:&quot;classic&quot;,&quot;stretch_section&quot;:&quot;section-stretched&quot;,&quot;animation&quot;:&quot;fadeIn&quot;}\">\n\t\t\t\t\t\t\t<div class=\"elementor-background-overlay\"><\/div>\n\t\t\t\t\t\t\t<div class=\"elementor-container elementor-column-gap-no\">\n\t\t\t\t\t<div class=\"elementor-column elementor-col-100 elementor-top-column elementor-element elementor-element-35bfe171\" data-id=\"35bfe171\" data-element_type=\"column\" data-e-type=\"column\">\n\t\t\t<div class=\"elementor-widget-wrap elementor-element-populated\">\n\t\t\t\t\t\t<div class=\"elementor-element elementor-element-2c7f27cc elementor-widget elementor-widget-spacer\" data-id=\"2c7f27cc\" data-element_type=\"widget\" data-e-type=\"widget\" data-widget_type=\"spacer.default\">\n\t\t\t\t<div class=\"elementor-widget-container\">\n\t\t\t\t\t\t\t<div class=\"elementor-spacer\">\n\t\t\t<div class=\"elementor-spacer-inner\"><\/div>\n\t\t<\/div>\n\t\t\t\t\t\t<\/div>\n\t\t\t\t<\/div>\n\t\t\t\t<div class=\"elementor-element elementor-element-20e6d064 elementor-widget elementor-widget-heading\" data-id=\"20e6d064\" data-element_type=\"widget\" data-e-type=\"widget\" data-widget_type=\"heading.default\">\n\t\t\t\t<div class=\"elementor-widget-container\">\n\t\t\t\t\t<h2 class=\"elementor-heading-title elementor-size-default\">La Ricicletta: elhagyott ker\u00e9kp\u00e1rok \u00fajrahaszn\u00e1lata felhaszn\u00e1l\u00e1sra t\u00f6rt\u00e9n\u0151 felk\u00e9sz\u00edt\u00e9se (Olaszorsz\u00e1g)<\/h2>\t\t\t\t<\/div>\n\t\t\t\t<\/div>\n\t\t\t\t\t<\/div>\n\t\t<\/div>\n\t\t\t\t\t<\/div>\n\t\t<\/section>\n\t\t\t\t<section class=\"elementor-section elementor-top-section elementor-element elementor-element-3552bb62 elementor-section-stretched elementor-section-boxed elementor-section-height-default elementor-section-height-default\" data-id=\"3552bb62\" data-element_type=\"section\" data-e-type=\"section\" data-settings=\"{&quot;stretch_section&quot;:&quot;section-stretched&quot;,&quot;background_background&quot;:&quot;classic&quot;}\">\n\t\t\t\t\t\t<div class=\"elementor-container elementor-column-gap-no\">\n\t\t\t\t\t<div class=\"elementor-column elementor-col-100 elementor-top-column elementor-element elementor-element-3aad2725\" data-id=\"3aad2725\" data-element_type=\"column\" data-e-type=\"column\">\n\t\t\t<div class=\"elementor-widget-wrap elementor-element-populated\">\n\t\t\t\t\t\t<section class=\"elementor-section elementor-inner-section elementor-element elementor-element-790f75a6 elementor-section-boxed elementor-section-height-default elementor-section-height-default\" data-id=\"790f75a6\" data-element_type=\"section\" data-e-type=\"section\">\n\t\t\t\t\t\t<div class=\"elementor-container elementor-column-gap-default\">\n\t\t\t\t\t<div class=\"elementor-column elementor-col-100 elementor-inner-column elementor-element elementor-element-47e571cf\" data-id=\"47e571cf\" data-element_type=\"column\" data-e-type=\"column\" data-settings=\"{&quot;background_background&quot;:&quot;classic&quot;}\">\n\t\t\t<div class=\"elementor-widget-wrap elementor-element-populated\">\n\t\t\t\t\t\t<div class=\"elementor-element elementor-element-16bf2cbf elementor-widget elementor-widget-text-editor\" data-id=\"16bf2cbf\" data-element_type=\"widget\" data-e-type=\"widget\" data-widget_type=\"text-editor.default\">\n\t\t\t\t<div class=\"elementor-widget-container\">\n\t\t\t\t\t\t\t\t\t<h4><strong>A La Ricicletta (LR) \u00f6sszegy\u0171jti, megjav\u00edtja \u00e9s \u00fajra felhaszn\u00e1lja az olaszorsz\u00e1gi Ferrara v\u00e1ros\u00e1ban elhagyott ker\u00e9kp\u00e1rokat vagy azok r\u00e9szeit.<\/strong><\/h4><p>2002-ben az Il Germoglio szoci\u00e1lis sz\u00f6vetkezet elind\u00edtotta az LR-t, mely egy 200 embert foglalkoztat\u00f3 t\u00e1rsadalmi v\u00e1llalkoz\u00e1s. Ferrar\u00e1ban, amelyet Olaszorsz\u00e1gban a ker\u00e9kp\u00e1roz\u00e1s f\u0151v\u00e1ros\u00e1nak tartanak, egyre t\u00f6bb elhagyott ker\u00e9kp\u00e1rt tal\u00e1ltak a v\u00e1ros utc\u00e1in. Innen j\u00f6tt az \u00f6tlet, hogy a sz\u00e1mos ker\u00e9kp\u00e1rt (vagy azok r\u00e9szeit) \u00f6sszegy\u0171jts\u00e9k, megjav\u00edts\u00e1k \u00e9s \u00fajra haszn\u00e1lj\u00e1k.<\/p><p>A megjav\u00edtott ker\u00e9kp\u00e1rok azut\u00e1n kib\u00e9relhet\u0151k vagy megv\u00e1s\u00e1rolhat\u00f3k. Az LR egy\u00fcttm\u0171k\u00f6dik az \u00f6nkorm\u00e1nyzattal, a t\u00f6megk\u00f6zleked\u00e9si csom\u00f3pontokkal, a parkol\u00f3kkal, k\u00f6zterekkel, hotelekkel \u00e9s mag\u00e1n h\u00e1ztart\u00e1sokkal is. A ker\u00e9kp\u00e1rok v\u00e1roson bel\u00fcli \u00f6sszegy\u0171jt\u00e9se \u00e9s elsz\u00e1ll\u00edt\u00e1sa ingyenes. Aki ker\u00e9kp\u00e1rt adom\u00e1nyoz, 5-eur\u00f3s utalv\u00e1nyt kap. A kezdem\u00e9nyez\u00e9s tov\u00e1bbi el\u0151nye a h\u00e1tr\u00e1nyos helyzet\u0171 csoportok munkaer\u0151piaci reintegr\u00e1ci\u00f3ja, akik magasan k\u00e9pzett koll\u00e9g\u00e1kt\u00f3l \u00e9s szerel\u0151kt\u0151l is tanulhatnak.<\/p><p>Az LR p\u00e9ld\u00e1ul egy\u00fcttm\u0171k\u00f6dik a ferrarai b\u00f6rt\u00f6nnel, ahol egy munka\u00e1llom\u00e1st alak\u00edtottak ki. A ker\u00e9kp\u00e1rok \u00fajrafelhaszn\u00e1l\u00e1sra val\u00f3 el\u0151k\u00e9sz\u00edt\u00e9s\u00e9\u00e9rt 3 rab felel. \u0150k tiszt\u00edt\u00e1si \u00e9s fel\u00faj\u00edt\u00e1si munk\u00e1kat v\u00e9geznek. Az \u00f6sszeszerel\u00e9st az LR m\u0171hely\u00e9ben szakk\u00e9pzett technikusok v\u00e9gzik.<\/p>\t\t\t\t\t\t\t\t<\/div>\n\t\t\t\t<\/div>\n\t\t\t\t<div class=\"elementor-element elementor-element-1489f6be elementor-widget elementor-widget-heading\" data-id=\"1489f6be\" data-element_type=\"widget\" data-e-type=\"widget\" data-widget_type=\"heading.default\">\n\t\t\t\t<div class=\"elementor-widget-container\">\n\t\t\t\t\t<h4 class=\"elementor-heading-title elementor-size-default\">Sz\u00fcks\u00e9ges er\u0151forr\u00e1sok<\/h4>\t\t\t\t<\/div>\n\t\t\t\t<\/div>\n\t\t\t\t<div class=\"elementor-element elementor-element-226792a8 elementor-widget elementor-widget-text-editor\" data-id=\"226792a8\" data-element_type=\"widget\" data-e-type=\"widget\" data-widget_type=\"text-editor.default\">\n\t\t\t\t<div class=\"elementor-widget-container\">\n\t\t\t\t\t\t\t\t\t<p align=\"justify\">Az Il Germoglio gondoskodik az adminisztr\u00e1ci\u00f3r\u00f3l \u00e9s a k\u00f6nyvel\u00e9sr\u0151l. \u00c1rbev\u00e9tel \u2248 120.000 \u20ac\/\u00e9v Alkalmazottak sz\u00e1ma: 6 gyakornok (akik \u00f6szt\u00f6nd\u00edjban r\u00e9szes\u00fclnek), 2 technikus \u00e9s 1 szoci\u00e1lis gondoz\u00f3i k\u00e9pes\u00edt\u00e9ssel rendelkez\u0151 oktat\u00f3. A k\u00f6zelm\u00faltban a La Ricicletta egy a v\u00e1rosk\u00f6zponthoz k\u00f6zelebb fekv\u00e9s\u0171 helyre k\u00f6lt\u00f6z\u00f6tt, \u00edgy sz\u00e1mos szolg\u00e1ltat\u00e1st, tev\u00e9kenys\u00e9get \u00e9s \u00fcgyfelet k\u00e9pes befogadni.<\/p>\t\t\t\t\t\t\t\t<\/div>\n\t\t\t\t<\/div>\n\t\t\t\t<div class=\"elementor-element elementor-element-7e1c1a0b elementor-widget elementor-widget-heading\" data-id=\"7e1c1a0b\" data-element_type=\"widget\" data-e-type=\"widget\" data-widget_type=\"heading.default\">\n\t\t\t\t<div class=\"elementor-widget-container\">\n\t\t\t\t\t<h4 class=\"elementor-heading-title elementor-size-default\">A siker mutat\u00f3i<\/h4>\t\t\t\t<\/div>\n\t\t\t\t<\/div>\n\t\t\t\t<div class=\"elementor-element elementor-element-284b4836 elementor-widget elementor-widget-text-editor\" data-id=\"284b4836\" data-element_type=\"widget\" data-e-type=\"widget\" data-widget_type=\"text-editor.default\">\n\t\t\t\t<div class=\"elementor-widget-container\">\n\t\t\t\t\t\t\t\t\t<p>A La Ricicletta \u00e9vente k\u00f6r\u00fclbel\u00fcl 150 ker\u00e9kp\u00e1rt \u00faj\u00edt fel, tesz \u00fajra felhaszn\u00e1lhat\u00f3v\u00e1 \u00e9s ad el. A ker\u00e9kp\u00e1rokat egy \u201ek\u00eds\u00e9r\u0151 k\u00e1rty\u00e1val\u201d egy\u00fctt adj\u00e1k el, amelyen minden jav\u00edt\u00e1si m\u0171veletet felt\u0171ntetnek. Ez seg\u00edt nyomon k\u00f6vetni a jav\u00edt\u00e1sokat \u00e9s az egyes ker\u00e9kp\u00e1rok t\u00f6rt\u00e9net\u00e9t. A lakoss\u00e1gi adom\u00e1nyok sz\u00e1ma n\u00f6vekszik, \u00e9s az \u00f6nkorm\u00e1nyzat \u00faj mobilit\u00e1si tervet hirdet, amely a lass\u00fa k\u00f6zleked\u00e9sre \u00f6sszpontos\u00edt. A k\u00f6lcs\u00f6nz\u00e9si szolg\u00e1ltat\u00e1sok is n\u00f6vekednek, mivel Ferrara egyre n\u00e9pszer\u0171bb turisztikai c\u00e9lpont. A k\u00f6lcs\u00f6nz\u00e9si szolg\u00e1ltat\u00e1s ingyenes Olaszorsz\u00e1g b\u00e1rmely pontj\u00e1r\u00f3l \u00e9rkez\u0151 iskolai oszt\u00e1lyok tanul\u00f3i sz\u00e1m\u00e1ra.<\/p>\t\t\t\t\t\t\t\t<\/div>\n\t\t\t\t<\/div>\n\t\t\t\t<div class=\"elementor-element elementor-element-40b8fcd6 elementor-widget elementor-widget-heading\" data-id=\"40b8fcd6\" data-element_type=\"widget\" data-e-type=\"widget\" data-widget_type=\"heading.default\">\n\t\t\t\t<div class=\"elementor-widget-container\">\n\t\t\t\t\t<h4 class=\"elementor-heading-title elementor-size-default\">A felmer\u00fclt neh\u00e9zs\u00e9gek<\/h4>\t\t\t\t<\/div>\n\t\t\t\t<\/div>\n\t\t\t\t<div class=\"elementor-element elementor-element-afa5e13 elementor-widget elementor-widget-text-editor\" data-id=\"afa5e13\" data-element_type=\"widget\" data-e-type=\"widget\" data-widget_type=\"text-editor.default\">\n\t\t\t\t<div class=\"elementor-widget-container\">\n\t\t\t\t\t\t\t\t\t<ul><li>Az \u00f6sszes ker\u00e9kp\u00e1r befogad\u00e1s\u00e1ra alkalmas m\u0171k\u00f6d\u00e9si helyis\u00e9g biztos\u00edt\u00e1sa + egy 10 f\u0151t befogad\u00f3 jav\u00edt\u00f3m\u0171hely + az \u00fcgyfelek elhelyez\u00e9se.<\/li><li>Az \u00c1zsi\u00e1ban gy\u00e1rtott olcs\u00f3 ker\u00e9kp\u00e1rokkal val\u00f3 verseny hat\u00e1ssal van a ker\u00e9kp\u00e1relad\u00e1sokra.<\/li><li>A jav\u00edt\u00e1s bonyolults\u00e1ga: a p\u00f3talkatr\u00e9szek nem \u201eszabv\u00e1nyosak\u201d (ped\u00e1lok, korm\u00e1ny&#8230;).<\/li><li>Szezon\u00e1lis \u00fczletmenet (m\u00e1rciust\u00f3l okt\u00f3berig)<\/li><\/ul>\t\t\t\t\t\t\t\t<\/div>\n\t\t\t\t<\/div>\n\t\t\t\t<div class=\"elementor-element elementor-element-6aad9d69 elementor-widget elementor-widget-heading\" data-id=\"6aad9d69\" data-element_type=\"widget\" data-e-type=\"widget\" data-widget_type=\"heading.default\">\n\t\t\t\t<div class=\"elementor-widget-container\">\n\t\t\t\t\t<h4 class=\"elementor-heading-title elementor-size-default\">A tanul\u00e1s \u00e9s az ismeretek \u00e1tad\u00e1s\u00e1nak lehet\u0151s\u00e9ge<\/h4>\t\t\t\t<\/div>\n\t\t\t\t<\/div>\n\t\t\t\t<div class=\"elementor-element elementor-element-6af4eceb elementor-widget elementor-widget-text-editor\" data-id=\"6af4eceb\" data-element_type=\"widget\" data-e-type=\"widget\" data-widget_type=\"text-editor.default\">\n\t\t\t\t<div class=\"elementor-widget-container\">\n\t\t\t\t\t\t\t\t\t<p>A kezdem\u00e9nyez\u00e9s viszonylag k\u00f6nnyen \u00e1tvihet\u0151 \u00e9s megism\u00e9telhet\u0151, k\u00fcl\u00f6n\u00f6sen ott, ahol s\u00edk a terep \u00e9s n\u00e9pszer\u0171 \u00e9s j\u00f3l fejlett a ker\u00e9kp\u00e1rhaszn\u00e1lat. Jelenleg a La Ricicletta nem haszn\u00e1l elektromos ker\u00e9kp\u00e1rokat, mivel Ferrar\u00e1ban erre m\u00e9g nem t\u00fal nagy a kereslet. Az e-bike-ok speci\u00e1lis technikusok alkalmaz\u00e1s\u00e1t ig\u00e9nylik, annak \u00e9rdek\u00e9ben, hogy a b\u00e9rl\u00e9s \u00e9s\/vagy az \u00e9rt\u00e9kes\u00edt\u00e9s c\u00e9lj\u00e1t szolg\u00e1l\u00f3 ker\u00e9kp\u00e1rok t\u00f6k\u00e9letes \u00e1llapotban \u00e9s rendk\u00edv\u00fcl biztons\u00e1gban legyenek.<\/p><p>Sz\u00e1mos szolg\u00e1ltat\u00e1s lem\u00e1solhat\u00f3 hasonl\u00f3 kontextusban. A La Ricicletta jelenleg t\u00e1rgyal\u00e1sokat folytat k\u00fcl\u00f6nb\u00f6z\u0151 ferrarai \u00fczlettulajdonosokkal, hogy \u00fajrafelhaszn\u00e1lt -\/fel\u00faj\u00edtott tehersz\u00e1ll\u00edt\u00f3 bring\u00e1kkal \u00e1rusz\u00e1ll\u00edt\u00e1si szolg\u00e1ltat\u00e1st fejlesszenek ki.<\/p>\t\t\t\t\t\t\t\t<\/div>\n\t\t\t\t<\/div>\n\t\t\t\t\t<\/div>\n\t\t<\/div>\n\t\t\t\t\t<\/div>\n\t\t<\/section>\n\t\t\t\t\t<\/div>\n\t\t<\/div>\n\t\t\t\t\t<\/div>\n\t\t<\/section>\n\t\t\t\t<\/div>","protected":false},"excerpt":{"rendered":"<p>La Ricicletta: elhagyott ker\u00e9kp\u00e1rok \u00fajrahaszn\u00e1lata felhaszn\u00e1l\u00e1sra t\u00f6rt\u00e9n\u0151 felk\u00e9sz\u00edt\u00e9se (Olaszorsz\u00e1g) A La Ricicletta (LR) \u00f6sszegy\u0171jti, megjav\u00edtja \u00e9s \u00fajra felhaszn\u00e1lja az olaszorsz\u00e1gi Ferrara v\u00e1ros\u00e1ban elhagyott ker\u00e9kp\u00e1rokat vagy azok r\u00e9szeit. 2002-ben az Il Germoglio szoci\u00e1lis sz\u00f6vetkezet elind\u00edtotta az LR-t, mely egy 200 embert foglalkoztat\u00f3 t\u00e1rsadalmi v\u00e1llalkoz\u00e1s. Ferrar\u00e1ban, amelyet Olaszorsz\u00e1gban a ker\u00e9kp\u00e1roz\u00e1s f\u0151v\u00e1ros\u00e1nak tartanak, egyre t\u00f6bb elhagyott ker\u00e9kp\u00e1rt tal\u00e1ltak [&hellip;]<\/p>\n","protected":false},"author":1,"featured_media":0,"parent":0,"menu_order":0,"comment_status":"closed","ping_status":"closed","template":"","meta":{"site-sidebar-layout":"no-sidebar","site-content-layout":"page-builder","ast-site-content-layout":"default","site-content-style":"default","site-sidebar-style":"default","ast-global-header-display":"","ast-banner-title-visibility":"","ast-main-header-display":"","ast-hfb-above-header-display":"","ast-hfb-below-header-display":"","ast-hfb-mobile-header-display":"","site-post-title":"disabled","ast-breadcrumbs-content":"","ast-featured-img":"disabled","footer-sml-layout":"","ast-disable-related-posts":"","theme-transparent-header-meta":"","adv-header-id-meta":"","stick-header-meta":"","header-above-stick-meta":"","header-main-stick-meta":"","header-below-stick-meta":"","astra-migrate-meta-layouts":"default","ast-page-background-enabled":"default","ast-page-background-meta":{"desktop":{"background-color":"","background-image":"","background-repeat":"repeat","background-position":"center center","background-size":"auto","background-attachment":"scroll","background-type":"","background-media":"","overlay-type":"","overlay-color":"","overlay-opacity":"","overlay-gradient":""},"tablet":{"background-color":"","background-image":"","background-repeat":"repeat","background-position":"center center","background-size":"auto","background-attachment":"scroll","background-type":"","background-media":"","overlay-type":"","overlay-color":"","overlay-opacity":"","overlay-gradient":""},"mobile":{"background-color":"","background-image":"","background-repeat":"repeat","background-position":"center center","background-size":"auto","background-attachment":"scroll","background-type":"","background-media":"","overlay-type":"","overlay-color":"","overlay-opacity":"","overlay-gradient":""}},"ast-content-background-meta":{"desktop":{"background-color":"var(--ast-global-color-5)","background-image":"","background-repeat":"repeat","background-position":"center center","background-size":"auto","background-attachment":"scroll","background-type":"","background-media":"","overlay-type":"","overlay-color":"","overlay-opacity":"","overlay-gradient":""},"tablet":{"background-color":"var(--ast-global-color-5)","background-image":"","background-repeat":"repeat","background-position":"center center","background-size":"auto","background-attachment":"scroll","background-type":"","background-media":"","overlay-type":"","overlay-color":"","overlay-opacity":"","overlay-gradient":""},"mobile":{"background-color":"var(--ast-global-color-5)","background-image":"","background-repeat":"repeat","background-position":"center center","background-size":"auto","background-attachment":"scroll","background-type":"","background-media":"","overlay-type":"","overlay-color":"","overlay-opacity":"","overlay-gradient":""}},"footnotes":""},"class_list":["post-6550","page","type-page","status-publish","hentry"],"_links":{"self":[{"href":"https:\/\/www.kdriu.hu\/en\/wp-json\/wp\/v2\/pages\/6550","targetHints":{"allow":["GET"]}}],"collection":[{"href":"https:\/\/www.kdriu.hu\/en\/wp-json\/wp\/v2\/pages"}],"about":[{"href":"https:\/\/www.kdriu.hu\/en\/wp-json\/wp\/v2\/types\/page"}],"author":[{"embeddable":true,"href":"https:\/\/www.kdriu.hu\/en\/wp-json\/wp\/v2\/users\/1"}],"replies":[{"embeddable":true,"href":"https:\/\/www.kdriu.hu\/en\/wp-json\/wp\/v2\/comments?post=6550"}],"version-history":[{"count":25,"href":"https:\/\/www.kdriu.hu\/en\/wp-json\/wp\/v2\/pages\/6550\/revisions"}],"predecessor-version":[{"id":6919,"href":"https:\/\/www.kdriu.hu\/en\/wp-json\/wp\/v2\/pages\/6550\/revisions\/6919"}],"wp:attachment":[{"href":"https:\/\/www.kdriu.hu\/en\/wp-json\/wp\/v2\/media?parent=6550"}],"curies":[{"name":"wp","href":"https:\/\/api.w.org\/{rel}","templated":true}]}}