{"id":6589,"date":"2022-08-22T08:43:52","date_gmt":"2022-08-22T08:43:52","guid":{"rendered":"http:\/\/www.kdriu.hu\/?page_id=6589"},"modified":"2022-08-24T09:10:35","modified_gmt":"2022-08-24T09:10:35","slug":"refashion-week-hasznalt-ruhak-nepszerusitese-usa","status":"publish","type":"page","link":"https:\/\/www.kdriu.hu\/en\/refashion-week-hasznalt-ruhak-nepszerusitese-usa\/","title":{"rendered":"ReFashion Week: haszn\u00e1lt ruh\u00e1k n\u00e9pszer\u0171s\u00edt\u00e9se (USA)"},"content":{"rendered":"\t\t<div data-elementor-type=\"wp-page\" data-elementor-id=\"6589\" class=\"elementor elementor-6589\" data-elementor-post-type=\"page\">\n\t\t\t\t\t\t<section class=\"elementor-section elementor-top-section elementor-element elementor-element-529616e5 elementor-section-stretched elementor-section-height-min-height elementor-section-boxed elementor-section-height-default elementor-section-items-middle elementor-invisible\" data-id=\"529616e5\" data-element_type=\"section\" data-e-type=\"section\" data-settings=\"{&quot;background_background&quot;:&quot;classic&quot;,&quot;stretch_section&quot;:&quot;section-stretched&quot;,&quot;animation&quot;:&quot;fadeIn&quot;}\">\n\t\t\t\t\t\t\t<div class=\"elementor-background-overlay\"><\/div>\n\t\t\t\t\t\t\t<div class=\"elementor-container elementor-column-gap-no\">\n\t\t\t\t\t<div class=\"elementor-column elementor-col-100 elementor-top-column elementor-element elementor-element-62a7d922\" data-id=\"62a7d922\" data-element_type=\"column\" data-e-type=\"column\">\n\t\t\t<div class=\"elementor-widget-wrap elementor-element-populated\">\n\t\t\t\t\t\t<div class=\"elementor-element elementor-element-1aceb0ac elementor-widget elementor-widget-spacer\" data-id=\"1aceb0ac\" data-element_type=\"widget\" data-e-type=\"widget\" data-widget_type=\"spacer.default\">\n\t\t\t\t<div class=\"elementor-widget-container\">\n\t\t\t\t\t\t\t<div class=\"elementor-spacer\">\n\t\t\t<div class=\"elementor-spacer-inner\"><\/div>\n\t\t<\/div>\n\t\t\t\t\t\t<\/div>\n\t\t\t\t<\/div>\n\t\t\t\t<div class=\"elementor-element elementor-element-419079e3 elementor-widget elementor-widget-heading\" data-id=\"419079e3\" data-element_type=\"widget\" data-e-type=\"widget\" data-widget_type=\"heading.default\">\n\t\t\t\t<div class=\"elementor-widget-container\">\n\t\t\t\t\t<h2 class=\"elementor-heading-title elementor-size-default\">ReFashion Week: haszn\u00e1lt ruh\u00e1k n\u00e9pszer\u0171s\u00edt\u00e9se (USA)<\/h2>\t\t\t\t<\/div>\n\t\t\t\t<\/div>\n\t\t\t\t\t<\/div>\n\t\t<\/div>\n\t\t\t\t\t<\/div>\n\t\t<\/section>\n\t\t\t\t<section class=\"elementor-section elementor-top-section elementor-element elementor-element-145edb1a elementor-section-stretched elementor-section-boxed elementor-section-height-default elementor-section-height-default\" data-id=\"145edb1a\" data-element_type=\"section\" data-e-type=\"section\" data-settings=\"{&quot;stretch_section&quot;:&quot;section-stretched&quot;,&quot;background_background&quot;:&quot;classic&quot;}\">\n\t\t\t\t\t\t<div class=\"elementor-container elementor-column-gap-no\">\n\t\t\t\t\t<div class=\"elementor-column elementor-col-100 elementor-top-column elementor-element elementor-element-1389d259\" data-id=\"1389d259\" data-element_type=\"column\" data-e-type=\"column\">\n\t\t\t<div class=\"elementor-widget-wrap elementor-element-populated\">\n\t\t\t\t\t\t<section class=\"elementor-section elementor-inner-section elementor-element elementor-element-26aab0e9 elementor-section-boxed elementor-section-height-default elementor-section-height-default\" data-id=\"26aab0e9\" data-element_type=\"section\" data-e-type=\"section\">\n\t\t\t\t\t\t<div class=\"elementor-container elementor-column-gap-default\">\n\t\t\t\t\t<div class=\"elementor-column elementor-col-100 elementor-inner-column elementor-element elementor-element-5b51ffa3\" data-id=\"5b51ffa3\" data-element_type=\"column\" data-e-type=\"column\" data-settings=\"{&quot;background_background&quot;:&quot;classic&quot;}\">\n\t\t\t<div class=\"elementor-widget-wrap elementor-element-populated\">\n\t\t\t\t\t\t<div class=\"elementor-element elementor-element-336aa930 elementor-widget elementor-widget-text-editor\" data-id=\"336aa930\" data-element_type=\"widget\" data-e-type=\"widget\" data-widget_type=\"text-editor.default\">\n\t\t\t\t<div class=\"elementor-widget-container\">\n\t\t\t\t\t\t\t\t\t<h4>A New York-i (NYC) ReFashion Week arra h\u00edvja fel a lakoss\u00e1g figyelm\u00e9t, hogy k\u00e9pzelj\u00e9k el azt a vil\u00e1got, amelyben a divatot fenntarthat\u00f3 m\u00f3don alak\u00edtj\u00e1k, fogyasztj\u00e1k \u00e9s osztj\u00e1k meg egym\u00e1ssal.<\/h4><p>\u00c9vente \u2248 200 000 tonna textilhullad\u00e9k keletkezik New Yorkban &#8211; ami az Empire State Building teljes magass\u00e1g\u00e1nak felel meg. Azzal, hogy 200 000 tonna textil nem ker\u00fcl a hullad\u00e9klerak\u00f3kba, energi\u00e1t lehet megtakar\u00edtani \u00e9s az \u00fcvegh\u00e1zhat\u00e1s\u00fa g\u00e1zok kibocs\u00e1t\u00e1sa 461 388 tonn\u00e1val cs\u00f6kkenhet.<\/p><p>A DonateNYC \u00e9s a The Sanitation Foundation l\u00e9trehozta a ReFashion Week-et. Mindk\u00e9t szervezet a New York-i Eg\u00e9szs\u00e9g\u00fcgyi Miniszt\u00e9rium (DSNY) r\u00e9sze. A ReFashion Week c\u00e9lja, hogy azzal a kih\u00edv\u00e1ssal szembes\u00edtse a new york-i lakosokat, hogy k\u00e9pzelj\u00e9k el azt a vil\u00e1got, amelyben a divatot \u00fajrafelhaszn\u00e1l\u00e1s r\u00e9v\u00e9n alak\u00edtj\u00e1k \u00e9s fogyasztj\u00e1k. Eg\u00e9sz h\u00e9ten ruhacsere, st\u00edlusversenyek, upcycling worksho[1]pok, divatbemutat\u00f3 \u00e9s sok m\u00e1s program v\u00e1rja a r\u00e9sztvev\u0151ket. A rendezv\u00e9ny felh\u00edvja a figyelmet a divatiparban keletkez\u0151 textilhullad\u00e9k okozta k\u00f6rnyezeti probl\u00e9m\u00e1kra. Bemutatja, hogyan \u00e9rhet\u0151 el az, hogy a haszn\u00e1lt ruh\u00e1k megjelenjenek a divatbemutat\u00f3k kifut\u00f3in, mik\u00f6zben cs\u00f6kken a hullad\u00e9k mennyis\u00e9ge. Az \u00e9rintett szervezetek olyan, k\u00edm\u00e9letesen haszn\u00e1lt darabokat k\u00edn\u00e1lnak, amelyek \u00fajnak, divatosnak, p\u00e9nzt\u00e1rcabar\u00e1tnak t\u0171nnek, fenntarthat\u00f3ak \u00e9s divatosak.<\/p><p>Az \u00f6tlet megval\u00f3s\u00edt\u00e1sa \u00e9rdek\u00e9ben az alap\u00edt\u00f3 szervezetek arra k\u00e9rik a lakoss\u00e1got, hogy adom\u00e1nyozzanak haszn\u00e1lt ruh\u00e1kat \u00e9s text\u00edli\u00e1kat. A helyi lakosok ezt megtehetik, ha h\u00e1zhoz j\u00f6v\u0151 \u00e1tv\u00e9telt k\u00e9rnek, ha haszn\u00e1lj\u00e1k a v\u00e1rosszerte elhelyezett hullad\u00e9kgy\u0171jt\u0151ket, ha a DonateNYC alkalmaz\u00e1son kereszt\u00fcl keresnek haszn\u00e1ltruhaboltokat, vagy ha a new york-i textilt\u00e9rk\u00e9pen megkeresik a visszav\u00e9teli helyeket, programokat \u00e9s egy\u00e9b adom\u00e1nyoz\u00e1si pontokat.<\/p>\t\t\t\t\t\t\t\t<\/div>\n\t\t\t\t<\/div>\n\t\t\t\t<div class=\"elementor-element elementor-element-285bf429 elementor-widget elementor-widget-heading\" data-id=\"285bf429\" data-element_type=\"widget\" data-e-type=\"widget\" data-widget_type=\"heading.default\">\n\t\t\t\t<div class=\"elementor-widget-container\">\n\t\t\t\t\t<h4 class=\"elementor-heading-title elementor-size-default\">Sz\u00fcks\u00e9ges er\u0151forr\u00e1sok<\/h4>\t\t\t\t<\/div>\n\t\t\t\t<\/div>\n\t\t\t\t<div class=\"elementor-element elementor-element-61359e7 elementor-widget elementor-widget-text-editor\" data-id=\"61359e7\" data-element_type=\"widget\" data-e-type=\"widget\" data-widget_type=\"text-editor.default\">\n\t\t\t\t<div class=\"elementor-widget-container\">\n\t\t\t\t\t\t\t\t\t<p>A DSNY n\u00e9gy alkalmazottja tervezi a nyit\u00f3 \u00e9s z\u00e1r\u00f3 esem\u00e9nyeket, koordin\u00e1lja az eszk\u00f6z\u00f6ket \u00e9s n\u00e9pszer\u0171s\u00edti a rendezv\u00e9nyeket. A Sanitation Foundation (a DSNY nonprofit szervezete) 2 alkalmazottja t\u00e1mogatja a k\u00f6z- \u00e9s mag\u00e1nszf\u00e9ra k\u00f6z\u00f6tti partners\u00e9geket, a h\u00e9t szponzor\u00e1l\u00e1s\u00e1t, valamint az adom\u00e1nygy\u0171jt\u00e9st.<\/p>\t\t\t\t\t\t\t\t<\/div>\n\t\t\t\t<\/div>\n\t\t\t\t<div class=\"elementor-element elementor-element-1a425d2e elementor-widget elementor-widget-heading\" data-id=\"1a425d2e\" data-element_type=\"widget\" data-e-type=\"widget\" data-widget_type=\"heading.default\">\n\t\t\t\t<div class=\"elementor-widget-container\">\n\t\t\t\t\t<h4 class=\"elementor-heading-title elementor-size-default\">A siker mutat\u00f3i<\/h4>\t\t\t\t<\/div>\n\t\t\t\t<\/div>\n\t\t\t\t<div class=\"elementor-element elementor-element-139df702 elementor-widget elementor-widget-text-editor\" data-id=\"139df702\" data-element_type=\"widget\" data-e-type=\"widget\" data-widget_type=\"text-editor.default\">\n\t\t\t\t<div class=\"elementor-widget-container\">\n\t\t\t\t\t\t\t\t\t<p>A tavalyi rendezv\u00e9nyek nagy sikert arattak. A textilhullad\u00e9k cs\u00f6kkent\u00e9s\u00e9re ir\u00e1nyul\u00f3 lend\u00fclet a v\u00e1rosban \u00e9s az eg\u00e9sz divatiparban \u00f6szt\u00f6n\u00f6zte a kih\u00edv\u00e1sokra adott v\u00e1laszok megtal\u00e1l\u00e1s\u00e1t.<\/p><ul><li>R\u00e9szv\u00e9teli ar\u00e1ny: 20 rendezv\u00e9nyen 4000 r\u00e9sztvev\u0151.<\/li><li>Megjelen\u00e9s a sajt\u00f3ban: 13 orsz\u00e1gos \u00e9s helyi m\u00e9diumban, k\u00f6zt\u00fck a CBS, az NBC \u00e9s a Fox5 TV-csatorn\u00e1kon.<\/li><li>500 000+ k\u00f6z\u00f6ss\u00e9gi m\u00e9diamegjelen\u00e9s.<\/li><li>Megn\u00f6vekedett r\u00e9szv\u00e9tel \u00e9s adom\u00e1nyoz\u00e1s<\/li><li>Hullad\u00e9k ment\u00e9s: 2,5 tonna ruh\u00e1t cser\u00e9ltek, jav\u00edtottak vagy m\u00e1s m\u00f3don mentettek meg a hullad\u00e9kgy\u0171jt\u0151kb\u0151l.<\/li><\/ul>\t\t\t\t\t\t\t\t<\/div>\n\t\t\t\t<\/div>\n\t\t\t\t<div class=\"elementor-element elementor-element-3e49790d elementor-widget elementor-widget-heading\" data-id=\"3e49790d\" data-element_type=\"widget\" data-e-type=\"widget\" data-widget_type=\"heading.default\">\n\t\t\t\t<div class=\"elementor-widget-container\">\n\t\t\t\t\t<h4 class=\"elementor-heading-title elementor-size-default\">Felmer\u00fclt neh\u00e9zs\u00e9gek<\/h4>\t\t\t\t<\/div>\n\t\t\t\t<\/div>\n\t\t\t\t<div class=\"elementor-element elementor-element-5e952770 elementor-widget elementor-widget-text-editor\" data-id=\"5e952770\" data-element_type=\"widget\" data-e-type=\"widget\" data-widget_type=\"text-editor.default\">\n\t\t\t\t<div class=\"elementor-widget-container\">\n\t\t\t\t\t\t\t\t\t<p>A COVID sor\u00e1n kih\u00edv\u00e1st jelentett, hogy mindent online tudtunk csak int\u00e9zni. Jelenleg a ReFashion Week sz\u00e1mos online platformot m\u0171k\u00f6dtet \u00e9s arra t\u00f6rekszik, hogy a virtu\u00e1lis megtartott esem\u00e9nyek is egyediek \u00e9s leny\u0171g\u00f6z\u0151k legyenek.<\/p>\t\t\t\t\t\t\t\t<\/div>\n\t\t\t\t<\/div>\n\t\t\t\t<div class=\"elementor-element elementor-element-45ccd3f5 elementor-widget elementor-widget-heading\" data-id=\"45ccd3f5\" data-element_type=\"widget\" data-e-type=\"widget\" data-widget_type=\"heading.default\">\n\t\t\t\t<div class=\"elementor-widget-container\">\n\t\t\t\t\t<h4 class=\"elementor-heading-title elementor-size-default\">A tanul\u00e1s \u00e9s az ismeretek \u00e1tad\u00e1s\u00e1nak lehet\u0151s\u00e9ge<\/h4>\t\t\t\t<\/div>\n\t\t\t\t<\/div>\n\t\t\t\t<div class=\"elementor-element elementor-element-52a5dc5d elementor-widget elementor-widget-text-editor\" data-id=\"52a5dc5d\" data-element_type=\"widget\" data-e-type=\"widget\" data-widget_type=\"text-editor.default\">\n\t\t\t\t<div class=\"elementor-widget-container\">\n\t\t\t\t\t\t\t\t\t<p>Ezt a gyakorlatot egy \u00e1llami hat\u00f3s\u00e1g hozta l\u00e9tre, mivel a DonateNYC a New York-i Eg\u00e9szs\u00e9g\u00fcgyi Miniszt\u00e9rium programja, p\u00e9lda\u00e9rt\u00e9k\u0171 \u00e9s r\u00e9szben vagy eg\u00e9szben m\u00e1s orsz\u00e1gok k\u00f6zigazgat\u00e1si szervei \u00e1ltal is \u00e1tvehet\u0151. A ReFashion Week sikeresen \u00f6sszehozza a k\u00fcl\u00f6nb\u00f6z\u0151 szerepl\u0151ket, p\u00e9ld\u00e1ul a v\u00e1llalkoz\u00e1sokat, a lakoss\u00e1got \u00e9s a nonprofit szervezeteket, hogy a gyors divatipar \u00e1ltal termelt hullad\u00e9kkal szemben \u2013 ak\u00e1r haszn\u00e1laton kereszt\u00fcl, ak\u00e1r m\u00e1sodk\u00e9zb\u0151l \u00e9rt\u00e9kes\u00edtve \u2013 fell\u00e9pjenek. Kommunik\u00e1ci\u00f3t kezdem\u00e9nyez a k\u00fcl\u00f6nb\u00f6z\u0151 szerepl\u0151k k\u00f6z\u00f6tt annak \u00e9rdek\u00e9ben, hogy kreat\u00edv \u00e9s \u00e1tfog\u00f3 megold\u00e1sokat dolgozzanak ki a textilhullad\u00e9k cs\u00f6kkent\u00e9s\u00e9re. Az egy\u00fcttm\u0171k\u00f6d\u00e9s \u00e9s kommunik\u00e1ci\u00f3 fenntarthat\u00f3 alternat\u00edv\u00e1k l\u00e9trehoz\u00e1s\u00e1ra \u00e9s n\u00e9pszer\u0171s\u00edt\u00e9s\u00e9re \u00f6szt\u00f6nzi a szerepl\u0151ket.<\/p><p>Emellett ez a kezdem\u00e9nyez\u00e9s nagyon aktu\u00e1lis \u00e9s trendi, mivel a vil\u00e1gszerte n\u00e9pszer\u0171 divatheteket ut\u00e1nozza, amelyeket az EU nagyv\u00e1rosaiban, p\u00e9ld\u00e1ul Mil\u00e1n\u00f3ban vagy P\u00e1rizsban rendeznek. Nagyon klassz lenne, ha a divatc\u00e9gek vagy p\u00e1r nagy n\u00e9v csatlakozna a kezdem\u00e9nyez\u00e9s n\u00e9pszer\u0171s\u00edt\u00e9s\u00e9hez.<\/p>\t\t\t\t\t\t\t\t<\/div>\n\t\t\t\t<\/div>\n\t\t\t\t\t<\/div>\n\t\t<\/div>\n\t\t\t\t\t<\/div>\n\t\t<\/section>\n\t\t\t\t\t<\/div>\n\t\t<\/div>\n\t\t\t\t\t<\/div>\n\t\t<\/section>\n\t\t\t\t<\/div>\n\t\t","protected":false},"excerpt":{"rendered":"<p>ReFashion Week: haszn\u00e1lt ruh\u00e1k n\u00e9pszer\u0171s\u00edt\u00e9se (USA) A New York-i (NYC) ReFashion Week arra h\u00edvja fel a lakoss\u00e1g figyelm\u00e9t, hogy k\u00e9pzelj\u00e9k el azt a vil\u00e1got, amelyben a divatot fenntarthat\u00f3 m\u00f3don alak\u00edtj\u00e1k, fogyasztj\u00e1k \u00e9s osztj\u00e1k meg egym\u00e1ssal. \u00c9vente \u2248 200 000 tonna textilhullad\u00e9k keletkezik New Yorkban &#8211; ami az Empire State Building teljes magass\u00e1g\u00e1nak felel meg. Azzal, [&hellip;]<\/p>\n","protected":false},"author":1,"featured_media":0,"parent":0,"menu_order":0,"comment_status":"closed","ping_status":"closed","template":"","meta":{"site-sidebar-layout":"no-sidebar","site-content-layout":"page-builder","ast-site-content-layout":"default","site-content-style":"default","site-sidebar-style":"default","ast-global-header-display":"","ast-banner-title-visibility":"","ast-main-header-display":"","ast-hfb-above-header-display":"","ast-hfb-below-header-display":"","ast-hfb-mobile-header-display":"","site-post-title":"disabled","ast-breadcrumbs-content":"","ast-featured-img":"disabled","footer-sml-layout":"","ast-disable-related-posts":"","theme-transparent-header-meta":"","adv-header-id-meta":"","stick-header-meta":"","header-above-stick-meta":"","header-main-stick-meta":"","header-below-stick-meta":"","astra-migrate-meta-layouts":"default","ast-page-background-enabled":"default","ast-page-background-meta":{"desktop":{"background-color":"","background-image":"","background-repeat":"repeat","background-position":"center center","background-size":"auto","background-attachment":"scroll","background-type":"","background-media":"","overlay-type":"","overlay-color":"","overlay-opacity":"","overlay-gradient":""},"tablet":{"background-color":"","background-image":"","background-repeat":"repeat","background-position":"center center","background-size":"auto","background-attachment":"scroll","background-type":"","background-media":"","overlay-type":"","overlay-color":"","overlay-opacity":"","overlay-gradient":""},"mobile":{"background-color":"","background-image":"","background-repeat":"repeat","background-position":"center center","background-size":"auto","background-attachment":"scroll","background-type":"","background-media":"","overlay-type":"","overlay-color":"","overlay-opacity":"","overlay-gradient":""}},"ast-content-background-meta":{"desktop":{"background-color":"var(--ast-global-color-5)","background-image":"","background-repeat":"repeat","background-position":"center center","background-size":"auto","background-attachment":"scroll","background-type":"","background-media":"","overlay-type":"","overlay-color":"","overlay-opacity":"","overlay-gradient":""},"tablet":{"background-color":"var(--ast-global-color-5)","background-image":"","background-repeat":"repeat","background-position":"center center","background-size":"auto","background-attachment":"scroll","background-type":"","background-media":"","overlay-type":"","overlay-color":"","overlay-opacity":"","overlay-gradient":""},"mobile":{"background-color":"var(--ast-global-color-5)","background-image":"","background-repeat":"repeat","background-position":"center center","background-size":"auto","background-attachment":"scroll","background-type":"","background-media":"","overlay-type":"","overlay-color":"","overlay-opacity":"","overlay-gradient":""}},"footnotes":""},"class_list":["post-6589","page","type-page","status-publish","hentry"],"_links":{"self":[{"href":"https:\/\/www.kdriu.hu\/en\/wp-json\/wp\/v2\/pages\/6589","targetHints":{"allow":["GET"]}}],"collection":[{"href":"https:\/\/www.kdriu.hu\/en\/wp-json\/wp\/v2\/pages"}],"about":[{"href":"https:\/\/www.kdriu.hu\/en\/wp-json\/wp\/v2\/types\/page"}],"author":[{"embeddable":true,"href":"https:\/\/www.kdriu.hu\/en\/wp-json\/wp\/v2\/users\/1"}],"replies":[{"embeddable":true,"href":"https:\/\/www.kdriu.hu\/en\/wp-json\/wp\/v2\/comments?post=6589"}],"version-history":[{"count":7,"href":"https:\/\/www.kdriu.hu\/en\/wp-json\/wp\/v2\/pages\/6589\/revisions"}],"predecessor-version":[{"id":6922,"href":"https:\/\/www.kdriu.hu\/en\/wp-json\/wp\/v2\/pages\/6589\/revisions\/6922"}],"wp:attachment":[{"href":"https:\/\/www.kdriu.hu\/en\/wp-json\/wp\/v2\/media?parent=6589"}],"curies":[{"name":"wp","href":"https:\/\/api.w.org\/{rel}","templated":true}]}}