{"id":6604,"date":"2022-08-22T09:04:46","date_gmt":"2022-08-22T09:04:46","guid":{"rendered":"http:\/\/www.kdriu.hu\/?page_id=6604"},"modified":"2022-08-24T10:09:06","modified_gmt":"2022-08-24T10:09:06","slug":"projet-valoriste-hulladek-ertekelo-kepzesi-program-belgium","status":"publish","type":"page","link":"https:\/\/www.kdriu.hu\/en\/projet-valoriste-hulladek-ertekelo-kepzesi-program-belgium\/","title":{"rendered":"&#8222;Projet Valoriste&#8221; &#8211; Hullad\u00e9k-\u00e9rt\u00e9kel\u0151 k\u00e9pz\u00e9si program (Belgium)"},"content":{"rendered":"<div data-elementor-type=\"wp-page\" data-elementor-id=\"6604\" class=\"elementor elementor-6604\" data-elementor-post-type=\"page\">\n\t\t\t\t\t\t<section class=\"elementor-section elementor-top-section elementor-element elementor-element-c2d9368 elementor-section-stretched elementor-section-height-min-height elementor-section-boxed elementor-section-height-default elementor-section-items-middle elementor-invisible\" data-id=\"c2d9368\" data-element_type=\"section\" data-e-type=\"section\" data-settings=\"{&quot;background_background&quot;:&quot;classic&quot;,&quot;stretch_section&quot;:&quot;section-stretched&quot;,&quot;animation&quot;:&quot;fadeIn&quot;}\">\n\t\t\t\t\t\t\t<div class=\"elementor-background-overlay\"><\/div>\n\t\t\t\t\t\t\t<div class=\"elementor-container elementor-column-gap-no\">\n\t\t\t\t\t<div class=\"elementor-column elementor-col-100 elementor-top-column elementor-element elementor-element-43515245\" data-id=\"43515245\" data-element_type=\"column\" data-e-type=\"column\">\n\t\t\t<div class=\"elementor-widget-wrap elementor-element-populated\">\n\t\t\t\t\t\t<div class=\"elementor-element elementor-element-1708d028 elementor-widget elementor-widget-spacer\" data-id=\"1708d028\" data-element_type=\"widget\" data-e-type=\"widget\" data-widget_type=\"spacer.default\">\n\t\t\t\t<div class=\"elementor-widget-container\">\n\t\t\t\t\t\t\t<div class=\"elementor-spacer\">\n\t\t\t<div class=\"elementor-spacer-inner\"><\/div>\n\t\t<\/div>\n\t\t\t\t\t\t<\/div>\n\t\t\t\t<\/div>\n\t\t\t\t<div class=\"elementor-element elementor-element-1fcfd91 elementor-widget elementor-widget-heading\" data-id=\"1fcfd91\" data-element_type=\"widget\" data-e-type=\"widget\" data-widget_type=\"heading.default\">\n\t\t\t\t<div class=\"elementor-widget-container\">\n\t\t\t\t\t<h2 class=\"elementor-heading-title elementor-size-default\">\"Projet Valoriste\" - Hullad\u00e9k-\u00e9rt\u00e9kel\u0151 k\u00e9pz\u00e9si program (Belgium)<\/h2>\t\t\t\t<\/div>\n\t\t\t\t<\/div>\n\t\t\t\t\t<\/div>\n\t\t<\/div>\n\t\t\t\t\t<\/div>\n\t\t<\/section>\n\t\t\t\t<section class=\"elementor-section elementor-top-section elementor-element elementor-element-5ff620e3 elementor-section-stretched elementor-section-boxed elementor-section-height-default elementor-section-height-default\" data-id=\"5ff620e3\" data-element_type=\"section\" data-e-type=\"section\" data-settings=\"{&quot;stretch_section&quot;:&quot;section-stretched&quot;,&quot;background_background&quot;:&quot;classic&quot;}\">\n\t\t\t\t\t\t<div class=\"elementor-container elementor-column-gap-no\">\n\t\t\t\t\t<div class=\"elementor-column elementor-col-100 elementor-top-column elementor-element elementor-element-8eddfd1\" data-id=\"8eddfd1\" data-element_type=\"column\" data-e-type=\"column\">\n\t\t\t<div class=\"elementor-widget-wrap elementor-element-populated\">\n\t\t\t\t\t\t<section class=\"elementor-section elementor-inner-section elementor-element elementor-element-7ae8ffca elementor-section-boxed elementor-section-height-default elementor-section-height-default\" data-id=\"7ae8ffca\" data-element_type=\"section\" data-e-type=\"section\">\n\t\t\t\t\t\t<div class=\"elementor-container elementor-column-gap-default\">\n\t\t\t\t\t<div class=\"elementor-column elementor-col-100 elementor-inner-column elementor-element elementor-element-cc25890\" data-id=\"cc25890\" data-element_type=\"column\" data-e-type=\"column\" data-settings=\"{&quot;background_background&quot;:&quot;classic&quot;}\">\n\t\t\t<div class=\"elementor-widget-wrap elementor-element-populated\">\n\t\t\t\t\t\t<div class=\"elementor-element elementor-element-4637f659 elementor-widget elementor-widget-text-editor\" data-id=\"4637f659\" data-element_type=\"widget\" data-e-type=\"widget\" data-widget_type=\"text-editor.default\">\n\t\t\t\t<div class=\"elementor-widget-container\">\n\t\t\t\t\t\t\t\t\t<h4><strong>Belgiumban l\u00e9tezik egy hivatalosan elismert k\u00e9pz\u00e9si program, a hullad\u00e9k \u00e9rt\u00e9kel\u0151, hullad\u00e9k elemz\u0151 k\u00e9pz\u00e9s, amely a hullad\u00e9kanyagok \u00e9s az \u00fajrafelhaszn\u00e1lhat\u00f3 term\u00e9kek \u00e9rt\u00e9k\u00e9nek n\u00f6vel\u00e9s\u00e9re \u00f6sszpontos\u00edt.<\/strong><\/h4><p>A hullad\u00e9kk\u00e9pz\u0151d\u00e9s megel\u0151z\u00e9se \u00e9s az \u00fajrafelhaszn\u00e1l\u00e1s kulcsfontoss\u00e1g\u00fa a k\u00f6rforg\u00e1sos gazdas\u00e1gra val\u00f3 \u00e1tt\u00e9r\u00e9s szempontj\u00e1b\u00f3l, \u00e9s ehhez speci\u00e1lis k\u00e9szs\u00e9gekkel \u00e9s know-how-val rendelkez\u0151 munkav\u00e1llal\u00f3kra van sz\u00fcks\u00e9g. A hullad\u00e9k elemz\u0151k speci\u00e1lis k\u00e9pz\u00e9s kapnak a hullad\u00e9kok fajt\u00e1ir\u00f3l (pl. text\u00edli\u00e1k, b\u00fatorok, elektronikai hullad\u00e9kok) \u00e9s azok kezel\u00e9si m\u00f3djair\u00f3l. A k\u00e9pz\u00e9s sor\u00e1n a r\u00e9sztvev\u0151k megtanulj\u00e1k, hogy felismerj\u00e9k a hullad\u00e9kanyagok \u00e9s term\u00e9kek \u00e9rt\u00e9k\u00e9t, \u00e9s a megfelel\u0151 \u00fajrafelhaszn\u00e1l\u00e1si vagy \u00fajrahasznos\u00edt\u00e1si folyamatok fel\u00e9 ir\u00e1ny\u00edts\u00e1k azokat.<\/p><p>B\u00e1r a hullad\u00e9k \u00e9rt\u00e9kel\u0151 szakma mindig is l\u00e9tezett, a belga hat\u00f3s\u00e1gok hivatalosan nem ismert\u00e9k el \u00e9s nem becs\u00fclt\u00e9k meg. Ez\u00e9rt a RESSOURCES, a k\u00f6rforg\u00e1sos gazdas\u00e1ggal foglalkoz\u00f3 t\u00e1rsadalmi v\u00e1llalkoz\u00e1sok sz\u00f6vets\u00e9ge kidolgozta ezt a k\u00e9pz\u00e9si programot \u00e9s hat\u00e1rozottan ki\u00e1llt annak hivatalos elismer\u00e9se mellett. A k\u00e9pz\u00e9si programot most m\u00e1r a belga r\u00e9gi\u00f3k, Br\u00fcsszel \u00e9s Vall\u00f3nia is hivatalosan elismeri. A k\u00e9pz\u00e9si program gazd\u00e1ja a \u201eMission Locale de Forest&#8221; (MLF) nev\u0171 szervezet.<\/p><p>A k\u00f6rforg\u00e1sos gazdas\u00e1ggal foglalkoz\u00f3 t\u00e1rsadalmi v\u00e1llalkoz\u00e1sok az \u00fajrafelhaszn\u00e1l\u00e1s \u00e9s jav\u00edt\u00e1s ter\u00fclet\u00e9n k\u00e9pz\u00e9si \u00e9s munkalehet\u0151s\u00e9get biztos\u00edtanak a munkaer\u0151piacr\u00f3l kiszorul\u00f3 emberek sz\u00e1m\u00e1ra, mik\u00f6zben a t\u00e1rgyaknak egy m\u00e1sodik \u00e9letet adnak.<\/p>\t\t\t\t\t\t\t\t<\/div>\n\t\t\t\t<\/div>\n\t\t\t\t<div class=\"elementor-element elementor-element-26e35588 elementor-widget elementor-widget-heading\" data-id=\"26e35588\" data-element_type=\"widget\" data-e-type=\"widget\" data-widget_type=\"heading.default\">\n\t\t\t\t<div class=\"elementor-widget-container\">\n\t\t\t\t\t<h4 class=\"elementor-heading-title elementor-size-default\">Sz\u00fcks\u00e9ges er\u0151forr\u00e1sok<\/h4>\t\t\t\t<\/div>\n\t\t\t\t<\/div>\n\t\t\t\t<div class=\"elementor-element elementor-element-312c12e7 elementor-widget elementor-widget-text-editor\" data-id=\"312c12e7\" data-element_type=\"widget\" data-e-type=\"widget\" data-widget_type=\"text-editor.default\">\n\t\t\t\t<div class=\"elementor-widget-container\">\n\t\t\t\t\t\t\t\t\t<p>A Ressources m\u00e1s region\u00e1lis szerepl\u0151kkel partners\u00e9gben hozta l\u00e9tre a k\u00e9pz\u00e9si programot. 1 projekt koordin\u00e1tor k\u00f6lts\u00e9ge = 35 000 EUR. B\u00e1r a t\u00e1mogat\u00e1s m\u00e1s elemeket is fedez, a Mission Locale de Forest a k\u00e9pz\u00e9si program m\u0171k\u00f6dtet\u0151je.<\/p>\t\t\t\t\t\t\t\t<\/div>\n\t\t\t\t<\/div>\n\t\t\t\t<div class=\"elementor-element elementor-element-7fed045b elementor-widget elementor-widget-heading\" data-id=\"7fed045b\" data-element_type=\"widget\" data-e-type=\"widget\" data-widget_type=\"heading.default\">\n\t\t\t\t<div class=\"elementor-widget-container\">\n\t\t\t\t\t<h4 class=\"elementor-heading-title elementor-size-default\">A siker mutat\u00f3i<\/h4>\t\t\t\t<\/div>\n\t\t\t\t<\/div>\n\t\t\t\t<div class=\"elementor-element elementor-element-3e152b63 elementor-widget elementor-widget-text-editor\" data-id=\"3e152b63\" data-element_type=\"widget\" data-e-type=\"widget\" data-widget_type=\"text-editor.default\">\n\t\t\t\t<div class=\"elementor-widget-container\">\n\t\t\t\t\t\t\t\t\t<p align=\"justify\">A Mission Locale de Forest 2 k\u00e9pz\u00e9si programot szervezett: egyet 2018-ban \u00e9s egyet 2020-ban. Mindk\u00e9t k\u00e9pz\u00e9sen 30 r\u00e9sztvev\u0151 vett r\u00e9szt. A r\u00e9sztvev\u0151k fele sikeres vizsg\u00e1t tett \u00e9s megfelelt. A Ressources becsl\u00e9se szerint 2020-ig 250-450 tov\u00e1bbi teljes munkaid\u0151s munkahelyet teremthet az \u00fajrahasznos\u00edt\u00e1s. Egyel\u0151re t\u00fal korai lenne a k\u00e9pz\u00e9si programot sikernek vagy kudarcnak tekinteni.<\/p>\t\t\t\t\t\t\t\t<\/div>\n\t\t\t\t<\/div>\n\t\t\t\t<div class=\"elementor-element elementor-element-5b89fa4e elementor-widget elementor-widget-heading\" data-id=\"5b89fa4e\" data-element_type=\"widget\" data-e-type=\"widget\" data-widget_type=\"heading.default\">\n\t\t\t\t<div class=\"elementor-widget-container\">\n\t\t\t\t\t<h4 class=\"elementor-heading-title elementor-size-default\">A tanul\u00e1s \u00e9s az ismeretek \u00e1tad\u00e1s\u00e1nak lehet\u0151s\u00e9ge<\/h4>\t\t\t\t<\/div>\n\t\t\t\t<\/div>\n\t\t\t\t<div class=\"elementor-element elementor-element-3495583 elementor-widget elementor-widget-text-editor\" data-id=\"3495583\" data-element_type=\"widget\" data-e-type=\"widget\" data-widget_type=\"text-editor.default\">\n\t\t\t\t<div class=\"elementor-widget-container\">\n\t\t\t\t\t\t\t\t\t<ul><li>Lehet\u0151s\u00e9g az alulk\u00e9pzettek sz\u00e1m\u00e1ra, hogy tud\u00e1sukat \u00e9s k\u00e9szs\u00e9geiket hivatalosan is elismerj\u00e9k.<\/li><li>A tanfolyamokra vonatkoz\u00f3 szabv\u00e1nyokat a munka elismer\u00e9si folyamat r\u00e9szek\u00e9nt kell kidolgozni. Ezek a szabv\u00e1nyok keretet biztos\u00edtanak az \u00fajrafelhaszn\u00e1l\u00e1si k\u00f6zpontok sz\u00e1m\u00e1ra gyakorlatuk adapt\u00e1l\u00e1s\u00e1hoz.<\/li><li>Ez egy kiv\u00e1l\u00f3 lehet\u0151s\u00e9g a m\u00e1s \u00e1gazatok szervezeteivel val\u00f3 egy\u00fcttm\u0171k\u00f6d\u00e9sre.<\/li><\/ul>\t\t\t\t\t\t\t\t<\/div>\n\t\t\t\t<\/div>\n\t\t\t\t\t<\/div>\n\t\t<\/div>\n\t\t\t\t\t<\/div>\n\t\t<\/section>\n\t\t\t\t\t<\/div>\n\t\t<\/div>\n\t\t\t\t\t<\/div>\n\t\t<\/section>\n\t\t\t\t<\/div>","protected":false},"excerpt":{"rendered":"<p>&#8222;Projet Valoriste&#8221; &#8211; Hullad\u00e9k-\u00e9rt\u00e9kel\u0151 k\u00e9pz\u00e9si program (Belgium) Belgiumban l\u00e9tezik egy hivatalosan elismert k\u00e9pz\u00e9si program, a hullad\u00e9k \u00e9rt\u00e9kel\u0151, hullad\u00e9k elemz\u0151 k\u00e9pz\u00e9s, amely a hullad\u00e9kanyagok \u00e9s az \u00fajrafelhaszn\u00e1lhat\u00f3 term\u00e9kek \u00e9rt\u00e9k\u00e9nek n\u00f6vel\u00e9s\u00e9re \u00f6sszpontos\u00edt. A hullad\u00e9kk\u00e9pz\u0151d\u00e9s megel\u0151z\u00e9se \u00e9s az \u00fajrafelhaszn\u00e1l\u00e1s kulcsfontoss\u00e1g\u00fa a k\u00f6rforg\u00e1sos gazdas\u00e1gra val\u00f3 \u00e1tt\u00e9r\u00e9s szempontj\u00e1b\u00f3l, \u00e9s ehhez speci\u00e1lis k\u00e9szs\u00e9gekkel \u00e9s know-how-val rendelkez\u0151 munkav\u00e1llal\u00f3kra van sz\u00fcks\u00e9g. A hullad\u00e9k [&hellip;]<\/p>\n","protected":false},"author":1,"featured_media":0,"parent":0,"menu_order":0,"comment_status":"closed","ping_status":"closed","template":"","meta":{"site-sidebar-layout":"no-sidebar","site-content-layout":"page-builder","ast-site-content-layout":"default","site-content-style":"default","site-sidebar-style":"default","ast-global-header-display":"","ast-banner-title-visibility":"","ast-main-header-display":"","ast-hfb-above-header-display":"","ast-hfb-below-header-display":"","ast-hfb-mobile-header-display":"","site-post-title":"disabled","ast-breadcrumbs-content":"","ast-featured-img":"disabled","footer-sml-layout":"","ast-disable-related-posts":"","theme-transparent-header-meta":"","adv-header-id-meta":"","stick-header-meta":"","header-above-stick-meta":"","header-main-stick-meta":"","header-below-stick-meta":"","astra-migrate-meta-layouts":"default","ast-page-background-enabled":"default","ast-page-background-meta":{"desktop":{"background-color":"","background-image":"","background-repeat":"repeat","background-position":"center center","background-size":"auto","background-attachment":"scroll","background-type":"","background-media":"","overlay-type":"","overlay-color":"","overlay-opacity":"","overlay-gradient":""},"tablet":{"background-color":"","background-image":"","background-repeat":"repeat","background-position":"center center","background-size":"auto","background-attachment":"scroll","background-type":"","background-media":"","overlay-type":"","overlay-color":"","overlay-opacity":"","overlay-gradient":""},"mobile":{"background-color":"","background-image":"","background-repeat":"repeat","background-position":"center center","background-size":"auto","background-attachment":"scroll","background-type":"","background-media":"","overlay-type":"","overlay-color":"","overlay-opacity":"","overlay-gradient":""}},"ast-content-background-meta":{"desktop":{"background-color":"var(--ast-global-color-5)","background-image":"","background-repeat":"repeat","background-position":"center center","background-size":"auto","background-attachment":"scroll","background-type":"","background-media":"","overlay-type":"","overlay-color":"","overlay-opacity":"","overlay-gradient":""},"tablet":{"background-color":"var(--ast-global-color-5)","background-image":"","background-repeat":"repeat","background-position":"center center","background-size":"auto","background-attachment":"scroll","background-type":"","background-media":"","overlay-type":"","overlay-color":"","overlay-opacity":"","overlay-gradient":""},"mobile":{"background-color":"var(--ast-global-color-5)","background-image":"","background-repeat":"repeat","background-position":"center center","background-size":"auto","background-attachment":"scroll","background-type":"","background-media":"","overlay-type":"","overlay-color":"","overlay-opacity":"","overlay-gradient":""}},"footnotes":""},"class_list":["post-6604","page","type-page","status-publish","hentry"],"_links":{"self":[{"href":"https:\/\/www.kdriu.hu\/en\/wp-json\/wp\/v2\/pages\/6604","targetHints":{"allow":["GET"]}}],"collection":[{"href":"https:\/\/www.kdriu.hu\/en\/wp-json\/wp\/v2\/pages"}],"about":[{"href":"https:\/\/www.kdriu.hu\/en\/wp-json\/wp\/v2\/types\/page"}],"author":[{"embeddable":true,"href":"https:\/\/www.kdriu.hu\/en\/wp-json\/wp\/v2\/users\/1"}],"replies":[{"embeddable":true,"href":"https:\/\/www.kdriu.hu\/en\/wp-json\/wp\/v2\/comments?post=6604"}],"version-history":[{"count":7,"href":"https:\/\/www.kdriu.hu\/en\/wp-json\/wp\/v2\/pages\/6604\/revisions"}],"predecessor-version":[{"id":6929,"href":"https:\/\/www.kdriu.hu\/en\/wp-json\/wp\/v2\/pages\/6604\/revisions\/6929"}],"wp:attachment":[{"href":"https:\/\/www.kdriu.hu\/en\/wp-json\/wp\/v2\/media?parent=6604"}],"curies":[{"name":"wp","href":"https:\/\/api.w.org\/{rel}","templated":true}]}}