{"id":6610,"date":"2022-08-22T09:07:27","date_gmt":"2022-08-22T09:07:27","guid":{"rendered":"http:\/\/www.kdriu.hu\/?page_id=6610"},"modified":"2022-08-25T13:35:30","modified_gmt":"2022-08-25T13:35:30","slug":"zold-onkormanyzat-urhidan-magyarorszag","status":"publish","type":"page","link":"https:\/\/www.kdriu.hu\/en\/zold-onkormanyzat-urhidan-magyarorszag\/","title":{"rendered":"Z\u00f6ld \u00f6nkorm\u00e1nyzat \u00darhid\u00e1n (Magyarorsz\u00e1g)"},"content":{"rendered":"<div data-elementor-type=\"wp-page\" data-elementor-id=\"6610\" class=\"elementor elementor-6610\" data-elementor-post-type=\"page\">\n\t\t\t\t\t\t<section class=\"elementor-section elementor-top-section elementor-element elementor-element-63e17147 elementor-section-stretched elementor-section-height-min-height elementor-section-boxed elementor-section-height-default elementor-section-items-middle elementor-invisible\" data-id=\"63e17147\" data-element_type=\"section\" data-e-type=\"section\" data-settings=\"{&quot;background_background&quot;:&quot;classic&quot;,&quot;stretch_section&quot;:&quot;section-stretched&quot;,&quot;animation&quot;:&quot;fadeIn&quot;}\">\n\t\t\t\t\t\t\t<div class=\"elementor-background-overlay\"><\/div>\n\t\t\t\t\t\t\t<div class=\"elementor-container elementor-column-gap-no\">\n\t\t\t\t\t<div class=\"elementor-column elementor-col-100 elementor-top-column elementor-element elementor-element-1870c60e\" data-id=\"1870c60e\" data-element_type=\"column\" data-e-type=\"column\">\n\t\t\t<div class=\"elementor-widget-wrap elementor-element-populated\">\n\t\t\t\t\t\t<div class=\"elementor-element elementor-element-36e3165b elementor-widget elementor-widget-spacer\" data-id=\"36e3165b\" data-element_type=\"widget\" data-e-type=\"widget\" data-widget_type=\"spacer.default\">\n\t\t\t\t<div class=\"elementor-widget-container\">\n\t\t\t\t\t\t\t<div class=\"elementor-spacer\">\n\t\t\t<div class=\"elementor-spacer-inner\"><\/div>\n\t\t<\/div>\n\t\t\t\t\t\t<\/div>\n\t\t\t\t<\/div>\n\t\t\t\t<div class=\"elementor-element elementor-element-77e0e686 elementor-widget elementor-widget-heading\" data-id=\"77e0e686\" data-element_type=\"widget\" data-e-type=\"widget\" data-widget_type=\"heading.default\">\n\t\t\t\t<div class=\"elementor-widget-container\">\n\t\t\t\t\t<h2 class=\"elementor-heading-title elementor-size-default\">Z\u00f6ld \u00f6nkorm\u00e1nyzat \u00darhid\u00e1n (Magyarorsz\u00e1g)<\/h2>\t\t\t\t<\/div>\n\t\t\t\t<\/div>\n\t\t\t\t\t<\/div>\n\t\t<\/div>\n\t\t\t\t\t<\/div>\n\t\t<\/section>\n\t\t\t\t<section class=\"elementor-section elementor-top-section elementor-element elementor-element-59a43bcc elementor-section-stretched elementor-section-boxed elementor-section-height-default elementor-section-height-default\" data-id=\"59a43bcc\" data-element_type=\"section\" data-e-type=\"section\" data-settings=\"{&quot;stretch_section&quot;:&quot;section-stretched&quot;,&quot;background_background&quot;:&quot;classic&quot;}\">\n\t\t\t\t\t\t<div class=\"elementor-container elementor-column-gap-no\">\n\t\t\t\t\t<div class=\"elementor-column elementor-col-100 elementor-top-column elementor-element elementor-element-11b98fc7\" data-id=\"11b98fc7\" data-element_type=\"column\" data-e-type=\"column\">\n\t\t\t<div class=\"elementor-widget-wrap elementor-element-populated\">\n\t\t\t\t\t\t<section class=\"elementor-section elementor-inner-section elementor-element elementor-element-28c98d26 elementor-section-boxed elementor-section-height-default elementor-section-height-default\" data-id=\"28c98d26\" data-element_type=\"section\" data-e-type=\"section\">\n\t\t\t\t\t\t<div class=\"elementor-container elementor-column-gap-default\">\n\t\t\t\t\t<div class=\"elementor-column elementor-col-100 elementor-inner-column elementor-element elementor-element-826bbe8\" data-id=\"826bbe8\" data-element_type=\"column\" data-e-type=\"column\" data-settings=\"{&quot;background_background&quot;:&quot;classic&quot;}\">\n\t\t\t<div class=\"elementor-widget-wrap elementor-element-populated\">\n\t\t\t\t\t\t<div class=\"elementor-element elementor-element-4def502a elementor-widget elementor-widget-text-editor\" data-id=\"4def502a\" data-element_type=\"widget\" data-e-type=\"widget\" data-widget_type=\"text-editor.default\">\n\t\t\t\t<div class=\"elementor-widget-container\">\n\t\t\t\t\t\t\t\t\t<h4><strong>Ez a j\u00f3 gyakorlat egy kis magyarorsz\u00e1gi \u00f6nkorm\u00e1nyzat, \u00darhida z\u00f6ld kezdem\u00e9nyez\u00e9seihez kapcsol\u00f3dik.<\/strong><\/h4><p>\u00darhida egy zs\u00e1kfalu a K\u00f6z\u00e9p-Dun\u00e1nt\u00falon, Sz\u00e9kesfeh\u00e9rv\u00e1rt\u00f3l 10 km-re. A lakoss\u00e1g k\u00e9pzetts\u00e9gi szintje a bev\u00e1ndorl\u00f3k t\u00e1rsadalmi szerkezet\u00e9b\u0151l ad\u00f3d\u00f3an magasabb a magyar falvak \u00e1tlag\u00e1n\u00e1l, a lakosok nyitottabbak a helyi kezdem\u00e9nyez\u00e9sek, k\u00f6zt\u00fck a z\u00f6ld akci\u00f3k megval\u00f3s\u00edt\u00e1s\u00e1ra.<\/p><p>Az \u00f6nkorm\u00e1nyzat az elm\u00falt 3 \u00e9vben t\u00f6bb tev\u00e9kenys\u00e9get is ind\u00edtott a hullad\u00e9k \u00fajra felhaszn\u00e1l\u00e1sa \u00e9rdek\u00e9ben, ezek a k\u00f6vetkez\u0151k: 1) RE-CUP (\u00fajra felhaszn\u00e1lhat\u00f3 m\u0171anyag poh\u00e1r a falu log\u00f3j\u00e1val), amelyet a 2017-ben tartott falunapon vezettek be, az els\u0151 bevezet\u00e9s \u00f3ta tov\u00e1bbi rendezv\u00e9nyeken is haszn\u00e1lt\u00e1k; 2) Az eldobhat\u00f3 m\u0171anyag poharak helyett iskolai b\u00f6gr\u00e9ket \u00e9s poharakat haszn\u00e1lnak az egyes rendezv\u00e9nyeken; 3) Az \u00f3vod\u00e1ban t\u00e1j\u00e9koztat\u00f3 t\u00e1bl\u00e1t helyeztek el az eldobhat\u00f3 csomagol\u00f3anyagok k\u00e1ros hat\u00e1sair\u00f3l; 4) Az \u00e1ltal\u00e1nos iskola udvar\u00e1t \u00fajrahasznos\u00edtott fa raklapokb\u00f3l k\u00e9sz\u00fclt b\u00fatorok, j\u00e1tsz\u00f3t\u00e9ri eszk\u00f6z\u00f6k \u00e9s aut\u00f3gumib\u00f3l k\u00e9sz\u00fclt n\u00f6v\u00e9nycserepek d\u00edsz\u00edtik; 5) Az \u00f6nkorm\u00e1nyzat v\u00e1s\u00e1rolt egy nagy hat\u00e9konys\u00e1g\u00fa \u00e1gapr\u00edt\u00f3t, amely minden lakos sz\u00e1m\u00e1ra el\u00e9rhet\u0151, Az emberek kedvezm\u00e9nyesen b\u00e9relhetik a g\u00e9pet, megval\u00f3s\u00edtva ezzel a k\u00f6z\u00f6s haszn\u00e1latot az egy\u00e9ni g\u00e9pbeszerz\u00e9s helyett.<\/p>\t\t\t\t\t\t\t\t<\/div>\n\t\t\t\t<\/div>\n\t\t\t\t<div class=\"elementor-element elementor-element-706689b8 elementor-widget elementor-widget-heading\" data-id=\"706689b8\" data-element_type=\"widget\" data-e-type=\"widget\" data-widget_type=\"heading.default\">\n\t\t\t\t<div class=\"elementor-widget-container\">\n\t\t\t\t\t<h4 class=\"elementor-heading-title elementor-size-default\">Sz\u00fcks\u00e9ges er\u0151forr\u00e1sok<\/h4>\t\t\t\t<\/div>\n\t\t\t\t<\/div>\n\t\t\t\t<div class=\"elementor-element elementor-element-2a650100 elementor-widget elementor-widget-text-editor\" data-id=\"2a650100\" data-element_type=\"widget\" data-e-type=\"widget\" data-widget_type=\"text-editor.default\">\n\t\t\t\t<div class=\"elementor-widget-container\">\n\t\t\t\t\t\t\t\t\t<ul><li>Emberi er\u0151forr\u00e1sok: az \u00f6nkorm\u00e1nyzat, az iskol\u00e1k \u00e9s az \u00f3voda k\u00e9pvisel\u0151i, helyi lakosok \u00e9s \u00f6nk\u00e9ntesek.<\/li><li>Technikai er\u0151forr\u00e1sok: helysz\u00edn \u00e9s \u00fajra felhaszn\u00e1lhat\u00f3 anyagok.<\/li><li>P\u00e9nz\u00fcgyi er\u0151forr\u00e1sok: az anyagi \u00e9s kommunik\u00e1ci\u00f3s k\u00f6lts\u00e9geket helyi forr\u00e1sokb\u00f3l fedezt\u00e9k.<\/li><\/ul>\t\t\t\t\t\t\t\t<\/div>\n\t\t\t\t<\/div>\n\t\t\t\t<div class=\"elementor-element elementor-element-76bdcef6 elementor-widget elementor-widget-heading\" data-id=\"76bdcef6\" data-element_type=\"widget\" data-e-type=\"widget\" data-widget_type=\"heading.default\">\n\t\t\t\t<div class=\"elementor-widget-container\">\n\t\t\t\t\t<h4 class=\"elementor-heading-title elementor-size-default\">A siker mutat\u00f3i<\/h4>\t\t\t\t<\/div>\n\t\t\t\t<\/div>\n\t\t\t\t<div class=\"elementor-element elementor-element-161015a3 elementor-widget elementor-widget-text-editor\" data-id=\"161015a3\" data-element_type=\"widget\" data-e-type=\"widget\" data-widget_type=\"text-editor.default\">\n\t\t\t\t<div class=\"elementor-widget-container\">\n\t\t\t\t\t\t\t\t\t<ol><li>M\u0171anyaghullad\u00e9kcs\u00f6kkent\u00e9s;<\/li><li>Bevont \u00e9rdekeltek sz\u00e1ma (10-15 szem\u00e9ly \u00e9s szervezet \u00e9vente);<\/li><li>Bevont lakosok sz\u00e1ma (250 f\u0151 \u00e9vente);<\/li><li>K\u00f6z\u00f6ss\u00e9gfejleszt\u00e9s;<\/li><li>\u00c9letmin\u0151s\u00e9g jav\u00edt\u00e1sa.<\/li><\/ol>\t\t\t\t\t\t\t\t<\/div>\n\t\t\t\t<\/div>\n\t\t\t\t\t<\/div>\n\t\t<\/div>\n\t\t\t\t\t<\/div>\n\t\t<\/section>\n\t\t\t\t\t<\/div>\n\t\t<\/div>\n\t\t\t\t\t<\/div>\n\t\t<\/section>\n\t\t\t\t<\/div>","protected":false},"excerpt":{"rendered":"<p>Z\u00f6ld \u00f6nkorm\u00e1nyzat \u00darhid\u00e1n (Magyarorsz\u00e1g) Ez a j\u00f3 gyakorlat egy kis magyarorsz\u00e1gi \u00f6nkorm\u00e1nyzat, \u00darhida z\u00f6ld kezdem\u00e9nyez\u00e9seihez kapcsol\u00f3dik. \u00darhida egy zs\u00e1kfalu a K\u00f6z\u00e9p-Dun\u00e1nt\u00falon, Sz\u00e9kesfeh\u00e9rv\u00e1rt\u00f3l 10 km-re. A lakoss\u00e1g k\u00e9pzetts\u00e9gi szintje a bev\u00e1ndorl\u00f3k t\u00e1rsadalmi szerkezet\u00e9b\u0151l ad\u00f3d\u00f3an magasabb a magyar falvak \u00e1tlag\u00e1n\u00e1l, a lakosok nyitottabbak a helyi kezdem\u00e9nyez\u00e9sek, k\u00f6zt\u00fck a z\u00f6ld akci\u00f3k megval\u00f3s\u00edt\u00e1s\u00e1ra. Az \u00f6nkorm\u00e1nyzat az elm\u00falt 3 \u00e9vben [&hellip;]<\/p>\n","protected":false},"author":1,"featured_media":0,"parent":0,"menu_order":0,"comment_status":"closed","ping_status":"closed","template":"","meta":{"site-sidebar-layout":"no-sidebar","site-content-layout":"page-builder","ast-site-content-layout":"default","site-content-style":"default","site-sidebar-style":"default","ast-global-header-display":"","ast-banner-title-visibility":"","ast-main-header-display":"","ast-hfb-above-header-display":"","ast-hfb-below-header-display":"","ast-hfb-mobile-header-display":"","site-post-title":"disabled","ast-breadcrumbs-content":"","ast-featured-img":"disabled","footer-sml-layout":"","ast-disable-related-posts":"","theme-transparent-header-meta":"","adv-header-id-meta":"","stick-header-meta":"","header-above-stick-meta":"","header-main-stick-meta":"","header-below-stick-meta":"","astra-migrate-meta-layouts":"default","ast-page-background-enabled":"default","ast-page-background-meta":{"desktop":{"background-color":"","background-image":"","background-repeat":"repeat","background-position":"center center","background-size":"auto","background-attachment":"scroll","background-type":"","background-media":"","overlay-type":"","overlay-color":"","overlay-opacity":"","overlay-gradient":""},"tablet":{"background-color":"","background-image":"","background-repeat":"repeat","background-position":"center center","background-size":"auto","background-attachment":"scroll","background-type":"","background-media":"","overlay-type":"","overlay-color":"","overlay-opacity":"","overlay-gradient":""},"mobile":{"background-color":"","background-image":"","background-repeat":"repeat","background-position":"center center","background-size":"auto","background-attachment":"scroll","background-type":"","background-media":"","overlay-type":"","overlay-color":"","overlay-opacity":"","overlay-gradient":""}},"ast-content-background-meta":{"desktop":{"background-color":"var(--ast-global-color-5)","background-image":"","background-repeat":"repeat","background-position":"center center","background-size":"auto","background-attachment":"scroll","background-type":"","background-media":"","overlay-type":"","overlay-color":"","overlay-opacity":"","overlay-gradient":""},"tablet":{"background-color":"var(--ast-global-color-5)","background-image":"","background-repeat":"repeat","background-position":"center center","background-size":"auto","background-attachment":"scroll","background-type":"","background-media":"","overlay-type":"","overlay-color":"","overlay-opacity":"","overlay-gradient":""},"mobile":{"background-color":"var(--ast-global-color-5)","background-image":"","background-repeat":"repeat","background-position":"center center","background-size":"auto","background-attachment":"scroll","background-type":"","background-media":"","overlay-type":"","overlay-color":"","overlay-opacity":"","overlay-gradient":""}},"footnotes":""},"class_list":["post-6610","page","type-page","status-publish","hentry"],"_links":{"self":[{"href":"https:\/\/www.kdriu.hu\/en\/wp-json\/wp\/v2\/pages\/6610","targetHints":{"allow":["GET"]}}],"collection":[{"href":"https:\/\/www.kdriu.hu\/en\/wp-json\/wp\/v2\/pages"}],"about":[{"href":"https:\/\/www.kdriu.hu\/en\/wp-json\/wp\/v2\/types\/page"}],"author":[{"embeddable":true,"href":"https:\/\/www.kdriu.hu\/en\/wp-json\/wp\/v2\/users\/1"}],"replies":[{"embeddable":true,"href":"https:\/\/www.kdriu.hu\/en\/wp-json\/wp\/v2\/comments?post=6610"}],"version-history":[{"count":10,"href":"https:\/\/www.kdriu.hu\/en\/wp-json\/wp\/v2\/pages\/6610\/revisions"}],"predecessor-version":[{"id":6981,"href":"https:\/\/www.kdriu.hu\/en\/wp-json\/wp\/v2\/pages\/6610\/revisions\/6981"}],"wp:attachment":[{"href":"https:\/\/www.kdriu.hu\/en\/wp-json\/wp\/v2\/media?parent=6610"}],"curies":[{"name":"wp","href":"https:\/\/api.w.org\/{rel}","templated":true}]}}