{"id":6628,"date":"2022-08-22T09:13:50","date_gmt":"2022-08-22T09:13:50","guid":{"rendered":"http:\/\/www.kdriu.hu\/?page_id=6628"},"modified":"2022-08-25T13:51:27","modified_gmt":"2022-08-25T13:51:27","slug":"serra-de-conti-onkormanyzatanak-ujrahasznalati-kozpontja-olaszorszag","status":"publish","type":"page","link":"https:\/\/www.kdriu.hu\/en\/serra-de-conti-onkormanyzatanak-ujrahasznalati-kozpontja-olaszorszag\/","title":{"rendered":"Serra de Conti \u00f6nkorm\u00e1nyzat\u00e1nak \u00fajrahaszn\u00e1lati k\u00f6zpontja (Olaszorsz\u00e1g)"},"content":{"rendered":"<div data-elementor-type=\"wp-page\" data-elementor-id=\"6628\" class=\"elementor elementor-6628\" data-elementor-post-type=\"page\">\n\t\t\t\t\t\t<section class=\"elementor-section elementor-top-section elementor-element elementor-element-3e297a2e elementor-section-stretched elementor-section-height-min-height elementor-section-boxed elementor-section-height-default elementor-section-items-middle elementor-invisible\" data-id=\"3e297a2e\" data-element_type=\"section\" data-e-type=\"section\" data-settings=\"{&quot;background_background&quot;:&quot;classic&quot;,&quot;stretch_section&quot;:&quot;section-stretched&quot;,&quot;animation&quot;:&quot;fadeIn&quot;}\">\n\t\t\t\t\t\t\t<div class=\"elementor-background-overlay\"><\/div>\n\t\t\t\t\t\t\t<div class=\"elementor-container elementor-column-gap-no\">\n\t\t\t\t\t<div class=\"elementor-column elementor-col-100 elementor-top-column elementor-element elementor-element-10371ee3\" data-id=\"10371ee3\" data-element_type=\"column\" data-e-type=\"column\">\n\t\t\t<div class=\"elementor-widget-wrap elementor-element-populated\">\n\t\t\t\t\t\t<div class=\"elementor-element elementor-element-60f6cea9 elementor-widget elementor-widget-spacer\" data-id=\"60f6cea9\" data-element_type=\"widget\" data-e-type=\"widget\" data-widget_type=\"spacer.default\">\n\t\t\t\t<div class=\"elementor-widget-container\">\n\t\t\t\t\t\t\t<div class=\"elementor-spacer\">\n\t\t\t<div class=\"elementor-spacer-inner\"><\/div>\n\t\t<\/div>\n\t\t\t\t\t\t<\/div>\n\t\t\t\t<\/div>\n\t\t\t\t<div class=\"elementor-element elementor-element-6e18c84a elementor-widget elementor-widget-heading\" data-id=\"6e18c84a\" data-element_type=\"widget\" data-e-type=\"widget\" data-widget_type=\"heading.default\">\n\t\t\t\t<div class=\"elementor-widget-container\">\n\t\t\t\t\t<h2 class=\"elementor-heading-title elementor-size-default\">Serra de Conti \u00f6nkorm\u00e1nyzat\u00e1nak \u00fajrahaszn\u00e1lati k\u00f6zpontja (Olaszorsz\u00e1g)<\/h2>\t\t\t\t<\/div>\n\t\t\t\t<\/div>\n\t\t\t\t\t<\/div>\n\t\t<\/div>\n\t\t\t\t\t<\/div>\n\t\t<\/section>\n\t\t\t\t<section class=\"elementor-section elementor-top-section elementor-element elementor-element-34c411f1 elementor-section-stretched elementor-section-boxed elementor-section-height-default elementor-section-height-default\" data-id=\"34c411f1\" data-element_type=\"section\" data-e-type=\"section\" data-settings=\"{&quot;stretch_section&quot;:&quot;section-stretched&quot;,&quot;background_background&quot;:&quot;classic&quot;}\">\n\t\t\t\t\t\t<div class=\"elementor-container elementor-column-gap-no\">\n\t\t\t\t\t<div class=\"elementor-column elementor-col-100 elementor-top-column elementor-element elementor-element-58dde637\" data-id=\"58dde637\" data-element_type=\"column\" data-e-type=\"column\">\n\t\t\t<div class=\"elementor-widget-wrap elementor-element-populated\">\n\t\t\t\t\t\t<section class=\"elementor-section elementor-inner-section elementor-element elementor-element-5ef3c8c7 elementor-section-boxed elementor-section-height-default elementor-section-height-default\" data-id=\"5ef3c8c7\" data-element_type=\"section\" data-e-type=\"section\">\n\t\t\t\t\t\t<div class=\"elementor-container elementor-column-gap-default\">\n\t\t\t\t\t<div class=\"elementor-column elementor-col-100 elementor-inner-column elementor-element elementor-element-79495d91\" data-id=\"79495d91\" data-element_type=\"column\" data-e-type=\"column\" data-settings=\"{&quot;background_background&quot;:&quot;classic&quot;}\">\n\t\t\t<div class=\"elementor-widget-wrap elementor-element-populated\">\n\t\t\t\t\t\t<div class=\"elementor-element elementor-element-79944105 elementor-widget elementor-widget-text-editor\" data-id=\"79944105\" data-element_type=\"widget\" data-e-type=\"widget\" data-widget_type=\"text-editor.default\">\n\t\t\t\t<div class=\"elementor-widget-container\">\n\t\t\t\t\t\t\t\t\t<h4>Az \u00fajrahaszn\u00e1lati k\u00f6zpont egy olyan hely, ahov\u00e1 minden polg\u00e1r elmehet, \u00e9s ahol \u00fajra felhaszn\u00e1lhat\u00f3 t\u00e1rgyakat adhat le, vagy gy\u0171jthet \u00f6ssze. A k\u00f6zpont Serra de&#8217; Conti mellett tal\u00e1lhat\u00f3.<\/h4><p>A tev\u00e9kenys\u00e9g\u00e9ben n\u00e9gy \u00f6nkorm\u00e1nyzat vesz r\u00e9szt: Serra de&#8217; Conti, Arcevia, Barbara \u00e9s Montecarotto. A L&#8217;Alligatore nev\u0171 k\u00f6zpont az \u00d6nkorm\u00e1nyzat ir\u00e1ny\u00edt\u00e1sa alatt m\u0171k\u00f6dik, n\u00e9h\u00e1ny \u00f6nk\u00e9ntes (pl. nyugd\u00edjas) seg\u00edts\u00e9g\u00e9vel. A t\u00e1rgyak t\u00f6bbs\u00e9g\u00e9t v\u00e9g\u00fcl \u00fajra felhaszn\u00e1lj\u00e1k. Ezek az \u00fajra felhaszn\u00e1lt t\u00e1rgyak az \u00f6sszes keletkez\u0151 hullad\u00e9k t\u00f6bb mint 2%-\u00e1t teszik ki, \u00e9s ez a tendencia folyamatosan n\u00f6vekszik.<\/p><p>Az \u00fajrahaszn\u00e1lati k\u00f6zpont nem k\u00e9r p\u00e9nzt a visszavett t\u00e1rgyak\u00e9rt. Mivel a k\u00f6zpont a helyben t\u00f6rt\u00e9n\u0151 cser\u00e9t szolg\u00e1lja, nem ig\u00e9nyel k\u00fcl\u00f6n adminisztr\u00e1ci\u00f3t. Kiz\u00e1r\u00f3lag statisztikai c\u00e9lb\u00f3l dokument\u00e1lnak tipol\u00f3giai megk\u00fcl\u00f6nb\u00f6ztet\u00e9s n\u00e9lk\u00fcl. A k\u00f6zpont ir\u00e1ny\u00edt\u00e1sa sor\u00e1n nem mer\u00fcltek fel jelent\u0151sebb probl\u00e9m\u00e1k. A k\u00f6zpont c\u00e9lja a hullad\u00e9ktermel\u00e9s cs\u00f6kkent\u00e9se. A f\u0151 \u00e9rdekeltek pedig a telep\u00fcl\u00e9sek polg\u00e1rai. Mivel az \u00fajrahaszn\u00e1lati k\u00f6zpontnak nincs k\u00fcl\u00f6n szem\u00e9lyzete, a gy\u0171jt\u0151k\u00f6zpont szem\u00e9lyzet\u00e9t veszi ig\u00e9nybe, ami m\u0171szakonk\u00e9nt t\u00f6bb mint egy embert jelent. A teljes k\u00f6rnyezetv\u00e9delmi k\u00f6zpont ellen\u0151rz\u00e9s\u00e9\u00e9rt felel\u0151s szem\u00e9lyzetet az \u00d6nkorm\u00e1nyzat szerz\u0151dteti. Ezenk\u00edv\u00fcl alkalmaznak m\u00e9g \u00f6nk\u00e9nteseket is.<\/p><p>Fontos, hogy az \u00f6nk\u00e9ntesek szervezeti h\u00e1ttere biztos\u00edtott legyen, \u00edgy garant\u00e1lt a koordin\u00e1ci\u00f3juk \u00e9s a t\u00e1rsadalombiztos\u00edt\u00e1si ell\u00e1t\u00e1suk.<\/p>\t\t\t\t\t\t\t\t<\/div>\n\t\t\t\t<\/div>\n\t\t\t\t<div class=\"elementor-element elementor-element-2b2be9a1 elementor-widget elementor-widget-heading\" data-id=\"2b2be9a1\" data-element_type=\"widget\" data-e-type=\"widget\" data-widget_type=\"heading.default\">\n\t\t\t\t<div class=\"elementor-widget-container\">\n\t\t\t\t\t<h4 class=\"elementor-heading-title elementor-size-default\">Sz\u00fcks\u00e9ges er\u0151forr\u00e1sok<\/h4>\t\t\t\t<\/div>\n\t\t\t\t<\/div>\n\t\t\t\t<div class=\"elementor-element elementor-element-49a6ce00 elementor-widget elementor-widget-text-editor\" data-id=\"49a6ce00\" data-element_type=\"widget\" data-e-type=\"widget\" data-widget_type=\"text-editor.default\">\n\t\t\t\t<div class=\"elementor-widget-container\">\n\t\t\t\t\t\t\t\t\t<p align=\"justify\">A szelekt\u00edven gy\u0171jt\u00f6tt hullad\u00e9kfajt\u00e1k k\u00f6zpontj\u00e1nak l\u00e9trehoz\u00e1s\u00e1ra, bele\u00e9rtve az \u00fajrahaszn\u00e1lati k\u00f6zpontot is, 500.000 \u20ac-t k\u00f6lt\u00f6ttek, ebb\u0151l 80.000 \u20ac-t a t\u00e9gla\u00e9p\u00fclet felh\u00faz\u00e1s\u00e1ra, amely az irod\u00e1knak is otthont ad. Nem lehet k\u00fcl\u00f6n sz\u00e1mszer\u0171s\u00edteni a k\u00f6zpont ir\u00e1ny\u00edt\u00e1si k\u00f6lts\u00e9geit. A szem\u00e9lyzet folyamatos jelenl\u00e9te n\u00e9lk\u00fcl\u00f6zhetetlen.<\/p>\t\t\t\t\t\t\t\t<\/div>\n\t\t\t\t<\/div>\n\t\t\t\t<div class=\"elementor-element elementor-element-7a447510 elementor-widget elementor-widget-heading\" data-id=\"7a447510\" data-element_type=\"widget\" data-e-type=\"widget\" data-widget_type=\"heading.default\">\n\t\t\t\t<div class=\"elementor-widget-container\">\n\t\t\t\t\t<h4 class=\"elementor-heading-title elementor-size-default\">A siker mutat\u00f3i<\/h4>\t\t\t\t<\/div>\n\t\t\t\t<\/div>\n\t\t\t\t<div class=\"elementor-element elementor-element-5d49f4c3 elementor-widget elementor-widget-text-editor\" data-id=\"5d49f4c3\" data-element_type=\"widget\" data-e-type=\"widget\" data-widget_type=\"text-editor.default\">\n\t\t\t\t<div class=\"elementor-widget-container\">\n\t\t\t\t\t\t\t\t\t<ul><li>A hullad\u00e9k mennyis\u00e9g\u00e9nek jelent\u0151s cs\u00f6kken\u00e9s\u00e9t tapasztalt\u00e1k.<\/li><li>\u00c9vente mintegy 7 000 EUR-t takar\u00edtanak meg, figyelembe v\u00e9ve az \u00e1rtalmatlan\u00edt\u00e1s (begy\u0171jt\u00e9s \u00e9s \u00e1rtalmatlan\u00edt\u00e1s) \u00e1tlagosan 180 EUR\/tonna k\u00f6lts\u00e9g\u00e9t.<\/li><li>K\u00f6r\u00fclbel\u00fcl 12 000 lakost vontak be ebbe az akci\u00f3ba.<\/li><\/ul>\t\t\t\t\t\t\t\t<\/div>\n\t\t\t\t<\/div>\n\t\t\t\t<div class=\"elementor-element elementor-element-1dfa8c20 elementor-widget elementor-widget-heading\" data-id=\"1dfa8c20\" data-element_type=\"widget\" data-e-type=\"widget\" data-widget_type=\"heading.default\">\n\t\t\t\t<div class=\"elementor-widget-container\">\n\t\t\t\t\t<h4 class=\"elementor-heading-title elementor-size-default\">A tanul\u00e1s \u00e9s az ismeretek \u00e1tad\u00e1s\u00e1nak lehet\u0151s\u00e9ge<\/h4>\t\t\t\t<\/div>\n\t\t\t\t<\/div>\n\t\t\t\t<div class=\"elementor-element elementor-element-624bcbe5 elementor-widget elementor-widget-text-editor\" data-id=\"624bcbe5\" data-element_type=\"widget\" data-e-type=\"widget\" data-widget_type=\"text-editor.default\">\n\t\t\t\t<div class=\"elementor-widget-container\">\n\t\t\t\t\t\t\t\t\t<p>Ez a j\u00f3 gyakorlat k\u00fcl\u00f6n\u00f6sen fontos azon k\u00f6zigazgat\u00e1si szervek sz\u00e1m\u00e1ra, amelyek cs\u00f6kkenteni k\u00edv\u00e1nj\u00e1k a hullad\u00e9k mennyis\u00e9g\u00e9t, ugyanakkor az emberek etikai \u00e9s szoci\u00e1lis \u00e9rz\u00fclet\u00e9re is hatni k\u00edv\u00e1nnak. Fontos elem term\u00e9szetesen a k\u00f6zpont ingyenes ig\u00e9nybev\u00e9tele, amely nem k\u00f6veteli meg, hogy fizessenek szolg\u00e1ltat\u00e1sai\u00e9rt. A j\u00f3 gyakorlat \u00e1tad\u00e1s\u00e1nak lehet\u0151s\u00e9ge r\u00e9gi\u00f3nk k\u00fcl\u00f6nb\u00f6z\u0151 ter\u00fcletein annak is k\u00f6sz\u00f6nhet\u0151, hogy az \u00fajrahaszn\u00e1lati k\u00f6zpontok ir\u00e1ny\u00edt\u00e1s\u00e1ra vonatkoz\u00f3an ir\u00e1nymutat\u00e1st adtak ki.<\/p>\t\t\t\t\t\t\t\t<\/div>\n\t\t\t\t<\/div>\n\t\t\t\t\t<\/div>\n\t\t<\/div>\n\t\t\t\t\t<\/div>\n\t\t<\/section>\n\t\t\t\t\t<\/div>\n\t\t<\/div>\n\t\t\t\t\t<\/div>\n\t\t<\/section>\n\t\t\t\t<\/div>","protected":false},"excerpt":{"rendered":"<p>Serra de Conti \u00f6nkorm\u00e1nyzat\u00e1nak \u00fajrahaszn\u00e1lati k\u00f6zpontja (Olaszorsz\u00e1g) Az \u00fajrahaszn\u00e1lati k\u00f6zpont egy olyan hely, ahov\u00e1 minden polg\u00e1r elmehet, \u00e9s ahol \u00fajra felhaszn\u00e1lhat\u00f3 t\u00e1rgyakat adhat le, vagy gy\u0171jthet \u00f6ssze. A k\u00f6zpont Serra de&#8217; Conti mellett tal\u00e1lhat\u00f3. A tev\u00e9kenys\u00e9g\u00e9ben n\u00e9gy \u00f6nkorm\u00e1nyzat vesz r\u00e9szt: Serra de&#8217; Conti, Arcevia, Barbara \u00e9s Montecarotto. A L&#8217;Alligatore nev\u0171 k\u00f6zpont az \u00d6nkorm\u00e1nyzat ir\u00e1ny\u00edt\u00e1sa alatt [&hellip;]<\/p>\n","protected":false},"author":1,"featured_media":0,"parent":0,"menu_order":0,"comment_status":"closed","ping_status":"closed","template":"","meta":{"site-sidebar-layout":"no-sidebar","site-content-layout":"page-builder","ast-site-content-layout":"default","site-content-style":"default","site-sidebar-style":"default","ast-global-header-display":"","ast-banner-title-visibility":"","ast-main-header-display":"","ast-hfb-above-header-display":"","ast-hfb-below-header-display":"","ast-hfb-mobile-header-display":"","site-post-title":"disabled","ast-breadcrumbs-content":"","ast-featured-img":"disabled","footer-sml-layout":"","ast-disable-related-posts":"","theme-transparent-header-meta":"","adv-header-id-meta":"","stick-header-meta":"","header-above-stick-meta":"","header-main-stick-meta":"","header-below-stick-meta":"","astra-migrate-meta-layouts":"default","ast-page-background-enabled":"default","ast-page-background-meta":{"desktop":{"background-color":"","background-image":"","background-repeat":"repeat","background-position":"center center","background-size":"auto","background-attachment":"scroll","background-type":"","background-media":"","overlay-type":"","overlay-color":"","overlay-opacity":"","overlay-gradient":""},"tablet":{"background-color":"","background-image":"","background-repeat":"repeat","background-position":"center center","background-size":"auto","background-attachment":"scroll","background-type":"","background-media":"","overlay-type":"","overlay-color":"","overlay-opacity":"","overlay-gradient":""},"mobile":{"background-color":"","background-image":"","background-repeat":"repeat","background-position":"center center","background-size":"auto","background-attachment":"scroll","background-type":"","background-media":"","overlay-type":"","overlay-color":"","overlay-opacity":"","overlay-gradient":""}},"ast-content-background-meta":{"desktop":{"background-color":"var(--ast-global-color-5)","background-image":"","background-repeat":"repeat","background-position":"center center","background-size":"auto","background-attachment":"scroll","background-type":"","background-media":"","overlay-type":"","overlay-color":"","overlay-opacity":"","overlay-gradient":""},"tablet":{"background-color":"var(--ast-global-color-5)","background-image":"","background-repeat":"repeat","background-position":"center center","background-size":"auto","background-attachment":"scroll","background-type":"","background-media":"","overlay-type":"","overlay-color":"","overlay-opacity":"","overlay-gradient":""},"mobile":{"background-color":"var(--ast-global-color-5)","background-image":"","background-repeat":"repeat","background-position":"center center","background-size":"auto","background-attachment":"scroll","background-type":"","background-media":"","overlay-type":"","overlay-color":"","overlay-opacity":"","overlay-gradient":""}},"footnotes":""},"class_list":["post-6628","page","type-page","status-publish","hentry"],"_links":{"self":[{"href":"https:\/\/www.kdriu.hu\/en\/wp-json\/wp\/v2\/pages\/6628","targetHints":{"allow":["GET"]}}],"collection":[{"href":"https:\/\/www.kdriu.hu\/en\/wp-json\/wp\/v2\/pages"}],"about":[{"href":"https:\/\/www.kdriu.hu\/en\/wp-json\/wp\/v2\/types\/page"}],"author":[{"embeddable":true,"href":"https:\/\/www.kdriu.hu\/en\/wp-json\/wp\/v2\/users\/1"}],"replies":[{"embeddable":true,"href":"https:\/\/www.kdriu.hu\/en\/wp-json\/wp\/v2\/comments?post=6628"}],"version-history":[{"count":10,"href":"https:\/\/www.kdriu.hu\/en\/wp-json\/wp\/v2\/pages\/6628\/revisions"}],"predecessor-version":[{"id":6987,"href":"https:\/\/www.kdriu.hu\/en\/wp-json\/wp\/v2\/pages\/6628\/revisions\/6987"}],"wp:attachment":[{"href":"https:\/\/www.kdriu.hu\/en\/wp-json\/wp\/v2\/media?parent=6628"}],"curies":[{"name":"wp","href":"https:\/\/api.w.org\/{rel}","templated":true}]}}