{"id":6650,"date":"2022-08-22T09:19:44","date_gmt":"2022-08-22T09:19:44","guid":{"rendered":"http:\/\/www.kdriu.hu\/?page_id=6650"},"modified":"2022-09-02T07:52:54","modified_gmt":"2022-09-02T07:52:54","slug":"reuse-uj-honlap-az-ujrahasznalat-nepszerusitesere-es-a-hulladekkibocsatas-megelozesere-dania","status":"publish","type":"page","link":"https:\/\/www.kdriu.hu\/en\/reuse-uj-honlap-az-ujrahasznalat-nepszerusitesere-es-a-hulladekkibocsatas-megelozesere-dania\/","title":{"rendered":"REUSE: \u00faj honlap az \u00fajrahaszn\u00e1lat n\u00e9pszer\u0171s\u00edt\u00e9s\u00e9re \u00e9s a hullad\u00e9kkibocs\u00e1t\u00e1s megel\u0151z\u00e9s\u00e9re (D\u00e1nia)"},"content":{"rendered":"<div data-elementor-type=\"wp-page\" data-elementor-id=\"6650\" class=\"elementor elementor-6650\" data-elementor-post-type=\"page\">\n\t\t\t\t\t\t<section class=\"elementor-section elementor-top-section elementor-element elementor-element-465fdaad elementor-section-stretched elementor-section-height-min-height elementor-section-boxed elementor-section-height-default elementor-section-items-middle elementor-invisible\" data-id=\"465fdaad\" data-element_type=\"section\" data-e-type=\"section\" data-settings=\"{&quot;background_background&quot;:&quot;classic&quot;,&quot;stretch_section&quot;:&quot;section-stretched&quot;,&quot;animation&quot;:&quot;fadeIn&quot;}\">\n\t\t\t\t\t\t\t<div class=\"elementor-background-overlay\"><\/div>\n\t\t\t\t\t\t\t<div class=\"elementor-container elementor-column-gap-no\">\n\t\t\t\t\t<div class=\"elementor-column elementor-col-100 elementor-top-column elementor-element elementor-element-47a6eb1\" data-id=\"47a6eb1\" data-element_type=\"column\" data-e-type=\"column\">\n\t\t\t<div class=\"elementor-widget-wrap elementor-element-populated\">\n\t\t\t\t\t\t<div class=\"elementor-element elementor-element-271d33c4 elementor-widget elementor-widget-spacer\" data-id=\"271d33c4\" data-element_type=\"widget\" data-e-type=\"widget\" data-widget_type=\"spacer.default\">\n\t\t\t\t<div class=\"elementor-widget-container\">\n\t\t\t\t\t\t\t<div class=\"elementor-spacer\">\n\t\t\t<div class=\"elementor-spacer-inner\"><\/div>\n\t\t<\/div>\n\t\t\t\t\t\t<\/div>\n\t\t\t\t<\/div>\n\t\t\t\t<div class=\"elementor-element elementor-element-5778fae2 elementor-widget elementor-widget-heading\" data-id=\"5778fae2\" data-element_type=\"widget\" data-e-type=\"widget\" data-widget_type=\"heading.default\">\n\t\t\t\t<div class=\"elementor-widget-container\">\n\t\t\t\t\t<h2 class=\"elementor-heading-title elementor-size-default\">REUSE: \u00faj honlap az \u00fajrahaszn\u00e1lat n\u00e9pszer\u0171s\u00edt\u00e9s\u00e9re \u00e9s a hullad\u00e9kkibocs\u00e1t\u00e1s megel\u0151z\u00e9s\u00e9re (D\u00e1nia)<\/h2>\t\t\t\t<\/div>\n\t\t\t\t<\/div>\n\t\t\t\t\t<\/div>\n\t\t<\/div>\n\t\t\t\t\t<\/div>\n\t\t<\/section>\n\t\t\t\t<section class=\"elementor-section elementor-top-section elementor-element elementor-element-39e3d97 elementor-section-stretched elementor-section-boxed elementor-section-height-default elementor-section-height-default\" data-id=\"39e3d97\" data-element_type=\"section\" data-e-type=\"section\" data-settings=\"{&quot;stretch_section&quot;:&quot;section-stretched&quot;,&quot;background_background&quot;:&quot;classic&quot;}\">\n\t\t\t\t\t\t<div class=\"elementor-container elementor-column-gap-no\">\n\t\t\t\t\t<div class=\"elementor-column elementor-col-100 elementor-top-column elementor-element elementor-element-c214195\" data-id=\"c214195\" data-element_type=\"column\" data-e-type=\"column\">\n\t\t\t<div class=\"elementor-widget-wrap elementor-element-populated\">\n\t\t\t\t\t\t<section class=\"elementor-section elementor-inner-section elementor-element elementor-element-6e74eaa4 elementor-section-boxed elementor-section-height-default elementor-section-height-default\" data-id=\"6e74eaa4\" data-element_type=\"section\" data-e-type=\"section\">\n\t\t\t\t\t\t<div class=\"elementor-container elementor-column-gap-default\">\n\t\t\t\t\t<div class=\"elementor-column elementor-col-100 elementor-inner-column elementor-element elementor-element-7b8cb98c\" data-id=\"7b8cb98c\" data-element_type=\"column\" data-e-type=\"column\" data-settings=\"{&quot;background_background&quot;:&quot;classic&quot;}\">\n\t\t\t<div class=\"elementor-widget-wrap elementor-element-populated\">\n\t\t\t\t\t\t<div class=\"elementor-element elementor-element-4337c75e elementor-widget elementor-widget-text-editor\" data-id=\"4337c75e\" data-element_type=\"widget\" data-e-type=\"widget\" data-widget_type=\"text-editor.default\">\n\t\t\t\t<div class=\"elementor-widget-container\">\n\t\t\t\t\t\t\t\t\t<h4>A REUSE Aarhusban egy \u00faj, \u00e1tgondolt \u00fajrahasznos\u00edt\u00e1si telephely. Itt a helyi lakosok ingyenesen gy\u0171jthetnek \u00e9s adhatnak \u00e1t t\u00e1rgyakat a k\u00f6rforg\u00e1sos gazdas\u00e1g p\u00e9ld\u00e1jak\u00e9nt.<\/h4><p>A REUSE-n\u00e1l a dolgok \u00faj \u00e9letet kapnak, \u00e9s \u00edgy elker\u00fclhet\u0151, hogy szem\u00e9t legyen bel\u0151l\u00fck. A lakoss\u00e1g \u00e1ltal leadott \u00fajrahasznos\u00edthat\u00f3 t\u00e1rgyakat speci\u00e1lisan erre a c\u00e9lra kialak\u00edtott kont\u00e9nerekben helyezik el, \u00e9s k\u00fcl\u00f6nb\u00f6z\u0151 kateg\u00f3ri\u00e1kba sorolj\u00e1k, pl. \u201enappali&#8221; vagy &#8222;h\u00e1l\u00f3szoba&#8221;. Gondoskodtunk arr\u00f3l, hogy a ter\u00fcletet lefedj\u00fck, \u00edgy a helyi lakosok \u00fagy s\u00e9t\u00e1lhatnak a kont\u00e9nerek k\u00f6z\u00f6tt, hogy az es\u0151t\u0151l v\u00e9dve vannak. A helyiek k\u00f6lcs\u00f6nk\u00e9rhetnek egy teherbring\u00e1t, hogy a nagyobb \u00e1rukat haza tudj\u00e1k sz\u00e1ll\u00edtani. A REUSE a legt\u00f6bb napon nyitva van, bele\u00e9rtve a h\u00e9tv\u00e9g\u00e9ket \u00e9s az \u00fcnnepnapokat is. A REUSE kb. k\u00e9t tonna \u00fajrahasznos\u00edthat\u00f3 anyagot kap a t\u00f6bbi hat aarhusi \u00fajrahasznos\u00edt\u00f3 \u00e1llom\u00e1st\u00f3l, amelyek mindegyike REUSE kont\u00e9nereket \u00e1ll\u00edtott fel, ahol a helyi lakosok leadhatj\u00e1k haszn\u00e1lt t\u00e1rgyaikat.<\/p><p>A be\u00e9rkez\u0151 \u00fajrahasznos\u00edthat\u00f3 anyagok kb. 90%-\u00e1t a REUSE k\u00f6zpontban helyezik el. Ennek 90%-a elhagyja REUSE-t a napi 300 l\u00e1togat\u00f3nk valamelyik\u00e9vel.<\/p>\t\t\t\t\t\t\t\t<\/div>\n\t\t\t\t<\/div>\n\t\t\t\t<div class=\"elementor-element elementor-element-2ae01e84 elementor-widget elementor-widget-heading\" data-id=\"2ae01e84\" data-element_type=\"widget\" data-e-type=\"widget\" data-widget_type=\"heading.default\">\n\t\t\t\t<div class=\"elementor-widget-container\">\n\t\t\t\t\t<h4 class=\"elementor-heading-title elementor-size-default\">Sz\u00fcks\u00e9ges er\u0151forr\u00e1sok<\/h4>\t\t\t\t<\/div>\n\t\t\t\t<\/div>\n\t\t\t\t<div class=\"elementor-element elementor-element-2069ad04 elementor-widget elementor-widget-text-editor\" data-id=\"2069ad04\" data-element_type=\"widget\" data-e-type=\"widget\" data-widget_type=\"text-editor.default\">\n\t\t\t\t<div class=\"elementor-widget-container\">\n\t\t\t\t\t\t\t\t\t<p>Aarhus v\u00e1ros tan\u00e1csa \u00e9vi 300.000 eur\u00f3t biztos\u00edt a REUSE projektre.<\/p>\t\t\t\t\t\t\t\t<\/div>\n\t\t\t\t<\/div>\n\t\t\t\t<div class=\"elementor-element elementor-element-159bcd0c elementor-widget elementor-widget-heading\" data-id=\"159bcd0c\" data-element_type=\"widget\" data-e-type=\"widget\" data-widget_type=\"heading.default\">\n\t\t\t\t<div class=\"elementor-widget-container\">\n\t\t\t\t\t<h4 class=\"elementor-heading-title elementor-size-default\">A siker mutat\u00f3i<\/h4>\t\t\t\t<\/div>\n\t\t\t\t<\/div>\n\t\t\t\t<div class=\"elementor-element elementor-element-4ddc9c70 elementor-widget elementor-widget-text-editor\" data-id=\"4ddc9c70\" data-element_type=\"widget\" data-e-type=\"widget\" data-widget_type=\"text-editor.default\">\n\t\t\t\t<div class=\"elementor-widget-container\">\n\t\t\t\t\t\t\t\t\t<p>Az aarhusi polg\u00e1rok 40%-a ismeri a REUSE \u00fajrahasznos\u00edt\u00f3 \u00e1llom\u00e1st. A REUSE naponta t\u00f6bb mint 2 tonna \u00e1rut fogad, amelyek \u00faj \u00e9letet kapnak. A t\u00e1rgyakat maguk a helyi lakosok adom\u00e1nyozz\u00e1k. A REUSE naponta t\u00f6bb mint 300 l\u00e1togat\u00f3t fogad.<\/p>\t\t\t\t\t\t\t\t<\/div>\n\t\t\t\t<\/div>\n\t\t\t\t<div class=\"elementor-element elementor-element-2294b0e0 elementor-widget elementor-widget-heading\" data-id=\"2294b0e0\" data-element_type=\"widget\" data-e-type=\"widget\" data-widget_type=\"heading.default\">\n\t\t\t\t<div class=\"elementor-widget-container\">\n\t\t\t\t\t<h4 class=\"elementor-heading-title elementor-size-default\">A tanul\u00e1s \u00e9s az ismeretek \u00e1tad\u00e1s\u00e1nak lehet\u0151s\u00e9ge<\/h4>\t\t\t\t<\/div>\n\t\t\t\t<\/div>\n\t\t\t\t<div class=\"elementor-element elementor-element-798fbaf7 elementor-widget elementor-widget-text-editor\" data-id=\"798fbaf7\" data-element_type=\"widget\" data-e-type=\"widget\" data-widget_type=\"text-editor.default\">\n\t\t\t\t<div class=\"elementor-widget-container\">\n\t\t\t\t\t\t\t\t\t<p>A REUSE orsz\u00e1gos \u00e9s nemzetk\u00f6zi szinten is h\u00edress\u00e9 v\u00e1lt, mert az egyszer\u0171 koncepci\u00f3 m\u00e1sol\u00e1s\u00e1ra \u00e9s adapt\u00e1l\u00e1s\u00e1ra m\u00e1s helyeken \u00e9s m\u00e1s kontextusban is van lehet\u0151s\u00e9g.<\/p>\t\t\t\t\t\t\t\t<\/div>\n\t\t\t\t<\/div>\n\t\t\t\t\t<\/div>\n\t\t<\/div>\n\t\t\t\t\t<\/div>\n\t\t<\/section>\n\t\t\t\t\t<\/div>\n\t\t<\/div>\n\t\t\t\t\t<\/div>\n\t\t<\/section>\n\t\t\t\t<\/div>","protected":false},"excerpt":{"rendered":"<p>REUSE: \u00faj honlap az \u00fajrahaszn\u00e1lat n\u00e9pszer\u0171s\u00edt\u00e9s\u00e9re \u00e9s a hullad\u00e9kkibocs\u00e1t\u00e1s megel\u0151z\u00e9s\u00e9re (D\u00e1nia) A REUSE Aarhusban egy \u00faj, \u00e1tgondolt \u00fajrahasznos\u00edt\u00e1si telephely. Itt a helyi lakosok ingyenesen gy\u0171jthetnek \u00e9s adhatnak \u00e1t t\u00e1rgyakat a k\u00f6rforg\u00e1sos gazdas\u00e1g p\u00e9ld\u00e1jak\u00e9nt. A REUSE-n\u00e1l a dolgok \u00faj \u00e9letet kapnak, \u00e9s \u00edgy elker\u00fclhet\u0151, hogy szem\u00e9t legyen bel\u0151l\u00fck. A lakoss\u00e1g \u00e1ltal leadott \u00fajrahasznos\u00edthat\u00f3 t\u00e1rgyakat speci\u00e1lisan erre [&hellip;]<\/p>\n","protected":false},"author":1,"featured_media":0,"parent":0,"menu_order":0,"comment_status":"closed","ping_status":"closed","template":"","meta":{"site-sidebar-layout":"no-sidebar","site-content-layout":"page-builder","ast-site-content-layout":"default","site-content-style":"default","site-sidebar-style":"default","ast-global-header-display":"","ast-banner-title-visibility":"","ast-main-header-display":"","ast-hfb-above-header-display":"","ast-hfb-below-header-display":"","ast-hfb-mobile-header-display":"","site-post-title":"disabled","ast-breadcrumbs-content":"","ast-featured-img":"disabled","footer-sml-layout":"","ast-disable-related-posts":"","theme-transparent-header-meta":"","adv-header-id-meta":"","stick-header-meta":"","header-above-stick-meta":"","header-main-stick-meta":"","header-below-stick-meta":"","astra-migrate-meta-layouts":"default","ast-page-background-enabled":"default","ast-page-background-meta":{"desktop":{"background-color":"","background-image":"","background-repeat":"repeat","background-position":"center center","background-size":"auto","background-attachment":"scroll","background-type":"","background-media":"","overlay-type":"","overlay-color":"","overlay-opacity":"","overlay-gradient":""},"tablet":{"background-color":"","background-image":"","background-repeat":"repeat","background-position":"center center","background-size":"auto","background-attachment":"scroll","background-type":"","background-media":"","overlay-type":"","overlay-color":"","overlay-opacity":"","overlay-gradient":""},"mobile":{"background-color":"","background-image":"","background-repeat":"repeat","background-position":"center center","background-size":"auto","background-attachment":"scroll","background-type":"","background-media":"","overlay-type":"","overlay-color":"","overlay-opacity":"","overlay-gradient":""}},"ast-content-background-meta":{"desktop":{"background-color":"var(--ast-global-color-5)","background-image":"","background-repeat":"repeat","background-position":"center center","background-size":"auto","background-attachment":"scroll","background-type":"","background-media":"","overlay-type":"","overlay-color":"","overlay-opacity":"","overlay-gradient":""},"tablet":{"background-color":"var(--ast-global-color-5)","background-image":"","background-repeat":"repeat","background-position":"center center","background-size":"auto","background-attachment":"scroll","background-type":"","background-media":"","overlay-type":"","overlay-color":"","overlay-opacity":"","overlay-gradient":""},"mobile":{"background-color":"var(--ast-global-color-5)","background-image":"","background-repeat":"repeat","background-position":"center center","background-size":"auto","background-attachment":"scroll","background-type":"","background-media":"","overlay-type":"","overlay-color":"","overlay-opacity":"","overlay-gradient":""}},"footnotes":""},"class_list":["post-6650","page","type-page","status-publish","hentry"],"_links":{"self":[{"href":"https:\/\/www.kdriu.hu\/en\/wp-json\/wp\/v2\/pages\/6650","targetHints":{"allow":["GET"]}}],"collection":[{"href":"https:\/\/www.kdriu.hu\/en\/wp-json\/wp\/v2\/pages"}],"about":[{"href":"https:\/\/www.kdriu.hu\/en\/wp-json\/wp\/v2\/types\/page"}],"author":[{"embeddable":true,"href":"https:\/\/www.kdriu.hu\/en\/wp-json\/wp\/v2\/users\/1"}],"replies":[{"embeddable":true,"href":"https:\/\/www.kdriu.hu\/en\/wp-json\/wp\/v2\/comments?post=6650"}],"version-history":[{"count":7,"href":"https:\/\/www.kdriu.hu\/en\/wp-json\/wp\/v2\/pages\/6650\/revisions"}],"predecessor-version":[{"id":6998,"href":"https:\/\/www.kdriu.hu\/en\/wp-json\/wp\/v2\/pages\/6650\/revisions\/6998"}],"wp:attachment":[{"href":"https:\/\/www.kdriu.hu\/en\/wp-json\/wp\/v2\/media?parent=6650"}],"curies":[{"name":"wp","href":"https:\/\/api.w.org\/{rel}","templated":true}]}}