{"id":7216,"date":"2022-11-07T12:22:14","date_gmt":"2022-11-07T12:22:14","guid":{"rendered":"https:\/\/www.kdriu.hu\/?page_id=7216"},"modified":"2022-11-07T12:49:45","modified_gmt":"2022-11-07T12:49:45","slug":"foodscaleup","status":"publish","type":"page","link":"https:\/\/www.kdriu.hu\/en\/foodscaleup\/","title":{"rendered":"Food-scalEUp"},"content":{"rendered":"<div data-elementor-type=\"wp-page\" data-elementor-id=\"7216\" class=\"elementor elementor-7216\" data-elementor-post-type=\"page\">\n\t\t\t\t\t\t<section class=\"elementor-section elementor-top-section elementor-element elementor-element-1644bec3 elementor-section-stretched elementor-section-height-min-height elementor-section-boxed elementor-section-height-default elementor-section-items-middle elementor-invisible\" data-id=\"1644bec3\" data-element_type=\"section\" data-e-type=\"section\" data-settings=\"{&quot;background_background&quot;:&quot;classic&quot;,&quot;stretch_section&quot;:&quot;section-stretched&quot;,&quot;animation&quot;:&quot;fadeIn&quot;}\">\n\t\t\t\t\t\t\t<div class=\"elementor-background-overlay\"><\/div>\n\t\t\t\t\t\t\t<div class=\"elementor-container elementor-column-gap-no\">\n\t\t\t\t\t<div class=\"elementor-column elementor-col-100 elementor-top-column elementor-element elementor-element-7f366f9b\" data-id=\"7f366f9b\" data-element_type=\"column\" data-e-type=\"column\">\n\t\t\t<div class=\"elementor-widget-wrap elementor-element-populated\">\n\t\t\t\t\t\t<div class=\"elementor-element elementor-element-49c51e82 elementor-widget elementor-widget-spacer\" data-id=\"49c51e82\" data-element_type=\"widget\" data-e-type=\"widget\" data-widget_type=\"spacer.default\">\n\t\t\t\t<div class=\"elementor-widget-container\">\n\t\t\t\t\t\t\t<div class=\"elementor-spacer\">\n\t\t\t<div class=\"elementor-spacer-inner\"><\/div>\n\t\t<\/div>\n\t\t\t\t\t\t<\/div>\n\t\t\t\t<\/div>\n\t\t\t\t<div class=\"elementor-element elementor-element-6e55aaa3 elementor-widget elementor-widget-heading\" data-id=\"6e55aaa3\" data-element_type=\"widget\" data-e-type=\"widget\" data-widget_type=\"heading.default\">\n\t\t\t\t<div class=\"elementor-widget-container\">\n\t\t\t\t\t<h2 class=\"elementor-heading-title elementor-size-default\">Food-scalEUp<\/h2>\t\t\t\t<\/div>\n\t\t\t\t<\/div>\n\t\t\t\t\t<\/div>\n\t\t<\/div>\n\t\t\t\t\t<\/div>\n\t\t<\/section>\n\t\t\t\t<section class=\"elementor-section elementor-top-section elementor-element elementor-element-1feffcb1 elementor-section-stretched elementor-section-boxed elementor-section-height-default elementor-section-height-default\" data-id=\"1feffcb1\" data-element_type=\"section\" data-e-type=\"section\" data-settings=\"{&quot;stretch_section&quot;:&quot;section-stretched&quot;,&quot;background_background&quot;:&quot;classic&quot;}\">\n\t\t\t\t\t\t<div class=\"elementor-container elementor-column-gap-no\">\n\t\t\t\t\t<div class=\"elementor-column elementor-col-100 elementor-top-column elementor-element elementor-element-50d2068d\" data-id=\"50d2068d\" data-element_type=\"column\" data-e-type=\"column\">\n\t\t\t<div class=\"elementor-widget-wrap elementor-element-populated\">\n\t\t\t\t\t\t<section class=\"elementor-section elementor-inner-section elementor-element elementor-element-4b2080f6 elementor-section-boxed elementor-section-height-default elementor-section-height-default\" data-id=\"4b2080f6\" data-element_type=\"section\" data-e-type=\"section\">\n\t\t\t\t\t\t<div class=\"elementor-container elementor-column-gap-default\">\n\t\t\t\t\t<div class=\"elementor-column elementor-col-100 elementor-inner-column elementor-element elementor-element-127bb26\" data-id=\"127bb26\" data-element_type=\"column\" data-e-type=\"column\" data-settings=\"{&quot;background_background&quot;:&quot;classic&quot;}\">\n\t\t\t<div class=\"elementor-widget-wrap elementor-element-populated\">\n\t\t\t\t\t\t<div class=\"elementor-element elementor-element-2a91bc9b elementor-widget elementor-widget-text-editor\" data-id=\"2a91bc9b\" data-element_type=\"widget\" data-e-type=\"widget\" data-widget_type=\"text-editor.default\">\n\t\t\t\t<div class=\"elementor-widget-container\">\n\t\t\t\t\t\t\t\t\t<p>The vision of the Food_scalEUp project is to foster the capacity of European regional agri-food digital innovation ecosystems, especially in \u201cemerging\u201d and \u201cmoderate\u201d innovator regions, to be more <\/p><ul><li>connected among their regional stakeholders but also with other European regional ecosystems; thus, advancing towards a European acceleration ecosystem;<\/li><li>effective, fostering the successful scaling-up of technology start-ups and SMEs;<\/li><li>impactful, in terms of fostering the digital and green transition of the food industry;<\/li><li>resilient; thus, still effective under crisis and highly changing conditions; and<\/li><li>internationally recognised by and attractive for companies from other countries.<\/li><\/ul><p>This long-term project vision will be pursued through the following project mission: <\/p><ul><li>develop higher quality business acceleration services in agri-food digital innovation ecosystems of emerging and moderate innovator regions;<\/li><li>expand the connections, knowledge exchange, collaboration at regional, European and international level, between key people representing the different actors of the agri-food digital innovation ecosystems involved in the project;<\/li><\/ul>\t\t\t\t\t\t\t\t<\/div>\n\t\t\t\t<\/div>\n\t\t\t\t<div class=\"elementor-element elementor-element-5ec49d97 elementor-widget elementor-widget-text-editor\" data-id=\"5ec49d97\" data-element_type=\"widget\" data-e-type=\"widget\" data-widget_type=\"text-editor.default\">\n\t\t\t\t<div class=\"elementor-widget-container\">\n\t\t\t\t\t\t\t\t\t<p align=\"justify\">We will keep you informed about the results and progress of the project. <\/p><p align=\"justify\"><strong>Project ID:<\/strong> 101072248 \u2014 Food-scalEUp &#8211; HORIZON-EIE-2021-SCALEUP-01<\/p><p align=\"justify\"><strong>Duration of the project:<\/strong> 2022. szeptember 1. \u2013 2024. augusztus 31. <\/p>\t\t\t\t\t\t\t\t<\/div>\n\t\t\t\t<\/div>\n\t\t\t\t<div class=\"elementor-element elementor-element-dba56ed elementor-widget elementor-widget-heading\" data-id=\"dba56ed\" data-element_type=\"widget\" data-e-type=\"widget\" data-widget_type=\"heading.default\">\n\t\t\t\t<div class=\"elementor-widget-container\">\n\t\t\t\t\t<h4 class=\"elementor-heading-title elementor-size-default\">Project partners:<\/h4>\t\t\t\t<\/div>\n\t\t\t\t<\/div>\n\t\t\t\t<div class=\"elementor-element elementor-element-90fdef2 elementor-widget elementor-widget-text-editor\" data-id=\"90fdef2\" data-element_type=\"widget\" data-e-type=\"widget\" data-widget_type=\"text-editor.default\">\n\t\t\t\t<div class=\"elementor-widget-container\">\n\t\t\t\t\t\t\t\t\t<ul><li>Asociacion Cluster Alimentario de Galicia (CLUSAGA) (Spanyolorsz\u00e1g)<\/li><li>Agrifood Capital BV (Hollandia)<\/li><li>Centro Europeo Empresas e Innovacion S.L. (CEIN) (Spanyolorsz\u00e1g)<\/li><li>K\u00f6z\u00e9p-dun\u00e1nt\u00fali Region\u00e1lis Innov\u00e1ci\u00f3s \u00dcgyn\u00f6ks\u00e9g Nonprofit Kft. (CTRIA) (Magyarorsz\u00e1g)<\/li><li>Food-Processing Initiative E.V (FPI) (N\u00e9metorsz\u00e1g)<\/li><li>Stichting Food Valley (Foodvalley NL) (Hollandia)<\/li><li>Pole European Innovation Alimentation Bien-Etre Naturalit\u00e9 (Innov\u2019Alliance) (Franciaorsz\u00e1g)<\/li><li>Association du Pole de Competivite Valorial (VALORIAL) (Franciaorsz\u00e1g)<\/li><li>Technopole Quimper Cornouaille (TQC) (Franciaorsz\u00e1g)<\/li><li>Normandie Incubation (Franciaorsz\u00e1g)<\/li><\/ul>\t\t\t\t\t\t\t\t<\/div>\n\t\t\t\t<\/div>\n\t\t\t\t<div class=\"elementor-element elementor-element-47cf144 elementor-widget elementor-widget-toggle\" data-id=\"47cf144\" data-element_type=\"widget\" data-e-type=\"widget\" data-widget_type=\"toggle.default\">\n\t\t\t\t<div class=\"elementor-widget-container\">\n\t\t\t\t\t\t\t<div class=\"elementor-toggle\">\n\t\t\t\t\t\t\t<div class=\"elementor-toggle-item\">\n\t\t\t\t\t<div id=\"elementor-tab-title-7521\" class=\"elementor-tab-title\" data-tab=\"1\" role=\"button\" aria-controls=\"elementor-tab-content-7521\" aria-expanded=\"false\">\n\t\t\t\t\t\t\t\t\t\t\t\t<span class=\"elementor-toggle-icon elementor-toggle-icon-left\" aria-hidden=\"true\">\n\t\t\t\t\t\t\t\t\t\t\t\t\t\t\t<span class=\"elementor-toggle-icon-closed\"><i class=\"fas fa-caret-right\"><\/i><\/span>\n\t\t\t\t\t\t\t\t<span class=\"elementor-toggle-icon-opened\"><i class=\"elementor-toggle-icon-opened fas fa-caret-up\"><\/i><\/span>\n\t\t\t\t\t\t\t\t\t\t\t\t\t<\/span>\n\t\t\t\t\t\t\t\t\t\t\t\t<a class=\"elementor-toggle-title\" tabindex=\"0\">More news and posts about the project:<\/a>\n\t\t\t\t\t<\/div>\n\n\t\t\t\t\t<div id=\"elementor-tab-content-7521\" class=\"elementor-tab-content elementor-clearfix\" data-tab=\"1\" role=\"region\" aria-labelledby=\"elementor-tab-title-7521\"><\/div>\n\t\t\t\t<\/div>\n\t\t\t\t\t\t\t\t<\/div>\n\t\t\t\t\t\t<\/div>\n\t\t\t\t<\/div>\n\t\t\t\t\t<\/div>\n\t\t<\/div>\n\t\t\t\t\t<\/div>\n\t\t<\/section>\n\t\t\t\t\t<\/div>\n\t\t<\/div>\n\t\t\t\t\t<\/div>\n\t\t<\/section>\n\t\t\t\t<\/div>","protected":false},"excerpt":{"rendered":"<p>Food-scalEUp A projekt arra t\u00f6rekszik, hogy a \u201efelt\u00f6rekv\u0151\u201d \u00e9s a \u201em\u00e9rs\u00e9kelten innovat\u00edv&#8221; r\u00e9gi\u00f3kban hat\u00e9kony egy\u00fcttm\u0171k\u00f6d\u00e9s alakuljon ki az \u00e9rdekelt szerepl\u0151k k\u00f6z\u00f6tt; a technol\u00f3giai startupok \u00e9s kkv-k sikeresen fejl\u0151djenek; az \u00e9lelmiszeripar digit\u00e1lis \u00e9s k\u00f6rnyezetbar\u00e1t \u00e1talakul\u00e1sa megt\u00f6rt\u00e9njen; az \u00f6kosziszt\u00e9ma m\u00e9g a v\u00e1ls\u00e1ghelyzetekben is rugalmasan reag\u00e1ljon a v\u00e1ltoz\u00f3 k\u00f6r\u00fclm\u00e9nyekhez; \u00e9s v\u00e9g\u00fcl, hogy ezek a r\u00e9gi\u00f3k nemzetk\u00f6zileg elismert szerepl\u0151kk\u00e9 [&hellip;]<\/p>\n","protected":false},"author":1,"featured_media":0,"parent":0,"menu_order":0,"comment_status":"closed","ping_status":"closed","template":"","meta":{"site-sidebar-layout":"no-sidebar","site-content-layout":"page-builder","ast-site-content-layout":"default","site-content-style":"default","site-sidebar-style":"default","ast-global-header-display":"","ast-banner-title-visibility":"","ast-main-header-display":"","ast-hfb-above-header-display":"","ast-hfb-below-header-display":"","ast-hfb-mobile-header-display":"","site-post-title":"disabled","ast-breadcrumbs-content":"","ast-featured-img":"disabled","footer-sml-layout":"","ast-disable-related-posts":"","theme-transparent-header-meta":"","adv-header-id-meta":"","stick-header-meta":"","header-above-stick-meta":"","header-main-stick-meta":"","header-below-stick-meta":"","astra-migrate-meta-layouts":"default","ast-page-background-enabled":"default","ast-page-background-meta":{"desktop":{"background-color":"","background-image":"","background-repeat":"repeat","background-position":"center center","background-size":"auto","background-attachment":"scroll","background-type":"","background-media":"","overlay-type":"","overlay-color":"","overlay-opacity":"","overlay-gradient":""},"tablet":{"background-color":"","background-image":"","background-repeat":"repeat","background-position":"center center","background-size":"auto","background-attachment":"scroll","background-type":"","background-media":"","overlay-type":"","overlay-color":"","overlay-opacity":"","overlay-gradient":""},"mobile":{"background-color":"","background-image":"","background-repeat":"repeat","background-position":"center center","background-size":"auto","background-attachment":"scroll","background-type":"","background-media":"","overlay-type":"","overlay-color":"","overlay-opacity":"","overlay-gradient":""}},"ast-content-background-meta":{"desktop":{"background-color":"var(--ast-global-color-5)","background-image":"","background-repeat":"repeat","background-position":"center center","background-size":"auto","background-attachment":"scroll","background-type":"","background-media":"","overlay-type":"","overlay-color":"","overlay-opacity":"","overlay-gradient":""},"tablet":{"background-color":"var(--ast-global-color-5)","background-image":"","background-repeat":"repeat","background-position":"center center","background-size":"auto","background-attachment":"scroll","background-type":"","background-media":"","overlay-type":"","overlay-color":"","overlay-opacity":"","overlay-gradient":""},"mobile":{"background-color":"var(--ast-global-color-5)","background-image":"","background-repeat":"repeat","background-position":"center center","background-size":"auto","background-attachment":"scroll","background-type":"","background-media":"","overlay-type":"","overlay-color":"","overlay-opacity":"","overlay-gradient":""}},"footnotes":""},"class_list":["post-7216","page","type-page","status-publish","hentry"],"_links":{"self":[{"href":"https:\/\/www.kdriu.hu\/en\/wp-json\/wp\/v2\/pages\/7216","targetHints":{"allow":["GET"]}}],"collection":[{"href":"https:\/\/www.kdriu.hu\/en\/wp-json\/wp\/v2\/pages"}],"about":[{"href":"https:\/\/www.kdriu.hu\/en\/wp-json\/wp\/v2\/types\/page"}],"author":[{"embeddable":true,"href":"https:\/\/www.kdriu.hu\/en\/wp-json\/wp\/v2\/users\/1"}],"replies":[{"embeddable":true,"href":"https:\/\/www.kdriu.hu\/en\/wp-json\/wp\/v2\/comments?post=7216"}],"version-history":[{"count":16,"href":"https:\/\/www.kdriu.hu\/en\/wp-json\/wp\/v2\/pages\/7216\/revisions"}],"predecessor-version":[{"id":7236,"href":"https:\/\/www.kdriu.hu\/en\/wp-json\/wp\/v2\/pages\/7216\/revisions\/7236"}],"wp:attachment":[{"href":"https:\/\/www.kdriu.hu\/en\/wp-json\/wp\/v2\/media?parent=7216"}],"curies":[{"name":"wp","href":"https:\/\/api.w.org\/{rel}","templated":true}]}}