{"id":7259,"date":"2022-11-30T09:19:51","date_gmt":"2022-11-30T09:19:51","guid":{"rendered":"https:\/\/www.kdriu.hu\/?page_id=7259"},"modified":"2024-10-23T08:40:24","modified_gmt":"2024-10-23T08:40:24","slug":"lexecon","status":"publish","type":"page","link":"https:\/\/www.kdriu.hu\/en\/lexecon\/","title":{"rendered":"Lex(e)con | Erasmus+"},"content":{"rendered":"<div data-elementor-type=\"wp-page\" data-elementor-id=\"7259\" class=\"elementor elementor-7259\" data-elementor-post-type=\"page\">\n\t\t\t\t\t\t<section class=\"elementor-section elementor-top-section elementor-element elementor-element-63feefa elementor-section-stretched elementor-section-height-min-height elementor-section-boxed elementor-section-height-default elementor-section-items-middle elementor-invisible\" data-id=\"63feefa\" data-element_type=\"section\" data-e-type=\"section\" data-settings=\"{&quot;background_background&quot;:&quot;classic&quot;,&quot;stretch_section&quot;:&quot;section-stretched&quot;,&quot;animation&quot;:&quot;fadeIn&quot;}\">\n\t\t\t\t\t\t\t<div class=\"elementor-background-overlay\"><\/div>\n\t\t\t\t\t\t\t<div class=\"elementor-container elementor-column-gap-no\">\n\t\t\t\t\t<div class=\"elementor-column elementor-col-100 elementor-top-column elementor-element elementor-element-12243129\" data-id=\"12243129\" data-element_type=\"column\" data-e-type=\"column\">\n\t\t\t<div class=\"elementor-widget-wrap elementor-element-populated\">\n\t\t\t\t\t\t<div class=\"elementor-element elementor-element-74235c3f elementor-widget elementor-widget-spacer\" data-id=\"74235c3f\" data-element_type=\"widget\" data-e-type=\"widget\" data-widget_type=\"spacer.default\">\n\t\t\t\t<div class=\"elementor-widget-container\">\n\t\t\t\t\t\t\t<div class=\"elementor-spacer\">\n\t\t\t<div class=\"elementor-spacer-inner\"><\/div>\n\t\t<\/div>\n\t\t\t\t\t\t<\/div>\n\t\t\t\t<\/div>\n\t\t\t\t<div class=\"elementor-element elementor-element-4283f708 elementor-widget elementor-widget-heading\" data-id=\"4283f708\" data-element_type=\"widget\" data-e-type=\"widget\" data-widget_type=\"heading.default\">\n\t\t\t\t<div class=\"elementor-widget-container\">\n\t\t\t\t\t<h2 class=\"elementor-heading-title elementor-size-default\">Lex(e)con | Eramus+<\/h2>\t\t\t\t<\/div>\n\t\t\t\t<\/div>\n\t\t\t\t\t<\/div>\n\t\t<\/div>\n\t\t\t\t\t<\/div>\n\t\t<\/section>\n\t\t\t\t<section class=\"elementor-section elementor-top-section elementor-element elementor-element-c9cd053 elementor-section-stretched elementor-section-boxed elementor-section-height-default elementor-section-height-default\" data-id=\"c9cd053\" data-element_type=\"section\" data-e-type=\"section\" data-settings=\"{&quot;stretch_section&quot;:&quot;section-stretched&quot;,&quot;background_background&quot;:&quot;classic&quot;}\">\n\t\t\t\t\t\t<div class=\"elementor-container elementor-column-gap-no\">\n\t\t\t\t\t<div class=\"elementor-column elementor-col-100 elementor-top-column elementor-element elementor-element-42c13582\" data-id=\"42c13582\" data-element_type=\"column\" data-e-type=\"column\">\n\t\t\t<div class=\"elementor-widget-wrap elementor-element-populated\">\n\t\t\t\t\t\t<section class=\"elementor-section elementor-inner-section elementor-element elementor-element-1f333bf elementor-section-boxed elementor-section-height-default elementor-section-height-default\" data-id=\"1f333bf\" data-element_type=\"section\" data-e-type=\"section\">\n\t\t\t\t\t\t<div class=\"elementor-container elementor-column-gap-default\">\n\t\t\t\t\t<div class=\"elementor-column elementor-col-100 elementor-inner-column elementor-element elementor-element-5b61c82\" data-id=\"5b61c82\" data-element_type=\"column\" data-e-type=\"column\" data-settings=\"{&quot;background_background&quot;:&quot;classic&quot;}\">\n\t\t\t<div class=\"elementor-widget-wrap elementor-element-populated\">\n\t\t\t\t\t\t<div class=\"elementor-element elementor-element-53e60219 elementor-widget elementor-widget-image\" data-id=\"53e60219\" data-element_type=\"widget\" data-e-type=\"widget\" data-widget_type=\"image.default\">\n\t\t\t\t<div class=\"elementor-widget-container\">\n\t\t\t\t\t\t\t\t\t\t\t\t\t\t\t<img fetchpriority=\"high\" decoding=\"async\" width=\"1024\" height=\"512\" src=\"https:\/\/www.kdriu.hu\/wp-content\/uploads\/2022\/11\/LEXECON-Logo-150-05-1024x512.png\" class=\"attachment-large size-large wp-image-7263\" alt=\"\" srcset=\"https:\/\/www.kdriu.hu\/wp-content\/uploads\/2022\/11\/LEXECON-Logo-150-05-1024x512.png 1024w, https:\/\/www.kdriu.hu\/wp-content\/uploads\/2022\/11\/LEXECON-Logo-150-05-300x150.png 300w, https:\/\/www.kdriu.hu\/wp-content\/uploads\/2022\/11\/LEXECON-Logo-150-05-768x384.png 768w, https:\/\/www.kdriu.hu\/wp-content\/uploads\/2022\/11\/LEXECON-Logo-150-05-18x9.png 18w, https:\/\/www.kdriu.hu\/wp-content\/uploads\/2022\/11\/LEXECON-Logo-150-05.png 1417w\" sizes=\"(max-width: 1024px) 100vw, 1024px\" \/>\t\t\t\t\t\t\t\t\t\t\t\t\t\t\t<\/div>\n\t\t\t\t<\/div>\n\t\t\t\t<div class=\"elementor-element elementor-element-3f7c09d elementor-widget elementor-widget-image\" data-id=\"3f7c09d\" data-element_type=\"widget\" data-e-type=\"widget\" data-widget_type=\"image.default\">\n\t\t\t\t<div class=\"elementor-widget-container\">\n\t\t\t\t\t\t\t\t\t\t\t\t\t\t\t<img decoding=\"async\" width=\"300\" height=\"63\" src=\"https:\/\/www.kdriu.hu\/wp-content\/uploads\/2022\/08\/EN-Co-Funded-by-the-EU_POS-300x63.png\" class=\"attachment-medium size-medium wp-image-6950\" alt=\"\" srcset=\"https:\/\/www.kdriu.hu\/wp-content\/uploads\/2022\/08\/EN-Co-Funded-by-the-EU_POS-300x63.png 300w, https:\/\/www.kdriu.hu\/wp-content\/uploads\/2022\/08\/EN-Co-Funded-by-the-EU_POS-1024x215.png 1024w, https:\/\/www.kdriu.hu\/wp-content\/uploads\/2022\/08\/EN-Co-Funded-by-the-EU_POS-768x161.png 768w, https:\/\/www.kdriu.hu\/wp-content\/uploads\/2022\/08\/EN-Co-Funded-by-the-EU_POS-1536x322.png 1536w, https:\/\/www.kdriu.hu\/wp-content\/uploads\/2022\/08\/EN-Co-Funded-by-the-EU_POS-2048x430.png 2048w, https:\/\/www.kdriu.hu\/wp-content\/uploads\/2022\/08\/EN-Co-Funded-by-the-EU_POS-18x4.png 18w\" sizes=\"(max-width: 300px) 100vw, 300px\" \/>\t\t\t\t\t\t\t\t\t\t\t\t\t\t\t<\/div>\n\t\t\t\t<\/div>\n\t\t\t\t<div class=\"elementor-element elementor-element-5d329855 elementor-widget elementor-widget-text-editor\" data-id=\"5d329855\" data-element_type=\"widget\" data-e-type=\"widget\" data-widget_type=\"text-editor.default\">\n\t\t\t\t<div class=\"elementor-widget-container\">\n\t\t\t\t\t\t\t\t\t<p>Dyslexia is an extremely common, specific developmental disorder affecting 5-15% of the population. People with dyslexia have perfectly normal intelligence but require extra attention and development in the area of education. This special training is mostly available in childhood, but is less common in adulthood. It is worth noting that several studies highlight that the proportion of people with dyslexia who start their own business is higher (19%) than in the general population (5-10%).<\/p>\t\t\t\t\t\t\t\t<\/div>\n\t\t\t\t<\/div>\n\t\t\t\t<div class=\"elementor-element elementor-element-35297bc7 elementor-widget elementor-widget-text-editor\" data-id=\"35297bc7\" data-element_type=\"widget\" data-e-type=\"widget\" data-widget_type=\"text-editor.default\">\n\t\t\t\t<div class=\"elementor-widget-container\">\n\t\t\t\t\t\t\t\t\t<p align=\"justify\">The Lex(e)con project, which aims to support adult education providers who can help people with dyslexia by providing entrepreneurship skills, was launched on the basis of the above. To this end, a specific curriculum on the subject will be developed and trainers will be trained who will be able to use this curriculum in the future to educate people with dyslexia.<\/p>\t\t\t\t\t\t\t\t<\/div>\n\t\t\t\t<\/div>\n\t\t\t\t<div class=\"elementor-element elementor-element-8ae28fb elementor-widget elementor-widget-text-editor\" data-id=\"8ae28fb\" data-element_type=\"widget\" data-e-type=\"widget\" data-widget_type=\"text-editor.default\">\n\t\t\t\t<div class=\"elementor-widget-container\">\n\t\t\t\t\t\t\t\t\t<p align=\"justify\"><strong>Project ID: <\/strong>2021-2-AT01-KA220-ADU-000048225<\/p><p align=\"justify\"><strong>Duration of the project:<\/strong> 2022. m\u00e1rcius 1. \u2013 2024. j\u00falius 31.<\/p><p align=\"justify\"><strong>Total project budget:<\/strong> 262.899 EUR<\/p>\t\t\t\t\t\t\t\t<\/div>\n\t\t\t\t<\/div>\n\t\t\t\t<div class=\"elementor-element elementor-element-6b47e41b elementor-widget elementor-widget-heading\" data-id=\"6b47e41b\" data-element_type=\"widget\" data-e-type=\"widget\" data-widget_type=\"heading.default\">\n\t\t\t\t<div class=\"elementor-widget-container\">\n\t\t\t\t\t<h4 class=\"elementor-heading-title elementor-size-default\">Project partners:<\/h4>\t\t\t\t<\/div>\n\t\t\t\t<\/div>\n\t\t\t\t<div class=\"elementor-element elementor-element-43daba41 elementor-widget elementor-widget-text-editor\" data-id=\"43daba41\" data-element_type=\"widget\" data-e-type=\"widget\" data-widget_type=\"text-editor.default\">\n\t\t\t\t<div class=\"elementor-widget-container\">\n\t\t\t\t\t\t\t\t\t<p align=\"justify\">brainplus-Projektmanagement Schabereiter (Austria)<\/p><p align=\"justify\">VINCO (Austria)<\/p><p align=\"justify\">PANEPISTIMIO THESSALIAS (Greece)<\/p><p align=\"justify\">CTRIA - Central-transdanubian Regional Innovation Agency Nonprofit Ltd. (Hungary)<\/p><p align=\"justify\">Yasar \u00dcniversitesi (Turkey)<\/p><p align=\"justify\">SMARTUP N.B. SYSTEMATIC MANAGEMENT S.L. (Spain)<\/p><p align=\"justify\">\u00a0<\/p>\t\t\t\t\t\t\t\t<\/div>\n\t\t\t\t<\/div>\n\t\t\t\t<div class=\"elementor-element elementor-element-59c72eae elementor-widget elementor-widget-heading\" data-id=\"59c72eae\" data-element_type=\"widget\" data-e-type=\"widget\" data-widget_type=\"heading.default\">\n\t\t\t\t<div class=\"elementor-widget-container\">\n\t\t\t\t\t<h4 class=\"elementor-heading-title elementor-size-default\">The official project website:<\/h4>\t\t\t\t<\/div>\n\t\t\t\t<\/div>\n\t\t\t\t<div class=\"elementor-element elementor-element-1c7982c2 elementor-widget elementor-widget-text-editor\" data-id=\"1c7982c2\" data-element_type=\"widget\" data-e-type=\"widget\" data-widget_type=\"text-editor.default\">\n\t\t\t\t<div class=\"elementor-widget-container\">\n\t\t\t\t\t\t\t\t\t<p><a href=\"https:\/\/lexeconproject.com\/\" target=\"_blank\" rel=\"noopener\">lexeconproject.com<\/a><\/p>\t\t\t\t\t\t\t\t<\/div>\n\t\t\t\t<\/div>\n\t\t\t\t<div class=\"elementor-element elementor-element-bfd996e elementor-widget elementor-widget-text-editor\" data-id=\"bfd996e\" data-element_type=\"widget\" data-e-type=\"widget\" data-widget_type=\"text-editor.default\">\n\t\t\t\t<div class=\"elementor-widget-container\">\n\t\t\t\t\t\t\t\t\t<p><span style=\"white-space: normal;\">Funded by the European Union. Views and opinions expressed are however those of the author(s) only and do not necessarily reflect those of the European Union or the European Education and Culture Executive Agency (EACEA). Neither the European Union nor EACEA can be held responsible for them.<\/span><\/p>\t\t\t\t\t\t\t\t<\/div>\n\t\t\t\t<\/div>\n\t\t\t\t<div class=\"elementor-element elementor-element-a427e5c elementor-widget elementor-widget-toggle\" data-id=\"a427e5c\" data-element_type=\"widget\" data-e-type=\"widget\" data-widget_type=\"toggle.default\">\n\t\t\t\t<div class=\"elementor-widget-container\">\n\t\t\t\t\t\t\t<div class=\"elementor-toggle\">\n\t\t\t\t\t\t\t<div class=\"elementor-toggle-item\">\n\t\t\t\t\t<div id=\"elementor-tab-title-1721\" class=\"elementor-tab-title\" data-tab=\"1\" role=\"button\" aria-controls=\"elementor-tab-content-1721\" aria-expanded=\"false\">\n\t\t\t\t\t\t\t\t\t\t\t\t<span class=\"elementor-toggle-icon elementor-toggle-icon-left\" aria-hidden=\"true\">\n\t\t\t\t\t\t\t\t\t\t\t\t\t\t\t<span class=\"elementor-toggle-icon-closed\"><i class=\"fas fa-caret-right\"><\/i><\/span>\n\t\t\t\t\t\t\t\t<span class=\"elementor-toggle-icon-opened\"><i class=\"elementor-toggle-icon-opened fas fa-caret-up\"><\/i><\/span>\n\t\t\t\t\t\t\t\t\t\t\t\t\t<\/span>\n\t\t\t\t\t\t\t\t\t\t\t\t<a class=\"elementor-toggle-title\" tabindex=\"0\">More news and posts about the project:<\/a>\n\t\t\t\t\t<\/div>\n\n\t\t\t\t\t<div id=\"elementor-tab-content-1721\" class=\"elementor-tab-content elementor-clearfix\" data-tab=\"1\" role=\"region\" aria-labelledby=\"elementor-tab-title-1721\"><\/div>\n\t\t\t\t<\/div>\n\t\t\t\t\t\t\t\t<\/div>\n\t\t\t\t\t\t<\/div>\n\t\t\t\t<\/div>\n\t\t\t\t\t<\/div>\n\t\t<\/div>\n\t\t\t\t\t<\/div>\n\t\t<\/section>\n\t\t\t\t\t<\/div>\n\t\t<\/div>\n\t\t\t\t\t<\/div>\n\t\t<\/section>\n\t\t\t\t<section class=\"elementor-section elementor-top-section elementor-element elementor-element-181576c elementor-section-boxed elementor-section-height-default elementor-section-height-default\" data-id=\"181576c\" data-element_type=\"section\" data-e-type=\"section\">\n\t\t\t\t\t\t<div class=\"elementor-container elementor-column-gap-default\">\n\t\t\t\t\t<div class=\"elementor-column elementor-col-100 elementor-top-column elementor-element elementor-element-5fe6ddb\" data-id=\"5fe6ddb\" data-element_type=\"column\" data-e-type=\"column\">\n\t\t\t<div class=\"elementor-widget-wrap elementor-element-populated\">\n\t\t\t\t\t\t<section class=\"elementor-section elementor-inner-section elementor-element elementor-element-eba7431 elementor-section-boxed elementor-section-height-default elementor-section-height-default\" data-id=\"eba7431\" data-element_type=\"section\" data-e-type=\"section\">\n\t\t\t\t\t\t<div class=\"elementor-container elementor-column-gap-default\">\n\t\t\t\t\t<div class=\"elementor-column elementor-col-50 elementor-inner-column elementor-element elementor-element-88303eb\" data-id=\"88303eb\" data-element_type=\"column\" data-e-type=\"column\">\n\t\t\t<div class=\"elementor-widget-wrap\">\n\t\t\t\t\t\t\t<\/div>\n\t\t<\/div>\n\t\t\t\t<div class=\"elementor-column elementor-col-50 elementor-inner-column elementor-element elementor-element-57e2b47\" data-id=\"57e2b47\" data-element_type=\"column\" data-e-type=\"column\">\n\t\t\t<div class=\"elementor-widget-wrap\">\n\t\t\t\t\t\t\t<\/div>\n\t\t<\/div>\n\t\t\t\t\t<\/div>\n\t\t<\/section>\n\t\t\t\t\t<\/div>\n\t\t<\/div>\n\t\t\t\t\t<\/div>\n\t\t<\/section>\n\t\t\t\t<\/div>","protected":false},"excerpt":{"rendered":"<p>Lex(e)con | Eramus+ A diszlexia egy rendk\u00edv\u00fcl gyakori, specifikus fejl\u0151d\u00e9si rendelleness\u00e9g, melyben lakoss\u00e1g 5-15% szenved. A diszlexi\u00e1ban szenved\u0151 emberek teljesen norm\u00e1lis intelligenci\u00e1val rendelkeznek, azonban extra foglalkoz\u00e1st, fejleszt\u00e9st ig\u00e9nyelnek az oktat\u00e1s ter\u00fclet\u00e9n. Ez a speci\u00e1lis foglalkoz\u00e1s gyermekkorban t\u00f6bbnyire el\u00e9rhet\u0151, azonban feln\u0151tt korban m\u00e1r ritk\u00e1bbak az ilyen speci\u00e1lis k\u00e9pz\u00e9sek. Mindenk\u00e9ppen sz\u00fcks\u00e9ges megeml\u00edteni, hogy t\u00f6bb tanulm\u00e1ny is kiemeli, [&hellip;]<\/p>\n","protected":false},"author":1,"featured_media":0,"parent":0,"menu_order":0,"comment_status":"closed","ping_status":"closed","template":"","meta":{"site-sidebar-layout":"no-sidebar","site-content-layout":"page-builder","ast-site-content-layout":"default","site-content-style":"default","site-sidebar-style":"default","ast-global-header-display":"","ast-banner-title-visibility":"","ast-main-header-display":"","ast-hfb-above-header-display":"","ast-hfb-below-header-display":"","ast-hfb-mobile-header-display":"","site-post-title":"disabled","ast-breadcrumbs-content":"","ast-featured-img":"disabled","footer-sml-layout":"","ast-disable-related-posts":"","theme-transparent-header-meta":"","adv-header-id-meta":"","stick-header-meta":"","header-above-stick-meta":"","header-main-stick-meta":"","header-below-stick-meta":"","astra-migrate-meta-layouts":"default","ast-page-background-enabled":"default","ast-page-background-meta":{"desktop":{"background-color":"","background-image":"","background-repeat":"repeat","background-position":"center center","background-size":"auto","background-attachment":"scroll","background-type":"","background-media":"","overlay-type":"","overlay-color":"","overlay-opacity":"","overlay-gradient":""},"tablet":{"background-color":"","background-image":"","background-repeat":"repeat","background-position":"center center","background-size":"auto","background-attachment":"scroll","background-type":"","background-media":"","overlay-type":"","overlay-color":"","overlay-opacity":"","overlay-gradient":""},"mobile":{"background-color":"","background-image":"","background-repeat":"repeat","background-position":"center center","background-size":"auto","background-attachment":"scroll","background-type":"","background-media":"","overlay-type":"","overlay-color":"","overlay-opacity":"","overlay-gradient":""}},"ast-content-background-meta":{"desktop":{"background-color":"var(--ast-global-color-5)","background-image":"","background-repeat":"repeat","background-position":"center center","background-size":"auto","background-attachment":"scroll","background-type":"","background-media":"","overlay-type":"","overlay-color":"","overlay-opacity":"","overlay-gradient":""},"tablet":{"background-color":"var(--ast-global-color-5)","background-image":"","background-repeat":"repeat","background-position":"center center","background-size":"auto","background-attachment":"scroll","background-type":"","background-media":"","overlay-type":"","overlay-color":"","overlay-opacity":"","overlay-gradient":""},"mobile":{"background-color":"var(--ast-global-color-5)","background-image":"","background-repeat":"repeat","background-position":"center center","background-size":"auto","background-attachment":"scroll","background-type":"","background-media":"","overlay-type":"","overlay-color":"","overlay-opacity":"","overlay-gradient":""}},"footnotes":""},"class_list":["post-7259","page","type-page","status-publish","hentry"],"_links":{"self":[{"href":"https:\/\/www.kdriu.hu\/en\/wp-json\/wp\/v2\/pages\/7259","targetHints":{"allow":["GET"]}}],"collection":[{"href":"https:\/\/www.kdriu.hu\/en\/wp-json\/wp\/v2\/pages"}],"about":[{"href":"https:\/\/www.kdriu.hu\/en\/wp-json\/wp\/v2\/types\/page"}],"author":[{"embeddable":true,"href":"https:\/\/www.kdriu.hu\/en\/wp-json\/wp\/v2\/users\/1"}],"replies":[{"embeddable":true,"href":"https:\/\/www.kdriu.hu\/en\/wp-json\/wp\/v2\/comments?post=7259"}],"version-history":[{"count":47,"href":"https:\/\/www.kdriu.hu\/en\/wp-json\/wp\/v2\/pages\/7259\/revisions"}],"predecessor-version":[{"id":9396,"href":"https:\/\/www.kdriu.hu\/en\/wp-json\/wp\/v2\/pages\/7259\/revisions\/9396"}],"wp:attachment":[{"href":"https:\/\/www.kdriu.hu\/en\/wp-json\/wp\/v2\/media?parent=7259"}],"curies":[{"name":"wp","href":"https:\/\/api.w.org\/{rel}","templated":true}]}}