{"id":7389,"date":"2023-01-25T17:09:13","date_gmt":"2023-01-25T17:09:13","guid":{"rendered":"https:\/\/www.kdriu.hu\/?page_id=7389"},"modified":"2023-01-25T17:27:06","modified_gmt":"2023-01-25T17:27:06","slug":"fact","status":"publish","type":"page","link":"https:\/\/www.kdriu.hu\/en\/fact\/","title":{"rendered":"F.A.C.T"},"content":{"rendered":"<div data-elementor-type=\"wp-page\" data-elementor-id=\"7389\" class=\"elementor elementor-7389\" data-elementor-post-type=\"page\">\n\t\t\t\t\t\t<section class=\"elementor-section elementor-top-section elementor-element elementor-element-2ad9ccf6 elementor-section-stretched elementor-section-height-min-height elementor-section-boxed elementor-section-height-default elementor-section-items-middle elementor-invisible\" data-id=\"2ad9ccf6\" data-element_type=\"section\" data-e-type=\"section\" data-settings=\"{&quot;background_background&quot;:&quot;classic&quot;,&quot;stretch_section&quot;:&quot;section-stretched&quot;,&quot;animation&quot;:&quot;fadeIn&quot;}\">\n\t\t\t\t\t\t\t<div class=\"elementor-background-overlay\"><\/div>\n\t\t\t\t\t\t\t<div class=\"elementor-container elementor-column-gap-no\">\n\t\t\t\t\t<div class=\"elementor-column elementor-col-100 elementor-top-column elementor-element elementor-element-172c53a8\" data-id=\"172c53a8\" data-element_type=\"column\" data-e-type=\"column\">\n\t\t\t<div class=\"elementor-widget-wrap elementor-element-populated\">\n\t\t\t\t\t\t<div class=\"elementor-element elementor-element-211ef159 elementor-widget elementor-widget-spacer\" data-id=\"211ef159\" data-element_type=\"widget\" data-e-type=\"widget\" data-widget_type=\"spacer.default\">\n\t\t\t\t<div class=\"elementor-widget-container\">\n\t\t\t\t\t\t\t<div class=\"elementor-spacer\">\n\t\t\t<div class=\"elementor-spacer-inner\"><\/div>\n\t\t<\/div>\n\t\t\t\t\t\t<\/div>\n\t\t\t\t<\/div>\n\t\t\t\t<div class=\"elementor-element elementor-element-73ff59b6 elementor-widget elementor-widget-heading\" data-id=\"73ff59b6\" data-element_type=\"widget\" data-e-type=\"widget\" data-widget_type=\"heading.default\">\n\t\t\t\t<div class=\"elementor-widget-container\">\n\t\t\t\t\t<h2 class=\"elementor-heading-title elementor-size-default\">Foster Awareness on the relevance of Checking the Truth \u2013 F.A.C.T.<\/h2>\t\t\t\t<\/div>\n\t\t\t\t<\/div>\n\t\t\t\t\t<\/div>\n\t\t<\/div>\n\t\t\t\t\t<\/div>\n\t\t<\/section>\n\t\t\t\t<section class=\"elementor-section elementor-top-section elementor-element elementor-element-27df933c elementor-section-stretched elementor-section-boxed elementor-section-height-default elementor-section-height-default\" data-id=\"27df933c\" data-element_type=\"section\" data-e-type=\"section\" data-settings=\"{&quot;stretch_section&quot;:&quot;section-stretched&quot;,&quot;background_background&quot;:&quot;classic&quot;}\">\n\t\t\t\t\t\t<div class=\"elementor-container elementor-column-gap-no\">\n\t\t\t\t\t<div class=\"elementor-column elementor-col-100 elementor-top-column elementor-element elementor-element-4cec6225\" data-id=\"4cec6225\" data-element_type=\"column\" data-e-type=\"column\">\n\t\t\t<div class=\"elementor-widget-wrap elementor-element-populated\">\n\t\t\t\t\t\t<section class=\"elementor-section elementor-inner-section elementor-element elementor-element-167894c4 elementor-section-boxed elementor-section-height-default elementor-section-height-default\" data-id=\"167894c4\" data-element_type=\"section\" data-e-type=\"section\">\n\t\t\t\t\t\t<div class=\"elementor-container elementor-column-gap-default\">\n\t\t\t\t\t<div class=\"elementor-column elementor-col-100 elementor-inner-column elementor-element elementor-element-6ad0d89d\" data-id=\"6ad0d89d\" data-element_type=\"column\" data-e-type=\"column\" data-settings=\"{&quot;background_background&quot;:&quot;classic&quot;}\">\n\t\t\t<div class=\"elementor-widget-wrap elementor-element-populated\">\n\t\t\t\t\t\t<div class=\"elementor-element elementor-element-21c33b0e elementor-widget elementor-widget-image\" data-id=\"21c33b0e\" data-element_type=\"widget\" data-e-type=\"widget\" data-widget_type=\"image.default\">\n\t\t\t\t<div class=\"elementor-widget-container\">\n\t\t\t\t\t\t\t\t\t\t\t\t\t\t\t<img fetchpriority=\"high\" decoding=\"async\" width=\"1024\" height=\"215\" src=\"https:\/\/www.kdriu.hu\/wp-content\/uploads\/2023\/01\/EN-Funded-by-the-EU-POS-1024x215.jpg\" class=\"attachment-large size-large wp-image-7396\" alt=\"\" srcset=\"https:\/\/www.kdriu.hu\/wp-content\/uploads\/2023\/01\/EN-Funded-by-the-EU-POS-1024x215.jpg 1024w, https:\/\/www.kdriu.hu\/wp-content\/uploads\/2023\/01\/EN-Funded-by-the-EU-POS-300x63.jpg 300w, https:\/\/www.kdriu.hu\/wp-content\/uploads\/2023\/01\/EN-Funded-by-the-EU-POS-768x161.jpg 768w, https:\/\/www.kdriu.hu\/wp-content\/uploads\/2023\/01\/EN-Funded-by-the-EU-POS-1536x322.jpg 1536w, https:\/\/www.kdriu.hu\/wp-content\/uploads\/2023\/01\/EN-Funded-by-the-EU-POS-2048x430.jpg 2048w, https:\/\/www.kdriu.hu\/wp-content\/uploads\/2023\/01\/EN-Funded-by-the-EU-POS-18x4.jpg 18w\" sizes=\"(max-width: 1024px) 100vw, 1024px\" \/>\t\t\t\t\t\t\t\t\t\t\t\t\t\t\t<\/div>\n\t\t\t\t<\/div>\n\t\t\t\t<div class=\"elementor-element elementor-element-ddced43 elementor-widget elementor-widget-text-editor\" data-id=\"ddced43\" data-element_type=\"widget\" data-e-type=\"widget\" data-widget_type=\"text-editor.default\">\n\t\t\t\t<div class=\"elementor-widget-container\">\n\t\t\t\t\t\t\t\t\t<p>The FACT project aims to clarify and dispel fake news in the public consciousness. Young people, as opinion leaders, will be a great help in this, and we want to involve them in our mission in a playful way. Through students, we want to bring real information to the older generation, as they have fewer opportunities to obtain it.<\/p><p>In addition to teachers receiving fresh education and materials on this topic, they will also have the opportunity to supplement the subjects they teach.<\/p><p>We want to reach young people through two game-based materials and we will need the help of teachers and educators. In one program, students will be able to put themselves in the shoes of politicians from the European Parliament, which will be particularly interesting given the relevance of the 2024 parliamentary elections. In addition, through a community-forming program, young people will have the opportunity to build their own project from start to finish, which will take the form of a board game.<\/p><p>Disinformation is a constantly evolving phenomenon that has a high potential to negatively influence democratic processes and social debates. It can affect, for example, the democratic debate and the expression of the vote, given on the basis of certain fake news that change and modify the orientation of the people and make the voter express a preference with a will vitiated by false news. The proposal will directly benefit Spain, Portugal, Hungary, Greece, Lithuania, Romania, Finland, Poland, Italy, as EU countries where people are less confident in their ability to recognize fake news and in the EU political system as a whole (Flash Eurobarometer 464 \u2013 Fake-news and disinformation) and less confident to the EU political system (Eurobarometro 91.5 \u2013 2019). It is also important to underline that age is a crucial element in identifying people who are more likely to be persuaded by fake news and less likely to vote: older respondents, in fact, are less confident in their ability to identify fake news (63% of those aged 55 or older are confident, compared to 78% of other age groups). Thus, the project has the aim of gathering a diverse range of people from different backgrounds (age, gender, level of education) in activities directly linked to EU policies against disinformation (Specific Objective), enabling young participants to deepen their knowledge of the EU institutions and policies for making them able to contribute in first person in reaching those citizens not active in civic participation in their everyday life thus reducing the influence of the disinformation on the EU democratic life basing on debunking of fake-news.<\/p><p>\u00a0<\/p>\t\t\t\t\t\t\t\t<\/div>\n\t\t\t\t<\/div>\n\t\t\t\t<div class=\"elementor-element elementor-element-9a65264 elementor-widget elementor-widget-text-editor\" data-id=\"9a65264\" data-element_type=\"widget\" data-e-type=\"widget\" data-widget_type=\"text-editor.default\">\n\t\t\t\t<div class=\"elementor-widget-container\">\n\t\t\t\t\t\t\t\t\t<p><strong>Project ID: <\/strong>101081330 \u2013 FACT<\/p><p><strong>Duration of the project:<\/strong> 2022.11.01. \u2013 2024.04.30.<\/p>\t\t\t\t\t\t\t\t<\/div>\n\t\t\t\t<\/div>\n\t\t\t\t<div class=\"elementor-element elementor-element-12415c0d elementor-widget elementor-widget-heading\" data-id=\"12415c0d\" data-element_type=\"widget\" data-e-type=\"widget\" data-widget_type=\"heading.default\">\n\t\t\t\t<div class=\"elementor-widget-container\">\n\t\t\t\t\t<h4 class=\"elementor-heading-title elementor-size-default\">Project partners:<\/h4>\t\t\t\t<\/div>\n\t\t\t\t<\/div>\n\t\t\t\t<div class=\"elementor-element elementor-element-3f0296 elementor-widget elementor-widget-text-editor\" data-id=\"3f0296\" data-element_type=\"widget\" data-e-type=\"widget\" data-widget_type=\"text-editor.default\">\n\t\t\t\t<div class=\"elementor-widget-container\">\n\t\t\t\t\t\t\t\t\t<p>Cooperazione Paesi Emergenti<\/p><p>Instituto Marques De Valle Flor<\/p><p>Jovenes Hacia La Solidaridad Y El Desarrollo<\/p><p>IASIS<\/p><p>KDRI\u00dc Nonprofit Kft.<\/p><p>Asociatia Centrul European Pentru Integrare Socioprofesionala Acta<\/p><p>Fundacja Autokreacja<\/p><p>MB Efekto Grupe<\/p><p>Opintotoiminnan Keskusliitto ry<\/p>\t\t\t\t\t\t\t\t<\/div>\n\t\t\t\t<\/div>\n\t\t\t\t<div class=\"elementor-element elementor-element-7d9c832a elementor-widget elementor-widget-toggle\" data-id=\"7d9c832a\" data-element_type=\"widget\" data-e-type=\"widget\" data-widget_type=\"toggle.default\">\n\t\t\t\t<div class=\"elementor-widget-container\">\n\t\t\t\t\t\t\t<div class=\"elementor-toggle\">\n\t\t\t\t\t\t\t<div class=\"elementor-toggle-item\">\n\t\t\t\t\t<div id=\"elementor-tab-title-2101\" class=\"elementor-tab-title\" data-tab=\"1\" role=\"button\" aria-controls=\"elementor-tab-content-2101\" aria-expanded=\"false\">\n\t\t\t\t\t\t\t\t\t\t\t\t<span class=\"elementor-toggle-icon elementor-toggle-icon-left\" aria-hidden=\"true\">\n\t\t\t\t\t\t\t\t\t\t\t\t\t\t\t<span class=\"elementor-toggle-icon-closed\"><i class=\"fas fa-caret-right\"><\/i><\/span>\n\t\t\t\t\t\t\t\t<span class=\"elementor-toggle-icon-opened\"><i class=\"elementor-toggle-icon-opened fas fa-caret-up\"><\/i><\/span>\n\t\t\t\t\t\t\t\t\t\t\t\t\t<\/span>\n\t\t\t\t\t\t\t\t\t\t\t\t<a class=\"elementor-toggle-title\" tabindex=\"0\">More news and posts about the project:<\/a>\n\t\t\t\t\t<\/div>\n\n\t\t\t\t\t<div id=\"elementor-tab-content-2101\" class=\"elementor-tab-content elementor-clearfix\" data-tab=\"1\" role=\"region\" aria-labelledby=\"elementor-tab-title-2101\"><\/div>\n\t\t\t\t<\/div>\n\t\t\t\t\t\t\t\t<\/div>\n\t\t\t\t\t\t<\/div>\n\t\t\t\t<\/div>\n\t\t\t\t\t<\/div>\n\t\t<\/div>\n\t\t\t\t\t<\/div>\n\t\t<\/section>\n\t\t\t\t\t<\/div>\n\t\t<\/div>\n\t\t\t\t\t<\/div>\n\t\t<\/section>\n\t\t\t\t<\/div>","protected":false},"excerpt":{"rendered":"<p>Foster Awareness on the relevance of Checking the Truth \u2013 F.A.C.T. A FACT projekt c\u00e9lja a k\u00f6ztudatban megjelen\u0151 \u00e1lh\u00edrek (fake news) tiszt\u00e1z\u00e1sa, szerte foszlat\u00e1sa. Ebben nagy seg\u00edts\u00e9g\u00fcl szolg\u00e1lnak a fiatalok, mint v\u00e9lem\u00e9nyhordoz\u00f3k, akiket j\u00e1t\u00e9kos form\u00e1ban szeretn\u00e9nk bevonni a k\u00fcldet\u00e9s\u00fcnkbe. A di\u00e1kok \u00e1ltal szeretn\u00e9nk eljuttatni a val\u00f3s inform\u00e1ci\u00f3kat az id\u0151sebb koroszt\u00e1ly fel\u00e9, mivel nekik kisebb lehet\u0151s\u00e9g\u00fck [&hellip;]<\/p>\n","protected":false},"author":1,"featured_media":0,"parent":0,"menu_order":0,"comment_status":"closed","ping_status":"closed","template":"","meta":{"site-sidebar-layout":"no-sidebar","site-content-layout":"page-builder","ast-site-content-layout":"default","site-content-style":"default","site-sidebar-style":"default","ast-global-header-display":"","ast-banner-title-visibility":"","ast-main-header-display":"","ast-hfb-above-header-display":"","ast-hfb-below-header-display":"","ast-hfb-mobile-header-display":"","site-post-title":"disabled","ast-breadcrumbs-content":"","ast-featured-img":"disabled","footer-sml-layout":"","ast-disable-related-posts":"","theme-transparent-header-meta":"","adv-header-id-meta":"","stick-header-meta":"","header-above-stick-meta":"","header-main-stick-meta":"","header-below-stick-meta":"","astra-migrate-meta-layouts":"default","ast-page-background-enabled":"default","ast-page-background-meta":{"desktop":{"background-color":"","background-image":"","background-repeat":"repeat","background-position":"center center","background-size":"auto","background-attachment":"scroll","background-type":"","background-media":"","overlay-type":"","overlay-color":"","overlay-opacity":"","overlay-gradient":""},"tablet":{"background-color":"","background-image":"","background-repeat":"repeat","background-position":"center center","background-size":"auto","background-attachment":"scroll","background-type":"","background-media":"","overlay-type":"","overlay-color":"","overlay-opacity":"","overlay-gradient":""},"mobile":{"background-color":"","background-image":"","background-repeat":"repeat","background-position":"center center","background-size":"auto","background-attachment":"scroll","background-type":"","background-media":"","overlay-type":"","overlay-color":"","overlay-opacity":"","overlay-gradient":""}},"ast-content-background-meta":{"desktop":{"background-color":"var(--ast-global-color-5)","background-image":"","background-repeat":"repeat","background-position":"center center","background-size":"auto","background-attachment":"scroll","background-type":"","background-media":"","overlay-type":"","overlay-color":"","overlay-opacity":"","overlay-gradient":""},"tablet":{"background-color":"var(--ast-global-color-5)","background-image":"","background-repeat":"repeat","background-position":"center center","background-size":"auto","background-attachment":"scroll","background-type":"","background-media":"","overlay-type":"","overlay-color":"","overlay-opacity":"","overlay-gradient":""},"mobile":{"background-color":"var(--ast-global-color-5)","background-image":"","background-repeat":"repeat","background-position":"center center","background-size":"auto","background-attachment":"scroll","background-type":"","background-media":"","overlay-type":"","overlay-color":"","overlay-opacity":"","overlay-gradient":""}},"footnotes":""},"class_list":["post-7389","page","type-page","status-publish","hentry"],"_links":{"self":[{"href":"https:\/\/www.kdriu.hu\/en\/wp-json\/wp\/v2\/pages\/7389","targetHints":{"allow":["GET"]}}],"collection":[{"href":"https:\/\/www.kdriu.hu\/en\/wp-json\/wp\/v2\/pages"}],"about":[{"href":"https:\/\/www.kdriu.hu\/en\/wp-json\/wp\/v2\/types\/page"}],"author":[{"embeddable":true,"href":"https:\/\/www.kdriu.hu\/en\/wp-json\/wp\/v2\/users\/1"}],"replies":[{"embeddable":true,"href":"https:\/\/www.kdriu.hu\/en\/wp-json\/wp\/v2\/comments?post=7389"}],"version-history":[{"count":22,"href":"https:\/\/www.kdriu.hu\/en\/wp-json\/wp\/v2\/pages\/7389\/revisions"}],"predecessor-version":[{"id":7415,"href":"https:\/\/www.kdriu.hu\/en\/wp-json\/wp\/v2\/pages\/7389\/revisions\/7415"}],"wp:attachment":[{"href":"https:\/\/www.kdriu.hu\/en\/wp-json\/wp\/v2\/media?parent=7389"}],"curies":[{"name":"wp","href":"https:\/\/api.w.org\/{rel}","templated":true}]}}